{"id":6271,"date":"2023-08-14T08:42:46","date_gmt":"2023-08-14T08:42:46","guid":{"rendered":"https:\/\/diligentplug.com\/chems\/?post_type=product&#038;p=6271"},"modified":"2026-03-03T05:55:29","modified_gmt":"2026-03-03T05:55:29","slug":"2-fea","status":"publish","type":"product","link":"https:\/\/rckopen.com\/fr\/produit\/2-fea\/","title":{"rendered":"Acheter 2-FEA en ligne"},"content":{"rendered":"<h2><b>2-FEA Online Kopen \u2013 Premium 2-Fluoroethylamphetamine Te Koop<\/b><\/h2>\n<p><span style=\"font-weight: 400;\">Vous cherchez \u00e0 <\/span><a href=\"https:\/\/en.wikipedia.org\/wiki\/2-Furylethylamine\"><b>Achetez 2-FEA en ligne<\/b><\/a><span style=\"font-weight: 400;\"> En toute s\u00e9curit\u00e9 et fiabilit\u00e9\u00a0? Notre 2-fluoro\u00e9thylamph\u00e9tamine (2-FEA) de haute qualit\u00e9 offre un m\u00e9lange unique d'effets stimulants et un profil chimique distinctif. Que vous soyez un consommateur exp\u00e9riment\u00e9 ou \u00e0 la recherche de nouvelles substances, la 2-FEA gagne en popularit\u00e9 dans le monde entier.<\/span><\/p>\n<h3><b>Qu'est-ce que l'analyse par \u00e9l\u00e9ments finis \u00e0 deux niveaux (2-FEA)\u00a0?<\/b><\/h3>\n<p><span style=\"font-weight: 400;\">La 2-FEA, ou 2-fluoro\u00e9thylamph\u00e9tamine, est un stimulant de synth\u00e8se chimiquement apparent\u00e9 aux amph\u00e9tamines. Elle appartient \u00e0 la famille des ph\u00e9n\u00e9thylamines substitu\u00e9es, connues pour leurs effets \u00e9nergisants, euphorisants et empathog\u00e8nes. Compar\u00e9e \u00e0 des substances similaires comme la 2-FA et l'amph\u00e9tamine classique, la 2-FEA offre une exp\u00e9rience \u00e9quilibr\u00e9e, avec de subtiles diff\u00e9rences d'effet et de dur\u00e9e.<\/span><\/p>\n<h3><b>Pourquoi l'analyse par \u00e9l\u00e9ments finis \u00e0 deux facteurs (2-FEA) devient-elle plus populaire\u00a0?<\/b><\/h3>\n<p><span style=\"font-weight: 400;\">Le 2-FEA est reconnu pour sa stimulation cibl\u00e9e et ses effets secondaires ma\u00eetrisables, ce qui explique sa popularit\u00e9 aupr\u00e8s des utilisateurs recherchant une \u00e9nergie fiable sans excitation excessive. Sa structure chimique unique en fait \u00e9galement un sujet d'int\u00e9r\u00eat pour la recherche et l'exp\u00e9rimentation personnelle. <strong><a href=\"https:\/\/rckopen.com\/fr\/\">RcKopen<\/a><\/strong><\/span><\/p>\n<h3><b>Statut juridique et r\u00e9glementation<\/b><\/h3>\n<p><span style=\"font-weight: 400;\">Avant vous <\/span><b>2-FEA command\u00e9 en ligne<\/b><span style=\"font-weight: 400;\">Il est important de v\u00e9rifier le statut l\u00e9gal dans votre pays. La r\u00e9glementation varie consid\u00e9rablement d'une r\u00e9gion \u00e0 l'autre\u00a0; assurez-vous donc de conna\u00eetre les lois locales concernant les produits chimiques de recherche afin d'\u00e9viter tout probl\u00e8me.<\/span><\/p>\n<h3><b>O\u00f9 acheter 2-FEA en ligne ?<\/b><\/h3>\n<p><span style=\"font-weight: 400;\">Il est essentiel de trouver un vendeur fiable. N'achetez 2-FEA que sur des plateformes r\u00e9put\u00e9es qui proposent des informations produits transparentes, des tests de laboratoire ind\u00e9pendants et des avis clients positifs. Les vendeurs fiables garantissent la qualit\u00e9, la confidentialit\u00e9 et une livraison s\u00e9curis\u00e9e.<\/span><\/p>\n<h3><b>Comment commander 2-FEA en ligne en toute s\u00e9curit\u00e9 ?<\/b><\/h3>\n<p><span style=\"font-weight: 400;\">Choisissez des vendeurs proposant un emballage discret et des modes de paiement s\u00e9curis\u00e9s comme les cryptomonnaies ou la carte bancaire. Privil\u00e9giez les options de livraison avec suivi pour suivre votre commande et garantir la confidentialit\u00e9 de vos informations.<\/span><\/p>\n<h3><b>Qualit\u00e9 et tests des produits<\/b><\/h3>\n<p><span style=\"font-weight: 400;\">Choisissez toujours un 2-FEA accompagn\u00e9 d'un certificat d'analyse (COA) d\u00e9livr\u00e9 par un laboratoire ind\u00e9pendant, attestant de sa puret\u00e9 et de l'absence de contaminants. \u00c9vitez les produits sans description claire ni rapport d'analyse, car cela peut indiquer une substance de mauvaise qualit\u00e9 ou dangereuse.<\/span><\/p>\n<h3><b>Conseils d'utilisation et pr\u00e9cautions<\/b><\/h3>\n<p><span style=\"font-weight: 400;\">Pour pr\u00e9server son efficacit\u00e9, conservez le 2-FEA dans un endroit frais et sec, \u00e0 l'abri de la lumi\u00e8re directe du soleil. Utilisez-le avec pr\u00e9caution en commen\u00e7ant par de faibles doses afin d'\u00e9valuer votre tol\u00e9rance et \u00e9vitez de le combiner avec d'autres substances. Soyez attentif aux effets secondaires possibles, tels qu'une augmentation du rythme cardiaque, de l'anxi\u00e9t\u00e9 ou de l'insomnie, et cessez l'utilisation en cas d'effets ind\u00e9sirables.<\/span><\/p>\n<h3><b>Conclusion<\/b><\/h3>\n<p><span style=\"font-weight: 400;\">Est-ce que tu veux <\/span><a href=\"https:\/\/rckopen.com\/fr\/produit\/2-fea\/\"><b>Acheter 2-FEA en ligne<\/b><\/a><span style=\"font-weight: 400;\"> tegen een <\/span><b>Prix \u200b\u200babordable pour une analyse par \u00e9l\u00e9ments finis (FEA) \u00e0 2 \u00e9l\u00e9ments<\/b><span style=\"font-weight: 400;\"> Vous ne voulez pas faire de compromis sur la qualit\u00e9 ? Alors choisissez des vendeurs \u00e0 la r\u00e9putation \u00e9tablie et dont les r\u00e9sultats des tests en laboratoire sont v\u00e9rifi\u00e9s. Nous vous proposons\u2026 <b>meilleur endroit pour acheter 2-FEA<\/b><\/span><span style=\"font-weight: 400;\">, avec une livraison s\u00e9curis\u00e9e, un excellent service client et des produits de haute qualit\u00e9.<\/span><\/p>","protected":false},"excerpt":{"rendered":"<p><strong>Nom IUPAC : <\/strong>N-\u00e9thyl-2-fluoro-\u03b1-m\u00e9thyl-benz\u00e8ne\u00e9thanamine, monohydrochloride<\/p>\n<p><strong>CAS # <\/strong>3871-89-4<\/p>\n<p><strong>Autre nom : <\/strong>2-Fluoro\u00e9thylamph\u00e9tamine<\/p>\n<p><strong>Forme : <\/strong>poudre<\/p>","protected":false},"featured_media":6325,"comment_status":"open","ping_status":"closed","template":"","meta":{"_joinchat":[]},"product_brand":[],"product_cat":[127],"product_tag":[],"class_list":{"0":"post-6271","1":"product","2":"type-product","3":"status-publish","4":"has-post-thumbnail","6":"product_cat-amfetamine","8":"first","9":"instock","10":"shipping-taxable","11":"purchasable","12":"product-type-variable"},"yoast_head":"<!-- This site is optimized with the Yoast SEO plugin v26.3 - https:\/\/yoast.com\/wordpress\/plugins\/seo\/ -->\n<title>2-FEA online kopen - 2-FEA online te kopen<\/title>\n<meta name=\"description\" content=\"In onze Rc kopen winkel kun je 2-fea goedkoop bestellen. Wij werken alleen met A-kwaliteit producten. nu 2-fea online kopen , 2-FEA kopen\" \/>\n<meta name=\"robots\" content=\"index, follow, max-snippet:-1, max-image-preview:large, max-video-preview:-1\" \/>\n<link rel=\"canonical\" href=\"https:\/\/rckopen.com\/fr\/produit\/2-fea\/\" \/>\n<meta property=\"og:locale\" content=\"fr_FR\" \/>\n<meta property=\"og:type\" content=\"article\" \/>\n<meta property=\"og:title\" content=\"2-FEA online kopen - 2-FEA online te kopen\" \/>\n<meta property=\"og:description\" content=\"In onze Rc kopen winkel kun je 2-fea goedkoop bestellen. Wij werken alleen met A-kwaliteit producten. nu 2-fea online kopen , 2-FEA kopen\" \/>\n<meta property=\"og:url\" content=\"https:\/\/rckopen.com\/fr\/produit\/2-fea\/\" \/>\n<meta property=\"og:site_name\" content=\"RC Kopen\" \/>\n<meta property=\"article:modified_time\" content=\"2026-03-03T05:55:29+00:00\" \/>\n<meta property=\"og:image\" content=\"https:\/\/rckopen.com\/wp-content\/uploads\/2023\/08\/2-FEA.jpg\" \/>\n\t<meta property=\"og:image:width\" content=\"600\" \/>\n\t<meta property=\"og:image:height\" content=\"600\" \/>\n\t<meta property=\"og:image:type\" content=\"image\/jpeg\" \/>\n<meta name=\"twitter:card\" content=\"summary_large_image\" \/>\n<meta name=\"twitter:label1\" content=\"Dur\u00e9e de lecture estim\u00e9e\" \/>\n\t<meta name=\"twitter:data1\" content=\"2 minutes\" \/>\n<script type=\"application\/ld+json\" class=\"yoast-schema-graph\">{\"@context\":\"https:\/\/schema.org\",\"@graph\":[{\"@type\":\"WebPage\",\"@id\":\"https:\/\/rckopen.com\/product\/2-fea\/\",\"url\":\"https:\/\/rckopen.com\/product\/2-fea\/\",\"name\":\"2-FEA online kopen - 2-FEA online te kopen\",\"isPartOf\":{\"@id\":\"https:\/\/rckopen.com\/#website\"},\"primaryImageOfPage\":{\"@id\":\"https:\/\/rckopen.com\/product\/2-fea\/#primaryimage\"},\"image\":{\"@id\":\"https:\/\/rckopen.com\/product\/2-fea\/#primaryimage\"},\"thumbnailUrl\":\"https:\/\/rckopen.com\/wp-content\/uploads\/2023\/08\/2-FEA.jpg\",\"datePublished\":\"2023-08-14T08:42:46+00:00\",\"dateModified\":\"2026-03-03T05:55:29+00:00\",\"description\":\"In onze Rc kopen winkel kun je 2-fea goedkoop bestellen. Wij werken alleen met A-kwaliteit producten. nu 2-fea online kopen , 2-FEA kopen\",\"breadcrumb\":{\"@id\":\"https:\/\/rckopen.com\/product\/2-fea\/#breadcrumb\"},\"inLanguage\":\"fr-FR\",\"potentialAction\":[{\"@type\":\"ReadAction\",\"target\":[\"https:\/\/rckopen.com\/product\/2-fea\/\"]}]},{\"@type\":\"ImageObject\",\"inLanguage\":\"fr-FR\",\"@id\":\"https:\/\/rckopen.com\/product\/2-fea\/#primaryimage\",\"url\":\"https:\/\/rckopen.com\/wp-content\/uploads\/2023\/08\/2-FEA.jpg\",\"contentUrl\":\"https:\/\/rckopen.com\/wp-content\/uploads\/2023\/08\/2-FEA.jpg\",\"width\":600,\"height\":600,\"caption\":\"2-FEA Online Kopen\"},{\"@type\":\"BreadcrumbList\",\"@id\":\"https:\/\/rckopen.com\/product\/2-fea\/#breadcrumb\",\"itemListElement\":[{\"@type\":\"ListItem\",\"position\":1,\"name\":\"Home\",\"item\":\"https:\/\/rckopen.com\/\"},{\"@type\":\"ListItem\",\"position\":2,\"name\":\"Shop\",\"item\":\"https:\/\/rckopen.com\/shop\/\"},{\"@type\":\"ListItem\",\"position\":3,\"name\":\"2-FEA Online Kopen\"}]},{\"@type\":\"WebSite\",\"@id\":\"https:\/\/rckopen.com\/#website\",\"url\":\"https:\/\/rckopen.com\/\",\"name\":\"RC Kopen\",\"description\":\"Research Chemicals\",\"potentialAction\":[{\"@type\":\"SearchAction\",\"target\":{\"@type\":\"EntryPoint\",\"urlTemplate\":\"https:\/\/rckopen.com\/?s={search_term_string}\"},\"query-input\":{\"@type\":\"PropertyValueSpecification\",\"valueRequired\":true,\"valueName\":\"search_term_string\"}}],\"inLanguage\":\"fr-FR\"}]}<\/script>\n<!-- \/ Yoast SEO plugin. -->","yoast_head_json":{"title":"2-FEA online kopen - 2-FEA online te kopen","description":"In onze Rc kopen winkel kun je 2-fea goedkoop bestellen. Wij werken alleen met A-kwaliteit producten. nu 2-fea online kopen , 2-FEA kopen","robots":{"index":"index","follow":"follow","max-snippet":"max-snippet:-1","max-image-preview":"max-image-preview:large","max-video-preview":"max-video-preview:-1"},"canonical":"https:\/\/rckopen.com\/fr\/produit\/2-fea\/","og_locale":"fr_FR","og_type":"article","og_title":"2-FEA online kopen - 2-FEA online te kopen","og_description":"In onze Rc kopen winkel kun je 2-fea goedkoop bestellen. Wij werken alleen met A-kwaliteit producten. nu 2-fea online kopen , 2-FEA kopen","og_url":"https:\/\/rckopen.com\/fr\/produit\/2-fea\/","og_site_name":"RC Kopen","article_modified_time":"2026-03-03T05:55:29+00:00","og_image":[{"width":600,"height":600,"url":"https:\/\/rckopen.com\/wp-content\/uploads\/2023\/08\/2-FEA.jpg","type":"image\/jpeg"}],"twitter_card":"summary_large_image","twitter_misc":{"Dur\u00e9e de lecture estim\u00e9e":"2 minutes"},"schema":{"@context":"https:\/\/schema.org","@graph":[{"@type":"WebPage","@id":"https:\/\/rckopen.com\/product\/2-fea\/","url":"https:\/\/rckopen.com\/product\/2-fea\/","name":"2-FEA online kopen - 2-FEA online te kopen","isPartOf":{"@id":"https:\/\/rckopen.com\/#website"},"primaryImageOfPage":{"@id":"https:\/\/rckopen.com\/product\/2-fea\/#primaryimage"},"image":{"@id":"https:\/\/rckopen.com\/product\/2-fea\/#primaryimage"},"thumbnailUrl":"https:\/\/rckopen.com\/wp-content\/uploads\/2023\/08\/2-FEA.jpg","datePublished":"2023-08-14T08:42:46+00:00","dateModified":"2026-03-03T05:55:29+00:00","description":"In onze Rc kopen winkel kun je 2-fea goedkoop bestellen. Wij werken alleen met A-kwaliteit producten. nu 2-fea online kopen , 2-FEA kopen","breadcrumb":{"@id":"https:\/\/rckopen.com\/product\/2-fea\/#breadcrumb"},"inLanguage":"fr-FR","potentialAction":[{"@type":"ReadAction","target":["https:\/\/rckopen.com\/product\/2-fea\/"]}]},{"@type":"ImageObject","inLanguage":"fr-FR","@id":"https:\/\/rckopen.com\/product\/2-fea\/#primaryimage","url":"https:\/\/rckopen.com\/wp-content\/uploads\/2023\/08\/2-FEA.jpg","contentUrl":"https:\/\/rckopen.com\/wp-content\/uploads\/2023\/08\/2-FEA.jpg","width":600,"height":600,"caption":"2-FEA Online Kopen"},{"@type":"BreadcrumbList","@id":"https:\/\/rckopen.com\/product\/2-fea\/#breadcrumb","itemListElement":[{"@type":"ListItem","position":1,"name":"Home","item":"https:\/\/rckopen.com\/"},{"@type":"ListItem","position":2,"name":"Shop","item":"https:\/\/rckopen.com\/shop\/"},{"@type":"ListItem","position":3,"name":"2-FEA Online Kopen"}]},{"@type":"WebSite","@id":"https:\/\/rckopen.com\/#website","url":"https:\/\/rckopen.com\/","name":"RC Kopen","description":"Research Chemicals","potentialAction":[{"@type":"SearchAction","target":{"@type":"EntryPoint","urlTemplate":"https:\/\/rckopen.com\/?s={search_term_string}"},"query-input":{"@type":"PropertyValueSpecification","valueRequired":true,"valueName":"search_term_string"}}],"inLanguage":"fr-FR"}]}},"_links":{"self":[{"href":"https:\/\/rckopen.com\/fr\/wp-json\/wp\/v2\/product\/6271","targetHints":{"allow":["GET"]}}],"collection":[{"href":"https:\/\/rckopen.com\/fr\/wp-json\/wp\/v2\/product"}],"about":[{"href":"https:\/\/rckopen.com\/fr\/wp-json\/wp\/v2\/types\/product"}],"replies":[{"embeddable":true,"href":"https:\/\/rckopen.com\/fr\/wp-json\/wp\/v2\/comments?post=6271"}],"wp:featuredmedia":[{"embeddable":true,"href":"https:\/\/rckopen.com\/fr\/wp-json\/wp\/v2\/media\/6325"}],"wp:attachment":[{"href":"https:\/\/rckopen.com\/fr\/wp-json\/wp\/v2\/media?parent=6271"}],"wp:term":[{"taxonomy":"product_brand","embeddable":true,"href":"https:\/\/rckopen.com\/fr\/wp-json\/wp\/v2\/product_brand?post=6271"},{"taxonomy":"product_cat","embeddable":true,"href":"https:\/\/rckopen.com\/fr\/wp-json\/wp\/v2\/product_cat?post=6271"},{"taxonomy":"product_tag","embeddable":true,"href":"https:\/\/rckopen.com\/fr\/wp-json\/wp\/v2\/product_tag?post=6271"}],"curies":[{"name":"wp","href":"https:\/\/api.w.org\/{rel}","templated":true}]}}