{"id":6272,"date":"2023-08-14T08:45:05","date_gmt":"2023-08-14T08:45:05","guid":{"rendered":"https:\/\/diligentplug.com\/chems\/?post_type=product&#038;p=6272"},"modified":"2025-02-06T06:34:26","modified_gmt":"2025-02-06T06:34:26","slug":"pyrazolam","status":"publish","type":"product","link":"https:\/\/rckopen.com\/fr\/produit\/pyrazolam\/","title":{"rendered":"Acheter du pyrazolam en ligne"},"content":{"rendered":"<h2>Acheter du pyrazolam en ligne<\/h2>\n<p>Livraison exceptionnellement discr\u00e8te du meilleur <a href=\"https:\/\/rckopen.com\/fr\/produit\/pyrazolam\/\">Granul\u00e9s de pyrazolam<\/a> (25x3mg).<\/p>\n<p>La journ\u00e9e de travail \u00e0 19h30 est tout simplement fantastique !<\/p>\n<p>Avertissement : Nous n\u2019achetons pas \u00e0 des personnes de moins de 21 ans.<\/p>\n<p>Ce produit, Pyrazolam Pellets (25x3mg), peut \u00eatre nocif et ne convient pas \u00e0 la consommation. Soyez conscient que le non-respect de nos consignes de s\u00e9curit\u00e9 peut entra\u00eener de graves risques pour la sant\u00e9. Seriez-vous int\u00e9ress\u00e9 par nos r\u00e8gles de s\u00e9curit\u00e9 ?<\/p>\n<h3>Acheter du pyrazolam en ligne<\/h3>\n<p>Le pyrazolam a \u00e9t\u00e9 introduit pour la premi\u00e8re fois en 1976 et a \u00e9t\u00e9 mis en vente en 2016. Comme le bromazolam, le norfluraz\u00e9pam et le deschloro\u00e9tizolam, le pyrazolam est chimiquement similaire aux benzodiaz\u00e9pines. Nous vendons des pastilles de pyrazolam en morceaux de 25x 3mg. Un tel produit est id\u00e9al pour les onderzoeksdoeleinden et n'est certainement pas adapt\u00e9 \u00e0 la consommation. Avant de le construire, il \u00e9tait enfant et femme au foyer. Merci d'utiliser les clauses contractuelles types de notre site Web. Nous exp\u00e9dions tous nos produits dans tous les Pays-Bas. <a href=\"https:\/\/rckopen.com\/fr\/\">RC Kopen<\/a><\/p>\n<h3>\u00c9limination du pyrazolam<\/h3>\n<p>Les granul\u00e9s de pyrazolam sont conditionn\u00e9s dans des sachets de diff\u00e9rentes couleurs et \u00e9paisseurs :<br \/>\nOr = deux, Violet = cinq, Bleu = dix, Noir = vingt-cinq, Argent = un.<\/p>\n<p>Consultez la notice ici.<br \/>\nIci, chez V.I.B.<\/p>","protected":false},"excerpt":{"rendered":"<p><strong>Nom IUPAC : <\/strong>8-Bromo-1-methyl-6-(pyridin-2-yl)-4H-[1,2,4]triazolo[4,3-a][1,4]benzodiazepine<\/p>\n<p><strong>CAS # <\/strong>39243-02-2<\/p>\n<p><strong>Apparence : <\/strong>poudre<\/p>\n<p><strong>Forme : <\/strong>poudre<\/p>\n<p><strong>Analyse RMN : <\/strong>C16H12BrN5<\/p>","protected":false},"featured_media":6326,"comment_status":"open","ping_status":"closed","template":"","meta":{"_joinchat":[]},"product_brand":[],"product_cat":[128],"product_tag":[],"class_list":{"0":"post-6272","1":"product","2":"type-product","3":"status-publish","4":"has-post-thumbnail","6":"product_cat-benzodiazepinen","8":"first","9":"instock","10":"shipping-taxable","11":"purchasable","12":"product-type-variable"},"yoast_head":"<!-- This site is optimized with the Yoast SEO plugin v26.3 - https:\/\/yoast.com\/wordpress\/plugins\/seo\/ -->\n<title>Pyrazolam online kopen - Pyrazolam te koop | RC Kopen<\/title>\n<meta name=\"description\" content=\"Pyrazolam online kopen in onze vertrouwde RC Kopen-winkel. Hier is de kans om Pyrazolam te koop te kopen tegen goedkope prijzen. Plaats uw bestelling en ontvang uw product op tijd.\" \/>\n<meta name=\"robots\" content=\"index, follow, max-snippet:-1, max-image-preview:large, max-video-preview:-1\" \/>\n<link rel=\"canonical\" href=\"https:\/\/rckopen.com\/fr\/produit\/pyrazolam\/\" \/>\n<meta property=\"og:locale\" content=\"fr_FR\" \/>\n<meta property=\"og:type\" content=\"article\" \/>\n<meta property=\"og:title\" content=\"Pyrazolam online kopen - Pyrazolam te koop | RC Kopen\" \/>\n<meta property=\"og:description\" content=\"Pyrazolam online kopen in onze vertrouwde RC Kopen-winkel. Hier is de kans om Pyrazolam te koop te kopen tegen goedkope prijzen. Plaats uw bestelling en ontvang uw product op tijd.\" \/>\n<meta property=\"og:url\" content=\"https:\/\/rckopen.com\/fr\/produit\/pyrazolam\/\" \/>\n<meta property=\"og:site_name\" content=\"RC Kopen\" \/>\n<meta property=\"article:modified_time\" content=\"2025-02-06T06:34:26+00:00\" \/>\n<meta property=\"og:image\" content=\"https:\/\/rckopen.com\/wp-content\/uploads\/2023\/08\/Pyrazolam.jpg\" \/>\n\t<meta property=\"og:image:width\" content=\"600\" \/>\n\t<meta property=\"og:image:height\" content=\"600\" \/>\n\t<meta property=\"og:image:type\" content=\"image\/jpeg\" \/>\n<meta name=\"twitter:card\" content=\"summary_large_image\" \/>\n<meta name=\"twitter:label1\" content=\"Dur\u00e9e de lecture estim\u00e9e\" \/>\n\t<meta name=\"twitter:data1\" content=\"1 minute\" \/>\n<script type=\"application\/ld+json\" class=\"yoast-schema-graph\">{\"@context\":\"https:\/\/schema.org\",\"@graph\":[{\"@type\":\"WebPage\",\"@id\":\"https:\/\/rckopen.com\/product\/pyrazolam\/\",\"url\":\"https:\/\/rckopen.com\/product\/pyrazolam\/\",\"name\":\"Pyrazolam online kopen - Pyrazolam te koop | RC Kopen\",\"isPartOf\":{\"@id\":\"https:\/\/rckopen.com\/#website\"},\"primaryImageOfPage\":{\"@id\":\"https:\/\/rckopen.com\/product\/pyrazolam\/#primaryimage\"},\"image\":{\"@id\":\"https:\/\/rckopen.com\/product\/pyrazolam\/#primaryimage\"},\"thumbnailUrl\":\"https:\/\/rckopen.com\/wp-content\/uploads\/2023\/08\/Pyrazolam.jpg\",\"datePublished\":\"2023-08-14T08:45:05+00:00\",\"dateModified\":\"2025-02-06T06:34:26+00:00\",\"description\":\"Pyrazolam online kopen in onze vertrouwde RC Kopen-winkel. Hier is de kans om Pyrazolam te koop te kopen tegen goedkope prijzen. Plaats uw bestelling en ontvang uw product op tijd.\",\"breadcrumb\":{\"@id\":\"https:\/\/rckopen.com\/product\/pyrazolam\/#breadcrumb\"},\"inLanguage\":\"fr-FR\",\"potentialAction\":[{\"@type\":\"ReadAction\",\"target\":[\"https:\/\/rckopen.com\/product\/pyrazolam\/\"]}]},{\"@type\":\"ImageObject\",\"inLanguage\":\"fr-FR\",\"@id\":\"https:\/\/rckopen.com\/product\/pyrazolam\/#primaryimage\",\"url\":\"https:\/\/rckopen.com\/wp-content\/uploads\/2023\/08\/Pyrazolam.jpg\",\"contentUrl\":\"https:\/\/rckopen.com\/wp-content\/uploads\/2023\/08\/Pyrazolam.jpg\",\"width\":600,\"height\":600,\"caption\":\"Pyrazolam online kopen\"},{\"@type\":\"BreadcrumbList\",\"@id\":\"https:\/\/rckopen.com\/product\/pyrazolam\/#breadcrumb\",\"itemListElement\":[{\"@type\":\"ListItem\",\"position\":1,\"name\":\"Home\",\"item\":\"https:\/\/rckopen.com\/\"},{\"@type\":\"ListItem\",\"position\":2,\"name\":\"Shop\",\"item\":\"https:\/\/rckopen.com\/shop\/\"},{\"@type\":\"ListItem\",\"position\":3,\"name\":\"Pyrazolam online kopen\"}]},{\"@type\":\"WebSite\",\"@id\":\"https:\/\/rckopen.com\/#website\",\"url\":\"https:\/\/rckopen.com\/\",\"name\":\"RC Kopen\",\"description\":\"Research Chemicals\",\"potentialAction\":[{\"@type\":\"SearchAction\",\"target\":{\"@type\":\"EntryPoint\",\"urlTemplate\":\"https:\/\/rckopen.com\/?s={search_term_string}\"},\"query-input\":{\"@type\":\"PropertyValueSpecification\",\"valueRequired\":true,\"valueName\":\"search_term_string\"}}],\"inLanguage\":\"fr-FR\"}]}<\/script>\n<!-- \/ Yoast SEO plugin. -->","yoast_head_json":{"title":"Pyrazolam online kopen - Pyrazolam te koop | RC Kopen","description":"Pyrazolam online kopen in onze vertrouwde RC Kopen-winkel. Hier is de kans om Pyrazolam te koop te kopen tegen goedkope prijzen. Plaats uw bestelling en ontvang uw product op tijd.","robots":{"index":"index","follow":"follow","max-snippet":"max-snippet:-1","max-image-preview":"max-image-preview:large","max-video-preview":"max-video-preview:-1"},"canonical":"https:\/\/rckopen.com\/fr\/produit\/pyrazolam\/","og_locale":"fr_FR","og_type":"article","og_title":"Pyrazolam online kopen - Pyrazolam te koop | RC Kopen","og_description":"Pyrazolam online kopen in onze vertrouwde RC Kopen-winkel. Hier is de kans om Pyrazolam te koop te kopen tegen goedkope prijzen. Plaats uw bestelling en ontvang uw product op tijd.","og_url":"https:\/\/rckopen.com\/fr\/produit\/pyrazolam\/","og_site_name":"RC Kopen","article_modified_time":"2025-02-06T06:34:26+00:00","og_image":[{"width":600,"height":600,"url":"https:\/\/rckopen.com\/wp-content\/uploads\/2023\/08\/Pyrazolam.jpg","type":"image\/jpeg"}],"twitter_card":"summary_large_image","twitter_misc":{"Dur\u00e9e de lecture estim\u00e9e":"1 minute"},"schema":{"@context":"https:\/\/schema.org","@graph":[{"@type":"WebPage","@id":"https:\/\/rckopen.com\/product\/pyrazolam\/","url":"https:\/\/rckopen.com\/product\/pyrazolam\/","name":"Pyrazolam online kopen - Pyrazolam te koop | RC Kopen","isPartOf":{"@id":"https:\/\/rckopen.com\/#website"},"primaryImageOfPage":{"@id":"https:\/\/rckopen.com\/product\/pyrazolam\/#primaryimage"},"image":{"@id":"https:\/\/rckopen.com\/product\/pyrazolam\/#primaryimage"},"thumbnailUrl":"https:\/\/rckopen.com\/wp-content\/uploads\/2023\/08\/Pyrazolam.jpg","datePublished":"2023-08-14T08:45:05+00:00","dateModified":"2025-02-06T06:34:26+00:00","description":"Pyrazolam online kopen in onze vertrouwde RC Kopen-winkel. Hier is de kans om Pyrazolam te koop te kopen tegen goedkope prijzen. Plaats uw bestelling en ontvang uw product op tijd.","breadcrumb":{"@id":"https:\/\/rckopen.com\/product\/pyrazolam\/#breadcrumb"},"inLanguage":"fr-FR","potentialAction":[{"@type":"ReadAction","target":["https:\/\/rckopen.com\/product\/pyrazolam\/"]}]},{"@type":"ImageObject","inLanguage":"fr-FR","@id":"https:\/\/rckopen.com\/product\/pyrazolam\/#primaryimage","url":"https:\/\/rckopen.com\/wp-content\/uploads\/2023\/08\/Pyrazolam.jpg","contentUrl":"https:\/\/rckopen.com\/wp-content\/uploads\/2023\/08\/Pyrazolam.jpg","width":600,"height":600,"caption":"Pyrazolam online kopen"},{"@type":"BreadcrumbList","@id":"https:\/\/rckopen.com\/product\/pyrazolam\/#breadcrumb","itemListElement":[{"@type":"ListItem","position":1,"name":"Home","item":"https:\/\/rckopen.com\/"},{"@type":"ListItem","position":2,"name":"Shop","item":"https:\/\/rckopen.com\/shop\/"},{"@type":"ListItem","position":3,"name":"Pyrazolam online kopen"}]},{"@type":"WebSite","@id":"https:\/\/rckopen.com\/#website","url":"https:\/\/rckopen.com\/","name":"RC Kopen","description":"Research Chemicals","potentialAction":[{"@type":"SearchAction","target":{"@type":"EntryPoint","urlTemplate":"https:\/\/rckopen.com\/?s={search_term_string}"},"query-input":{"@type":"PropertyValueSpecification","valueRequired":true,"valueName":"search_term_string"}}],"inLanguage":"fr-FR"}]}},"_links":{"self":[{"href":"https:\/\/rckopen.com\/fr\/wp-json\/wp\/v2\/product\/6272","targetHints":{"allow":["GET"]}}],"collection":[{"href":"https:\/\/rckopen.com\/fr\/wp-json\/wp\/v2\/product"}],"about":[{"href":"https:\/\/rckopen.com\/fr\/wp-json\/wp\/v2\/types\/product"}],"replies":[{"embeddable":true,"href":"https:\/\/rckopen.com\/fr\/wp-json\/wp\/v2\/comments?post=6272"}],"wp:featuredmedia":[{"embeddable":true,"href":"https:\/\/rckopen.com\/fr\/wp-json\/wp\/v2\/media\/6326"}],"wp:attachment":[{"href":"https:\/\/rckopen.com\/fr\/wp-json\/wp\/v2\/media?parent=6272"}],"wp:term":[{"taxonomy":"product_brand","embeddable":true,"href":"https:\/\/rckopen.com\/fr\/wp-json\/wp\/v2\/product_brand?post=6272"},{"taxonomy":"product_cat","embeddable":true,"href":"https:\/\/rckopen.com\/fr\/wp-json\/wp\/v2\/product_cat?post=6272"},{"taxonomy":"product_tag","embeddable":true,"href":"https:\/\/rckopen.com\/fr\/wp-json\/wp\/v2\/product_tag?post=6272"}],"curies":[{"name":"wp","href":"https:\/\/api.w.org\/{rel}","templated":true}]}}