{"id":6335,"date":"2023-08-14T10:37:18","date_gmt":"2023-08-14T10:37:18","guid":{"rendered":"https:\/\/diligentplug.com\/chems\/?post_type=product&#038;p=6335"},"modified":"2025-02-03T05:49:16","modified_gmt":"2025-02-03T05:49:16","slug":"bromonordiazepam","status":"publish","type":"product","link":"https:\/\/rckopen.com\/fr\/produit\/bromonordiazepam\/","title":{"rendered":"acheter du bromonordiaz\u00e9pam en ligne"},"content":{"rendered":"<h2>Algemene informatie Bromonordiazepam online kopen<\/h2>\n<p>Le bromaz\u00e9pam est une benzodiaz\u00e9pine. Il s'agit principalement d'un anxiolytique dont les effets sont similaires \u00e0 ceux du diaz\u00e9pam (valium). Le bromaz\u00e9pam n'est pas seulement utilis\u00e9 pour traiter la tension ou la rage, mais peut \u00e9galement \u00eatre utilis\u00e9 comme pr\u00e9m\u00e9dication avant une intervention m\u00e9dicale mineure. Le bromaz\u00e9pam se pr\u00e9sente r\u00e9guli\u00e8rement sous la forme de comprim\u00e9s de 3 mg et de 6 mg.<\/p>\n<p>Il a \u00e9t\u00e9 homologu\u00e9 par Roche en 1961 et son utilisation clinique a \u00e9t\u00e9 approuv\u00e9e en 1974.<\/p>\n<p>Apr\u00e8s l'administration de bromaz\u00e9pam pendant la nuit, une tr\u00e8s forte r\u00e9duction de la s\u00e9cr\u00e9tion d'acide gastrique se produit pendant le repos, suivie d'un rebond exceptionnellement critique de la substance test de l'acide gastrique le jour suivant.<\/p>\n<h3>Composition chimique du bromonordiaz\u00e9pam<\/h3>\n<p>Son nom conventionnel est 7-bromo-1,3-dihydro-5-ph\u00e9nyl-2H-1,4-benzodiaz\u00e9pine-2-on. L'\u00e9quation mol\u00e9culaire du bromaz\u00e9pam est C15H11BrN2O. Le bromaz\u00e9pam est une norme de r\u00e9f\u00e9rence scientifique class\u00e9e comme m\u00e9tabolite de la benzodiaz\u00e9pine.1 Le desalkylgidaz\u00e9pam est un m\u00e9tabolite du gidaz\u00e9pam. Ce compos\u00e9 d'exploration est pr\u00e9vu pour des applications m\u00e9dico-l\u00e9gales et de recherche.<\/p>\n<h3>Pharmacologie du bromonordiaz\u00e9pam<\/h3>\n<p>Le bromaz\u00e9pam est une benzodiaz\u00e9pine \"classique\" ; les autres benzodiaz\u00e9pines anciennes comprennent : le diaz\u00e9pam, le clonaz\u00e9pam, l'oxaz\u00e9pam, le loraz\u00e9pam, le nitraz\u00e9pam, le fluraz\u00e9pam et le cloraz\u00e9pate. La structure mol\u00e9culaire est constitu\u00e9e d'une diaz\u00e9pine associ\u00e9e \u00e0 un anneau benz\u00e9nique et \u00e0 un anneau pyridinique, l'anneau benz\u00e9nique ayant une particule d'azote solitaire qui remplace l'une des mol\u00e9cules de carbone dans la structure de l'anneau. Il s'agit d'une 1,4-benzodiaz\u00e9pine, ce qui signifie que les atomes d'azote de l'anneau diaz\u00e9pine \u00e0 sept c\u00f4t\u00e9s sont en positions 1 et 4.<\/p>\n<p>Le bromaz\u00e9pam se lie au r\u00e9cepteur GABA GABAA, provoquant un changement de conformation et prolongeant les effets inhibiteurs du GABA. Il agit comme un modulateur positif et d\u00e9veloppe la r\u00e9ponse du r\u00e9cepteur lorsqu'elle est initi\u00e9e par le GABA lui-m\u00eame ou par un agoniste (tel que la liqueur). Contrairement au barbital, les BZD ne sont pas des activateurs des r\u00e9cepteurs GABA et s'appuient sur l'extension de l'activit\u00e9 biologique de la synapse. Le bromaz\u00e9pam est une benzodiaz\u00e9pine semi-active, mod\u00e9r\u00e9ment lipophile contrairement \u00e0 d'autres substances de son groupe et utilis\u00e9e par des voies oxydatives dans le foie. Il n'a pas de propri\u00e9t\u00e9s stimulantes ou antipsychotiques.<\/p>\n<h3>Achetez de la poudre de bromonordiaz\u00e9pam de haute qualit\u00e9 en ligne<\/h3>\n<p>RC Buy a de nombreuses ann\u00e9es d'exp\u00e9rience dans l'industrie de la conception de produits chimiques de recherche, ce qui nous permet de garantir la plus haute qualit\u00e9 de ces produits chimiques de recherche. L'\u00e9quipe de recherche chimique vend du bromonordiazepam et des pastilles de 2,5 mg. Les produits chimiques de recherche, y compris le bromonordiaz\u00e9pam, r\u00e9pondent \u00e0 toutes les exigences de s\u00e9curit\u00e9. Les produits chimiques de recherche sont soigneusement distribu\u00e9s et stock\u00e9s dans un endroit frais et sec.<\/p>\n<p>La qualit\u00e9, la puret\u00e9 et la s\u00e9curit\u00e9 de tous les produits sont r\u00e9guli\u00e8rement contr\u00f4l\u00e9es. Conservez toujours le bromonordiaz\u00e9pam \u00e0 temp\u00e9rature ambiante et hors de port\u00e9e des enfants et des animaux domestiques. Notre bromonordiaz\u00e9pam n'est pas destin\u00e9 \u00e0 un usage personnel. Il est destin\u00e9 uniquement \u00e0 la recherche.<\/p>\n<p>Il ne doit pas \u00eatre m\u00e9lang\u00e9 avec de l'alcool ou des produits chimiques de recherche lors de l'\u00e9tude de ce produit chimique de recherche!Buy bromonordizepam powder online RC Buy. Tous nos produits ont un prix \u00e9quitable !<\/p>\n<h3>Le laboratoire a test\u00e9 le bromonordiaz\u00e9pam avec des r\u00e9sultats.<\/h3>\n<p>R\u00e9aliser de nouveaux progr\u00e8s pour satisfaire l'ensemble de ses clients. Plusieurs enqu\u00eates ont montr\u00e9 que les clients demandent autant de donn\u00e9es que pr\u00e9vu avant d'acheter des produits chimiques de recherche synth\u00e9tiques. En outre, nous publions toutes les cons\u00e9quences en laboratoire de chaque produit chimique de recherche dans un document PDF.<\/p>\n<p>Notre bromonordiazepam respecte syst\u00e9matiquement les principes actifs et est clairement visible.<\/p>\n<p>Nous distribuons toutes les cons\u00e9quences de laboratoire de chaque produit chimique de recherche sur un document PDF.<\/p>\n<h3>Commande s\u00e9curis\u00e9e sur bromonordiazepam.<\/h3>\n<p>Les produits chimiques de recherche de conception RCKOPEN sont d'excellente qualit\u00e9 et ont un prix \u00e9quitable. Par cons\u00e9quent, lorsque vous demandez vos produits chimiques de recherche \u00e0 TRRC SHOP, nous vous garantissons que nous enverrons votre demande \u00e0 votre laboratoire de recherche rapidement et en toute s\u00e9curit\u00e9, car les ventes de produits chimiques de recherche sont toujours disponibles sur RCKOPEN.<\/p>\n<p>Demander des compos\u00e9s de recherche synth\u00e9tiques avec Bitcoin ou virement bancaire est facile sur RCKOPEN.<\/p>\n<p>Nous exp\u00e9dions les produits chimiques de recherche le m\u00eame jour ouvrable si le paiement est re\u00e7u avant 15:00 CEST.<\/p>\n<p>Nous ne livrons pas d'articles aux personnes \u00e2g\u00e9es de moins de 18 ans !<\/p>\n<p>bromonordiazepam for sale est destin\u00e9 \u00e0 des fins de recherche uniquement.<\/p>\n<h3>Exp\u00e9dition discr\u00e8te de produits chimiques destin\u00e9s \u00e0 la recherche.<\/h3>\n<p>RCKOPEN exp\u00e9diera votre commandeAchetez Bromonor Diazepam en ligne \u2013 Bromonor Diazepam \u00e0 vendre | RC Achetez en toute s\u00e9curit\u00e9 et emballez soigneusement pour assurer un bon transport. De plus, nous emballons de mani\u00e8re parfaitement discr\u00e8te, et rien n'est visible \u00e0 l'ext\u00e9rieur de ce qui pourrait se trouver \u00e0 l'int\u00e9rieur.<\/p>","protected":false},"excerpt":{"rendered":"<p><strong>Nom IUPAC : <\/strong>7-bromo-5-phenyl-1,3-dihydro-1,4-benzodiazepin-2-one<\/p>\n<p><strong>CAS # <\/strong>2894-61-3<\/p>\n<p><strong>Autre nom : <\/strong>desalkylgidaz\u00e9pam<\/p>\n<p><strong>Forme : <\/strong>poudre<\/p>\n<p><strong>Analyse RMN : <\/strong>C15H11BrN2O<\/p>","protected":false},"featured_media":6351,"comment_status":"open","ping_status":"closed","template":"","meta":{"_joinchat":[]},"product_brand":[],"product_cat":[128],"product_tag":[],"class_list":{"0":"post-6335","1":"product","2":"type-product","3":"status-publish","4":"has-post-thumbnail","6":"product_cat-benzodiazepinen","8":"first","9":"instock","10":"shipping-taxable","11":"purchasable","12":"product-type-variable"},"yoast_head":"<!-- This site is optimized with the Yoast SEO plugin v26.3 - https:\/\/yoast.com\/wordpress\/plugins\/seo\/ -->\n<title>Koop Bromonor Diazepam online - Bromonor Diazepam te koop | RC Kopen<\/title>\n<meta name=\"description\" content=\"U kunt Bromonordiazepam te koop krijgen in onze winkel en het zonder problemen bij u thuis krijgen. Wij helpen u broomordiazepam online te kopen. Bestel nu!\" \/>\n<meta name=\"robots\" content=\"index, follow, max-snippet:-1, max-image-preview:large, max-video-preview:-1\" \/>\n<link rel=\"canonical\" href=\"https:\/\/rckopen.com\/fr\/produit\/bromonordiazepam\/\" \/>\n<meta property=\"og:locale\" content=\"fr_FR\" \/>\n<meta property=\"og:type\" content=\"article\" \/>\n<meta property=\"og:title\" content=\"Koop Bromonor Diazepam online - Bromonor Diazepam te koop | RC Kopen\" \/>\n<meta property=\"og:description\" content=\"U kunt Bromonordiazepam te koop krijgen in onze winkel en het zonder problemen bij u thuis krijgen. Wij helpen u broomordiazepam online te kopen. Bestel nu!\" \/>\n<meta property=\"og:url\" content=\"https:\/\/rckopen.com\/fr\/produit\/bromonordiazepam\/\" \/>\n<meta property=\"og:site_name\" content=\"RC Kopen\" \/>\n<meta property=\"article:modified_time\" content=\"2025-02-03T05:49:16+00:00\" \/>\n<meta property=\"og:image\" content=\"https:\/\/rckopen.com\/wp-content\/uploads\/2023\/08\/Bromazolam.jpg\" \/>\n\t<meta property=\"og:image:width\" content=\"600\" \/>\n\t<meta property=\"og:image:height\" content=\"600\" \/>\n\t<meta property=\"og:image:type\" content=\"image\/jpeg\" \/>\n<meta name=\"twitter:card\" content=\"summary_large_image\" \/>\n<meta name=\"twitter:label1\" content=\"Dur\u00e9e de lecture estim\u00e9e\" \/>\n\t<meta name=\"twitter:data1\" content=\"4 minutes\" \/>\n<script type=\"application\/ld+json\" class=\"yoast-schema-graph\">{\"@context\":\"https:\/\/schema.org\",\"@graph\":[{\"@type\":\"WebPage\",\"@id\":\"https:\/\/rckopen.com\/product\/bromonordiazepam\/\",\"url\":\"https:\/\/rckopen.com\/product\/bromonordiazepam\/\",\"name\":\"Koop Bromonor Diazepam online - Bromonor Diazepam te koop | RC Kopen\",\"isPartOf\":{\"@id\":\"https:\/\/rckopen.com\/#website\"},\"primaryImageOfPage\":{\"@id\":\"https:\/\/rckopen.com\/product\/bromonordiazepam\/#primaryimage\"},\"image\":{\"@id\":\"https:\/\/rckopen.com\/product\/bromonordiazepam\/#primaryimage\"},\"thumbnailUrl\":\"https:\/\/rckopen.com\/wp-content\/uploads\/2023\/08\/Bromazolam.jpg\",\"datePublished\":\"2023-08-14T10:37:18+00:00\",\"dateModified\":\"2025-02-03T05:49:16+00:00\",\"description\":\"U kunt Bromonordiazepam te koop krijgen in onze winkel en het zonder problemen bij u thuis krijgen. Wij helpen u broomordiazepam online te kopen. Bestel nu!\",\"breadcrumb\":{\"@id\":\"https:\/\/rckopen.com\/product\/bromonordiazepam\/#breadcrumb\"},\"inLanguage\":\"fr-FR\",\"potentialAction\":[{\"@type\":\"ReadAction\",\"target\":[\"https:\/\/rckopen.com\/product\/bromonordiazepam\/\"]}]},{\"@type\":\"ImageObject\",\"inLanguage\":\"fr-FR\",\"@id\":\"https:\/\/rckopen.com\/product\/bromonordiazepam\/#primaryimage\",\"url\":\"https:\/\/rckopen.com\/wp-content\/uploads\/2023\/08\/Bromazolam.jpg\",\"contentUrl\":\"https:\/\/rckopen.com\/wp-content\/uploads\/2023\/08\/Bromazolam.jpg\",\"width\":600,\"height\":600,\"caption\":\"Bromazolam online kopen\"},{\"@type\":\"BreadcrumbList\",\"@id\":\"https:\/\/rckopen.com\/product\/bromonordiazepam\/#breadcrumb\",\"itemListElement\":[{\"@type\":\"ListItem\",\"position\":1,\"name\":\"Home\",\"item\":\"https:\/\/rckopen.com\/\"},{\"@type\":\"ListItem\",\"position\":2,\"name\":\"Shop\",\"item\":\"https:\/\/rckopen.com\/shop\/\"},{\"@type\":\"ListItem\",\"position\":3,\"name\":\"bromonordiazepam online kopen\"}]},{\"@type\":\"WebSite\",\"@id\":\"https:\/\/rckopen.com\/#website\",\"url\":\"https:\/\/rckopen.com\/\",\"name\":\"RC Kopen\",\"description\":\"Research Chemicals\",\"potentialAction\":[{\"@type\":\"SearchAction\",\"target\":{\"@type\":\"EntryPoint\",\"urlTemplate\":\"https:\/\/rckopen.com\/?s={search_term_string}\"},\"query-input\":{\"@type\":\"PropertyValueSpecification\",\"valueRequired\":true,\"valueName\":\"search_term_string\"}}],\"inLanguage\":\"fr-FR\"}]}<\/script>\n<!-- \/ Yoast SEO plugin. -->","yoast_head_json":{"title":"Koop Bromonor Diazepam online - Bromonor Diazepam te koop | RC Kopen","description":"U kunt Bromonordiazepam te koop krijgen in onze winkel en het zonder problemen bij u thuis krijgen. Wij helpen u broomordiazepam online te kopen. Bestel nu!","robots":{"index":"index","follow":"follow","max-snippet":"max-snippet:-1","max-image-preview":"max-image-preview:large","max-video-preview":"max-video-preview:-1"},"canonical":"https:\/\/rckopen.com\/fr\/produit\/bromonordiazepam\/","og_locale":"fr_FR","og_type":"article","og_title":"Koop Bromonor Diazepam online - Bromonor Diazepam te koop | RC Kopen","og_description":"U kunt Bromonordiazepam te koop krijgen in onze winkel en het zonder problemen bij u thuis krijgen. Wij helpen u broomordiazepam online te kopen. Bestel nu!","og_url":"https:\/\/rckopen.com\/fr\/produit\/bromonordiazepam\/","og_site_name":"RC Kopen","article_modified_time":"2025-02-03T05:49:16+00:00","og_image":[{"width":600,"height":600,"url":"https:\/\/rckopen.com\/wp-content\/uploads\/2023\/08\/Bromazolam.jpg","type":"image\/jpeg"}],"twitter_card":"summary_large_image","twitter_misc":{"Dur\u00e9e de lecture estim\u00e9e":"4 minutes"},"schema":{"@context":"https:\/\/schema.org","@graph":[{"@type":"WebPage","@id":"https:\/\/rckopen.com\/product\/bromonordiazepam\/","url":"https:\/\/rckopen.com\/product\/bromonordiazepam\/","name":"Koop Bromonor Diazepam online - Bromonor Diazepam te koop | RC Kopen","isPartOf":{"@id":"https:\/\/rckopen.com\/#website"},"primaryImageOfPage":{"@id":"https:\/\/rckopen.com\/product\/bromonordiazepam\/#primaryimage"},"image":{"@id":"https:\/\/rckopen.com\/product\/bromonordiazepam\/#primaryimage"},"thumbnailUrl":"https:\/\/rckopen.com\/wp-content\/uploads\/2023\/08\/Bromazolam.jpg","datePublished":"2023-08-14T10:37:18+00:00","dateModified":"2025-02-03T05:49:16+00:00","description":"U kunt Bromonordiazepam te koop krijgen in onze winkel en het zonder problemen bij u thuis krijgen. Wij helpen u broomordiazepam online te kopen. Bestel nu!","breadcrumb":{"@id":"https:\/\/rckopen.com\/product\/bromonordiazepam\/#breadcrumb"},"inLanguage":"fr-FR","potentialAction":[{"@type":"ReadAction","target":["https:\/\/rckopen.com\/product\/bromonordiazepam\/"]}]},{"@type":"ImageObject","inLanguage":"fr-FR","@id":"https:\/\/rckopen.com\/product\/bromonordiazepam\/#primaryimage","url":"https:\/\/rckopen.com\/wp-content\/uploads\/2023\/08\/Bromazolam.jpg","contentUrl":"https:\/\/rckopen.com\/wp-content\/uploads\/2023\/08\/Bromazolam.jpg","width":600,"height":600,"caption":"Bromazolam online kopen"},{"@type":"BreadcrumbList","@id":"https:\/\/rckopen.com\/product\/bromonordiazepam\/#breadcrumb","itemListElement":[{"@type":"ListItem","position":1,"name":"Home","item":"https:\/\/rckopen.com\/"},{"@type":"ListItem","position":2,"name":"Shop","item":"https:\/\/rckopen.com\/shop\/"},{"@type":"ListItem","position":3,"name":"bromonordiazepam online kopen"}]},{"@type":"WebSite","@id":"https:\/\/rckopen.com\/#website","url":"https:\/\/rckopen.com\/","name":"RC Kopen","description":"Research Chemicals","potentialAction":[{"@type":"SearchAction","target":{"@type":"EntryPoint","urlTemplate":"https:\/\/rckopen.com\/?s={search_term_string}"},"query-input":{"@type":"PropertyValueSpecification","valueRequired":true,"valueName":"search_term_string"}}],"inLanguage":"fr-FR"}]}},"_links":{"self":[{"href":"https:\/\/rckopen.com\/fr\/wp-json\/wp\/v2\/product\/6335","targetHints":{"allow":["GET"]}}],"collection":[{"href":"https:\/\/rckopen.com\/fr\/wp-json\/wp\/v2\/product"}],"about":[{"href":"https:\/\/rckopen.com\/fr\/wp-json\/wp\/v2\/types\/product"}],"replies":[{"embeddable":true,"href":"https:\/\/rckopen.com\/fr\/wp-json\/wp\/v2\/comments?post=6335"}],"wp:featuredmedia":[{"embeddable":true,"href":"https:\/\/rckopen.com\/fr\/wp-json\/wp\/v2\/media\/6351"}],"wp:attachment":[{"href":"https:\/\/rckopen.com\/fr\/wp-json\/wp\/v2\/media?parent=6335"}],"wp:term":[{"taxonomy":"product_brand","embeddable":true,"href":"https:\/\/rckopen.com\/fr\/wp-json\/wp\/v2\/product_brand?post=6335"},{"taxonomy":"product_cat","embeddable":true,"href":"https:\/\/rckopen.com\/fr\/wp-json\/wp\/v2\/product_cat?post=6335"},{"taxonomy":"product_tag","embeddable":true,"href":"https:\/\/rckopen.com\/fr\/wp-json\/wp\/v2\/product_tag?post=6335"}],"curies":[{"name":"wp","href":"https:\/\/api.w.org\/{rel}","templated":true}]}}