{"id":6336,"date":"2023-08-14T10:47:10","date_gmt":"2023-08-14T10:47:10","guid":{"rendered":"https:\/\/diligentplug.com\/chems\/?post_type=product&#038;p=6336"},"modified":"2025-02-03T07:19:30","modified_gmt":"2025-02-03T07:19:30","slug":"flubromazepam-hcl","status":"publish","type":"product","link":"https:\/\/rckopen.com\/fr\/produit\/flubromazepam-hcl\/","title":{"rendered":"FLUBROMAZEPAM HCL ACHETER EN LIGNE"},"content":{"rendered":"<h2>Algemene informatie over flubromazepam FLUBROMAZEPAM HCL ONLINE KOPEN<\/h2>\n<p><a href=\"https:\/\/rckopen.com\/fr\/produit\/flubromazepam-hcl\/\">Acheter du flubromaz\u00e9pam Hcl en ligne<\/a> est un d\u00e9riv\u00e9 de benzodiaz\u00e9pine qui a retenu l\u2019attention en tant que produit chimique de recherche. Il a \u00e9t\u00e9 pr\u00e9sent\u00e9 pour la premi\u00e8re fois dans les ann\u00e9es 1960 et ses propri\u00e9t\u00e9s pharmacologiques ont \u00e9t\u00e9 \u00e9tudi\u00e9es dans une certaine mesure.<\/p>\n<p>Le flubromaz\u00e9pam est constitu\u00e9 d'atomes de carbone (C), d'hydrog\u00e8ne (H), de brome (Br), de fluor (F), d'azote (N) et d'oxyg\u00e8ne (O) dispos\u00e9s selon une structure sp\u00e9cifique.<\/p>\n<p><a href=\"https:\/\/en.wikipedia.org\/wiki\/Flubromazepam\">Flubromazepam<\/a> a une structure chimique similaire \u00e0 celle des autres benzodiaz\u00e9pines. Le nom chimique est 7-bromo-5-(2-fluoroph\u00e9nyl)-1,3-dihydro-1,4-benzodiaz\u00e9pine-2-one. Il agit principalement comme un modulateur allost\u00e9rique positif du r\u00e9cepteur GABA-A, renfor\u00e7ant les effets inhibiteurs du GABA.<\/p>\n<p>Le flubromaz\u00e9pam a des effets similaires \u00e0 ceux des autres benzodiaz\u00e9pines. Le flubromaz\u00e9pam est un compos\u00e9 tr\u00e8s puissant et la fourchette d'utilisation typique est faible, g\u00e9n\u00e9ralement mesur\u00e9e en microgrammes.<\/p>\n<p>Il est important de noter que l'utilisation du flubromaz\u00e9pam ou de tout produit chimique de recherche non r\u00e9glement\u00e9 comporte des risques importants.<\/p>\n<h3>Composition chimique du flubromaz\u00e9pam<\/h3>\n<p>La composition chimique du flubromaz\u00e9pam, \u00e9galement connu sous son nom IUPAC 7-bromo-5-(2-fluoroph\u00e9nyl)-1,3-dihydro-1,4-benzodiaz\u00e9pine-2-one, peut \u00eatre divis\u00e9e comme suit :<\/p>\n<p>- Formule mol\u00e9culaire : C15H10BrFN2O<\/p>\n<p>- Poids mol\u00e9culaire : 333,16 g\/mol<\/p>\n<p>La formule mol\u00e9culaire C15H10BrFN2O repr\u00e9sente un compos\u00e9 chimique constitu\u00e9 de quinze atomes de carbone (C15), dix atomes d'hydrog\u00e8ne (H10), un atome de brome (Br), un atome de fluor (F), deux atomes d'azote (N2) et un atome d'oxyg\u00e8ne ( O) Buy Flubromazepam Hcl.<\/p>\n<h3>Voici un aper\u00e7u des composants chimiques et de leur r\u00f4le :<\/h3>\n<p>Benzodiaz\u00e9pine-2-on : il s'agit de la structure principale du flubromaz\u00e9pam. Il s'agit d'un syst\u00e8me cyclique compos\u00e9 de quatre atomes de carbone, d'un atome d'oxyg\u00e8ne et d'un atome d'azote.<br \/>\n7-Bromo : Un atome de brome est attach\u00e9 au 7\u00e8me atome de carbone de la structure benzodiaz\u00e9pine-2-on. Le brome est un \u00e9l\u00e9ment halog\u00e8ne.<br \/>\n5-(2-fluoroph\u00e9nyle) : Il s'agit d'un anneau ph\u00e9nyle auquel est attach\u00e9 un atome de fluor en deuxi\u00e8me position (position orthogonale). Le groupe ph\u00e9nyle est constitu\u00e9 d'un anneau de carbone \u00e0 six couches avec une alternance de liaisons simples et doubles.<a href=\"https:\/\/safemedistore.com\/\">.<\/a><\/p>\n<p>La composition chimique du flubromaz\u00e9pam refl\u00e8te l'arrangement sp\u00e9cifique des atomes et des groupes fonctionnels qui contribuent \u00e0 ses effets pharmacologiques en tant que d\u00e9riv\u00e9 de la benzodiaz\u00e9pine.<\/p>\n<h3>Achetez du Flubromaz\u00e9pam en ligne de haute qualit\u00e9.<\/h3>\n<p>RCKOPEN poss\u00e8de de nombreuses ann\u00e9es d'exp\u00e9rience dans le secteur de la conception de produits chimiques de recherche, ce qui nous permet de garantir la plus haute qualit\u00e9 de ces produits chimiques de recherche. Acheter du flubromaz\u00e9pam est facile et de qualit\u00e9 sup\u00e9rieure. le co\u00fbt du flubromaz\u00e9pam est relativement bas par rapport aux autres soci\u00e9t\u00e9s. Les produits chimiques de recherche, y compris le flubromaz\u00e9pam, r\u00e9pondent \u00e0 toutes les exigences de s\u00e9curit\u00e9. Les produits chimiques de recherche sont soigneusement distribu\u00e9s et stock\u00e9s dans un endroit frais et sec.<\/p>\n<p>La qualit\u00e9, la puret\u00e9 et la s\u00e9curit\u00e9 de tous les produits sont r\u00e9guli\u00e8rement contr\u00f4l\u00e9es. Ils ne sont utilis\u00e9s qu'\u00e0 des fins de recherche.<\/p>\n<p>Nos produits ont un prix \u00e9quitable et vous pouvez acheter le produit chimique flubromazepam en ligne \u00e0 des prix tr\u00e8s bas.<\/p>\n<h3>Le laboratoire a test\u00e9 le flubromaz\u00e9pam avec des r\u00e9sultats.<\/h3>\n<p>R\u00e9aliser de nouveaux progr\u00e8s pour satisfaire l'ensemble de ses clients. Plusieurs enqu\u00eates ont montr\u00e9 que les clients demandent autant de donn\u00e9es que pr\u00e9vu avant d'acheter des produits chimiques de recherche synth\u00e9tiques. En outre, nous publions toutes les cons\u00e9quences en laboratoire de chaque produit chimique de recherche dans un document PDF.<\/p>\n<p>Notre flubromazepam achet\u00e9 en ligne r\u00e9pond syst\u00e9matiquement aux ingr\u00e9dients actifs et peut \u00eatre vu par n'importe qui.<\/p>\n<h3>Nous distribuons toutes les cons\u00e9quences de laboratoire de chaque produit chimique de recherche sur un document PDF.<\/h3>\n<p><a href=\"https:\/\/rckopen.com\/fr\/\">rckopen.com<\/a> Les produits chimiques de recherche de conception sont d'excellente qualit\u00e9 et ont un prix \u00e9quitable. C'est pourquoi nous vous garantissons que lorsque vous demandez vos produits chimiques de recherche \u00e0 RC Kopen, nous transmettrons votre demande \u00e0 votre laboratoire de recherche rapidement et en toute s\u00e9curit\u00e9, car les ventes de produits chimiques de recherche sont toujours disponibles chez RC Kopen.<\/p>\n<p>Chez RC Kopen, il est facile de demander des compos\u00e9s de recherche synth\u00e9tiques avec des bitcoins ou des virements bancaires.<\/p>\n<p>Nous exp\u00e9dions les produits chimiques de recherche le m\u00eame jour ouvrable si le paiement est re\u00e7u avant 15:00 CEST.<\/p>\n<p>Nous ne livrons pas d'articles aux personnes \u00e2g\u00e9es de moins de 18 ans !<\/p>\n<p>Le Flubromazepam en vente est destin\u00e9 \u00e0 des fins de recherche uniquement.<\/p>\n<h3>Exp\u00e9dition discr\u00e8te de produits chimiques destin\u00e9s \u00e0 la recherche.<\/h3>\n<p>RCKOPEN emballera votre commande de mani\u00e8re s\u00fbre et s\u00e9curis\u00e9e afin d'assurer un transport ad\u00e9quat. De plus, nous emballons de mani\u00e8re parfaitement discr\u00e8te, et rien n'est montr\u00e9 \u00e0 l'ext\u00e9rieur de ce qu'il pourrait y avoir \u00e0 l'int\u00e9rieur.<a href=\"https:\/\/rckopen.com\/fr\/\">.<\/a><\/p>","protected":false},"excerpt":{"rendered":"<p><strong>Nom IUPAC :<\/strong><\/p>\n<p>7-Brom-5-(2-fluorphenyl)-1,3-dihydro-2H-1,4-benzodiazepin-2-one<\/p>\n<p><strong>CAS # <\/strong>2647-50-9<\/p>\n<p><strong>Forme : <\/strong>poudre<\/p>\n<p><strong>Analyse RMN : <\/strong>C15H10BrFN2O<\/p>","protected":false},"featured_media":6358,"comment_status":"open","ping_status":"closed","template":"","meta":{"_joinchat":[]},"product_brand":[],"product_cat":[128],"product_tag":[],"class_list":{"0":"post-6336","1":"product","2":"type-product","3":"status-publish","4":"has-post-thumbnail","6":"product_cat-benzodiazepinen","8":"first","9":"instock","10":"shipping-taxable","11":"purchasable","12":"product-type-variable"},"yoast_head":"<!-- This site is optimized with the Yoast SEO plugin v26.3 - https:\/\/yoast.com\/wordpress\/plugins\/seo\/ -->\n<title>Flubromazepam Hcl online kopen- Flubromazepam Hcl te koop<\/title>\n<meta name=\"description\" content=\"Flubromazepam Hcl online kopen in onze vertrouwde online winkel voor producten van topkwaliteit. Koop Flubromazepam Hcl eenvoudig en veilig te koop op ons platform voor ultieme klanttevredenheid. Bestel nu!\" \/>\n<meta name=\"robots\" content=\"index, follow, max-snippet:-1, max-image-preview:large, max-video-preview:-1\" \/>\n<link rel=\"canonical\" href=\"https:\/\/rckopen.com\/fr\/produit\/flubromazepam-hcl\/\" \/>\n<meta property=\"og:locale\" content=\"fr_FR\" \/>\n<meta property=\"og:type\" content=\"article\" \/>\n<meta property=\"og:title\" content=\"Flubromazepam Hcl online kopen- Flubromazepam Hcl te koop\" \/>\n<meta property=\"og:description\" content=\"Flubromazepam Hcl online kopen in onze vertrouwde online winkel voor producten van topkwaliteit. Koop Flubromazepam Hcl eenvoudig en veilig te koop op ons platform voor ultieme klanttevredenheid. Bestel nu!\" \/>\n<meta property=\"og:url\" content=\"https:\/\/rckopen.com\/fr\/produit\/flubromazepam-hcl\/\" \/>\n<meta property=\"og:site_name\" content=\"RC Kopen\" \/>\n<meta property=\"article:modified_time\" content=\"2025-02-03T07:19:30+00:00\" \/>\n<meta property=\"og:image\" content=\"https:\/\/rckopen.com\/wp-content\/uploads\/2023\/08\/FLUBROMAZEPAM-HCL.jpg\" \/>\n\t<meta property=\"og:image:width\" content=\"600\" \/>\n\t<meta property=\"og:image:height\" content=\"600\" \/>\n\t<meta property=\"og:image:type\" content=\"image\/jpeg\" \/>\n<meta name=\"twitter:card\" content=\"summary_large_image\" \/>\n<meta name=\"twitter:label1\" content=\"Dur\u00e9e de lecture estim\u00e9e\" \/>\n\t<meta name=\"twitter:data1\" content=\"3 minutes\" \/>\n<script type=\"application\/ld+json\" class=\"yoast-schema-graph\">{\"@context\":\"https:\/\/schema.org\",\"@graph\":[{\"@type\":\"WebPage\",\"@id\":\"https:\/\/rckopen.com\/product\/flubromazepam-hcl\/\",\"url\":\"https:\/\/rckopen.com\/product\/flubromazepam-hcl\/\",\"name\":\"Flubromazepam Hcl online kopen- Flubromazepam Hcl te koop\",\"isPartOf\":{\"@id\":\"https:\/\/rckopen.com\/#website\"},\"primaryImageOfPage\":{\"@id\":\"https:\/\/rckopen.com\/product\/flubromazepam-hcl\/#primaryimage\"},\"image\":{\"@id\":\"https:\/\/rckopen.com\/product\/flubromazepam-hcl\/#primaryimage\"},\"thumbnailUrl\":\"https:\/\/rckopen.com\/wp-content\/uploads\/2023\/08\/FLUBROMAZEPAM-HCL.jpg\",\"datePublished\":\"2023-08-14T10:47:10+00:00\",\"dateModified\":\"2025-02-03T07:19:30+00:00\",\"description\":\"Flubromazepam Hcl online kopen in onze vertrouwde online winkel voor producten van topkwaliteit. Koop Flubromazepam Hcl eenvoudig en veilig te koop op ons platform voor ultieme klanttevredenheid. Bestel nu!\",\"breadcrumb\":{\"@id\":\"https:\/\/rckopen.com\/product\/flubromazepam-hcl\/#breadcrumb\"},\"inLanguage\":\"fr-FR\",\"potentialAction\":[{\"@type\":\"ReadAction\",\"target\":[\"https:\/\/rckopen.com\/product\/flubromazepam-hcl\/\"]}]},{\"@type\":\"ImageObject\",\"inLanguage\":\"fr-FR\",\"@id\":\"https:\/\/rckopen.com\/product\/flubromazepam-hcl\/#primaryimage\",\"url\":\"https:\/\/rckopen.com\/wp-content\/uploads\/2023\/08\/FLUBROMAZEPAM-HCL.jpg\",\"contentUrl\":\"https:\/\/rckopen.com\/wp-content\/uploads\/2023\/08\/FLUBROMAZEPAM-HCL.jpg\",\"width\":600,\"height\":600,\"caption\":\"FLUBROMAZEPAM-HCL ONLINE KOPEN\"},{\"@type\":\"BreadcrumbList\",\"@id\":\"https:\/\/rckopen.com\/product\/flubromazepam-hcl\/#breadcrumb\",\"itemListElement\":[{\"@type\":\"ListItem\",\"position\":1,\"name\":\"Home\",\"item\":\"https:\/\/rckopen.com\/\"},{\"@type\":\"ListItem\",\"position\":2,\"name\":\"Shop\",\"item\":\"https:\/\/rckopen.com\/shop\/\"},{\"@type\":\"ListItem\",\"position\":3,\"name\":\"FLUBROMAZEPAM HCL ONLINE KOPEN\"}]},{\"@type\":\"WebSite\",\"@id\":\"https:\/\/rckopen.com\/#website\",\"url\":\"https:\/\/rckopen.com\/\",\"name\":\"RC Kopen\",\"description\":\"Research Chemicals\",\"potentialAction\":[{\"@type\":\"SearchAction\",\"target\":{\"@type\":\"EntryPoint\",\"urlTemplate\":\"https:\/\/rckopen.com\/?s={search_term_string}\"},\"query-input\":{\"@type\":\"PropertyValueSpecification\",\"valueRequired\":true,\"valueName\":\"search_term_string\"}}],\"inLanguage\":\"fr-FR\"}]}<\/script>\n<!-- \/ Yoast SEO plugin. -->","yoast_head_json":{"title":"Flubromazepam Hcl online kopen- Flubromazepam Hcl te koop","description":"Flubromazepam Hcl online kopen in onze vertrouwde online winkel voor producten van topkwaliteit. Koop Flubromazepam Hcl eenvoudig en veilig te koop op ons platform voor ultieme klanttevredenheid. Bestel nu!","robots":{"index":"index","follow":"follow","max-snippet":"max-snippet:-1","max-image-preview":"max-image-preview:large","max-video-preview":"max-video-preview:-1"},"canonical":"https:\/\/rckopen.com\/fr\/produit\/flubromazepam-hcl\/","og_locale":"fr_FR","og_type":"article","og_title":"Flubromazepam Hcl online kopen- Flubromazepam Hcl te koop","og_description":"Flubromazepam Hcl online kopen in onze vertrouwde online winkel voor producten van topkwaliteit. Koop Flubromazepam Hcl eenvoudig en veilig te koop op ons platform voor ultieme klanttevredenheid. Bestel nu!","og_url":"https:\/\/rckopen.com\/fr\/produit\/flubromazepam-hcl\/","og_site_name":"RC Kopen","article_modified_time":"2025-02-03T07:19:30+00:00","og_image":[{"width":600,"height":600,"url":"https:\/\/rckopen.com\/wp-content\/uploads\/2023\/08\/FLUBROMAZEPAM-HCL.jpg","type":"image\/jpeg"}],"twitter_card":"summary_large_image","twitter_misc":{"Dur\u00e9e de lecture estim\u00e9e":"3 minutes"},"schema":{"@context":"https:\/\/schema.org","@graph":[{"@type":"WebPage","@id":"https:\/\/rckopen.com\/product\/flubromazepam-hcl\/","url":"https:\/\/rckopen.com\/product\/flubromazepam-hcl\/","name":"Flubromazepam Hcl online kopen- Flubromazepam Hcl te koop","isPartOf":{"@id":"https:\/\/rckopen.com\/#website"},"primaryImageOfPage":{"@id":"https:\/\/rckopen.com\/product\/flubromazepam-hcl\/#primaryimage"},"image":{"@id":"https:\/\/rckopen.com\/product\/flubromazepam-hcl\/#primaryimage"},"thumbnailUrl":"https:\/\/rckopen.com\/wp-content\/uploads\/2023\/08\/FLUBROMAZEPAM-HCL.jpg","datePublished":"2023-08-14T10:47:10+00:00","dateModified":"2025-02-03T07:19:30+00:00","description":"Flubromazepam Hcl online kopen in onze vertrouwde online winkel voor producten van topkwaliteit. Koop Flubromazepam Hcl eenvoudig en veilig te koop op ons platform voor ultieme klanttevredenheid. Bestel nu!","breadcrumb":{"@id":"https:\/\/rckopen.com\/product\/flubromazepam-hcl\/#breadcrumb"},"inLanguage":"fr-FR","potentialAction":[{"@type":"ReadAction","target":["https:\/\/rckopen.com\/product\/flubromazepam-hcl\/"]}]},{"@type":"ImageObject","inLanguage":"fr-FR","@id":"https:\/\/rckopen.com\/product\/flubromazepam-hcl\/#primaryimage","url":"https:\/\/rckopen.com\/wp-content\/uploads\/2023\/08\/FLUBROMAZEPAM-HCL.jpg","contentUrl":"https:\/\/rckopen.com\/wp-content\/uploads\/2023\/08\/FLUBROMAZEPAM-HCL.jpg","width":600,"height":600,"caption":"FLUBROMAZEPAM-HCL ONLINE KOPEN"},{"@type":"BreadcrumbList","@id":"https:\/\/rckopen.com\/product\/flubromazepam-hcl\/#breadcrumb","itemListElement":[{"@type":"ListItem","position":1,"name":"Home","item":"https:\/\/rckopen.com\/"},{"@type":"ListItem","position":2,"name":"Shop","item":"https:\/\/rckopen.com\/shop\/"},{"@type":"ListItem","position":3,"name":"FLUBROMAZEPAM HCL ONLINE KOPEN"}]},{"@type":"WebSite","@id":"https:\/\/rckopen.com\/#website","url":"https:\/\/rckopen.com\/","name":"RC Kopen","description":"Research Chemicals","potentialAction":[{"@type":"SearchAction","target":{"@type":"EntryPoint","urlTemplate":"https:\/\/rckopen.com\/?s={search_term_string}"},"query-input":{"@type":"PropertyValueSpecification","valueRequired":true,"valueName":"search_term_string"}}],"inLanguage":"fr-FR"}]}},"_links":{"self":[{"href":"https:\/\/rckopen.com\/fr\/wp-json\/wp\/v2\/product\/6336","targetHints":{"allow":["GET"]}}],"collection":[{"href":"https:\/\/rckopen.com\/fr\/wp-json\/wp\/v2\/product"}],"about":[{"href":"https:\/\/rckopen.com\/fr\/wp-json\/wp\/v2\/types\/product"}],"replies":[{"embeddable":true,"href":"https:\/\/rckopen.com\/fr\/wp-json\/wp\/v2\/comments?post=6336"}],"wp:featuredmedia":[{"embeddable":true,"href":"https:\/\/rckopen.com\/fr\/wp-json\/wp\/v2\/media\/6358"}],"wp:attachment":[{"href":"https:\/\/rckopen.com\/fr\/wp-json\/wp\/v2\/media?parent=6336"}],"wp:term":[{"taxonomy":"product_brand","embeddable":true,"href":"https:\/\/rckopen.com\/fr\/wp-json\/wp\/v2\/product_brand?post=6336"},{"taxonomy":"product_cat","embeddable":true,"href":"https:\/\/rckopen.com\/fr\/wp-json\/wp\/v2\/product_cat?post=6336"},{"taxonomy":"product_tag","embeddable":true,"href":"https:\/\/rckopen.com\/fr\/wp-json\/wp\/v2\/product_tag?post=6336"}],"curies":[{"name":"wp","href":"https:\/\/api.w.org\/{rel}","templated":true}]}}