{"id":6337,"date":"2023-08-14T11:12:18","date_gmt":"2023-08-14T11:12:18","guid":{"rendered":"https:\/\/diligentplug.com\/chems\/?post_type=product&#038;p=6337"},"modified":"2025-02-05T10:44:58","modified_gmt":"2025-02-05T10:44:58","slug":"deschloroetizolam","status":"publish","type":"product","link":"https:\/\/rckopen.com\/fr\/produit\/dechloroetizolam\/","title":{"rendered":"Acheter du Deschloroetizolam en ligne"},"content":{"rendered":"<h2>Acheter du Deschloroetizolam en ligne<\/h2>\n<p>Connu sous plusieurs noms, notamment <a href=\"https:\/\/rckopen.com\/fr\/produit\/dechloroetizolam\/\">Deschlorok\u00e9tamine<\/a>, DXE et 2\u2032-Oxo-PCM, DCK est chimiquement similaire aux arylcyclohexylamines. Ce tissu est vendu 0,35 gramme par article. Nous vendons \u00e9galement sous forme de granul\u00e9s, avec quatre pi\u00e8ces de 20 mg par paquet. Ce produit est vraiment b\u00e9n\u00e9fique pour les personnes d\u00e9favoris\u00e9es, mais il n\u2019est pas tr\u00e8s b\u00e9n\u00e9fique pour les consommateurs. Par cons\u00e9quent, gardez-le hors de port\u00e9e des enfants et des animaux domestiques et lisez les consignes de s\u00e9curit\u00e9 sur notre site Web avant utilisation.<\/p>\n<h3>Deschloro\u00e9tizolam et le verpackking<\/h3>\n<p>In zakjes, deschloroketamine is packed with a variety of colors and scents:<br \/>\nIl y en a un argent\u00e9, deux dor\u00e9s, cinq violets, dix bleus et vingt-cinq noirs.<br \/>\nNous livrons nos produits dans tous les Pays-Bas. <a href=\"https:\/\/rckopen.com\/fr\/\">RC BUY<\/a><\/p>\n<p>&nbsp;<\/p>","protected":false},"excerpt":{"rendered":"<p><strong>Nom IUPAC : <\/strong>2-ethyl-9-methyl-4-phenyl-6H-thieno[3,2-f][1,2,4]triazolo[4,3-a][1,4]diazepine<\/p>\n<p><strong>CAS # <\/strong>40054-73-7<\/p>\n<p><strong>Autre nom : <\/strong>Etizolam-2<\/p>\n<p><strong>Apparence : <\/strong>poudre<\/p>\n<p><strong>Analyse RMN : <\/strong>C17H16N4S<\/p>","protected":false},"featured_media":6359,"comment_status":"open","ping_status":"closed","template":"","meta":{"_joinchat":[]},"product_brand":[],"product_cat":[128],"product_tag":[],"class_list":{"0":"post-6337","1":"product","2":"type-product","3":"status-publish","4":"has-post-thumbnail","6":"product_cat-benzodiazepinen","8":"first","9":"instock","10":"shipping-taxable","11":"purchasable","12":"product-type-variable"},"yoast_head":"<!-- This site is optimized with the Yoast SEO plugin v26.3 - https:\/\/yoast.com\/wordpress\/plugins\/seo\/ -->\n<title>deschlooretizolam online kopen - Deschlooretizolam online te koop<\/title>\n<meta name=\"description\" content=\"Op zoek naar deschlooretizolam van hoge kwaliteit online te kopen? RC kopen is een toonaangevende winkel waar u Deschloroetizolam online kunt kopen tegen de beste prijs. Bestel nu met discrete verzending!\" \/>\n<meta name=\"robots\" content=\"index, follow, max-snippet:-1, max-image-preview:large, max-video-preview:-1\" \/>\n<link rel=\"canonical\" href=\"https:\/\/rckopen.com\/fr\/produit\/dechloroetizolam\/\" \/>\n<meta property=\"og:locale\" content=\"fr_FR\" \/>\n<meta property=\"og:type\" content=\"article\" \/>\n<meta property=\"og:title\" content=\"deschlooretizolam online kopen - Deschlooretizolam online te koop\" \/>\n<meta property=\"og:description\" content=\"Op zoek naar deschlooretizolam van hoge kwaliteit online te kopen? RC kopen is een toonaangevende winkel waar u Deschloroetizolam online kunt kopen tegen de beste prijs. Bestel nu met discrete verzending!\" \/>\n<meta property=\"og:url\" content=\"https:\/\/rckopen.com\/fr\/produit\/dechloroetizolam\/\" \/>\n<meta property=\"og:site_name\" content=\"RC Kopen\" \/>\n<meta property=\"article:modified_time\" content=\"2025-02-05T10:44:58+00:00\" \/>\n<meta property=\"og:image\" content=\"https:\/\/rckopen.com\/wp-content\/uploads\/2023\/08\/Deschloroetizolam.jpg\" \/>\n\t<meta property=\"og:image:width\" content=\"600\" \/>\n\t<meta property=\"og:image:height\" content=\"600\" \/>\n\t<meta property=\"og:image:type\" content=\"image\/jpeg\" \/>\n<meta name=\"twitter:card\" content=\"summary_large_image\" \/>\n<meta name=\"twitter:label1\" content=\"Dur\u00e9e de lecture estim\u00e9e\" \/>\n\t<meta name=\"twitter:data1\" content=\"1 minute\" \/>\n<script type=\"application\/ld+json\" class=\"yoast-schema-graph\">{\"@context\":\"https:\/\/schema.org\",\"@graph\":[{\"@type\":\"WebPage\",\"@id\":\"https:\/\/rckopen.com\/product\/deschloroetizolam\/\",\"url\":\"https:\/\/rckopen.com\/product\/deschloroetizolam\/\",\"name\":\"deschlooretizolam online kopen - Deschlooretizolam online te koop\",\"isPartOf\":{\"@id\":\"https:\/\/rckopen.com\/#website\"},\"primaryImageOfPage\":{\"@id\":\"https:\/\/rckopen.com\/product\/deschloroetizolam\/#primaryimage\"},\"image\":{\"@id\":\"https:\/\/rckopen.com\/product\/deschloroetizolam\/#primaryimage\"},\"thumbnailUrl\":\"https:\/\/rckopen.com\/wp-content\/uploads\/2023\/08\/Deschloroetizolam.jpg\",\"datePublished\":\"2023-08-14T11:12:18+00:00\",\"dateModified\":\"2025-02-05T10:44:58+00:00\",\"description\":\"Op zoek naar deschlooretizolam van hoge kwaliteit online te kopen? RC kopen is een toonaangevende winkel waar u Deschloroetizolam online kunt kopen tegen de beste prijs. Bestel nu met discrete verzending!\",\"breadcrumb\":{\"@id\":\"https:\/\/rckopen.com\/product\/deschloroetizolam\/#breadcrumb\"},\"inLanguage\":\"fr-FR\",\"potentialAction\":[{\"@type\":\"ReadAction\",\"target\":[\"https:\/\/rckopen.com\/product\/deschloroetizolam\/\"]}]},{\"@type\":\"ImageObject\",\"inLanguage\":\"fr-FR\",\"@id\":\"https:\/\/rckopen.com\/product\/deschloroetizolam\/#primaryimage\",\"url\":\"https:\/\/rckopen.com\/wp-content\/uploads\/2023\/08\/Deschloroetizolam.jpg\",\"contentUrl\":\"https:\/\/rckopen.com\/wp-content\/uploads\/2023\/08\/Deschloroetizolam.jpg\",\"width\":600,\"height\":600,\"caption\":\"Deschloroetizolam online kopen\"},{\"@type\":\"BreadcrumbList\",\"@id\":\"https:\/\/rckopen.com\/product\/deschloroetizolam\/#breadcrumb\",\"itemListElement\":[{\"@type\":\"ListItem\",\"position\":1,\"name\":\"Home\",\"item\":\"https:\/\/rckopen.com\/\"},{\"@type\":\"ListItem\",\"position\":2,\"name\":\"Shop\",\"item\":\"https:\/\/rckopen.com\/shop\/\"},{\"@type\":\"ListItem\",\"position\":3,\"name\":\"Deschloroetizolam online kopen\"}]},{\"@type\":\"WebSite\",\"@id\":\"https:\/\/rckopen.com\/#website\",\"url\":\"https:\/\/rckopen.com\/\",\"name\":\"RC Kopen\",\"description\":\"Research Chemicals\",\"potentialAction\":[{\"@type\":\"SearchAction\",\"target\":{\"@type\":\"EntryPoint\",\"urlTemplate\":\"https:\/\/rckopen.com\/?s={search_term_string}\"},\"query-input\":{\"@type\":\"PropertyValueSpecification\",\"valueRequired\":true,\"valueName\":\"search_term_string\"}}],\"inLanguage\":\"fr-FR\"}]}<\/script>\n<!-- \/ Yoast SEO plugin. -->","yoast_head_json":{"title":"deschlooretizolam online kopen - Deschlooretizolam online te koop","description":"Op zoek naar deschlooretizolam van hoge kwaliteit online te kopen? RC kopen is een toonaangevende winkel waar u Deschloroetizolam online kunt kopen tegen de beste prijs. Bestel nu met discrete verzending!","robots":{"index":"index","follow":"follow","max-snippet":"max-snippet:-1","max-image-preview":"max-image-preview:large","max-video-preview":"max-video-preview:-1"},"canonical":"https:\/\/rckopen.com\/fr\/produit\/dechloroetizolam\/","og_locale":"fr_FR","og_type":"article","og_title":"deschlooretizolam online kopen - Deschlooretizolam online te koop","og_description":"Op zoek naar deschlooretizolam van hoge kwaliteit online te kopen? RC kopen is een toonaangevende winkel waar u Deschloroetizolam online kunt kopen tegen de beste prijs. Bestel nu met discrete verzending!","og_url":"https:\/\/rckopen.com\/fr\/produit\/dechloroetizolam\/","og_site_name":"RC Kopen","article_modified_time":"2025-02-05T10:44:58+00:00","og_image":[{"width":600,"height":600,"url":"https:\/\/rckopen.com\/wp-content\/uploads\/2023\/08\/Deschloroetizolam.jpg","type":"image\/jpeg"}],"twitter_card":"summary_large_image","twitter_misc":{"Dur\u00e9e de lecture estim\u00e9e":"1 minute"},"schema":{"@context":"https:\/\/schema.org","@graph":[{"@type":"WebPage","@id":"https:\/\/rckopen.com\/product\/deschloroetizolam\/","url":"https:\/\/rckopen.com\/product\/deschloroetizolam\/","name":"deschlooretizolam online kopen - Deschlooretizolam online te koop","isPartOf":{"@id":"https:\/\/rckopen.com\/#website"},"primaryImageOfPage":{"@id":"https:\/\/rckopen.com\/product\/deschloroetizolam\/#primaryimage"},"image":{"@id":"https:\/\/rckopen.com\/product\/deschloroetizolam\/#primaryimage"},"thumbnailUrl":"https:\/\/rckopen.com\/wp-content\/uploads\/2023\/08\/Deschloroetizolam.jpg","datePublished":"2023-08-14T11:12:18+00:00","dateModified":"2025-02-05T10:44:58+00:00","description":"Op zoek naar deschlooretizolam van hoge kwaliteit online te kopen? RC kopen is een toonaangevende winkel waar u Deschloroetizolam online kunt kopen tegen de beste prijs. Bestel nu met discrete verzending!","breadcrumb":{"@id":"https:\/\/rckopen.com\/product\/deschloroetizolam\/#breadcrumb"},"inLanguage":"fr-FR","potentialAction":[{"@type":"ReadAction","target":["https:\/\/rckopen.com\/product\/deschloroetizolam\/"]}]},{"@type":"ImageObject","inLanguage":"fr-FR","@id":"https:\/\/rckopen.com\/product\/deschloroetizolam\/#primaryimage","url":"https:\/\/rckopen.com\/wp-content\/uploads\/2023\/08\/Deschloroetizolam.jpg","contentUrl":"https:\/\/rckopen.com\/wp-content\/uploads\/2023\/08\/Deschloroetizolam.jpg","width":600,"height":600,"caption":"Deschloroetizolam online kopen"},{"@type":"BreadcrumbList","@id":"https:\/\/rckopen.com\/product\/deschloroetizolam\/#breadcrumb","itemListElement":[{"@type":"ListItem","position":1,"name":"Home","item":"https:\/\/rckopen.com\/"},{"@type":"ListItem","position":2,"name":"Shop","item":"https:\/\/rckopen.com\/shop\/"},{"@type":"ListItem","position":3,"name":"Deschloroetizolam online kopen"}]},{"@type":"WebSite","@id":"https:\/\/rckopen.com\/#website","url":"https:\/\/rckopen.com\/","name":"RC Kopen","description":"Research Chemicals","potentialAction":[{"@type":"SearchAction","target":{"@type":"EntryPoint","urlTemplate":"https:\/\/rckopen.com\/?s={search_term_string}"},"query-input":{"@type":"PropertyValueSpecification","valueRequired":true,"valueName":"search_term_string"}}],"inLanguage":"fr-FR"}]}},"_links":{"self":[{"href":"https:\/\/rckopen.com\/fr\/wp-json\/wp\/v2\/product\/6337","targetHints":{"allow":["GET"]}}],"collection":[{"href":"https:\/\/rckopen.com\/fr\/wp-json\/wp\/v2\/product"}],"about":[{"href":"https:\/\/rckopen.com\/fr\/wp-json\/wp\/v2\/types\/product"}],"replies":[{"embeddable":true,"href":"https:\/\/rckopen.com\/fr\/wp-json\/wp\/v2\/comments?post=6337"}],"wp:featuredmedia":[{"embeddable":true,"href":"https:\/\/rckopen.com\/fr\/wp-json\/wp\/v2\/media\/6359"}],"wp:attachment":[{"href":"https:\/\/rckopen.com\/fr\/wp-json\/wp\/v2\/media?parent=6337"}],"wp:term":[{"taxonomy":"product_brand","embeddable":true,"href":"https:\/\/rckopen.com\/fr\/wp-json\/wp\/v2\/product_brand?post=6337"},{"taxonomy":"product_cat","embeddable":true,"href":"https:\/\/rckopen.com\/fr\/wp-json\/wp\/v2\/product_cat?post=6337"},{"taxonomy":"product_tag","embeddable":true,"href":"https:\/\/rckopen.com\/fr\/wp-json\/wp\/v2\/product_tag?post=6337"}],"curies":[{"name":"wp","href":"https:\/\/api.w.org\/{rel}","templated":true}]}}