{"id":6338,"date":"2023-08-14T11:16:55","date_gmt":"2023-08-14T11:16:55","guid":{"rendered":"https:\/\/diligentplug.com\/chems\/?post_type=product&#038;p=6338"},"modified":"2025-02-04T05:48:28","modified_gmt":"2025-02-04T05:48:28","slug":"norflurazepam","status":"publish","type":"product","link":"https:\/\/rckopen.com\/fr\/produit\/norflurazepam\/","title":{"rendered":"Acheter du norfluraz\u00e9pam en ligne"},"content":{"rendered":"<h2>Algemene informatie over Norflurazepam online kopen<\/h2>\n<p>Le N-D\u00e9salkylfluraz\u00e9pam (\u00e9galement appel\u00e9 norfluraz\u00e9pam) est un analogue des benzodiaz\u00e9pines et un m\u00e9tabolite fonctionnel de certains autres produits chimiques de recherche sur les benzodiaz\u00e9pines, notamment le fluraz\u00e9pam, le flutopraz\u00e9pam, le fludiaz\u00e9pam, le midazolam, le flutazolam, le quaz\u00e9pam et l'\u00e9thylloflaz\u00e9pate. Il a une longue dur\u00e9e d'action, est susceptible de s'accumuler et est li\u00e9 de mani\u00e8re non s\u00e9lective \u00e0 diff\u00e9rents sous-types de r\u00e9cepteurs des benzodiaz\u00e9pines. Il a \u00e9t\u00e9 vendu en tant que produit chimique pour la recherche sur les cr\u00e9ateurs \u00e0 partir de 2016.<\/p>\n<p>Le norfluraz\u00e9pam est une substance exp\u00e9rimentale qui appartient \u00e0 la classe des benzodiaz\u00e9pines. Le norfluraz\u00e9pam est un m\u00e9dicament exp\u00e9rimental, ce qui signifie qu'il n'a pas encore fait l'objet de beaucoup de recherches.<\/p>\n<h3>Composition chimique du Norflurazepam<\/h3>\n<p>Le nom IUPAC est 7-chloro-5-(2-fluoroph\u00e9nyl)-1,3-dihydro-1,4-benzodiaz\u00e9pine-2-on.Impurity Flurazepam USP-related Compound F applications. Sa recette atomique est C15H10ClFN2O. Il est de couleur blanche \u00e0 jaune p\u00e2le et a un poids mol\u00e9culaire de 288,7. Le point de fusion du Norflurazepam est de 204-206\u02daC.<\/p>\n<h3>Pharmacologie Norflurazepam<\/h3>\n<p>Le norfluraz\u00e9pam est un groupe de d\u00e9presseurs du SNC qui agissent en limitant le neurotransmetteur inhibiteur GABA au niveau de divers r\u00e9cepteurs GABA dans le SNC. Parce qu'il a moins tendance \u00e0 provoquer une d\u00e9pression du SNC potentiellement mortelle que les substances synth\u00e9tiques pr\u00e9c\u00e9dentes, telles que les barbituriques, le Norflurazepam est g\u00e9n\u00e9ralement utilis\u00e9 dans la recherche sur la folie chimique.<\/p>\n<p>Les diff\u00e9rents Norflurazepam varient dans leur taux d'utilisation dans des structures pharmacologiquement dynamiques. Les compos\u00e9s synth\u00e9tiques ont des demi-vies d'action courtes, inf\u00e9rieures \u00e0 24 heures.<\/p>\n<h3>Acheter du Norflurazepam de haute qualit\u00e9<\/h3>\n<p>RC Buy a de nombreuses ann\u00e9es d'exp\u00e9rience dans l'industrie de la conception de produits chimiques de recherche, ce qui nous permet de garantir la plus haute qualit\u00e9 de ces produits chimiques de recherche. L'\u00e9quipe de recherche chimique vend du Norflurazepam. Les produits chimiques de recherche, y compris le Norflurazepam, r\u00e9pondent \u00e0 toutes les exigences de s\u00e9curit\u00e9. Les produits chimiques de recherche sont soigneusement distribu\u00e9s et stock\u00e9s dans un endroit frais et sec.<\/p>\n<p>La qualit\u00e9, la puret\u00e9 et la s\u00e9curit\u00e9 de tous les produits sont r\u00e9guli\u00e8rement contr\u00f4l\u00e9es. Conservez toujours le Norflurazepam \u00e0 temp\u00e9rature ambiante et hors de port\u00e9e des enfants et des animaux domestiques. Notre Norflurazepam n'est pas destin\u00e9 \u00e0 un usage personnel. Il est destin\u00e9 uniquement \u00e0 la recherche.<\/p>\n<p>Il ne doit pas \u00eatre m\u00e9lang\u00e9 avec de l'alcool ou des produits chimiques de recherche lors de la recherche de ce produit chimique de recherche !<\/p>\n<h3>Le laboratoire a test\u00e9 le Norflurazepam avec des r\u00e9sultats.<\/h3>\n<p>R\u00e9aliser de nouveaux progr\u00e8s pour satisfaire l'ensemble de ses clients. Plusieurs enqu\u00eates ont montr\u00e9 que les clients demandent autant de donn\u00e9es que pr\u00e9vu avant d'acheter des produits chimiques de recherche synth\u00e9tiques. En outre, nous publions toutes les cons\u00e9quences en laboratoire de chaque produit chimique de recherche dans un document PDF.<\/p>\n<p>Notre poudre de Norflurazepam respecte syst\u00e9matiquement les principes actifs et est clairement visible.<\/p>\n<p>Nous distribuons toutes les cons\u00e9quences de laboratoire de chaque produit chimique de recherche sur un document PDF.Order Norflurazepam powder safely<\/p>\n<p>Les produits chimiques de recherche de conception RC SHOP sont d'excellente qualit\u00e9 et ont un prix \u00e9quitable. Par cons\u00e9quent, lorsque vous demandez vos produits chimiques de recherche \u00e0 TRRC SHOP, nous vous garantissons que nous enverrons votre demande \u00e0 votre laboratoire de recherche rapidement et en toute s\u00e9curit\u00e9, car les ventes de produits chimiques de recherche sont toujours disponibles sur RC SHOP.<\/p>\n<p>Commander des compos\u00e9s de recherche synth\u00e9tiques avec Bitcoin ou virement bancaire est facile chez RC SHOP. Nous exp\u00e9dions les produits chimiques de recherche le jour m\u00eame si le paiement est re\u00e7u avant 15h00 CEST. Nous n'exp\u00e9dions pas d'articles aux personnes de moins de 18 ans !<\/p>\n<h3>La poudre de Norflurazepam est utilis\u00e9e \u00e0 des fins de recherche uniquement.<\/h3>\n<p>Exp\u00e9dition discr\u00e8te de produits chimiques destin\u00e9s \u00e0 la recherche.<\/p>\n<p>RC SHOP emballera votre commande de mani\u00e8re s\u00fbre et s\u00e9curis\u00e9e afin d'assurer un transport ad\u00e9quat. De plus, nous emballons de mani\u00e8re parfaitement discr\u00e8te, et rien n'est montr\u00e9 \u00e0 l'ext\u00e9rieur de ce qui pourrait se trouver \u00e0 l'int\u00e9rieur.<\/p>","protected":false},"excerpt":{"rendered":"<p><strong>Nom IUPAC : <\/strong>7-chloro-5-(2-fluorophenyl)-1,3-dihydro-2H-1,4-benzodiazepin-2-one<\/p>\n<p><strong>CAS # <\/strong>2886-65-9<\/p>\n<p><strong>Apparence : <\/strong>poudre<\/p>\n<p><strong>Analyse RMN : <\/strong>C15H10ClFN2O<\/p>","protected":false},"featured_media":6368,"comment_status":"open","ping_status":"closed","template":"","meta":{"_joinchat":[]},"product_brand":[],"product_cat":[128],"product_tag":[],"class_list":{"0":"post-6338","1":"product","2":"type-product","3":"status-publish","4":"has-post-thumbnail","6":"product_cat-benzodiazepinen","8":"first","9":"instock","10":"shipping-taxable","11":"purchasable","12":"product-type-variable"},"yoast_head":"<!-- This site is optimized with the Yoast SEO plugin v26.3 - https:\/\/yoast.com\/wordpress\/plugins\/seo\/ -->\n<title>Koop Norflurazepam online - Norflurazepam te koop<\/title>\n<meta name=\"description\" content=\"Wij zijn de toonaangevende winkel die norflurazepam te koop aanbiedt. Als u norflurazepam wilt kopen, neem dan onmiddellijk contact met ons op en laat de bestelling bezorgen. Bestel nu!\" \/>\n<meta name=\"robots\" content=\"index, follow, max-snippet:-1, max-image-preview:large, max-video-preview:-1\" \/>\n<link rel=\"canonical\" href=\"https:\/\/rckopen.com\/fr\/produit\/norflurazepam\/\" \/>\n<meta property=\"og:locale\" content=\"fr_FR\" \/>\n<meta property=\"og:type\" content=\"article\" \/>\n<meta property=\"og:title\" content=\"Koop Norflurazepam online - Norflurazepam te koop\" \/>\n<meta property=\"og:description\" content=\"Wij zijn de toonaangevende winkel die norflurazepam te koop aanbiedt. Als u norflurazepam wilt kopen, neem dan onmiddellijk contact met ons op en laat de bestelling bezorgen. Bestel nu!\" \/>\n<meta property=\"og:url\" content=\"https:\/\/rckopen.com\/fr\/produit\/norflurazepam\/\" \/>\n<meta property=\"og:site_name\" content=\"RC Kopen\" \/>\n<meta property=\"article:modified_time\" content=\"2025-02-04T05:48:28+00:00\" \/>\n<meta property=\"og:image\" content=\"https:\/\/rckopen.com\/wp-content\/uploads\/2023\/08\/Norflurazepam.jpg\" \/>\n\t<meta property=\"og:image:width\" content=\"600\" \/>\n\t<meta property=\"og:image:height\" content=\"600\" \/>\n\t<meta property=\"og:image:type\" content=\"image\/jpeg\" \/>\n<meta name=\"twitter:card\" content=\"summary_large_image\" \/>\n<meta name=\"twitter:label1\" content=\"Dur\u00e9e de lecture estim\u00e9e\" \/>\n\t<meta name=\"twitter:data1\" content=\"3 minutes\" \/>\n<script type=\"application\/ld+json\" class=\"yoast-schema-graph\">{\"@context\":\"https:\/\/schema.org\",\"@graph\":[{\"@type\":\"WebPage\",\"@id\":\"https:\/\/rckopen.com\/product\/norflurazepam\/\",\"url\":\"https:\/\/rckopen.com\/product\/norflurazepam\/\",\"name\":\"Koop Norflurazepam online - Norflurazepam te koop\",\"isPartOf\":{\"@id\":\"https:\/\/rckopen.com\/#website\"},\"primaryImageOfPage\":{\"@id\":\"https:\/\/rckopen.com\/product\/norflurazepam\/#primaryimage\"},\"image\":{\"@id\":\"https:\/\/rckopen.com\/product\/norflurazepam\/#primaryimage\"},\"thumbnailUrl\":\"https:\/\/rckopen.com\/wp-content\/uploads\/2023\/08\/Norflurazepam.jpg\",\"datePublished\":\"2023-08-14T11:16:55+00:00\",\"dateModified\":\"2025-02-04T05:48:28+00:00\",\"description\":\"Wij zijn de toonaangevende winkel die norflurazepam te koop aanbiedt. Als u norflurazepam wilt kopen, neem dan onmiddellijk contact met ons op en laat de bestelling bezorgen. Bestel nu!\",\"breadcrumb\":{\"@id\":\"https:\/\/rckopen.com\/product\/norflurazepam\/#breadcrumb\"},\"inLanguage\":\"fr-FR\",\"potentialAction\":[{\"@type\":\"ReadAction\",\"target\":[\"https:\/\/rckopen.com\/product\/norflurazepam\/\"]}]},{\"@type\":\"ImageObject\",\"inLanguage\":\"fr-FR\",\"@id\":\"https:\/\/rckopen.com\/product\/norflurazepam\/#primaryimage\",\"url\":\"https:\/\/rckopen.com\/wp-content\/uploads\/2023\/08\/Norflurazepam.jpg\",\"contentUrl\":\"https:\/\/rckopen.com\/wp-content\/uploads\/2023\/08\/Norflurazepam.jpg\",\"width\":600,\"height\":600,\"caption\":\"Norflurazepam online kopen\"},{\"@type\":\"BreadcrumbList\",\"@id\":\"https:\/\/rckopen.com\/product\/norflurazepam\/#breadcrumb\",\"itemListElement\":[{\"@type\":\"ListItem\",\"position\":1,\"name\":\"Home\",\"item\":\"https:\/\/rckopen.com\/\"},{\"@type\":\"ListItem\",\"position\":2,\"name\":\"Shop\",\"item\":\"https:\/\/rckopen.com\/shop\/\"},{\"@type\":\"ListItem\",\"position\":3,\"name\":\"Norflurazepam online kopen\"}]},{\"@type\":\"WebSite\",\"@id\":\"https:\/\/rckopen.com\/#website\",\"url\":\"https:\/\/rckopen.com\/\",\"name\":\"RC Kopen\",\"description\":\"Research Chemicals\",\"potentialAction\":[{\"@type\":\"SearchAction\",\"target\":{\"@type\":\"EntryPoint\",\"urlTemplate\":\"https:\/\/rckopen.com\/?s={search_term_string}\"},\"query-input\":{\"@type\":\"PropertyValueSpecification\",\"valueRequired\":true,\"valueName\":\"search_term_string\"}}],\"inLanguage\":\"fr-FR\"}]}<\/script>\n<!-- \/ Yoast SEO plugin. -->","yoast_head_json":{"title":"Koop Norflurazepam online - Norflurazepam te koop","description":"Wij zijn de toonaangevende winkel die norflurazepam te koop aanbiedt. Als u norflurazepam wilt kopen, neem dan onmiddellijk contact met ons op en laat de bestelling bezorgen. Bestel nu!","robots":{"index":"index","follow":"follow","max-snippet":"max-snippet:-1","max-image-preview":"max-image-preview:large","max-video-preview":"max-video-preview:-1"},"canonical":"https:\/\/rckopen.com\/fr\/produit\/norflurazepam\/","og_locale":"fr_FR","og_type":"article","og_title":"Koop Norflurazepam online - Norflurazepam te koop","og_description":"Wij zijn de toonaangevende winkel die norflurazepam te koop aanbiedt. Als u norflurazepam wilt kopen, neem dan onmiddellijk contact met ons op en laat de bestelling bezorgen. Bestel nu!","og_url":"https:\/\/rckopen.com\/fr\/produit\/norflurazepam\/","og_site_name":"RC Kopen","article_modified_time":"2025-02-04T05:48:28+00:00","og_image":[{"width":600,"height":600,"url":"https:\/\/rckopen.com\/wp-content\/uploads\/2023\/08\/Norflurazepam.jpg","type":"image\/jpeg"}],"twitter_card":"summary_large_image","twitter_misc":{"Dur\u00e9e de lecture estim\u00e9e":"3 minutes"},"schema":{"@context":"https:\/\/schema.org","@graph":[{"@type":"WebPage","@id":"https:\/\/rckopen.com\/product\/norflurazepam\/","url":"https:\/\/rckopen.com\/product\/norflurazepam\/","name":"Koop Norflurazepam online - Norflurazepam te koop","isPartOf":{"@id":"https:\/\/rckopen.com\/#website"},"primaryImageOfPage":{"@id":"https:\/\/rckopen.com\/product\/norflurazepam\/#primaryimage"},"image":{"@id":"https:\/\/rckopen.com\/product\/norflurazepam\/#primaryimage"},"thumbnailUrl":"https:\/\/rckopen.com\/wp-content\/uploads\/2023\/08\/Norflurazepam.jpg","datePublished":"2023-08-14T11:16:55+00:00","dateModified":"2025-02-04T05:48:28+00:00","description":"Wij zijn de toonaangevende winkel die norflurazepam te koop aanbiedt. Als u norflurazepam wilt kopen, neem dan onmiddellijk contact met ons op en laat de bestelling bezorgen. Bestel nu!","breadcrumb":{"@id":"https:\/\/rckopen.com\/product\/norflurazepam\/#breadcrumb"},"inLanguage":"fr-FR","potentialAction":[{"@type":"ReadAction","target":["https:\/\/rckopen.com\/product\/norflurazepam\/"]}]},{"@type":"ImageObject","inLanguage":"fr-FR","@id":"https:\/\/rckopen.com\/product\/norflurazepam\/#primaryimage","url":"https:\/\/rckopen.com\/wp-content\/uploads\/2023\/08\/Norflurazepam.jpg","contentUrl":"https:\/\/rckopen.com\/wp-content\/uploads\/2023\/08\/Norflurazepam.jpg","width":600,"height":600,"caption":"Norflurazepam online kopen"},{"@type":"BreadcrumbList","@id":"https:\/\/rckopen.com\/product\/norflurazepam\/#breadcrumb","itemListElement":[{"@type":"ListItem","position":1,"name":"Home","item":"https:\/\/rckopen.com\/"},{"@type":"ListItem","position":2,"name":"Shop","item":"https:\/\/rckopen.com\/shop\/"},{"@type":"ListItem","position":3,"name":"Norflurazepam online kopen"}]},{"@type":"WebSite","@id":"https:\/\/rckopen.com\/#website","url":"https:\/\/rckopen.com\/","name":"RC Kopen","description":"Research Chemicals","potentialAction":[{"@type":"SearchAction","target":{"@type":"EntryPoint","urlTemplate":"https:\/\/rckopen.com\/?s={search_term_string}"},"query-input":{"@type":"PropertyValueSpecification","valueRequired":true,"valueName":"search_term_string"}}],"inLanguage":"fr-FR"}]}},"_links":{"self":[{"href":"https:\/\/rckopen.com\/fr\/wp-json\/wp\/v2\/product\/6338","targetHints":{"allow":["GET"]}}],"collection":[{"href":"https:\/\/rckopen.com\/fr\/wp-json\/wp\/v2\/product"}],"about":[{"href":"https:\/\/rckopen.com\/fr\/wp-json\/wp\/v2\/types\/product"}],"replies":[{"embeddable":true,"href":"https:\/\/rckopen.com\/fr\/wp-json\/wp\/v2\/comments?post=6338"}],"wp:featuredmedia":[{"embeddable":true,"href":"https:\/\/rckopen.com\/fr\/wp-json\/wp\/v2\/media\/6368"}],"wp:attachment":[{"href":"https:\/\/rckopen.com\/fr\/wp-json\/wp\/v2\/media?parent=6338"}],"wp:term":[{"taxonomy":"product_brand","embeddable":true,"href":"https:\/\/rckopen.com\/fr\/wp-json\/wp\/v2\/product_brand?post=6338"},{"taxonomy":"product_cat","embeddable":true,"href":"https:\/\/rckopen.com\/fr\/wp-json\/wp\/v2\/product_cat?post=6338"},{"taxonomy":"product_tag","embeddable":true,"href":"https:\/\/rckopen.com\/fr\/wp-json\/wp\/v2\/product_tag?post=6338"}],"curies":[{"name":"wp","href":"https:\/\/api.w.org\/{rel}","templated":true}]}}