{"id":6343,"date":"2023-08-14T13:06:23","date_gmt":"2023-08-14T13:06:23","guid":{"rendered":"https:\/\/diligentplug.com\/chems\/?post_type=product&#038;p=6343"},"modified":"2025-02-05T10:17:02","modified_gmt":"2025-02-05T10:17:02","slug":"5-mapb-brown","status":"publish","type":"product","link":"https:\/\/rckopen.com\/fr\/produit\/5-mapb-marron\/","title":{"rendered":"Achetez 5-MAPB marron en ligne"},"content":{"rendered":"<h2>Achetez 5-MAPB marron en ligne<\/h2>\n<p><a href=\"https:\/\/rckopen.com\/fr\/produit\/5-mapb-marron\/\">5-MAPB brun<\/a>, \u00e9galement connu sous le nom de 5-m\u00e9thylaminopropyl benzofurane (5ma), est un compos\u00e9 synth\u00e9tique appartenant \u00e0 la classe des benzofuranes substitu\u00e9s. Des chansons populaires comme 6-APB, 5-APB et 5-EAPB sont \u00e9galement jou\u00e9es ici. Nous vendons des articles 5-MAPB pesant 0,5 gramme chacun. Ce produit est non seulement recommand\u00e9 aux personnes d\u00e9favoris\u00e9es, mais il est \u00e9galement d\u00e9conseill\u00e9 \u00e0 la consommation. Tenez-le hors de port\u00e9e des animaux domestiques et des enfants et lisez les consignes de s\u00e9curit\u00e9 sur notre site Web avant utilisation. <a href=\"https:\/\/rckopen.com\/fr\/\">RC Shop<\/a><\/p>\n<p>Le 5-MAPB marron est conditionn\u00e9 dans des sacs aux couleurs et au design int\u00e9rieur vari\u00e9s :<br \/>\nOr = deux, Violet = cinq, Bleu = dix, Noir = vingt-cinq, Argent = un.<\/p>\n<h3>Nous exp\u00e9dions tous nos produits dans tous les Pays-Bas.<\/h3>\n<p>Consultez la notice ici.<br \/>\nVenez au V.I.B.<\/p>\n<p>CAS 1823925-53-6 1-(1-benzofuran-5-yl), 5-(2-m\u00e9thylaminopropyl)benzofuran, 5-mapb(1-(benzofuran-5-yl)-N-m\u00e9thylpropan-2-amine, chlorhydrate de N-m\u00e9thylpropan-2-amine Le chlorhydrate<\/p>\n<p>&nbsp;<\/p>","protected":false},"excerpt":{"rendered":"<p><strong>Nom IUPAC : <\/strong>(1-(benzofuran-5-yl)-N-m\u00e9thylpropan-2-amine)<\/p>\n<p><strong>CAS # <\/strong>1823925-53-6<\/p>\n<p><strong>Apparence : <\/strong>poudre brune<\/p>\n<p><strong>Forme : <\/strong>HCl<\/p>\n<p><strong>Analyse RMN : <\/strong>C12H15NO.HCL<\/p>","protected":false},"featured_media":6371,"comment_status":"open","ping_status":"closed","template":"","meta":{"_joinchat":[]},"product_brand":[],"product_cat":[128],"product_tag":[],"class_list":{"0":"post-6343","1":"product","2":"type-product","3":"status-publish","4":"has-post-thumbnail","6":"product_cat-benzodiazepinen","8":"first","9":"instock","10":"shipping-taxable","11":"purchasable","12":"product-type-variable"},"yoast_head":"<!-- This site is optimized with the Yoast SEO plugin v26.3 - https:\/\/yoast.com\/wordpress\/plugins\/seo\/ -->\n<title>5-MAPB Bruin online kopen- 5-MAPB Bruin online te koop<\/title>\n<meta name=\"description\" content=\"Als u 5-MAPB Brown online kopen zonder recept wilt kopen, is rckopen.com de beste plaats om 5-MAPB Brown online te kopen, 5-MAPB Brown te koop, Bestel nu!\" \/>\n<meta name=\"robots\" content=\"index, follow, max-snippet:-1, max-image-preview:large, max-video-preview:-1\" \/>\n<link rel=\"canonical\" href=\"https:\/\/rckopen.com\/fr\/produit\/5-mapb-marron\/\" \/>\n<meta property=\"og:locale\" content=\"fr_FR\" \/>\n<meta property=\"og:type\" content=\"article\" \/>\n<meta property=\"og:title\" content=\"5-MAPB Bruin online kopen- 5-MAPB Bruin online te koop\" \/>\n<meta property=\"og:description\" content=\"Als u 5-MAPB Brown online kopen zonder recept wilt kopen, is rckopen.com de beste plaats om 5-MAPB Brown online te kopen, 5-MAPB Brown te koop, Bestel nu!\" \/>\n<meta property=\"og:url\" content=\"https:\/\/rckopen.com\/fr\/produit\/5-mapb-marron\/\" \/>\n<meta property=\"og:site_name\" content=\"RC Kopen\" \/>\n<meta property=\"article:modified_time\" content=\"2025-02-05T10:17:02+00:00\" \/>\n<meta property=\"og:image\" content=\"https:\/\/rckopen.com\/wp-content\/uploads\/2023\/08\/5-MAPB-brown.jpg\" \/>\n\t<meta property=\"og:image:width\" content=\"600\" \/>\n\t<meta property=\"og:image:height\" content=\"600\" \/>\n\t<meta property=\"og:image:type\" content=\"image\/jpeg\" \/>\n<meta name=\"twitter:card\" content=\"summary_large_image\" \/>\n<meta name=\"twitter:label1\" content=\"Dur\u00e9e de lecture estim\u00e9e\" \/>\n\t<meta name=\"twitter:data1\" content=\"1 minute\" \/>\n<script type=\"application\/ld+json\" class=\"yoast-schema-graph\">{\"@context\":\"https:\/\/schema.org\",\"@graph\":[{\"@type\":\"WebPage\",\"@id\":\"https:\/\/rckopen.com\/product\/5-mapb-brown\/\",\"url\":\"https:\/\/rckopen.com\/product\/5-mapb-brown\/\",\"name\":\"5-MAPB Bruin online kopen- 5-MAPB Bruin online te koop\",\"isPartOf\":{\"@id\":\"https:\/\/rckopen.com\/#website\"},\"primaryImageOfPage\":{\"@id\":\"https:\/\/rckopen.com\/product\/5-mapb-brown\/#primaryimage\"},\"image\":{\"@id\":\"https:\/\/rckopen.com\/product\/5-mapb-brown\/#primaryimage\"},\"thumbnailUrl\":\"https:\/\/rckopen.com\/wp-content\/uploads\/2023\/08\/5-MAPB-brown.jpg\",\"datePublished\":\"2023-08-14T13:06:23+00:00\",\"dateModified\":\"2025-02-05T10:17:02+00:00\",\"description\":\"Als u 5-MAPB Brown online kopen zonder recept wilt kopen, is rckopen.com de beste plaats om 5-MAPB Brown online te kopen, 5-MAPB Brown te koop, Bestel nu!\",\"breadcrumb\":{\"@id\":\"https:\/\/rckopen.com\/product\/5-mapb-brown\/#breadcrumb\"},\"inLanguage\":\"fr-FR\",\"potentialAction\":[{\"@type\":\"ReadAction\",\"target\":[\"https:\/\/rckopen.com\/product\/5-mapb-brown\/\"]}]},{\"@type\":\"ImageObject\",\"inLanguage\":\"fr-FR\",\"@id\":\"https:\/\/rckopen.com\/product\/5-mapb-brown\/#primaryimage\",\"url\":\"https:\/\/rckopen.com\/wp-content\/uploads\/2023\/08\/5-MAPB-brown.jpg\",\"contentUrl\":\"https:\/\/rckopen.com\/wp-content\/uploads\/2023\/08\/5-MAPB-brown.jpg\",\"width\":600,\"height\":600,\"caption\":\"5-MAPB-brown online kopen\"},{\"@type\":\"BreadcrumbList\",\"@id\":\"https:\/\/rckopen.com\/product\/5-mapb-brown\/#breadcrumb\",\"itemListElement\":[{\"@type\":\"ListItem\",\"position\":1,\"name\":\"Home\",\"item\":\"https:\/\/rckopen.com\/\"},{\"@type\":\"ListItem\",\"position\":2,\"name\":\"Shop\",\"item\":\"https:\/\/rckopen.com\/shop\/\"},{\"@type\":\"ListItem\",\"position\":3,\"name\":\"5-MAPB brown Online kopen\"}]},{\"@type\":\"WebSite\",\"@id\":\"https:\/\/rckopen.com\/#website\",\"url\":\"https:\/\/rckopen.com\/\",\"name\":\"RC Kopen\",\"description\":\"Research Chemicals\",\"potentialAction\":[{\"@type\":\"SearchAction\",\"target\":{\"@type\":\"EntryPoint\",\"urlTemplate\":\"https:\/\/rckopen.com\/?s={search_term_string}\"},\"query-input\":{\"@type\":\"PropertyValueSpecification\",\"valueRequired\":true,\"valueName\":\"search_term_string\"}}],\"inLanguage\":\"fr-FR\"}]}<\/script>\n<!-- \/ Yoast SEO plugin. -->","yoast_head_json":{"title":"5-MAPB Bruin online kopen- 5-MAPB Bruin online te koop","description":"Als u 5-MAPB Brown online kopen zonder recept wilt kopen, is rckopen.com de beste plaats om 5-MAPB Brown online te kopen, 5-MAPB Brown te koop, Bestel nu!","robots":{"index":"index","follow":"follow","max-snippet":"max-snippet:-1","max-image-preview":"max-image-preview:large","max-video-preview":"max-video-preview:-1"},"canonical":"https:\/\/rckopen.com\/fr\/produit\/5-mapb-marron\/","og_locale":"fr_FR","og_type":"article","og_title":"5-MAPB Bruin online kopen- 5-MAPB Bruin online te koop","og_description":"Als u 5-MAPB Brown online kopen zonder recept wilt kopen, is rckopen.com de beste plaats om 5-MAPB Brown online te kopen, 5-MAPB Brown te koop, Bestel nu!","og_url":"https:\/\/rckopen.com\/fr\/produit\/5-mapb-marron\/","og_site_name":"RC Kopen","article_modified_time":"2025-02-05T10:17:02+00:00","og_image":[{"width":600,"height":600,"url":"https:\/\/rckopen.com\/wp-content\/uploads\/2023\/08\/5-MAPB-brown.jpg","type":"image\/jpeg"}],"twitter_card":"summary_large_image","twitter_misc":{"Dur\u00e9e de lecture estim\u00e9e":"1 minute"},"schema":{"@context":"https:\/\/schema.org","@graph":[{"@type":"WebPage","@id":"https:\/\/rckopen.com\/product\/5-mapb-brown\/","url":"https:\/\/rckopen.com\/product\/5-mapb-brown\/","name":"5-MAPB Bruin online kopen- 5-MAPB Bruin online te koop","isPartOf":{"@id":"https:\/\/rckopen.com\/#website"},"primaryImageOfPage":{"@id":"https:\/\/rckopen.com\/product\/5-mapb-brown\/#primaryimage"},"image":{"@id":"https:\/\/rckopen.com\/product\/5-mapb-brown\/#primaryimage"},"thumbnailUrl":"https:\/\/rckopen.com\/wp-content\/uploads\/2023\/08\/5-MAPB-brown.jpg","datePublished":"2023-08-14T13:06:23+00:00","dateModified":"2025-02-05T10:17:02+00:00","description":"Als u 5-MAPB Brown online kopen zonder recept wilt kopen, is rckopen.com de beste plaats om 5-MAPB Brown online te kopen, 5-MAPB Brown te koop, Bestel nu!","breadcrumb":{"@id":"https:\/\/rckopen.com\/product\/5-mapb-brown\/#breadcrumb"},"inLanguage":"fr-FR","potentialAction":[{"@type":"ReadAction","target":["https:\/\/rckopen.com\/product\/5-mapb-brown\/"]}]},{"@type":"ImageObject","inLanguage":"fr-FR","@id":"https:\/\/rckopen.com\/product\/5-mapb-brown\/#primaryimage","url":"https:\/\/rckopen.com\/wp-content\/uploads\/2023\/08\/5-MAPB-brown.jpg","contentUrl":"https:\/\/rckopen.com\/wp-content\/uploads\/2023\/08\/5-MAPB-brown.jpg","width":600,"height":600,"caption":"5-MAPB-brown online kopen"},{"@type":"BreadcrumbList","@id":"https:\/\/rckopen.com\/product\/5-mapb-brown\/#breadcrumb","itemListElement":[{"@type":"ListItem","position":1,"name":"Home","item":"https:\/\/rckopen.com\/"},{"@type":"ListItem","position":2,"name":"Shop","item":"https:\/\/rckopen.com\/shop\/"},{"@type":"ListItem","position":3,"name":"5-MAPB brown Online kopen"}]},{"@type":"WebSite","@id":"https:\/\/rckopen.com\/#website","url":"https:\/\/rckopen.com\/","name":"RC Kopen","description":"Research Chemicals","potentialAction":[{"@type":"SearchAction","target":{"@type":"EntryPoint","urlTemplate":"https:\/\/rckopen.com\/?s={search_term_string}"},"query-input":{"@type":"PropertyValueSpecification","valueRequired":true,"valueName":"search_term_string"}}],"inLanguage":"fr-FR"}]}},"_links":{"self":[{"href":"https:\/\/rckopen.com\/fr\/wp-json\/wp\/v2\/product\/6343","targetHints":{"allow":["GET"]}}],"collection":[{"href":"https:\/\/rckopen.com\/fr\/wp-json\/wp\/v2\/product"}],"about":[{"href":"https:\/\/rckopen.com\/fr\/wp-json\/wp\/v2\/types\/product"}],"replies":[{"embeddable":true,"href":"https:\/\/rckopen.com\/fr\/wp-json\/wp\/v2\/comments?post=6343"}],"wp:featuredmedia":[{"embeddable":true,"href":"https:\/\/rckopen.com\/fr\/wp-json\/wp\/v2\/media\/6371"}],"wp:attachment":[{"href":"https:\/\/rckopen.com\/fr\/wp-json\/wp\/v2\/media?parent=6343"}],"wp:term":[{"taxonomy":"product_brand","embeddable":true,"href":"https:\/\/rckopen.com\/fr\/wp-json\/wp\/v2\/product_brand?post=6343"},{"taxonomy":"product_cat","embeddable":true,"href":"https:\/\/rckopen.com\/fr\/wp-json\/wp\/v2\/product_cat?post=6343"},{"taxonomy":"product_tag","embeddable":true,"href":"https:\/\/rckopen.com\/fr\/wp-json\/wp\/v2\/product_tag?post=6343"}],"curies":[{"name":"wp","href":"https:\/\/api.w.org\/{rel}","templated":true}]}}