{"id":6374,"date":"2023-08-14T13:18:43","date_gmt":"2023-08-14T13:18:43","guid":{"rendered":"https:\/\/diligentplug.com\/chems\/?post_type=product&#038;p=6374"},"modified":"2025-02-06T05:34:17","modified_gmt":"2025-02-06T05:34:17","slug":"fluclotizolam-blotters-1mg","status":"publish","type":"product","link":"https:\/\/rckopen.com\/fr\/produit\/fluclotizolam-blotters-1mg\/","title":{"rendered":"Acheter des buvards de fluclotizolam 1 mg en ligne"},"content":{"rendered":"<h2>Acheter des buvards de fluclotizolam 1 mg en ligne<\/h2>\n<p>En tant que nouvelle benzodiaz\u00e9pine, <a href=\"https:\/\/rckopen.com\/fr\/produit\/fluclotizolam-blotters-1mg\/\">fluclotizolam<\/a> Les buvards 1 mg d\u00e9priment le syst\u00e8me nerveux central. Il est consid\u00e9r\u00e9 comme un d\u00e9riv\u00e9 du m\u00e9dicament bien connu de la m\u00eame classe, l'\u00e9tizolam. Dans d'autres pays, l'\u00e9tizolam est principalement utilis\u00e9 comme m\u00e9dicament anti-anxi\u00e9t\u00e9 sur ordonnance. Bien qu'il soit trois fois plus puissant que l'\u00e9tizolam, les effets du fluclotizolam blotters 1 mg ne durent que la moiti\u00e9 de la dur\u00e9e, g\u00e9n\u00e9ralement jusqu'\u00e0 six heures. Sa forme pure est une simple poudre blanche qui est g\u00e9n\u00e9ralement vendue sous forme de minuscule pilule ou de comprim\u00e9 ou de papier buvard. Il a presque l'apparence de la farine. Il a \u00e9galement \u00e9t\u00e9 consomm\u00e9 sous forme liquide.<\/p>\n<h3>Effets des buvards de fluclotizolam 1 mg<\/h3>\n<p>Pour l\u2019instant, les seules preuves scientifiques ou anecdotiques dont nous disposons proviennent des tests et des saisies effectu\u00e9s par les services de police antidrogue. Nous savons qu\u2019il s\u2019agit d\u2019une sorte de relaxant de type benzodiaz\u00e9pine qui rend les gens somnolents. De plus, contrairement \u00e0 d\u2019autres benzodiaz\u00e9pines et thi\u00e9nodiaz\u00e9pines, ce n\u2019est pas un anxiolytique l\u00e9ger. D\u00e9presseur du syst\u00e8me neurologique, le fluclotizolam peut provoquer des \u00ab black-outs \u00bb. Certains utilisateurs se sont plaints d\u2019une mauvaise coordination, de troubles de l\u2019\u00e9locution, de temps de r\u00e9action lents et d\u2019une perte de contr\u00f4le musculaire. Le fluclotizolam entra\u00eene g\u00e9n\u00e9ralement un mauvais jugement et m\u00eame une amn\u00e9sie, bien qu\u2019il rende certains utilisateurs moins inhib\u00e9s. La dose habituelle de ce m\u00e9dicament, qui a des effets hypnotiques, est de 0,5 mg sur du papier buvard imbib\u00e9 de liquide. <a href=\"https:\/\/rckopen.com\/fr\/\">RCkopen<\/a><\/p>\n<h3>Fluclotizolam\u2019s past<\/h3>\n<p>Hoffmann La Roche, Inc. a synth\u00e9tis\u00e9 le fluclotizolam blotters 1mg pour la premi\u00e8re fois en 1979, et il a ensuite \u00e9t\u00e9 brevet\u00e9. Le m\u00e9dicament a \u00e9t\u00e9 initialement propos\u00e9 \u00e0 la vente sur des march\u00e9s illicites en 2017 en tant que \u00ab produit chimique de recherche \u00bb l\u00e9gitime. Plus tard dans l'ann\u00e9e, les premi\u00e8res saisies par les forces de l'ordre ont eu lieu en Su\u00e8de et au Danemark ; les substances \u00e9taient d\u00e9crites comme de petits comprim\u00e9s verts et du papier buvard. Aux \u00c9tats-Unis, dans certains \u00c9tats, il est actuellement l\u00e9gal car il n'est pas r\u00e9pertori\u00e9. Seuls quelques pays ont rendu le fluclotizolam blotters 1mg ill\u00e9gal, bien qu'il soit toujours reconnu comme une nouvelle drogue psychoactive (NPS).<\/p>","protected":false},"excerpt":{"rendered":"<p><strong>Nom IUPAC : <\/strong>2-chloro-4-(2-fluorophenyl)-9-methyl-6H-thieno[3,2-f][1,2,4]triazolo[4,3-a][1,4]diazepine<\/p>\n<p><strong>CAS # <\/strong>54123-15-8<\/p>\n<p><strong>Forme : <\/strong>buvards<\/p>\n<p><strong>Analyse RMN : <\/strong>C15H10ClFN4S<\/p>","protected":false},"featured_media":6380,"comment_status":"open","ping_status":"closed","template":"","meta":{"_joinchat":[]},"product_brand":[],"product_cat":[130],"product_tag":[],"class_list":{"0":"post-6374","1":"product","2":"type-product","3":"status-publish","4":"has-post-thumbnail","6":"product_cat-blotters","8":"first","9":"instock","10":"shipping-taxable","11":"purchasable","12":"product-type-variable"},"yoast_head":"<!-- This site is optimized with the Yoast SEO plugin v26.3 - https:\/\/yoast.com\/wordpress\/plugins\/seo\/ -->\n<title>Fluclotizolam-blotters 1 mg online kopen | RCkopen<\/title>\n<meta name=\"description\" content=\"U kunt Flubrotizolam Blotters 1mg online kopen tegen de beste prijzen via onze online Rc kopen. We hebben goedkope en hoogwaardige Flubrotizolam-blotters 1 mg te koop en bieden wereldwijde levering. U kunt overal en altijd bestellen.\" \/>\n<meta name=\"robots\" content=\"index, follow, max-snippet:-1, max-image-preview:large, max-video-preview:-1\" \/>\n<link rel=\"canonical\" href=\"https:\/\/rckopen.com\/fr\/produit\/fluclotizolam-blotters-1mg\/\" \/>\n<meta property=\"og:locale\" content=\"fr_FR\" \/>\n<meta property=\"og:type\" content=\"article\" \/>\n<meta property=\"og:title\" content=\"Fluclotizolam-blotters 1 mg online kopen | RCkopen\" \/>\n<meta property=\"og:description\" content=\"U kunt Flubrotizolam Blotters 1mg online kopen tegen de beste prijzen via onze online Rc kopen. We hebben goedkope en hoogwaardige Flubrotizolam-blotters 1 mg te koop en bieden wereldwijde levering. U kunt overal en altijd bestellen.\" \/>\n<meta property=\"og:url\" content=\"https:\/\/rckopen.com\/fr\/produit\/fluclotizolam-blotters-1mg\/\" \/>\n<meta property=\"og:site_name\" content=\"RC Kopen\" \/>\n<meta property=\"article:modified_time\" content=\"2025-02-06T05:34:17+00:00\" \/>\n<meta property=\"og:image\" content=\"https:\/\/rckopen.com\/wp-content\/uploads\/2023\/08\/fluclotizolam-blotters-1mg.jpg\" \/>\n\t<meta property=\"og:image:width\" content=\"600\" \/>\n\t<meta property=\"og:image:height\" content=\"600\" \/>\n\t<meta property=\"og:image:type\" content=\"image\/jpeg\" \/>\n<meta name=\"twitter:card\" content=\"summary_large_image\" \/>\n<meta name=\"twitter:label1\" content=\"Dur\u00e9e de lecture estim\u00e9e\" \/>\n\t<meta name=\"twitter:data1\" content=\"2 minutes\" \/>\n<script type=\"application\/ld+json\" class=\"yoast-schema-graph\">{\"@context\":\"https:\/\/schema.org\",\"@graph\":[{\"@type\":\"WebPage\",\"@id\":\"https:\/\/rckopen.com\/product\/fluclotizolam-blotters-1mg\/\",\"url\":\"https:\/\/rckopen.com\/product\/fluclotizolam-blotters-1mg\/\",\"name\":\"Fluclotizolam-blotters 1 mg online kopen | RCkopen\",\"isPartOf\":{\"@id\":\"https:\/\/rckopen.com\/#website\"},\"primaryImageOfPage\":{\"@id\":\"https:\/\/rckopen.com\/product\/fluclotizolam-blotters-1mg\/#primaryimage\"},\"image\":{\"@id\":\"https:\/\/rckopen.com\/product\/fluclotizolam-blotters-1mg\/#primaryimage\"},\"thumbnailUrl\":\"https:\/\/rckopen.com\/wp-content\/uploads\/2023\/08\/fluclotizolam-blotters-1mg.jpg\",\"datePublished\":\"2023-08-14T13:18:43+00:00\",\"dateModified\":\"2025-02-06T05:34:17+00:00\",\"description\":\"U kunt Flubrotizolam Blotters 1mg online kopen tegen de beste prijzen via onze online Rc kopen. We hebben goedkope en hoogwaardige Flubrotizolam-blotters 1 mg te koop en bieden wereldwijde levering. U kunt overal en altijd bestellen.\",\"breadcrumb\":{\"@id\":\"https:\/\/rckopen.com\/product\/fluclotizolam-blotters-1mg\/#breadcrumb\"},\"inLanguage\":\"fr-FR\",\"potentialAction\":[{\"@type\":\"ReadAction\",\"target\":[\"https:\/\/rckopen.com\/product\/fluclotizolam-blotters-1mg\/\"]}]},{\"@type\":\"ImageObject\",\"inLanguage\":\"fr-FR\",\"@id\":\"https:\/\/rckopen.com\/product\/fluclotizolam-blotters-1mg\/#primaryimage\",\"url\":\"https:\/\/rckopen.com\/wp-content\/uploads\/2023\/08\/fluclotizolam-blotters-1mg.jpg\",\"contentUrl\":\"https:\/\/rckopen.com\/wp-content\/uploads\/2023\/08\/fluclotizolam-blotters-1mg.jpg\",\"width\":600,\"height\":600,\"caption\":\"fluclotizolam-blotters-1mg online kopen\"},{\"@type\":\"BreadcrumbList\",\"@id\":\"https:\/\/rckopen.com\/product\/fluclotizolam-blotters-1mg\/#breadcrumb\",\"itemListElement\":[{\"@type\":\"ListItem\",\"position\":1,\"name\":\"Home\",\"item\":\"https:\/\/rckopen.com\/\"},{\"@type\":\"ListItem\",\"position\":2,\"name\":\"Shop\",\"item\":\"https:\/\/rckopen.com\/shop\/\"},{\"@type\":\"ListItem\",\"position\":3,\"name\":\"fluclotizolam blotters 1mg online kopen\"}]},{\"@type\":\"WebSite\",\"@id\":\"https:\/\/rckopen.com\/#website\",\"url\":\"https:\/\/rckopen.com\/\",\"name\":\"RC Kopen\",\"description\":\"Research Chemicals\",\"potentialAction\":[{\"@type\":\"SearchAction\",\"target\":{\"@type\":\"EntryPoint\",\"urlTemplate\":\"https:\/\/rckopen.com\/?s={search_term_string}\"},\"query-input\":{\"@type\":\"PropertyValueSpecification\",\"valueRequired\":true,\"valueName\":\"search_term_string\"}}],\"inLanguage\":\"fr-FR\"}]}<\/script>\n<!-- \/ Yoast SEO plugin. -->","yoast_head_json":{"title":"Fluclotizolam-blotters 1 mg online kopen | RCkopen","description":"U kunt Flubrotizolam Blotters 1mg online kopen tegen de beste prijzen via onze online Rc kopen. We hebben goedkope en hoogwaardige Flubrotizolam-blotters 1 mg te koop en bieden wereldwijde levering. U kunt overal en altijd bestellen.","robots":{"index":"index","follow":"follow","max-snippet":"max-snippet:-1","max-image-preview":"max-image-preview:large","max-video-preview":"max-video-preview:-1"},"canonical":"https:\/\/rckopen.com\/fr\/produit\/fluclotizolam-blotters-1mg\/","og_locale":"fr_FR","og_type":"article","og_title":"Fluclotizolam-blotters 1 mg online kopen | RCkopen","og_description":"U kunt Flubrotizolam Blotters 1mg online kopen tegen de beste prijzen via onze online Rc kopen. We hebben goedkope en hoogwaardige Flubrotizolam-blotters 1 mg te koop en bieden wereldwijde levering. U kunt overal en altijd bestellen.","og_url":"https:\/\/rckopen.com\/fr\/produit\/fluclotizolam-blotters-1mg\/","og_site_name":"RC Kopen","article_modified_time":"2025-02-06T05:34:17+00:00","og_image":[{"width":600,"height":600,"url":"https:\/\/rckopen.com\/wp-content\/uploads\/2023\/08\/fluclotizolam-blotters-1mg.jpg","type":"image\/jpeg"}],"twitter_card":"summary_large_image","twitter_misc":{"Dur\u00e9e de lecture estim\u00e9e":"2 minutes"},"schema":{"@context":"https:\/\/schema.org","@graph":[{"@type":"WebPage","@id":"https:\/\/rckopen.com\/product\/fluclotizolam-blotters-1mg\/","url":"https:\/\/rckopen.com\/product\/fluclotizolam-blotters-1mg\/","name":"Fluclotizolam-blotters 1 mg online kopen | RCkopen","isPartOf":{"@id":"https:\/\/rckopen.com\/#website"},"primaryImageOfPage":{"@id":"https:\/\/rckopen.com\/product\/fluclotizolam-blotters-1mg\/#primaryimage"},"image":{"@id":"https:\/\/rckopen.com\/product\/fluclotizolam-blotters-1mg\/#primaryimage"},"thumbnailUrl":"https:\/\/rckopen.com\/wp-content\/uploads\/2023\/08\/fluclotizolam-blotters-1mg.jpg","datePublished":"2023-08-14T13:18:43+00:00","dateModified":"2025-02-06T05:34:17+00:00","description":"U kunt Flubrotizolam Blotters 1mg online kopen tegen de beste prijzen via onze online Rc kopen. We hebben goedkope en hoogwaardige Flubrotizolam-blotters 1 mg te koop en bieden wereldwijde levering. U kunt overal en altijd bestellen.","breadcrumb":{"@id":"https:\/\/rckopen.com\/product\/fluclotizolam-blotters-1mg\/#breadcrumb"},"inLanguage":"fr-FR","potentialAction":[{"@type":"ReadAction","target":["https:\/\/rckopen.com\/product\/fluclotizolam-blotters-1mg\/"]}]},{"@type":"ImageObject","inLanguage":"fr-FR","@id":"https:\/\/rckopen.com\/product\/fluclotizolam-blotters-1mg\/#primaryimage","url":"https:\/\/rckopen.com\/wp-content\/uploads\/2023\/08\/fluclotizolam-blotters-1mg.jpg","contentUrl":"https:\/\/rckopen.com\/wp-content\/uploads\/2023\/08\/fluclotizolam-blotters-1mg.jpg","width":600,"height":600,"caption":"fluclotizolam-blotters-1mg online kopen"},{"@type":"BreadcrumbList","@id":"https:\/\/rckopen.com\/product\/fluclotizolam-blotters-1mg\/#breadcrumb","itemListElement":[{"@type":"ListItem","position":1,"name":"Home","item":"https:\/\/rckopen.com\/"},{"@type":"ListItem","position":2,"name":"Shop","item":"https:\/\/rckopen.com\/shop\/"},{"@type":"ListItem","position":3,"name":"fluclotizolam blotters 1mg online kopen"}]},{"@type":"WebSite","@id":"https:\/\/rckopen.com\/#website","url":"https:\/\/rckopen.com\/","name":"RC Kopen","description":"Research Chemicals","potentialAction":[{"@type":"SearchAction","target":{"@type":"EntryPoint","urlTemplate":"https:\/\/rckopen.com\/?s={search_term_string}"},"query-input":{"@type":"PropertyValueSpecification","valueRequired":true,"valueName":"search_term_string"}}],"inLanguage":"fr-FR"}]}},"_links":{"self":[{"href":"https:\/\/rckopen.com\/fr\/wp-json\/wp\/v2\/product\/6374","targetHints":{"allow":["GET"]}}],"collection":[{"href":"https:\/\/rckopen.com\/fr\/wp-json\/wp\/v2\/product"}],"about":[{"href":"https:\/\/rckopen.com\/fr\/wp-json\/wp\/v2\/types\/product"}],"replies":[{"embeddable":true,"href":"https:\/\/rckopen.com\/fr\/wp-json\/wp\/v2\/comments?post=6374"}],"wp:featuredmedia":[{"embeddable":true,"href":"https:\/\/rckopen.com\/fr\/wp-json\/wp\/v2\/media\/6380"}],"wp:attachment":[{"href":"https:\/\/rckopen.com\/fr\/wp-json\/wp\/v2\/media?parent=6374"}],"wp:term":[{"taxonomy":"product_brand","embeddable":true,"href":"https:\/\/rckopen.com\/fr\/wp-json\/wp\/v2\/product_brand?post=6374"},{"taxonomy":"product_cat","embeddable":true,"href":"https:\/\/rckopen.com\/fr\/wp-json\/wp\/v2\/product_cat?post=6374"},{"taxonomy":"product_tag","embeddable":true,"href":"https:\/\/rckopen.com\/fr\/wp-json\/wp\/v2\/product_tag?post=6374"}],"curies":[{"name":"wp","href":"https:\/\/api.w.org\/{rel}","templated":true}]}}