{"id":6375,"date":"2023-08-14T13:21:19","date_gmt":"2023-08-14T13:21:19","guid":{"rendered":"https:\/\/diligentplug.com\/chems\/?post_type=product&#038;p=6375"},"modified":"2026-02-28T12:18:50","modified_gmt":"2026-02-28T12:18:50","slug":"1v-lsd-150mcg-blotters","status":"publish","type":"product","link":"https:\/\/rckopen.com\/fr\/produit\/1v-lsd-150mcg-blotters\/","title":{"rendered":"Achetez des buvards 1V-LSD 150mcg en ligne"},"content":{"rendered":"<h2><b><span dir=\"auto\" style=\"vertical-align: inherit;\"><span dir=\"auto\" style=\"vertical-align: inherit;\">Buy 1V-LSD 150mcg Blotters Online \u2013 Premium Psychedelic Experience<\/span><\/span><\/b><\/h2>\n<h3><b><span dir=\"auto\" style=\"vertical-align: inherit;\"><span dir=\"auto\" style=\"vertical-align: inherit;\">Qu'est-ce que le 1V-LSD ?<\/span><\/span><\/b><\/h3>\n<p><span style=\"font-weight: 400;\"><strong><a href=\"https:\/\/en.wikipedia.org\/wiki\/1V-LSD\"><span dir=\"auto\" style=\"vertical-align: inherit;\"><span dir=\"auto\" style=\"vertical-align: inherit;\">1V-LSD (di\u00e9thylamide de l'acide 1-val\u00e9ryl-lysergique)<\/span><\/span><\/a><\/strong><span dir=\"auto\" style=\"vertical-align: inherit;\"><span dir=\"auto\" style=\"vertical-align: inherit;\"> Le 1V-LSD est un nouveau psych\u00e9d\u00e9lique proche du LSD classique, mais dot\u00e9 de propri\u00e9t\u00e9s uniques. Appartenant \u00e0 la famille des lysergamides, il offre une exp\u00e9rience psych\u00e9d\u00e9lique singuli\u00e8re. Chimiquement, le 1V-LSD contient un groupe val\u00e9ryle qui influence ses effets. Compar\u00e9 au LSD, le 1V-LSD est souvent d\u00e9crit comme un voyage lucide et introspectif, propice \u00e0 de profondes prises de conscience. De ce fait, sa popularit\u00e9 au sein de la communaut\u00e9 psych\u00e9d\u00e9lique cro\u00eet rapidement.<\/span><\/span><\/span><\/p>\n<h3><b><span dir=\"auto\" style=\"vertical-align: inherit;\"><span dir=\"auto\" style=\"vertical-align: inherit;\">Comprendre le dosage de 150 mcg<\/span><\/span><\/b><\/h3>\n<p><span style=\"font-weight: 400;\"><span dir=\"auto\" style=\"vertical-align: inherit;\"><span dir=\"auto\" style=\"vertical-align: inherit;\">Chaque buvard contient pr\u00e9cis\u00e9ment 150 microgrammes de 1V-LSD, pour une exp\u00e9rience puissante mais ma\u00eetrisable. Ce dosage est id\u00e9al pour les consommateurs exp\u00e9riment\u00e9s recherchant des hallucinations visuelles intenses, une inspiration cr\u00e9ative et des intuitions spirituelles sans \u00eatre submerg\u00e9s. Il est conseill\u00e9 aux d\u00e9butants de commencer par une faible dose. La s\u00e9curit\u00e9 est primordiale\u00a0: commencez par une faible dose, \u00e9vitez de combiner avec d\u2019autres substances et assurez-vous d\u2019\u00eatre dans un environnement s\u00fbr.<\/span><\/span><\/span><\/p>\n<h3><b><span dir=\"auto\" style=\"vertical-align: inherit;\"><span dir=\"auto\" style=\"vertical-align: inherit;\">Avantages des buvards pour le 1V-LSD<\/span><\/span><\/b><\/h3>\n<p><span style=\"font-weight: 400;\"><span dir=\"auto\" style=\"vertical-align: inherit;\"><span dir=\"auto\" style=\"vertical-align: inherit;\">Les buvards sont la forme privil\u00e9gi\u00e9e de 1V-LSD gr\u00e2ce \u00e0 leur dosage pr\u00e9cis, leur facilit\u00e9 d'utilisation et leur discr\u00e9tion. Leur format papier permet une absorption rapide par la muqueuse buccale, garantissant une efficacit\u00e9 fiable. Portables et discrets, les buvards sont parfaits pour ceux qui privil\u00e9gient la confidentialit\u00e9 et la simplicit\u00e9.<\/span><\/span><\/span><\/p>\n<h3><b><span dir=\"auto\" style=\"vertical-align: inherit;\"><span dir=\"auto\" style=\"vertical-align: inherit;\">O\u00f9 acheter des buvards de 1V-LSD 150 mcg en ligne ?<\/span><\/span><\/b><\/h3>\n<p><span style=\"font-weight: 400;\"><span dir=\"auto\" style=\"vertical-align: inherit;\"><span dir=\"auto\" style=\"vertical-align: inherit;\">When purchasing 1V-LSD 150mcg blotters online, it&#8217;s essential to choose reputable sellers. They offer lab-tested products, transparent origins, and discreet shipping. Verify authenticity using batch test certificates, the recognizable ST Design 1 logo, and positive customer reviews. Be aware of local regulations, which can vary significantly. Inform yourself thoroughly before ordering. <a href=\"https:\/\/rckopen.com\/fr\/\">Rckopen<\/a><\/span><\/span><\/span><\/p>\n<h3><b><span dir=\"auto\" style=\"vertical-align: inherit;\"><span dir=\"auto\" style=\"vertical-align: inherit;\">Comment acheter et utiliser en toute s\u00e9curit\u00e9 des buvards de 1V-LSD ?<\/span><\/span><\/b><\/h3>\n<p><span style=\"font-weight: 400;\"><span dir=\"auto\" style=\"vertical-align: inherit;\"><span dir=\"auto\" style=\"vertical-align: inherit;\">Utilisez des m\u00e9thodes de paiement s\u00e9curis\u00e9es comme les cryptomonnaies ou les plateformes de paiement reconnues pour prot\u00e9ger votre vie priv\u00e9e. Respectez toujours la posologie, commencez par une faible dose si vous ne connaissez pas le m\u00e9dicament et utilisez-le dans un environnement s\u00fbr et confortable. Conservez les buvards dans un endroit frais, sec et \u00e0 l'abri de la lumi\u00e8re pour pr\u00e9server leur efficacit\u00e9.<\/span><\/span><\/span><\/p>\n<h3><b><span dir=\"auto\" style=\"vertical-align: inherit;\"><span dir=\"auto\" style=\"vertical-align: inherit;\">Conclusion<\/span><\/span><\/b><\/h3>\n<p><span style=\"font-weight: 400;\"><span dir=\"auto\" style=\"vertical-align: inherit;\"><span dir=\"auto\" style=\"vertical-align: inherit;\">Les buvards de 1V-LSD 150 mcg offrent une exp\u00e9rience psych\u00e9d\u00e9lique puissante et de haute qualit\u00e9, dans un emballage pratique et discret. Parfaits pour ceux qui recherchent une alternative au LSD traditionnel, alliant qualit\u00e9 et s\u00e9curit\u00e9. Vous souhaitez acheter des buvards de 1V-LSD 150 mcg en ligne\u00a0? Privil\u00e9giez toujours les fournisseurs fiables proposant des produits test\u00e9s et certifi\u00e9s \u00e0 un prix comp\u00e9titif.<\/span><\/span><\/span><\/p>\n<p><b><a href=\"https:\/\/rckopen.com\/fr\/produit\/1v-lsd-150mcg-blotters\/\"><span dir=\"auto\" style=\"vertical-align: inherit;\"><span dir=\"auto\" style=\"vertical-align: inherit;\">Pr\u00eat \u00e0 explorer ? Commandez vos buvards de 1V-LSD 150 mcg en ligne.<\/span><\/span><\/a><span dir=\"auto\" style=\"vertical-align: inherit;\"><span dir=\"auto\" style=\"vertical-align: inherit;\"> today from <\/span><span dir=\"auto\" style=\"vertical-align: inherit;\">Meilleure vente\u00a0! B\u00e9n\u00e9ficiez d\u2019une livraison s\u00e9curis\u00e9e et discr\u00e8te et d\u2019un prix avantageux\u00a0!<\/span><\/span><\/b><\/p>","protected":false},"excerpt":{"rendered":"<p><strong><span dir=\"auto\" style=\"vertical-align: inherit;\"><span dir=\"auto\" style=\"vertical-align: inherit;\">Apparence :<\/span><\/span><\/strong><span dir=\"auto\" style=\"vertical-align: inherit;\"><span dir=\"auto\" style=\"vertical-align: inherit;\"> buvards<\/span><\/span><\/p>\n<p><strong><span dir=\"auto\" style=\"vertical-align: inherit;\"><span dir=\"auto\" style=\"vertical-align: inherit;\">Forme :<\/span><\/span><\/strong><span dir=\"auto\" style=\"vertical-align: inherit;\"><span dir=\"auto\" style=\"vertical-align: inherit;\"> buvards<\/span><\/span><\/p>","protected":false},"featured_media":6381,"comment_status":"open","ping_status":"closed","template":"","meta":{"_joinchat":[]},"product_brand":[],"product_cat":[130],"product_tag":[],"class_list":{"0":"post-6375","1":"product","2":"type-product","3":"status-publish","4":"has-post-thumbnail","6":"product_cat-blotters","8":"first","9":"instock","10":"shipping-taxable","11":"purchasable","12":"product-type-variable"},"yoast_head":"<!-- This site is optimized with the Yoast SEO plugin v26.3 - https:\/\/yoast.com\/wordpress\/plugins\/seo\/ -->\n<title>1V-LSD-150MCG-blotters online kopen - 1V-LSD-150MCG kopen<\/title>\n<meta name=\"description\" content=\"1v-lsd-150mcg-blotters online kopen in onze vertrouwde online winkel voor producten van topkwaliteit. kopen 1v-lsd-150mcg-blotters eenvoudig en veilig te koop op ons platform voor ultieme klanttevredenheid. Bestel nu!\" \/>\n<meta name=\"robots\" content=\"index, follow, max-snippet:-1, max-image-preview:large, max-video-preview:-1\" \/>\n<link rel=\"canonical\" href=\"https:\/\/rckopen.com\/fr\/produit\/1v-lsd-150mcg-blotters\/\" \/>\n<meta property=\"og:locale\" content=\"fr_FR\" \/>\n<meta property=\"og:type\" content=\"article\" \/>\n<meta property=\"og:title\" content=\"1V-LSD-150MCG-blotters online kopen - 1V-LSD-150MCG kopen\" \/>\n<meta property=\"og:description\" content=\"1v-lsd-150mcg-blotters online kopen in onze vertrouwde online winkel voor producten van topkwaliteit. kopen 1v-lsd-150mcg-blotters eenvoudig en veilig te koop op ons platform voor ultieme klanttevredenheid. Bestel nu!\" \/>\n<meta property=\"og:url\" content=\"https:\/\/rckopen.com\/fr\/produit\/1v-lsd-150mcg-blotters\/\" \/>\n<meta property=\"og:site_name\" content=\"RC Kopen\" \/>\n<meta property=\"article:modified_time\" content=\"2026-02-28T12:18:50+00:00\" \/>\n<meta property=\"og:image\" content=\"https:\/\/rckopen.com\/wp-content\/uploads\/2023\/08\/1V-LSD-150mcg-Blotters.jpg\" \/>\n\t<meta property=\"og:image:width\" content=\"600\" \/>\n\t<meta property=\"og:image:height\" content=\"600\" \/>\n\t<meta property=\"og:image:type\" content=\"image\/jpeg\" \/>\n<meta name=\"twitter:card\" content=\"summary_large_image\" \/>\n<meta name=\"twitter:label1\" content=\"Dur\u00e9e de lecture estim\u00e9e\" \/>\n\t<meta name=\"twitter:data1\" content=\"2 minutes\" \/>\n<script type=\"application\/ld+json\" class=\"yoast-schema-graph\">{\"@context\":\"https:\/\/schema.org\",\"@graph\":[{\"@type\":\"WebPage\",\"@id\":\"https:\/\/rckopen.com\/product\/1v-lsd-150mcg-blotters\/\",\"url\":\"https:\/\/rckopen.com\/product\/1v-lsd-150mcg-blotters\/\",\"name\":\"1V-LSD-150MCG-blotters online kopen - 1V-LSD-150MCG kopen\",\"isPartOf\":{\"@id\":\"https:\/\/rckopen.com\/#website\"},\"primaryImageOfPage\":{\"@id\":\"https:\/\/rckopen.com\/product\/1v-lsd-150mcg-blotters\/#primaryimage\"},\"image\":{\"@id\":\"https:\/\/rckopen.com\/product\/1v-lsd-150mcg-blotters\/#primaryimage\"},\"thumbnailUrl\":\"https:\/\/rckopen.com\/wp-content\/uploads\/2023\/08\/1V-LSD-150mcg-Blotters.jpg\",\"datePublished\":\"2023-08-14T13:21:19+00:00\",\"dateModified\":\"2026-02-28T12:18:50+00:00\",\"description\":\"1v-lsd-150mcg-blotters online kopen in onze vertrouwde online winkel voor producten van topkwaliteit. kopen 1v-lsd-150mcg-blotters eenvoudig en veilig te koop op ons platform voor ultieme klanttevredenheid. Bestel nu!\",\"breadcrumb\":{\"@id\":\"https:\/\/rckopen.com\/product\/1v-lsd-150mcg-blotters\/#breadcrumb\"},\"inLanguage\":\"fr-FR\",\"potentialAction\":[{\"@type\":\"ReadAction\",\"target\":[\"https:\/\/rckopen.com\/product\/1v-lsd-150mcg-blotters\/\"]}]},{\"@type\":\"ImageObject\",\"inLanguage\":\"fr-FR\",\"@id\":\"https:\/\/rckopen.com\/product\/1v-lsd-150mcg-blotters\/#primaryimage\",\"url\":\"https:\/\/rckopen.com\/wp-content\/uploads\/2023\/08\/1V-LSD-150mcg-Blotters.jpg\",\"contentUrl\":\"https:\/\/rckopen.com\/wp-content\/uploads\/2023\/08\/1V-LSD-150mcg-Blotters.jpg\",\"width\":600,\"height\":600,\"caption\":\"1V-LSD 150mcg Blotters Online Kopen\"},{\"@type\":\"BreadcrumbList\",\"@id\":\"https:\/\/rckopen.com\/product\/1v-lsd-150mcg-blotters\/#breadcrumb\",\"itemListElement\":[{\"@type\":\"ListItem\",\"position\":1,\"name\":\"Home\",\"item\":\"https:\/\/rckopen.com\/\"},{\"@type\":\"ListItem\",\"position\":2,\"name\":\"Shop\",\"item\":\"https:\/\/rckopen.com\/shop\/\"},{\"@type\":\"ListItem\",\"position\":3,\"name\":\"1V-LSD 150mcg Blotters Online Kopen\"}]},{\"@type\":\"WebSite\",\"@id\":\"https:\/\/rckopen.com\/#website\",\"url\":\"https:\/\/rckopen.com\/\",\"name\":\"RC Kopen\",\"description\":\"Research Chemicals\",\"potentialAction\":[{\"@type\":\"SearchAction\",\"target\":{\"@type\":\"EntryPoint\",\"urlTemplate\":\"https:\/\/rckopen.com\/?s={search_term_string}\"},\"query-input\":{\"@type\":\"PropertyValueSpecification\",\"valueRequired\":true,\"valueName\":\"search_term_string\"}}],\"inLanguage\":\"fr-FR\"}]}<\/script>\n<!-- \/ Yoast SEO plugin. -->","yoast_head_json":{"title":"1V-LSD-150MCG-blotters online kopen - 1V-LSD-150MCG kopen","description":"1v-lsd-150mcg-blotters online kopen in onze vertrouwde online winkel voor producten van topkwaliteit. kopen 1v-lsd-150mcg-blotters eenvoudig en veilig te koop op ons platform voor ultieme klanttevredenheid. Bestel nu!","robots":{"index":"index","follow":"follow","max-snippet":"max-snippet:-1","max-image-preview":"max-image-preview:large","max-video-preview":"max-video-preview:-1"},"canonical":"https:\/\/rckopen.com\/fr\/produit\/1v-lsd-150mcg-blotters\/","og_locale":"fr_FR","og_type":"article","og_title":"1V-LSD-150MCG-blotters online kopen - 1V-LSD-150MCG kopen","og_description":"1v-lsd-150mcg-blotters online kopen in onze vertrouwde online winkel voor producten van topkwaliteit. kopen 1v-lsd-150mcg-blotters eenvoudig en veilig te koop op ons platform voor ultieme klanttevredenheid. Bestel nu!","og_url":"https:\/\/rckopen.com\/fr\/produit\/1v-lsd-150mcg-blotters\/","og_site_name":"RC Kopen","article_modified_time":"2026-02-28T12:18:50+00:00","og_image":[{"width":600,"height":600,"url":"https:\/\/rckopen.com\/wp-content\/uploads\/2023\/08\/1V-LSD-150mcg-Blotters.jpg","type":"image\/jpeg"}],"twitter_card":"summary_large_image","twitter_misc":{"Dur\u00e9e de lecture estim\u00e9e":"2 minutes"},"schema":{"@context":"https:\/\/schema.org","@graph":[{"@type":"WebPage","@id":"https:\/\/rckopen.com\/product\/1v-lsd-150mcg-blotters\/","url":"https:\/\/rckopen.com\/product\/1v-lsd-150mcg-blotters\/","name":"1V-LSD-150MCG-blotters online kopen - 1V-LSD-150MCG kopen","isPartOf":{"@id":"https:\/\/rckopen.com\/#website"},"primaryImageOfPage":{"@id":"https:\/\/rckopen.com\/product\/1v-lsd-150mcg-blotters\/#primaryimage"},"image":{"@id":"https:\/\/rckopen.com\/product\/1v-lsd-150mcg-blotters\/#primaryimage"},"thumbnailUrl":"https:\/\/rckopen.com\/wp-content\/uploads\/2023\/08\/1V-LSD-150mcg-Blotters.jpg","datePublished":"2023-08-14T13:21:19+00:00","dateModified":"2026-02-28T12:18:50+00:00","description":"1v-lsd-150mcg-blotters online kopen in onze vertrouwde online winkel voor producten van topkwaliteit. kopen 1v-lsd-150mcg-blotters eenvoudig en veilig te koop op ons platform voor ultieme klanttevredenheid. Bestel nu!","breadcrumb":{"@id":"https:\/\/rckopen.com\/product\/1v-lsd-150mcg-blotters\/#breadcrumb"},"inLanguage":"fr-FR","potentialAction":[{"@type":"ReadAction","target":["https:\/\/rckopen.com\/product\/1v-lsd-150mcg-blotters\/"]}]},{"@type":"ImageObject","inLanguage":"fr-FR","@id":"https:\/\/rckopen.com\/product\/1v-lsd-150mcg-blotters\/#primaryimage","url":"https:\/\/rckopen.com\/wp-content\/uploads\/2023\/08\/1V-LSD-150mcg-Blotters.jpg","contentUrl":"https:\/\/rckopen.com\/wp-content\/uploads\/2023\/08\/1V-LSD-150mcg-Blotters.jpg","width":600,"height":600,"caption":"1V-LSD 150mcg Blotters Online Kopen"},{"@type":"BreadcrumbList","@id":"https:\/\/rckopen.com\/product\/1v-lsd-150mcg-blotters\/#breadcrumb","itemListElement":[{"@type":"ListItem","position":1,"name":"Home","item":"https:\/\/rckopen.com\/"},{"@type":"ListItem","position":2,"name":"Shop","item":"https:\/\/rckopen.com\/shop\/"},{"@type":"ListItem","position":3,"name":"1V-LSD 150mcg Blotters Online Kopen"}]},{"@type":"WebSite","@id":"https:\/\/rckopen.com\/#website","url":"https:\/\/rckopen.com\/","name":"RC Kopen","description":"Research Chemicals","potentialAction":[{"@type":"SearchAction","target":{"@type":"EntryPoint","urlTemplate":"https:\/\/rckopen.com\/?s={search_term_string}"},"query-input":{"@type":"PropertyValueSpecification","valueRequired":true,"valueName":"search_term_string"}}],"inLanguage":"fr-FR"}]}},"_links":{"self":[{"href":"https:\/\/rckopen.com\/fr\/wp-json\/wp\/v2\/product\/6375","targetHints":{"allow":["GET"]}}],"collection":[{"href":"https:\/\/rckopen.com\/fr\/wp-json\/wp\/v2\/product"}],"about":[{"href":"https:\/\/rckopen.com\/fr\/wp-json\/wp\/v2\/types\/product"}],"replies":[{"embeddable":true,"href":"https:\/\/rckopen.com\/fr\/wp-json\/wp\/v2\/comments?post=6375"}],"wp:featuredmedia":[{"embeddable":true,"href":"https:\/\/rckopen.com\/fr\/wp-json\/wp\/v2\/media\/6381"}],"wp:attachment":[{"href":"https:\/\/rckopen.com\/fr\/wp-json\/wp\/v2\/media?parent=6375"}],"wp:term":[{"taxonomy":"product_brand","embeddable":true,"href":"https:\/\/rckopen.com\/fr\/wp-json\/wp\/v2\/product_brand?post=6375"},{"taxonomy":"product_cat","embeddable":true,"href":"https:\/\/rckopen.com\/fr\/wp-json\/wp\/v2\/product_cat?post=6375"},{"taxonomy":"product_tag","embeddable":true,"href":"https:\/\/rckopen.com\/fr\/wp-json\/wp\/v2\/product_tag?post=6375"}],"curies":[{"name":"wp","href":"https:\/\/api.w.org\/{rel}","templated":true}]}}