{"id":6376,"date":"2023-08-14T13:24:52","date_gmt":"2023-08-14T13:24:52","guid":{"rendered":"https:\/\/diligentplug.com\/chems\/?post_type=product&#038;p=6376"},"modified":"2025-02-05T10:49:20","modified_gmt":"2025-02-05T10:49:20","slug":"deschloroetizolam-blotters-2-mg","status":"publish","type":"product","link":"https:\/\/rckopen.com\/fr\/produit\/deschloroetizolam-blotters-2-mg\/","title":{"rendered":"Acheter des buvards de deschloro\u00e9tizolam 2 mg en ligne"},"content":{"rendered":"<h2>Acheter des buvards de deschloro\u00e9tizolam 2 mg en ligne<\/h2>\n<p>22\u00d75 mg buvards de deschloro\u00e9tizolam 2 mg ; \u00c0 partir de 0,38 par pastille<\/p>\n<p>Pellets of <a href=\"https:\/\/rckopen.com\/fr\/produit\/deschloroetizolam-blotters-2-mg\/\">deschloroetizolam blotters 2 mg<\/a>\u00a0 Vous pouvez acheter discr\u00e8tement nos pastilles de Deschloroetizolam en ligne. Nos pastilles de Deschloroetizolam sont de la plus haute qualit\u00e9 et authentiques de Hollande. Bestel je direct est plus abordable (jusqu'\u00e0 110 pi\u00e8ces) et ne co\u00fbte que 0,66 \u20ac par pastille. Ce produit est \u00e9galement connu sous le nom de Deschloroetizolam Pelletstrips. Le flubromaz\u00e9pam, le pagoclone, le bromazolam, le norfluraz\u00e9pam, le gidaz\u00e9pam, le diclaz\u00e9pam, le difludiaz\u00e9pam, le m\u00e9clonaz\u00e9pam et le desm\u00e9thylflunitraz\u00e9pam font partie des produits utilis\u00e9s en chimioth\u00e9rapie.<\/p>\n<h3>Les plus grands buvards de Deschloroetizolam 2 mg (22x5 mg) sont fournis discr\u00e8tement.<\/h3>\n<p>La journ\u00e9e de travail \u00e0 19h30 est tout simplement fantastique !<\/p>\n<p>Avertissement : Nous n\u2019achetons pas \u00e0 des personnes de moins de 21 ans.<br \/>\nLe produit Deschloroetizolam Pellets (22x5mg) peut \u00eatre nocif et ne convient pas \u00e0 la consommation. \u00c9tiez-vous surpris qu\u2019il ne nous ait pas tu\u00e9 ? Les r\u00e8gles de s\u00e9curit\u00e9 peuvent entra\u00eener de graves risques pour la sant\u00e9. Seriez-vous int\u00e9ress\u00e9 par nos r\u00e8gles de s\u00e9curit\u00e9 ?<\/p>\n<h3>Acheter des buvards Deschloroetizolam 2 mg en ligne<\/h3>\n<p>Nous livrerons notre Deschloroetizolam (suralimente tous nos produits) dans tous les Pays-Bas ! La fa\u00e7on dont vous l'avez pr\u00e9par\u00e9 \u00e9tait tout simplement incroyable ! Dans ce contexte, il est important qu'ils ne soient pas m\u00e9lang\u00e9s \u00e0 de l'alcool ou \u00e0 des m\u00e9dicaments ! Pour obtenir de l'aide, vous pouvez toujours contacter notre service d'assistance ! <a href=\"https:\/\/rckopen.com\/fr\/\">RC Kopen<\/a><\/p>\n<p>&nbsp;<\/p>","protected":false},"excerpt":{"rendered":"<p><strong>Forme : <\/strong>buvards<\/p>","protected":false},"featured_media":6382,"comment_status":"open","ping_status":"closed","template":"","meta":{"_joinchat":[]},"product_brand":[],"product_cat":[130],"product_tag":[],"class_list":{"0":"post-6376","1":"product","2":"type-product","3":"status-publish","4":"has-post-thumbnail","6":"product_cat-blotters","8":"first","9":"instock","10":"shipping-taxable","11":"purchasable","12":"product-type-variable"},"yoast_head":"<!-- This site is optimized with the Yoast SEO plugin v26.3 - https:\/\/yoast.com\/wordpress\/plugins\/seo\/ -->\n<title>Koop Deschloroetizolam-blotters 2 mg online | RC Kopen<\/title>\n<meta name=\"description\" content=\"Op zoek naar hoogwaardige Deschloroetizolam-blotters 2 mg online te koop? RC kopen is een toonaangevende winkel waar u Deschloroetizolam Blotters 2mg online kunt kopen tegen de beste prijs. Bestel nu met discrete verzending!\" \/>\n<meta name=\"robots\" content=\"index, follow, max-snippet:-1, max-image-preview:large, max-video-preview:-1\" \/>\n<link rel=\"canonical\" href=\"https:\/\/rckopen.com\/fr\/produit\/deschloroetizolam-blotters-2-mg\/\" \/>\n<meta property=\"og:locale\" content=\"fr_FR\" \/>\n<meta property=\"og:type\" content=\"article\" \/>\n<meta property=\"og:title\" content=\"Koop Deschloroetizolam-blotters 2 mg online | RC Kopen\" \/>\n<meta property=\"og:description\" content=\"Op zoek naar hoogwaardige Deschloroetizolam-blotters 2 mg online te koop? RC kopen is een toonaangevende winkel waar u Deschloroetizolam Blotters 2mg online kunt kopen tegen de beste prijs. Bestel nu met discrete verzending!\" \/>\n<meta property=\"og:url\" content=\"https:\/\/rckopen.com\/fr\/produit\/deschloroetizolam-blotters-2-mg\/\" \/>\n<meta property=\"og:site_name\" content=\"RC Kopen\" \/>\n<meta property=\"article:modified_time\" content=\"2025-02-05T10:49:20+00:00\" \/>\n<meta property=\"og:image\" content=\"https:\/\/rckopen.com\/wp-content\/uploads\/2023\/08\/Deschloroetizolam-blotters-2-mg.jpg\" \/>\n\t<meta property=\"og:image:width\" content=\"600\" \/>\n\t<meta property=\"og:image:height\" content=\"600\" \/>\n\t<meta property=\"og:image:type\" content=\"image\/jpeg\" \/>\n<meta name=\"twitter:card\" content=\"summary_large_image\" \/>\n<meta name=\"twitter:label1\" content=\"Dur\u00e9e de lecture estim\u00e9e\" \/>\n\t<meta name=\"twitter:data1\" content=\"2 minutes\" \/>\n<script type=\"application\/ld+json\" class=\"yoast-schema-graph\">{\"@context\":\"https:\/\/schema.org\",\"@graph\":[{\"@type\":\"WebPage\",\"@id\":\"https:\/\/rckopen.com\/product\/deschloroetizolam-blotters-2-mg\/\",\"url\":\"https:\/\/rckopen.com\/product\/deschloroetizolam-blotters-2-mg\/\",\"name\":\"Koop Deschloroetizolam-blotters 2 mg online | RC Kopen\",\"isPartOf\":{\"@id\":\"https:\/\/rckopen.com\/#website\"},\"primaryImageOfPage\":{\"@id\":\"https:\/\/rckopen.com\/product\/deschloroetizolam-blotters-2-mg\/#primaryimage\"},\"image\":{\"@id\":\"https:\/\/rckopen.com\/product\/deschloroetizolam-blotters-2-mg\/#primaryimage\"},\"thumbnailUrl\":\"https:\/\/rckopen.com\/wp-content\/uploads\/2023\/08\/Deschloroetizolam-blotters-2-mg.jpg\",\"datePublished\":\"2023-08-14T13:24:52+00:00\",\"dateModified\":\"2025-02-05T10:49:20+00:00\",\"description\":\"Op zoek naar hoogwaardige Deschloroetizolam-blotters 2 mg online te koop? RC kopen is een toonaangevende winkel waar u Deschloroetizolam Blotters 2mg online kunt kopen tegen de beste prijs. Bestel nu met discrete verzending!\",\"breadcrumb\":{\"@id\":\"https:\/\/rckopen.com\/product\/deschloroetizolam-blotters-2-mg\/#breadcrumb\"},\"inLanguage\":\"fr-FR\",\"potentialAction\":[{\"@type\":\"ReadAction\",\"target\":[\"https:\/\/rckopen.com\/product\/deschloroetizolam-blotters-2-mg\/\"]}]},{\"@type\":\"ImageObject\",\"inLanguage\":\"fr-FR\",\"@id\":\"https:\/\/rckopen.com\/product\/deschloroetizolam-blotters-2-mg\/#primaryimage\",\"url\":\"https:\/\/rckopen.com\/wp-content\/uploads\/2023\/08\/Deschloroetizolam-blotters-2-mg.jpg\",\"contentUrl\":\"https:\/\/rckopen.com\/wp-content\/uploads\/2023\/08\/Deschloroetizolam-blotters-2-mg.jpg\",\"width\":600,\"height\":600,\"caption\":\"Deschloroetizolam-blotters-2-mg online kopen\"},{\"@type\":\"BreadcrumbList\",\"@id\":\"https:\/\/rckopen.com\/product\/deschloroetizolam-blotters-2-mg\/#breadcrumb\",\"itemListElement\":[{\"@type\":\"ListItem\",\"position\":1,\"name\":\"Home\",\"item\":\"https:\/\/rckopen.com\/\"},{\"@type\":\"ListItem\",\"position\":2,\"name\":\"Shop\",\"item\":\"https:\/\/rckopen.com\/shop\/\"},{\"@type\":\"ListItem\",\"position\":3,\"name\":\"Deschloroetizolam blotters 2 mg online kopen\"}]},{\"@type\":\"WebSite\",\"@id\":\"https:\/\/rckopen.com\/#website\",\"url\":\"https:\/\/rckopen.com\/\",\"name\":\"RC Kopen\",\"description\":\"Research Chemicals\",\"potentialAction\":[{\"@type\":\"SearchAction\",\"target\":{\"@type\":\"EntryPoint\",\"urlTemplate\":\"https:\/\/rckopen.com\/?s={search_term_string}\"},\"query-input\":{\"@type\":\"PropertyValueSpecification\",\"valueRequired\":true,\"valueName\":\"search_term_string\"}}],\"inLanguage\":\"fr-FR\"}]}<\/script>\n<!-- \/ Yoast SEO plugin. -->","yoast_head_json":{"title":"Koop Deschloroetizolam-blotters 2 mg online | RC Kopen","description":"Op zoek naar hoogwaardige Deschloroetizolam-blotters 2 mg online te koop? RC kopen is een toonaangevende winkel waar u Deschloroetizolam Blotters 2mg online kunt kopen tegen de beste prijs. Bestel nu met discrete verzending!","robots":{"index":"index","follow":"follow","max-snippet":"max-snippet:-1","max-image-preview":"max-image-preview:large","max-video-preview":"max-video-preview:-1"},"canonical":"https:\/\/rckopen.com\/fr\/produit\/deschloroetizolam-blotters-2-mg\/","og_locale":"fr_FR","og_type":"article","og_title":"Koop Deschloroetizolam-blotters 2 mg online | RC Kopen","og_description":"Op zoek naar hoogwaardige Deschloroetizolam-blotters 2 mg online te koop? RC kopen is een toonaangevende winkel waar u Deschloroetizolam Blotters 2mg online kunt kopen tegen de beste prijs. Bestel nu met discrete verzending!","og_url":"https:\/\/rckopen.com\/fr\/produit\/deschloroetizolam-blotters-2-mg\/","og_site_name":"RC Kopen","article_modified_time":"2025-02-05T10:49:20+00:00","og_image":[{"width":600,"height":600,"url":"https:\/\/rckopen.com\/wp-content\/uploads\/2023\/08\/Deschloroetizolam-blotters-2-mg.jpg","type":"image\/jpeg"}],"twitter_card":"summary_large_image","twitter_misc":{"Dur\u00e9e de lecture estim\u00e9e":"2 minutes"},"schema":{"@context":"https:\/\/schema.org","@graph":[{"@type":"WebPage","@id":"https:\/\/rckopen.com\/product\/deschloroetizolam-blotters-2-mg\/","url":"https:\/\/rckopen.com\/product\/deschloroetizolam-blotters-2-mg\/","name":"Koop Deschloroetizolam-blotters 2 mg online | RC Kopen","isPartOf":{"@id":"https:\/\/rckopen.com\/#website"},"primaryImageOfPage":{"@id":"https:\/\/rckopen.com\/product\/deschloroetizolam-blotters-2-mg\/#primaryimage"},"image":{"@id":"https:\/\/rckopen.com\/product\/deschloroetizolam-blotters-2-mg\/#primaryimage"},"thumbnailUrl":"https:\/\/rckopen.com\/wp-content\/uploads\/2023\/08\/Deschloroetizolam-blotters-2-mg.jpg","datePublished":"2023-08-14T13:24:52+00:00","dateModified":"2025-02-05T10:49:20+00:00","description":"Op zoek naar hoogwaardige Deschloroetizolam-blotters 2 mg online te koop? RC kopen is een toonaangevende winkel waar u Deschloroetizolam Blotters 2mg online kunt kopen tegen de beste prijs. Bestel nu met discrete verzending!","breadcrumb":{"@id":"https:\/\/rckopen.com\/product\/deschloroetizolam-blotters-2-mg\/#breadcrumb"},"inLanguage":"fr-FR","potentialAction":[{"@type":"ReadAction","target":["https:\/\/rckopen.com\/product\/deschloroetizolam-blotters-2-mg\/"]}]},{"@type":"ImageObject","inLanguage":"fr-FR","@id":"https:\/\/rckopen.com\/product\/deschloroetizolam-blotters-2-mg\/#primaryimage","url":"https:\/\/rckopen.com\/wp-content\/uploads\/2023\/08\/Deschloroetizolam-blotters-2-mg.jpg","contentUrl":"https:\/\/rckopen.com\/wp-content\/uploads\/2023\/08\/Deschloroetizolam-blotters-2-mg.jpg","width":600,"height":600,"caption":"Deschloroetizolam-blotters-2-mg online kopen"},{"@type":"BreadcrumbList","@id":"https:\/\/rckopen.com\/product\/deschloroetizolam-blotters-2-mg\/#breadcrumb","itemListElement":[{"@type":"ListItem","position":1,"name":"Home","item":"https:\/\/rckopen.com\/"},{"@type":"ListItem","position":2,"name":"Shop","item":"https:\/\/rckopen.com\/shop\/"},{"@type":"ListItem","position":3,"name":"Deschloroetizolam blotters 2 mg online kopen"}]},{"@type":"WebSite","@id":"https:\/\/rckopen.com\/#website","url":"https:\/\/rckopen.com\/","name":"RC Kopen","description":"Research Chemicals","potentialAction":[{"@type":"SearchAction","target":{"@type":"EntryPoint","urlTemplate":"https:\/\/rckopen.com\/?s={search_term_string}"},"query-input":{"@type":"PropertyValueSpecification","valueRequired":true,"valueName":"search_term_string"}}],"inLanguage":"fr-FR"}]}},"_links":{"self":[{"href":"https:\/\/rckopen.com\/fr\/wp-json\/wp\/v2\/product\/6376","targetHints":{"allow":["GET"]}}],"collection":[{"href":"https:\/\/rckopen.com\/fr\/wp-json\/wp\/v2\/product"}],"about":[{"href":"https:\/\/rckopen.com\/fr\/wp-json\/wp\/v2\/types\/product"}],"replies":[{"embeddable":true,"href":"https:\/\/rckopen.com\/fr\/wp-json\/wp\/v2\/comments?post=6376"}],"wp:featuredmedia":[{"embeddable":true,"href":"https:\/\/rckopen.com\/fr\/wp-json\/wp\/v2\/media\/6382"}],"wp:attachment":[{"href":"https:\/\/rckopen.com\/fr\/wp-json\/wp\/v2\/media?parent=6376"}],"wp:term":[{"taxonomy":"product_brand","embeddable":true,"href":"https:\/\/rckopen.com\/fr\/wp-json\/wp\/v2\/product_brand?post=6376"},{"taxonomy":"product_cat","embeddable":true,"href":"https:\/\/rckopen.com\/fr\/wp-json\/wp\/v2\/product_cat?post=6376"},{"taxonomy":"product_tag","embeddable":true,"href":"https:\/\/rckopen.com\/fr\/wp-json\/wp\/v2\/product_tag?post=6376"}],"curies":[{"name":"wp","href":"https:\/\/api.w.org\/{rel}","templated":true}]}}