{"id":6386,"date":"2023-08-14T13:34:34","date_gmt":"2023-08-14T13:34:34","guid":{"rendered":"https:\/\/diligentplug.com\/chems\/?post_type=product&#038;p=6386"},"modified":"2026-02-26T09:44:05","modified_gmt":"2026-02-26T09:44:05","slug":"1cp-lsd-150mcg-blotters-ap-design-1","status":"publish","type":"product","link":"https:\/\/rckopen.com\/fr\/produit\/1cp-lsd-150mcg-blotters-ap-design-1\/","title":{"rendered":"1cP-LSD 150mcg Blotters (AP Design 1) Acheter en ligne"},"content":{"rendered":"<h2><b>1cP-LSD 150mcg Blotters (AP Design 1) Online te Koop \u2013 Premium Kwaliteit voor Onderzoeksdoeleinden<\/b><\/h2>\n<h3><b>Introduction<\/b><\/h3>\n<p><span style=\"font-weight: 400;\">Est-ce que tu veux <\/span><a href=\"https:\/\/rckopen.com\/fr\/produit\/1cp-lsd-150mcg-blotters-ap-design-1\/\"><b>Achetez en ligne des buvards de 1cP-LSD 150 mcg (AP Design 1).<\/b><\/a><span style=\"font-weight: 400;\">Nos buvards de haute qualit\u00e9 sont dos\u00e9s avec pr\u00e9cision, test\u00e9s en laboratoire et pr\u00e9sentent un design visuel distinctif (AP Design 1) pour une identification et un stockage fiables. Ils sont id\u00e9aux pour la recherche acad\u00e9mique, chimique et pharmacologique o\u00f9 la pr\u00e9cision et la puret\u00e9 sont essentielles.<\/span><\/p>\n<h3><b>Qu'est-ce que le 1cP-LSD ?<\/b><\/h3>\n<p>Le 1cP-LSD (di\u00e9thylamide de l'acide 1-cyclopropionyl-lysergique) est un nouveau lysergamide et une prodrogue du LSD-25. Apr\u00e8s m\u00e9tabolisation par l'organisme, il est converti en LSD, ce qui le rend pharmacologiquement tr\u00e8s similaire. Gr\u00e2ce \u00e0 son statut l\u00e9gal relativement favorable et \u00e0 son int\u00e9r\u00eat scientifique, le 1cP-LSD est aujourd'hui une mol\u00e9cule largement utilis\u00e9e en laboratoire et dans la recherche sur le cerveau.<\/p>\n<ul>\n<li style=\"font-weight: 400;\" aria-level=\"1\">Classe chimique : Lysergamides<\/li>\n<li style=\"font-weight: 400;\" aria-level=\"1\">Utilisation : Liaison aux r\u00e9cepteurs, mod\u00e9lisation pharmacologique, recherche exp\u00e9rimentale<\/li>\n<li style=\"font-weight: 400;\" aria-level=\"1\">Lien avec le LSD-25\u00a0: Converti en LSD apr\u00e8s ingestion<\/li>\n<\/ul>\n<h3><b>Pourquoi une dose de 150 mcg ?<\/b><\/h3>\n<p>De <a href=\"https:\/\/en.wikipedia.org\/wiki\/1cP-LSD\">150mcg-dosering<\/a> Offre une concentration plus \u00e9lev\u00e9e par buvard que la version standard de 100 mcg. Cela le rend particuli\u00e8rement adapt\u00e9 pour\u00a0:<\/p>\n<ul>\n<li style=\"font-weight: 400;\" aria-level=\"1\">instituts de recherche avanc\u00e9e<\/li>\n<li style=\"font-weight: 400;\" aria-level=\"1\">Administration plus efficace avec moins de buvards par test<\/li>\n<li style=\"font-weight: 400;\" aria-level=\"1\">Meilleure d\u00e9tection des r\u00e9ponses subtiles dans les mod\u00e8les pharmacologiques<\/li>\n<\/ul>\n<p>Pour les chercheurs souhaitant aller au-del\u00e0 des doses de base, 150 mcg est un choix judicieux et efficace.<\/p>\n<h3><b>Qu'est-ce qui rend le cours AP Design 1 unique ?<\/b><\/h3>\n<p>Chaque buvard est imprim\u00e9 avec le motif AP Design 1, un motif visuel sp\u00e9cifique qui\u00a0:<\/p>\n<ul>\n<li style=\"font-weight: 400;\" aria-level=\"1\">Facilite l'identification et l'archivage des lots<\/li>\n<li style=\"font-weight: 400;\" aria-level=\"1\">Permet un stockage s\u00fbr sans confusion entre diff\u00e9rentes substances<\/li>\n<li style=\"font-weight: 400;\" aria-level=\"1\">Permet une gestion efficace des stocks<\/li>\n<\/ul>\n<p>Veuillez noter\u00a0: ce design est fonctionnel et destin\u00e9 uniquement \u00e0 des fins d\u2019identification \u2013 et non \u00e0 des fins promotionnelles.<\/p>\n<h3><b>Qualit\u00e9 des produits et analyses de laboratoire<\/b><\/h3>\n<p>Onze <a href=\"https:\/\/rckopen.com\/fr\/\">1cP-LSD 150mcg Blotters (AP Design 1)<\/a> sont fabriqu\u00e9s dans des conditions contr\u00f4l\u00e9es. Chaque produit est\u00a0:<\/p>\n<ul>\n<li style=\"font-weight: 400;\" aria-level=\"1\">Dosage pr\u00e9cis effectu\u00e9 avec un \u00e9quipement calibr\u00e9 par des professionnels<\/li>\n<li style=\"font-weight: 400;\" aria-level=\"1\">Vergezeld van een COA (Certificate of Analysis) van een onafhankelijk laboratorium<\/li>\n<li style=\"font-weight: 400;\" aria-level=\"1\">Test\u00e9 pour sa puret\u00e9, sa stabilit\u00e9 et sa consistance<\/li>\n<\/ul>\n<p>De cette fa\u00e7on, vous avez la garantie de r\u00e9sultats de recherche fiables.<\/p>\n<h3><b>Informations sur l'exp\u00e9dition et le paiement<\/b><\/h3>\n<p>Lorsque vous commandez en ligne des buvards de 1cP-LSD 150 mcg (AP Design 1), vous b\u00e9n\u00e9ficiez d'une exp\u00e9rience de commande s\u00e9curis\u00e9e et discr\u00e8te\u00a0:<\/p>\n<ul>\n<li style=\"font-weight: 400;\" aria-level=\"1\">Emballage discret \u2013 sans nom de produit ni marque<\/li>\n<li style=\"font-weight: 400;\" aria-level=\"1\">Livraison internationale avec suivi<\/li>\n<li style=\"font-weight: 400;\" aria-level=\"1\">Paiement possible en cryptomonnaies (telles que Bitcoin ou Monero) ou par carte bancaire s\u00e9curis\u00e9e<\/li>\n<li style=\"font-weight: 400;\" aria-level=\"1\">Disponible \u00e0 l'international \u2013 livraison dans les pays o\u00f9 l'utilisation \u00e0 des fins de recherche est autoris\u00e9e.<\/li>\n<\/ul>\n<p>De koper is verantwoordelijk voor het controleren van de lokale wetgeving met betrekking tot 1cP-LSD.<\/p>\n<h3><b>Conclusion<\/b><\/h3>\n<p>Voor onderzoekers die op zoek zijn naar een hogere dosering lysergamide met een duidelijke batchidentificatie, zijn onze 1cP-LSD 150mcg Blotters (AP Design 1) de perfecte keuze. Met een sterke reputatie, transparante kwaliteitsrapporten en veilige wereldwijde levering kun je met vertrouwen <strong>1cP-LSD 150mcg blotters online bestellen<\/strong>.<\/p>","protected":false},"excerpt":{"rendered":"<p><strong>Forme : <\/strong>buvards<\/p>\n<p><strong>Analyse RMN : <\/strong>N\/A<\/p>","protected":false},"featured_media":6391,"comment_status":"open","ping_status":"closed","template":"","meta":{"_joinchat":[]},"product_brand":[],"product_cat":[130],"product_tag":[],"class_list":{"0":"post-6386","1":"product","2":"type-product","3":"status-publish","4":"has-post-thumbnail","6":"product_cat-blotters","8":"first","9":"instock","10":"shipping-taxable","11":"purchasable","12":"product-type-variable"},"yoast_head":"<!-- This site is optimized with the Yoast SEO plugin v26.3 - https:\/\/yoast.com\/wordpress\/plugins\/seo\/ -->\n<title>1CP-LSD-150MCG-blotters online Kopen - 1CP-LSD te kopen<\/title>\n<meta name=\"description\" content=\"U kunt nu 1CP-LSD-150MCG-blotters te koop krijgen tegen betaalbare prijzen bij RCKopen. Wij helpen u om 1CP-LSD eenvoudig online te koop. Bestel vandaag nog!\" \/>\n<meta name=\"robots\" content=\"index, follow, max-snippet:-1, max-image-preview:large, max-video-preview:-1\" \/>\n<link rel=\"canonical\" href=\"https:\/\/rckopen.com\/fr\/produit\/1cp-lsd-150mcg-blotters-ap-design-1\/\" \/>\n<meta property=\"og:locale\" content=\"fr_FR\" \/>\n<meta property=\"og:type\" content=\"article\" \/>\n<meta property=\"og:title\" content=\"1CP-LSD-150MCG-blotters online Kopen - 1CP-LSD te kopen\" \/>\n<meta property=\"og:description\" content=\"U kunt nu 1CP-LSD-150MCG-blotters te koop krijgen tegen betaalbare prijzen bij RCKopen. Wij helpen u om 1CP-LSD eenvoudig online te koop. Bestel vandaag nog!\" \/>\n<meta property=\"og:url\" content=\"https:\/\/rckopen.com\/fr\/produit\/1cp-lsd-150mcg-blotters-ap-design-1\/\" \/>\n<meta property=\"og:site_name\" content=\"RC Kopen\" \/>\n<meta property=\"article:modified_time\" content=\"2026-02-26T09:44:05+00:00\" \/>\n<meta property=\"og:image\" content=\"https:\/\/rckopen.com\/wp-content\/uploads\/2023\/08\/1cP-LSD-150mcg-Blotters-AP-Design-1.jpg\" \/>\n\t<meta property=\"og:image:width\" content=\"600\" \/>\n\t<meta property=\"og:image:height\" content=\"600\" \/>\n\t<meta property=\"og:image:type\" content=\"image\/jpeg\" \/>\n<meta name=\"twitter:card\" content=\"summary_large_image\" \/>\n<meta name=\"twitter:label1\" content=\"Dur\u00e9e de lecture estim\u00e9e\" \/>\n\t<meta name=\"twitter:data1\" content=\"2 minutes\" \/>\n<script type=\"application\/ld+json\" class=\"yoast-schema-graph\">{\"@context\":\"https:\/\/schema.org\",\"@graph\":[{\"@type\":\"WebPage\",\"@id\":\"https:\/\/rckopen.com\/product\/1cp-lsd-150mcg-blotters-ap-design-1\/\",\"url\":\"https:\/\/rckopen.com\/product\/1cp-lsd-150mcg-blotters-ap-design-1\/\",\"name\":\"1CP-LSD-150MCG-blotters online Kopen - 1CP-LSD te kopen\",\"isPartOf\":{\"@id\":\"https:\/\/rckopen.com\/#website\"},\"primaryImageOfPage\":{\"@id\":\"https:\/\/rckopen.com\/product\/1cp-lsd-150mcg-blotters-ap-design-1\/#primaryimage\"},\"image\":{\"@id\":\"https:\/\/rckopen.com\/product\/1cp-lsd-150mcg-blotters-ap-design-1\/#primaryimage\"},\"thumbnailUrl\":\"https:\/\/rckopen.com\/wp-content\/uploads\/2023\/08\/1cP-LSD-150mcg-Blotters-AP-Design-1.jpg\",\"datePublished\":\"2023-08-14T13:34:34+00:00\",\"dateModified\":\"2026-02-26T09:44:05+00:00\",\"description\":\"U kunt nu 1CP-LSD-150MCG-blotters te koop krijgen tegen betaalbare prijzen bij RCKopen. Wij helpen u om 1CP-LSD eenvoudig online te koop. Bestel vandaag nog!\",\"breadcrumb\":{\"@id\":\"https:\/\/rckopen.com\/product\/1cp-lsd-150mcg-blotters-ap-design-1\/#breadcrumb\"},\"inLanguage\":\"fr-FR\",\"potentialAction\":[{\"@type\":\"ReadAction\",\"target\":[\"https:\/\/rckopen.com\/product\/1cp-lsd-150mcg-blotters-ap-design-1\/\"]}]},{\"@type\":\"ImageObject\",\"inLanguage\":\"fr-FR\",\"@id\":\"https:\/\/rckopen.com\/product\/1cp-lsd-150mcg-blotters-ap-design-1\/#primaryimage\",\"url\":\"https:\/\/rckopen.com\/wp-content\/uploads\/2023\/08\/1cP-LSD-150mcg-Blotters-AP-Design-1.jpg\",\"contentUrl\":\"https:\/\/rckopen.com\/wp-content\/uploads\/2023\/08\/1cP-LSD-150mcg-Blotters-AP-Design-1.jpg\",\"width\":600,\"height\":600,\"caption\":\"1cP-LSD 150mcg Blotters (AP Design 1) Online Kopen\"},{\"@type\":\"BreadcrumbList\",\"@id\":\"https:\/\/rckopen.com\/product\/1cp-lsd-150mcg-blotters-ap-design-1\/#breadcrumb\",\"itemListElement\":[{\"@type\":\"ListItem\",\"position\":1,\"name\":\"Home\",\"item\":\"https:\/\/rckopen.com\/\"},{\"@type\":\"ListItem\",\"position\":2,\"name\":\"Shop\",\"item\":\"https:\/\/rckopen.com\/shop\/\"},{\"@type\":\"ListItem\",\"position\":3,\"name\":\"1cP-LSD 150mcg Blotters (AP Design 1) Online Kopen\"}]},{\"@type\":\"WebSite\",\"@id\":\"https:\/\/rckopen.com\/#website\",\"url\":\"https:\/\/rckopen.com\/\",\"name\":\"RC Kopen\",\"description\":\"Research Chemicals\",\"potentialAction\":[{\"@type\":\"SearchAction\",\"target\":{\"@type\":\"EntryPoint\",\"urlTemplate\":\"https:\/\/rckopen.com\/?s={search_term_string}\"},\"query-input\":{\"@type\":\"PropertyValueSpecification\",\"valueRequired\":true,\"valueName\":\"search_term_string\"}}],\"inLanguage\":\"fr-FR\"}]}<\/script>\n<!-- \/ Yoast SEO plugin. -->","yoast_head_json":{"title":"1CP-LSD-150MCG-blotters online Kopen - 1CP-LSD te kopen","description":"U kunt nu 1CP-LSD-150MCG-blotters te koop krijgen tegen betaalbare prijzen bij RCKopen. Wij helpen u om 1CP-LSD eenvoudig online te koop. Bestel vandaag nog!","robots":{"index":"index","follow":"follow","max-snippet":"max-snippet:-1","max-image-preview":"max-image-preview:large","max-video-preview":"max-video-preview:-1"},"canonical":"https:\/\/rckopen.com\/fr\/produit\/1cp-lsd-150mcg-blotters-ap-design-1\/","og_locale":"fr_FR","og_type":"article","og_title":"1CP-LSD-150MCG-blotters online Kopen - 1CP-LSD te kopen","og_description":"U kunt nu 1CP-LSD-150MCG-blotters te koop krijgen tegen betaalbare prijzen bij RCKopen. Wij helpen u om 1CP-LSD eenvoudig online te koop. Bestel vandaag nog!","og_url":"https:\/\/rckopen.com\/fr\/produit\/1cp-lsd-150mcg-blotters-ap-design-1\/","og_site_name":"RC Kopen","article_modified_time":"2026-02-26T09:44:05+00:00","og_image":[{"width":600,"height":600,"url":"https:\/\/rckopen.com\/wp-content\/uploads\/2023\/08\/1cP-LSD-150mcg-Blotters-AP-Design-1.jpg","type":"image\/jpeg"}],"twitter_card":"summary_large_image","twitter_misc":{"Dur\u00e9e de lecture estim\u00e9e":"2 minutes"},"schema":{"@context":"https:\/\/schema.org","@graph":[{"@type":"WebPage","@id":"https:\/\/rckopen.com\/product\/1cp-lsd-150mcg-blotters-ap-design-1\/","url":"https:\/\/rckopen.com\/product\/1cp-lsd-150mcg-blotters-ap-design-1\/","name":"1CP-LSD-150MCG-blotters online Kopen - 1CP-LSD te kopen","isPartOf":{"@id":"https:\/\/rckopen.com\/#website"},"primaryImageOfPage":{"@id":"https:\/\/rckopen.com\/product\/1cp-lsd-150mcg-blotters-ap-design-1\/#primaryimage"},"image":{"@id":"https:\/\/rckopen.com\/product\/1cp-lsd-150mcg-blotters-ap-design-1\/#primaryimage"},"thumbnailUrl":"https:\/\/rckopen.com\/wp-content\/uploads\/2023\/08\/1cP-LSD-150mcg-Blotters-AP-Design-1.jpg","datePublished":"2023-08-14T13:34:34+00:00","dateModified":"2026-02-26T09:44:05+00:00","description":"U kunt nu 1CP-LSD-150MCG-blotters te koop krijgen tegen betaalbare prijzen bij RCKopen. Wij helpen u om 1CP-LSD eenvoudig online te koop. Bestel vandaag nog!","breadcrumb":{"@id":"https:\/\/rckopen.com\/product\/1cp-lsd-150mcg-blotters-ap-design-1\/#breadcrumb"},"inLanguage":"fr-FR","potentialAction":[{"@type":"ReadAction","target":["https:\/\/rckopen.com\/product\/1cp-lsd-150mcg-blotters-ap-design-1\/"]}]},{"@type":"ImageObject","inLanguage":"fr-FR","@id":"https:\/\/rckopen.com\/product\/1cp-lsd-150mcg-blotters-ap-design-1\/#primaryimage","url":"https:\/\/rckopen.com\/wp-content\/uploads\/2023\/08\/1cP-LSD-150mcg-Blotters-AP-Design-1.jpg","contentUrl":"https:\/\/rckopen.com\/wp-content\/uploads\/2023\/08\/1cP-LSD-150mcg-Blotters-AP-Design-1.jpg","width":600,"height":600,"caption":"1cP-LSD 150mcg Blotters (AP Design 1) Online Kopen"},{"@type":"BreadcrumbList","@id":"https:\/\/rckopen.com\/product\/1cp-lsd-150mcg-blotters-ap-design-1\/#breadcrumb","itemListElement":[{"@type":"ListItem","position":1,"name":"Home","item":"https:\/\/rckopen.com\/"},{"@type":"ListItem","position":2,"name":"Shop","item":"https:\/\/rckopen.com\/shop\/"},{"@type":"ListItem","position":3,"name":"1cP-LSD 150mcg Blotters (AP Design 1) Online Kopen"}]},{"@type":"WebSite","@id":"https:\/\/rckopen.com\/#website","url":"https:\/\/rckopen.com\/","name":"RC Kopen","description":"Research Chemicals","potentialAction":[{"@type":"SearchAction","target":{"@type":"EntryPoint","urlTemplate":"https:\/\/rckopen.com\/?s={search_term_string}"},"query-input":{"@type":"PropertyValueSpecification","valueRequired":true,"valueName":"search_term_string"}}],"inLanguage":"fr-FR"}]}},"_links":{"self":[{"href":"https:\/\/rckopen.com\/fr\/wp-json\/wp\/v2\/product\/6386","targetHints":{"allow":["GET"]}}],"collection":[{"href":"https:\/\/rckopen.com\/fr\/wp-json\/wp\/v2\/product"}],"about":[{"href":"https:\/\/rckopen.com\/fr\/wp-json\/wp\/v2\/types\/product"}],"replies":[{"embeddable":true,"href":"https:\/\/rckopen.com\/fr\/wp-json\/wp\/v2\/comments?post=6386"}],"wp:featuredmedia":[{"embeddable":true,"href":"https:\/\/rckopen.com\/fr\/wp-json\/wp\/v2\/media\/6391"}],"wp:attachment":[{"href":"https:\/\/rckopen.com\/fr\/wp-json\/wp\/v2\/media?parent=6386"}],"wp:term":[{"taxonomy":"product_brand","embeddable":true,"href":"https:\/\/rckopen.com\/fr\/wp-json\/wp\/v2\/product_brand?post=6386"},{"taxonomy":"product_cat","embeddable":true,"href":"https:\/\/rckopen.com\/fr\/wp-json\/wp\/v2\/product_cat?post=6386"},{"taxonomy":"product_tag","embeddable":true,"href":"https:\/\/rckopen.com\/fr\/wp-json\/wp\/v2\/product_tag?post=6386"}],"curies":[{"name":"wp","href":"https:\/\/api.w.org\/{rel}","templated":true}]}}