{"id":6389,"date":"2023-08-14T14:17:30","date_gmt":"2023-08-14T14:17:30","guid":{"rendered":"https:\/\/diligentplug.com\/chems\/?post_type=product&#038;p=6389"},"modified":"2026-02-27T09:23:37","modified_gmt":"2026-02-27T09:23:37","slug":"1p-lsd-150mcg-blotters-st-design-1","status":"publish","type":"product","link":"https:\/\/rckopen.com\/fr\/produit\/1p-lsd-150mcg-blotters-st-design-1\/","title":{"rendered":"1P-LSD 150mcg Blotters (ST Design 1) Acheter en ligne"},"content":{"rendered":"<h2><b>1P-LSD 150mcg Blotters (ST Design 1) Online Kopen \u2013 Premium Psychedelische Blotters van Topkwaliteit<\/b><\/h2>\n<h3><b>Introduction au 1P-LSD<\/b><\/h3>\n<p><b>Qu'est-ce que le 1P-LSD ?<\/b><b><br \/>\n<\/b><span style=\"font-weight: 400;\"><a href=\"https:\/\/en.wikipedia.org\/wiki\/1P-LSD\"> 1P-LSD (1-propionyl-lyserginezuurdiethylamide)<\/a> Le 1P-LSD est un puissant psych\u00e9d\u00e9lique proche du LSD classique. Il est connu pour ses effets lucides, introspectifs et souvent euphoriques. Le 1P-LSD gagne en popularit\u00e9 aupr\u00e8s des psychonautes gr\u00e2ce \u00e0 l'exp\u00e9rience fiable et constante qu'il procure. Il est pris\u00e9 par ceux qui souhaitent explorer les \u00e9tats psych\u00e9d\u00e9liques \u00e0 des fins de d\u00e9veloppement personnel, de cr\u00e9ativit\u00e9 ou de loisirs.<\/span><\/p>\n<p><b>Effets et puissance d'une dose de 150 mcg<\/b><b><br \/>\n<\/b><span style=\"font-weight: 400;\"> Chaque buvard contient pr\u00e9cis\u00e9ment 150 microgrammes, pour une exp\u00e9rience puissante mais ma\u00eetrisable. Ce dosage est id\u00e9al pour les personnes recherchant des hallucinations visuelles intenses, une perception sensorielle accrue et des changements cognitifs profonds, sans exc\u00e8s. 150 mcg offre un \u00e9quilibre parfait entre une exp\u00e9rience psych\u00e9d\u00e9lique mod\u00e9r\u00e9e et forte, et convient aussi bien aux microdoseurs qu'aux consommateurs exp\u00e9riment\u00e9s.<\/span><\/p>\n<p><b>Br\u00e8ve description des buvards ST Design 1<\/b><b><br \/>\n<\/b><span style=\"font-weight: 400;\"> Les buvards ST Design 1 arborent un design unique et visuellement saisissant, gage d'authenticit\u00e9 et de valeur pour les collectionneurs. Ce design est devenu un symbole de qualit\u00e9 et de confiance au sein de la communaut\u00e9 1P-LSD, distinguant ces buvards des alternatives g\u00e9n\u00e9riques.<\/span><\/p>\n<h3><b>Pourquoi choisir les buvards de 1P-LSD 150 mcg ?<\/b><\/h3>\n<p><b>Avantages de la forme du buvard<\/b><b><br \/>\n<\/b><span style=\"font-weight: 400;\"> Les buvards sont le mode d'administration privil\u00e9gi\u00e9 du 1P-LSD en raison de leur facilit\u00e9 d'utilisation, du dosage pr\u00e9cis qu'ils permettent et de leur discr\u00e9tion. Leur petite taille les rend faciles \u00e0 transporter et assure une absorption rapide et fiable.<\/span><\/p>\n<p><b>Avantages sp\u00e9cifiques d'une dose de 150 mcg<\/b><b><br \/>\n<\/b><span style=\"font-weight: 400;\"> Le dosage de 150 mcg est id\u00e9al aussi bien pour les d\u00e9butants que pour les utilisateurs exp\u00e9riment\u00e9s qui recherchent une exp\u00e9rience psych\u00e9d\u00e9lique intense sans exc\u00e8s. Il permet d'explorer des \u00e9tats de conscience plus profonds tout en conservant contr\u00f4le et lucidit\u00e9.<\/span><\/p>\n<p><b>Caract\u00e9ristiques uniques du design ST 1<\/b><b><br \/>\n<\/b><span style=\"font-weight: 400;\"> Les buvards ST Design 1 se distinguent par leur imprim\u00e9 unique et leur haute qualit\u00e9. Leur design, outre son aspect esth\u00e9tique, est un gage de contr\u00f4le qualit\u00e9 et d'int\u00e9grit\u00e9 du produit, assurant ainsi aux utilisateurs une enti\u00e8re confiance dans leur achat.<\/span><\/p>\n<h3><b>O\u00f9 acheter des buvards de 1P-LSD 150 mcg en ligne ?<\/b><\/h3>\n<p><b>Plateformes de vente et places de march\u00e9 en ligne fiables<\/b><b><br \/>\n<\/b><span style=\"font-weight: 400;\"> Lors de l'achat de buvards de 1P-LSD 150 mcg en ligne, il est essentiel de choisir des vendeurs r\u00e9put\u00e9s. Les fournisseurs fiables proposent des produits test\u00e9s en laboratoire, une provenance transparente et une livraison discr\u00e8te. Privil\u00e9giez toujours les vendeurs b\u00e9n\u00e9ficiant de bons avis, de m\u00e9thodes de paiement s\u00e9curis\u00e9es et d'un excellent service client.<\/span><\/p>\n<p><b>Comment v\u00e9rifier l'authenticit\u00e9 ?<\/b><b><br \/>\n<\/b><span style=\"font-weight: 400;\"> Assurez-vous que vos buvards de 1P-LSD proviennent d'une source fiable. Les buvards ST Design 1 authentiques offrent une qualit\u00e9 d'impression constante, et de nombreux fournisseurs fournissent des certificats de contr\u00f4le par lot. \u00c9vitez les offres trop all\u00e9chantes et les vendeurs dont la provenance est incertaine.<\/span><\/p>\n<p><b>Consid\u00e9rations juridiques par r\u00e9gion<\/b><b><br \/>\n<\/b><span style=\"font-weight: 400;\"> La l\u00e9gislation concernant le 1P-LSD varie selon les pays. Consultez toujours la r\u00e9glementation locale avant de commander. Dans de nombreux pays, le 1P-LSD est consid\u00e9r\u00e9 comme un produit chimique de recherche et, m\u00eame s'il n'est pas explicitement interdit partout, son achat comporte des risques juridiques. Achetez de mani\u00e8re responsable et inform\u00e9e.<\/span><\/p>\n<h3><b>Avis et t\u00e9moignages clients<\/b><\/h3>\n<p><b>Exp\u00e9riences des utilisateurs avec les buvards ST Design 1<\/b><b><br \/>\n<\/b><span style=\"font-weight: 400;\"> Les utilisateurs appr\u00e9cient souvent les buvards ST Design 1 pour leurs effets purs et fiables ainsi que pour leur dosage constant. Leur design unique est \u00e9galement reconnu comme un gage de qualit\u00e9.<\/span><\/p>\n<p><b>Comparaison avec d'autres mod\u00e8les et dosages<\/b><b><br \/>\n<\/b><span style=\"font-weight: 400;\"> Compar\u00e9s \u00e0 d'autres buvards et dosages, les buvards ST Design 1 150 mcg sont appr\u00e9ci\u00e9s pour leur puissance \u00e9quilibr\u00e9e et leur action douce. Ils offrent une exp\u00e9rience plus ma\u00eetris\u00e9e que les dosages plus \u00e9lev\u00e9s et des effets plus puissants que les microdoses.<\/span><\/p>\n<h3><b>Conclusion<\/b><\/h3>\n<p><b>R\u00e9sum\u00e9 des points cl\u00e9s<\/b><b><br \/>\n<\/b><span style=\"font-weight: 400;\"> Les buvards de 1P-LSD 150 mcg (ST Design 1) offrent une exp\u00e9rience psych\u00e9d\u00e9lique intense et de grande qualit\u00e9, gr\u00e2ce \u00e0 un dosage pr\u00e9cis et une conception fiable. Adapt\u00e9s \u00e0 diff\u00e9rents niveaux d'exp\u00e9rience, ils proviennent de sources v\u00e9rifi\u00e9es, garantissant s\u00e9curit\u00e9 et authenticit\u00e9 optimales.<\/span><\/p>\n<p><b>Derni\u00e8res recommandations pour les acheteurs<\/b><b><br \/>\n<\/b><span style=\"font-weight: 400;\"> Als je <a href=\"https:\/\/rckopen.com\/fr\/produit\/1p-lsd-150mcg-blotters-st-design-1\/\"><strong>Acheter des buvards de 1P-LSD 150 mcg (ST Design 1) en ligne<\/strong><\/a>Choisissez toujours des vendeurs fiables proposant des exp\u00e9ditions discr\u00e8tes, une puret\u00e9 garantie et des prix comp\u00e9titifs. Que vous recherchiez une exp\u00e9rience plus profonde ou un regain de cr\u00e9ativit\u00e9, ces buvards vous offrent un voyage constant et de haute qualit\u00e9 qui se d\u00e9marque sur le march\u00e9.<\/span><\/p>","protected":false},"excerpt":{"rendered":"<p><strong>Nom IUPAC : <\/strong>(6aR,9R)-4-propionyl-N,N-di\u00e9thyl-7-m\u00e9thyl-4,6,6a,7,8,9-hexahydroindolo[4,3-fg]quinoline-9-carboxamide<\/p>\n<p><strong>Autre nom : <\/strong>1P-LSD, di\u00e9thylamide de l'acide 1-propionyl-lysergique<\/p>\n<p><strong>Apparence : <\/strong>Flacons de 150 g (puret\u00e9 &gt;99%)<\/p>\n<p><strong>Forme : <\/strong>L-tartrate<\/p>\n<p><strong>Analyse RMN : <\/strong>N\/A<\/p>","protected":false},"featured_media":6397,"comment_status":"open","ping_status":"closed","template":"","meta":{"_joinchat":[]},"product_brand":[],"product_cat":[130],"product_tag":[],"class_list":{"0":"post-6389","1":"product","2":"type-product","3":"status-publish","4":"has-post-thumbnail","6":"product_cat-blotters","8":"first","9":"instock","10":"shipping-taxable","11":"purchasable","12":"product-type-variable"},"yoast_head":"<!-- This site is optimized with the Yoast SEO plugin v26.3 - https:\/\/yoast.com\/wordpress\/plugins\/seo\/ -->\n<title>1P-LSD-150MCG-Blotters-ST- Design-1 online kopen<\/title>\n<meta name=\"description\" content=\"Als u 1p-lsd-150mcg-blotters-st-design-1 online wilt kopen, heeft RCKopen een hoogwaardige 1p-lsd-150mcg-blotters-st-design-1 te koop. Wij helpen u 1p-lsd-150mcg-blotters-st-design-1 online te bestellen tegen lage tarieven.\" \/>\n<meta name=\"robots\" content=\"index, follow, max-snippet:-1, max-image-preview:large, max-video-preview:-1\" \/>\n<link rel=\"canonical\" href=\"https:\/\/rckopen.com\/fr\/produit\/1p-lsd-150mcg-blotters-st-design-1\/\" \/>\n<meta property=\"og:locale\" content=\"fr_FR\" \/>\n<meta property=\"og:type\" content=\"article\" \/>\n<meta property=\"og:title\" content=\"1P-LSD-150MCG-Blotters-ST- Design-1 online kopen\" \/>\n<meta property=\"og:description\" content=\"Als u 1p-lsd-150mcg-blotters-st-design-1 online wilt kopen, heeft RCKopen een hoogwaardige 1p-lsd-150mcg-blotters-st-design-1 te koop. Wij helpen u 1p-lsd-150mcg-blotters-st-design-1 online te bestellen tegen lage tarieven.\" \/>\n<meta property=\"og:url\" content=\"https:\/\/rckopen.com\/fr\/produit\/1p-lsd-150mcg-blotters-st-design-1\/\" \/>\n<meta property=\"og:site_name\" content=\"RC Kopen\" \/>\n<meta property=\"article:modified_time\" content=\"2026-02-27T09:23:37+00:00\" \/>\n<meta property=\"og:image\" content=\"https:\/\/rckopen.com\/wp-content\/uploads\/2023\/08\/1P-LSD-150mcg-Blotters-ST-Design-1.jpg\" \/>\n\t<meta property=\"og:image:width\" content=\"600\" \/>\n\t<meta property=\"og:image:height\" content=\"600\" \/>\n\t<meta property=\"og:image:type\" content=\"image\/jpeg\" \/>\n<meta name=\"twitter:card\" content=\"summary_large_image\" \/>\n<meta name=\"twitter:label1\" content=\"Dur\u00e9e de lecture estim\u00e9e\" \/>\n\t<meta name=\"twitter:data1\" content=\"3 minutes\" \/>\n<script type=\"application\/ld+json\" class=\"yoast-schema-graph\">{\"@context\":\"https:\/\/schema.org\",\"@graph\":[{\"@type\":\"WebPage\",\"@id\":\"https:\/\/rckopen.com\/product\/1p-lsd-150mcg-blotters-st-design-1\/\",\"url\":\"https:\/\/rckopen.com\/product\/1p-lsd-150mcg-blotters-st-design-1\/\",\"name\":\"1P-LSD-150MCG-Blotters-ST- Design-1 online kopen\",\"isPartOf\":{\"@id\":\"https:\/\/rckopen.com\/#website\"},\"primaryImageOfPage\":{\"@id\":\"https:\/\/rckopen.com\/product\/1p-lsd-150mcg-blotters-st-design-1\/#primaryimage\"},\"image\":{\"@id\":\"https:\/\/rckopen.com\/product\/1p-lsd-150mcg-blotters-st-design-1\/#primaryimage\"},\"thumbnailUrl\":\"https:\/\/rckopen.com\/wp-content\/uploads\/2023\/08\/1P-LSD-150mcg-Blotters-ST-Design-1.jpg\",\"datePublished\":\"2023-08-14T14:17:30+00:00\",\"dateModified\":\"2026-02-27T09:23:37+00:00\",\"description\":\"Als u 1p-lsd-150mcg-blotters-st-design-1 online wilt kopen, heeft RCKopen een hoogwaardige 1p-lsd-150mcg-blotters-st-design-1 te koop. Wij helpen u 1p-lsd-150mcg-blotters-st-design-1 online te bestellen tegen lage tarieven.\",\"breadcrumb\":{\"@id\":\"https:\/\/rckopen.com\/product\/1p-lsd-150mcg-blotters-st-design-1\/#breadcrumb\"},\"inLanguage\":\"fr-FR\",\"potentialAction\":[{\"@type\":\"ReadAction\",\"target\":[\"https:\/\/rckopen.com\/product\/1p-lsd-150mcg-blotters-st-design-1\/\"]}]},{\"@type\":\"ImageObject\",\"inLanguage\":\"fr-FR\",\"@id\":\"https:\/\/rckopen.com\/product\/1p-lsd-150mcg-blotters-st-design-1\/#primaryimage\",\"url\":\"https:\/\/rckopen.com\/wp-content\/uploads\/2023\/08\/1P-LSD-150mcg-Blotters-ST-Design-1.jpg\",\"contentUrl\":\"https:\/\/rckopen.com\/wp-content\/uploads\/2023\/08\/1P-LSD-150mcg-Blotters-ST-Design-1.jpg\",\"width\":600,\"height\":600,\"caption\":\"1P-LSD 150mcg Blotters (ST Design 1) Online Kopen\"},{\"@type\":\"BreadcrumbList\",\"@id\":\"https:\/\/rckopen.com\/product\/1p-lsd-150mcg-blotters-st-design-1\/#breadcrumb\",\"itemListElement\":[{\"@type\":\"ListItem\",\"position\":1,\"name\":\"Home\",\"item\":\"https:\/\/rckopen.com\/\"},{\"@type\":\"ListItem\",\"position\":2,\"name\":\"Shop\",\"item\":\"https:\/\/rckopen.com\/shop\/\"},{\"@type\":\"ListItem\",\"position\":3,\"name\":\"1P-LSD 150mcg Blotters (ST Design 1) Online Kopen\"}]},{\"@type\":\"WebSite\",\"@id\":\"https:\/\/rckopen.com\/#website\",\"url\":\"https:\/\/rckopen.com\/\",\"name\":\"RC Kopen\",\"description\":\"Research Chemicals\",\"potentialAction\":[{\"@type\":\"SearchAction\",\"target\":{\"@type\":\"EntryPoint\",\"urlTemplate\":\"https:\/\/rckopen.com\/?s={search_term_string}\"},\"query-input\":{\"@type\":\"PropertyValueSpecification\",\"valueRequired\":true,\"valueName\":\"search_term_string\"}}],\"inLanguage\":\"fr-FR\"}]}<\/script>\n<!-- \/ Yoast SEO plugin. -->","yoast_head_json":{"title":"1P-LSD-150MCG-Blotters-ST- Design-1 online kopen","description":"Als u 1p-lsd-150mcg-blotters-st-design-1 online wilt kopen, heeft RCKopen een hoogwaardige 1p-lsd-150mcg-blotters-st-design-1 te koop. Wij helpen u 1p-lsd-150mcg-blotters-st-design-1 online te bestellen tegen lage tarieven.","robots":{"index":"index","follow":"follow","max-snippet":"max-snippet:-1","max-image-preview":"max-image-preview:large","max-video-preview":"max-video-preview:-1"},"canonical":"https:\/\/rckopen.com\/fr\/produit\/1p-lsd-150mcg-blotters-st-design-1\/","og_locale":"fr_FR","og_type":"article","og_title":"1P-LSD-150MCG-Blotters-ST- Design-1 online kopen","og_description":"Als u 1p-lsd-150mcg-blotters-st-design-1 online wilt kopen, heeft RCKopen een hoogwaardige 1p-lsd-150mcg-blotters-st-design-1 te koop. Wij helpen u 1p-lsd-150mcg-blotters-st-design-1 online te bestellen tegen lage tarieven.","og_url":"https:\/\/rckopen.com\/fr\/produit\/1p-lsd-150mcg-blotters-st-design-1\/","og_site_name":"RC Kopen","article_modified_time":"2026-02-27T09:23:37+00:00","og_image":[{"width":600,"height":600,"url":"https:\/\/rckopen.com\/wp-content\/uploads\/2023\/08\/1P-LSD-150mcg-Blotters-ST-Design-1.jpg","type":"image\/jpeg"}],"twitter_card":"summary_large_image","twitter_misc":{"Dur\u00e9e de lecture estim\u00e9e":"3 minutes"},"schema":{"@context":"https:\/\/schema.org","@graph":[{"@type":"WebPage","@id":"https:\/\/rckopen.com\/product\/1p-lsd-150mcg-blotters-st-design-1\/","url":"https:\/\/rckopen.com\/product\/1p-lsd-150mcg-blotters-st-design-1\/","name":"1P-LSD-150MCG-Blotters-ST- Design-1 online kopen","isPartOf":{"@id":"https:\/\/rckopen.com\/#website"},"primaryImageOfPage":{"@id":"https:\/\/rckopen.com\/product\/1p-lsd-150mcg-blotters-st-design-1\/#primaryimage"},"image":{"@id":"https:\/\/rckopen.com\/product\/1p-lsd-150mcg-blotters-st-design-1\/#primaryimage"},"thumbnailUrl":"https:\/\/rckopen.com\/wp-content\/uploads\/2023\/08\/1P-LSD-150mcg-Blotters-ST-Design-1.jpg","datePublished":"2023-08-14T14:17:30+00:00","dateModified":"2026-02-27T09:23:37+00:00","description":"Als u 1p-lsd-150mcg-blotters-st-design-1 online wilt kopen, heeft RCKopen een hoogwaardige 1p-lsd-150mcg-blotters-st-design-1 te koop. Wij helpen u 1p-lsd-150mcg-blotters-st-design-1 online te bestellen tegen lage tarieven.","breadcrumb":{"@id":"https:\/\/rckopen.com\/product\/1p-lsd-150mcg-blotters-st-design-1\/#breadcrumb"},"inLanguage":"fr-FR","potentialAction":[{"@type":"ReadAction","target":["https:\/\/rckopen.com\/product\/1p-lsd-150mcg-blotters-st-design-1\/"]}]},{"@type":"ImageObject","inLanguage":"fr-FR","@id":"https:\/\/rckopen.com\/product\/1p-lsd-150mcg-blotters-st-design-1\/#primaryimage","url":"https:\/\/rckopen.com\/wp-content\/uploads\/2023\/08\/1P-LSD-150mcg-Blotters-ST-Design-1.jpg","contentUrl":"https:\/\/rckopen.com\/wp-content\/uploads\/2023\/08\/1P-LSD-150mcg-Blotters-ST-Design-1.jpg","width":600,"height":600,"caption":"1P-LSD 150mcg Blotters (ST Design 1) Online Kopen"},{"@type":"BreadcrumbList","@id":"https:\/\/rckopen.com\/product\/1p-lsd-150mcg-blotters-st-design-1\/#breadcrumb","itemListElement":[{"@type":"ListItem","position":1,"name":"Home","item":"https:\/\/rckopen.com\/"},{"@type":"ListItem","position":2,"name":"Shop","item":"https:\/\/rckopen.com\/shop\/"},{"@type":"ListItem","position":3,"name":"1P-LSD 150mcg Blotters (ST Design 1) Online Kopen"}]},{"@type":"WebSite","@id":"https:\/\/rckopen.com\/#website","url":"https:\/\/rckopen.com\/","name":"RC Kopen","description":"Research Chemicals","potentialAction":[{"@type":"SearchAction","target":{"@type":"EntryPoint","urlTemplate":"https:\/\/rckopen.com\/?s={search_term_string}"},"query-input":{"@type":"PropertyValueSpecification","valueRequired":true,"valueName":"search_term_string"}}],"inLanguage":"fr-FR"}]}},"_links":{"self":[{"href":"https:\/\/rckopen.com\/fr\/wp-json\/wp\/v2\/product\/6389","targetHints":{"allow":["GET"]}}],"collection":[{"href":"https:\/\/rckopen.com\/fr\/wp-json\/wp\/v2\/product"}],"about":[{"href":"https:\/\/rckopen.com\/fr\/wp-json\/wp\/v2\/types\/product"}],"replies":[{"embeddable":true,"href":"https:\/\/rckopen.com\/fr\/wp-json\/wp\/v2\/comments?post=6389"}],"wp:featuredmedia":[{"embeddable":true,"href":"https:\/\/rckopen.com\/fr\/wp-json\/wp\/v2\/media\/6397"}],"wp:attachment":[{"href":"https:\/\/rckopen.com\/fr\/wp-json\/wp\/v2\/media?parent=6389"}],"wp:term":[{"taxonomy":"product_brand","embeddable":true,"href":"https:\/\/rckopen.com\/fr\/wp-json\/wp\/v2\/product_brand?post=6389"},{"taxonomy":"product_cat","embeddable":true,"href":"https:\/\/rckopen.com\/fr\/wp-json\/wp\/v2\/product_cat?post=6389"},{"taxonomy":"product_tag","embeddable":true,"href":"https:\/\/rckopen.com\/fr\/wp-json\/wp\/v2\/product_tag?post=6389"}],"curies":[{"name":"wp","href":"https:\/\/api.w.org\/{rel}","templated":true}]}}