{"id":6407,"date":"2023-08-15T05:59:12","date_gmt":"2023-08-15T05:59:12","guid":{"rendered":"https:\/\/diligentplug.com\/chems\/?post_type=product&#038;p=6407"},"modified":"2025-09-16T10:19:46","modified_gmt":"2025-09-16T10:19:46","slug":"5c-akb48","status":"publish","type":"product","link":"https:\/\/rckopen.com\/fr\/produit\/5c-akb48\/","title":{"rendered":"Achetez 5C-AKB48 en ligne"},"content":{"rendered":"<h2>Was ist 5C-AKB48 online kopen<a href=\"https:\/\/en.wikipedia.org\/w\/index.php?search=+5C-AKB48+&amp;title=Special%3ASearch&amp;ns0=1\">?<\/a><\/h2>\n<p>Le 5C-AKB48 est un cannabino\u00efde synth\u00e9tique de la classe des indazolcarboxamides et est un analogue 5-chlore du 5F-AKB48 (souvent appel\u00e9 AKB48, 5F-APINACA ou 5F-AKB48), le cannabino\u00efde synth\u00e9tique le plus connu.<a href=\"https:\/\/rckopen.com\/fr\/produit\/4f-abinaca\/\">.<\/a><\/p>\n<p>5C-AKB48 a des effets similaires \u00e0 ceux de 5F-AKB48, mais plus marqu\u00e9s.<\/p>\n<h2>Propri\u00e9t\u00e9s chimiques de 5C-AKB48<\/h2>\n<p>Formule chimique : C23H30CIN3O<\/p>\n<p>Nom complet : N-(adamantane-1-yl)-1-(5-chloropentyl)-1H-indazole-3-carboxamide<\/p>\n<p>Masse molaire : 400,00 g\/mol<\/p>\n<p>Puret\u00e9 : &gt;98%<\/p>\n<h3>O\u00f9 acheter 5C-AKB-48 ?<\/h3>\n<p>Chez RC BUY, nous offrons la meilleure qualit\u00e9 de 5C-AKB48 que vous pouvez trouver sur le march\u00e9. RC BUY est \u00e9galement une source N1 de confiance et offre une livraison rapide et discr\u00e8te dans divers pays du monde.<\/p>\n<p>Vous devez \u00eatre \u00e2g\u00e9 d'au moins 18 ans pour acheter 5C-AKB48 et toutes les principales cartes de cr\u00e9dit et Bitcoin sont accept\u00e9es. Tous les produits, y compris le 5C-AKB48, sont destin\u00e9s \u00e0 la recherche et non \u00e0 la consommation humaine.<\/p>\n<h3>Effets n\u00e9gatifs<\/h3>\n<p>La nocivit\u00e9 et les effets \u00e0 long terme sur le bien-\u00eatre de l'utilisation r\u00e9cr\u00e9ative du 5F-AKB48 ne semblent pas s'inscrire dans un contexte logique, et la mesure sp\u00e9cifique de la substance toxique n'est pas claire. Cela s'explique par le fait que le 5F-AKB48 n'a pratiquement aucune exp\u00e9rience d'utilisation chez l'homme. Les t\u00e9moignages des personnes qui ont essay\u00e9 le 5F-AKB48 au sein du r\u00e9seau montrent qu'il ne semble pas y avoir d'effets n\u00e9fastes sur la sant\u00e9 attribu\u00e9s uniquement \u00e0 ce m\u00e9dicament difficile, faiblement dos\u00e9, sans autre utilisation et avec parcimonie (cependant, rien ne peut \u00eatre totalement garanti). Des \u00e9tudes randomis\u00e9es ont montr\u00e9 qu'un surdosage provoque des d\u00e9sagr\u00e9ments physiques, tels que des palpitations, des vertiges et une s\u00e9dation, \u00e0 des doses beaucoup plus faibles que les doses \u00e0 haut risque, entra\u00eenant g\u00e9n\u00e9ralement une forte tension ou un endormissement du patient.<\/p>\n<p>Il a souvent \u00e9t\u00e9 sugg\u00e9r\u00e9 que les personnes ayant d\u00e9j\u00e0 pr\u00e9sent\u00e9 des sympt\u00f4mes graves ne devraient pas consommer ces substances, car elles renforcent clairement l'\u00e9tat actuel du cerveau et des \u00e9motions. Comme le THC, la consommation \u00e0 long terme de cannabino\u00efdes manufactur\u00e9s, y compris le 5F-AKB48, peut \u00e9galement augmenter la pr\u00e9sentation de comportements dysfonctionnels et de psychoses, en particulier chez les personnes vuln\u00e9rables pr\u00e9sentant des facteurs de risque de folie (tels que des ant\u00e9c\u00e9dents familiaux ou pass\u00e9s de schizophr\u00e9nie).<\/p>\n<p>rckopen.com propose des produits qui ne sont pas destin\u00e9s \u00e0 la consommation humaine. La consommation (involontaire) de ce produit peut avoir des cons\u00e9quences m\u00e9dicales graves.<\/p>","protected":false},"excerpt":{"rendered":"<p>Nom IUPAC : N-(adamantan-1-yl)-1-(5-chloropentyl)-1H-indazole-3-carboxamide<br \/>\nCAS # 2160555-52-0<br \/>\nAnalyse RMN : C23H30CIN3O<\/p>","protected":false},"featured_media":6423,"comment_status":"open","ping_status":"closed","template":"","meta":{"_joinchat":[]},"product_brand":[],"product_cat":[132],"product_tag":[185,186,187,189,188,191,190],"class_list":{"0":"post-6407","1":"product","2":"type-product","3":"status-publish","4":"has-post-thumbnail","6":"product_cat-cannabinoiden","7":"product_tag-4cn-adb","8":"product_tag-4cn-mdmb-pinaca-5c-apinaca","9":"product_tag-5c-akb48-5f-ab-pinaca-5f-adb-pinaca-5f-adb","10":"product_tag-5f-akb48-5f-cumyl-pinaca","11":"product_tag-5f-mdmb-pinaca-5f-amb-5f-apinaca","12":"product_tag-c-vloeistof","13":"product_tag-sgt-25","15":"first","16":"instock","17":"shipping-taxable","18":"purchasable","19":"product-type-variable"},"yoast_head":"<!-- This site is optimized with the Yoast SEO plugin v26.3 - https:\/\/yoast.com\/wordpress\/plugins\/seo\/ -->\n<title>5C-AKB48 online te koop - 5C-AKB48 online kopen<\/title>\n<meta name=\"description\" content=\"Onze online RC-koopwinkel heeft hoogwaardige 5C-AKB48 te koop. Als u bereid bent 5C-AKB48 online te kopen, laat het ons dan weten.\" \/>\n<meta name=\"robots\" content=\"index, follow, max-snippet:-1, max-image-preview:large, max-video-preview:-1\" \/>\n<link rel=\"canonical\" href=\"https:\/\/rckopen.com\/fr\/produit\/5c-akb48\/\" \/>\n<meta property=\"og:locale\" content=\"fr_FR\" \/>\n<meta property=\"og:type\" content=\"article\" \/>\n<meta property=\"og:title\" content=\"5C-AKB48 online te koop - 5C-AKB48 online kopen\" \/>\n<meta property=\"og:description\" content=\"Onze online RC-koopwinkel heeft hoogwaardige 5C-AKB48 te koop. Als u bereid bent 5C-AKB48 online te kopen, laat het ons dan weten.\" \/>\n<meta property=\"og:url\" content=\"https:\/\/rckopen.com\/fr\/produit\/5c-akb48\/\" \/>\n<meta property=\"og:site_name\" content=\"RC Kopen\" \/>\n<meta property=\"article:modified_time\" content=\"2025-09-16T10:19:46+00:00\" \/>\n<meta property=\"og:image\" content=\"https:\/\/rckopen.com\/wp-content\/uploads\/2023\/08\/5C-AKB48.jpg\" \/>\n\t<meta property=\"og:image:width\" content=\"600\" \/>\n\t<meta property=\"og:image:height\" content=\"600\" \/>\n\t<meta property=\"og:image:type\" content=\"image\/jpeg\" \/>\n<meta name=\"twitter:card\" content=\"summary_large_image\" \/>\n<meta name=\"twitter:label1\" content=\"Dur\u00e9e de lecture estim\u00e9e\" \/>\n\t<meta name=\"twitter:data1\" content=\"2 minutes\" \/>\n<script type=\"application\/ld+json\" class=\"yoast-schema-graph\">{\"@context\":\"https:\/\/schema.org\",\"@graph\":[{\"@type\":\"WebPage\",\"@id\":\"https:\/\/rckopen.com\/product\/5c-akb48\/\",\"url\":\"https:\/\/rckopen.com\/product\/5c-akb48\/\",\"name\":\"5C-AKB48 online te koop - 5C-AKB48 online kopen\",\"isPartOf\":{\"@id\":\"https:\/\/rckopen.com\/#website\"},\"primaryImageOfPage\":{\"@id\":\"https:\/\/rckopen.com\/product\/5c-akb48\/#primaryimage\"},\"image\":{\"@id\":\"https:\/\/rckopen.com\/product\/5c-akb48\/#primaryimage\"},\"thumbnailUrl\":\"https:\/\/rckopen.com\/wp-content\/uploads\/2023\/08\/5C-AKB48.jpg\",\"datePublished\":\"2023-08-15T05:59:12+00:00\",\"dateModified\":\"2025-09-16T10:19:46+00:00\",\"description\":\"Onze online RC-koopwinkel heeft hoogwaardige 5C-AKB48 te koop. Als u bereid bent 5C-AKB48 online te kopen, laat het ons dan weten.\",\"breadcrumb\":{\"@id\":\"https:\/\/rckopen.com\/product\/5c-akb48\/#breadcrumb\"},\"inLanguage\":\"fr-FR\",\"potentialAction\":[{\"@type\":\"ReadAction\",\"target\":[\"https:\/\/rckopen.com\/product\/5c-akb48\/\"]}]},{\"@type\":\"ImageObject\",\"inLanguage\":\"fr-FR\",\"@id\":\"https:\/\/rckopen.com\/product\/5c-akb48\/#primaryimage\",\"url\":\"https:\/\/rckopen.com\/wp-content\/uploads\/2023\/08\/5C-AKB48.jpg\",\"contentUrl\":\"https:\/\/rckopen.com\/wp-content\/uploads\/2023\/08\/5C-AKB48.jpg\",\"width\":600,\"height\":600,\"caption\":\"5C-AKB48 online kopen\"},{\"@type\":\"BreadcrumbList\",\"@id\":\"https:\/\/rckopen.com\/product\/5c-akb48\/#breadcrumb\",\"itemListElement\":[{\"@type\":\"ListItem\",\"position\":1,\"name\":\"Home\",\"item\":\"https:\/\/rckopen.com\/\"},{\"@type\":\"ListItem\",\"position\":2,\"name\":\"Shop\",\"item\":\"https:\/\/rckopen.com\/shop\/\"},{\"@type\":\"ListItem\",\"position\":3,\"name\":\"5C-AKB48 online kopen\"}]},{\"@type\":\"WebSite\",\"@id\":\"https:\/\/rckopen.com\/#website\",\"url\":\"https:\/\/rckopen.com\/\",\"name\":\"RC Kopen\",\"description\":\"Research Chemicals\",\"potentialAction\":[{\"@type\":\"SearchAction\",\"target\":{\"@type\":\"EntryPoint\",\"urlTemplate\":\"https:\/\/rckopen.com\/?s={search_term_string}\"},\"query-input\":{\"@type\":\"PropertyValueSpecification\",\"valueRequired\":true,\"valueName\":\"search_term_string\"}}],\"inLanguage\":\"fr-FR\"}]}<\/script>\n<!-- \/ Yoast SEO plugin. -->","yoast_head_json":{"title":"5C-AKB48 online te koop - 5C-AKB48 online kopen","description":"Onze online RC-koopwinkel heeft hoogwaardige 5C-AKB48 te koop. Als u bereid bent 5C-AKB48 online te kopen, laat het ons dan weten.","robots":{"index":"index","follow":"follow","max-snippet":"max-snippet:-1","max-image-preview":"max-image-preview:large","max-video-preview":"max-video-preview:-1"},"canonical":"https:\/\/rckopen.com\/fr\/produit\/5c-akb48\/","og_locale":"fr_FR","og_type":"article","og_title":"5C-AKB48 online te koop - 5C-AKB48 online kopen","og_description":"Onze online RC-koopwinkel heeft hoogwaardige 5C-AKB48 te koop. Als u bereid bent 5C-AKB48 online te kopen, laat het ons dan weten.","og_url":"https:\/\/rckopen.com\/fr\/produit\/5c-akb48\/","og_site_name":"RC Kopen","article_modified_time":"2025-09-16T10:19:46+00:00","og_image":[{"width":600,"height":600,"url":"https:\/\/rckopen.com\/wp-content\/uploads\/2023\/08\/5C-AKB48.jpg","type":"image\/jpeg"}],"twitter_card":"summary_large_image","twitter_misc":{"Dur\u00e9e de lecture estim\u00e9e":"2 minutes"},"schema":{"@context":"https:\/\/schema.org","@graph":[{"@type":"WebPage","@id":"https:\/\/rckopen.com\/product\/5c-akb48\/","url":"https:\/\/rckopen.com\/product\/5c-akb48\/","name":"5C-AKB48 online te koop - 5C-AKB48 online kopen","isPartOf":{"@id":"https:\/\/rckopen.com\/#website"},"primaryImageOfPage":{"@id":"https:\/\/rckopen.com\/product\/5c-akb48\/#primaryimage"},"image":{"@id":"https:\/\/rckopen.com\/product\/5c-akb48\/#primaryimage"},"thumbnailUrl":"https:\/\/rckopen.com\/wp-content\/uploads\/2023\/08\/5C-AKB48.jpg","datePublished":"2023-08-15T05:59:12+00:00","dateModified":"2025-09-16T10:19:46+00:00","description":"Onze online RC-koopwinkel heeft hoogwaardige 5C-AKB48 te koop. Als u bereid bent 5C-AKB48 online te kopen, laat het ons dan weten.","breadcrumb":{"@id":"https:\/\/rckopen.com\/product\/5c-akb48\/#breadcrumb"},"inLanguage":"fr-FR","potentialAction":[{"@type":"ReadAction","target":["https:\/\/rckopen.com\/product\/5c-akb48\/"]}]},{"@type":"ImageObject","inLanguage":"fr-FR","@id":"https:\/\/rckopen.com\/product\/5c-akb48\/#primaryimage","url":"https:\/\/rckopen.com\/wp-content\/uploads\/2023\/08\/5C-AKB48.jpg","contentUrl":"https:\/\/rckopen.com\/wp-content\/uploads\/2023\/08\/5C-AKB48.jpg","width":600,"height":600,"caption":"5C-AKB48 online kopen"},{"@type":"BreadcrumbList","@id":"https:\/\/rckopen.com\/product\/5c-akb48\/#breadcrumb","itemListElement":[{"@type":"ListItem","position":1,"name":"Home","item":"https:\/\/rckopen.com\/"},{"@type":"ListItem","position":2,"name":"Shop","item":"https:\/\/rckopen.com\/shop\/"},{"@type":"ListItem","position":3,"name":"5C-AKB48 online kopen"}]},{"@type":"WebSite","@id":"https:\/\/rckopen.com\/#website","url":"https:\/\/rckopen.com\/","name":"RC Kopen","description":"Research Chemicals","potentialAction":[{"@type":"SearchAction","target":{"@type":"EntryPoint","urlTemplate":"https:\/\/rckopen.com\/?s={search_term_string}"},"query-input":{"@type":"PropertyValueSpecification","valueRequired":true,"valueName":"search_term_string"}}],"inLanguage":"fr-FR"}]}},"_links":{"self":[{"href":"https:\/\/rckopen.com\/fr\/wp-json\/wp\/v2\/product\/6407","targetHints":{"allow":["GET"]}}],"collection":[{"href":"https:\/\/rckopen.com\/fr\/wp-json\/wp\/v2\/product"}],"about":[{"href":"https:\/\/rckopen.com\/fr\/wp-json\/wp\/v2\/types\/product"}],"replies":[{"embeddable":true,"href":"https:\/\/rckopen.com\/fr\/wp-json\/wp\/v2\/comments?post=6407"}],"wp:featuredmedia":[{"embeddable":true,"href":"https:\/\/rckopen.com\/fr\/wp-json\/wp\/v2\/media\/6423"}],"wp:attachment":[{"href":"https:\/\/rckopen.com\/fr\/wp-json\/wp\/v2\/media?parent=6407"}],"wp:term":[{"taxonomy":"product_brand","embeddable":true,"href":"https:\/\/rckopen.com\/fr\/wp-json\/wp\/v2\/product_brand?post=6407"},{"taxonomy":"product_cat","embeddable":true,"href":"https:\/\/rckopen.com\/fr\/wp-json\/wp\/v2\/product_cat?post=6407"},{"taxonomy":"product_tag","embeddable":true,"href":"https:\/\/rckopen.com\/fr\/wp-json\/wp\/v2\/product_tag?post=6407"}],"curies":[{"name":"wp","href":"https:\/\/api.w.org\/{rel}","templated":true}]}}