{"id":6408,"date":"2023-08-15T06:06:13","date_gmt":"2023-08-15T06:06:13","guid":{"rendered":"https:\/\/diligentplug.com\/chems\/?post_type=product&#038;p=6408"},"modified":"2025-02-03T05:16:42","modified_gmt":"2025-02-03T05:16:42","slug":"7-add-wet-batch","status":"publish","type":"product","link":"https:\/\/rckopen.com\/fr\/produit\/7-add-wet-batch\/","title":{"rendered":"Acheter en ligne le lot humide 7-ADD"},"content":{"rendered":"<h2>rckopen.com propose des produits qui ne sont pas destin\u00e9s \u00e0 la consommation humaine.<br \/>\nInformations g\u00e9n\u00e9rales Poudre de cannabino\u00efde<\/h2>\n<p><a href=\"https:\/\/rckopen.com\/fr\/produit\/7-add-wet-batch\/\">Achetez 7 ADD en ligne<\/a> lot humide en ligne, les cannabino\u00efdes sont des compos\u00e9s pr\u00e9sents dans le cannabis ou des compos\u00e9s manufactur\u00e9s qui peuvent interagir avec le syst\u00e8me endocannabino\u00efde. Le phytocannabino\u00efde t\u00e9trahydrocannabinol (THC) (Delta-9-THC) est le cannabino\u00efde le plus important, le compos\u00e9 enivrant essentiel du cannabis. Le cannabidiol (CBD) est un autre composant important de certaines plantes de cannabis. Environ 113 cannabino\u00efdes sp\u00e9cifiques ont \u00e9t\u00e9 isol\u00e9s du cannabis. Ce qui a \u00e9t\u00e9 pris en compte en 2020, c'est que les cannabino\u00efdes peuvent \u00eatre trouv\u00e9s dans diverses plantes telles que le rhododendron, la r\u00e9glisse et l'h\u00e9patique, et auparavant dans l'\u00e9chinac\u00e9e.<\/p>\n<h3>Les cannabino\u00efdes classiques sont principalement associ\u00e9s au THC.<\/h3>\n<p>Les cannabino\u00efdes non classiques (cannabimim\u00e9tiques) comprennent les aminoalkylindoles, les 1,5-diarylpyrazoles, les quinolines et les arylsulfonamides, ainsi que les eicosano\u00efdes li\u00e9s aux endocannabino\u00efdes.<\/p>\n<h3>Composition chimique des cannabino\u00efdes<\/h3>\n<p>Le nom parfaitement d\u00e9lib\u00e9r\u00e9 de cet isom\u00e8re du THC est (-)- (6aR,10aR)- 6,6,9-trim\u00e9thyl-3-pentyl-6a,7,8,10a-t\u00e9trahydro-6H-benzo[c]chromen-1 -old. Deux substances apparent\u00e9es, le \u03949-t\u00e9trahydrocannabinol-2-o\u00efque corrosif et le \u03949-t\u00e9trahydrocannabinol-4-o\u00efque corrosif (THCA), sont \u00e9galement pr\u00e9sentes dans le cannabis, parfois en quantit\u00e9s \u00e9normes.<\/p>\n<p>Les deux principaux cannabino\u00efdes sont le delta-9-t\u00e9trahydrocannabinol (THC) et le cannabidiol (CBD). Le plus connu des deux est le delta-9-t\u00e9trahydrocannabinol (THC), la substance responsable des effets psychoactifs de la marijuana.<\/p>\n<h3>Pharmacologie des cannabino\u00efdes<\/h3>\n<p>La pharmacologie du cannabis est compliqu\u00e9e par la pr\u00e9sence d'une grande vari\u00e9t\u00e9 de cannabino\u00efdes. L'anandamide est reconnu comme le ligand endog\u00e8ne du r\u00e9cepteur cannabino\u00efde et poss\u00e8de des propri\u00e9t\u00e9s pharmacologiques similaires \u00e0 celles du THC.<\/p>\n<p>La r\u00e9sine de cannabis est une liqueur comprim\u00e9e produite \u00e0 partir des parties r\u00e9sineuses de la plante, et l'huile de cannabis est un concentr\u00e9 soluble du cannabis.<\/p>\n<p>Deux m\u00e9tabolites actifs sont form\u00e9s : le 11-hydroxy-\u03949-THC et le 8\u03b2-hydroxy-\u03949-THC. Le premier est en outre transform\u00e9 en \u03949-THC-11-o\u00efque corrosif. Deux substances latentes ont la m\u00eame forme - 8\u03b1-hydroxy-\u03949-THC et 8\u03b1,11-dihydroxy-\u03949-THC - et de nombreux autres m\u00e9tabolites mineurs, dont beaucoup apparaissent dans l'urine et les f\u00e8ces sous forme de glucuronides.<\/p>\n<h3>Achetez de la fluoroex\u00e9tamine de haute qualit\u00e9 en ligne<\/h3>\n<p>RCKOPEN poss\u00e8de de nombreuses ann\u00e9es d'exp\u00e9rience dans le secteur de la conception de produits chimiques de recherche, ce qui nous permet de garantir la plus haute qualit\u00e9 de ces produits chimiques de recherche. L'\u00e9quipe de recherche chimique vend de la fluorex\u00e9tamine et des pastilles de 2,5 mg. Les produits chimiques de recherche, y compris les fluoroex\u00e9tamines, r\u00e9pondent \u00e0 toutes les exigences de s\u00e9curit\u00e9. Les produits chimiques de recherche sont soigneusement distribu\u00e9s et stock\u00e9s dans un endroit frais et sec.<\/p>\n<p>Tous les produits sont r\u00e9guli\u00e8rement contr\u00f4l\u00e9s en termes de qualit\u00e9, de puret\u00e9 et de s\u00e9curit\u00e9. Conservez toujours la Fluorex\u00e9tamine \u00e0 temp\u00e9rature ambiante et hors de port\u00e9e des enfants et des animaux domestiques. Notre Fluorexetamine n'est pas destin\u00e9e \u00e0 un usage personnel. Elle est uniquement destin\u00e9e \u00e0 la recherche.<\/p>\n<p>Il ne doit pas \u00eatre m\u00e9lang\u00e9 avec de l'alcool ou des produits chimiques de recherche lors de l'examen de ce produit chimique de recherche !<\/p>\n<p>Tous nos produits ont un prix \u00e9quitable !<\/p>\n<h3>Le laboratoire a test\u00e9 la fluorex\u00e9tamine et les r\u00e9sultats ont \u00e9t\u00e9 positifs.<\/h3>\n<p>R\u00e9aliser de nouveaux progr\u00e8s en vue de satisfaire l'ensemble de ses clients. Plusieurs enqu\u00eates ont montr\u00e9 que les clients demandent autant de donn\u00e9es que pr\u00e9vu avant d'acheter des produits chimiques de recherche synth\u00e9tiques. En outre, nous publions toutes les cons\u00e9quences en laboratoire de chaque produit chimique de recherche dans un document PDF.<a href=\"https:\/\/legitchemicals.com\/\">.<\/a><\/p>\n<p>Notre Fluorex\u00e9tamine r\u00e9pond syst\u00e9matiquement aux ingr\u00e9dients actifs et est claire pour tout le monde.<\/p>\n<p>Nous distribuons toutes les cons\u00e9quences de laboratoire de chaque produit chimique de recherche sur un document PDF.<\/p>\n<h3>Commandez en toute s\u00e9curit\u00e9 de Fluorexetamine.<\/h3>\n<p>Les produits chimiques de recherche de conception RCKOPEN sont d'excellente qualit\u00e9 et ont un prix \u00e9quitable. C'est pourquoi nous garantissons que lorsque vous commandez votre Fluorex\u00e9tamine, <a href=\"https:\/\/rckopen.com\/fr\/\">RCKOPEN<\/a> demandes, nous livrerons votre demande rapidement et en toute s\u00e9curit\u00e9 \u00e0 votre domicile. Achetez le lot humide 7 ADD en ligne.<\/p>\n<p>Demander des connexions de recherche synth\u00e9tique avec Bitcoin ou par virement bancaire est facile chez RC KOPEN.<\/p>\n<p>Nous exp\u00e9dions la Fluorex\u00e9tamine le m\u00eame jour ouvrable si le paiement est re\u00e7u avant 14:00 CEST. Nous n'exp\u00e9dions g\u00e9n\u00e9ralement pas le samedi, le dimanche ou les jours f\u00e9ri\u00e9s nationaux\/internationaux.<\/p>\n<h3>Exp\u00e9dition discr\u00e8te de produits chimiques destin\u00e9s \u00e0 la recherche.<\/h3>\n<p>Bien que les produits chimiques de recherche soient l\u00e9galement accessibles en ligne, RCKOPEN les livre en toute s\u00e9curit\u00e9 et \u00e0 un prix raisonnable. Nous emballons de mani\u00e8re tr\u00e8s discr\u00e8te et rien n'est indiqu\u00e9 \u00e0 l'ext\u00e9rieur sur ce qui pourrait se trouver \u00e0 l'int\u00e9rieur.<\/p>\n<p>Nous envoyons les commandes de plus de 500 euros avec le service \"track and follow\" afin que vous puissiez suivre progressivement votre colis. Nous envoyons les commandes de plus de 500 euros avec le service \"track and follow\" gratuit.<\/p>\n<p>Nous ne livrons pas d'articles aux personnes \u00e2g\u00e9es de moins de 18 ans !<\/p>\n<p>Pr\u00e9cautions<br \/>\nAchetez les \u00e9quipements de protection individuelle appropri\u00e9s, tels que des lunettes et des gants. Nettoyez-les et entretenez-les correctement. Suivez des syst\u00e8mes s\u00fbrs lorsque vous manipulez des produits chimiques destin\u00e9s \u00e0 la recherche et ne prenez pas de raccourcis.<br \/>\nSi la substance \u00e0 l'\u00e9tude entre en contact avec les yeux, bien les rincer et retirer les lentilles de contact si n\u00e9cessaire.<a href=\"https:\/\/rckopen.com\/de\/produkt\/3-merkmale\/\">.<\/a><br \/>\nEssayez d'utiliser un masque lorsque vous utilisez ces produits chimiques pour \u00e9viter qu'ils ne se r\u00e9pandent dans l'air.<\/p>","protected":false},"excerpt":{"rendered":"<p><strong>Nom IUPAC : <\/strong>N-(1-amino-3,3-dimethyl-1-oxobutan-2-yl)-1-butyl-1H-indazole-3-acetamide<\/p>\n<p><strong>Autre nom : <\/strong>AB-Pyca<\/p>\n<p><strong>Apparence : <\/strong>poudre<\/p>\n<p><strong>Forme : <\/strong>lot humide<\/p>\n<p><strong>Analyse RMN : <\/strong>C19H28N4O2<\/p>","protected":false},"featured_media":6424,"comment_status":"open","ping_status":"closed","template":"","meta":{"_joinchat":[]},"product_brand":[],"product_cat":[132],"product_tag":[],"class_list":{"0":"post-6408","1":"product","2":"type-product","3":"status-publish","4":"has-post-thumbnail","6":"product_cat-cannabinoiden","8":"first","9":"instock","10":"shipping-taxable","11":"purchasable","12":"product-type-variable"},"yoast_head":"<!-- This site is optimized with the Yoast SEO plugin v26.3 - https:\/\/yoast.com\/wordpress\/plugins\/seo\/ -->\n<title>7 ADD natte batch online kopen - 7 ADD natte batch te koop<\/title>\n<meta name=\"description\" content=\"Als je 7 ADD Wet Batch uit onze winkel nog niet hebt geprobeerd, dan mis je veel. Wij helpen u 7 ADD Wet Batch online te kopen tegen goedkope tarieven. Ontvang vandaag nog 7 ADD Wet Batch te koop!\" \/>\n<meta name=\"robots\" content=\"index, follow, max-snippet:-1, max-image-preview:large, max-video-preview:-1\" \/>\n<link rel=\"canonical\" href=\"https:\/\/rckopen.com\/fr\/produit\/7-add-wet-batch\/\" \/>\n<meta property=\"og:locale\" content=\"fr_FR\" \/>\n<meta property=\"og:type\" content=\"article\" \/>\n<meta property=\"og:title\" content=\"7 ADD natte batch online kopen - 7 ADD natte batch te koop\" \/>\n<meta property=\"og:description\" content=\"Als je 7 ADD Wet Batch uit onze winkel nog niet hebt geprobeerd, dan mis je veel. Wij helpen u 7 ADD Wet Batch online te kopen tegen goedkope tarieven. Ontvang vandaag nog 7 ADD Wet Batch te koop!\" \/>\n<meta property=\"og:url\" content=\"https:\/\/rckopen.com\/fr\/produit\/7-add-wet-batch\/\" \/>\n<meta property=\"og:site_name\" content=\"RC Kopen\" \/>\n<meta property=\"article:modified_time\" content=\"2025-02-03T05:16:42+00:00\" \/>\n<meta property=\"og:image\" content=\"https:\/\/rckopen.com\/wp-content\/uploads\/2023\/08\/7-ADD-wet-batch.jpg\" \/>\n\t<meta property=\"og:image:width\" content=\"600\" \/>\n\t<meta property=\"og:image:height\" content=\"600\" \/>\n\t<meta property=\"og:image:type\" content=\"image\/jpeg\" \/>\n<meta name=\"twitter:card\" content=\"summary_large_image\" \/>\n<meta name=\"twitter:label1\" content=\"Dur\u00e9e de lecture estim\u00e9e\" \/>\n\t<meta name=\"twitter:data1\" content=\"4 minutes\" \/>\n<script type=\"application\/ld+json\" class=\"yoast-schema-graph\">{\"@context\":\"https:\/\/schema.org\",\"@graph\":[{\"@type\":\"WebPage\",\"@id\":\"https:\/\/rckopen.com\/product\/7-add-wet-batch\/\",\"url\":\"https:\/\/rckopen.com\/product\/7-add-wet-batch\/\",\"name\":\"7 ADD natte batch online kopen - 7 ADD natte batch te koop\",\"isPartOf\":{\"@id\":\"https:\/\/rckopen.com\/#website\"},\"primaryImageOfPage\":{\"@id\":\"https:\/\/rckopen.com\/product\/7-add-wet-batch\/#primaryimage\"},\"image\":{\"@id\":\"https:\/\/rckopen.com\/product\/7-add-wet-batch\/#primaryimage\"},\"thumbnailUrl\":\"https:\/\/rckopen.com\/wp-content\/uploads\/2023\/08\/7-ADD-wet-batch.jpg\",\"datePublished\":\"2023-08-15T06:06:13+00:00\",\"dateModified\":\"2025-02-03T05:16:42+00:00\",\"description\":\"Als je 7 ADD Wet Batch uit onze winkel nog niet hebt geprobeerd, dan mis je veel. Wij helpen u 7 ADD Wet Batch online te kopen tegen goedkope tarieven. Ontvang vandaag nog 7 ADD Wet Batch te koop!\",\"breadcrumb\":{\"@id\":\"https:\/\/rckopen.com\/product\/7-add-wet-batch\/#breadcrumb\"},\"inLanguage\":\"fr-FR\",\"potentialAction\":[{\"@type\":\"ReadAction\",\"target\":[\"https:\/\/rckopen.com\/product\/7-add-wet-batch\/\"]}]},{\"@type\":\"ImageObject\",\"inLanguage\":\"fr-FR\",\"@id\":\"https:\/\/rckopen.com\/product\/7-add-wet-batch\/#primaryimage\",\"url\":\"https:\/\/rckopen.com\/wp-content\/uploads\/2023\/08\/7-ADD-wet-batch.jpg\",\"contentUrl\":\"https:\/\/rckopen.com\/wp-content\/uploads\/2023\/08\/7-ADD-wet-batch.jpg\",\"width\":600,\"height\":600,\"caption\":\"7-ADD-wet-batch online kopen\"},{\"@type\":\"BreadcrumbList\",\"@id\":\"https:\/\/rckopen.com\/product\/7-add-wet-batch\/#breadcrumb\",\"itemListElement\":[{\"@type\":\"ListItem\",\"position\":1,\"name\":\"Home\",\"item\":\"https:\/\/rckopen.com\/\"},{\"@type\":\"ListItem\",\"position\":2,\"name\":\"Shop\",\"item\":\"https:\/\/rckopen.com\/shop\/\"},{\"@type\":\"ListItem\",\"position\":3,\"name\":\"7-ADD wet batch online kopen\"}]},{\"@type\":\"WebSite\",\"@id\":\"https:\/\/rckopen.com\/#website\",\"url\":\"https:\/\/rckopen.com\/\",\"name\":\"RC Kopen\",\"description\":\"Research Chemicals\",\"potentialAction\":[{\"@type\":\"SearchAction\",\"target\":{\"@type\":\"EntryPoint\",\"urlTemplate\":\"https:\/\/rckopen.com\/?s={search_term_string}\"},\"query-input\":{\"@type\":\"PropertyValueSpecification\",\"valueRequired\":true,\"valueName\":\"search_term_string\"}}],\"inLanguage\":\"fr-FR\"}]}<\/script>\n<!-- \/ Yoast SEO plugin. -->","yoast_head_json":{"title":"7 ADD natte batch online kopen - 7 ADD natte batch te koop","description":"Als je 7 ADD Wet Batch uit onze winkel nog niet hebt geprobeerd, dan mis je veel. Wij helpen u 7 ADD Wet Batch online te kopen tegen goedkope tarieven. Ontvang vandaag nog 7 ADD Wet Batch te koop!","robots":{"index":"index","follow":"follow","max-snippet":"max-snippet:-1","max-image-preview":"max-image-preview:large","max-video-preview":"max-video-preview:-1"},"canonical":"https:\/\/rckopen.com\/fr\/produit\/7-add-wet-batch\/","og_locale":"fr_FR","og_type":"article","og_title":"7 ADD natte batch online kopen - 7 ADD natte batch te koop","og_description":"Als je 7 ADD Wet Batch uit onze winkel nog niet hebt geprobeerd, dan mis je veel. Wij helpen u 7 ADD Wet Batch online te kopen tegen goedkope tarieven. Ontvang vandaag nog 7 ADD Wet Batch te koop!","og_url":"https:\/\/rckopen.com\/fr\/produit\/7-add-wet-batch\/","og_site_name":"RC Kopen","article_modified_time":"2025-02-03T05:16:42+00:00","og_image":[{"width":600,"height":600,"url":"https:\/\/rckopen.com\/wp-content\/uploads\/2023\/08\/7-ADD-wet-batch.jpg","type":"image\/jpeg"}],"twitter_card":"summary_large_image","twitter_misc":{"Dur\u00e9e de lecture estim\u00e9e":"4 minutes"},"schema":{"@context":"https:\/\/schema.org","@graph":[{"@type":"WebPage","@id":"https:\/\/rckopen.com\/product\/7-add-wet-batch\/","url":"https:\/\/rckopen.com\/product\/7-add-wet-batch\/","name":"7 ADD natte batch online kopen - 7 ADD natte batch te koop","isPartOf":{"@id":"https:\/\/rckopen.com\/#website"},"primaryImageOfPage":{"@id":"https:\/\/rckopen.com\/product\/7-add-wet-batch\/#primaryimage"},"image":{"@id":"https:\/\/rckopen.com\/product\/7-add-wet-batch\/#primaryimage"},"thumbnailUrl":"https:\/\/rckopen.com\/wp-content\/uploads\/2023\/08\/7-ADD-wet-batch.jpg","datePublished":"2023-08-15T06:06:13+00:00","dateModified":"2025-02-03T05:16:42+00:00","description":"Als je 7 ADD Wet Batch uit onze winkel nog niet hebt geprobeerd, dan mis je veel. Wij helpen u 7 ADD Wet Batch online te kopen tegen goedkope tarieven. Ontvang vandaag nog 7 ADD Wet Batch te koop!","breadcrumb":{"@id":"https:\/\/rckopen.com\/product\/7-add-wet-batch\/#breadcrumb"},"inLanguage":"fr-FR","potentialAction":[{"@type":"ReadAction","target":["https:\/\/rckopen.com\/product\/7-add-wet-batch\/"]}]},{"@type":"ImageObject","inLanguage":"fr-FR","@id":"https:\/\/rckopen.com\/product\/7-add-wet-batch\/#primaryimage","url":"https:\/\/rckopen.com\/wp-content\/uploads\/2023\/08\/7-ADD-wet-batch.jpg","contentUrl":"https:\/\/rckopen.com\/wp-content\/uploads\/2023\/08\/7-ADD-wet-batch.jpg","width":600,"height":600,"caption":"7-ADD-wet-batch online kopen"},{"@type":"BreadcrumbList","@id":"https:\/\/rckopen.com\/product\/7-add-wet-batch\/#breadcrumb","itemListElement":[{"@type":"ListItem","position":1,"name":"Home","item":"https:\/\/rckopen.com\/"},{"@type":"ListItem","position":2,"name":"Shop","item":"https:\/\/rckopen.com\/shop\/"},{"@type":"ListItem","position":3,"name":"7-ADD wet batch online kopen"}]},{"@type":"WebSite","@id":"https:\/\/rckopen.com\/#website","url":"https:\/\/rckopen.com\/","name":"RC Kopen","description":"Research Chemicals","potentialAction":[{"@type":"SearchAction","target":{"@type":"EntryPoint","urlTemplate":"https:\/\/rckopen.com\/?s={search_term_string}"},"query-input":{"@type":"PropertyValueSpecification","valueRequired":true,"valueName":"search_term_string"}}],"inLanguage":"fr-FR"}]}},"_links":{"self":[{"href":"https:\/\/rckopen.com\/fr\/wp-json\/wp\/v2\/product\/6408","targetHints":{"allow":["GET"]}}],"collection":[{"href":"https:\/\/rckopen.com\/fr\/wp-json\/wp\/v2\/product"}],"about":[{"href":"https:\/\/rckopen.com\/fr\/wp-json\/wp\/v2\/types\/product"}],"replies":[{"embeddable":true,"href":"https:\/\/rckopen.com\/fr\/wp-json\/wp\/v2\/comments?post=6408"}],"wp:featuredmedia":[{"embeddable":true,"href":"https:\/\/rckopen.com\/fr\/wp-json\/wp\/v2\/media\/6424"}],"wp:attachment":[{"href":"https:\/\/rckopen.com\/fr\/wp-json\/wp\/v2\/media?parent=6408"}],"wp:term":[{"taxonomy":"product_brand","embeddable":true,"href":"https:\/\/rckopen.com\/fr\/wp-json\/wp\/v2\/product_brand?post=6408"},{"taxonomy":"product_cat","embeddable":true,"href":"https:\/\/rckopen.com\/fr\/wp-json\/wp\/v2\/product_cat?post=6408"},{"taxonomy":"product_tag","embeddable":true,"href":"https:\/\/rckopen.com\/fr\/wp-json\/wp\/v2\/product_tag?post=6408"}],"curies":[{"name":"wp","href":"https:\/\/api.w.org\/{rel}","templated":true}]}}