{"id":6414,"date":"2023-08-15T06:32:13","date_gmt":"2023-08-15T06:32:13","guid":{"rendered":"https:\/\/diligentplug.com\/chems\/?post_type=product&#038;p=6414"},"modified":"2025-02-04T04:20:17","modified_gmt":"2025-02-04T04:20:17","slug":"jwh-210","status":"publish","type":"product","link":"https:\/\/rckopen.com\/fr\/produit\/jwh-210\/","title":{"rendered":"Acheter JWH-210 en ligne"},"content":{"rendered":"<h2>Informations g\u00e9n\u00e9rales sur le JWH-210<\/h2>\n<p><a href=\"https:\/\/rckopen.com\/fr\/produit\/jwh-210\/\">Acheter JWH-210 en ligne<\/a>Le JWH-210 est un cannabino\u00efde synth\u00e9tique synth\u00e9tis\u00e9 pour la premi\u00e8re fois par John W. Huffman en 1993 dans le cadre de ses recherches sur les cannabino\u00efdes. Il appartient \u00e0 la famille des indole-3-carboxylates et agit comme un agoniste complet des r\u00e9cepteurs CB1 et CB2.<\/p>\n<p><a href=\"https:\/\/en.wikipedia.org\/wiki\/JWH-210\">JWH-210<\/a> est souvent vendu comme un produit chimique de recherche ayant des propri\u00e9t\u00e9s similaires au THC (t\u00e9trahydrocannabinol et marijuana).<\/p>\n<p>Le JWH-210 est un cannabino\u00efde synth\u00e9tique class\u00e9 comme produit chimique de recherche. Les produits chimiques de recherche sont des produits chimiques utilis\u00e9s dans la recherche scientifique pour \u00e9tudier leurs propri\u00e9t\u00e9s, leurs effets et leurs applications potentielles.<\/p>\n<p>Il a ensuite \u00e9t\u00e9 utilis\u00e9 dans plusieurs \u00e9tudes pour \u00e9tudier les propri\u00e9t\u00e9s pharmacologiques des cannabino\u00efdes synth\u00e9tiques, notamment leurs effets sur les r\u00e9cepteurs CB1 et CB2, leurs utilisations potentielles et leur toxicit\u00e9.<\/p>\n<p>Il a \u00e9t\u00e9 d\u00e9montr\u00e9 que le JWH-210 a une affinit\u00e9 de liaison plus \u00e9lev\u00e9e pour le r\u00e9cepteur CB1 que pour le r\u00e9cepteur CB2. Lorsqu'il se lie \u00e0 ces r\u00e9cepteurs, il active les m\u00eames voies de signalisation que celles activ\u00e9es par les cannabino\u00efdes naturels tels que l'anandamide et le 2-arachidonoylglyc\u00e9rol.<\/p>\n<h3>Composition chimique du JWH-210<\/h3>\n<p>Le nom chimique du JWH-210 est (4-\u00e9thylnaphtal\u00e8ne-1-yl-(1-pentylindol-3-yl)m\u00e9thanone), et sa formule mol\u00e9culaire est C26H27NO. Il appartient \u00e0 la famille des indoles-3-carboxylates et est un cannabino\u00efde synth\u00e9tique.<\/p>\n<p>La poudre de JWH-210 est g\u00e9n\u00e9ralement vendue sous forme pure ou en solution dans un solvant tel que l'ac\u00e9tone ou l'\u00e9thanol. Son point d'\u00e9bullition est de 510,9 \u00b0C \u00e0 760 mmHg et son point de fusion de 139-140 \u00b0C.<\/p>\n<p>Le JWH-210 est structurellement similaire \u00e0 d'autres cannabino\u00efdes synth\u00e9tiques, tels que le JWH-018 et le CP-47,497, mais sa structure chimique est diff\u00e9rente en raison de la pr\u00e9sence d'un groupe \u00e9thyle en position 4 de l'anneau naphtal\u00e8ne. On pense que cette modification am\u00e9liore la puissance et l'affinit\u00e9 de JWH-210.<\/p>\n<h3>Achetez en ligne le JWH-210 de haute qualit\u00e9<\/h3>\n<p>Acheter JWH-210 en ligne a de nombreuses ann\u00e9es d'exp\u00e9rience dans l'industrie de la conception de produits chimiques de recherche, ce qui nous permet de garantir la plus haute qualit\u00e9 de ces produits chimiques de recherche. L\u2019achat du JWH-210 est facile et offre une qualit\u00e9 sup\u00e9rieure. Le co\u00fbt du JWH-210 est relativement bas par rapport aux autres soci\u00e9t\u00e9s. Les produits chimiques de recherche, y compris le JWH-210, r\u00e9pondent \u00e0 toutes les exigences de s\u00e9curit\u00e9. Les produits chimiques de recherche sont soigneusement distribu\u00e9s et stock\u00e9s dans un endroit frais et sec.<\/p>\n<p>La qualit\u00e9, la puret\u00e9 et la s\u00e9curit\u00e9 de tous les produits sont r\u00e9guli\u00e8rement contr\u00f4l\u00e9es. Conservez toujours JWH-210 \u00e0 temp\u00e9rature ambiante et hors de port\u00e9e des enfants et des animaux domestiques. Notre JWH-210 n'est pas destin\u00e9 \u00e0 un usage personnel. Il est destin\u00e9 uniquement \u00e0 la recherche.<\/p>\n<p>Nos produits ont un prix raisonnable et vous pouvez acheter JWH-210 en ligne \u00e0 des prix tr\u00e8s bas.<\/p>\n<h3>Le JWH-210 a \u00e9t\u00e9 test\u00e9 en laboratoire et a donn\u00e9 des r\u00e9sultats.<\/h3>\n<p>R\u00e9aliser de nouveaux progr\u00e8s pour satisfaire l'ensemble de ses clients. Plusieurs enqu\u00eates ont montr\u00e9 que les clients demandent autant de donn\u00e9es que pr\u00e9vu avant d'acheter des produits chimiques de recherche synth\u00e9tiques. En outre, nous publions toutes les cons\u00e9quences en laboratoire de chaque produit chimique de recherche dans un document PDF.<\/p>\n<p>Notre poudre JWH-210 respecte syst\u00e9matiquement les principes actifs et est visible par tous.<\/p>\n<p>Nous distribuons toutes les cons\u00e9quences de laboratoire de chaque produit chimique de recherche sur un document PDF.<\/p>\n<h3>Commande s\u00e9curis\u00e9e sur JWH-210.<\/h3>\n<p><a href=\"https:\/\/rckopen.com\/fr\/\">RCKopen<\/a> Les produits chimiques de recherche de conception sont d'excellente qualit\u00e9 et ont un prix \u00e9quitable. C'est pourquoi nous vous garantissons que nous livrerons votre demande \u00e0 votre domicile rapidement et en toute s\u00e9curit\u00e9 lorsque vous demanderez vos produits chimiques de recherche sur rckopen.com, car les ventes de produits chimiques de recherche sont toujours disponibles sur rckopen.com.<\/p>\n<p>Il est facile de demander des connexions de recherche synth\u00e9tique avec Bitcoin ou par virement bancaire sur le site rckopen.com.<\/p>\n<p>Nous exp\u00e9dions la poudre pour les produits chimiques de recherche le m\u00eame jour ouvrable si le paiement est re\u00e7u avant 15:00 CEST.<\/p>\n<p>Nous ne livrons pas d'articles aux personnes \u00e2g\u00e9es de moins de 18 ans !<\/p>\n<p>La vente de produits chimiques de recherche est r\u00e9serv\u00e9e \u00e0 des fins de recherche.<\/p>\n<h3>Exp\u00e9dition discr\u00e8te de produits chimiques destin\u00e9s \u00e0 la recherche.<\/h3>\n<p>rckopen.com emballera votre commande de mani\u00e8re s\u00e9curis\u00e9e afin d'assurer un transport ad\u00e9quat. De plus, nous emballons de mani\u00e8re parfaitement discr\u00e8te, et rien n'est montr\u00e9 \u00e0 l'ext\u00e9rieur de ce qu'il pourrait y avoir \u00e0 l'int\u00e9rieur<\/p>","protected":false},"excerpt":{"rendered":"<p><strong>Nom IUPAC : <\/strong>(4-\u00e9thyl-1-naphtal\u00e9nyl)(1-pentyl-1H-indol-3-yl)m\u00e9thanone<\/p>\n<p><strong>CAS # <\/strong>824959-81-1<\/p>\n<p><strong>Apparence : <\/strong>poudre<\/p>\n<p><strong>Forme : <\/strong>hcl<\/p>\n<p><strong>Analyse RMN : <\/strong>C26H27NO<\/p>","protected":false},"featured_media":6430,"comment_status":"open","ping_status":"closed","template":"","meta":{"_joinchat":[]},"product_brand":[],"product_cat":[132],"product_tag":[],"class_list":{"0":"post-6414","1":"product","2":"type-product","3":"status-publish","4":"has-post-thumbnail","6":"product_cat-cannabinoiden","8":"first","9":"instock","10":"shipping-taxable","11":"purchasable","12":"product-type-variable"},"yoast_head":"<!-- This site is optimized with the Yoast SEO plugin v26.3 - https:\/\/yoast.com\/wordpress\/plugins\/seo\/ -->\n<title>JWH-210 online kopen - JWH-210 te koop<\/title>\n<meta name=\"description\" content=\"Wij zijn de toonaangevende winkel die JWH-210 te koop heeft. Als u JWH-210 online wilt kopen, neem dan onmiddellijk contact met ons op en laat de bestelling bezorgen. Bestel nu!\" \/>\n<meta name=\"robots\" content=\"index, follow, max-snippet:-1, max-image-preview:large, max-video-preview:-1\" \/>\n<link rel=\"canonical\" href=\"https:\/\/rckopen.com\/fr\/produit\/jwh-210\/\" \/>\n<meta property=\"og:locale\" content=\"fr_FR\" \/>\n<meta property=\"og:type\" content=\"article\" \/>\n<meta property=\"og:title\" content=\"JWH-210 online kopen - JWH-210 te koop\" \/>\n<meta property=\"og:description\" content=\"Wij zijn de toonaangevende winkel die JWH-210 te koop heeft. Als u JWH-210 online wilt kopen, neem dan onmiddellijk contact met ons op en laat de bestelling bezorgen. Bestel nu!\" \/>\n<meta property=\"og:url\" content=\"https:\/\/rckopen.com\/fr\/produit\/jwh-210\/\" \/>\n<meta property=\"og:site_name\" content=\"RC Kopen\" \/>\n<meta property=\"article:modified_time\" content=\"2025-02-04T04:20:17+00:00\" \/>\n<meta property=\"og:image\" content=\"https:\/\/rckopen.com\/wp-content\/uploads\/2023\/08\/JWH-210.jpg\" \/>\n\t<meta property=\"og:image:width\" content=\"600\" \/>\n\t<meta property=\"og:image:height\" content=\"600\" \/>\n\t<meta property=\"og:image:type\" content=\"image\/jpeg\" \/>\n<meta name=\"twitter:card\" content=\"summary_large_image\" \/>\n<meta name=\"twitter:label1\" content=\"Dur\u00e9e de lecture estim\u00e9e\" \/>\n\t<meta name=\"twitter:data1\" content=\"3 minutes\" \/>\n<script type=\"application\/ld+json\" class=\"yoast-schema-graph\">{\"@context\":\"https:\/\/schema.org\",\"@graph\":[{\"@type\":\"WebPage\",\"@id\":\"https:\/\/rckopen.com\/product\/jwh-210\/\",\"url\":\"https:\/\/rckopen.com\/product\/jwh-210\/\",\"name\":\"JWH-210 online kopen - JWH-210 te koop\",\"isPartOf\":{\"@id\":\"https:\/\/rckopen.com\/#website\"},\"primaryImageOfPage\":{\"@id\":\"https:\/\/rckopen.com\/product\/jwh-210\/#primaryimage\"},\"image\":{\"@id\":\"https:\/\/rckopen.com\/product\/jwh-210\/#primaryimage\"},\"thumbnailUrl\":\"https:\/\/rckopen.com\/wp-content\/uploads\/2023\/08\/JWH-210.jpg\",\"datePublished\":\"2023-08-15T06:32:13+00:00\",\"dateModified\":\"2025-02-04T04:20:17+00:00\",\"description\":\"Wij zijn de toonaangevende winkel die JWH-210 te koop heeft. Als u JWH-210 online wilt kopen, neem dan onmiddellijk contact met ons op en laat de bestelling bezorgen. Bestel nu!\",\"breadcrumb\":{\"@id\":\"https:\/\/rckopen.com\/product\/jwh-210\/#breadcrumb\"},\"inLanguage\":\"fr-FR\",\"potentialAction\":[{\"@type\":\"ReadAction\",\"target\":[\"https:\/\/rckopen.com\/product\/jwh-210\/\"]}]},{\"@type\":\"ImageObject\",\"inLanguage\":\"fr-FR\",\"@id\":\"https:\/\/rckopen.com\/product\/jwh-210\/#primaryimage\",\"url\":\"https:\/\/rckopen.com\/wp-content\/uploads\/2023\/08\/JWH-210.jpg\",\"contentUrl\":\"https:\/\/rckopen.com\/wp-content\/uploads\/2023\/08\/JWH-210.jpg\",\"width\":600,\"height\":600,\"caption\":\"JWH-210 online kopen\"},{\"@type\":\"BreadcrumbList\",\"@id\":\"https:\/\/rckopen.com\/product\/jwh-210\/#breadcrumb\",\"itemListElement\":[{\"@type\":\"ListItem\",\"position\":1,\"name\":\"Home\",\"item\":\"https:\/\/rckopen.com\/\"},{\"@type\":\"ListItem\",\"position\":2,\"name\":\"Shop\",\"item\":\"https:\/\/rckopen.com\/shop\/\"},{\"@type\":\"ListItem\",\"position\":3,\"name\":\"JWH-210 online kopen\"}]},{\"@type\":\"WebSite\",\"@id\":\"https:\/\/rckopen.com\/#website\",\"url\":\"https:\/\/rckopen.com\/\",\"name\":\"RC Kopen\",\"description\":\"Research Chemicals\",\"potentialAction\":[{\"@type\":\"SearchAction\",\"target\":{\"@type\":\"EntryPoint\",\"urlTemplate\":\"https:\/\/rckopen.com\/?s={search_term_string}\"},\"query-input\":{\"@type\":\"PropertyValueSpecification\",\"valueRequired\":true,\"valueName\":\"search_term_string\"}}],\"inLanguage\":\"fr-FR\"}]}<\/script>\n<!-- \/ Yoast SEO plugin. -->","yoast_head_json":{"title":"JWH-210 online kopen - JWH-210 te koop","description":"Wij zijn de toonaangevende winkel die JWH-210 te koop heeft. Als u JWH-210 online wilt kopen, neem dan onmiddellijk contact met ons op en laat de bestelling bezorgen. Bestel nu!","robots":{"index":"index","follow":"follow","max-snippet":"max-snippet:-1","max-image-preview":"max-image-preview:large","max-video-preview":"max-video-preview:-1"},"canonical":"https:\/\/rckopen.com\/fr\/produit\/jwh-210\/","og_locale":"fr_FR","og_type":"article","og_title":"JWH-210 online kopen - JWH-210 te koop","og_description":"Wij zijn de toonaangevende winkel die JWH-210 te koop heeft. Als u JWH-210 online wilt kopen, neem dan onmiddellijk contact met ons op en laat de bestelling bezorgen. Bestel nu!","og_url":"https:\/\/rckopen.com\/fr\/produit\/jwh-210\/","og_site_name":"RC Kopen","article_modified_time":"2025-02-04T04:20:17+00:00","og_image":[{"width":600,"height":600,"url":"https:\/\/rckopen.com\/wp-content\/uploads\/2023\/08\/JWH-210.jpg","type":"image\/jpeg"}],"twitter_card":"summary_large_image","twitter_misc":{"Dur\u00e9e de lecture estim\u00e9e":"3 minutes"},"schema":{"@context":"https:\/\/schema.org","@graph":[{"@type":"WebPage","@id":"https:\/\/rckopen.com\/product\/jwh-210\/","url":"https:\/\/rckopen.com\/product\/jwh-210\/","name":"JWH-210 online kopen - JWH-210 te koop","isPartOf":{"@id":"https:\/\/rckopen.com\/#website"},"primaryImageOfPage":{"@id":"https:\/\/rckopen.com\/product\/jwh-210\/#primaryimage"},"image":{"@id":"https:\/\/rckopen.com\/product\/jwh-210\/#primaryimage"},"thumbnailUrl":"https:\/\/rckopen.com\/wp-content\/uploads\/2023\/08\/JWH-210.jpg","datePublished":"2023-08-15T06:32:13+00:00","dateModified":"2025-02-04T04:20:17+00:00","description":"Wij zijn de toonaangevende winkel die JWH-210 te koop heeft. Als u JWH-210 online wilt kopen, neem dan onmiddellijk contact met ons op en laat de bestelling bezorgen. Bestel nu!","breadcrumb":{"@id":"https:\/\/rckopen.com\/product\/jwh-210\/#breadcrumb"},"inLanguage":"fr-FR","potentialAction":[{"@type":"ReadAction","target":["https:\/\/rckopen.com\/product\/jwh-210\/"]}]},{"@type":"ImageObject","inLanguage":"fr-FR","@id":"https:\/\/rckopen.com\/product\/jwh-210\/#primaryimage","url":"https:\/\/rckopen.com\/wp-content\/uploads\/2023\/08\/JWH-210.jpg","contentUrl":"https:\/\/rckopen.com\/wp-content\/uploads\/2023\/08\/JWH-210.jpg","width":600,"height":600,"caption":"JWH-210 online kopen"},{"@type":"BreadcrumbList","@id":"https:\/\/rckopen.com\/product\/jwh-210\/#breadcrumb","itemListElement":[{"@type":"ListItem","position":1,"name":"Home","item":"https:\/\/rckopen.com\/"},{"@type":"ListItem","position":2,"name":"Shop","item":"https:\/\/rckopen.com\/shop\/"},{"@type":"ListItem","position":3,"name":"JWH-210 online kopen"}]},{"@type":"WebSite","@id":"https:\/\/rckopen.com\/#website","url":"https:\/\/rckopen.com\/","name":"RC Kopen","description":"Research Chemicals","potentialAction":[{"@type":"SearchAction","target":{"@type":"EntryPoint","urlTemplate":"https:\/\/rckopen.com\/?s={search_term_string}"},"query-input":{"@type":"PropertyValueSpecification","valueRequired":true,"valueName":"search_term_string"}}],"inLanguage":"fr-FR"}]}},"_links":{"self":[{"href":"https:\/\/rckopen.com\/fr\/wp-json\/wp\/v2\/product\/6414","targetHints":{"allow":["GET"]}}],"collection":[{"href":"https:\/\/rckopen.com\/fr\/wp-json\/wp\/v2\/product"}],"about":[{"href":"https:\/\/rckopen.com\/fr\/wp-json\/wp\/v2\/types\/product"}],"replies":[{"embeddable":true,"href":"https:\/\/rckopen.com\/fr\/wp-json\/wp\/v2\/comments?post=6414"}],"wp:featuredmedia":[{"embeddable":true,"href":"https:\/\/rckopen.com\/fr\/wp-json\/wp\/v2\/media\/6430"}],"wp:attachment":[{"href":"https:\/\/rckopen.com\/fr\/wp-json\/wp\/v2\/media?parent=6414"}],"wp:term":[{"taxonomy":"product_brand","embeddable":true,"href":"https:\/\/rckopen.com\/fr\/wp-json\/wp\/v2\/product_brand?post=6414"},{"taxonomy":"product_cat","embeddable":true,"href":"https:\/\/rckopen.com\/fr\/wp-json\/wp\/v2\/product_cat?post=6414"},{"taxonomy":"product_tag","embeddable":true,"href":"https:\/\/rckopen.com\/fr\/wp-json\/wp\/v2\/product_tag?post=6414"}],"curies":[{"name":"wp","href":"https:\/\/api.w.org\/{rel}","templated":true}]}}