{"id":6415,"date":"2023-08-15T06:16:49","date_gmt":"2023-08-15T06:16:49","guid":{"rendered":"https:\/\/diligentplug.com\/chems\/?post_type=product&#038;p=6415"},"modified":"2025-02-03T04:53:30","modified_gmt":"2025-02-03T04:53:30","slug":"7-add","status":"publish","type":"product","link":"https:\/\/rckopen.com\/fr\/produit\/7-ajouter\/","title":{"rendered":"Achetez 7-ADD en ligne"},"content":{"rendered":"<h2>Achetez 7-ADD en ligne<\/h2>\n<p><a href=\"https:\/\/rckopen.com\/fr\/produit\/7-ajouter\/\">Achetez 7 ADD en ligne<\/a>Comme toutes les actinomycines, elle poss\u00e8de un syst\u00e8me 2-aminoph\u00e9noxazine-3-one doublement m\u00e9thyl\u00e9 comme chromophore actinoyle, qui est li\u00e9 aux cycles lactones pentapeptidiques via deux liaisons amides. La structure de base du chromopeptide 7-AAD est l'actinomycine D, qui ne poss\u00e8de pas le groupe fonctionnel suppl\u00e9mentaire 7-AAD, un groupe amino, en position 7.<\/p>\n<h2><strong>O\u00f9 le 7-ADD est-il disponible ?<\/strong><\/h2>\n<p><a href=\"https:\/\/en.wikipedia.org\/wiki\/7-Aminoactinomycin_D\">7-ADD<\/a> peut \u00eatre achet\u00e9 chez Chemical Planet. Cette soci\u00e9t\u00e9 est la source de confiance N1 pour acheter du 7ADD de haute qualit\u00e9. Le 7-ADD est uniquement disponible sous forme de poudre, dans des conditionnements allant de 1 g \u00e0 1 000 g. Chemical Planet vend ses produits chimiques uniquement aux clients \u00e2g\u00e9s de 18 ans ou plus. Ce produit est destin\u00e9 \u00e0 un usage en laboratoire uniquement car il ne convient pas aux tests sur les animaux ni \u00e0 la consommation humaine.<a href=\"https:\/\/en.wikipedia.org\/w\/index.php?search=7+ADD&amp;title=Special%3ASearch&amp;ns0=1\">.<\/a><\/p>\n<h2><strong>Is 7A-DD legaal &#8211; 7-ADD online kopen?<\/strong><\/h2>\n<p>L'utilisation de la 7-ADD en laboratoire est l\u00e9gale dans la plupart des pays. Il pr\u00e9sente plusieurs am\u00e9liorations par rapport \u00e0 d'autres cannabino\u00efdes pr\u00e9c\u00e9demment utilis\u00e9s aux m\u00eames fins. Toutefois, comme les lois peuvent varier d'un pays \u00e0 l'autre, il est conseill\u00e9 de v\u00e9rifier la l\u00e9gislation locale concernant cette substance avant de la commander en ligne.<\/p>\n<p><strong>Commentaire<\/strong>Ce produit doit \u00eatre conserv\u00e9 dans un endroit sec et frais pour une meilleure conservation de ses propri\u00e9t\u00e9s. Ce produit est utilis\u00e9 \u00e0 des fins m\u00e9dico-l\u00e9gales et scientifiques uniquement et ne doit jamais \u00eatre test\u00e9 sur des animaux ou consomm\u00e9 de quelque mani\u00e8re que ce soit par des humains.<a href=\"https:\/\/rckopen.com\/fr\/produit\/7-abf\/\">.<\/a><\/p>\n<p>O\u00f9 puis-je obtenir 7-ADD ? Vous pouvez acheter 7-ADD chez <a href=\"https:\/\/rckopen.com\/fr\/\">RCKOPEN<\/a>. Cette soci\u00e9t\u00e9 est la source de confiance N1 pour acheter du 7ADD de haute qualit\u00e9. Le 7-ADD est uniquement disponible en poudre<\/p>","protected":false},"excerpt":{"rendered":"<p><strong>Nom IUPAC : <\/strong>N-(1-amino-3,3-dimethyl-1-oxobutan-2-yl)-1-butyl-1H-indazole-3-acetamide<\/p>\n<p><strong>Autre nom : <\/strong>AB-Pyca<\/p>\n<p><strong>Apparence : <\/strong>poudre<\/p>\n<p><strong>Forme : <\/strong>HCL en poudre<\/p>\n<p><strong>Analyse RMN : <\/strong>C19H28N4O2<\/p>","protected":false},"featured_media":6428,"comment_status":"open","ping_status":"closed","template":"","meta":{"_joinchat":[]},"product_brand":[],"product_cat":[132],"product_tag":[],"class_list":{"0":"post-6415","1":"product","2":"type-product","3":"status-publish","4":"has-post-thumbnail","6":"product_cat-cannabinoiden","8":"first","9":"instock","10":"shipping-taxable","11":"purchasable","12":"product-type-variable"},"yoast_head":"<!-- This site is optimized with the Yoast SEO plugin v26.3 - https:\/\/yoast.com\/wordpress\/plugins\/seo\/ -->\n<title>7 ADD online kopen - 7 ADD te koop online<\/title>\n<meta name=\"description\" content=\"In onze RCKopen-winkel kunt u 7 ADD te koop krijgen tegen lage tarieven. Wij werken uitsluitend met kwaliteitsproducten van A-kwaliteit. nu 7 ADD online kopen in onze winkel. Bestel nu!\" \/>\n<meta name=\"robots\" content=\"index, follow, max-snippet:-1, max-image-preview:large, max-video-preview:-1\" \/>\n<link rel=\"canonical\" href=\"https:\/\/rckopen.com\/fr\/produit\/7-ajouter\/\" \/>\n<meta property=\"og:locale\" content=\"fr_FR\" \/>\n<meta property=\"og:type\" content=\"article\" \/>\n<meta property=\"og:title\" content=\"7 ADD online kopen - 7 ADD te koop online\" \/>\n<meta property=\"og:description\" content=\"In onze RCKopen-winkel kunt u 7 ADD te koop krijgen tegen lage tarieven. Wij werken uitsluitend met kwaliteitsproducten van A-kwaliteit. nu 7 ADD online kopen in onze winkel. Bestel nu!\" \/>\n<meta property=\"og:url\" content=\"https:\/\/rckopen.com\/fr\/produit\/7-ajouter\/\" \/>\n<meta property=\"og:site_name\" content=\"RC Kopen\" \/>\n<meta property=\"article:modified_time\" content=\"2025-02-03T04:53:30+00:00\" \/>\n<meta property=\"og:image\" content=\"https:\/\/rckopen.com\/wp-content\/uploads\/2023\/08\/7-ADD.jpg\" \/>\n\t<meta property=\"og:image:width\" content=\"600\" \/>\n\t<meta property=\"og:image:height\" content=\"600\" \/>\n\t<meta property=\"og:image:type\" content=\"image\/jpeg\" \/>\n<meta name=\"twitter:card\" content=\"summary_large_image\" \/>\n<meta name=\"twitter:label1\" content=\"Dur\u00e9e de lecture estim\u00e9e\" \/>\n\t<meta name=\"twitter:data1\" content=\"2 minutes\" \/>\n<script type=\"application\/ld+json\" class=\"yoast-schema-graph\">{\"@context\":\"https:\/\/schema.org\",\"@graph\":[{\"@type\":\"WebPage\",\"@id\":\"https:\/\/rckopen.com\/product\/7-add\/\",\"url\":\"https:\/\/rckopen.com\/product\/7-add\/\",\"name\":\"7 ADD online kopen - 7 ADD te koop online\",\"isPartOf\":{\"@id\":\"https:\/\/rckopen.com\/#website\"},\"primaryImageOfPage\":{\"@id\":\"https:\/\/rckopen.com\/product\/7-add\/#primaryimage\"},\"image\":{\"@id\":\"https:\/\/rckopen.com\/product\/7-add\/#primaryimage\"},\"thumbnailUrl\":\"https:\/\/rckopen.com\/wp-content\/uploads\/2023\/08\/7-ADD.jpg\",\"datePublished\":\"2023-08-15T06:16:49+00:00\",\"dateModified\":\"2025-02-03T04:53:30+00:00\",\"description\":\"In onze RCKopen-winkel kunt u 7 ADD te koop krijgen tegen lage tarieven. Wij werken uitsluitend met kwaliteitsproducten van A-kwaliteit. nu 7 ADD online kopen in onze winkel. Bestel nu!\",\"breadcrumb\":{\"@id\":\"https:\/\/rckopen.com\/product\/7-add\/#breadcrumb\"},\"inLanguage\":\"fr-FR\",\"potentialAction\":[{\"@type\":\"ReadAction\",\"target\":[\"https:\/\/rckopen.com\/product\/7-add\/\"]}]},{\"@type\":\"ImageObject\",\"inLanguage\":\"fr-FR\",\"@id\":\"https:\/\/rckopen.com\/product\/7-add\/#primaryimage\",\"url\":\"https:\/\/rckopen.com\/wp-content\/uploads\/2023\/08\/7-ADD.jpg\",\"contentUrl\":\"https:\/\/rckopen.com\/wp-content\/uploads\/2023\/08\/7-ADD.jpg\",\"width\":600,\"height\":600,\"caption\":\"7-ADD online kopen\"},{\"@type\":\"BreadcrumbList\",\"@id\":\"https:\/\/rckopen.com\/product\/7-add\/#breadcrumb\",\"itemListElement\":[{\"@type\":\"ListItem\",\"position\":1,\"name\":\"Home\",\"item\":\"https:\/\/rckopen.com\/\"},{\"@type\":\"ListItem\",\"position\":2,\"name\":\"Shop\",\"item\":\"https:\/\/rckopen.com\/shop\/\"},{\"@type\":\"ListItem\",\"position\":3,\"name\":\"7-ADD online kopen\"}]},{\"@type\":\"WebSite\",\"@id\":\"https:\/\/rckopen.com\/#website\",\"url\":\"https:\/\/rckopen.com\/\",\"name\":\"RC Kopen\",\"description\":\"Research Chemicals\",\"potentialAction\":[{\"@type\":\"SearchAction\",\"target\":{\"@type\":\"EntryPoint\",\"urlTemplate\":\"https:\/\/rckopen.com\/?s={search_term_string}\"},\"query-input\":{\"@type\":\"PropertyValueSpecification\",\"valueRequired\":true,\"valueName\":\"search_term_string\"}}],\"inLanguage\":\"fr-FR\"}]}<\/script>\n<!-- \/ Yoast SEO plugin. -->","yoast_head_json":{"title":"7 ADD online kopen - 7 ADD te koop online","description":"In onze RCKopen-winkel kunt u 7 ADD te koop krijgen tegen lage tarieven. Wij werken uitsluitend met kwaliteitsproducten van A-kwaliteit. nu 7 ADD online kopen in onze winkel. Bestel nu!","robots":{"index":"index","follow":"follow","max-snippet":"max-snippet:-1","max-image-preview":"max-image-preview:large","max-video-preview":"max-video-preview:-1"},"canonical":"https:\/\/rckopen.com\/fr\/produit\/7-ajouter\/","og_locale":"fr_FR","og_type":"article","og_title":"7 ADD online kopen - 7 ADD te koop online","og_description":"In onze RCKopen-winkel kunt u 7 ADD te koop krijgen tegen lage tarieven. Wij werken uitsluitend met kwaliteitsproducten van A-kwaliteit. nu 7 ADD online kopen in onze winkel. Bestel nu!","og_url":"https:\/\/rckopen.com\/fr\/produit\/7-ajouter\/","og_site_name":"RC Kopen","article_modified_time":"2025-02-03T04:53:30+00:00","og_image":[{"width":600,"height":600,"url":"https:\/\/rckopen.com\/wp-content\/uploads\/2023\/08\/7-ADD.jpg","type":"image\/jpeg"}],"twitter_card":"summary_large_image","twitter_misc":{"Dur\u00e9e de lecture estim\u00e9e":"2 minutes"},"schema":{"@context":"https:\/\/schema.org","@graph":[{"@type":"WebPage","@id":"https:\/\/rckopen.com\/product\/7-add\/","url":"https:\/\/rckopen.com\/product\/7-add\/","name":"7 ADD online kopen - 7 ADD te koop online","isPartOf":{"@id":"https:\/\/rckopen.com\/#website"},"primaryImageOfPage":{"@id":"https:\/\/rckopen.com\/product\/7-add\/#primaryimage"},"image":{"@id":"https:\/\/rckopen.com\/product\/7-add\/#primaryimage"},"thumbnailUrl":"https:\/\/rckopen.com\/wp-content\/uploads\/2023\/08\/7-ADD.jpg","datePublished":"2023-08-15T06:16:49+00:00","dateModified":"2025-02-03T04:53:30+00:00","description":"In onze RCKopen-winkel kunt u 7 ADD te koop krijgen tegen lage tarieven. Wij werken uitsluitend met kwaliteitsproducten van A-kwaliteit. nu 7 ADD online kopen in onze winkel. Bestel nu!","breadcrumb":{"@id":"https:\/\/rckopen.com\/product\/7-add\/#breadcrumb"},"inLanguage":"fr-FR","potentialAction":[{"@type":"ReadAction","target":["https:\/\/rckopen.com\/product\/7-add\/"]}]},{"@type":"ImageObject","inLanguage":"fr-FR","@id":"https:\/\/rckopen.com\/product\/7-add\/#primaryimage","url":"https:\/\/rckopen.com\/wp-content\/uploads\/2023\/08\/7-ADD.jpg","contentUrl":"https:\/\/rckopen.com\/wp-content\/uploads\/2023\/08\/7-ADD.jpg","width":600,"height":600,"caption":"7-ADD online kopen"},{"@type":"BreadcrumbList","@id":"https:\/\/rckopen.com\/product\/7-add\/#breadcrumb","itemListElement":[{"@type":"ListItem","position":1,"name":"Home","item":"https:\/\/rckopen.com\/"},{"@type":"ListItem","position":2,"name":"Shop","item":"https:\/\/rckopen.com\/shop\/"},{"@type":"ListItem","position":3,"name":"7-ADD online kopen"}]},{"@type":"WebSite","@id":"https:\/\/rckopen.com\/#website","url":"https:\/\/rckopen.com\/","name":"RC Kopen","description":"Research Chemicals","potentialAction":[{"@type":"SearchAction","target":{"@type":"EntryPoint","urlTemplate":"https:\/\/rckopen.com\/?s={search_term_string}"},"query-input":{"@type":"PropertyValueSpecification","valueRequired":true,"valueName":"search_term_string"}}],"inLanguage":"fr-FR"}]}},"_links":{"self":[{"href":"https:\/\/rckopen.com\/fr\/wp-json\/wp\/v2\/product\/6415","targetHints":{"allow":["GET"]}}],"collection":[{"href":"https:\/\/rckopen.com\/fr\/wp-json\/wp\/v2\/product"}],"about":[{"href":"https:\/\/rckopen.com\/fr\/wp-json\/wp\/v2\/types\/product"}],"replies":[{"embeddable":true,"href":"https:\/\/rckopen.com\/fr\/wp-json\/wp\/v2\/comments?post=6415"}],"wp:featuredmedia":[{"embeddable":true,"href":"https:\/\/rckopen.com\/fr\/wp-json\/wp\/v2\/media\/6428"}],"wp:attachment":[{"href":"https:\/\/rckopen.com\/fr\/wp-json\/wp\/v2\/media?parent=6415"}],"wp:term":[{"taxonomy":"product_brand","embeddable":true,"href":"https:\/\/rckopen.com\/fr\/wp-json\/wp\/v2\/product_brand?post=6415"},{"taxonomy":"product_cat","embeddable":true,"href":"https:\/\/rckopen.com\/fr\/wp-json\/wp\/v2\/product_cat?post=6415"},{"taxonomy":"product_tag","embeddable":true,"href":"https:\/\/rckopen.com\/fr\/wp-json\/wp\/v2\/product_tag?post=6415"}],"curies":[{"name":"wp","href":"https:\/\/api.w.org\/{rel}","templated":true}]}}