{"id":6421,"date":"2023-08-15T05:57:38","date_gmt":"2023-08-15T05:57:38","guid":{"rendered":"https:\/\/diligentplug.com\/chems\/?post_type=product&#038;p=6421"},"modified":"2025-09-16T10:19:50","modified_gmt":"2025-09-16T10:19:50","slug":"adb-ca","status":"publish","type":"product","link":"https:\/\/rckopen.com\/fr\/produit\/adb-ca\/","title":{"rendered":"Achetez ADB CA en ligne"},"content":{"rendered":"<h2>Achetez ADB CA en ligne<\/h2>\n<p>Un cannabino\u00efde synth\u00e9tique (CB) \u00e0 base d'indazole appel\u00e9 AB-CHMINACA pr\u00e9sente une affinit\u00e9 dix fois sup\u00e9rieure (Ki = 0,9 nM) pour le r\u00e9cepteur CB1 principal que JWH 018.<\/p>\n<p><a href=\"https:\/\/rckopen.com\/fr\/produit\/adb-ca\/\">ADB CA<\/a> a \u00e9t\u00e9 cr\u00e9\u00e9 par Pfizer, Inc. en tant que modulateur puissant et efficace du r\u00e9cepteur CB1 avec des applications m\u00e9dicales potentielles. Il n'a cependant \u00e9t\u00e9 d\u00e9couvert que r\u00e9cemment, dans des concoctions \u00e0 base de plantes interdites par l'ADB CA.<\/p>\n<p>L'ADB CA et l'AB-FUBINACA pr\u00e9sentent des similitudes structurelles, ce dernier poss\u00e9dant un groupe cyclohexyle \u00e0 la place du groupe 4-fluoroph\u00e9nyle. Les caract\u00e9ristiques toxicologiques et physiques de la substance n'ont pas \u00e9t\u00e9 \u00e9tablies. Le produit a \u00e9t\u00e9 cr\u00e9\u00e9 pour \u00eatre utilis\u00e9 dans le cadre de la recherche et de la m\u00e9decine l\u00e9gale. <a href=\"https:\/\/rckopen.com\/fr\/\">Rc kopen<\/a><\/p>\n<p>Nous avons ce produit chimique de recherche formidable dans notre laboratoire. Nous vous promettons que vous recevrez un produit chimique de recherche tr\u00e8s pur pour votre \u00e9tude lorsque vous passerez votre commande. Acheter Nembutal<\/p>\n<h3>Nous avons ce produit chimique de recherche formidable dans notre laboratoire. Nous vous promettons que vous recevrez un produit chimique de recherche tr\u00e8s pur pour votre \u00e9tude lorsque vous passerez votre commande. Acheter Nembutal<\/h3>\n<p>Achetez de l'ADB CA en ligne aupr\u00e8s d'un des principaux fabricants europ\u00e9ens de produits chimiques. Produit de mani\u00e8re experte avec une garantie de puret\u00e9 minimale de 98 % et plus. Nous fournissons un certificat d'authenticit\u00e9 pour chaque lot cr\u00e9\u00e9 par nos produits chimiques de recherche !<\/p>\n<p>ADB CA est le composant actif.<br \/>\ncontient un gramme d'ADB CA qui est pur \u00e0 au moins 98 % par unit\u00e9 de commande.<\/p>\n<h3>Le montant de l'ADB CA<\/h3>\n<p>\u00c9tant donn\u00e9 que l'ADB CA est uniquement fourni pour \u00eatre utilis\u00e9 dans la recherche chimique scientifique et n'est pas destin\u00e9 \u00e0 la consommation humaine, il n'y a pas de dosage recommand\u00e9.<\/p>\n<p><strong>Effets de l'AB-CHMINACA :<\/strong> La plupart des nouveaux m\u00e9dicaments de synth\u00e8se, dont l'ADB CA, ont des effets cliniques qui peuvent \u00eatre class\u00e9s comme opio\u00efdes, stimulants ou hallucinog\u00e8nes. Les substitutions de cha\u00eenes lat\u00e9rales de synth\u00e8se leur conf\u00e8rent \u00e9galement un m\u00e9lange de ces propri\u00e9t\u00e9s.<\/p>\n<h3>R\u00e9actions ind\u00e9sirables \u00e0 l'ADB CA<\/h3>\n<p>Comme d'autres m\u00e9dicaments de synth\u00e8se, l'ADB CA peut avoir des effets secondaires graves. Il n'a pas \u00e9t\u00e9 \u00e9tudi\u00e9 cliniquement et n'est pas autoris\u00e9 \u00e0 \u00eatre utilis\u00e9 comme produit alimentaire. Par cons\u00e9quent, l'ADB CA est uniquement destin\u00e9 \u00e0 la recherche scientifique et ne doit pas \u00eatre consomm\u00e9 par les humains.<\/p>\n<h3>Fa\u00e7ons de pr\u00e9server l'ADB CA<\/h3>\n<p>L'ADB CA doit \u00eatre conserv\u00e9 \u00e0 une temp\u00e9rature inf\u00e9rieure \u00e0 30 degr\u00e9s Celsius. Conservez l'ADB CA dans son contenant d'origine et prot\u00e9gez-le de l'humidit\u00e9 et du soleil.<\/p>","protected":false},"excerpt":{"rendered":"<p>Nom IUPAC : ADB-CA<\/p>","protected":false},"featured_media":6422,"comment_status":"open","ping_status":"closed","template":"","meta":{"_joinchat":[]},"product_brand":[],"product_cat":[132],"product_tag":[],"class_list":{"0":"post-6421","1":"product","2":"type-product","3":"status-publish","4":"has-post-thumbnail","6":"product_cat-cannabinoiden","8":"first","9":"instock","10":"shipping-taxable","11":"purchasable","12":"product-type-variable"},"yoast_head":"<!-- This site is optimized with the Yoast SEO plugin v26.3 - https:\/\/yoast.com\/wordpress\/plugins\/seo\/ -->\n<title>ADB-CA te koop - ADB-CA online kopen | RC Kopen<\/title>\n<meta name=\"description\" content=\"U kunt ADB-CA tegen de beste prijzen te koop krijgen in onze online RCK-winkel. Wij zijn hier om u te helpen ADB-CA online te kopen. Maak vandaag nog contact met de beste winkel van de stad!\" \/>\n<meta name=\"robots\" content=\"index, follow, max-snippet:-1, max-image-preview:large, max-video-preview:-1\" \/>\n<link rel=\"canonical\" href=\"https:\/\/rckopen.com\/fr\/produit\/adb-ca\/\" \/>\n<meta property=\"og:locale\" content=\"fr_FR\" \/>\n<meta property=\"og:type\" content=\"article\" \/>\n<meta property=\"og:title\" content=\"ADB-CA te koop - ADB-CA online kopen | RC Kopen\" \/>\n<meta property=\"og:description\" content=\"U kunt ADB-CA tegen de beste prijzen te koop krijgen in onze online RCK-winkel. Wij zijn hier om u te helpen ADB-CA online te kopen. Maak vandaag nog contact met de beste winkel van de stad!\" \/>\n<meta property=\"og:url\" content=\"https:\/\/rckopen.com\/fr\/produit\/adb-ca\/\" \/>\n<meta property=\"og:site_name\" content=\"RC Kopen\" \/>\n<meta property=\"article:modified_time\" content=\"2025-09-16T10:19:50+00:00\" \/>\n<meta property=\"og:image\" content=\"https:\/\/rckopen.com\/wp-content\/uploads\/2023\/08\/ADB-CA.jpg\" \/>\n\t<meta property=\"og:image:width\" content=\"600\" \/>\n\t<meta property=\"og:image:height\" content=\"600\" \/>\n\t<meta property=\"og:image:type\" content=\"image\/jpeg\" \/>\n<meta name=\"twitter:card\" content=\"summary_large_image\" \/>\n<meta name=\"twitter:label1\" content=\"Dur\u00e9e de lecture estim\u00e9e\" \/>\n\t<meta name=\"twitter:data1\" content=\"2 minutes\" \/>\n<script type=\"application\/ld+json\" class=\"yoast-schema-graph\">{\"@context\":\"https:\/\/schema.org\",\"@graph\":[{\"@type\":\"WebPage\",\"@id\":\"https:\/\/rckopen.com\/product\/adb-ca\/\",\"url\":\"https:\/\/rckopen.com\/product\/adb-ca\/\",\"name\":\"ADB-CA te koop - ADB-CA online kopen | RC Kopen\",\"isPartOf\":{\"@id\":\"https:\/\/rckopen.com\/#website\"},\"primaryImageOfPage\":{\"@id\":\"https:\/\/rckopen.com\/product\/adb-ca\/#primaryimage\"},\"image\":{\"@id\":\"https:\/\/rckopen.com\/product\/adb-ca\/#primaryimage\"},\"thumbnailUrl\":\"https:\/\/rckopen.com\/wp-content\/uploads\/2023\/08\/ADB-CA.jpg\",\"datePublished\":\"2023-08-15T05:57:38+00:00\",\"dateModified\":\"2025-09-16T10:19:50+00:00\",\"description\":\"U kunt ADB-CA tegen de beste prijzen te koop krijgen in onze online RCK-winkel. Wij zijn hier om u te helpen ADB-CA online te kopen. Maak vandaag nog contact met de beste winkel van de stad!\",\"breadcrumb\":{\"@id\":\"https:\/\/rckopen.com\/product\/adb-ca\/#breadcrumb\"},\"inLanguage\":\"fr-FR\",\"potentialAction\":[{\"@type\":\"ReadAction\",\"target\":[\"https:\/\/rckopen.com\/product\/adb-ca\/\"]}]},{\"@type\":\"ImageObject\",\"inLanguage\":\"fr-FR\",\"@id\":\"https:\/\/rckopen.com\/product\/adb-ca\/#primaryimage\",\"url\":\"https:\/\/rckopen.com\/wp-content\/uploads\/2023\/08\/ADB-CA.jpg\",\"contentUrl\":\"https:\/\/rckopen.com\/wp-content\/uploads\/2023\/08\/ADB-CA.jpg\",\"width\":600,\"height\":600,\"caption\":\"ADB-CA Online bestellen\"},{\"@type\":\"BreadcrumbList\",\"@id\":\"https:\/\/rckopen.com\/product\/adb-ca\/#breadcrumb\",\"itemListElement\":[{\"@type\":\"ListItem\",\"position\":1,\"name\":\"Home\",\"item\":\"https:\/\/rckopen.com\/\"},{\"@type\":\"ListItem\",\"position\":2,\"name\":\"Shop\",\"item\":\"https:\/\/rckopen.com\/shop\/\"},{\"@type\":\"ListItem\",\"position\":3,\"name\":\"ADB CA Online kopen\"}]},{\"@type\":\"WebSite\",\"@id\":\"https:\/\/rckopen.com\/#website\",\"url\":\"https:\/\/rckopen.com\/\",\"name\":\"RC Kopen\",\"description\":\"Research Chemicals\",\"potentialAction\":[{\"@type\":\"SearchAction\",\"target\":{\"@type\":\"EntryPoint\",\"urlTemplate\":\"https:\/\/rckopen.com\/?s={search_term_string}\"},\"query-input\":{\"@type\":\"PropertyValueSpecification\",\"valueRequired\":true,\"valueName\":\"search_term_string\"}}],\"inLanguage\":\"fr-FR\"}]}<\/script>\n<!-- \/ Yoast SEO plugin. -->","yoast_head_json":{"title":"ADB-CA te koop - ADB-CA online kopen | RC Kopen","description":"U kunt ADB-CA tegen de beste prijzen te koop krijgen in onze online RCK-winkel. Wij zijn hier om u te helpen ADB-CA online te kopen. Maak vandaag nog contact met de beste winkel van de stad!","robots":{"index":"index","follow":"follow","max-snippet":"max-snippet:-1","max-image-preview":"max-image-preview:large","max-video-preview":"max-video-preview:-1"},"canonical":"https:\/\/rckopen.com\/fr\/produit\/adb-ca\/","og_locale":"fr_FR","og_type":"article","og_title":"ADB-CA te koop - ADB-CA online kopen | RC Kopen","og_description":"U kunt ADB-CA tegen de beste prijzen te koop krijgen in onze online RCK-winkel. Wij zijn hier om u te helpen ADB-CA online te kopen. Maak vandaag nog contact met de beste winkel van de stad!","og_url":"https:\/\/rckopen.com\/fr\/produit\/adb-ca\/","og_site_name":"RC Kopen","article_modified_time":"2025-09-16T10:19:50+00:00","og_image":[{"width":600,"height":600,"url":"https:\/\/rckopen.com\/wp-content\/uploads\/2023\/08\/ADB-CA.jpg","type":"image\/jpeg"}],"twitter_card":"summary_large_image","twitter_misc":{"Dur\u00e9e de lecture estim\u00e9e":"2 minutes"},"schema":{"@context":"https:\/\/schema.org","@graph":[{"@type":"WebPage","@id":"https:\/\/rckopen.com\/product\/adb-ca\/","url":"https:\/\/rckopen.com\/product\/adb-ca\/","name":"ADB-CA te koop - ADB-CA online kopen | RC Kopen","isPartOf":{"@id":"https:\/\/rckopen.com\/#website"},"primaryImageOfPage":{"@id":"https:\/\/rckopen.com\/product\/adb-ca\/#primaryimage"},"image":{"@id":"https:\/\/rckopen.com\/product\/adb-ca\/#primaryimage"},"thumbnailUrl":"https:\/\/rckopen.com\/wp-content\/uploads\/2023\/08\/ADB-CA.jpg","datePublished":"2023-08-15T05:57:38+00:00","dateModified":"2025-09-16T10:19:50+00:00","description":"U kunt ADB-CA tegen de beste prijzen te koop krijgen in onze online RCK-winkel. Wij zijn hier om u te helpen ADB-CA online te kopen. Maak vandaag nog contact met de beste winkel van de stad!","breadcrumb":{"@id":"https:\/\/rckopen.com\/product\/adb-ca\/#breadcrumb"},"inLanguage":"fr-FR","potentialAction":[{"@type":"ReadAction","target":["https:\/\/rckopen.com\/product\/adb-ca\/"]}]},{"@type":"ImageObject","inLanguage":"fr-FR","@id":"https:\/\/rckopen.com\/product\/adb-ca\/#primaryimage","url":"https:\/\/rckopen.com\/wp-content\/uploads\/2023\/08\/ADB-CA.jpg","contentUrl":"https:\/\/rckopen.com\/wp-content\/uploads\/2023\/08\/ADB-CA.jpg","width":600,"height":600,"caption":"ADB-CA Online bestellen"},{"@type":"BreadcrumbList","@id":"https:\/\/rckopen.com\/product\/adb-ca\/#breadcrumb","itemListElement":[{"@type":"ListItem","position":1,"name":"Home","item":"https:\/\/rckopen.com\/"},{"@type":"ListItem","position":2,"name":"Shop","item":"https:\/\/rckopen.com\/shop\/"},{"@type":"ListItem","position":3,"name":"ADB CA Online kopen"}]},{"@type":"WebSite","@id":"https:\/\/rckopen.com\/#website","url":"https:\/\/rckopen.com\/","name":"RC Kopen","description":"Research Chemicals","potentialAction":[{"@type":"SearchAction","target":{"@type":"EntryPoint","urlTemplate":"https:\/\/rckopen.com\/?s={search_term_string}"},"query-input":{"@type":"PropertyValueSpecification","valueRequired":true,"valueName":"search_term_string"}}],"inLanguage":"fr-FR"}]}},"_links":{"self":[{"href":"https:\/\/rckopen.com\/fr\/wp-json\/wp\/v2\/product\/6421","targetHints":{"allow":["GET"]}}],"collection":[{"href":"https:\/\/rckopen.com\/fr\/wp-json\/wp\/v2\/product"}],"about":[{"href":"https:\/\/rckopen.com\/fr\/wp-json\/wp\/v2\/types\/product"}],"replies":[{"embeddable":true,"href":"https:\/\/rckopen.com\/fr\/wp-json\/wp\/v2\/comments?post=6421"}],"wp:featuredmedia":[{"embeddable":true,"href":"https:\/\/rckopen.com\/fr\/wp-json\/wp\/v2\/media\/6422"}],"wp:attachment":[{"href":"https:\/\/rckopen.com\/fr\/wp-json\/wp\/v2\/media?parent=6421"}],"wp:term":[{"taxonomy":"product_brand","embeddable":true,"href":"https:\/\/rckopen.com\/fr\/wp-json\/wp\/v2\/product_brand?post=6421"},{"taxonomy":"product_cat","embeddable":true,"href":"https:\/\/rckopen.com\/fr\/wp-json\/wp\/v2\/product_cat?post=6421"},{"taxonomy":"product_tag","embeddable":true,"href":"https:\/\/rckopen.com\/fr\/wp-json\/wp\/v2\/product_tag?post=6421"}],"curies":[{"name":"wp","href":"https:\/\/api.w.org\/{rel}","templated":true}]}}