{"id":6432,"date":"2023-08-15T07:59:06","date_gmt":"2023-08-15T07:59:06","guid":{"rendered":"https:\/\/diligentplug.com\/chems\/?post_type=product&#038;p=6432"},"modified":"2025-02-03T05:23:51","modified_gmt":"2025-02-03T05:23:51","slug":"adb-butinaca","status":"publish","type":"product","link":"https:\/\/rckopen.com\/fr\/produit\/adb-butinaca\/","title":{"rendered":"acheter adb-butinaca en ligne"},"content":{"rendered":"<h2>rckopen.com propose des produits qui ne sont pas destin\u00e9s \u00e0 la consommation humaine. La consommation (involontaire) de ce produit peut avoir des cons\u00e9quences m\u00e9dicales graves.<\/h2>\n<h2>Algemene informatie ADB-BUTINACA online kopen<\/h2>\n<p><a href=\"https:\/\/rckopen.com\/fr\/produit\/adb-butinaca\/\">ADB-BINACA<\/a>\u00a0est un produit chimique de recherche de planification des cannabino\u00efdes qui a \u00e9t\u00e9 trouv\u00e9 comme fixation dans certains produits de cannabis synth\u00e9tique. Pfizer l'a initialement d\u00e9velopp\u00e9 comme un analg\u00e9sique potentiel et c'est un agoniste puissant du r\u00e9cepteur CB1 avec un biais limitant (Ki) de 0,33 nM et une CE50 de 14,7 nM. BAD-BINACA. L'ADB-BUTINACA est un puissant cannabino\u00efde agoniste \u00e0 base d'indole et est \u00e9galement un agoniste intense des r\u00e9cepteurs CB1 et CB2.<\/p>\n<p>Ce mat\u00e9riel de recherche est pratiquement identique \u00e0 d'autres annabino\u00efdes synth\u00e9tiques connus tels que le MDMB-BUTINACA. Le produit chimique de recherche ADB-BUTINACA est une d\u00e9dicace \u00e0 des fins de recherche. Le produit chimique de recherche ADB-BUTINACA est un synth\u00e9tino\u00efde.c cannabi<br \/>\nComposition chimique <a href=\"https:\/\/en.wikipedia.org\/wiki\/ADB-BUTINACA\">ADB-BUTINACA<\/a><\/p>\n<p>L'analogue avec une substitution 1-butyle sur l'anneau indazole plut\u00f4t que 1-benzyle a \u00e9galement \u00e9t\u00e9 vendu comme produit chimique de recherche sous le nom d'ADB-BINACA. Cependant, il est g\u00e9n\u00e9ralement appel\u00e9 ADB-BUTINACA pour \u00e9viter toute confusion avec le compos\u00e9 benzyle. Il s'agit d'un agoniste CB1 relativement intense, avec une CE50 de 6,36 nM. Son \u00e9quation est C18H26N4O2. Sa masse molaire est de 330,432 g-mol-1.<\/p>\n<h3>Pharmacologie ADB-BUTINACA<\/h3>\n<p>L'ADB-BUTINACA est un \u00e9talon de r\u00e9f\u00e9rence perspicace qui est essentiellement similaire aux cannabino\u00efdes synth\u00e9tiques connus. L'ADB-BUTINACA est contr\u00f4l\u00e9 en tant que compos\u00e9 de l'annexe I. Cet article est destin\u00e9 \u00e0 la recherche et \u00e0 des applications mesurables. L'ADB-BUTINACA a \u00e9t\u00e9 associ\u00e9 \u00e0 de nombreux empoisonnements extr\u00eames et d\u00e9c\u00e8s.<\/p>\n<p>La compr\u00e9hension de la pharmacologie et du syst\u00e8me d'empoisonnement est faible pour l'ADB-BUTINACA car les informations sont limit\u00e9es.<\/p>\n<h3>Achetez de l'ADB-BUTINACA de haute qualit\u00e9 en ligne<\/h3>\n<p>Comment acheter de l'ADB-BUTINACA premium en toute s\u00e9curit\u00e9 ? <a href=\"https:\/\/rckopen.com\/fr\/\">RC Kopen<\/a> s'engage \u00e0 la satisfaction g\u00e9n\u00e9rale de ses clients. Diverses \u00e9tudes ont montr\u00e9 que les clients demandent effectivement des donn\u00e9es, aussi souvent qu\u2019ils le souhaitent, avant d\u2019acheter des compos\u00e9s de recherche synth\u00e9tiques.<\/p>\n<p>Nous distribuons toutes les cons\u00e9quences de laboratoire de chaque complexe de recherche sur un document pdf afin de s'assurer que nos CR sont g\u00e9n\u00e9ralement conformes aux confirmations de travail et qu'ils sont connus et accessibles \u00e0 tous. L'exploration des compos\u00e9s synth\u00e9tiques, y compris l'ADB-BUTINACA, est trait\u00e9e avec la plus grande attention. Ils sont transport\u00e9s, stock\u00e9s et conserv\u00e9s dans des endroits frais et secs. Tous les articles sont syst\u00e9matiquement test\u00e9s au pr\u00e9alable pour en v\u00e9rifier la qualit\u00e9, la puret\u00e9 et la s\u00e9curit\u00e9.<\/p>\n<h3>L'ADB-BUTINACA a \u00e9t\u00e9 test\u00e9 en laboratoire et les r\u00e9sultats sont probants.<\/h3>\n<p>RC Kopen progresse vers la satisfaction globale de ses clients. Plusieurs enqu\u00eates ont montr\u00e9 que les clients demandent autant de donn\u00e9es que pr\u00e9vu avant d'acheter des produits chimiques de recherche synth\u00e9tiques. En outre, nous publions toutes les cons\u00e9quences en laboratoire de chaque produit chimique de recherche dans un document PDF.<\/p>\n<p>Nous distribuons toutes les s\u00e9quences de laboratoire de chaque produit chimique de recherche sur un document PDF.<\/p>\n<h3>Commande s\u00e9curis\u00e9e \u00e0 ADB-BUTINACA.<\/h3>\n<p>Les produits chimiques de recherche de RC Kopen sont d'excellente qualit\u00e9 et \u00e0 un prix raisonnable. C'est pourquoi nous vous garantissons que lorsque vous demandez vos produits chimiques de recherche \u00e0 RC Kopen, nous livrons votre demande \u00e0 votre domicile rapidement et en toute s\u00e9curit\u00e9, car les ventes de produits chimiques de recherche sont toujours disponibles sur RC Kopen.<\/p>\n<p>Chez RC Kopen, il est facile de demander des compos\u00e9s de recherche synth\u00e9tiques avec des bitcoins ou des virements bancaires.<\/p>\n<p>Nous exp\u00e9dions la poudre pour les produits chimiques de recherche le m\u00eame jour ouvrable si le paiement est re\u00e7u avant 15:00 CEST.<\/p>\n<p>Nous ne livrons pas d'articles aux personnes \u00e2g\u00e9es de moins de 18 ans !<\/p>\n<p>La vente de produits chimiques de recherche est r\u00e9serv\u00e9e \u00e0 des fins de recherche.<\/p>\n<h3>Exp\u00e9dition discr\u00e8te de produits chimiques destin\u00e9s \u00e0 la recherche.<\/h3>\n<p>RC Kopen emballe votre commande de mani\u00e8re s\u00fbre et s\u00e9curis\u00e9e afin d'assurer un transport ad\u00e9quat. En outre, nous emballons de mani\u00e8re parfaitement discr\u00e8te, et rien n'est montr\u00e9 \u00e0 l'ext\u00e9rieur de ce qui pourrait se trouver \u00e0 l'int\u00e9rieur.<\/p>\n<p>Pr\u00e9cautions<\/p>\n<p>Les CR propos\u00e9s par RC Kopen sont destin\u00e9s \u00e0 la recherche ; la consommation humaine est strictement interdite.<\/p>\n<p>Achetez les \u00e9quipements de protection individuelle appropri\u00e9s, tels que des lunettes et des gants. Nettoyez-les et entretenez-les correctement. Suivez des syst\u00e8mes s\u00fbrs lorsque vous manipulez des produits chimiques destin\u00e9s \u00e0 la recherche et ne prenez pas de raccourcis.<\/p>\n<p>Si la substance \u00e0 l'\u00e9tude entre en contact avec les yeux, bien les rincer et retirer les lentilles de contact si n\u00e9cessaire.<\/p>\n<p>Lorsque vous utilisez ces produits chimiques, essayez d'utiliser un masque afin qu'ils ne p\u00e9n\u00e8trent pas dans votre corps lorsque vous respirez.<\/p>\n<p>Comme l'indiquent les m\u00e9thodes soutenues, manipulez, stockez et \u00e9liminez les substances dangereuses en toute s\u00e9curit\u00e9. Ne les versez jamais dans les \u00e9gouts ou les canaux.<\/p>\n<p>Stockez les produits chimiques de recherche de mani\u00e8re appropri\u00e9e, comme indiqu\u00e9 par leur nom. Les produits chimiques inflammables doivent \u00eatre stock\u00e9s dans un endroit excellent et sec, \u00e0 l'abri de l'intensit\u00e9 et de la lumi\u00e8re du jour. Certains plastiques, tels que les acides, doivent \u00eatre stock\u00e9s s\u00e9par\u00e9ment.<\/p>","protected":false},"excerpt":{"rendered":"<p><strong>Nom IUPAC : <\/strong>N-(1-amino-3,3-dimethyl-1-oxobutan-2-yl)-1-butyl-1H-indazole-3-carboxamide<\/p>\n<p><strong>CAS # <\/strong>2682867-55-4<\/p>\n<p><strong>Analyse RMN : <\/strong>C18H26N4O2<\/p>","protected":false},"featured_media":6453,"comment_status":"open","ping_status":"closed","template":"","meta":{"_joinchat":[]},"product_brand":[],"product_cat":[132],"product_tag":[],"class_list":{"0":"post-6432","1":"product","2":"type-product","3":"status-publish","4":"has-post-thumbnail","6":"product_cat-cannabinoiden","8":"first","9":"instock","10":"shipping-taxable","11":"purchasable","12":"product-type-variable"},"yoast_head":"<!-- This site is optimized with the Yoast SEO plugin v26.3 - https:\/\/yoast.com\/wordpress\/plugins\/seo\/ -->\n<title>ADB-BUTINACA online kopen - ADB-BUTINACA online te koop<\/title>\n<meta name=\"description\" content=\"Als je gepassioneerd bent door ADB-BUTINACA, dan is onze winkel de beste plek om ADB-BUTINACA online te kopen. U kunt ADB-BUTINACA te koop hebben tegen de laagste prijs. Bestel nu en ontvang hem binnenkort!\" \/>\n<meta name=\"robots\" content=\"index, follow, max-snippet:-1, max-image-preview:large, max-video-preview:-1\" \/>\n<link rel=\"canonical\" href=\"https:\/\/rckopen.com\/fr\/produit\/adb-butinaca\/\" \/>\n<meta property=\"og:locale\" content=\"fr_FR\" \/>\n<meta property=\"og:type\" content=\"article\" \/>\n<meta property=\"og:title\" content=\"ADB-BUTINACA online kopen - ADB-BUTINACA online te koop\" \/>\n<meta property=\"og:description\" content=\"Als je gepassioneerd bent door ADB-BUTINACA, dan is onze winkel de beste plek om ADB-BUTINACA online te kopen. U kunt ADB-BUTINACA te koop hebben tegen de laagste prijs. Bestel nu en ontvang hem binnenkort!\" \/>\n<meta property=\"og:url\" content=\"https:\/\/rckopen.com\/fr\/produit\/adb-butinaca\/\" \/>\n<meta property=\"og:site_name\" content=\"RC Kopen\" \/>\n<meta property=\"article:modified_time\" content=\"2025-02-03T05:23:51+00:00\" \/>\n<meta property=\"og:image\" content=\"https:\/\/rckopen.com\/wp-content\/uploads\/2023\/08\/adb-butinaca.jpg\" \/>\n\t<meta property=\"og:image:width\" content=\"600\" \/>\n\t<meta property=\"og:image:height\" content=\"600\" \/>\n\t<meta property=\"og:image:type\" content=\"image\/jpeg\" \/>\n<meta name=\"twitter:card\" content=\"summary_large_image\" \/>\n<meta name=\"twitter:label1\" content=\"Dur\u00e9e de lecture estim\u00e9e\" \/>\n\t<meta name=\"twitter:data1\" content=\"4 minutes\" \/>\n<script type=\"application\/ld+json\" class=\"yoast-schema-graph\">{\"@context\":\"https:\/\/schema.org\",\"@graph\":[{\"@type\":\"WebPage\",\"@id\":\"https:\/\/rckopen.com\/product\/adb-butinaca\/\",\"url\":\"https:\/\/rckopen.com\/product\/adb-butinaca\/\",\"name\":\"ADB-BUTINACA online kopen - ADB-BUTINACA online te koop\",\"isPartOf\":{\"@id\":\"https:\/\/rckopen.com\/#website\"},\"primaryImageOfPage\":{\"@id\":\"https:\/\/rckopen.com\/product\/adb-butinaca\/#primaryimage\"},\"image\":{\"@id\":\"https:\/\/rckopen.com\/product\/adb-butinaca\/#primaryimage\"},\"thumbnailUrl\":\"https:\/\/rckopen.com\/wp-content\/uploads\/2023\/08\/adb-butinaca.jpg\",\"datePublished\":\"2023-08-15T07:59:06+00:00\",\"dateModified\":\"2025-02-03T05:23:51+00:00\",\"description\":\"Als je gepassioneerd bent door ADB-BUTINACA, dan is onze winkel de beste plek om ADB-BUTINACA online te kopen. U kunt ADB-BUTINACA te koop hebben tegen de laagste prijs. Bestel nu en ontvang hem binnenkort!\",\"breadcrumb\":{\"@id\":\"https:\/\/rckopen.com\/product\/adb-butinaca\/#breadcrumb\"},\"inLanguage\":\"fr-FR\",\"potentialAction\":[{\"@type\":\"ReadAction\",\"target\":[\"https:\/\/rckopen.com\/product\/adb-butinaca\/\"]}]},{\"@type\":\"ImageObject\",\"inLanguage\":\"fr-FR\",\"@id\":\"https:\/\/rckopen.com\/product\/adb-butinaca\/#primaryimage\",\"url\":\"https:\/\/rckopen.com\/wp-content\/uploads\/2023\/08\/adb-butinaca.jpg\",\"contentUrl\":\"https:\/\/rckopen.com\/wp-content\/uploads\/2023\/08\/adb-butinaca.jpg\",\"width\":600,\"height\":600,\"caption\":\"adb-butinaca online kopen\"},{\"@type\":\"BreadcrumbList\",\"@id\":\"https:\/\/rckopen.com\/product\/adb-butinaca\/#breadcrumb\",\"itemListElement\":[{\"@type\":\"ListItem\",\"position\":1,\"name\":\"Home\",\"item\":\"https:\/\/rckopen.com\/\"},{\"@type\":\"ListItem\",\"position\":2,\"name\":\"Shop\",\"item\":\"https:\/\/rckopen.com\/shop\/\"},{\"@type\":\"ListItem\",\"position\":3,\"name\":\"adb-butinaca online kopen\"}]},{\"@type\":\"WebSite\",\"@id\":\"https:\/\/rckopen.com\/#website\",\"url\":\"https:\/\/rckopen.com\/\",\"name\":\"RC Kopen\",\"description\":\"Research Chemicals\",\"potentialAction\":[{\"@type\":\"SearchAction\",\"target\":{\"@type\":\"EntryPoint\",\"urlTemplate\":\"https:\/\/rckopen.com\/?s={search_term_string}\"},\"query-input\":{\"@type\":\"PropertyValueSpecification\",\"valueRequired\":true,\"valueName\":\"search_term_string\"}}],\"inLanguage\":\"fr-FR\"}]}<\/script>\n<!-- \/ Yoast SEO plugin. -->","yoast_head_json":{"title":"ADB-BUTINACA online kopen - ADB-BUTINACA online te koop","description":"Als je gepassioneerd bent door ADB-BUTINACA, dan is onze winkel de beste plek om ADB-BUTINACA online te kopen. U kunt ADB-BUTINACA te koop hebben tegen de laagste prijs. Bestel nu en ontvang hem binnenkort!","robots":{"index":"index","follow":"follow","max-snippet":"max-snippet:-1","max-image-preview":"max-image-preview:large","max-video-preview":"max-video-preview:-1"},"canonical":"https:\/\/rckopen.com\/fr\/produit\/adb-butinaca\/","og_locale":"fr_FR","og_type":"article","og_title":"ADB-BUTINACA online kopen - ADB-BUTINACA online te koop","og_description":"Als je gepassioneerd bent door ADB-BUTINACA, dan is onze winkel de beste plek om ADB-BUTINACA online te kopen. U kunt ADB-BUTINACA te koop hebben tegen de laagste prijs. Bestel nu en ontvang hem binnenkort!","og_url":"https:\/\/rckopen.com\/fr\/produit\/adb-butinaca\/","og_site_name":"RC Kopen","article_modified_time":"2025-02-03T05:23:51+00:00","og_image":[{"width":600,"height":600,"url":"https:\/\/rckopen.com\/wp-content\/uploads\/2023\/08\/adb-butinaca.jpg","type":"image\/jpeg"}],"twitter_card":"summary_large_image","twitter_misc":{"Dur\u00e9e de lecture estim\u00e9e":"4 minutes"},"schema":{"@context":"https:\/\/schema.org","@graph":[{"@type":"WebPage","@id":"https:\/\/rckopen.com\/product\/adb-butinaca\/","url":"https:\/\/rckopen.com\/product\/adb-butinaca\/","name":"ADB-BUTINACA online kopen - ADB-BUTINACA online te koop","isPartOf":{"@id":"https:\/\/rckopen.com\/#website"},"primaryImageOfPage":{"@id":"https:\/\/rckopen.com\/product\/adb-butinaca\/#primaryimage"},"image":{"@id":"https:\/\/rckopen.com\/product\/adb-butinaca\/#primaryimage"},"thumbnailUrl":"https:\/\/rckopen.com\/wp-content\/uploads\/2023\/08\/adb-butinaca.jpg","datePublished":"2023-08-15T07:59:06+00:00","dateModified":"2025-02-03T05:23:51+00:00","description":"Als je gepassioneerd bent door ADB-BUTINACA, dan is onze winkel de beste plek om ADB-BUTINACA online te kopen. U kunt ADB-BUTINACA te koop hebben tegen de laagste prijs. Bestel nu en ontvang hem binnenkort!","breadcrumb":{"@id":"https:\/\/rckopen.com\/product\/adb-butinaca\/#breadcrumb"},"inLanguage":"fr-FR","potentialAction":[{"@type":"ReadAction","target":["https:\/\/rckopen.com\/product\/adb-butinaca\/"]}]},{"@type":"ImageObject","inLanguage":"fr-FR","@id":"https:\/\/rckopen.com\/product\/adb-butinaca\/#primaryimage","url":"https:\/\/rckopen.com\/wp-content\/uploads\/2023\/08\/adb-butinaca.jpg","contentUrl":"https:\/\/rckopen.com\/wp-content\/uploads\/2023\/08\/adb-butinaca.jpg","width":600,"height":600,"caption":"adb-butinaca online kopen"},{"@type":"BreadcrumbList","@id":"https:\/\/rckopen.com\/product\/adb-butinaca\/#breadcrumb","itemListElement":[{"@type":"ListItem","position":1,"name":"Home","item":"https:\/\/rckopen.com\/"},{"@type":"ListItem","position":2,"name":"Shop","item":"https:\/\/rckopen.com\/shop\/"},{"@type":"ListItem","position":3,"name":"adb-butinaca online kopen"}]},{"@type":"WebSite","@id":"https:\/\/rckopen.com\/#website","url":"https:\/\/rckopen.com\/","name":"RC Kopen","description":"Research Chemicals","potentialAction":[{"@type":"SearchAction","target":{"@type":"EntryPoint","urlTemplate":"https:\/\/rckopen.com\/?s={search_term_string}"},"query-input":{"@type":"PropertyValueSpecification","valueRequired":true,"valueName":"search_term_string"}}],"inLanguage":"fr-FR"}]}},"_links":{"self":[{"href":"https:\/\/rckopen.com\/fr\/wp-json\/wp\/v2\/product\/6432","targetHints":{"allow":["GET"]}}],"collection":[{"href":"https:\/\/rckopen.com\/fr\/wp-json\/wp\/v2\/product"}],"about":[{"href":"https:\/\/rckopen.com\/fr\/wp-json\/wp\/v2\/types\/product"}],"replies":[{"embeddable":true,"href":"https:\/\/rckopen.com\/fr\/wp-json\/wp\/v2\/comments?post=6432"}],"wp:featuredmedia":[{"embeddable":true,"href":"https:\/\/rckopen.com\/fr\/wp-json\/wp\/v2\/media\/6453"}],"wp:attachment":[{"href":"https:\/\/rckopen.com\/fr\/wp-json\/wp\/v2\/media?parent=6432"}],"wp:term":[{"taxonomy":"product_brand","embeddable":true,"href":"https:\/\/rckopen.com\/fr\/wp-json\/wp\/v2\/product_brand?post=6432"},{"taxonomy":"product_cat","embeddable":true,"href":"https:\/\/rckopen.com\/fr\/wp-json\/wp\/v2\/product_cat?post=6432"},{"taxonomy":"product_tag","embeddable":true,"href":"https:\/\/rckopen.com\/fr\/wp-json\/wp\/v2\/product_tag?post=6432"}],"curies":[{"name":"wp","href":"https:\/\/api.w.org\/{rel}","templated":true}]}}