{"id":6435,"date":"2023-08-15T08:07:11","date_gmt":"2023-08-15T08:07:11","guid":{"rendered":"https:\/\/diligentplug.com\/chems\/?post_type=product&#038;p=6435"},"modified":"2025-02-03T05:38:27","modified_gmt":"2025-02-03T05:38:27","slug":"avp","status":"publish","type":"product","link":"https:\/\/rckopen.com\/fr\/produit\/avp\/","title":{"rendered":"AVP ACHETER EN LIGNE"},"content":{"rendered":"<h1>INFORMATIONS SUR LES CRISTAUX AVP ACHETEZ EN LIGNE<\/h1>\n<p><a href=\"https:\/\/rckopen.com\/fr\/produit\/avp\/\">Acheter AVP en ligne<\/a>Les cristaux AVP sont disponibles \u00e0 des fins de recherche uniquement. On entend souvent la question : j'aimerais vraiment avoir quelque chose pour la recherche, mais je ne sais pas si je dois acheter des cristaux AVP. Nous comprenons tr\u00e8s bien que l\u2019on ne sait pas grand-chose \u00e0 ce sujet. L'AVP est \u00e9galement une substance produite par l'organisme, provenant du g\u00e8ne AVP. L\u2019une de ses fonctions est de r\u00e9duire les inhibitions sociales, de susciter le d\u00e9sir et d\u2019aider \u00e0 se connecter avec les autres. <a href=\"https:\/\/en.wikipedia.org\/wiki\/AVP\">AVP<\/a> Acheter en ligne .<\/p>\n<p>Ceci n'est peut-\u00eatre pas pour vous ? Dans ce cas, consultez nos autres produits chimiques de recherche ici !<\/p>\n<p>Il peut provoquer une irritation des voies respiratoires et des yeux. Ne jamais rejeter les produits chimiques de recherche dans l'environnement.<\/p>\n<h2>RECOMMANDATIONS DE S\u00c9CURIT\u00c9 CRISTAUX AVP :<\/h2>\n<p>EN CAS DE CONTACT AVEC LES YEUX : rincer doucement avec de l'eau pendant au moins 10 \u00e0 15 minutes, enlever les lentilles de contact si n\u00e9cessaire. EN CAS DE CONTACT AVEC LA PEAU : rincer \u00e0 l'eau, si possible avec du savon. EN CAS D'INHALATION : respirer de l'air frais et adopter une position qui facilite la respiration.<\/p>\n<p>Ne pas exposer la poudre \u00e0 des sources de chaleur. Conserver dans un environnement sec \u00e0 temp\u00e9rature ambiante, dans un emballage appropri\u00e9 et hors de port\u00e9e des enfants. La stabilit\u00e9 de la poudre dans les conditions ci-dessus peut durer jusqu'\u00e0 2 ans.<a href=\"https:\/\/rckopen.com\/fr\/produit\/a-pcyp\/\">.<\/a><\/p>\n<p><a href=\"https:\/\/rckopen.com\/fr\/\">rckopen.com<\/a> propose des produits qui ne sont pas destin\u00e9s \u00e0 la consommation humaine. Si vous consommez ce produit (involontairement), cela peut avoir de graves cons\u00e9quences m\u00e9dicales. Acheter AVP en ligne<a href=\"https:\/\/chemswell.com\/product-category\/ecstacy\/\">.<\/a><\/p>","protected":false},"excerpt":{"rendered":"<p>Nom IUPAC : Cristaux AVP<\/p>\n<p>Vous cherchez un endroit o\u00f9 acheter des cristaux AVP de haute qualit\u00e9 pour vos recherches ? Vous \u00eates au bon endroit chez rckopen ! Livraison rapide, qualit\u00e9 sup\u00e9rieure et large gamme : rckopen, le sp\u00e9cialiste de l'amusement ! <b>Les prix sont par gramme, les cristaux sont de qualit\u00e9 !<\/b><\/p>","protected":false},"featured_media":6455,"comment_status":"open","ping_status":"closed","template":"","meta":{"_joinchat":[]},"product_brand":[],"product_cat":[134],"product_tag":[],"class_list":{"0":"post-6435","1":"product","2":"type-product","3":"status-publish","4":"has-post-thumbnail","6":"product_cat-cathinon","8":"first","9":"instock","10":"shipping-taxable","11":"purchasable","12":"product-type-variable"},"yoast_head":"<!-- This site is optimized with the Yoast SEO plugin v26.3 - https:\/\/yoast.com\/wordpress\/plugins\/seo\/ -->\n<title>AVP online kopen - AVP te koop | AVP - RC Kopen<\/title>\n<meta name=\"description\" content=\"Onze online Rc Kopen winkel heeft de beste kwaliteit AVP te koop. Als u AVP online wilt kopen, kunnen wij u van alle kanten helpen. Bestel vandaag nog!\" \/>\n<meta name=\"robots\" content=\"index, follow, max-snippet:-1, max-image-preview:large, max-video-preview:-1\" \/>\n<link rel=\"canonical\" href=\"https:\/\/rckopen.com\/fr\/produit\/avp\/\" \/>\n<meta property=\"og:locale\" content=\"fr_FR\" \/>\n<meta property=\"og:type\" content=\"article\" \/>\n<meta property=\"og:title\" content=\"AVP online kopen - AVP te koop | AVP - RC Kopen\" \/>\n<meta property=\"og:description\" content=\"Onze online Rc Kopen winkel heeft de beste kwaliteit AVP te koop. Als u AVP online wilt kopen, kunnen wij u van alle kanten helpen. Bestel vandaag nog!\" \/>\n<meta property=\"og:url\" content=\"https:\/\/rckopen.com\/fr\/produit\/avp\/\" \/>\n<meta property=\"og:site_name\" content=\"RC Kopen\" \/>\n<meta property=\"article:modified_time\" content=\"2025-02-03T05:38:27+00:00\" \/>\n<meta property=\"og:image\" content=\"https:\/\/rckopen.com\/wp-content\/uploads\/2023\/08\/AVP.jpg\" \/>\n\t<meta property=\"og:image:width\" content=\"600\" \/>\n\t<meta property=\"og:image:height\" content=\"600\" \/>\n\t<meta property=\"og:image:type\" content=\"image\/jpeg\" \/>\n<meta name=\"twitter:card\" content=\"summary_large_image\" \/>\n<meta name=\"twitter:label1\" content=\"Dur\u00e9e de lecture estim\u00e9e\" \/>\n\t<meta name=\"twitter:data1\" content=\"2 minutes\" \/>\n<script type=\"application\/ld+json\" class=\"yoast-schema-graph\">{\"@context\":\"https:\/\/schema.org\",\"@graph\":[{\"@type\":\"WebPage\",\"@id\":\"https:\/\/rckopen.com\/product\/avp\/\",\"url\":\"https:\/\/rckopen.com\/product\/avp\/\",\"name\":\"AVP online kopen - AVP te koop | AVP - RC Kopen\",\"isPartOf\":{\"@id\":\"https:\/\/rckopen.com\/#website\"},\"primaryImageOfPage\":{\"@id\":\"https:\/\/rckopen.com\/product\/avp\/#primaryimage\"},\"image\":{\"@id\":\"https:\/\/rckopen.com\/product\/avp\/#primaryimage\"},\"thumbnailUrl\":\"https:\/\/rckopen.com\/wp-content\/uploads\/2023\/08\/AVP.jpg\",\"datePublished\":\"2023-08-15T08:07:11+00:00\",\"dateModified\":\"2025-02-03T05:38:27+00:00\",\"description\":\"Onze online Rc Kopen winkel heeft de beste kwaliteit AVP te koop. Als u AVP online wilt kopen, kunnen wij u van alle kanten helpen. Bestel vandaag nog!\",\"breadcrumb\":{\"@id\":\"https:\/\/rckopen.com\/product\/avp\/#breadcrumb\"},\"inLanguage\":\"fr-FR\",\"potentialAction\":[{\"@type\":\"ReadAction\",\"target\":[\"https:\/\/rckopen.com\/product\/avp\/\"]}]},{\"@type\":\"ImageObject\",\"inLanguage\":\"fr-FR\",\"@id\":\"https:\/\/rckopen.com\/product\/avp\/#primaryimage\",\"url\":\"https:\/\/rckopen.com\/wp-content\/uploads\/2023\/08\/AVP.jpg\",\"contentUrl\":\"https:\/\/rckopen.com\/wp-content\/uploads\/2023\/08\/AVP.jpg\",\"width\":600,\"height\":600,\"caption\":\"AVP Online bestellen\"},{\"@type\":\"BreadcrumbList\",\"@id\":\"https:\/\/rckopen.com\/product\/avp\/#breadcrumb\",\"itemListElement\":[{\"@type\":\"ListItem\",\"position\":1,\"name\":\"Home\",\"item\":\"https:\/\/rckopen.com\/\"},{\"@type\":\"ListItem\",\"position\":2,\"name\":\"Shop\",\"item\":\"https:\/\/rckopen.com\/shop\/\"},{\"@type\":\"ListItem\",\"position\":3,\"name\":\"AVP ONLINE KOPEN\"}]},{\"@type\":\"WebSite\",\"@id\":\"https:\/\/rckopen.com\/#website\",\"url\":\"https:\/\/rckopen.com\/\",\"name\":\"RC Kopen\",\"description\":\"Research Chemicals\",\"potentialAction\":[{\"@type\":\"SearchAction\",\"target\":{\"@type\":\"EntryPoint\",\"urlTemplate\":\"https:\/\/rckopen.com\/?s={search_term_string}\"},\"query-input\":{\"@type\":\"PropertyValueSpecification\",\"valueRequired\":true,\"valueName\":\"search_term_string\"}}],\"inLanguage\":\"fr-FR\"}]}<\/script>\n<!-- \/ Yoast SEO plugin. -->","yoast_head_json":{"title":"AVP online kopen - AVP te koop | AVP - RC Kopen","description":"Onze online Rc Kopen winkel heeft de beste kwaliteit AVP te koop. Als u AVP online wilt kopen, kunnen wij u van alle kanten helpen. Bestel vandaag nog!","robots":{"index":"index","follow":"follow","max-snippet":"max-snippet:-1","max-image-preview":"max-image-preview:large","max-video-preview":"max-video-preview:-1"},"canonical":"https:\/\/rckopen.com\/fr\/produit\/avp\/","og_locale":"fr_FR","og_type":"article","og_title":"AVP online kopen - AVP te koop | AVP - RC Kopen","og_description":"Onze online Rc Kopen winkel heeft de beste kwaliteit AVP te koop. Als u AVP online wilt kopen, kunnen wij u van alle kanten helpen. Bestel vandaag nog!","og_url":"https:\/\/rckopen.com\/fr\/produit\/avp\/","og_site_name":"RC Kopen","article_modified_time":"2025-02-03T05:38:27+00:00","og_image":[{"width":600,"height":600,"url":"https:\/\/rckopen.com\/wp-content\/uploads\/2023\/08\/AVP.jpg","type":"image\/jpeg"}],"twitter_card":"summary_large_image","twitter_misc":{"Dur\u00e9e de lecture estim\u00e9e":"2 minutes"},"schema":{"@context":"https:\/\/schema.org","@graph":[{"@type":"WebPage","@id":"https:\/\/rckopen.com\/product\/avp\/","url":"https:\/\/rckopen.com\/product\/avp\/","name":"AVP online kopen - AVP te koop | AVP - RC Kopen","isPartOf":{"@id":"https:\/\/rckopen.com\/#website"},"primaryImageOfPage":{"@id":"https:\/\/rckopen.com\/product\/avp\/#primaryimage"},"image":{"@id":"https:\/\/rckopen.com\/product\/avp\/#primaryimage"},"thumbnailUrl":"https:\/\/rckopen.com\/wp-content\/uploads\/2023\/08\/AVP.jpg","datePublished":"2023-08-15T08:07:11+00:00","dateModified":"2025-02-03T05:38:27+00:00","description":"Onze online Rc Kopen winkel heeft de beste kwaliteit AVP te koop. Als u AVP online wilt kopen, kunnen wij u van alle kanten helpen. Bestel vandaag nog!","breadcrumb":{"@id":"https:\/\/rckopen.com\/product\/avp\/#breadcrumb"},"inLanguage":"fr-FR","potentialAction":[{"@type":"ReadAction","target":["https:\/\/rckopen.com\/product\/avp\/"]}]},{"@type":"ImageObject","inLanguage":"fr-FR","@id":"https:\/\/rckopen.com\/product\/avp\/#primaryimage","url":"https:\/\/rckopen.com\/wp-content\/uploads\/2023\/08\/AVP.jpg","contentUrl":"https:\/\/rckopen.com\/wp-content\/uploads\/2023\/08\/AVP.jpg","width":600,"height":600,"caption":"AVP Online bestellen"},{"@type":"BreadcrumbList","@id":"https:\/\/rckopen.com\/product\/avp\/#breadcrumb","itemListElement":[{"@type":"ListItem","position":1,"name":"Home","item":"https:\/\/rckopen.com\/"},{"@type":"ListItem","position":2,"name":"Shop","item":"https:\/\/rckopen.com\/shop\/"},{"@type":"ListItem","position":3,"name":"AVP ONLINE KOPEN"}]},{"@type":"WebSite","@id":"https:\/\/rckopen.com\/#website","url":"https:\/\/rckopen.com\/","name":"RC Kopen","description":"Research Chemicals","potentialAction":[{"@type":"SearchAction","target":{"@type":"EntryPoint","urlTemplate":"https:\/\/rckopen.com\/?s={search_term_string}"},"query-input":{"@type":"PropertyValueSpecification","valueRequired":true,"valueName":"search_term_string"}}],"inLanguage":"fr-FR"}]}},"_links":{"self":[{"href":"https:\/\/rckopen.com\/fr\/wp-json\/wp\/v2\/product\/6435","targetHints":{"allow":["GET"]}}],"collection":[{"href":"https:\/\/rckopen.com\/fr\/wp-json\/wp\/v2\/product"}],"about":[{"href":"https:\/\/rckopen.com\/fr\/wp-json\/wp\/v2\/types\/product"}],"replies":[{"embeddable":true,"href":"https:\/\/rckopen.com\/fr\/wp-json\/wp\/v2\/comments?post=6435"}],"wp:featuredmedia":[{"embeddable":true,"href":"https:\/\/rckopen.com\/fr\/wp-json\/wp\/v2\/media\/6455"}],"wp:attachment":[{"href":"https:\/\/rckopen.com\/fr\/wp-json\/wp\/v2\/media?parent=6435"}],"wp:term":[{"taxonomy":"product_brand","embeddable":true,"href":"https:\/\/rckopen.com\/fr\/wp-json\/wp\/v2\/product_brand?post=6435"},{"taxonomy":"product_cat","embeddable":true,"href":"https:\/\/rckopen.com\/fr\/wp-json\/wp\/v2\/product_cat?post=6435"},{"taxonomy":"product_tag","embeddable":true,"href":"https:\/\/rckopen.com\/fr\/wp-json\/wp\/v2\/product_tag?post=6435"}],"curies":[{"name":"wp","href":"https:\/\/api.w.org\/{rel}","templated":true}]}}