{"id":6437,"date":"2023-08-15T08:15:46","date_gmt":"2023-08-15T08:15:46","guid":{"rendered":"https:\/\/diligentplug.com\/chems\/?post_type=product&#038;p=6437"},"modified":"2026-03-09T07:08:09","modified_gmt":"2026-03-09T07:08:09","slug":"2-mmc","status":"publish","type":"product","link":"https:\/\/rckopen.com\/fr\/produit\/2-mmc\/","title":{"rendered":"Acheter 2-MMC en ligne"},"content":{"rendered":"<h2><b>Koop 2-MMC Online \u2013 Premium Kwaliteit, Betrouwbare Bron en Concurrerende Prijzen<\/b><\/h2>\n<h3><b>Qu'est-ce que le 2-MMC\u00a0?<\/b><\/h3>\n<p><span style=\"font-weight: 400;\"><a href=\"https:\/\/en.wikipedia.org\/wiki\/2-Methylmethcathinone\">2-MMC (2-Methylmethcathinon)<\/a> Le 2-MMC est un stimulant synth\u00e9tique de la classe des cathinones, connu pour ses effets \u00e9nergisants et euphorisants. Fr\u00e9quemment utilis\u00e9 en recherche, il offre une combinaison unique de propri\u00e9t\u00e9s euphorisantes et stimulantes, tr\u00e8s appr\u00e9ci\u00e9e des professionnels en qu\u00eate de compos\u00e9s fiables pour leurs exp\u00e9riences.<\/span><\/p>\n<h3><b>Aper\u00e7u succinct des effets et des applications<\/b><\/h3>\n<p><span style=\"font-weight: 400;\">Le 2-MMC est reconnu pour favoriser la concentration, la vigilance et l'\u00e9nergie sociale. Les chercheurs et les personnes int\u00e9ress\u00e9es l'utilisent fr\u00e9quemment dans le cadre d'\u00e9tudes scientifiques, d'analyses comportementales et de recherches pharmacologiques. Compte tenu de sa puissance et de son profil unique, il est essentiel d'utiliser le 2-MMC de mani\u00e8re responsable et en toute connaissance de cause.<\/span><\/p>\n<h3><b>Consid\u00e9rations juridiques<\/b><\/h3>\n<h4><b>Statut juridique actuel du 2-MMC dans diff\u00e9rentes r\u00e9gions<\/b><\/h4>\n<p><span style=\"font-weight: 400;\">Le statut l\u00e9gal du 2-MMC varie selon les pays. Dans de nombreux pays, il est r\u00e9glement\u00e9 ou interdit en raison de ses propri\u00e9t\u00e9s psychoactives. Certains pays l'interdisent totalement, tandis que d'autres l'autorisent sous conditions strictes \u00e0 des fins de recherche. Il est toujours conseill\u00e9 de v\u00e9rifier la l\u00e9gislation en vigueur dans votre r\u00e9gion avant de prendre une d\u00e9cision. <\/span><a href=\"https:\/\/rckopen.com\/fr\/produit\/2-mmc\/\"><b>2-MMC online te kopen<\/b><\/a><span style=\"font-weight: 400;\">.<\/span><\/p>\n<h4><b>Importance des achats l\u00e9gaux et responsables<\/b><\/h4>\n<p><span style=\"font-weight: 400;\">L\u2019achat de 2-MMC aupr\u00e8s de sources l\u00e9gales et v\u00e9rifi\u00e9es vous prot\u00e8ge des probl\u00e8mes juridiques et garantit la qualit\u00e9 du produit. Un approvisionnement responsable contribue \u00e0 la s\u00e9curit\u00e9 et aux pratiques scientifiques \u00e9thiques.<\/span><\/p>\n<h3><b>O\u00f9 acheter du 2-MMC en ligne<\/b><\/h3>\n<h4><b>Fournisseurs fiables et r\u00e9put\u00e9s<\/b><\/h4>\n<p><span style=\"font-weight: 400;\">Il est essentiel de choisir un endroit fiable pour <\/span><a href=\"https:\/\/rckopen.com\/fr\/\"><b>Commander 2-MMC en ligne<\/b><\/a><span style=\"font-weight: 400;\">. Gerenommeerde verkopers bieden geverifieerde zuiverheid, duidelijke productinformatie en veilige betaalmethoden. Zoek leveranciers met transparante klantenservice en positieve reviews.<\/span><\/p>\n<h4><b>Risques li\u00e9s \u00e0 l'achat aupr\u00e8s de sources inconnues<\/b><\/h4>\n<p><span style=\"font-weight: 400;\">Les vendeurs inconnus peuvent fournir des produits contrefaits ou des mat\u00e9riaux contamin\u00e9s, ce qui repr\u00e9sente un danger pour votre s\u00e9curit\u00e9 et vos r\u00e9sultats de recherche. \u00c9vitez les sources non fiables et choisissez toujours des fournisseurs agr\u00e9\u00e9s.<\/span><\/p>\n<h3><b>Comment v\u00e9rifier la qualit\u00e9 d'un produit<\/b><\/h3>\n<h4><b>Avis et commentaires des clients<\/b><\/h4>\n<p><span style=\"font-weight: 400;\">Les avis clients authentiques permettent d'\u00e9valuer la fiabilit\u00e9 du fournisseur et la constance de ses produits. Les avis et t\u00e9moignages positifs renforcent la confiance.<\/span><\/p>\n<h3><b>Modes de paiement<\/b><\/h3>\n<h4><b>Veelgebruikte Betaalopties<\/b><\/h4>\n<p><span style=\"font-weight: 400;\">La plupart des fournisseurs r\u00e9put\u00e9s acceptent diff\u00e9rents modes de paiement, tels que les cryptomonnaies (Bitcoin, Ethereum), les cartes de cr\u00e9dit et les virements bancaires. Ces options offrent un bon compromis entre praticit\u00e9 et s\u00e9curit\u00e9.<\/span><\/p>\n<h4><b>Conseils de s\u00e9curit\u00e9 pour les paiements en ligne<\/b><\/h4>\n<p><span style=\"font-weight: 400;\">Utilisez toujours des plateformes de paiement s\u00e9curis\u00e9es, ne partagez que les informations personnelles n\u00e9cessaires et v\u00e9rifiez la l\u00e9gitimit\u00e9 du fournisseur avant de payer.<\/span><\/p>\n<h3><b>Conclusion<\/b><\/h3>\n<p><span style=\"font-weight: 400;\">Als je <\/span><b>Vous souhaitez acheter du 2-MMC en ligne ?<\/b><span style=\"font-weight: 400;\"> Avec des prix comp\u00e9titifs, une qualit\u00e9 garantie et une garantie de satisfaction, vous \u00eates au bon endroit. Nous proposons des produits authentiques, des options de paiement s\u00e9curis\u00e9es et une livraison fiable, ce qui fait de nous le partenaire id\u00e9al. <\/span><b>meilleur endroit pour acheter du 2-MMC<\/b><span style=\"font-weight: 400;\">Commandez d\u00e8s aujourd'hui et profitez d'une qualit\u00e9 sup\u00e9rieure \u00e0 chaque achat.<\/span><\/p>","protected":false},"excerpt":{"rendered":"<p><strong><span style=\"vertical-align: inherit;\"><span style=\"vertical-align: inherit;\">Nom IUPAC :<\/span><\/span><\/strong><span style=\"vertical-align: inherit;\"><span style=\"vertical-align: inherit;\"> 2-(m\u00e9thylamino)-1-(2-m\u00e9thylph\u00e9nyl)propan-1-one<\/span><\/span><\/p>\n<p><strong><span style=\"vertical-align: inherit;\"><span style=\"vertical-align: inherit;\">CAS #<\/span><\/span><\/strong><span style=\"vertical-align: inherit;\"><span style=\"vertical-align: inherit;\"> 1246911-71-6<\/span><\/span><\/p>\n<p><strong><span style=\"vertical-align: inherit;\"><span style=\"vertical-align: inherit;\">Apparence :<\/span><\/span><\/strong><span style=\"vertical-align: inherit;\"><span style=\"vertical-align: inherit;\"> cristal<\/span><\/span><\/p>\n<p><strong><span style=\"vertical-align: inherit;\"><span style=\"vertical-align: inherit;\">Forme :<\/span><\/span><\/strong><span style=\"vertical-align: inherit;\"><span style=\"vertical-align: inherit;\"> HCL<\/span><\/span><\/p>","protected":false},"featured_media":6457,"comment_status":"open","ping_status":"closed","template":"","meta":{"_joinchat":[]},"product_brand":[],"product_cat":[134],"product_tag":[],"class_list":{"0":"post-6437","1":"product","2":"type-product","3":"status-publish","4":"has-post-thumbnail","6":"product_cat-cathinon","8":"first","9":"instock","10":"shipping-taxable","11":"purchasable","12":"product-type-variable"},"yoast_head":"<!-- This site is optimized with the Yoast SEO plugin v26.3 - https:\/\/yoast.com\/wordpress\/plugins\/seo\/ -->\n<title>2-MMC online kopen -2-MMC te koop - 2-MMC bestellen<\/title>\n<meta name=\"description\" content=\"2-MMC online kopen, U kunt 2-mmc te koop krijgen tegen de beste prijzen in onze online RCK-winkel. Wij zijn er om u te helpen bij het online kopen van 2-mmc\" \/>\n<meta name=\"robots\" content=\"index, follow, max-snippet:-1, max-image-preview:large, max-video-preview:-1\" \/>\n<link rel=\"canonical\" href=\"https:\/\/rckopen.com\/fr\/produit\/2-mmc\/\" \/>\n<meta property=\"og:locale\" content=\"fr_FR\" \/>\n<meta property=\"og:type\" content=\"article\" \/>\n<meta property=\"og:title\" content=\"2-MMC online kopen -2-MMC te koop - 2-MMC bestellen\" \/>\n<meta property=\"og:description\" content=\"2-MMC online kopen, U kunt 2-mmc te koop krijgen tegen de beste prijzen in onze online RCK-winkel. Wij zijn er om u te helpen bij het online kopen van 2-mmc\" \/>\n<meta property=\"og:url\" content=\"https:\/\/rckopen.com\/fr\/produit\/2-mmc\/\" \/>\n<meta property=\"og:site_name\" content=\"RC Kopen\" \/>\n<meta property=\"article:modified_time\" content=\"2026-03-09T07:08:09+00:00\" \/>\n<meta property=\"og:image\" content=\"https:\/\/rckopen.com\/wp-content\/uploads\/2023\/08\/2-MMC.jpg\" \/>\n\t<meta property=\"og:image:width\" content=\"600\" \/>\n\t<meta property=\"og:image:height\" content=\"600\" \/>\n\t<meta property=\"og:image:type\" content=\"image\/jpeg\" \/>\n<meta name=\"twitter:card\" content=\"summary_large_image\" \/>\n<meta name=\"twitter:label1\" content=\"Dur\u00e9e de lecture estim\u00e9e\" \/>\n\t<meta name=\"twitter:data1\" content=\"3 minutes\" \/>\n<script type=\"application\/ld+json\" class=\"yoast-schema-graph\">{\"@context\":\"https:\/\/schema.org\",\"@graph\":[{\"@type\":\"WebPage\",\"@id\":\"https:\/\/rckopen.com\/product\/2-mmc\/\",\"url\":\"https:\/\/rckopen.com\/product\/2-mmc\/\",\"name\":\"2-MMC online kopen -2-MMC te koop - 2-MMC bestellen\",\"isPartOf\":{\"@id\":\"https:\/\/rckopen.com\/#website\"},\"primaryImageOfPage\":{\"@id\":\"https:\/\/rckopen.com\/product\/2-mmc\/#primaryimage\"},\"image\":{\"@id\":\"https:\/\/rckopen.com\/product\/2-mmc\/#primaryimage\"},\"thumbnailUrl\":\"https:\/\/rckopen.com\/wp-content\/uploads\/2023\/08\/2-MMC.jpg\",\"datePublished\":\"2023-08-15T08:15:46+00:00\",\"dateModified\":\"2026-03-09T07:08:09+00:00\",\"description\":\"2-MMC online kopen, U kunt 2-mmc te koop krijgen tegen de beste prijzen in onze online RCK-winkel. Wij zijn er om u te helpen bij het online kopen van 2-mmc\",\"breadcrumb\":{\"@id\":\"https:\/\/rckopen.com\/product\/2-mmc\/#breadcrumb\"},\"inLanguage\":\"fr-FR\",\"potentialAction\":[{\"@type\":\"ReadAction\",\"target\":[\"https:\/\/rckopen.com\/product\/2-mmc\/\"]}]},{\"@type\":\"ImageObject\",\"inLanguage\":\"fr-FR\",\"@id\":\"https:\/\/rckopen.com\/product\/2-mmc\/#primaryimage\",\"url\":\"https:\/\/rckopen.com\/wp-content\/uploads\/2023\/08\/2-MMC.jpg\",\"contentUrl\":\"https:\/\/rckopen.com\/wp-content\/uploads\/2023\/08\/2-MMC.jpg\",\"width\":600,\"height\":600,\"caption\":\"2-MMC Online Kopen\"},{\"@type\":\"BreadcrumbList\",\"@id\":\"https:\/\/rckopen.com\/product\/2-mmc\/#breadcrumb\",\"itemListElement\":[{\"@type\":\"ListItem\",\"position\":1,\"name\":\"Home\",\"item\":\"https:\/\/rckopen.com\/\"},{\"@type\":\"ListItem\",\"position\":2,\"name\":\"Shop\",\"item\":\"https:\/\/rckopen.com\/shop\/\"},{\"@type\":\"ListItem\",\"position\":3,\"name\":\"2-MMC Online Kopen\"}]},{\"@type\":\"WebSite\",\"@id\":\"https:\/\/rckopen.com\/#website\",\"url\":\"https:\/\/rckopen.com\/\",\"name\":\"RC Kopen\",\"description\":\"Research Chemicals\",\"potentialAction\":[{\"@type\":\"SearchAction\",\"target\":{\"@type\":\"EntryPoint\",\"urlTemplate\":\"https:\/\/rckopen.com\/?s={search_term_string}\"},\"query-input\":{\"@type\":\"PropertyValueSpecification\",\"valueRequired\":true,\"valueName\":\"search_term_string\"}}],\"inLanguage\":\"fr-FR\"}]}<\/script>\n<!-- \/ Yoast SEO plugin. -->","yoast_head_json":{"title":"2-MMC online kopen -2-MMC te koop - 2-MMC bestellen","description":"2-MMC online kopen, U kunt 2-mmc te koop krijgen tegen de beste prijzen in onze online RCK-winkel. Wij zijn er om u te helpen bij het online kopen van 2-mmc","robots":{"index":"index","follow":"follow","max-snippet":"max-snippet:-1","max-image-preview":"max-image-preview:large","max-video-preview":"max-video-preview:-1"},"canonical":"https:\/\/rckopen.com\/fr\/produit\/2-mmc\/","og_locale":"fr_FR","og_type":"article","og_title":"2-MMC online kopen -2-MMC te koop - 2-MMC bestellen","og_description":"2-MMC online kopen, U kunt 2-mmc te koop krijgen tegen de beste prijzen in onze online RCK-winkel. Wij zijn er om u te helpen bij het online kopen van 2-mmc","og_url":"https:\/\/rckopen.com\/fr\/produit\/2-mmc\/","og_site_name":"RC Kopen","article_modified_time":"2026-03-09T07:08:09+00:00","og_image":[{"width":600,"height":600,"url":"https:\/\/rckopen.com\/wp-content\/uploads\/2023\/08\/2-MMC.jpg","type":"image\/jpeg"}],"twitter_card":"summary_large_image","twitter_misc":{"Dur\u00e9e de lecture estim\u00e9e":"3 minutes"},"schema":{"@context":"https:\/\/schema.org","@graph":[{"@type":"WebPage","@id":"https:\/\/rckopen.com\/product\/2-mmc\/","url":"https:\/\/rckopen.com\/product\/2-mmc\/","name":"2-MMC online kopen -2-MMC te koop - 2-MMC bestellen","isPartOf":{"@id":"https:\/\/rckopen.com\/#website"},"primaryImageOfPage":{"@id":"https:\/\/rckopen.com\/product\/2-mmc\/#primaryimage"},"image":{"@id":"https:\/\/rckopen.com\/product\/2-mmc\/#primaryimage"},"thumbnailUrl":"https:\/\/rckopen.com\/wp-content\/uploads\/2023\/08\/2-MMC.jpg","datePublished":"2023-08-15T08:15:46+00:00","dateModified":"2026-03-09T07:08:09+00:00","description":"2-MMC online kopen, U kunt 2-mmc te koop krijgen tegen de beste prijzen in onze online RCK-winkel. Wij zijn er om u te helpen bij het online kopen van 2-mmc","breadcrumb":{"@id":"https:\/\/rckopen.com\/product\/2-mmc\/#breadcrumb"},"inLanguage":"fr-FR","potentialAction":[{"@type":"ReadAction","target":["https:\/\/rckopen.com\/product\/2-mmc\/"]}]},{"@type":"ImageObject","inLanguage":"fr-FR","@id":"https:\/\/rckopen.com\/product\/2-mmc\/#primaryimage","url":"https:\/\/rckopen.com\/wp-content\/uploads\/2023\/08\/2-MMC.jpg","contentUrl":"https:\/\/rckopen.com\/wp-content\/uploads\/2023\/08\/2-MMC.jpg","width":600,"height":600,"caption":"2-MMC Online Kopen"},{"@type":"BreadcrumbList","@id":"https:\/\/rckopen.com\/product\/2-mmc\/#breadcrumb","itemListElement":[{"@type":"ListItem","position":1,"name":"Home","item":"https:\/\/rckopen.com\/"},{"@type":"ListItem","position":2,"name":"Shop","item":"https:\/\/rckopen.com\/shop\/"},{"@type":"ListItem","position":3,"name":"2-MMC Online Kopen"}]},{"@type":"WebSite","@id":"https:\/\/rckopen.com\/#website","url":"https:\/\/rckopen.com\/","name":"RC Kopen","description":"Research Chemicals","potentialAction":[{"@type":"SearchAction","target":{"@type":"EntryPoint","urlTemplate":"https:\/\/rckopen.com\/?s={search_term_string}"},"query-input":{"@type":"PropertyValueSpecification","valueRequired":true,"valueName":"search_term_string"}}],"inLanguage":"fr-FR"}]}},"_links":{"self":[{"href":"https:\/\/rckopen.com\/fr\/wp-json\/wp\/v2\/product\/6437","targetHints":{"allow":["GET"]}}],"collection":[{"href":"https:\/\/rckopen.com\/fr\/wp-json\/wp\/v2\/product"}],"about":[{"href":"https:\/\/rckopen.com\/fr\/wp-json\/wp\/v2\/types\/product"}],"replies":[{"embeddable":true,"href":"https:\/\/rckopen.com\/fr\/wp-json\/wp\/v2\/comments?post=6437"}],"wp:featuredmedia":[{"embeddable":true,"href":"https:\/\/rckopen.com\/fr\/wp-json\/wp\/v2\/media\/6457"}],"wp:attachment":[{"href":"https:\/\/rckopen.com\/fr\/wp-json\/wp\/v2\/media?parent=6437"}],"wp:term":[{"taxonomy":"product_brand","embeddable":true,"href":"https:\/\/rckopen.com\/fr\/wp-json\/wp\/v2\/product_brand?post=6437"},{"taxonomy":"product_cat","embeddable":true,"href":"https:\/\/rckopen.com\/fr\/wp-json\/wp\/v2\/product_cat?post=6437"},{"taxonomy":"product_tag","embeddable":true,"href":"https:\/\/rckopen.com\/fr\/wp-json\/wp\/v2\/product_tag?post=6437"}],"curies":[{"name":"wp","href":"https:\/\/api.w.org\/{rel}","templated":true}]}}