{"id":6439,"date":"2023-08-15T08:20:39","date_gmt":"2023-08-15T08:20:39","guid":{"rendered":"https:\/\/diligentplug.com\/chems\/?post_type=product&#038;p=6439"},"modified":"2025-02-04T05:12:59","modified_gmt":"2025-02-04T05:12:59","slug":"mephedrene-kopen","status":"publish","type":"product","link":"https:\/\/rckopen.com\/fr\/produit\/acheter-mephedrene\/","title":{"rendered":"Acheter du m\u00e9ph\u00e9dr\u00e8ne en ligne"},"content":{"rendered":"<h1>Acheter 5-MMPA (Mephedrene) en ligne<\/h1>\n<p>Mephedrene Buy, 5-MMPA (Mephedrene ou 5-M\u00e9thylm\u00e9thiopropamine) est un nouveau produit chimique stimulant qui appartient \u00e0 la famille des cathinones. Peu de choses ont \u00e9t\u00e9 rapport\u00e9es sur ce produit chimique, car il n'est disponible sur le march\u00e9 des produits chimiques de recherche que depuis juin 2020 ! Le 5-MMPA peut \u00eatre compar\u00e9 \u00e0 la m\u00e9thiopropamine (MPA) et \u00e0 la 4-FA (4-fluoroamph\u00e9tamine) et est \u00e9galement un analogue de la m\u00e9ph\u00e9drone (4MMC).<a href=\"https:\/\/safemedistore.com\/\">.<\/a><\/p>\n<p>Vous cherchez \u00e0 acheter du 5-MMPA (Mephedrene) en ligne ? Alors ne cherchez pas plus loin que [site web], la principale source de produits chimiques de recherche de haute qualit\u00e9. Nous proposons le 5-MMPA \u00e0 la vente et nous pouvons le fournir \u00e0 des clients du monde entier, y compris le Canada, l'Allemagne, l'Indon\u00e9sie, l'Europe, l'Afrique, Isra\u00ebl, la Russie, les Pays-Bas, la Turquie, la Tha\u00eflande, le Japon et bien d'autres pays.<\/p>\n<p>Chez rckopen.com, nous sommes fiers d'offrir \u00e0 nos clients des produits de la plus haute qualit\u00e9. Tous nos produits sont soigneusement test\u00e9s pour en v\u00e9rifier la puret\u00e9 et l'efficacit\u00e9, et nous ne travaillons qu'avec des fournisseurs fiables pour nous assurer que nos clients re\u00e7oivent toujours les meilleurs produits possibles.<a href=\"https:\/\/rckopen.com\/fr\/produit\/vert-bali\/\">.<\/a><\/p>\n<p>Commander du 5-MMPA sur kansobiotech.com est facile et s\u00fbr. Nous acceptons diff\u00e9rents modes de paiement, y compris Bitcoin, les virements bancaires. Nous comprenons que nos clients tiennent \u00e0 la confidentialit\u00e9 et \u00e0 la discr\u00e9tion, c'est pourquoi nous veillons \u00e0 ce que toutes les commandes soient emball\u00e9es discr\u00e8tement et exp\u00e9di\u00e9es rapidement.<\/p>\n<p>Si vous recherchez une source fiable de 5-MMPA, ne cherchez pas plus loin que kansobiotech.com. Nous nous engageons \u00e0 fournir \u00e0 nos clients les meilleurs produits et services possibles, et nous sommes convaincus que vous serez satisfait de votre achat. Commandez d\u00e8s aujourd'hui et d\u00e9couvrez la diff\u00e9rence [site web] par vous-m\u00eame !<\/p>\n<p>rckopen.com propose des produits qui ne sont pas destin\u00e9s \u00e0 la consommation humaine. La consommation (involontaire) de ce produit peut avoir des cons\u00e9quences m\u00e9dicales graves.<\/p>","protected":false},"excerpt":{"rendered":"<p><strong>Nom IUPAC : <\/strong>N-m\u00e9thyl-1-(5-m\u00e9thylthioph\u00e8ne-2-yl)propan-2-amine<\/p>\n<p><strong>CAS # <\/strong>1340105-79-4<\/p>\n<p><strong>Autre nom : <\/strong>5-MMPA<\/p>\n<p><strong>Analyse RMN : <\/strong>C9H15NS<\/p>","protected":false},"featured_media":6459,"comment_status":"open","ping_status":"closed","template":"","meta":{"_joinchat":[]},"product_brand":[],"product_cat":[134],"product_tag":[],"class_list":{"0":"post-6439","1":"product","2":"type-product","3":"status-publish","4":"has-post-thumbnail","6":"product_cat-cathinon","8":"first","9":"instock","10":"shipping-taxable","11":"purchasable","12":"product-type-variable"},"yoast_head":"<!-- This site is optimized with the Yoast SEO plugin v26.3 - https:\/\/yoast.com\/wordpress\/plugins\/seo\/ -->\n<title>Mephedrene online Kopen - Mephedrene te koop | RC Kopen<\/title>\n<meta name=\"description\" content=\"Mephedrene Kopen, RC Kopen is een toonaangevende winkel waar u online wiet kunt kopen, Mephedrene online kunt kopen tegen de beste prijs.\" \/>\n<meta name=\"robots\" content=\"index, follow, max-snippet:-1, max-image-preview:large, max-video-preview:-1\" \/>\n<link rel=\"canonical\" href=\"https:\/\/rckopen.com\/fr\/produit\/acheter-mephedrene\/\" \/>\n<meta property=\"og:locale\" content=\"fr_FR\" \/>\n<meta property=\"og:type\" content=\"article\" \/>\n<meta property=\"og:title\" content=\"Mephedrene online Kopen - Mephedrene te koop | RC Kopen\" \/>\n<meta property=\"og:description\" content=\"Mephedrene Kopen, RC Kopen is een toonaangevende winkel waar u online wiet kunt kopen, Mephedrene online kunt kopen tegen de beste prijs.\" \/>\n<meta property=\"og:url\" content=\"https:\/\/rckopen.com\/fr\/produit\/acheter-mephedrene\/\" \/>\n<meta property=\"og:site_name\" content=\"RC Kopen\" \/>\n<meta property=\"article:modified_time\" content=\"2025-02-04T05:12:59+00:00\" \/>\n<meta property=\"og:image\" content=\"https:\/\/rckopen.com\/wp-content\/uploads\/2023\/08\/Mephedrone.jpg\" \/>\n\t<meta property=\"og:image:width\" content=\"600\" \/>\n\t<meta property=\"og:image:height\" content=\"600\" \/>\n\t<meta property=\"og:image:type\" content=\"image\/jpeg\" \/>\n<meta name=\"twitter:card\" content=\"summary_large_image\" \/>\n<meta name=\"twitter:label1\" content=\"Dur\u00e9e de lecture estim\u00e9e\" \/>\n\t<meta name=\"twitter:data1\" content=\"2 minutes\" \/>\n<script type=\"application\/ld+json\" class=\"yoast-schema-graph\">{\"@context\":\"https:\/\/schema.org\",\"@graph\":[{\"@type\":\"WebPage\",\"@id\":\"https:\/\/rckopen.com\/product\/mephedrene-kopen\/\",\"url\":\"https:\/\/rckopen.com\/product\/mephedrene-kopen\/\",\"name\":\"Mephedrene online Kopen - Mephedrene te koop | RC Kopen\",\"isPartOf\":{\"@id\":\"https:\/\/rckopen.com\/#website\"},\"primaryImageOfPage\":{\"@id\":\"https:\/\/rckopen.com\/product\/mephedrene-kopen\/#primaryimage\"},\"image\":{\"@id\":\"https:\/\/rckopen.com\/product\/mephedrene-kopen\/#primaryimage\"},\"thumbnailUrl\":\"https:\/\/rckopen.com\/wp-content\/uploads\/2023\/08\/Mephedrone.jpg\",\"datePublished\":\"2023-08-15T08:20:39+00:00\",\"dateModified\":\"2025-02-04T05:12:59+00:00\",\"description\":\"Mephedrene Kopen, RC Kopen is een toonaangevende winkel waar u online wiet kunt kopen, Mephedrene online kunt kopen tegen de beste prijs.\",\"breadcrumb\":{\"@id\":\"https:\/\/rckopen.com\/product\/mephedrene-kopen\/#breadcrumb\"},\"inLanguage\":\"fr-FR\",\"potentialAction\":[{\"@type\":\"ReadAction\",\"target\":[\"https:\/\/rckopen.com\/product\/mephedrene-kopen\/\"]}]},{\"@type\":\"ImageObject\",\"inLanguage\":\"fr-FR\",\"@id\":\"https:\/\/rckopen.com\/product\/mephedrene-kopen\/#primaryimage\",\"url\":\"https:\/\/rckopen.com\/wp-content\/uploads\/2023\/08\/Mephedrone.jpg\",\"contentUrl\":\"https:\/\/rckopen.com\/wp-content\/uploads\/2023\/08\/Mephedrone.jpg\",\"width\":600,\"height\":600,\"caption\":\"Mephedrene online Kopen\"},{\"@type\":\"BreadcrumbList\",\"@id\":\"https:\/\/rckopen.com\/product\/mephedrene-kopen\/#breadcrumb\",\"itemListElement\":[{\"@type\":\"ListItem\",\"position\":1,\"name\":\"Home\",\"item\":\"https:\/\/rckopen.com\/\"},{\"@type\":\"ListItem\",\"position\":2,\"name\":\"Shop\",\"item\":\"https:\/\/rckopen.com\/shop\/\"},{\"@type\":\"ListItem\",\"position\":3,\"name\":\"Mephedrene online kopen\"}]},{\"@type\":\"WebSite\",\"@id\":\"https:\/\/rckopen.com\/#website\",\"url\":\"https:\/\/rckopen.com\/\",\"name\":\"RC Kopen\",\"description\":\"Research Chemicals\",\"potentialAction\":[{\"@type\":\"SearchAction\",\"target\":{\"@type\":\"EntryPoint\",\"urlTemplate\":\"https:\/\/rckopen.com\/?s={search_term_string}\"},\"query-input\":{\"@type\":\"PropertyValueSpecification\",\"valueRequired\":true,\"valueName\":\"search_term_string\"}}],\"inLanguage\":\"fr-FR\"}]}<\/script>\n<!-- \/ Yoast SEO plugin. -->","yoast_head_json":{"title":"Mephedrene online Kopen - Mephedrene te koop | RC Kopen","description":"Mephedrene Kopen, RC Kopen is een toonaangevende winkel waar u online wiet kunt kopen, Mephedrene online kunt kopen tegen de beste prijs.","robots":{"index":"index","follow":"follow","max-snippet":"max-snippet:-1","max-image-preview":"max-image-preview:large","max-video-preview":"max-video-preview:-1"},"canonical":"https:\/\/rckopen.com\/fr\/produit\/acheter-mephedrene\/","og_locale":"fr_FR","og_type":"article","og_title":"Mephedrene online Kopen - Mephedrene te koop | RC Kopen","og_description":"Mephedrene Kopen, RC Kopen is een toonaangevende winkel waar u online wiet kunt kopen, Mephedrene online kunt kopen tegen de beste prijs.","og_url":"https:\/\/rckopen.com\/fr\/produit\/acheter-mephedrene\/","og_site_name":"RC Kopen","article_modified_time":"2025-02-04T05:12:59+00:00","og_image":[{"width":600,"height":600,"url":"https:\/\/rckopen.com\/wp-content\/uploads\/2023\/08\/Mephedrone.jpg","type":"image\/jpeg"}],"twitter_card":"summary_large_image","twitter_misc":{"Dur\u00e9e de lecture estim\u00e9e":"2 minutes"},"schema":{"@context":"https:\/\/schema.org","@graph":[{"@type":"WebPage","@id":"https:\/\/rckopen.com\/product\/mephedrene-kopen\/","url":"https:\/\/rckopen.com\/product\/mephedrene-kopen\/","name":"Mephedrene online Kopen - Mephedrene te koop | RC Kopen","isPartOf":{"@id":"https:\/\/rckopen.com\/#website"},"primaryImageOfPage":{"@id":"https:\/\/rckopen.com\/product\/mephedrene-kopen\/#primaryimage"},"image":{"@id":"https:\/\/rckopen.com\/product\/mephedrene-kopen\/#primaryimage"},"thumbnailUrl":"https:\/\/rckopen.com\/wp-content\/uploads\/2023\/08\/Mephedrone.jpg","datePublished":"2023-08-15T08:20:39+00:00","dateModified":"2025-02-04T05:12:59+00:00","description":"Mephedrene Kopen, RC Kopen is een toonaangevende winkel waar u online wiet kunt kopen, Mephedrene online kunt kopen tegen de beste prijs.","breadcrumb":{"@id":"https:\/\/rckopen.com\/product\/mephedrene-kopen\/#breadcrumb"},"inLanguage":"fr-FR","potentialAction":[{"@type":"ReadAction","target":["https:\/\/rckopen.com\/product\/mephedrene-kopen\/"]}]},{"@type":"ImageObject","inLanguage":"fr-FR","@id":"https:\/\/rckopen.com\/product\/mephedrene-kopen\/#primaryimage","url":"https:\/\/rckopen.com\/wp-content\/uploads\/2023\/08\/Mephedrone.jpg","contentUrl":"https:\/\/rckopen.com\/wp-content\/uploads\/2023\/08\/Mephedrone.jpg","width":600,"height":600,"caption":"Mephedrene online Kopen"},{"@type":"BreadcrumbList","@id":"https:\/\/rckopen.com\/product\/mephedrene-kopen\/#breadcrumb","itemListElement":[{"@type":"ListItem","position":1,"name":"Home","item":"https:\/\/rckopen.com\/"},{"@type":"ListItem","position":2,"name":"Shop","item":"https:\/\/rckopen.com\/shop\/"},{"@type":"ListItem","position":3,"name":"Mephedrene online kopen"}]},{"@type":"WebSite","@id":"https:\/\/rckopen.com\/#website","url":"https:\/\/rckopen.com\/","name":"RC Kopen","description":"Research Chemicals","potentialAction":[{"@type":"SearchAction","target":{"@type":"EntryPoint","urlTemplate":"https:\/\/rckopen.com\/?s={search_term_string}"},"query-input":{"@type":"PropertyValueSpecification","valueRequired":true,"valueName":"search_term_string"}}],"inLanguage":"fr-FR"}]}},"_links":{"self":[{"href":"https:\/\/rckopen.com\/fr\/wp-json\/wp\/v2\/product\/6439","targetHints":{"allow":["GET"]}}],"collection":[{"href":"https:\/\/rckopen.com\/fr\/wp-json\/wp\/v2\/product"}],"about":[{"href":"https:\/\/rckopen.com\/fr\/wp-json\/wp\/v2\/types\/product"}],"replies":[{"embeddable":true,"href":"https:\/\/rckopen.com\/fr\/wp-json\/wp\/v2\/comments?post=6439"}],"wp:featuredmedia":[{"embeddable":true,"href":"https:\/\/rckopen.com\/fr\/wp-json\/wp\/v2\/media\/6459"}],"wp:attachment":[{"href":"https:\/\/rckopen.com\/fr\/wp-json\/wp\/v2\/media?parent=6439"}],"wp:term":[{"taxonomy":"product_brand","embeddable":true,"href":"https:\/\/rckopen.com\/fr\/wp-json\/wp\/v2\/product_brand?post=6439"},{"taxonomy":"product_cat","embeddable":true,"href":"https:\/\/rckopen.com\/fr\/wp-json\/wp\/v2\/product_cat?post=6439"},{"taxonomy":"product_tag","embeddable":true,"href":"https:\/\/rckopen.com\/fr\/wp-json\/wp\/v2\/product_tag?post=6439"}],"curies":[{"name":"wp","href":"https:\/\/api.w.org\/{rel}","templated":true}]}}