{"id":6440,"date":"2023-08-15T08:24:49","date_gmt":"2023-08-15T08:24:49","guid":{"rendered":"https:\/\/diligentplug.com\/chems\/?post_type=product&#038;p=6440"},"modified":"2025-02-04T04:26:11","modified_gmt":"2025-02-04T04:26:11","slug":"mdphp-freebase","status":"publish","type":"product","link":"https:\/\/rckopen.com\/fr\/produit\/mdphp-freebase\/","title":{"rendered":"Acheter MDPHP freebase en ligne"},"content":{"rendered":"<h2>Informations g\u00e9n\u00e9rales sur l'achat de MDPHP FREEBASE en ligne<\/h2>\n<p><a href=\"https:\/\/rckopen.com\/fr\/produit\/mdphp-freebase\/\">Acheter MDPHP Freebase en ligne<\/a>, MDPHP Freebase est un produit chimique de recherche appartenant \u00e0 la classe des compos\u00e9s cathinones. Les \u00e9tudes scientifiques l\u2019utilisent souvent pour \u00e9tudier ses effets pharmacologiques et ses produits chimiques potentiels. La base libre MDPHP est connue sous son nom chimique complet, base libre 3\u2032,4\u2032-m\u00e9thyl\u00e8nedioxy-\u03b1-pyrrolidinohexanoph\u00e9none<a href=\"https:\/\/rckopen.com\/fr\/produit\/3-fpm-pellets-60mg\/\">.<\/a><\/p>\n<p>Il est g\u00e9n\u00e9ralement vendu en petites quantit\u00e9s sous forme de poudre ou de cristaux et est souvent achet\u00e9 en ligne par les chercheurs et les scientifiques.<\/p>\n<p>De <a href=\"https:\/\/en.wikipedia.org\/wiki\/MDPHP\">MDPHP<\/a> La freebase est connue pour avoir des effets identiques \u00e0 ceux d'autres d\u00e9riv\u00e9s de la cathinone tels que la m\u00e9thcathinone et la m\u00e9ph\u00e9drone.<\/p>\n<p>Des mesures de s\u00e9curit\u00e9 strictes doivent \u00eatre prises lors de la manipulation et de l'utilisation de la MDPHP Freebase dans un environnement de laboratoire.<a href=\"https:\/\/chemswell.com\/product\/pink-kenzo-tiger-230mg-mdma\/\">.<\/a><\/p>\n<h3>Composition chimique de la MDPHP FREEBASE<\/h3>\n<p>La MDPHP Freebase, \u00e9galement connue sous le nom de 3\u2032, 4\u2032-M\u00e9thyl\u00e8nedioxy-\u03b1-pyrrolidinohexanoph\u00e9none Freebase, a la composition chimique suivante :<\/p>\n<p>Formule chimique : C17H23NO3<\/p>\n<p>Poids mol\u00e9culaire : 289,4 g\/mol<\/p>\n<p>Nom UICPA : (RS)-1-(3, 4-M\u00e9thyl\u00e8nedioxyph\u00e9nyl)-2-(1-pyrrolidinyl)-1-hexanone<\/p>\n<p>Num\u00e9ro CAS : 776994-64-0<\/p>\n<p>La MDPHP Freebase est un compos\u00e9 synth\u00e9tique d\u00e9riv\u00e9 de la famille des cathinones et est structurellement apparent\u00e9 \u00e0 d'autres d\u00e9riv\u00e9s de la cathinone tels que la m\u00e9thcathinone et la m\u00e9ph\u00e9drone. Il contient un anneau ph\u00e9nyle avec un groupe m\u00e9thyl\u00e8nedioxy et un anneau pyrrolidine sur la cha\u00eene de carbone.<\/p>\n<p>En tant que produit chimique de recherche, la pharmacologie de la MDPHP Freebase n'a pas fait l'objet d'\u00e9tudes approfondies. Il s'agit d'un compos\u00e9 synth\u00e9tique de cathinone dont la structure est apparent\u00e9e \u00e0 d'autres d\u00e9riv\u00e9s de la cathinone tels que la m\u00e9thcathinone et la m\u00e9ph\u00e9drone.<\/p>\n<h3>Achetez du MDPHP FREEBASE de haute qualit\u00e9 en ligne<\/h3>\n<p>RC Kopen a de nombreuses ann\u00e9es d'exp\u00e9rience dans l'industrie de la conception de produits chimiques de recherche, ce qui nous permet de garantir la plus haute qualit\u00e9 de ces produits chimiques de recherche. L'achat de MDPHP FREEBASE est facile et de qualit\u00e9 sup\u00e9rieure. Les co\u00fbts de MDPHP FREEBASE sont relativement bas par rapport \u00e0 d'autres entreprises. Les produits chimiques de recherche, y compris MDPHP FREEBASE, r\u00e9pondent \u00e0 toutes les exigences de s\u00e9curit\u00e9. Les produits chimiques de recherche sont soigneusement distribu\u00e9s et stock\u00e9s dans un endroit frais et sec.<\/p>\n<p>La qualit\u00e9, la puret\u00e9 et la s\u00e9curit\u00e9 de tous les produits sont r\u00e9guli\u00e8rement contr\u00f4l\u00e9es. Conservez toujours MDPHP FREEBASE \u00e0 temp\u00e9rature ambiante et hors de port\u00e9e des enfants et des animaux domestiques. Notre MDPHP FREEBASE n'est pas destin\u00e9e \u00e0 un usage personnel. Elle est destin\u00e9e uniquement \u00e0 des fins de recherche.<\/p>\n<p>Nos produits ont un prix \u00e9quitable, et vous pouvez acheter MDPHP FREEBASE en ligne \u00e0 des prix tr\u00e8s bas.<\/p>\n<h3>Le laboratoire a test\u00e9 MDPHP FREEBASE et a obtenu des r\u00e9sultats.<\/h3>\n<p>Remakes s'engage \u00e0 assurer la satisfaction globale de ses clients. Plusieurs enqu\u00eates ont montr\u00e9 que les clients demandent autant de donn\u00e9es que possible avant d'acheter des produits chimiques de recherche synth\u00e9tiques. De plus, nous publions toutes les cons\u00e9quences en laboratoire de chaque compos\u00e9 de recherche dans un fichier PDF.<\/p>\n<p>Notre poudre MDPHP FREEBASE respecte syst\u00e9matiquement les principes actifs et est visible par tous.<\/p>\n<p>Nous distribuons toutes les cons\u00e9quences de laboratoire de chaque produit chimique de recherche sur un document PDF.<\/p>\n<h3>Commande s\u00e9curis\u00e9e sur MDPHP FREEBASE.<\/h3>\n<p><a href=\"https:\/\/rckopen.com\/fr\/\">RCKopen<\/a> Les produits chimiques de recherche de conception sont d'excellente qualit\u00e9 et ont un prix \u00e9quitable. Par cons\u00e9quent, lorsque vous demandez vos produits chimiques de recherche sur rckopen.com, nous vous garantissons que nous livrerons votre demande \u00e0 votre porte rapidement et en toute s\u00e9curit\u00e9, car les ventes de produits chimiques de recherche sont toujours disponibles sur rckopen.com. Achetez MDPHP Freebase en ligne.<\/p>\n<p>Chez RC Kopen, il est facile de demander des produits chimiques synth\u00e9tiques pour la recherche avec Bitcoin ou par virement bancaire.<\/p>\n<p>Nous exp\u00e9dions la poudre de produits chimiques de recherche le m\u00eame jour ouvrable si le paiement est re\u00e7u avant 15 heures CEST.<\/p>\n<p>Nous ne livrons pas d'articles aux personnes de moins de 18 ans !<\/p>\n<p>Vente de produits chimiques \u00e0 des fins de recherche uniquement.<\/p>\n<p>Exp\u00e9dition discr\u00e8te de produits chimiques destin\u00e9s \u00e0 la recherche.<\/p>\n<p>RC Buy emballera votre commande en toute s\u00e9curit\u00e9 afin d'assurer un transport ad\u00e9quat. De plus, nous emballons en toute discr\u00e9tion, et aucun signe de ce qui pourrait se trouver \u00e0 l'int\u00e9rieur ne sera visible \u00e0 l'ext\u00e9rieur.<\/p>","protected":false},"excerpt":{"rendered":"<p><strong>Nom IUPAC<\/strong>: 3\u2032,4\u2032-M\u00e9thyl\u00e8nedioxy-\u03b1-pyrrolidinohexioph\u00e9none<\/p>\n<p><strong>CAS #<\/strong> 776994-64-0<\/p>\n<p><strong>Apparence :<\/strong> poudre<\/p>\n<p><strong>Forme :<\/strong> base libre<\/p>\n<p><strong>Analyse RMN :<\/strong> C17H23NO3 BASE LIBRE<\/p>","protected":false},"featured_media":6460,"comment_status":"open","ping_status":"closed","template":"","meta":{"_joinchat":[]},"product_brand":[],"product_cat":[134],"product_tag":[],"class_list":{"0":"post-6440","1":"product","2":"type-product","3":"status-publish","4":"has-post-thumbnail","6":"product_cat-cathinon","8":"first","9":"instock","10":"shipping-taxable","11":"purchasable","12":"product-type-variable"},"yoast_head":"<!-- This site is optimized with the Yoast SEO plugin v26.3 - https:\/\/yoast.com\/wordpress\/plugins\/seo\/ -->\n<title>MDPHP Freebase online kopen - MDPHP Freebase te koop<\/title>\n<meta name=\"description\" content=\"MDPHP Freebase te koop. Onze online Rc Kopen-winkel verkoopt MDPHP Freebase online kopen wereldwijd. Bestel binnenkort om 4F-PIHP online te kopen.\" \/>\n<meta name=\"robots\" content=\"index, follow, max-snippet:-1, max-image-preview:large, max-video-preview:-1\" \/>\n<link rel=\"canonical\" href=\"https:\/\/rckopen.com\/fr\/produit\/mdphp-freebase\/\" \/>\n<meta property=\"og:locale\" content=\"fr_FR\" \/>\n<meta property=\"og:type\" content=\"article\" \/>\n<meta property=\"og:title\" content=\"MDPHP Freebase online kopen - MDPHP Freebase te koop\" \/>\n<meta property=\"og:description\" content=\"MDPHP Freebase te koop. Onze online Rc Kopen-winkel verkoopt MDPHP Freebase online kopen wereldwijd. Bestel binnenkort om 4F-PIHP online te kopen.\" \/>\n<meta property=\"og:url\" content=\"https:\/\/rckopen.com\/fr\/produit\/mdphp-freebase\/\" \/>\n<meta property=\"og:site_name\" content=\"RC Kopen\" \/>\n<meta property=\"article:modified_time\" content=\"2025-02-04T04:26:11+00:00\" \/>\n<meta property=\"og:image\" content=\"https:\/\/rckopen.com\/wp-content\/uploads\/2023\/08\/MDPHP-freebase.jpg\" \/>\n\t<meta property=\"og:image:width\" content=\"600\" \/>\n\t<meta property=\"og:image:height\" content=\"600\" \/>\n\t<meta property=\"og:image:type\" content=\"image\/jpeg\" \/>\n<meta name=\"twitter:card\" content=\"summary_large_image\" \/>\n<meta name=\"twitter:label1\" content=\"Dur\u00e9e de lecture estim\u00e9e\" \/>\n\t<meta name=\"twitter:data1\" content=\"3 minutes\" \/>\n<script type=\"application\/ld+json\" class=\"yoast-schema-graph\">{\"@context\":\"https:\/\/schema.org\",\"@graph\":[{\"@type\":\"WebPage\",\"@id\":\"https:\/\/rckopen.com\/product\/mdphp-freebase\/\",\"url\":\"https:\/\/rckopen.com\/product\/mdphp-freebase\/\",\"name\":\"MDPHP Freebase online kopen - MDPHP Freebase te koop\",\"isPartOf\":{\"@id\":\"https:\/\/rckopen.com\/#website\"},\"primaryImageOfPage\":{\"@id\":\"https:\/\/rckopen.com\/product\/mdphp-freebase\/#primaryimage\"},\"image\":{\"@id\":\"https:\/\/rckopen.com\/product\/mdphp-freebase\/#primaryimage\"},\"thumbnailUrl\":\"https:\/\/rckopen.com\/wp-content\/uploads\/2023\/08\/MDPHP-freebase.jpg\",\"datePublished\":\"2023-08-15T08:24:49+00:00\",\"dateModified\":\"2025-02-04T04:26:11+00:00\",\"description\":\"MDPHP Freebase te koop. Onze online Rc Kopen-winkel verkoopt MDPHP Freebase online kopen wereldwijd. Bestel binnenkort om 4F-PIHP online te kopen.\",\"breadcrumb\":{\"@id\":\"https:\/\/rckopen.com\/product\/mdphp-freebase\/#breadcrumb\"},\"inLanguage\":\"fr-FR\",\"potentialAction\":[{\"@type\":\"ReadAction\",\"target\":[\"https:\/\/rckopen.com\/product\/mdphp-freebase\/\"]}]},{\"@type\":\"ImageObject\",\"inLanguage\":\"fr-FR\",\"@id\":\"https:\/\/rckopen.com\/product\/mdphp-freebase\/#primaryimage\",\"url\":\"https:\/\/rckopen.com\/wp-content\/uploads\/2023\/08\/MDPHP-freebase.jpg\",\"contentUrl\":\"https:\/\/rckopen.com\/wp-content\/uploads\/2023\/08\/MDPHP-freebase.jpg\",\"width\":600,\"height\":600,\"caption\":\"MDPHP-freebase online kopen\"},{\"@type\":\"BreadcrumbList\",\"@id\":\"https:\/\/rckopen.com\/product\/mdphp-freebase\/#breadcrumb\",\"itemListElement\":[{\"@type\":\"ListItem\",\"position\":1,\"name\":\"Home\",\"item\":\"https:\/\/rckopen.com\/\"},{\"@type\":\"ListItem\",\"position\":2,\"name\":\"Shop\",\"item\":\"https:\/\/rckopen.com\/shop\/\"},{\"@type\":\"ListItem\",\"position\":3,\"name\":\"MDPHP freebase online kopen\"}]},{\"@type\":\"WebSite\",\"@id\":\"https:\/\/rckopen.com\/#website\",\"url\":\"https:\/\/rckopen.com\/\",\"name\":\"RC Kopen\",\"description\":\"Research Chemicals\",\"potentialAction\":[{\"@type\":\"SearchAction\",\"target\":{\"@type\":\"EntryPoint\",\"urlTemplate\":\"https:\/\/rckopen.com\/?s={search_term_string}\"},\"query-input\":{\"@type\":\"PropertyValueSpecification\",\"valueRequired\":true,\"valueName\":\"search_term_string\"}}],\"inLanguage\":\"fr-FR\"}]}<\/script>\n<!-- \/ Yoast SEO plugin. -->","yoast_head_json":{"title":"MDPHP Freebase online kopen - MDPHP Freebase te koop","description":"MDPHP Freebase te koop. Onze online Rc Kopen-winkel verkoopt MDPHP Freebase online kopen wereldwijd. Bestel binnenkort om 4F-PIHP online te kopen.","robots":{"index":"index","follow":"follow","max-snippet":"max-snippet:-1","max-image-preview":"max-image-preview:large","max-video-preview":"max-video-preview:-1"},"canonical":"https:\/\/rckopen.com\/fr\/produit\/mdphp-freebase\/","og_locale":"fr_FR","og_type":"article","og_title":"MDPHP Freebase online kopen - MDPHP Freebase te koop","og_description":"MDPHP Freebase te koop. Onze online Rc Kopen-winkel verkoopt MDPHP Freebase online kopen wereldwijd. Bestel binnenkort om 4F-PIHP online te kopen.","og_url":"https:\/\/rckopen.com\/fr\/produit\/mdphp-freebase\/","og_site_name":"RC Kopen","article_modified_time":"2025-02-04T04:26:11+00:00","og_image":[{"width":600,"height":600,"url":"https:\/\/rckopen.com\/wp-content\/uploads\/2023\/08\/MDPHP-freebase.jpg","type":"image\/jpeg"}],"twitter_card":"summary_large_image","twitter_misc":{"Dur\u00e9e de lecture estim\u00e9e":"3 minutes"},"schema":{"@context":"https:\/\/schema.org","@graph":[{"@type":"WebPage","@id":"https:\/\/rckopen.com\/product\/mdphp-freebase\/","url":"https:\/\/rckopen.com\/product\/mdphp-freebase\/","name":"MDPHP Freebase online kopen - MDPHP Freebase te koop","isPartOf":{"@id":"https:\/\/rckopen.com\/#website"},"primaryImageOfPage":{"@id":"https:\/\/rckopen.com\/product\/mdphp-freebase\/#primaryimage"},"image":{"@id":"https:\/\/rckopen.com\/product\/mdphp-freebase\/#primaryimage"},"thumbnailUrl":"https:\/\/rckopen.com\/wp-content\/uploads\/2023\/08\/MDPHP-freebase.jpg","datePublished":"2023-08-15T08:24:49+00:00","dateModified":"2025-02-04T04:26:11+00:00","description":"MDPHP Freebase te koop. Onze online Rc Kopen-winkel verkoopt MDPHP Freebase online kopen wereldwijd. Bestel binnenkort om 4F-PIHP online te kopen.","breadcrumb":{"@id":"https:\/\/rckopen.com\/product\/mdphp-freebase\/#breadcrumb"},"inLanguage":"fr-FR","potentialAction":[{"@type":"ReadAction","target":["https:\/\/rckopen.com\/product\/mdphp-freebase\/"]}]},{"@type":"ImageObject","inLanguage":"fr-FR","@id":"https:\/\/rckopen.com\/product\/mdphp-freebase\/#primaryimage","url":"https:\/\/rckopen.com\/wp-content\/uploads\/2023\/08\/MDPHP-freebase.jpg","contentUrl":"https:\/\/rckopen.com\/wp-content\/uploads\/2023\/08\/MDPHP-freebase.jpg","width":600,"height":600,"caption":"MDPHP-freebase online kopen"},{"@type":"BreadcrumbList","@id":"https:\/\/rckopen.com\/product\/mdphp-freebase\/#breadcrumb","itemListElement":[{"@type":"ListItem","position":1,"name":"Home","item":"https:\/\/rckopen.com\/"},{"@type":"ListItem","position":2,"name":"Shop","item":"https:\/\/rckopen.com\/shop\/"},{"@type":"ListItem","position":3,"name":"MDPHP freebase online kopen"}]},{"@type":"WebSite","@id":"https:\/\/rckopen.com\/#website","url":"https:\/\/rckopen.com\/","name":"RC Kopen","description":"Research Chemicals","potentialAction":[{"@type":"SearchAction","target":{"@type":"EntryPoint","urlTemplate":"https:\/\/rckopen.com\/?s={search_term_string}"},"query-input":{"@type":"PropertyValueSpecification","valueRequired":true,"valueName":"search_term_string"}}],"inLanguage":"fr-FR"}]}},"_links":{"self":[{"href":"https:\/\/rckopen.com\/fr\/wp-json\/wp\/v2\/product\/6440","targetHints":{"allow":["GET"]}}],"collection":[{"href":"https:\/\/rckopen.com\/fr\/wp-json\/wp\/v2\/product"}],"about":[{"href":"https:\/\/rckopen.com\/fr\/wp-json\/wp\/v2\/types\/product"}],"replies":[{"embeddable":true,"href":"https:\/\/rckopen.com\/fr\/wp-json\/wp\/v2\/comments?post=6440"}],"wp:featuredmedia":[{"embeddable":true,"href":"https:\/\/rckopen.com\/fr\/wp-json\/wp\/v2\/media\/6460"}],"wp:attachment":[{"href":"https:\/\/rckopen.com\/fr\/wp-json\/wp\/v2\/media?parent=6440"}],"wp:term":[{"taxonomy":"product_brand","embeddable":true,"href":"https:\/\/rckopen.com\/fr\/wp-json\/wp\/v2\/product_brand?post=6440"},{"taxonomy":"product_cat","embeddable":true,"href":"https:\/\/rckopen.com\/fr\/wp-json\/wp\/v2\/product_cat?post=6440"},{"taxonomy":"product_tag","embeddable":true,"href":"https:\/\/rckopen.com\/fr\/wp-json\/wp\/v2\/product_tag?post=6440"}],"curies":[{"name":"wp","href":"https:\/\/api.w.org\/{rel}","templated":true}]}}