{"id":6449,"date":"2023-08-15T08:45:20","date_gmt":"2023-08-15T08:45:20","guid":{"rendered":"https:\/\/diligentplug.com\/chems\/?post_type=product&#038;p=6449"},"modified":"2025-02-03T10:40:44","modified_gmt":"2025-02-03T10:40:44","slug":"fluorexetamine-fxe","status":"publish","type":"product","link":"https:\/\/rckopen.com\/fr\/produit\/fluorexetamine-fxe\/","title":{"rendered":"Acheter de la fluorex\u00e9tamine (FXE) en ligne"},"content":{"rendered":"<h2>rckopen.com propose des produits qui ne sont pas destin\u00e9s \u00e0 la consommation humaine.<br \/>\nInformations g\u00e9n\u00e9rales Acheter de la fluorex\u00e9tamine en ligne<\/h2>\n<p><a href=\"https:\/\/rckopen.com\/fr\/produit\/fluorexetamine-fxe\/\">Fluorex\u00e9tamine<\/a>\u00a0(chlorhydrate) est un \u00e9talon analytique scientifique class\u00e9 comme arylcyclohexylamine. Cet article est destin\u00e9 \u00e0 la recherche et aux applications mesurables.<\/p>\n<p>La fluorex\u00e9tamine est un produit chimique de recherche de planificateur sportif avec des effets dissociatifs. Un produit chimique de recherche sportif connu sous le nom <a href=\"https:\/\/en.wikipedia.org\/wiki\/Fluoxetine\">Fluorex\u00e9tamine<\/a> (3-Fluoro-2-Oxo-PCE, FXE) est vendu sur le Web depuis 2017 environ.<\/p>\n<p>Bien qu'elle existe depuis un certain temps, elle reste g\u00e9n\u00e9ralement peu r\u00e9pandue. La fluorex\u00e9tamine est un produit chimique de recherche pour planificateurs sportifs de la famille des arylcyclohexylamines, et ses propri\u00e9t\u00e9s peuvent \u00eatre tr\u00e8s dissociatives. Cependant, elle est pr\u00eate \u00e0 circuler sur l'internet depuis 2017, et son utilisation est rest\u00e9e mod\u00e9r\u00e9ment in\u00e9dite.<\/p>\n<p>La situation a chang\u00e9 en avril 2022, lorsque la reconnaissance algorithmique du produit chimique de recherche sur Reddit a d\u00e9clench\u00e9 une alarme. \u00c0 partir de ce moment-l\u00e0, les notifications de Fluorexetamine ont \u00e9t\u00e9 multipli\u00e9es par plus de deux, alors qu'elles \u00e9taient \u00e0 leur niveau le plus \u00e9lev\u00e9 en avril 2022. Les propri\u00e9t\u00e9s physiologiques et toxicologiques de ce compos\u00e9 n'ont pas \u00e9t\u00e9 examin\u00e9es. L'utilisation de ce produit chimique doit se faire \u00e0 des fins de recherche et de mesure, pour ainsi dire. Attention, ce produit n'est pas destin\u00e9 \u00e0 un usage humain ou v\u00e9t\u00e9rinaire.<\/p>\n<h3>Composition chimique de la fluorex\u00e9tamine<\/h3>\n<p>La fluorex\u00e9tamine (3\u2032- Fluoro-2-oxo-PCE, FXE) est un produit chimique de recherche de designer sportif de la famille des arylcyclohexylamines ayant des impacts dissociatifs. Il est suppos\u00e9 \u00eatre vendu sur le web depuis environ 2017. Cependant, il est rest\u00e9 mod\u00e9r\u00e9ment extraordinaire.<\/p>\n<p>Son \u00e9quation est C14H18FNO, et sa masse molaire est 235,302 g-mol-1.<\/p>\n<h3>Pharmacologie de la fluorex\u00e9tamine<\/h3>\n<p>La fluox\u00e9tine exerce ses effets en emp\u00eachant la recapture de la s\u00e9rotonine dans les neurones \u00e0 s\u00e9rotonine pr\u00e9synaptiques en entravant la prot\u00e9ine porteuse de la recapture situ\u00e9e dans le terminal pr\u00e9synaptique. La fluox\u00e9tine agit \u00e9galement en douceur sur les r\u00e9cepteurs 5HT2A et 5HT2C.<\/p>\n<p>La fluox\u00e9tine est consomm\u00e9e apr\u00e8s avoir \u00e9t\u00e9 administr\u00e9e par voie orale, elle est profond\u00e9ment li\u00e9e aux prot\u00e9ines et son volume de transport est \u00e9norme. La demi-vie d'\u00e9limination de la fluox\u00e9tine est d'environ 1 \u00e0 4 jours, tandis que celle de son m\u00e9tabolite, la norfluox\u00e9tine, dure de 7 \u00e0 15 jours. La fluox\u00e9tine a un profil pharmacocin\u00e9tique non lin\u00e9aire.<\/p>\n<h3>Acheter de la fluoros\u00e9tamine de haute qualit\u00e9 en ligne<\/h3>\n<p><a href=\"http:\/\/rckopen.com\/fr\/\">RC Kopen<\/a> poss\u00e8de de nombreuses ann\u00e9es d'exp\u00e9rience dans le secteur de la conception de produits chimiques de recherche, ce qui nous permet de garantir la plus haute qualit\u00e9 de ces produits chimiques de recherche. L'\u00e9quipe de recherche chimique vend de la fluoroex\u00e9tamine. Les produits chimiques de recherche, y compris les fluoroex\u00e9tamines, r\u00e9pondent \u00e0 toutes les exigences de s\u00e9curit\u00e9. Les produits chimiques de recherche sont soigneusement distribu\u00e9s et stock\u00e9s dans un endroit frais et sec.<\/p>\n<p>Tous les produits sont r\u00e9guli\u00e8rement contr\u00f4l\u00e9s pour en v\u00e9rifier la qualit\u00e9, la puret\u00e9 et la s\u00e9curit\u00e9. Conservez toujours Fluorexetamine \u00e0 temp\u00e9rature ambiante et hors de port\u00e9e des enfants et des animaux domestiques. Notre Fluorexetamine n'est pas destin\u00e9e \u00e0 un usage personnel. Elle est uniquement destin\u00e9e \u00e0 la recherche.<\/p>\n<p>Il ne doit pas \u00eatre m\u00e9lang\u00e9 avec de l'alcool ou des produits chimiques de recherche lors de la recherche de ce produit chimique de recherche !<\/p>\n<p>Tous nos produits ont un prix \u00e9quitable !<\/p>\n<h3>Le laboratoire a test\u00e9 la fluorex\u00e9tamine et a obtenu des r\u00e9sultats.<\/h3>\n<p>Remakes progresse vers la satisfaction g\u00e9n\u00e9rale de ses clients. Diff\u00e9rents examens ont montr\u00e9 que les clients demandent autant de donn\u00e9es que pr\u00e9vu avant d'acheter des produits chimiques de recherche synth\u00e9tiques. En outre, nous publions toutes les cons\u00e9quences de laboratoire de chaque compos\u00e9 d'examen dans un document PDF.<\/p>\n<p>Notre cristal de fluorex\u00e9tamine r\u00e9pond syst\u00e9matiquement aux principes actifs et peut \u00eatre vu directement par tout le monde.<\/p>\n<p>Nous distribuons toutes les cons\u00e9quences de laboratoire de chaque produit chimique de recherche sur un document PDF.<\/p>\n<h3>Commandez en toute s\u00e9curit\u00e9 de Fluorexetamine.<\/h3>\n<p>Les produits chimiques de recherche de RC Kopen sont d'excellente qualit\u00e9 et ont un co\u00fbt raisonnable. Par cons\u00e9quent, lorsque vous demandez vos produits chimiques de recherche sur RC Kopen, nous vous garantissons que votre demande sera achemin\u00e9e chez vous rapidement et en toute s\u00e9curit\u00e9, car la vente de produits chimiques de recherche est toujours disponible sur RC Kopen.<\/p>\n<p>La demande de compos\u00e9s de recherche synth\u00e9tiques par Bitcoin ou par virement bancaire est simple \u00e0 effectuer aupr\u00e8s du RC Kopen.<\/p>\n<p>Nous exp\u00e9dions les poudres chimiques de recherche le m\u00eame jour ouvrable si le paiement est re\u00e7u avant 15h00 CEST.<\/p>\n<p>Nous ne fournissons pas d'articles aux personnes de moins de 18 ans !<\/p>\n<p>La vente de produits chimiques de recherche n'a lieu qu'\u00e0 des fins de recherche.<\/p>\n<p>Exp\u00e9dition discr\u00e8te de produits chimiques destin\u00e9s \u00e0 la recherche.<\/p>\n<p>RC Kopen emballera votre commande de mani\u00e8re s\u00fbre et s\u00e9curis\u00e9e afin d'assurer un transport ad\u00e9quat. En outre, nous emballons en toute discr\u00e9tion et aucun signe de ce qui pourrait se trouver \u00e0 l'int\u00e9rieur ne sera visible \u00e0 l'ext\u00e9rieur.<\/p>\n<h3>Pr\u00e9cautions<\/h3>\n<ul>\n<li>Achetez les \u00e9quipements de protection individuelle appropri\u00e9s, tels que des lunettes et des gants. Nettoyez-les et entretenez-les de mani\u00e8re appropri\u00e9e. Suivez des syst\u00e8mes s\u00fbrs lorsque vous manipulez des produits chimiques destin\u00e9s \u00e0 la recherche et ne prenez pas de raccourcis.<\/li>\n<li>Si le produit chimique de recherche entre en contact avec les yeux, rincer abondamment et \u00e9liminer les lentilles de contact si elles sont essentielles.<\/li>\n<li>Essayez d'utiliser un masque lorsque vous utilisez ces produits chimiques afin qu'ils ne p\u00e9n\u00e8trent pas \u00e0 l'int\u00e9rieur de vous lorsque vous respirez.<\/li>\n<li>Comme l'indiquent les m\u00e9thodes soutenues, manipulez, stockez et \u00e9liminez les mati\u00e8res dangereuses en toute s\u00e9curit\u00e9. Ne jamais les d\u00e9verser dans les \u00e9gouts ou les canaux.<\/li>\n<li>Stockez les produits chimiques de recherche de mani\u00e8re appropri\u00e9e, comme indiqu\u00e9 sur leur nom. Les produits chimiques inflammables doivent \u00eatre rang\u00e9s dans un excellent cannabis sec, \u00e0 l'abri de l'intensit\u00e9 et de la lumi\u00e8re du jour. Quelques produits synth\u00e9tiques, comme les acides, doivent \u00eatre rang\u00e9s ind\u00e9pendamment les uns des autres.<\/li>\n<li>RC Buy propos\u00e9 \u00e0 rc est destin\u00e9 \u00e0 la recherche ; la consommation humaine est fortement interdite.<\/li>\n<\/ul>","protected":false},"excerpt":{"rendered":"<p><strong>Nom IUPAC : <\/strong>2-(\u00e9thylamino)-2-(3-fluoroph\u00e9nyl)cyclohexan-1-one<\/p>\n<p><strong>Autre nom : <\/strong>FXE<\/p>\n<p><strong>Forme : <\/strong>cristal<\/p>\n<p><strong>Analyse RMN : <\/strong>C14H18FNO<\/p>","protected":false},"featured_media":6468,"comment_status":"open","ping_status":"closed","template":"","meta":{"_joinchat":[]},"product_brand":[],"product_cat":[137],"product_tag":[],"class_list":{"0":"post-6449","1":"product","2":"type-product","3":"status-publish","4":"has-post-thumbnail","6":"product_cat-dissociatieven","8":"first","9":"instock","10":"shipping-taxable","11":"purchasable","12":"product-type-variable"},"yoast_head":"<!-- This site is optimized with the Yoast SEO plugin v26.3 - https:\/\/yoast.com\/wordpress\/plugins\/seo\/ -->\n<title>Fluorexrtamine FXE te koop - Fluorexrtamine FXE online kopen<\/title>\n<meta name=\"description\" content=\"U kunt nu Fluorexrtamine FXE te koop krijgen in onze topwinkel RC Kopen. Onze medewerkers zullen u helpen om Fluorexrtamine FXE online te kopen tegen de beste prijzen. Bestel Fluorexrtamine FXE vandaag nog online met wereldwijde verzending!\" \/>\n<meta name=\"robots\" content=\"index, follow, max-snippet:-1, max-image-preview:large, max-video-preview:-1\" \/>\n<link rel=\"canonical\" href=\"https:\/\/rckopen.com\/fr\/produit\/fluorexetamine-fxe\/\" \/>\n<meta property=\"og:locale\" content=\"fr_FR\" \/>\n<meta property=\"og:type\" content=\"article\" \/>\n<meta property=\"og:title\" content=\"Fluorexrtamine FXE te koop - Fluorexrtamine FXE online kopen\" \/>\n<meta property=\"og:description\" content=\"U kunt nu Fluorexrtamine FXE te koop krijgen in onze topwinkel RC Kopen. Onze medewerkers zullen u helpen om Fluorexrtamine FXE online te kopen tegen de beste prijzen. Bestel Fluorexrtamine FXE vandaag nog online met wereldwijde verzending!\" \/>\n<meta property=\"og:url\" content=\"https:\/\/rckopen.com\/fr\/produit\/fluorexetamine-fxe\/\" \/>\n<meta property=\"og:site_name\" content=\"RC Kopen\" \/>\n<meta property=\"article:modified_time\" content=\"2025-02-03T10:40:44+00:00\" \/>\n<meta property=\"og:image\" content=\"https:\/\/rckopen.com\/wp-content\/uploads\/2023\/08\/Fluorexetamine-FXE.jpg\" \/>\n\t<meta property=\"og:image:width\" content=\"600\" \/>\n\t<meta property=\"og:image:height\" content=\"600\" \/>\n\t<meta property=\"og:image:type\" content=\"image\/jpeg\" \/>\n<meta name=\"twitter:card\" content=\"summary_large_image\" \/>\n<meta name=\"twitter:label1\" content=\"Dur\u00e9e de lecture estim\u00e9e\" \/>\n\t<meta name=\"twitter:data1\" content=\"4 minutes\" \/>\n<script type=\"application\/ld+json\" class=\"yoast-schema-graph\">{\"@context\":\"https:\/\/schema.org\",\"@graph\":[{\"@type\":\"WebPage\",\"@id\":\"https:\/\/rckopen.com\/product\/fluorexetamine-fxe\/\",\"url\":\"https:\/\/rckopen.com\/product\/fluorexetamine-fxe\/\",\"name\":\"Fluorexrtamine FXE te koop - Fluorexrtamine FXE online kopen\",\"isPartOf\":{\"@id\":\"https:\/\/rckopen.com\/#website\"},\"primaryImageOfPage\":{\"@id\":\"https:\/\/rckopen.com\/product\/fluorexetamine-fxe\/#primaryimage\"},\"image\":{\"@id\":\"https:\/\/rckopen.com\/product\/fluorexetamine-fxe\/#primaryimage\"},\"thumbnailUrl\":\"https:\/\/rckopen.com\/wp-content\/uploads\/2023\/08\/Fluorexetamine-FXE.jpg\",\"datePublished\":\"2023-08-15T08:45:20+00:00\",\"dateModified\":\"2025-02-03T10:40:44+00:00\",\"description\":\"U kunt nu Fluorexrtamine FXE te koop krijgen in onze topwinkel RC Kopen. Onze medewerkers zullen u helpen om Fluorexrtamine FXE online te kopen tegen de beste prijzen. Bestel Fluorexrtamine FXE vandaag nog online met wereldwijde verzending!\",\"breadcrumb\":{\"@id\":\"https:\/\/rckopen.com\/product\/fluorexetamine-fxe\/#breadcrumb\"},\"inLanguage\":\"fr-FR\",\"potentialAction\":[{\"@type\":\"ReadAction\",\"target\":[\"https:\/\/rckopen.com\/product\/fluorexetamine-fxe\/\"]}]},{\"@type\":\"ImageObject\",\"inLanguage\":\"fr-FR\",\"@id\":\"https:\/\/rckopen.com\/product\/fluorexetamine-fxe\/#primaryimage\",\"url\":\"https:\/\/rckopen.com\/wp-content\/uploads\/2023\/08\/Fluorexetamine-FXE.jpg\",\"contentUrl\":\"https:\/\/rckopen.com\/wp-content\/uploads\/2023\/08\/Fluorexetamine-FXE.jpg\",\"width\":600,\"height\":600,\"caption\":\"Fluorexetamine-(FXE) online kopen\"},{\"@type\":\"BreadcrumbList\",\"@id\":\"https:\/\/rckopen.com\/product\/fluorexetamine-fxe\/#breadcrumb\",\"itemListElement\":[{\"@type\":\"ListItem\",\"position\":1,\"name\":\"Home\",\"item\":\"https:\/\/rckopen.com\/\"},{\"@type\":\"ListItem\",\"position\":2,\"name\":\"Shop\",\"item\":\"https:\/\/rckopen.com\/shop\/\"},{\"@type\":\"ListItem\",\"position\":3,\"name\":\"Fluorexetamine (FXE) Online kopen\"}]},{\"@type\":\"WebSite\",\"@id\":\"https:\/\/rckopen.com\/#website\",\"url\":\"https:\/\/rckopen.com\/\",\"name\":\"RC Kopen\",\"description\":\"Research Chemicals\",\"potentialAction\":[{\"@type\":\"SearchAction\",\"target\":{\"@type\":\"EntryPoint\",\"urlTemplate\":\"https:\/\/rckopen.com\/?s={search_term_string}\"},\"query-input\":{\"@type\":\"PropertyValueSpecification\",\"valueRequired\":true,\"valueName\":\"search_term_string\"}}],\"inLanguage\":\"fr-FR\"}]}<\/script>\n<!-- \/ Yoast SEO plugin. -->","yoast_head_json":{"title":"Fluorexrtamine FXE te koop - Fluorexrtamine FXE online kopen","description":"U kunt nu Fluorexrtamine FXE te koop krijgen in onze topwinkel RC Kopen. Onze medewerkers zullen u helpen om Fluorexrtamine FXE online te kopen tegen de beste prijzen. Bestel Fluorexrtamine FXE vandaag nog online met wereldwijde verzending!","robots":{"index":"index","follow":"follow","max-snippet":"max-snippet:-1","max-image-preview":"max-image-preview:large","max-video-preview":"max-video-preview:-1"},"canonical":"https:\/\/rckopen.com\/fr\/produit\/fluorexetamine-fxe\/","og_locale":"fr_FR","og_type":"article","og_title":"Fluorexrtamine FXE te koop - Fluorexrtamine FXE online kopen","og_description":"U kunt nu Fluorexrtamine FXE te koop krijgen in onze topwinkel RC Kopen. Onze medewerkers zullen u helpen om Fluorexrtamine FXE online te kopen tegen de beste prijzen. Bestel Fluorexrtamine FXE vandaag nog online met wereldwijde verzending!","og_url":"https:\/\/rckopen.com\/fr\/produit\/fluorexetamine-fxe\/","og_site_name":"RC Kopen","article_modified_time":"2025-02-03T10:40:44+00:00","og_image":[{"width":600,"height":600,"url":"https:\/\/rckopen.com\/wp-content\/uploads\/2023\/08\/Fluorexetamine-FXE.jpg","type":"image\/jpeg"}],"twitter_card":"summary_large_image","twitter_misc":{"Dur\u00e9e de lecture estim\u00e9e":"4 minutes"},"schema":{"@context":"https:\/\/schema.org","@graph":[{"@type":"WebPage","@id":"https:\/\/rckopen.com\/product\/fluorexetamine-fxe\/","url":"https:\/\/rckopen.com\/product\/fluorexetamine-fxe\/","name":"Fluorexrtamine FXE te koop - Fluorexrtamine FXE online kopen","isPartOf":{"@id":"https:\/\/rckopen.com\/#website"},"primaryImageOfPage":{"@id":"https:\/\/rckopen.com\/product\/fluorexetamine-fxe\/#primaryimage"},"image":{"@id":"https:\/\/rckopen.com\/product\/fluorexetamine-fxe\/#primaryimage"},"thumbnailUrl":"https:\/\/rckopen.com\/wp-content\/uploads\/2023\/08\/Fluorexetamine-FXE.jpg","datePublished":"2023-08-15T08:45:20+00:00","dateModified":"2025-02-03T10:40:44+00:00","description":"U kunt nu Fluorexrtamine FXE te koop krijgen in onze topwinkel RC Kopen. Onze medewerkers zullen u helpen om Fluorexrtamine FXE online te kopen tegen de beste prijzen. Bestel Fluorexrtamine FXE vandaag nog online met wereldwijde verzending!","breadcrumb":{"@id":"https:\/\/rckopen.com\/product\/fluorexetamine-fxe\/#breadcrumb"},"inLanguage":"fr-FR","potentialAction":[{"@type":"ReadAction","target":["https:\/\/rckopen.com\/product\/fluorexetamine-fxe\/"]}]},{"@type":"ImageObject","inLanguage":"fr-FR","@id":"https:\/\/rckopen.com\/product\/fluorexetamine-fxe\/#primaryimage","url":"https:\/\/rckopen.com\/wp-content\/uploads\/2023\/08\/Fluorexetamine-FXE.jpg","contentUrl":"https:\/\/rckopen.com\/wp-content\/uploads\/2023\/08\/Fluorexetamine-FXE.jpg","width":600,"height":600,"caption":"Fluorexetamine-(FXE) online kopen"},{"@type":"BreadcrumbList","@id":"https:\/\/rckopen.com\/product\/fluorexetamine-fxe\/#breadcrumb","itemListElement":[{"@type":"ListItem","position":1,"name":"Home","item":"https:\/\/rckopen.com\/"},{"@type":"ListItem","position":2,"name":"Shop","item":"https:\/\/rckopen.com\/shop\/"},{"@type":"ListItem","position":3,"name":"Fluorexetamine (FXE) Online kopen"}]},{"@type":"WebSite","@id":"https:\/\/rckopen.com\/#website","url":"https:\/\/rckopen.com\/","name":"RC Kopen","description":"Research Chemicals","potentialAction":[{"@type":"SearchAction","target":{"@type":"EntryPoint","urlTemplate":"https:\/\/rckopen.com\/?s={search_term_string}"},"query-input":{"@type":"PropertyValueSpecification","valueRequired":true,"valueName":"search_term_string"}}],"inLanguage":"fr-FR"}]}},"_links":{"self":[{"href":"https:\/\/rckopen.com\/fr\/wp-json\/wp\/v2\/product\/6449","targetHints":{"allow":["GET"]}}],"collection":[{"href":"https:\/\/rckopen.com\/fr\/wp-json\/wp\/v2\/product"}],"about":[{"href":"https:\/\/rckopen.com\/fr\/wp-json\/wp\/v2\/types\/product"}],"replies":[{"embeddable":true,"href":"https:\/\/rckopen.com\/fr\/wp-json\/wp\/v2\/comments?post=6449"}],"wp:featuredmedia":[{"embeddable":true,"href":"https:\/\/rckopen.com\/fr\/wp-json\/wp\/v2\/media\/6468"}],"wp:attachment":[{"href":"https:\/\/rckopen.com\/fr\/wp-json\/wp\/v2\/media?parent=6449"}],"wp:term":[{"taxonomy":"product_brand","embeddable":true,"href":"https:\/\/rckopen.com\/fr\/wp-json\/wp\/v2\/product_brand?post=6449"},{"taxonomy":"product_cat","embeddable":true,"href":"https:\/\/rckopen.com\/fr\/wp-json\/wp\/v2\/product_cat?post=6449"},{"taxonomy":"product_tag","embeddable":true,"href":"https:\/\/rckopen.com\/fr\/wp-json\/wp\/v2\/product_tag?post=6449"}],"curies":[{"name":"wp","href":"https:\/\/api.w.org\/{rel}","templated":true}]}}