{"id":6470,"date":"2023-08-16T05:06:03","date_gmt":"2023-08-16T05:06:03","guid":{"rendered":"https:\/\/diligentplug.com\/chems\/?post_type=product&#038;p=6470"},"modified":"2025-01-30T05:37:40","modified_gmt":"2025-01-30T05:37:40","slug":"3-methyl-pcp-hydrochloride","status":"publish","type":"product","link":"https:\/\/rckopen.com\/fr\/produit\/3-methyl-pcp-hydrochloride\/","title":{"rendered":"Acheter en ligne du chlorhydrate de 3-m\u00e9thyl-PCP"},"content":{"rendered":"<h2>3-Methyl-PCP Hydrochloride Online Kopen<\/h2>\n<p><a href=\"https:\/\/rckopen.com\/fr\/produit\/3-methyl-pcp-hydrochloride\/\">acheter du chlorhydrate de 3-m\u00e9thyl-Pcp en ligne<\/a>Le chlorhydrate de 3-m\u00e9thyl-PCP pr\u00e9sente de nombreuses propri\u00e9t\u00e9s similaires \u00e0 <a href=\"https:\/\/en.wikipedia.org\/wiki\/3-Methyl-PCP\">3-MeO-PCP<\/a> et bien s\u00fbr le PCP lui-m\u00eame. La phencyclidine ou ph\u00e9nyl cyclohexyl pip\u00e9ridine (PCP) est \u00e9galement connue sous d'autres noms : poussi\u00e8re d'ange. Le PCP a \u00e9t\u00e9 d\u00e9couvert en 1926 et a \u00e9t\u00e9 commercialis\u00e9 comme anesth\u00e9sique dans les ann\u00e9es 1950. Chez RealChems, vous ne pouvez acheter que du 3-Me-PCP de qualit\u00e9 sup\u00e9rieure<a href=\"https:\/\/rckopen.com\/fr\/produit\/4-ho-mipt\/\">.<\/a><\/p>\n<p><a href=\"https:\/\/rckopen.com\/fr\/\">RC BUY<\/a> propose des produits qui ne sont pas destin\u00e9s \u00e0 la consommation humaine. Si vous consommez ce produit (involontairement), cela peut avoir de graves cons\u00e9quences m\u00e9dicales<a href=\"https:\/\/en.wikipedia.org\/wiki\/4-HO-MPT\">.<\/a><\/p>","protected":false},"excerpt":{"rendered":"<p><strong>Nom IUPAC :<\/strong><\/p>\n<p><strong>Forme : <\/strong>HCL en poudre<\/p>","protected":false},"featured_media":6481,"comment_status":"open","ping_status":"closed","template":"","meta":{"_joinchat":[]},"product_brand":[],"product_cat":[137],"product_tag":[],"class_list":{"0":"post-6470","1":"product","2":"type-product","3":"status-publish","4":"has-post-thumbnail","6":"product_cat-dissociatieven","8":"first","9":"instock","10":"shipping-taxable","11":"purchasable","12":"product-type-variable"},"yoast_head":"<!-- This site is optimized with the Yoast SEO plugin v26.3 - https:\/\/yoast.com\/wordpress\/plugins\/seo\/ -->\n<title>3-methyl-Pcp-hydrochloride online kopen- 3-methyl-Pcp te koop<\/title>\n<meta name=\"description\" content=\"Onze RC Kopen-winkel heeft de beste kwaliteit 3-Methyl-Pcp-Hydrochloride te koop. Als u 3-Methyl-Pcp-Hydrochloride online wilt kopen, neem dan contact met ons op en laat het binnenkort bezorgen!\" \/>\n<meta name=\"robots\" content=\"index, follow, max-snippet:-1, max-image-preview:large, max-video-preview:-1\" \/>\n<link rel=\"canonical\" href=\"https:\/\/rckopen.com\/fr\/produit\/3-methyl-pcp-hydrochloride\/\" \/>\n<meta property=\"og:locale\" content=\"fr_FR\" \/>\n<meta property=\"og:type\" content=\"article\" \/>\n<meta property=\"og:title\" content=\"3-methyl-Pcp-hydrochloride online kopen- 3-methyl-Pcp te koop\" \/>\n<meta property=\"og:description\" content=\"Onze RC Kopen-winkel heeft de beste kwaliteit 3-Methyl-Pcp-Hydrochloride te koop. Als u 3-Methyl-Pcp-Hydrochloride online wilt kopen, neem dan contact met ons op en laat het binnenkort bezorgen!\" \/>\n<meta property=\"og:url\" content=\"https:\/\/rckopen.com\/fr\/produit\/3-methyl-pcp-hydrochloride\/\" \/>\n<meta property=\"og:site_name\" content=\"RC Kopen\" \/>\n<meta property=\"article:modified_time\" content=\"2025-01-30T05:37:40+00:00\" \/>\n<meta property=\"og:image\" content=\"https:\/\/rckopen.com\/wp-content\/uploads\/2023\/08\/3-Methyl-PCP-Hydrochloride.jpg\" \/>\n\t<meta property=\"og:image:width\" content=\"600\" \/>\n\t<meta property=\"og:image:height\" content=\"600\" \/>\n\t<meta property=\"og:image:type\" content=\"image\/jpeg\" \/>\n<meta name=\"twitter:card\" content=\"summary_large_image\" \/>\n<meta name=\"twitter:label1\" content=\"Dur\u00e9e de lecture estim\u00e9e\" \/>\n\t<meta name=\"twitter:data1\" content=\"1 minute\" \/>\n<script type=\"application\/ld+json\" class=\"yoast-schema-graph\">{\"@context\":\"https:\/\/schema.org\",\"@graph\":[{\"@type\":\"WebPage\",\"@id\":\"https:\/\/rckopen.com\/product\/3-methyl-pcp-hydrochloride\/\",\"url\":\"https:\/\/rckopen.com\/product\/3-methyl-pcp-hydrochloride\/\",\"name\":\"3-methyl-Pcp-hydrochloride online kopen- 3-methyl-Pcp te koop\",\"isPartOf\":{\"@id\":\"https:\/\/rckopen.com\/#website\"},\"primaryImageOfPage\":{\"@id\":\"https:\/\/rckopen.com\/product\/3-methyl-pcp-hydrochloride\/#primaryimage\"},\"image\":{\"@id\":\"https:\/\/rckopen.com\/product\/3-methyl-pcp-hydrochloride\/#primaryimage\"},\"thumbnailUrl\":\"https:\/\/rckopen.com\/wp-content\/uploads\/2023\/08\/3-Methyl-PCP-Hydrochloride.jpg\",\"datePublished\":\"2023-08-16T05:06:03+00:00\",\"dateModified\":\"2025-01-30T05:37:40+00:00\",\"description\":\"Onze RC Kopen-winkel heeft de beste kwaliteit 3-Methyl-Pcp-Hydrochloride te koop. Als u 3-Methyl-Pcp-Hydrochloride online wilt kopen, neem dan contact met ons op en laat het binnenkort bezorgen!\",\"breadcrumb\":{\"@id\":\"https:\/\/rckopen.com\/product\/3-methyl-pcp-hydrochloride\/#breadcrumb\"},\"inLanguage\":\"fr-FR\",\"potentialAction\":[{\"@type\":\"ReadAction\",\"target\":[\"https:\/\/rckopen.com\/product\/3-methyl-pcp-hydrochloride\/\"]}]},{\"@type\":\"ImageObject\",\"inLanguage\":\"fr-FR\",\"@id\":\"https:\/\/rckopen.com\/product\/3-methyl-pcp-hydrochloride\/#primaryimage\",\"url\":\"https:\/\/rckopen.com\/wp-content\/uploads\/2023\/08\/3-Methyl-PCP-Hydrochloride.jpg\",\"contentUrl\":\"https:\/\/rckopen.com\/wp-content\/uploads\/2023\/08\/3-Methyl-PCP-Hydrochloride.jpg\",\"width\":600,\"height\":600,\"caption\":\"3-Methyl-PCP-Hydrochloride online kopen\"},{\"@type\":\"BreadcrumbList\",\"@id\":\"https:\/\/rckopen.com\/product\/3-methyl-pcp-hydrochloride\/#breadcrumb\",\"itemListElement\":[{\"@type\":\"ListItem\",\"position\":1,\"name\":\"Home\",\"item\":\"https:\/\/rckopen.com\/\"},{\"@type\":\"ListItem\",\"position\":2,\"name\":\"Shop\",\"item\":\"https:\/\/rckopen.com\/shop\/\"},{\"@type\":\"ListItem\",\"position\":3,\"name\":\"3-Methyl-PCP Hydrochloride online kopen\"}]},{\"@type\":\"WebSite\",\"@id\":\"https:\/\/rckopen.com\/#website\",\"url\":\"https:\/\/rckopen.com\/\",\"name\":\"RC Kopen\",\"description\":\"Research Chemicals\",\"potentialAction\":[{\"@type\":\"SearchAction\",\"target\":{\"@type\":\"EntryPoint\",\"urlTemplate\":\"https:\/\/rckopen.com\/?s={search_term_string}\"},\"query-input\":{\"@type\":\"PropertyValueSpecification\",\"valueRequired\":true,\"valueName\":\"search_term_string\"}}],\"inLanguage\":\"fr-FR\"}]}<\/script>\n<!-- \/ Yoast SEO plugin. -->","yoast_head_json":{"title":"3-methyl-Pcp-hydrochloride online kopen- 3-methyl-Pcp te koop","description":"Onze RC Kopen-winkel heeft de beste kwaliteit 3-Methyl-Pcp-Hydrochloride te koop. Als u 3-Methyl-Pcp-Hydrochloride online wilt kopen, neem dan contact met ons op en laat het binnenkort bezorgen!","robots":{"index":"index","follow":"follow","max-snippet":"max-snippet:-1","max-image-preview":"max-image-preview:large","max-video-preview":"max-video-preview:-1"},"canonical":"https:\/\/rckopen.com\/fr\/produit\/3-methyl-pcp-hydrochloride\/","og_locale":"fr_FR","og_type":"article","og_title":"3-methyl-Pcp-hydrochloride online kopen- 3-methyl-Pcp te koop","og_description":"Onze RC Kopen-winkel heeft de beste kwaliteit 3-Methyl-Pcp-Hydrochloride te koop. Als u 3-Methyl-Pcp-Hydrochloride online wilt kopen, neem dan contact met ons op en laat het binnenkort bezorgen!","og_url":"https:\/\/rckopen.com\/fr\/produit\/3-methyl-pcp-hydrochloride\/","og_site_name":"RC Kopen","article_modified_time":"2025-01-30T05:37:40+00:00","og_image":[{"width":600,"height":600,"url":"https:\/\/rckopen.com\/wp-content\/uploads\/2023\/08\/3-Methyl-PCP-Hydrochloride.jpg","type":"image\/jpeg"}],"twitter_card":"summary_large_image","twitter_misc":{"Dur\u00e9e de lecture estim\u00e9e":"1 minute"},"schema":{"@context":"https:\/\/schema.org","@graph":[{"@type":"WebPage","@id":"https:\/\/rckopen.com\/product\/3-methyl-pcp-hydrochloride\/","url":"https:\/\/rckopen.com\/product\/3-methyl-pcp-hydrochloride\/","name":"3-methyl-Pcp-hydrochloride online kopen- 3-methyl-Pcp te koop","isPartOf":{"@id":"https:\/\/rckopen.com\/#website"},"primaryImageOfPage":{"@id":"https:\/\/rckopen.com\/product\/3-methyl-pcp-hydrochloride\/#primaryimage"},"image":{"@id":"https:\/\/rckopen.com\/product\/3-methyl-pcp-hydrochloride\/#primaryimage"},"thumbnailUrl":"https:\/\/rckopen.com\/wp-content\/uploads\/2023\/08\/3-Methyl-PCP-Hydrochloride.jpg","datePublished":"2023-08-16T05:06:03+00:00","dateModified":"2025-01-30T05:37:40+00:00","description":"Onze RC Kopen-winkel heeft de beste kwaliteit 3-Methyl-Pcp-Hydrochloride te koop. Als u 3-Methyl-Pcp-Hydrochloride online wilt kopen, neem dan contact met ons op en laat het binnenkort bezorgen!","breadcrumb":{"@id":"https:\/\/rckopen.com\/product\/3-methyl-pcp-hydrochloride\/#breadcrumb"},"inLanguage":"fr-FR","potentialAction":[{"@type":"ReadAction","target":["https:\/\/rckopen.com\/product\/3-methyl-pcp-hydrochloride\/"]}]},{"@type":"ImageObject","inLanguage":"fr-FR","@id":"https:\/\/rckopen.com\/product\/3-methyl-pcp-hydrochloride\/#primaryimage","url":"https:\/\/rckopen.com\/wp-content\/uploads\/2023\/08\/3-Methyl-PCP-Hydrochloride.jpg","contentUrl":"https:\/\/rckopen.com\/wp-content\/uploads\/2023\/08\/3-Methyl-PCP-Hydrochloride.jpg","width":600,"height":600,"caption":"3-Methyl-PCP-Hydrochloride online kopen"},{"@type":"BreadcrumbList","@id":"https:\/\/rckopen.com\/product\/3-methyl-pcp-hydrochloride\/#breadcrumb","itemListElement":[{"@type":"ListItem","position":1,"name":"Home","item":"https:\/\/rckopen.com\/"},{"@type":"ListItem","position":2,"name":"Shop","item":"https:\/\/rckopen.com\/shop\/"},{"@type":"ListItem","position":3,"name":"3-Methyl-PCP Hydrochloride online kopen"}]},{"@type":"WebSite","@id":"https:\/\/rckopen.com\/#website","url":"https:\/\/rckopen.com\/","name":"RC Kopen","description":"Research Chemicals","potentialAction":[{"@type":"SearchAction","target":{"@type":"EntryPoint","urlTemplate":"https:\/\/rckopen.com\/?s={search_term_string}"},"query-input":{"@type":"PropertyValueSpecification","valueRequired":true,"valueName":"search_term_string"}}],"inLanguage":"fr-FR"}]}},"_links":{"self":[{"href":"https:\/\/rckopen.com\/fr\/wp-json\/wp\/v2\/product\/6470","targetHints":{"allow":["GET"]}}],"collection":[{"href":"https:\/\/rckopen.com\/fr\/wp-json\/wp\/v2\/product"}],"about":[{"href":"https:\/\/rckopen.com\/fr\/wp-json\/wp\/v2\/types\/product"}],"replies":[{"embeddable":true,"href":"https:\/\/rckopen.com\/fr\/wp-json\/wp\/v2\/comments?post=6470"}],"wp:featuredmedia":[{"embeddable":true,"href":"https:\/\/rckopen.com\/fr\/wp-json\/wp\/v2\/media\/6481"}],"wp:attachment":[{"href":"https:\/\/rckopen.com\/fr\/wp-json\/wp\/v2\/media?parent=6470"}],"wp:term":[{"taxonomy":"product_brand","embeddable":true,"href":"https:\/\/rckopen.com\/fr\/wp-json\/wp\/v2\/product_brand?post=6470"},{"taxonomy":"product_cat","embeddable":true,"href":"https:\/\/rckopen.com\/fr\/wp-json\/wp\/v2\/product_cat?post=6470"},{"taxonomy":"product_tag","embeddable":true,"href":"https:\/\/rckopen.com\/fr\/wp-json\/wp\/v2\/product_tag?post=6470"}],"curies":[{"name":"wp","href":"https:\/\/api.w.org\/{rel}","templated":true}]}}