{"id":6471,"date":"2023-08-16T05:07:38","date_gmt":"2023-08-16T05:07:38","guid":{"rendered":"https:\/\/diligentplug.com\/chems\/?post_type=product&#038;p=6471"},"modified":"2025-02-04T04:02:17","modified_gmt":"2025-02-04T04:02:17","slug":"hxe-hcl","status":"publish","type":"product","link":"https:\/\/rckopen.com\/fr\/produit\/hxe-hcl\/","title":{"rendered":"Acheter HXE HCL en ligne"},"content":{"rendered":"<h2><strong>Qu'est-ce que HXE ?<\/strong><\/h2>\n<p><a href=\"https:\/\/rckopen.com\/fr\/produit\/hxe-hcl\/\">Acheter HXE HCL en ligne<\/a>, HXE ou \u00e9galement connu sous le nom de 3-HO-2\u2032-oxo-PCE ou hydrox\u00e9tamine, est un produit chimique fascinant et est un d\u00e9riv\u00e9 desm\u00e9thyl\u00e9 du MXE. Cela signifie que ses propri\u00e9t\u00e9s sont extr\u00eamement similaires \u00e0 celles du MXE et nous nous attendons \u00e0 voir et \u00e0 entendre des r\u00e9sultats fantastiques comparables au MXE dans la recherche. Ce produit chimique est tout nouveau sur le march\u00e9 et dispose donc de donn\u00e9es limit\u00e9es<a href=\"https:\/\/rckopen.com\/fr\/\">.<\/a><\/p>\n<h2><strong>Avertissement et pr\u00e9cautions<\/strong><\/h2>\n<p><a href=\"https:\/\/en.wikipedia.org\/wiki\/Hydroxetamine\">HXE HCL<\/a> est vendu uniquement \u00e0 des fins de recherche et ne doit pas \u00eatre utilis\u00e9 par les humains ou \u00e0 des fins telles que le diagnostic, les m\u00e9dicaments, les aliments, les dispositifs m\u00e9dicaux et les cosm\u00e9tiques pour les humains ou les animaux, pour n'en citer que quelques-uns. Achetez HXE HCL en ligne.<\/p>\n<h2><strong>Propri\u00e9t\u00e9s chimiques du HXE<\/strong><\/h2>\n<p>IUPAC : chlorhydrate de 2-(\u00e9thylamino)-2-(3-hydroxyph\u00e9nyl)-cyclohexanone<\/p>\n<p>Masse molaire : 269,8 g\/mol<\/p>\n<p>CAS : N\/A<\/p>\n<h2><strong>Waar HXE online kopen?<\/strong><\/h2>\n<p>Par la pr\u00e9sente <a href=\"https:\/\/rckopen.com\/fr\/\">RCKopen<\/a> vous pouvez toujours acheter des produits chimiques de la meilleure qualit\u00e9. Ce HXE ne fait pas exception. Ce HXE est actuellement disponible sous forme de poudre, mais nous pourrions envisager de le produire sous d'autres formes. Veuillez contacter notre service client pour obtenir des mises \u00e0 jour \u00e0 ce sujet. Veuillez noter que si vous souhaitez acheter HXE chez Chemical Planet, vous devez avoir au moins 18 ans<a href=\"https:\/\/safemedistore.com\/product\/3-fluorophenmetrazine-3-fpm\/\">.<\/a><\/p>\n<p>Note* Veuillez noter que le HXE est l\u00e9gal dans la plupart des pays du monde, mais les lois peuvent changer. Il est donc toujours utile de v\u00e9rifier les lois de votre pays avant de passer commande.<\/p>\n<p>rckopen.com propose des produits qui ne sont pas destin\u00e9s \u00e0 la consommation humaine. La consommation (involontaire) de ce produit peut avoir des cons\u00e9quences m\u00e9dicales graves.<\/p>","protected":false},"excerpt":{"rendered":"<p>Qu'est-ce que le HXE ? Le HXE, \u00e9galement connu sous le nom de 3-HO-2\u2032-oxo-PCE ou hydrox\u00e9tamine, est un produit chimique fascinant et un d\u00e9riv\u00e9 desm\u00e9thylique du MXE.<\/p>\n<p><strong>Nom IUPAC : <\/strong>2-(\u00e9thylamino)-2-(3-hydroxyph\u00e9nyl)cyclohexan-1-one<\/p>\n<p><strong>CAS # <\/strong>1620054-73-0<\/p>\n<p><strong>Autre nom : <\/strong>3-HO-2\u2032-oxo-PCE, chlorhydrate d'hydrox\u00e9tamine<\/p>\n<p><strong>Forme : <\/strong>poudre<\/p>\n<p><strong>Analyse RMN : <\/strong>C14H19NO2<\/p>","protected":false},"featured_media":6482,"comment_status":"open","ping_status":"closed","template":"","meta":{"_joinchat":[]},"product_brand":[],"product_cat":[137],"product_tag":[],"class_list":{"0":"post-6471","1":"product","2":"type-product","3":"status-publish","4":"has-post-thumbnail","6":"product_cat-dissociatieven","8":"first","9":"instock","10":"shipping-taxable","11":"purchasable","12":"product-type-variable"},"yoast_head":"<!-- This site is optimized with the Yoast SEO plugin v26.3 - https:\/\/yoast.com\/wordpress\/plugins\/seo\/ -->\n<title>Koop HXE HCL online - HXE HCL te koop | Kopen HXE HCL<\/title>\n<meta name=\"description\" content=\"Als u HXE HCL online wilt kopen, kan onze online rc kopen-winkel u helpen. We hebben hier HXE HCL te koop tegen de beste prijzen. Plaats uw bestelling en profiteer vandaag nog van de nieuwste aanbiedingen!\" \/>\n<meta name=\"robots\" content=\"index, follow, max-snippet:-1, max-image-preview:large, max-video-preview:-1\" \/>\n<link rel=\"canonical\" href=\"https:\/\/rckopen.com\/fr\/produit\/hxe-hcl\/\" \/>\n<meta property=\"og:locale\" content=\"fr_FR\" \/>\n<meta property=\"og:type\" content=\"article\" \/>\n<meta property=\"og:title\" content=\"Koop HXE HCL online - HXE HCL te koop | Kopen HXE HCL\" \/>\n<meta property=\"og:description\" content=\"Als u HXE HCL online wilt kopen, kan onze online rc kopen-winkel u helpen. We hebben hier HXE HCL te koop tegen de beste prijzen. Plaats uw bestelling en profiteer vandaag nog van de nieuwste aanbiedingen!\" \/>\n<meta property=\"og:url\" content=\"https:\/\/rckopen.com\/fr\/produit\/hxe-hcl\/\" \/>\n<meta property=\"og:site_name\" content=\"RC Kopen\" \/>\n<meta property=\"article:modified_time\" content=\"2025-02-04T04:02:17+00:00\" \/>\n<meta property=\"og:image\" content=\"https:\/\/rckopen.com\/wp-content\/uploads\/2023\/08\/HXE-HCL.jpg\" \/>\n\t<meta property=\"og:image:width\" content=\"600\" \/>\n\t<meta property=\"og:image:height\" content=\"600\" \/>\n\t<meta property=\"og:image:type\" content=\"image\/jpeg\" \/>\n<meta name=\"twitter:card\" content=\"summary_large_image\" \/>\n<meta name=\"twitter:label1\" content=\"Dur\u00e9e de lecture estim\u00e9e\" \/>\n\t<meta name=\"twitter:data1\" content=\"2 minutes\" \/>\n<script type=\"application\/ld+json\" class=\"yoast-schema-graph\">{\"@context\":\"https:\/\/schema.org\",\"@graph\":[{\"@type\":\"WebPage\",\"@id\":\"https:\/\/rckopen.com\/product\/hxe-hcl\/\",\"url\":\"https:\/\/rckopen.com\/product\/hxe-hcl\/\",\"name\":\"Koop HXE HCL online - HXE HCL te koop | Kopen HXE HCL\",\"isPartOf\":{\"@id\":\"https:\/\/rckopen.com\/#website\"},\"primaryImageOfPage\":{\"@id\":\"https:\/\/rckopen.com\/product\/hxe-hcl\/#primaryimage\"},\"image\":{\"@id\":\"https:\/\/rckopen.com\/product\/hxe-hcl\/#primaryimage\"},\"thumbnailUrl\":\"https:\/\/rckopen.com\/wp-content\/uploads\/2023\/08\/HXE-HCL.jpg\",\"datePublished\":\"2023-08-16T05:07:38+00:00\",\"dateModified\":\"2025-02-04T04:02:17+00:00\",\"description\":\"Als u HXE HCL online wilt kopen, kan onze online rc kopen-winkel u helpen. We hebben hier HXE HCL te koop tegen de beste prijzen. Plaats uw bestelling en profiteer vandaag nog van de nieuwste aanbiedingen!\",\"breadcrumb\":{\"@id\":\"https:\/\/rckopen.com\/product\/hxe-hcl\/#breadcrumb\"},\"inLanguage\":\"fr-FR\",\"potentialAction\":[{\"@type\":\"ReadAction\",\"target\":[\"https:\/\/rckopen.com\/product\/hxe-hcl\/\"]}]},{\"@type\":\"ImageObject\",\"inLanguage\":\"fr-FR\",\"@id\":\"https:\/\/rckopen.com\/product\/hxe-hcl\/#primaryimage\",\"url\":\"https:\/\/rckopen.com\/wp-content\/uploads\/2023\/08\/HXE-HCL.jpg\",\"contentUrl\":\"https:\/\/rckopen.com\/wp-content\/uploads\/2023\/08\/HXE-HCL.jpg\",\"width\":600,\"height\":600,\"caption\":\"HXE-HCL online kopen\"},{\"@type\":\"BreadcrumbList\",\"@id\":\"https:\/\/rckopen.com\/product\/hxe-hcl\/#breadcrumb\",\"itemListElement\":[{\"@type\":\"ListItem\",\"position\":1,\"name\":\"Home\",\"item\":\"https:\/\/rckopen.com\/\"},{\"@type\":\"ListItem\",\"position\":2,\"name\":\"Shop\",\"item\":\"https:\/\/rckopen.com\/shop\/\"},{\"@type\":\"ListItem\",\"position\":3,\"name\":\"HXE HCL online kopen\"}]},{\"@type\":\"WebSite\",\"@id\":\"https:\/\/rckopen.com\/#website\",\"url\":\"https:\/\/rckopen.com\/\",\"name\":\"RC Kopen\",\"description\":\"Research Chemicals\",\"potentialAction\":[{\"@type\":\"SearchAction\",\"target\":{\"@type\":\"EntryPoint\",\"urlTemplate\":\"https:\/\/rckopen.com\/?s={search_term_string}\"},\"query-input\":{\"@type\":\"PropertyValueSpecification\",\"valueRequired\":true,\"valueName\":\"search_term_string\"}}],\"inLanguage\":\"fr-FR\"}]}<\/script>\n<!-- \/ Yoast SEO plugin. -->","yoast_head_json":{"title":"Koop HXE HCL online - HXE HCL te koop | Kopen HXE HCL","description":"Als u HXE HCL online wilt kopen, kan onze online rc kopen-winkel u helpen. We hebben hier HXE HCL te koop tegen de beste prijzen. Plaats uw bestelling en profiteer vandaag nog van de nieuwste aanbiedingen!","robots":{"index":"index","follow":"follow","max-snippet":"max-snippet:-1","max-image-preview":"max-image-preview:large","max-video-preview":"max-video-preview:-1"},"canonical":"https:\/\/rckopen.com\/fr\/produit\/hxe-hcl\/","og_locale":"fr_FR","og_type":"article","og_title":"Koop HXE HCL online - HXE HCL te koop | Kopen HXE HCL","og_description":"Als u HXE HCL online wilt kopen, kan onze online rc kopen-winkel u helpen. We hebben hier HXE HCL te koop tegen de beste prijzen. Plaats uw bestelling en profiteer vandaag nog van de nieuwste aanbiedingen!","og_url":"https:\/\/rckopen.com\/fr\/produit\/hxe-hcl\/","og_site_name":"RC Kopen","article_modified_time":"2025-02-04T04:02:17+00:00","og_image":[{"width":600,"height":600,"url":"https:\/\/rckopen.com\/wp-content\/uploads\/2023\/08\/HXE-HCL.jpg","type":"image\/jpeg"}],"twitter_card":"summary_large_image","twitter_misc":{"Dur\u00e9e de lecture estim\u00e9e":"2 minutes"},"schema":{"@context":"https:\/\/schema.org","@graph":[{"@type":"WebPage","@id":"https:\/\/rckopen.com\/product\/hxe-hcl\/","url":"https:\/\/rckopen.com\/product\/hxe-hcl\/","name":"Koop HXE HCL online - HXE HCL te koop | Kopen HXE HCL","isPartOf":{"@id":"https:\/\/rckopen.com\/#website"},"primaryImageOfPage":{"@id":"https:\/\/rckopen.com\/product\/hxe-hcl\/#primaryimage"},"image":{"@id":"https:\/\/rckopen.com\/product\/hxe-hcl\/#primaryimage"},"thumbnailUrl":"https:\/\/rckopen.com\/wp-content\/uploads\/2023\/08\/HXE-HCL.jpg","datePublished":"2023-08-16T05:07:38+00:00","dateModified":"2025-02-04T04:02:17+00:00","description":"Als u HXE HCL online wilt kopen, kan onze online rc kopen-winkel u helpen. We hebben hier HXE HCL te koop tegen de beste prijzen. Plaats uw bestelling en profiteer vandaag nog van de nieuwste aanbiedingen!","breadcrumb":{"@id":"https:\/\/rckopen.com\/product\/hxe-hcl\/#breadcrumb"},"inLanguage":"fr-FR","potentialAction":[{"@type":"ReadAction","target":["https:\/\/rckopen.com\/product\/hxe-hcl\/"]}]},{"@type":"ImageObject","inLanguage":"fr-FR","@id":"https:\/\/rckopen.com\/product\/hxe-hcl\/#primaryimage","url":"https:\/\/rckopen.com\/wp-content\/uploads\/2023\/08\/HXE-HCL.jpg","contentUrl":"https:\/\/rckopen.com\/wp-content\/uploads\/2023\/08\/HXE-HCL.jpg","width":600,"height":600,"caption":"HXE-HCL online kopen"},{"@type":"BreadcrumbList","@id":"https:\/\/rckopen.com\/product\/hxe-hcl\/#breadcrumb","itemListElement":[{"@type":"ListItem","position":1,"name":"Home","item":"https:\/\/rckopen.com\/"},{"@type":"ListItem","position":2,"name":"Shop","item":"https:\/\/rckopen.com\/shop\/"},{"@type":"ListItem","position":3,"name":"HXE HCL online kopen"}]},{"@type":"WebSite","@id":"https:\/\/rckopen.com\/#website","url":"https:\/\/rckopen.com\/","name":"RC Kopen","description":"Research Chemicals","potentialAction":[{"@type":"SearchAction","target":{"@type":"EntryPoint","urlTemplate":"https:\/\/rckopen.com\/?s={search_term_string}"},"query-input":{"@type":"PropertyValueSpecification","valueRequired":true,"valueName":"search_term_string"}}],"inLanguage":"fr-FR"}]}},"_links":{"self":[{"href":"https:\/\/rckopen.com\/fr\/wp-json\/wp\/v2\/product\/6471","targetHints":{"allow":["GET"]}}],"collection":[{"href":"https:\/\/rckopen.com\/fr\/wp-json\/wp\/v2\/product"}],"about":[{"href":"https:\/\/rckopen.com\/fr\/wp-json\/wp\/v2\/types\/product"}],"replies":[{"embeddable":true,"href":"https:\/\/rckopen.com\/fr\/wp-json\/wp\/v2\/comments?post=6471"}],"wp:featuredmedia":[{"embeddable":true,"href":"https:\/\/rckopen.com\/fr\/wp-json\/wp\/v2\/media\/6482"}],"wp:attachment":[{"href":"https:\/\/rckopen.com\/fr\/wp-json\/wp\/v2\/media?parent=6471"}],"wp:term":[{"taxonomy":"product_brand","embeddable":true,"href":"https:\/\/rckopen.com\/fr\/wp-json\/wp\/v2\/product_brand?post=6471"},{"taxonomy":"product_cat","embeddable":true,"href":"https:\/\/rckopen.com\/fr\/wp-json\/wp\/v2\/product_cat?post=6471"},{"taxonomy":"product_tag","embeddable":true,"href":"https:\/\/rckopen.com\/fr\/wp-json\/wp\/v2\/product_tag?post=6471"}],"curies":[{"name":"wp","href":"https:\/\/api.w.org\/{rel}","templated":true}]}}