{"id":6475,"date":"2023-08-16T05:24:32","date_gmt":"2023-08-16T05:24:32","guid":{"rendered":"https:\/\/diligentplug.com\/chems\/?post_type=product&#038;p=6475"},"modified":"2025-02-04T05:32:10","modified_gmt":"2025-02-04T05:32:10","slug":"mxipr","status":"publish","type":"product","link":"https:\/\/rckopen.com\/fr\/produit\/mxipr\/","title":{"rendered":"Achetez MXiPr en ligne"},"content":{"rendered":"<h1>Achetez MXIPR en ligne<\/h1>\n<p>acheter MXIPR en ligne MXiPr de qualit\u00e9 pour toutes vos recherches scientifiques. Les produits chimiques de recherche MXiPr ont une puret\u00e9 \u2265<a href=\"https:\/\/rckopen.com\/fr\/produit\/3-fa-pellets-50mg\/\">97%<\/a> et ne conviennent pas \u00e0 la consommation humaine.<\/p>\n<p>Le MXiPR ou (Methoxpropamine ou 2-Oco-3\u2032-methoxy-PCiPr) est un produit chimique dissociatif appartenant \u00e0 la classe des produits chimiques Arylcyclohexylamine. Le MXiPr est souvent compar\u00e9 au MXE et au MXPr en raison de leurs similitudes analogiques. Bien que ce produit chimique n'ait pas \u00e9t\u00e9 largement \u00e9tudi\u00e9, plusieurs rapports anecdotiques ont indiqu\u00e9 que les participants ont montr\u00e9 des r\u00e9sultats tr\u00e8s similaires \u00e0 ceux du MXE Acheter du MXIPR en ligne.<\/p>\n<h3>Recherche responsable avec MXiPR<\/h3>\n<p>Effectuez toujours une recherche responsable. Vous devez lire et vous informer avant de faire des recherches sur n'importe quel produit chimique. Il n'y a pas beaucoup d'informations disponibles sur le MXiPR en particulier, mais le Psychonaut Wiki contient des ressources et des informations tr\u00e8s utiles sur le MXPr, dont la structure est tr\u00e8s similaire et qui devrait donc se comporter de la m\u00eame mani\u00e8re.<\/p>\n<p><strong>AVERTISSEMENT Ce produit n'est pas destin\u00e9 \u00e0 un usage humain ou v\u00e9t\u00e9rinaire.<\/strong><\/p>\n<h2>Qu'est-ce que le MXiPR ?<\/h2>\n<p>La structure du MXiPr est tr\u00e8s similaire \u00e0 celle du MXE et du MXPr. Les premi\u00e8res exp\u00e9riences et le retour d'information primaire indiquent qu'il partage de nombreuses caract\u00e9ristiques avec ces compos\u00e9s plus connus.<\/p>\n<p>Bien que peu de recherches aient \u00e9t\u00e9 men\u00e9es sur le MXiPR, on rapporte qu'il produit des effets dissociatifs semblables \u00e0 ceux de la k\u00e9tamine.<\/p>\n<h4><strong>Propri\u00e9t\u00e9s chimiques et effets pharmacologiques<\/strong><\/h4>\n<p>Le MXiPR agirait comme un antagoniste non comp\u00e9titif des r\u00e9cepteurs NMDA, entra\u00eenant une exp\u00e9rience psych\u00e9d\u00e9lique. Au cours d'une activit\u00e9 c\u00e9r\u00e9brale normale, les signaux \u00e9lectriques provenant de la moelle \u00e9pini\u00e8re et des neurones du cerveau doivent passer par les r\u00e9cepteurs NMDA. Lorsqu'un antagoniste est li\u00e9 \u00e0 ces r\u00e9cepteurs, ces impulsions \u00e9lectriques ne passent pas (comme un petit Gandolf antagoniste), ce qui entra\u00eene une perte de communication entre les fonctions c\u00e9r\u00e9brales sup\u00e9rieures et la moelle \u00e9pini\u00e8re. Cette perte de communication temporaire est \u00e0 l'origine de l'\u00e9tat dissociatif.<\/p>\n<p>rckopen.com propose des produits qui ne sont pas destin\u00e9s \u00e0 la consommation humaine. La consommation (involontaire) de ce produit peut avoir des cons\u00e9quences m\u00e9dicales graves.<a href=\"https:\/\/en.wikipedia.org\/wiki\/Methoxpropamine\">.<\/a><\/p>","protected":false},"excerpt":{"rendered":"<p><strong>Nom IUPAC : <\/strong>Chlorhydrate de 2-(isopropylamino)-2-(3-m\u00e9thoxyph\u00e9nyl)-cyclohexanone<\/p>\n<p><strong>Autre nom : <\/strong>Chlorhydrate de MXiPr<\/p>\n<p><strong>Forme : <\/strong>poudre<\/p>\n<p><strong>Analyse RMN : <\/strong>C16H23NO2<\/p>","protected":false},"featured_media":6486,"comment_status":"open","ping_status":"closed","template":"","meta":{"_joinchat":[]},"product_brand":[],"product_cat":[137],"product_tag":[],"class_list":{"0":"post-6475","1":"product","2":"type-product","3":"status-publish","4":"has-post-thumbnail","6":"product_cat-dissociatieven","8":"first","9":"instock","10":"shipping-taxable","11":"purchasable","12":"product-type-variable"},"yoast_head":"<!-- This site is optimized with the Yoast SEO plugin v26.3 - https:\/\/yoast.com\/wordpress\/plugins\/seo\/ -->\n<title>MXIPR online kopen - MXIPR te koop | RC Kopen<\/title>\n<meta name=\"description\" content=\"Wilt u Mxipr online kopen tegen een redelijke prijs? Bezoek onze gerenommeerde online RC Kopen-winkel en koop Mxipr vandaag nog te koop.\" \/>\n<meta name=\"robots\" content=\"index, follow, max-snippet:-1, max-image-preview:large, max-video-preview:-1\" \/>\n<link rel=\"canonical\" href=\"https:\/\/rckopen.com\/fr\/produit\/mxipr\/\" \/>\n<meta property=\"og:locale\" content=\"fr_FR\" \/>\n<meta property=\"og:type\" content=\"article\" \/>\n<meta property=\"og:title\" content=\"MXIPR online kopen - MXIPR te koop | RC Kopen\" \/>\n<meta property=\"og:description\" content=\"Wilt u Mxipr online kopen tegen een redelijke prijs? Bezoek onze gerenommeerde online RC Kopen-winkel en koop Mxipr vandaag nog te koop.\" \/>\n<meta property=\"og:url\" content=\"https:\/\/rckopen.com\/fr\/produit\/mxipr\/\" \/>\n<meta property=\"og:site_name\" content=\"RC Kopen\" \/>\n<meta property=\"article:modified_time\" content=\"2025-02-04T05:32:10+00:00\" \/>\n<meta property=\"og:image\" content=\"https:\/\/rckopen.com\/wp-content\/uploads\/2023\/08\/MXiPr.jpg\" \/>\n\t<meta property=\"og:image:width\" content=\"600\" \/>\n\t<meta property=\"og:image:height\" content=\"600\" \/>\n\t<meta property=\"og:image:type\" content=\"image\/jpeg\" \/>\n<meta name=\"twitter:card\" content=\"summary_large_image\" \/>\n<meta name=\"twitter:label1\" content=\"Dur\u00e9e de lecture estim\u00e9e\" \/>\n\t<meta name=\"twitter:data1\" content=\"2 minutes\" \/>\n<script type=\"application\/ld+json\" class=\"yoast-schema-graph\">{\"@context\":\"https:\/\/schema.org\",\"@graph\":[{\"@type\":\"WebPage\",\"@id\":\"https:\/\/rckopen.com\/product\/mxipr\/\",\"url\":\"https:\/\/rckopen.com\/product\/mxipr\/\",\"name\":\"MXIPR online kopen - MXIPR te koop | RC Kopen\",\"isPartOf\":{\"@id\":\"https:\/\/rckopen.com\/#website\"},\"primaryImageOfPage\":{\"@id\":\"https:\/\/rckopen.com\/product\/mxipr\/#primaryimage\"},\"image\":{\"@id\":\"https:\/\/rckopen.com\/product\/mxipr\/#primaryimage\"},\"thumbnailUrl\":\"https:\/\/rckopen.com\/wp-content\/uploads\/2023\/08\/MXiPr.jpg\",\"datePublished\":\"2023-08-16T05:24:32+00:00\",\"dateModified\":\"2025-02-04T05:32:10+00:00\",\"description\":\"Wilt u Mxipr online kopen tegen een redelijke prijs? Bezoek onze gerenommeerde online RC Kopen-winkel en koop Mxipr vandaag nog te koop.\",\"breadcrumb\":{\"@id\":\"https:\/\/rckopen.com\/product\/mxipr\/#breadcrumb\"},\"inLanguage\":\"fr-FR\",\"potentialAction\":[{\"@type\":\"ReadAction\",\"target\":[\"https:\/\/rckopen.com\/product\/mxipr\/\"]}]},{\"@type\":\"ImageObject\",\"inLanguage\":\"fr-FR\",\"@id\":\"https:\/\/rckopen.com\/product\/mxipr\/#primaryimage\",\"url\":\"https:\/\/rckopen.com\/wp-content\/uploads\/2023\/08\/MXiPr.jpg\",\"contentUrl\":\"https:\/\/rckopen.com\/wp-content\/uploads\/2023\/08\/MXiPr.jpg\",\"width\":600,\"height\":600,\"caption\":\"MXIPR online kopen\"},{\"@type\":\"BreadcrumbList\",\"@id\":\"https:\/\/rckopen.com\/product\/mxipr\/#breadcrumb\",\"itemListElement\":[{\"@type\":\"ListItem\",\"position\":1,\"name\":\"Home\",\"item\":\"https:\/\/rckopen.com\/\"},{\"@type\":\"ListItem\",\"position\":2,\"name\":\"Shop\",\"item\":\"https:\/\/rckopen.com\/shop\/\"},{\"@type\":\"ListItem\",\"position\":3,\"name\":\"MXiPr online kopen\"}]},{\"@type\":\"WebSite\",\"@id\":\"https:\/\/rckopen.com\/#website\",\"url\":\"https:\/\/rckopen.com\/\",\"name\":\"RC Kopen\",\"description\":\"Research Chemicals\",\"potentialAction\":[{\"@type\":\"SearchAction\",\"target\":{\"@type\":\"EntryPoint\",\"urlTemplate\":\"https:\/\/rckopen.com\/?s={search_term_string}\"},\"query-input\":{\"@type\":\"PropertyValueSpecification\",\"valueRequired\":true,\"valueName\":\"search_term_string\"}}],\"inLanguage\":\"fr-FR\"}]}<\/script>\n<!-- \/ Yoast SEO plugin. -->","yoast_head_json":{"title":"MXIPR online kopen - MXIPR te koop | RC Kopen","description":"Wilt u Mxipr online kopen tegen een redelijke prijs? Bezoek onze gerenommeerde online RC Kopen-winkel en koop Mxipr vandaag nog te koop.","robots":{"index":"index","follow":"follow","max-snippet":"max-snippet:-1","max-image-preview":"max-image-preview:large","max-video-preview":"max-video-preview:-1"},"canonical":"https:\/\/rckopen.com\/fr\/produit\/mxipr\/","og_locale":"fr_FR","og_type":"article","og_title":"MXIPR online kopen - MXIPR te koop | RC Kopen","og_description":"Wilt u Mxipr online kopen tegen een redelijke prijs? Bezoek onze gerenommeerde online RC Kopen-winkel en koop Mxipr vandaag nog te koop.","og_url":"https:\/\/rckopen.com\/fr\/produit\/mxipr\/","og_site_name":"RC Kopen","article_modified_time":"2025-02-04T05:32:10+00:00","og_image":[{"width":600,"height":600,"url":"https:\/\/rckopen.com\/wp-content\/uploads\/2023\/08\/MXiPr.jpg","type":"image\/jpeg"}],"twitter_card":"summary_large_image","twitter_misc":{"Dur\u00e9e de lecture estim\u00e9e":"2 minutes"},"schema":{"@context":"https:\/\/schema.org","@graph":[{"@type":"WebPage","@id":"https:\/\/rckopen.com\/product\/mxipr\/","url":"https:\/\/rckopen.com\/product\/mxipr\/","name":"MXIPR online kopen - MXIPR te koop | RC Kopen","isPartOf":{"@id":"https:\/\/rckopen.com\/#website"},"primaryImageOfPage":{"@id":"https:\/\/rckopen.com\/product\/mxipr\/#primaryimage"},"image":{"@id":"https:\/\/rckopen.com\/product\/mxipr\/#primaryimage"},"thumbnailUrl":"https:\/\/rckopen.com\/wp-content\/uploads\/2023\/08\/MXiPr.jpg","datePublished":"2023-08-16T05:24:32+00:00","dateModified":"2025-02-04T05:32:10+00:00","description":"Wilt u Mxipr online kopen tegen een redelijke prijs? Bezoek onze gerenommeerde online RC Kopen-winkel en koop Mxipr vandaag nog te koop.","breadcrumb":{"@id":"https:\/\/rckopen.com\/product\/mxipr\/#breadcrumb"},"inLanguage":"fr-FR","potentialAction":[{"@type":"ReadAction","target":["https:\/\/rckopen.com\/product\/mxipr\/"]}]},{"@type":"ImageObject","inLanguage":"fr-FR","@id":"https:\/\/rckopen.com\/product\/mxipr\/#primaryimage","url":"https:\/\/rckopen.com\/wp-content\/uploads\/2023\/08\/MXiPr.jpg","contentUrl":"https:\/\/rckopen.com\/wp-content\/uploads\/2023\/08\/MXiPr.jpg","width":600,"height":600,"caption":"MXIPR online kopen"},{"@type":"BreadcrumbList","@id":"https:\/\/rckopen.com\/product\/mxipr\/#breadcrumb","itemListElement":[{"@type":"ListItem","position":1,"name":"Home","item":"https:\/\/rckopen.com\/"},{"@type":"ListItem","position":2,"name":"Shop","item":"https:\/\/rckopen.com\/shop\/"},{"@type":"ListItem","position":3,"name":"MXiPr online kopen"}]},{"@type":"WebSite","@id":"https:\/\/rckopen.com\/#website","url":"https:\/\/rckopen.com\/","name":"RC Kopen","description":"Research Chemicals","potentialAction":[{"@type":"SearchAction","target":{"@type":"EntryPoint","urlTemplate":"https:\/\/rckopen.com\/?s={search_term_string}"},"query-input":{"@type":"PropertyValueSpecification","valueRequired":true,"valueName":"search_term_string"}}],"inLanguage":"fr-FR"}]}},"_links":{"self":[{"href":"https:\/\/rckopen.com\/fr\/wp-json\/wp\/v2\/product\/6475","targetHints":{"allow":["GET"]}}],"collection":[{"href":"https:\/\/rckopen.com\/fr\/wp-json\/wp\/v2\/product"}],"about":[{"href":"https:\/\/rckopen.com\/fr\/wp-json\/wp\/v2\/types\/product"}],"replies":[{"embeddable":true,"href":"https:\/\/rckopen.com\/fr\/wp-json\/wp\/v2\/comments?post=6475"}],"wp:featuredmedia":[{"embeddable":true,"href":"https:\/\/rckopen.com\/fr\/wp-json\/wp\/v2\/media\/6486"}],"wp:attachment":[{"href":"https:\/\/rckopen.com\/fr\/wp-json\/wp\/v2\/media?parent=6475"}],"wp:term":[{"taxonomy":"product_brand","embeddable":true,"href":"https:\/\/rckopen.com\/fr\/wp-json\/wp\/v2\/product_brand?post=6475"},{"taxonomy":"product_cat","embeddable":true,"href":"https:\/\/rckopen.com\/fr\/wp-json\/wp\/v2\/product_cat?post=6475"},{"taxonomy":"product_tag","embeddable":true,"href":"https:\/\/rckopen.com\/fr\/wp-json\/wp\/v2\/product_tag?post=6475"}],"curies":[{"name":"wp","href":"https:\/\/api.w.org\/{rel}","templated":true}]}}