{"id":6491,"date":"2023-08-16T05:42:53","date_gmt":"2023-08-16T05:42:53","guid":{"rendered":"https:\/\/diligentplug.com\/chems\/?post_type=product&#038;p=6491"},"modified":"2025-02-04T05:34:46","modified_gmt":"2025-02-04T05:34:46","slug":"mxp","status":"publish","type":"product","link":"https:\/\/rckopen.com\/fr\/produit\/mxp\/","title":{"rendered":"Acheter MXP en ligne"},"content":{"rendered":"<h2>Qu'est-ce que le MXP ?<\/h2>\n<p>Achetez MXP en ligne, curieux \u00e0 propos de MXP\u00a0? <strong>MXP, ou m\u00e9thoxph\u00e9nidine<\/strong>est une substance dissociative synth\u00e9tique. Il appartient \u00e0 la classe des diaryl\u00e9thylamines, un groupe chimiquement apparent\u00e9 \u00e0 d'autres dissociatifs bien connus tels que la k\u00e9tamine et le PCP (phencyclidine). Le MXP a \u00e9t\u00e9 d\u00e9velopp\u00e9 \u00e0 l'origine pour la recherche neurologique et est connu pour sa capacit\u00e9 \u00e0 induire un \u00e9tat de dissociation, dans lequel les utilisateurs peuvent \u00e9prouver un sentiment de d\u00e9connexion ou de s\u00e9paration par rapport \u00e0 leur corps et au monde ext\u00e9rieur<a href=\"https:\/\/en.wikipedia.org\/wiki\/MXP\">.<\/a><\/p>\n<p>Les effets du MXP comprennent souvent des changements de perception, des hallucinations visuelles et auditives et une alt\u00e9ration de l'\u00e9tat de conscience. Il peut \u00e9galement avoir des effets cognitifs et \u00e9motionnels, tels qu'une alt\u00e9ration de la pens\u00e9e et des sentiments d'euphorie ou de d\u00e9tachement. Les exp\u00e9riences avec le MXP peuvent varier consid\u00e9rablement d'un individu \u00e0 l'autre et d\u00e9pendent de facteurs tels que le dosage, l'environnement et la sensibilit\u00e9 personnelle de l'utilisateur<a href=\"https:\/\/rckopen.com\/fr\/\">.<\/a><\/p>\n<h3>Qu'est-ce que la k\u00e9tamine ?<\/h3>\n<p>La k\u00e9tamine est un m\u00e9dicament principalement utilis\u00e9 pour initier et maintenir l'anesth\u00e9sie. Elle induit un \u00e9tat de transe tout en procurant un soulagement de la douleur, une s\u00e9dation et une amn\u00e9sie. Les principales caract\u00e9ristiques de l'anesth\u00e9sie \u00e0 la k\u00e9tamine sont le maintien de la stabilit\u00e9 cardiovasculaire, des r\u00e9flexes des voies respiratoires et parfois de la respiration spontan\u00e9e.<\/p>\n<p>Chimiquement, la k\u00e9tamine est un anesth\u00e9sique dissociatif, appartenant \u00e0 la classe des arylcyclohexylamines, et elle agit principalement en bloquant le r\u00e9cepteur NMDA. Elle poss\u00e8de un ensemble unique de propri\u00e9t\u00e9s psychotropes, notamment l'anesth\u00e9sie, l'analg\u00e9sie et les hallucinations. Parce qu'elle modifie la perception de la vue et du son et induit un sentiment de d\u00e9tachement de l'environnement et de soi-m\u00eame, elle est parfois utilis\u00e9e \u00e0 faible dose comme drogue r\u00e9cr\u00e9ative, souvent connue sous le nom de \"K\", \"Special K\" ou \"Vitamine K\".<\/p>\n<h3>D\u00e9veloppement du MXP<\/h3>\n<p>Le d\u00e9veloppement du MXP fait partie d'une recherche plus large sur les substances dissociatives, dans le but de comprendre leur interaction avec les r\u00e9cepteurs NMDA dans le cerveau. Les chercheurs s'int\u00e9ressent au potentiel du MXP en tant que substance mod\u00e8le pour l'\u00e9tude de la dissociation et \u00e0 ses applications th\u00e9rapeutiques potentielles en psychiatrie.<\/p>\n<p>L'objectif du MXP est d'explorer ses propri\u00e9t\u00e9s uniques, notamment son impact sur la neuroplasticit\u00e9, le soulagement de la douleur et son potentiel pour le traitement des troubles neurologiques.<\/p>\n<p>Note : Le MXP est uniquement destin\u00e9 \u00e0 la recherche et ne doit pas \u00eatre consomm\u00e9 par l'homme.<\/p>\n<h2>Effets du MXP<\/h2>\n<p>Les effets du MXP peuvent varier, mais les exp\u00e9riences les plus courantes sont les suivantes :<\/p>\n<ul>\n<li><strong>Dissociation<\/strong>La maladie d'Alzheimer : un sentiment de d\u00e9connexion du corps et de l'environnement.<\/li>\n<li><strong>Changements cognitifs<\/strong>Les r\u00e9sultats de l'enqu\u00eate ont permis de modifier les perceptions et les processus de pens\u00e9e.<\/li>\n<li><strong>Distorsions visuelles et auditives<\/strong>Les troubles de l'humeur : alt\u00e9ration des perceptions sensorielles.<\/li>\n<li><strong>Sentiment d'euphorie<\/strong>Les personnes \u00e2g\u00e9es sont plus \u00e0 l'aise dans la vie quotidienne : un sentiment de bien-\u00eatre accru.<\/li>\n<\/ul>\n<p>Ces effets peuvent varier en fonction du dosage et des r\u00e9actions individuelles.<\/p>\n<h2>Dosage du MXP<\/h2>\n<ul>\n<li><strong>Dosage de la lumi\u00e8re :<\/strong>\u00a010-20 mg<\/li>\n<li><strong>Posologie habituelle :<\/strong>\u00a020-50 mg<\/li>\n<li><strong>Forte dose :<\/strong>\u00a050-100 mg<\/li>\n<\/ul>\n<h2>Dur\u00e9e des effets du MXP<\/h2>\n<p>La dur\u00e9e des effets du MXP est variable :<\/p>\n<ul>\n<li><strong>D\u00e9but des effets :<\/strong>\u00a030 \u00e0 90 minutes apr\u00e8s l'ingestion.<\/li>\n<li><strong>Effet de pointe :<\/strong>\u00a02 \u00e0 4 heures apr\u00e8s l'ingestion.<\/li>\n<li><strong>Dur\u00e9e totale :<\/strong>\u00a04 \u00e0 8 heures.<\/li>\n<\/ul>\n<p>Cette dur\u00e9e peut varier d'un individu \u00e0 l'autre.<\/p>\n<h2>Pourquoi choisir Professor.co.uk ?<\/h2>\n<p>Si vous \u00eates un chercheur ou un scientifique \u00e0 la recherche des meilleurs produits chimiques de recherche, Professor.nl est la boutique en ligne qu'il vous faut. Le Professeur propose une large gamme de produits de la plus haute qualit\u00e9 au meilleur prix. Achetez MXP en ligne.<\/p>\n<p>Professor.co.uk propose \u00e9galement une livraison rapide, des options de paiement s\u00e9curis\u00e9es et un excellent service client. Professor s'engage \u00e0 respecter la l\u00e9gislation et tous les produits sont fabriqu\u00e9s conform\u00e9ment aux lois et r\u00e9glementations en vigueur.<\/p>\n<h2>Commande et service \u00e0 la client\u00e8le<\/h2>\n<p>Commander sur Professor.co.uk est facile en ligne. Choisissez un mode de paiement en ligne ou optez pour un virement bancaire manuel. Choisissez ensuite l'une des m\u00e9thodes d'exp\u00e9dition disponibles.<\/p>\n<p>Pour toute question, vous pouvez nous joindre pendant les heures de bureau via notre Live chat, Telegram ou par courriel. Pour ce faire, cliquez sur notre Professor bot en bas \u00e0 droite et choisissez ensuite comment nous contacter. Vous obtiendrez toujours une r\u00e9ponse !<\/p>\n<p>Choisissez donc le <strong>van MXP online kopen<\/strong>\u00a0et bonne chance dans vos recherches !\u00a0<i>N'oubliez pas votre s\u00e9curit\u00e9 et prenez suffisamment de repos entre vos investigations Achetez MXP.<\/i><\/p>\n<p>rckopen.com propose des produits qui ne sont pas destin\u00e9s \u00e0 la consommation humaine. La consommation (involontaire) de ce produit peut avoir des cons\u00e9quences m\u00e9dicales graves.<\/p>","protected":false},"excerpt":{"rendered":"<h1>Acheter MXP<\/h1>\n<p>Achetez la meilleure qualit\u00e9 de MXP pour toutes vos recherches scientifiques. Les produits chimiques de recherche MXP ont une puret\u00e9 de \u226597% et ne conviennent pas \u00e0 la consommation humaine.<\/p>\n<p><strong>Nom IUPAC : <\/strong>1-[1-(2-m\u00e9thoxyph\u00e9nyl)-2-ph\u00e9nyl\u00e9thyl]pip\u00e9ridine<\/p>\n<p><strong>CAS # <\/strong>127529-46-8<\/p>\n<p><strong>Autre nom : <\/strong>M\u00e9thoxph\u00e9nidine<\/p>\n<p><strong>Apparence : <\/strong>cristal<\/p>\n<p><strong>Analyse RMN : <\/strong>C20H25NO<\/p>","protected":false},"featured_media":6501,"comment_status":"open","ping_status":"closed","template":"","meta":{"_joinchat":[]},"product_brand":[],"product_cat":[137],"product_tag":[],"class_list":{"0":"post-6491","1":"product","2":"type-product","3":"status-publish","4":"has-post-thumbnail","6":"product_cat-dissociatieven","8":"first","9":"instock","10":"shipping-taxable","11":"purchasable","12":"product-type-variable"},"yoast_head":"<!-- This site is optimized with the Yoast SEO plugin v26.3 - https:\/\/yoast.com\/wordpress\/plugins\/seo\/ -->\n<title>MXP online kopen - MXP te koop | RC Kopen<\/title>\n<meta name=\"description\" content=\"U kunt contact opnemen met onze online winkel en MXP online kopen. We hebben MXP te koop tegen goedkope prijzen. Haal de jouwe meteen bij jou thuis!\" \/>\n<meta name=\"robots\" content=\"index, follow, max-snippet:-1, max-image-preview:large, max-video-preview:-1\" \/>\n<link rel=\"canonical\" href=\"https:\/\/rckopen.com\/fr\/produit\/mxp\/\" \/>\n<meta property=\"og:locale\" content=\"fr_FR\" \/>\n<meta property=\"og:type\" content=\"article\" \/>\n<meta property=\"og:title\" content=\"MXP online kopen - MXP te koop | RC Kopen\" \/>\n<meta property=\"og:description\" content=\"U kunt contact opnemen met onze online winkel en MXP online kopen. We hebben MXP te koop tegen goedkope prijzen. Haal de jouwe meteen bij jou thuis!\" \/>\n<meta property=\"og:url\" content=\"https:\/\/rckopen.com\/fr\/produit\/mxp\/\" \/>\n<meta property=\"og:site_name\" content=\"RC Kopen\" \/>\n<meta property=\"article:modified_time\" content=\"2025-02-04T05:34:46+00:00\" \/>\n<meta property=\"og:image\" content=\"https:\/\/rckopen.com\/wp-content\/uploads\/2023\/08\/MXP.jpg\" \/>\n\t<meta property=\"og:image:width\" content=\"600\" \/>\n\t<meta property=\"og:image:height\" content=\"600\" \/>\n\t<meta property=\"og:image:type\" content=\"image\/jpeg\" \/>\n<meta name=\"twitter:card\" content=\"summary_large_image\" \/>\n<meta name=\"twitter:label1\" content=\"Dur\u00e9e de lecture estim\u00e9e\" \/>\n\t<meta name=\"twitter:data1\" content=\"4 minutes\" \/>\n<script type=\"application\/ld+json\" class=\"yoast-schema-graph\">{\"@context\":\"https:\/\/schema.org\",\"@graph\":[{\"@type\":\"WebPage\",\"@id\":\"https:\/\/rckopen.com\/product\/mxp\/\",\"url\":\"https:\/\/rckopen.com\/product\/mxp\/\",\"name\":\"MXP online kopen - MXP te koop | RC Kopen\",\"isPartOf\":{\"@id\":\"https:\/\/rckopen.com\/#website\"},\"primaryImageOfPage\":{\"@id\":\"https:\/\/rckopen.com\/product\/mxp\/#primaryimage\"},\"image\":{\"@id\":\"https:\/\/rckopen.com\/product\/mxp\/#primaryimage\"},\"thumbnailUrl\":\"https:\/\/rckopen.com\/wp-content\/uploads\/2023\/08\/MXP.jpg\",\"datePublished\":\"2023-08-16T05:42:53+00:00\",\"dateModified\":\"2025-02-04T05:34:46+00:00\",\"description\":\"U kunt contact opnemen met onze online winkel en MXP online kopen. We hebben MXP te koop tegen goedkope prijzen. Haal de jouwe meteen bij jou thuis!\",\"breadcrumb\":{\"@id\":\"https:\/\/rckopen.com\/product\/mxp\/#breadcrumb\"},\"inLanguage\":\"fr-FR\",\"potentialAction\":[{\"@type\":\"ReadAction\",\"target\":[\"https:\/\/rckopen.com\/product\/mxp\/\"]}]},{\"@type\":\"ImageObject\",\"inLanguage\":\"fr-FR\",\"@id\":\"https:\/\/rckopen.com\/product\/mxp\/#primaryimage\",\"url\":\"https:\/\/rckopen.com\/wp-content\/uploads\/2023\/08\/MXP.jpg\",\"contentUrl\":\"https:\/\/rckopen.com\/wp-content\/uploads\/2023\/08\/MXP.jpg\",\"width\":600,\"height\":600,\"caption\":\"MXP online kopen\"},{\"@type\":\"BreadcrumbList\",\"@id\":\"https:\/\/rckopen.com\/product\/mxp\/#breadcrumb\",\"itemListElement\":[{\"@type\":\"ListItem\",\"position\":1,\"name\":\"Home\",\"item\":\"https:\/\/rckopen.com\/\"},{\"@type\":\"ListItem\",\"position\":2,\"name\":\"Shop\",\"item\":\"https:\/\/rckopen.com\/shop\/\"},{\"@type\":\"ListItem\",\"position\":3,\"name\":\"MXP online kopen\"}]},{\"@type\":\"WebSite\",\"@id\":\"https:\/\/rckopen.com\/#website\",\"url\":\"https:\/\/rckopen.com\/\",\"name\":\"RC Kopen\",\"description\":\"Research Chemicals\",\"potentialAction\":[{\"@type\":\"SearchAction\",\"target\":{\"@type\":\"EntryPoint\",\"urlTemplate\":\"https:\/\/rckopen.com\/?s={search_term_string}\"},\"query-input\":{\"@type\":\"PropertyValueSpecification\",\"valueRequired\":true,\"valueName\":\"search_term_string\"}}],\"inLanguage\":\"fr-FR\"}]}<\/script>\n<!-- \/ Yoast SEO plugin. -->","yoast_head_json":{"title":"MXP online kopen - MXP te koop | RC Kopen","description":"U kunt contact opnemen met onze online winkel en MXP online kopen. We hebben MXP te koop tegen goedkope prijzen. Haal de jouwe meteen bij jou thuis!","robots":{"index":"index","follow":"follow","max-snippet":"max-snippet:-1","max-image-preview":"max-image-preview:large","max-video-preview":"max-video-preview:-1"},"canonical":"https:\/\/rckopen.com\/fr\/produit\/mxp\/","og_locale":"fr_FR","og_type":"article","og_title":"MXP online kopen - MXP te koop | RC Kopen","og_description":"U kunt contact opnemen met onze online winkel en MXP online kopen. We hebben MXP te koop tegen goedkope prijzen. Haal de jouwe meteen bij jou thuis!","og_url":"https:\/\/rckopen.com\/fr\/produit\/mxp\/","og_site_name":"RC Kopen","article_modified_time":"2025-02-04T05:34:46+00:00","og_image":[{"width":600,"height":600,"url":"https:\/\/rckopen.com\/wp-content\/uploads\/2023\/08\/MXP.jpg","type":"image\/jpeg"}],"twitter_card":"summary_large_image","twitter_misc":{"Dur\u00e9e de lecture estim\u00e9e":"4 minutes"},"schema":{"@context":"https:\/\/schema.org","@graph":[{"@type":"WebPage","@id":"https:\/\/rckopen.com\/product\/mxp\/","url":"https:\/\/rckopen.com\/product\/mxp\/","name":"MXP online kopen - MXP te koop | RC Kopen","isPartOf":{"@id":"https:\/\/rckopen.com\/#website"},"primaryImageOfPage":{"@id":"https:\/\/rckopen.com\/product\/mxp\/#primaryimage"},"image":{"@id":"https:\/\/rckopen.com\/product\/mxp\/#primaryimage"},"thumbnailUrl":"https:\/\/rckopen.com\/wp-content\/uploads\/2023\/08\/MXP.jpg","datePublished":"2023-08-16T05:42:53+00:00","dateModified":"2025-02-04T05:34:46+00:00","description":"U kunt contact opnemen met onze online winkel en MXP online kopen. We hebben MXP te koop tegen goedkope prijzen. Haal de jouwe meteen bij jou thuis!","breadcrumb":{"@id":"https:\/\/rckopen.com\/product\/mxp\/#breadcrumb"},"inLanguage":"fr-FR","potentialAction":[{"@type":"ReadAction","target":["https:\/\/rckopen.com\/product\/mxp\/"]}]},{"@type":"ImageObject","inLanguage":"fr-FR","@id":"https:\/\/rckopen.com\/product\/mxp\/#primaryimage","url":"https:\/\/rckopen.com\/wp-content\/uploads\/2023\/08\/MXP.jpg","contentUrl":"https:\/\/rckopen.com\/wp-content\/uploads\/2023\/08\/MXP.jpg","width":600,"height":600,"caption":"MXP online kopen"},{"@type":"BreadcrumbList","@id":"https:\/\/rckopen.com\/product\/mxp\/#breadcrumb","itemListElement":[{"@type":"ListItem","position":1,"name":"Home","item":"https:\/\/rckopen.com\/"},{"@type":"ListItem","position":2,"name":"Shop","item":"https:\/\/rckopen.com\/shop\/"},{"@type":"ListItem","position":3,"name":"MXP online kopen"}]},{"@type":"WebSite","@id":"https:\/\/rckopen.com\/#website","url":"https:\/\/rckopen.com\/","name":"RC Kopen","description":"Research Chemicals","potentialAction":[{"@type":"SearchAction","target":{"@type":"EntryPoint","urlTemplate":"https:\/\/rckopen.com\/?s={search_term_string}"},"query-input":{"@type":"PropertyValueSpecification","valueRequired":true,"valueName":"search_term_string"}}],"inLanguage":"fr-FR"}]}},"_links":{"self":[{"href":"https:\/\/rckopen.com\/fr\/wp-json\/wp\/v2\/product\/6491","targetHints":{"allow":["GET"]}}],"collection":[{"href":"https:\/\/rckopen.com\/fr\/wp-json\/wp\/v2\/product"}],"about":[{"href":"https:\/\/rckopen.com\/fr\/wp-json\/wp\/v2\/types\/product"}],"replies":[{"embeddable":true,"href":"https:\/\/rckopen.com\/fr\/wp-json\/wp\/v2\/comments?post=6491"}],"wp:featuredmedia":[{"embeddable":true,"href":"https:\/\/rckopen.com\/fr\/wp-json\/wp\/v2\/media\/6501"}],"wp:attachment":[{"href":"https:\/\/rckopen.com\/fr\/wp-json\/wp\/v2\/media?parent=6491"}],"wp:term":[{"taxonomy":"product_brand","embeddable":true,"href":"https:\/\/rckopen.com\/fr\/wp-json\/wp\/v2\/product_brand?post=6491"},{"taxonomy":"product_cat","embeddable":true,"href":"https:\/\/rckopen.com\/fr\/wp-json\/wp\/v2\/product_cat?post=6491"},{"taxonomy":"product_tag","embeddable":true,"href":"https:\/\/rckopen.com\/fr\/wp-json\/wp\/v2\/product_tag?post=6491"}],"curies":[{"name":"wp","href":"https:\/\/api.w.org\/{rel}","templated":true}]}}