{"id":6492,"date":"2023-08-16T05:44:50","date_gmt":"2023-08-16T05:44:50","guid":{"rendered":"https:\/\/diligentplug.com\/chems\/?post_type=product&#038;p=6492"},"modified":"2025-02-04T07:03:02","modified_gmt":"2025-02-04T07:03:02","slug":"o-pce","status":"publish","type":"product","link":"https:\/\/rckopen.com\/fr\/produit\/o-pce\/","title":{"rendered":"Acheter O-PCE en ligne"},"content":{"rendered":"<h2>O-PCE poeder online kopen in winkel<\/h2>\n<h2>Poudre O-PCE - qu'est-ce que c'est ?<\/h2>\n<p>L'O-PCE, officiellement connu sous le nom de 2-Oxo-PCE ou N-\u00e9thyldeschloroc\u00e9tamine, est un d\u00e9riv\u00e9 de la DCK ou d\u00e9chloroc\u00e9tamine. Il est \u00e9troitement li\u00e9 \u00e0 l'\u00e9thicyclidine ou PCE. L'action de l'\u00e9thyclidine est similaire \u00e0 celle de la phencyclidine ou PCP, un agent dissociatif tr\u00e8s puissant.<a href=\"https:\/\/en.wikipedia.org\/wiki\/2-Oxo-PCE\">.<\/a><\/p>\n<p>Tous ces compos\u00e9s sont des anesth\u00e9siques dissociatifs et appartiennent \u00e0 la classe des compos\u00e9s arylcyclohexylamine. Ces agents remplissent des fonctions similaires, mais leur dur\u00e9e et leur puissance varient consid\u00e9rablement en fonction de la mani\u00e8re dont ils se d\u00e9veloppent<a href=\"https:\/\/rckopen.com\/fr\/produit\/mxipr\/\">.<\/a><\/p>\n<h2>Acheter O-PCE en ligne<\/h2>\n<p>L'O-PCE ou 2-Oxo-PCE est un compos\u00e9 chimique d\u00e9velopp\u00e9 pour imiter les effets de son pr\u00e9d\u00e9cesseur, le PCE. Il s'agit d'un produit chimique relativement nouveau pour lequel tr\u00e8s peu de donn\u00e9es sont disponibles. Acheter O-PCE en ligne.<\/p>\n<h2>O-PCE - comment l'utiliser ?<\/h2>\n<p>Nous ne disposons pas de beaucoup d'informations sur l'O-PCE, en particulier dans la litt\u00e9rature scientifique. Toute personne utilisant cette relation doit \u00eatre prudente. Bien qu'il soit similaire \u00e0 d'autres compos\u00e9s d'arylcyclohexylamine (tels que la k\u00e9tamine et le DCK), cela ne signifie pas n\u00e9cessairement qu'il sera aussi performant ou qu'il aura le m\u00eame profil de s\u00e9curit\u00e9.<\/p>\n<h2>Poudre O-PCE - comment la stocker ?<\/h2>\n<p>Achetez en ligne de l'O-PCE en poudre de la plus haute qualit\u00e9. Conservez la poudre O-PCE dans un endroit frais et sec pour une dur\u00e9e de conservation maximale. Lors de la manipulation de nouveaux mat\u00e9riaux synth\u00e9tiques, des pr\u00e9cautions de laboratoire appropri\u00e9es doivent toujours \u00eatre suivies, telles que l'essuyage des surfaces et le port de gants, d'un masque et de v\u00eatements de protection.<\/p>\n<h2>Poudre de O-PCE - autres informations<\/h2>\n<p>L'O-PCE pr\u00e9sente de nombreuses similitudes avec le DCK et la k\u00e9tamine et aurait des effets antibact\u00e9riens. Cette hypoth\u00e8se n'a toutefois pas \u00e9t\u00e9 v\u00e9rifi\u00e9e.<\/p>\n<p>Comme d'autres substances de la classe des arylcyclohexylamines, l'O-PCE poss\u00e8de un cycle cyclohexanone reli\u00e9 \u00e0 un cycle aromatique et \u00e0 un groupe amino. L'O-PCE contient une cha\u00eene amino-\u00e9thyle attach\u00e9e au carbone alpha adjacent (R2) de l'anneau cyclohexanone.<\/p>\n<p>Structurellement, l'O-PCE est presque identique au DCK, la seule diff\u00e9rence \u00e9tant la longueur de leur cha\u00eene de carbone. La DCK a une cha\u00eene amino-m\u00e9thyle alors que l'O-PCE a une cha\u00eene amino\u00e9thyle. La similarit\u00e9 structurelle et l'extrapolation sugg\u00e8rent que l'O-PCE interagit avec le r\u00e9cepteur NMDA. Il s'agit du m\u00eame m\u00e9canisme par lequel la k\u00e9tamine, le DCK et d'autres arylcyclohexylamines agissent.<\/p>\n<p>rckopen.com propose des produits qui ne sont pas destin\u00e9s \u00e0 la consommation humaine. Si vous consommez ce produit (involontairement), cela peut avoir de graves cons\u00e9quences m\u00e9dicales. O Pce acheter en ligne.<\/p>","protected":false},"excerpt":{"rendered":"<p><strong>Nom IUPAC : <\/strong>2-(\u00e9thylamino)-2-ph\u00e9nyl-cyclohexanone, monohydrochlorure<\/p>\n<p><strong>CAS # <\/strong>4551-92-2<\/p>\n<p><strong>Autre nom : <\/strong>Eticyclidone \/ O-PCE \/ 2-Oxo-PCE<\/p>\n<p><strong>Apparence : <\/strong>cristal<\/p>\n<p><strong>Analyse RMN : <\/strong>C14H19NO - HCl<\/p>","protected":false},"featured_media":6502,"comment_status":"open","ping_status":"closed","template":"","meta":{"_joinchat":[]},"product_brand":[],"product_cat":[137],"product_tag":[],"class_list":{"0":"post-6492","1":"product","2":"type-product","3":"status-publish","4":"has-post-thumbnail","6":"product_cat-dissociatieven","8":"first","9":"instock","10":"shipping-taxable","11":"purchasable","12":"product-type-variable"},"yoast_head":"<!-- This site is optimized with the Yoast SEO plugin v26.3 - https:\/\/yoast.com\/wordpress\/plugins\/seo\/ -->\n<title>O Pce online kopen - O Pce online te koop | RC Kopen<\/title>\n<meta name=\"description\" content=\"Op zoek naar hoogwaardige O Pce te koop? RC kopen is een toonaangevende winkel waar u O Pce online kunt kopen tegen de beste prijs.\" \/>\n<meta name=\"robots\" content=\"index, follow, max-snippet:-1, max-image-preview:large, max-video-preview:-1\" \/>\n<link rel=\"canonical\" href=\"https:\/\/rckopen.com\/fr\/produit\/o-pce\/\" \/>\n<meta property=\"og:locale\" content=\"fr_FR\" \/>\n<meta property=\"og:type\" content=\"article\" \/>\n<meta property=\"og:title\" content=\"O Pce online kopen - O Pce online te koop | RC Kopen\" \/>\n<meta property=\"og:description\" content=\"Op zoek naar hoogwaardige O Pce te koop? RC kopen is een toonaangevende winkel waar u O Pce online kunt kopen tegen de beste prijs.\" \/>\n<meta property=\"og:url\" content=\"https:\/\/rckopen.com\/fr\/produit\/o-pce\/\" \/>\n<meta property=\"og:site_name\" content=\"RC Kopen\" \/>\n<meta property=\"article:modified_time\" content=\"2025-02-04T07:03:02+00:00\" \/>\n<meta property=\"og:image\" content=\"https:\/\/rckopen.com\/wp-content\/uploads\/2023\/08\/O-PCE.jpg\" \/>\n\t<meta property=\"og:image:width\" content=\"600\" \/>\n\t<meta property=\"og:image:height\" content=\"600\" \/>\n\t<meta property=\"og:image:type\" content=\"image\/jpeg\" \/>\n<meta name=\"twitter:card\" content=\"summary_large_image\" \/>\n<meta name=\"twitter:label1\" content=\"Dur\u00e9e de lecture estim\u00e9e\" \/>\n\t<meta name=\"twitter:data1\" content=\"2 minutes\" \/>\n<script type=\"application\/ld+json\" class=\"yoast-schema-graph\">{\"@context\":\"https:\/\/schema.org\",\"@graph\":[{\"@type\":\"WebPage\",\"@id\":\"https:\/\/rckopen.com\/product\/o-pce\/\",\"url\":\"https:\/\/rckopen.com\/product\/o-pce\/\",\"name\":\"O Pce online kopen - O Pce online te koop | RC Kopen\",\"isPartOf\":{\"@id\":\"https:\/\/rckopen.com\/#website\"},\"primaryImageOfPage\":{\"@id\":\"https:\/\/rckopen.com\/product\/o-pce\/#primaryimage\"},\"image\":{\"@id\":\"https:\/\/rckopen.com\/product\/o-pce\/#primaryimage\"},\"thumbnailUrl\":\"https:\/\/rckopen.com\/wp-content\/uploads\/2023\/08\/O-PCE.jpg\",\"datePublished\":\"2023-08-16T05:44:50+00:00\",\"dateModified\":\"2025-02-04T07:03:02+00:00\",\"description\":\"Op zoek naar hoogwaardige O Pce te koop? RC kopen is een toonaangevende winkel waar u O Pce online kunt kopen tegen de beste prijs.\",\"breadcrumb\":{\"@id\":\"https:\/\/rckopen.com\/product\/o-pce\/#breadcrumb\"},\"inLanguage\":\"fr-FR\",\"potentialAction\":[{\"@type\":\"ReadAction\",\"target\":[\"https:\/\/rckopen.com\/product\/o-pce\/\"]}]},{\"@type\":\"ImageObject\",\"inLanguage\":\"fr-FR\",\"@id\":\"https:\/\/rckopen.com\/product\/o-pce\/#primaryimage\",\"url\":\"https:\/\/rckopen.com\/wp-content\/uploads\/2023\/08\/O-PCE.jpg\",\"contentUrl\":\"https:\/\/rckopen.com\/wp-content\/uploads\/2023\/08\/O-PCE.jpg\",\"width\":600,\"height\":600,\"caption\":\"O-PCE online kopen\"},{\"@type\":\"BreadcrumbList\",\"@id\":\"https:\/\/rckopen.com\/product\/o-pce\/#breadcrumb\",\"itemListElement\":[{\"@type\":\"ListItem\",\"position\":1,\"name\":\"Home\",\"item\":\"https:\/\/rckopen.com\/\"},{\"@type\":\"ListItem\",\"position\":2,\"name\":\"Shop\",\"item\":\"https:\/\/rckopen.com\/shop\/\"},{\"@type\":\"ListItem\",\"position\":3,\"name\":\"O-PCE online kopen\"}]},{\"@type\":\"WebSite\",\"@id\":\"https:\/\/rckopen.com\/#website\",\"url\":\"https:\/\/rckopen.com\/\",\"name\":\"RC Kopen\",\"description\":\"Research Chemicals\",\"potentialAction\":[{\"@type\":\"SearchAction\",\"target\":{\"@type\":\"EntryPoint\",\"urlTemplate\":\"https:\/\/rckopen.com\/?s={search_term_string}\"},\"query-input\":{\"@type\":\"PropertyValueSpecification\",\"valueRequired\":true,\"valueName\":\"search_term_string\"}}],\"inLanguage\":\"fr-FR\"}]}<\/script>\n<!-- \/ Yoast SEO plugin. -->","yoast_head_json":{"title":"O Pce online kopen - O Pce online te koop | RC Kopen","description":"Op zoek naar hoogwaardige O Pce te koop? RC kopen is een toonaangevende winkel waar u O Pce online kunt kopen tegen de beste prijs.","robots":{"index":"index","follow":"follow","max-snippet":"max-snippet:-1","max-image-preview":"max-image-preview:large","max-video-preview":"max-video-preview:-1"},"canonical":"https:\/\/rckopen.com\/fr\/produit\/o-pce\/","og_locale":"fr_FR","og_type":"article","og_title":"O Pce online kopen - O Pce online te koop | RC Kopen","og_description":"Op zoek naar hoogwaardige O Pce te koop? RC kopen is een toonaangevende winkel waar u O Pce online kunt kopen tegen de beste prijs.","og_url":"https:\/\/rckopen.com\/fr\/produit\/o-pce\/","og_site_name":"RC Kopen","article_modified_time":"2025-02-04T07:03:02+00:00","og_image":[{"width":600,"height":600,"url":"https:\/\/rckopen.com\/wp-content\/uploads\/2023\/08\/O-PCE.jpg","type":"image\/jpeg"}],"twitter_card":"summary_large_image","twitter_misc":{"Dur\u00e9e de lecture estim\u00e9e":"2 minutes"},"schema":{"@context":"https:\/\/schema.org","@graph":[{"@type":"WebPage","@id":"https:\/\/rckopen.com\/product\/o-pce\/","url":"https:\/\/rckopen.com\/product\/o-pce\/","name":"O Pce online kopen - O Pce online te koop | RC Kopen","isPartOf":{"@id":"https:\/\/rckopen.com\/#website"},"primaryImageOfPage":{"@id":"https:\/\/rckopen.com\/product\/o-pce\/#primaryimage"},"image":{"@id":"https:\/\/rckopen.com\/product\/o-pce\/#primaryimage"},"thumbnailUrl":"https:\/\/rckopen.com\/wp-content\/uploads\/2023\/08\/O-PCE.jpg","datePublished":"2023-08-16T05:44:50+00:00","dateModified":"2025-02-04T07:03:02+00:00","description":"Op zoek naar hoogwaardige O Pce te koop? RC kopen is een toonaangevende winkel waar u O Pce online kunt kopen tegen de beste prijs.","breadcrumb":{"@id":"https:\/\/rckopen.com\/product\/o-pce\/#breadcrumb"},"inLanguage":"fr-FR","potentialAction":[{"@type":"ReadAction","target":["https:\/\/rckopen.com\/product\/o-pce\/"]}]},{"@type":"ImageObject","inLanguage":"fr-FR","@id":"https:\/\/rckopen.com\/product\/o-pce\/#primaryimage","url":"https:\/\/rckopen.com\/wp-content\/uploads\/2023\/08\/O-PCE.jpg","contentUrl":"https:\/\/rckopen.com\/wp-content\/uploads\/2023\/08\/O-PCE.jpg","width":600,"height":600,"caption":"O-PCE online kopen"},{"@type":"BreadcrumbList","@id":"https:\/\/rckopen.com\/product\/o-pce\/#breadcrumb","itemListElement":[{"@type":"ListItem","position":1,"name":"Home","item":"https:\/\/rckopen.com\/"},{"@type":"ListItem","position":2,"name":"Shop","item":"https:\/\/rckopen.com\/shop\/"},{"@type":"ListItem","position":3,"name":"O-PCE online kopen"}]},{"@type":"WebSite","@id":"https:\/\/rckopen.com\/#website","url":"https:\/\/rckopen.com\/","name":"RC Kopen","description":"Research Chemicals","potentialAction":[{"@type":"SearchAction","target":{"@type":"EntryPoint","urlTemplate":"https:\/\/rckopen.com\/?s={search_term_string}"},"query-input":{"@type":"PropertyValueSpecification","valueRequired":true,"valueName":"search_term_string"}}],"inLanguage":"fr-FR"}]}},"_links":{"self":[{"href":"https:\/\/rckopen.com\/fr\/wp-json\/wp\/v2\/product\/6492","targetHints":{"allow":["GET"]}}],"collection":[{"href":"https:\/\/rckopen.com\/fr\/wp-json\/wp\/v2\/product"}],"about":[{"href":"https:\/\/rckopen.com\/fr\/wp-json\/wp\/v2\/types\/product"}],"replies":[{"embeddable":true,"href":"https:\/\/rckopen.com\/fr\/wp-json\/wp\/v2\/comments?post=6492"}],"wp:featuredmedia":[{"embeddable":true,"href":"https:\/\/rckopen.com\/fr\/wp-json\/wp\/v2\/media\/6502"}],"wp:attachment":[{"href":"https:\/\/rckopen.com\/fr\/wp-json\/wp\/v2\/media?parent=6492"}],"wp:term":[{"taxonomy":"product_brand","embeddable":true,"href":"https:\/\/rckopen.com\/fr\/wp-json\/wp\/v2\/product_brand?post=6492"},{"taxonomy":"product_cat","embeddable":true,"href":"https:\/\/rckopen.com\/fr\/wp-json\/wp\/v2\/product_cat?post=6492"},{"taxonomy":"product_tag","embeddable":true,"href":"https:\/\/rckopen.com\/fr\/wp-json\/wp\/v2\/product_tag?post=6492"}],"curies":[{"name":"wp","href":"https:\/\/api.w.org\/{rel}","templated":true}]}}