{"id":6515,"date":"2023-08-16T06:40:57","date_gmt":"2023-08-16T06:40:57","guid":{"rendered":"https:\/\/diligentplug.com\/chems\/?post_type=product&#038;p=6515"},"modified":"2023-09-14T09:53:26","modified_gmt":"2023-09-14T09:53:26","slug":"white-vein-horn","status":"publish","type":"product","link":"https:\/\/rckopen.com\/fr\/produit\/corne-de-veine-blanche\/","title":{"rendered":"Corne de veine blanche"},"content":{"rendered":"<p>rckopen.com propose des produits qui ne sont pas destin\u00e9s \u00e0 la consommation humaine. La consommation (involontaire) de ce produit peut avoir des cons\u00e9quences m\u00e9dicales graves.<\/p>","protected":false},"excerpt":{"rendered":"<p><strong>Forme : <\/strong>poudre<\/p>\n<p><strong>Analyse RMN : <\/strong>N\/A<\/p>","protected":false},"featured_media":6536,"comment_status":"open","ping_status":"closed","template":"","meta":{"_joinchat":[]},"product_brand":[],"product_cat":[139],"product_tag":[],"class_list":{"0":"post-6515","1":"product","2":"type-product","3":"status-publish","4":"has-post-thumbnail","6":"product_cat-kratom","8":"first","9":"instock","10":"shipping-taxable","11":"purchasable","12":"product-type-variable"},"yoast_head":"<!-- This site is optimized with the Yoast SEO plugin v26.3 - https:\/\/yoast.com\/wordpress\/plugins\/seo\/ -->\n<title>Koop White Vein Horn online - White Vein Horn te koop<\/title>\n<meta name=\"description\" content=\"Als je White Vein Horn online wilt kopen, dan is een bezoek aan onze online RC Kopen winkel de beste optie. Wij hebben White Vein Horn te koop. Plaats nu uw bestelling!\" \/>\n<meta name=\"robots\" content=\"index, follow, max-snippet:-1, max-image-preview:large, max-video-preview:-1\" \/>\n<link rel=\"canonical\" href=\"https:\/\/rckopen.com\/fr\/produit\/corne-de-veine-blanche\/\" \/>\n<meta property=\"og:locale\" content=\"fr_FR\" \/>\n<meta property=\"og:type\" content=\"article\" \/>\n<meta property=\"og:title\" content=\"Koop White Vein Horn online - White Vein Horn te koop\" \/>\n<meta property=\"og:description\" content=\"Als je White Vein Horn online wilt kopen, dan is een bezoek aan onze online RC Kopen winkel de beste optie. Wij hebben White Vein Horn te koop. Plaats nu uw bestelling!\" \/>\n<meta property=\"og:url\" content=\"https:\/\/rckopen.com\/fr\/produit\/corne-de-veine-blanche\/\" \/>\n<meta property=\"og:site_name\" content=\"RC Kopen\" \/>\n<meta property=\"article:modified_time\" content=\"2023-09-14T09:53:26+00:00\" \/>\n<meta property=\"og:image\" content=\"https:\/\/rckopen.com\/wp-content\/uploads\/2023\/08\/White-Vein-Horn.jpg\" \/>\n\t<meta property=\"og:image:width\" content=\"600\" \/>\n\t<meta property=\"og:image:height\" content=\"600\" \/>\n\t<meta property=\"og:image:type\" content=\"image\/jpeg\" \/>\n<meta name=\"twitter:card\" content=\"summary_large_image\" \/>\n<meta name=\"twitter:label1\" content=\"Dur\u00e9e de lecture estim\u00e9e\" \/>\n\t<meta name=\"twitter:data1\" content=\"1 minute\" \/>\n<script type=\"application\/ld+json\" class=\"yoast-schema-graph\">{\"@context\":\"https:\/\/schema.org\",\"@graph\":[{\"@type\":\"WebPage\",\"@id\":\"https:\/\/rckopen.com\/product\/white-vein-horn\/\",\"url\":\"https:\/\/rckopen.com\/product\/white-vein-horn\/\",\"name\":\"Koop White Vein Horn online - White Vein Horn te koop\",\"isPartOf\":{\"@id\":\"https:\/\/rckopen.com\/#website\"},\"primaryImageOfPage\":{\"@id\":\"https:\/\/rckopen.com\/product\/white-vein-horn\/#primaryimage\"},\"image\":{\"@id\":\"https:\/\/rckopen.com\/product\/white-vein-horn\/#primaryimage\"},\"thumbnailUrl\":\"https:\/\/rckopen.com\/wp-content\/uploads\/2023\/08\/White-Vein-Horn.jpg\",\"datePublished\":\"2023-08-16T06:40:57+00:00\",\"dateModified\":\"2023-09-14T09:53:26+00:00\",\"description\":\"Als je White Vein Horn online wilt kopen, dan is een bezoek aan onze online RC Kopen winkel de beste optie. Wij hebben White Vein Horn te koop. Plaats nu uw bestelling!\",\"breadcrumb\":{\"@id\":\"https:\/\/rckopen.com\/product\/white-vein-horn\/#breadcrumb\"},\"inLanguage\":\"fr-FR\",\"potentialAction\":[{\"@type\":\"ReadAction\",\"target\":[\"https:\/\/rckopen.com\/product\/white-vein-horn\/\"]}]},{\"@type\":\"ImageObject\",\"inLanguage\":\"fr-FR\",\"@id\":\"https:\/\/rckopen.com\/product\/white-vein-horn\/#primaryimage\",\"url\":\"https:\/\/rckopen.com\/wp-content\/uploads\/2023\/08\/White-Vein-Horn.jpg\",\"contentUrl\":\"https:\/\/rckopen.com\/wp-content\/uploads\/2023\/08\/White-Vein-Horn.jpg\",\"width\":600,\"height\":600,\"caption\":\"White-Vein-Horn Online Kopen\"},{\"@type\":\"BreadcrumbList\",\"@id\":\"https:\/\/rckopen.com\/product\/white-vein-horn\/#breadcrumb\",\"itemListElement\":[{\"@type\":\"ListItem\",\"position\":1,\"name\":\"Home\",\"item\":\"https:\/\/rckopen.com\/\"},{\"@type\":\"ListItem\",\"position\":2,\"name\":\"Shop\",\"item\":\"https:\/\/rckopen.com\/shop\/\"},{\"@type\":\"ListItem\",\"position\":3,\"name\":\"White Vein Horn\"}]},{\"@type\":\"WebSite\",\"@id\":\"https:\/\/rckopen.com\/#website\",\"url\":\"https:\/\/rckopen.com\/\",\"name\":\"RC Kopen\",\"description\":\"Research Chemicals\",\"potentialAction\":[{\"@type\":\"SearchAction\",\"target\":{\"@type\":\"EntryPoint\",\"urlTemplate\":\"https:\/\/rckopen.com\/?s={search_term_string}\"},\"query-input\":{\"@type\":\"PropertyValueSpecification\",\"valueRequired\":true,\"valueName\":\"search_term_string\"}}],\"inLanguage\":\"fr-FR\"}]}<\/script>\n<!-- \/ Yoast SEO plugin. -->","yoast_head_json":{"title":"Koop White Vein Horn online - White Vein Horn te koop","description":"Als je White Vein Horn online wilt kopen, dan is een bezoek aan onze online RC Kopen winkel de beste optie. Wij hebben White Vein Horn te koop. Plaats nu uw bestelling!","robots":{"index":"index","follow":"follow","max-snippet":"max-snippet:-1","max-image-preview":"max-image-preview:large","max-video-preview":"max-video-preview:-1"},"canonical":"https:\/\/rckopen.com\/fr\/produit\/corne-de-veine-blanche\/","og_locale":"fr_FR","og_type":"article","og_title":"Koop White Vein Horn online - White Vein Horn te koop","og_description":"Als je White Vein Horn online wilt kopen, dan is een bezoek aan onze online RC Kopen winkel de beste optie. Wij hebben White Vein Horn te koop. Plaats nu uw bestelling!","og_url":"https:\/\/rckopen.com\/fr\/produit\/corne-de-veine-blanche\/","og_site_name":"RC Kopen","article_modified_time":"2023-09-14T09:53:26+00:00","og_image":[{"width":600,"height":600,"url":"https:\/\/rckopen.com\/wp-content\/uploads\/2023\/08\/White-Vein-Horn.jpg","type":"image\/jpeg"}],"twitter_card":"summary_large_image","twitter_misc":{"Dur\u00e9e de lecture estim\u00e9e":"1 minute"},"schema":{"@context":"https:\/\/schema.org","@graph":[{"@type":"WebPage","@id":"https:\/\/rckopen.com\/product\/white-vein-horn\/","url":"https:\/\/rckopen.com\/product\/white-vein-horn\/","name":"Koop White Vein Horn online - White Vein Horn te koop","isPartOf":{"@id":"https:\/\/rckopen.com\/#website"},"primaryImageOfPage":{"@id":"https:\/\/rckopen.com\/product\/white-vein-horn\/#primaryimage"},"image":{"@id":"https:\/\/rckopen.com\/product\/white-vein-horn\/#primaryimage"},"thumbnailUrl":"https:\/\/rckopen.com\/wp-content\/uploads\/2023\/08\/White-Vein-Horn.jpg","datePublished":"2023-08-16T06:40:57+00:00","dateModified":"2023-09-14T09:53:26+00:00","description":"Als je White Vein Horn online wilt kopen, dan is een bezoek aan onze online RC Kopen winkel de beste optie. Wij hebben White Vein Horn te koop. Plaats nu uw bestelling!","breadcrumb":{"@id":"https:\/\/rckopen.com\/product\/white-vein-horn\/#breadcrumb"},"inLanguage":"fr-FR","potentialAction":[{"@type":"ReadAction","target":["https:\/\/rckopen.com\/product\/white-vein-horn\/"]}]},{"@type":"ImageObject","inLanguage":"fr-FR","@id":"https:\/\/rckopen.com\/product\/white-vein-horn\/#primaryimage","url":"https:\/\/rckopen.com\/wp-content\/uploads\/2023\/08\/White-Vein-Horn.jpg","contentUrl":"https:\/\/rckopen.com\/wp-content\/uploads\/2023\/08\/White-Vein-Horn.jpg","width":600,"height":600,"caption":"White-Vein-Horn Online Kopen"},{"@type":"BreadcrumbList","@id":"https:\/\/rckopen.com\/product\/white-vein-horn\/#breadcrumb","itemListElement":[{"@type":"ListItem","position":1,"name":"Home","item":"https:\/\/rckopen.com\/"},{"@type":"ListItem","position":2,"name":"Shop","item":"https:\/\/rckopen.com\/shop\/"},{"@type":"ListItem","position":3,"name":"White Vein Horn"}]},{"@type":"WebSite","@id":"https:\/\/rckopen.com\/#website","url":"https:\/\/rckopen.com\/","name":"RC Kopen","description":"Research Chemicals","potentialAction":[{"@type":"SearchAction","target":{"@type":"EntryPoint","urlTemplate":"https:\/\/rckopen.com\/?s={search_term_string}"},"query-input":{"@type":"PropertyValueSpecification","valueRequired":true,"valueName":"search_term_string"}}],"inLanguage":"fr-FR"}]}},"_links":{"self":[{"href":"https:\/\/rckopen.com\/fr\/wp-json\/wp\/v2\/product\/6515","targetHints":{"allow":["GET"]}}],"collection":[{"href":"https:\/\/rckopen.com\/fr\/wp-json\/wp\/v2\/product"}],"about":[{"href":"https:\/\/rckopen.com\/fr\/wp-json\/wp\/v2\/types\/product"}],"replies":[{"embeddable":true,"href":"https:\/\/rckopen.com\/fr\/wp-json\/wp\/v2\/comments?post=6515"}],"wp:featuredmedia":[{"embeddable":true,"href":"https:\/\/rckopen.com\/fr\/wp-json\/wp\/v2\/media\/6536"}],"wp:attachment":[{"href":"https:\/\/rckopen.com\/fr\/wp-json\/wp\/v2\/media?parent=6515"}],"wp:term":[{"taxonomy":"product_brand","embeddable":true,"href":"https:\/\/rckopen.com\/fr\/wp-json\/wp\/v2\/product_brand?post=6515"},{"taxonomy":"product_cat","embeddable":true,"href":"https:\/\/rckopen.com\/fr\/wp-json\/wp\/v2\/product_cat?post=6515"},{"taxonomy":"product_tag","embeddable":true,"href":"https:\/\/rckopen.com\/fr\/wp-json\/wp\/v2\/product_tag?post=6515"}],"curies":[{"name":"wp","href":"https:\/\/api.w.org\/{rel}","templated":true}]}}