{"id":6528,"date":"2023-08-16T06:43:55","date_gmt":"2023-08-16T06:43:55","guid":{"rendered":"https:\/\/diligentplug.com\/chems\/?post_type=product&#038;p=6528"},"modified":"2025-02-06T05:30:44","modified_gmt":"2025-02-06T05:30:44","slug":"green-sulawesi","status":"publish","type":"product","link":"https:\/\/rckopen.com\/fr\/produit\/green-sulawesi\/","title":{"rendered":"Achetez du Sulawesi vert en ligne"},"content":{"rendered":"<h2>Achetez du Sulawesi vert en ligne<\/h2>\n<p>Comling GmbH, Neue Bahnhofstr. 4a, 75056 Sulzfeld, Allemagne, www.kratomdudes.com, Directeur g\u00e9n\u00e9ral : Bj\u00f6rn Lingnau, Num\u00e9ro de TVA : DE364875247, Tribunal de district de Mannheim, Num\u00e9ro d'enregistrement : HRB 749487<\/p>\n<p>Directeur g\u00e9n\u00e9ral : Bj\u00f6rn Lingnau, num\u00e9ro de TVA : DE364875247, tribunal d'enregistrement : tribunal de district de Mannheim, num\u00e9ro d'enregistrement : HRB 749487, responsable : Compling GmbH, Neue Bahnhofstr. 4a, 75056 Sulzfeld, Allemagne, info@kratomdudes.com<\/p>\n<p>Informations et conditions de vente : Le pigment colorant v\u00e9g\u00e9tal convient uniquement pour colorer ou peindre.<\/p>\n<p>Les yeux ne doivent pas entrer en contact avec les pigments de couleur. En cas de contact avec les yeux, rincez-les \u00e0 l'eau claire. Si l'irritation persiste, consultez un m\u00e9decin.<\/p>\n<p>Comme il s'agit d'une poudre fine, les pigments de couleur ne doivent pas p\u00e9n\u00e9trer dans les poumons. En cas d'inhalation, lavez-vous la bouche ou le nez \u00e0 l'eau claire. Si l'irritation persiste, consultez un m\u00e9decin.<\/p>\n<p>Le pigment de couleur est uniquement destin\u00e9 aux artistes qui souhaitent cr\u00e9er de superbes peintures ou pour colorer des textiles, des c\u00e9ramiques, des bougies, etc. Il n'est pas propre \u00e0 la consommation humaine. Des instructions sont disponibles sur l'emballage et sur notre site Web.<\/p>\n<p>Gardez les enfants loin des pigments de couleur.<\/p>\n<p>Seules les personnes de plus de dix-huit ans sont autoris\u00e9es \u00e0 utiliser le pigment de couleur. Ne convient pas aux enfants et aux adolescents. Instructions d'utilisation :<\/p>\n<p>\u00c9tape 1 : la couleur initiale commence toujours par la couleur blanche. Par exemple, m\u00e9langez 15 millilitres d'eau avec 5 grammes de pigment de couleur. Remuez jusqu'\u00e0 ce qu'une mousse commence \u00e0 se former. La couleur peut maintenant \u00eatre peinte.<\/p>\n<p>Deuxi\u00e8me \u00e9tape : la tonalit\u00e9 des couleurs<br \/>\nUtilisez une couleur vive si vous souhaitez un ton rose. La deuxi\u00e8me couleur est le rouge. \u00c9tape 3 : M\u00e9langez le test<br \/>\nM\u00e9langez trois parties de blanc et quatre parties de cramoisi. Faites confiance \u00e0 l'intensit\u00e9 de la couleur.<\/p>\n<p>\u00c9tape XNUMX : M\u00e9langez la teinte Si vous \u00eates satisfait de votre m\u00e9lange test, appliquez le m\u00eame rapport et faites tourner le tout.Conseil : La peinture doit toujours \u00eatre conserv\u00e9e dans un endroit sec et sombre.<\/p>","protected":false},"excerpt":{"rendered":"<p><strong>Forme : <\/strong>poudre<\/p>\n<p><strong>Analyse RMN : <\/strong>N\/A<\/p>","protected":false},"featured_media":6540,"comment_status":"open","ping_status":"closed","template":"","meta":{"_joinchat":[]},"product_brand":[],"product_cat":[139],"product_tag":[],"class_list":{"0":"post-6528","1":"product","2":"type-product","3":"status-publish","4":"has-post-thumbnail","6":"product_cat-kratom","8":"first","9":"instock","10":"shipping-taxable","11":"purchasable","12":"product-type-variable"},"yoast_head":"<!-- This site is optimized with the Yoast SEO plugin v26.3 - https:\/\/yoast.com\/wordpress\/plugins\/seo\/ -->\n<title>Green Sulawesi Online kopen - Green Sulawesi te koop | RC Kopen<\/title>\n<meta name=\"description\" content=\"Wilt u Groen Sulawesi online kopen tegen een redelijke prijs? Bezoek onze gerenommeerde online RC Kopen-winkel en koop vandaag nog Green Sulawesi. Plaats nu een bestelling en ontvang de beste prijs in onze winkel.\" \/>\n<meta name=\"robots\" content=\"index, follow, max-snippet:-1, max-image-preview:large, max-video-preview:-1\" \/>\n<link rel=\"canonical\" href=\"https:\/\/rckopen.com\/fr\/produit\/green-sulawesi\/\" \/>\n<meta property=\"og:locale\" content=\"fr_FR\" \/>\n<meta property=\"og:type\" content=\"article\" \/>\n<meta property=\"og:title\" content=\"Green Sulawesi Online kopen - Green Sulawesi te koop | RC Kopen\" \/>\n<meta property=\"og:description\" content=\"Wilt u Groen Sulawesi online kopen tegen een redelijke prijs? Bezoek onze gerenommeerde online RC Kopen-winkel en koop vandaag nog Green Sulawesi. Plaats nu een bestelling en ontvang de beste prijs in onze winkel.\" \/>\n<meta property=\"og:url\" content=\"https:\/\/rckopen.com\/fr\/produit\/green-sulawesi\/\" \/>\n<meta property=\"og:site_name\" content=\"RC Kopen\" \/>\n<meta property=\"article:modified_time\" content=\"2025-02-06T05:30:44+00:00\" \/>\n<meta property=\"og:image\" content=\"https:\/\/rckopen.com\/wp-content\/uploads\/2023\/08\/Green-Sulawesi.jpg\" \/>\n\t<meta property=\"og:image:width\" content=\"600\" \/>\n\t<meta property=\"og:image:height\" content=\"600\" \/>\n\t<meta property=\"og:image:type\" content=\"image\/jpeg\" \/>\n<meta name=\"twitter:card\" content=\"summary_large_image\" \/>\n<meta name=\"twitter:label1\" content=\"Dur\u00e9e de lecture estim\u00e9e\" \/>\n\t<meta name=\"twitter:data1\" content=\"2 minutes\" \/>\n<script type=\"application\/ld+json\" class=\"yoast-schema-graph\">{\"@context\":\"https:\/\/schema.org\",\"@graph\":[{\"@type\":\"WebPage\",\"@id\":\"https:\/\/rckopen.com\/product\/green-sulawesi\/\",\"url\":\"https:\/\/rckopen.com\/product\/green-sulawesi\/\",\"name\":\"Green Sulawesi Online kopen - Green Sulawesi te koop | RC Kopen\",\"isPartOf\":{\"@id\":\"https:\/\/rckopen.com\/#website\"},\"primaryImageOfPage\":{\"@id\":\"https:\/\/rckopen.com\/product\/green-sulawesi\/#primaryimage\"},\"image\":{\"@id\":\"https:\/\/rckopen.com\/product\/green-sulawesi\/#primaryimage\"},\"thumbnailUrl\":\"https:\/\/rckopen.com\/wp-content\/uploads\/2023\/08\/Green-Sulawesi.jpg\",\"datePublished\":\"2023-08-16T06:43:55+00:00\",\"dateModified\":\"2025-02-06T05:30:44+00:00\",\"description\":\"Wilt u Groen Sulawesi online kopen tegen een redelijke prijs? Bezoek onze gerenommeerde online RC Kopen-winkel en koop vandaag nog Green Sulawesi. Plaats nu een bestelling en ontvang de beste prijs in onze winkel.\",\"breadcrumb\":{\"@id\":\"https:\/\/rckopen.com\/product\/green-sulawesi\/#breadcrumb\"},\"inLanguage\":\"fr-FR\",\"potentialAction\":[{\"@type\":\"ReadAction\",\"target\":[\"https:\/\/rckopen.com\/product\/green-sulawesi\/\"]}]},{\"@type\":\"ImageObject\",\"inLanguage\":\"fr-FR\",\"@id\":\"https:\/\/rckopen.com\/product\/green-sulawesi\/#primaryimage\",\"url\":\"https:\/\/rckopen.com\/wp-content\/uploads\/2023\/08\/Green-Sulawesi.jpg\",\"contentUrl\":\"https:\/\/rckopen.com\/wp-content\/uploads\/2023\/08\/Green-Sulawesi.jpg\",\"width\":600,\"height\":600,\"caption\":\"Green-Sulawesi online kopen\"},{\"@type\":\"BreadcrumbList\",\"@id\":\"https:\/\/rckopen.com\/product\/green-sulawesi\/#breadcrumb\",\"itemListElement\":[{\"@type\":\"ListItem\",\"position\":1,\"name\":\"Home\",\"item\":\"https:\/\/rckopen.com\/\"},{\"@type\":\"ListItem\",\"position\":2,\"name\":\"Shop\",\"item\":\"https:\/\/rckopen.com\/shop\/\"},{\"@type\":\"ListItem\",\"position\":3,\"name\":\"Green Sulawesi online kopen\"}]},{\"@type\":\"WebSite\",\"@id\":\"https:\/\/rckopen.com\/#website\",\"url\":\"https:\/\/rckopen.com\/\",\"name\":\"RC Kopen\",\"description\":\"Research Chemicals\",\"potentialAction\":[{\"@type\":\"SearchAction\",\"target\":{\"@type\":\"EntryPoint\",\"urlTemplate\":\"https:\/\/rckopen.com\/?s={search_term_string}\"},\"query-input\":{\"@type\":\"PropertyValueSpecification\",\"valueRequired\":true,\"valueName\":\"search_term_string\"}}],\"inLanguage\":\"fr-FR\"}]}<\/script>\n<!-- \/ Yoast SEO plugin. -->","yoast_head_json":{"title":"Green Sulawesi Online kopen - Green Sulawesi te koop | RC Kopen","description":"Wilt u Groen Sulawesi online kopen tegen een redelijke prijs? Bezoek onze gerenommeerde online RC Kopen-winkel en koop vandaag nog Green Sulawesi. Plaats nu een bestelling en ontvang de beste prijs in onze winkel.","robots":{"index":"index","follow":"follow","max-snippet":"max-snippet:-1","max-image-preview":"max-image-preview:large","max-video-preview":"max-video-preview:-1"},"canonical":"https:\/\/rckopen.com\/fr\/produit\/green-sulawesi\/","og_locale":"fr_FR","og_type":"article","og_title":"Green Sulawesi Online kopen - Green Sulawesi te koop | RC Kopen","og_description":"Wilt u Groen Sulawesi online kopen tegen een redelijke prijs? Bezoek onze gerenommeerde online RC Kopen-winkel en koop vandaag nog Green Sulawesi. Plaats nu een bestelling en ontvang de beste prijs in onze winkel.","og_url":"https:\/\/rckopen.com\/fr\/produit\/green-sulawesi\/","og_site_name":"RC Kopen","article_modified_time":"2025-02-06T05:30:44+00:00","og_image":[{"width":600,"height":600,"url":"https:\/\/rckopen.com\/wp-content\/uploads\/2023\/08\/Green-Sulawesi.jpg","type":"image\/jpeg"}],"twitter_card":"summary_large_image","twitter_misc":{"Dur\u00e9e de lecture estim\u00e9e":"2 minutes"},"schema":{"@context":"https:\/\/schema.org","@graph":[{"@type":"WebPage","@id":"https:\/\/rckopen.com\/product\/green-sulawesi\/","url":"https:\/\/rckopen.com\/product\/green-sulawesi\/","name":"Green Sulawesi Online kopen - Green Sulawesi te koop | RC Kopen","isPartOf":{"@id":"https:\/\/rckopen.com\/#website"},"primaryImageOfPage":{"@id":"https:\/\/rckopen.com\/product\/green-sulawesi\/#primaryimage"},"image":{"@id":"https:\/\/rckopen.com\/product\/green-sulawesi\/#primaryimage"},"thumbnailUrl":"https:\/\/rckopen.com\/wp-content\/uploads\/2023\/08\/Green-Sulawesi.jpg","datePublished":"2023-08-16T06:43:55+00:00","dateModified":"2025-02-06T05:30:44+00:00","description":"Wilt u Groen Sulawesi online kopen tegen een redelijke prijs? Bezoek onze gerenommeerde online RC Kopen-winkel en koop vandaag nog Green Sulawesi. Plaats nu een bestelling en ontvang de beste prijs in onze winkel.","breadcrumb":{"@id":"https:\/\/rckopen.com\/product\/green-sulawesi\/#breadcrumb"},"inLanguage":"fr-FR","potentialAction":[{"@type":"ReadAction","target":["https:\/\/rckopen.com\/product\/green-sulawesi\/"]}]},{"@type":"ImageObject","inLanguage":"fr-FR","@id":"https:\/\/rckopen.com\/product\/green-sulawesi\/#primaryimage","url":"https:\/\/rckopen.com\/wp-content\/uploads\/2023\/08\/Green-Sulawesi.jpg","contentUrl":"https:\/\/rckopen.com\/wp-content\/uploads\/2023\/08\/Green-Sulawesi.jpg","width":600,"height":600,"caption":"Green-Sulawesi online kopen"},{"@type":"BreadcrumbList","@id":"https:\/\/rckopen.com\/product\/green-sulawesi\/#breadcrumb","itemListElement":[{"@type":"ListItem","position":1,"name":"Home","item":"https:\/\/rckopen.com\/"},{"@type":"ListItem","position":2,"name":"Shop","item":"https:\/\/rckopen.com\/shop\/"},{"@type":"ListItem","position":3,"name":"Green Sulawesi online kopen"}]},{"@type":"WebSite","@id":"https:\/\/rckopen.com\/#website","url":"https:\/\/rckopen.com\/","name":"RC Kopen","description":"Research Chemicals","potentialAction":[{"@type":"SearchAction","target":{"@type":"EntryPoint","urlTemplate":"https:\/\/rckopen.com\/?s={search_term_string}"},"query-input":{"@type":"PropertyValueSpecification","valueRequired":true,"valueName":"search_term_string"}}],"inLanguage":"fr-FR"}]}},"_links":{"self":[{"href":"https:\/\/rckopen.com\/fr\/wp-json\/wp\/v2\/product\/6528","targetHints":{"allow":["GET"]}}],"collection":[{"href":"https:\/\/rckopen.com\/fr\/wp-json\/wp\/v2\/product"}],"about":[{"href":"https:\/\/rckopen.com\/fr\/wp-json\/wp\/v2\/types\/product"}],"replies":[{"embeddable":true,"href":"https:\/\/rckopen.com\/fr\/wp-json\/wp\/v2\/comments?post=6528"}],"wp:featuredmedia":[{"embeddable":true,"href":"https:\/\/rckopen.com\/fr\/wp-json\/wp\/v2\/media\/6540"}],"wp:attachment":[{"href":"https:\/\/rckopen.com\/fr\/wp-json\/wp\/v2\/media?parent=6528"}],"wp:term":[{"taxonomy":"product_brand","embeddable":true,"href":"https:\/\/rckopen.com\/fr\/wp-json\/wp\/v2\/product_brand?post=6528"},{"taxonomy":"product_cat","embeddable":true,"href":"https:\/\/rckopen.com\/fr\/wp-json\/wp\/v2\/product_cat?post=6528"},{"taxonomy":"product_tag","embeddable":true,"href":"https:\/\/rckopen.com\/fr\/wp-json\/wp\/v2\/product_tag?post=6528"}],"curies":[{"name":"wp","href":"https:\/\/api.w.org\/{rel}","templated":true}]}}