{"id":6544,"date":"2023-08-16T07:03:19","date_gmt":"2023-08-16T07:03:19","guid":{"rendered":"https:\/\/diligentplug.com\/chems\/?post_type=product&#038;p=6544"},"modified":"2025-02-03T10:43:36","modified_gmt":"2025-02-03T10:43:36","slug":"green-bali","status":"publish","type":"product","link":"https:\/\/rckopen.com\/fr\/produit\/vert-bali\/","title":{"rendered":"Achetez Green Bali en ligne"},"content":{"rendered":"<h2 class=\"font-black text-lg mb-8 flex items-end md:text-xl md:ml-0\"><span class=\"inline-block\">Productinformatie Green Bali Online kopen<\/span><\/h2>\n<div class=\"relative flex flex-wrap flex-col\" style=\"box-sizing: border-box; --tw-translate-x: 0; --tw-translate-y: 0; --tw-rotate: 0; --tw-skew-x: 0; --tw-skew-y: 0; --tw-scale-x: 1; --tw-scale-y: 1; --tw-transform: translateX(var(--tw-translate-x)) translateY(var(--tw-translate-y)) rotate(var(--tw-rotate)) skewX(var(--tw-skew-x)) skewY(var(--tw-skew-y)) scaleX(var(--tw-scale-x)) scaleY(var(--tw-scale-y)); --tw-border-opacity: 1; --tw-ring-offset-width: 0px; --tw-ring-offset-color: #fff; --tw-ring-color: rgba(59, 130, 246, 0.5); --tw-ring-offset-shadow: 0 0 #0000; --tw-ring-shadow: 0 0 #0000; --tw-shadow: 0 0 #0000; --tw-filter: var(--tw-blur) var(--tw-brightness) var(--tw-contrast) var(--tw-grayscale) var(--tw-hue-rotate) var(--tw-invert) var(--tw-saturate) var(--tw-sepia) var(--tw-drop-shadow); --tw-backdrop-filter: var(--tw-backdrop-blur) var(--tw-backdrop-brightness) var(--tw-backdrop-contrast) var(--tw-backdrop-grayscale) var(--tw-backdrop-hue-rotate) var(--tw-backdrop-invert) var(--tw-backdrop-opacity) var(--tw-backdrop-saturate) var(--tw-backdrop-sepia); position: relative; display: flex; flex-flow: column wrap; color: #202e46; font-family: 'Red Hat Display', ui-sans-serif, system-ui, -apple-system, BlinkMacSystemFont, 'Segoe UI', Roboto, 'Helvetica Neue', Arial, 'Noto Sans', sans-serif, 'Apple Color Emoji', 'Segoe UI Emoji', 'Segoe UI Symbol', 'Noto Color Emoji'; font-size: 16px; font-style: normal; font-variant-ligatures: normal; font-variant-caps: normal; font-weight: 400; letter-spacing: normal; orphans: 2; text-align: start; text-indent: 0px; text-transform: none; widows: 2; word-spacing: 0px; -webkit-text-stroke-width: 0px; white-space: normal; background-color: #f2ece5; text-decoration-thickness: initial; text-decoration-style: initial; text-decoration-color: initial; border: 0px solid rgba(229,229,229,var(--tw-border-opacity));\">\n<div class=\"overflow-hidden transition-all duration-500 max-h-[300px] sm:max-h-[400px] md:max-h-[500px] lg:max-h-[550]\">\n<div class=\"prose prose-sm text-gray-500\">\n<p><a href=\"https:\/\/rckopen.com\/fr\/produit\/vert-bali\/\">Achetez Green Bali en ligne<\/a>L'herbe tropicale Kratom (Mitragyna speciosa) trouve ses origines en Asie du Sud-Est. Le kratom est extrait de diff\u00e9rents arbres de la m\u00eame esp\u00e8ce, car diff\u00e9rents arbres de la m\u00eame famille contiennent du kratom, il existe \u00e9galement une diff\u00e9rence dans les effets possibles<a href=\"https:\/\/en.wikipedia.org\/wiki\/Human\">.<\/a><\/p>\n<h3>Les effets de Kratopia Green Bali<\/h3>\n<p><a href=\"https:\/\/en.wikipedia.org\/wiki\/Green\">Vert<\/a> <a href=\"https:\/\/en.wikipedia.org\/wiki\/Bali\">Bali<\/a> Le kratom est cultiv\u00e9 en Indon\u00e9sie et est localement tr\u00e8s populaire pour son effet analg\u00e9sique, et on dit \u00e9galement qu'il augmente les niveaux d'\u00e9nergie. Les utilisateurs d\u00e9clarent se sentir plus actifs et sans douleur sans ressentir la sensation de s\u00e9dation.<\/p>\n<h3>Comment ces plantes sont-elles utilis\u00e9es ?<a href=\"https:\/\/rckopen.com\/fr\/categorie-de-produits\/kratom\/\">?<\/a><\/h3>\n<p>La poudre de kratom est g\u00e9n\u00e9ralement ajout\u00e9e au th\u00e9, 1 \u00e0 3 grammes sont consid\u00e9r\u00e9s comme des doses l\u00e9g\u00e8res, 3 \u00e0 5 grammes comme des doses normales, et 5 \u00e0 10 grammes comme des doses \u00e9lev\u00e9es Buy Green Bali.<\/p>\n<h2>Informations du fabricant<\/h2>\n<p>Kratopia est une entreprise n\u00e9erlandaise sp\u00e9cialis\u00e9e dans diff\u00e9rents types de kratom. Comme elle se concentre principalement sur la production et la vente de kratom, elle dispose d'un large \u00e9ventail de diff\u00e9rents types de kratom. Envie d'une sensation de bien-\u00eatre ? Ou simplement un peu plus de d\u00e9tente ? Kratopia a le type de kratom qu'il vous faut. Kratopia produit son kratom sous forme de capsules et d'extraits.<\/p>\n<\/div>\n<\/div>\n<\/div>\n<p><a href=\"https:\/\/rckopen.com\/fr\/\">rckopen.com<\/a> propose des produits qui ne sont pas destin\u00e9s \u00e0 la consommation humaine. Si vous consommez ce produit (involontairement), cela peut avoir de graves cons\u00e9quences m\u00e9dicales. Achetez Green Bali.<\/p>","protected":false},"excerpt":{"rendered":"<p><strong>Forme : <\/strong>poudre<\/p>\n<p><strong>Analyse RMN : <\/strong>N\/A<\/p>","protected":false},"featured_media":6554,"comment_status":"open","ping_status":"closed","template":"","meta":{"_joinchat":[]},"product_brand":[],"product_cat":[139],"product_tag":[],"class_list":{"0":"post-6544","1":"product","2":"type-product","3":"status-publish","4":"has-post-thumbnail","6":"product_cat-kratom","8":"first","9":"instock","10":"shipping-taxable","11":"purchasable","12":"product-type-variable"},"yoast_head":"<!-- This site is optimized with the Yoast SEO plugin v26.3 - https:\/\/yoast.com\/wordpress\/plugins\/seo\/ -->\n<title>Green Bali Online kopen - Green Bali te koop | RC Kopen<\/title>\n<meta name=\"description\" content=\"Als je Green Bali uit onze winkel nog niet hebt geprobeerd, dan mis je veel. Wij helpen u Green Bali online te kopen tegen goedkope tarieven. Koop Green Bali vandaag nog te koop!\" \/>\n<meta name=\"robots\" content=\"index, follow, max-snippet:-1, max-image-preview:large, max-video-preview:-1\" \/>\n<link rel=\"canonical\" href=\"https:\/\/rckopen.com\/fr\/produit\/vert-bali\/\" \/>\n<meta property=\"og:locale\" content=\"fr_FR\" \/>\n<meta property=\"og:type\" content=\"article\" \/>\n<meta property=\"og:title\" content=\"Green Bali Online kopen - Green Bali te koop | RC Kopen\" \/>\n<meta property=\"og:description\" content=\"Als je Green Bali uit onze winkel nog niet hebt geprobeerd, dan mis je veel. Wij helpen u Green Bali online te kopen tegen goedkope tarieven. Koop Green Bali vandaag nog te koop!\" \/>\n<meta property=\"og:url\" content=\"https:\/\/rckopen.com\/fr\/produit\/vert-bali\/\" \/>\n<meta property=\"og:site_name\" content=\"RC Kopen\" \/>\n<meta property=\"article:modified_time\" content=\"2025-02-03T10:43:36+00:00\" \/>\n<meta property=\"og:image\" content=\"https:\/\/rckopen.com\/wp-content\/uploads\/2023\/08\/Green-Bali.jpg\" \/>\n\t<meta property=\"og:image:width\" content=\"600\" \/>\n\t<meta property=\"og:image:height\" content=\"600\" \/>\n\t<meta property=\"og:image:type\" content=\"image\/jpeg\" \/>\n<meta name=\"twitter:card\" content=\"summary_large_image\" \/>\n<meta name=\"twitter:label1\" content=\"Dur\u00e9e de lecture estim\u00e9e\" \/>\n\t<meta name=\"twitter:data1\" content=\"2 minutes\" \/>\n<script type=\"application\/ld+json\" class=\"yoast-schema-graph\">{\"@context\":\"https:\/\/schema.org\",\"@graph\":[{\"@type\":\"WebPage\",\"@id\":\"https:\/\/rckopen.com\/product\/green-bali\/\",\"url\":\"https:\/\/rckopen.com\/product\/green-bali\/\",\"name\":\"Green Bali Online kopen - Green Bali te koop | RC Kopen\",\"isPartOf\":{\"@id\":\"https:\/\/rckopen.com\/#website\"},\"primaryImageOfPage\":{\"@id\":\"https:\/\/rckopen.com\/product\/green-bali\/#primaryimage\"},\"image\":{\"@id\":\"https:\/\/rckopen.com\/product\/green-bali\/#primaryimage\"},\"thumbnailUrl\":\"https:\/\/rckopen.com\/wp-content\/uploads\/2023\/08\/Green-Bali.jpg\",\"datePublished\":\"2023-08-16T07:03:19+00:00\",\"dateModified\":\"2025-02-03T10:43:36+00:00\",\"description\":\"Als je Green Bali uit onze winkel nog niet hebt geprobeerd, dan mis je veel. Wij helpen u Green Bali online te kopen tegen goedkope tarieven. Koop Green Bali vandaag nog te koop!\",\"breadcrumb\":{\"@id\":\"https:\/\/rckopen.com\/product\/green-bali\/#breadcrumb\"},\"inLanguage\":\"fr-FR\",\"potentialAction\":[{\"@type\":\"ReadAction\",\"target\":[\"https:\/\/rckopen.com\/product\/green-bali\/\"]}]},{\"@type\":\"ImageObject\",\"inLanguage\":\"fr-FR\",\"@id\":\"https:\/\/rckopen.com\/product\/green-bali\/#primaryimage\",\"url\":\"https:\/\/rckopen.com\/wp-content\/uploads\/2023\/08\/Green-Bali.jpg\",\"contentUrl\":\"https:\/\/rckopen.com\/wp-content\/uploads\/2023\/08\/Green-Bali.jpg\",\"width\":600,\"height\":600,\"caption\":\"Green-Bali Online kopen\"},{\"@type\":\"BreadcrumbList\",\"@id\":\"https:\/\/rckopen.com\/product\/green-bali\/#breadcrumb\",\"itemListElement\":[{\"@type\":\"ListItem\",\"position\":1,\"name\":\"Home\",\"item\":\"https:\/\/rckopen.com\/\"},{\"@type\":\"ListItem\",\"position\":2,\"name\":\"Shop\",\"item\":\"https:\/\/rckopen.com\/shop\/\"},{\"@type\":\"ListItem\",\"position\":3,\"name\":\"Green Bali Online kopen\"}]},{\"@type\":\"WebSite\",\"@id\":\"https:\/\/rckopen.com\/#website\",\"url\":\"https:\/\/rckopen.com\/\",\"name\":\"RC Kopen\",\"description\":\"Research Chemicals\",\"potentialAction\":[{\"@type\":\"SearchAction\",\"target\":{\"@type\":\"EntryPoint\",\"urlTemplate\":\"https:\/\/rckopen.com\/?s={search_term_string}\"},\"query-input\":{\"@type\":\"PropertyValueSpecification\",\"valueRequired\":true,\"valueName\":\"search_term_string\"}}],\"inLanguage\":\"fr-FR\"}]}<\/script>\n<!-- \/ Yoast SEO plugin. -->","yoast_head_json":{"title":"Green Bali Online kopen - Green Bali te koop | RC Kopen","description":"Als je Green Bali uit onze winkel nog niet hebt geprobeerd, dan mis je veel. Wij helpen u Green Bali online te kopen tegen goedkope tarieven. Koop Green Bali vandaag nog te koop!","robots":{"index":"index","follow":"follow","max-snippet":"max-snippet:-1","max-image-preview":"max-image-preview:large","max-video-preview":"max-video-preview:-1"},"canonical":"https:\/\/rckopen.com\/fr\/produit\/vert-bali\/","og_locale":"fr_FR","og_type":"article","og_title":"Green Bali Online kopen - Green Bali te koop | RC Kopen","og_description":"Als je Green Bali uit onze winkel nog niet hebt geprobeerd, dan mis je veel. Wij helpen u Green Bali online te kopen tegen goedkope tarieven. Koop Green Bali vandaag nog te koop!","og_url":"https:\/\/rckopen.com\/fr\/produit\/vert-bali\/","og_site_name":"RC Kopen","article_modified_time":"2025-02-03T10:43:36+00:00","og_image":[{"width":600,"height":600,"url":"https:\/\/rckopen.com\/wp-content\/uploads\/2023\/08\/Green-Bali.jpg","type":"image\/jpeg"}],"twitter_card":"summary_large_image","twitter_misc":{"Dur\u00e9e de lecture estim\u00e9e":"2 minutes"},"schema":{"@context":"https:\/\/schema.org","@graph":[{"@type":"WebPage","@id":"https:\/\/rckopen.com\/product\/green-bali\/","url":"https:\/\/rckopen.com\/product\/green-bali\/","name":"Green Bali Online kopen - Green Bali te koop | RC Kopen","isPartOf":{"@id":"https:\/\/rckopen.com\/#website"},"primaryImageOfPage":{"@id":"https:\/\/rckopen.com\/product\/green-bali\/#primaryimage"},"image":{"@id":"https:\/\/rckopen.com\/product\/green-bali\/#primaryimage"},"thumbnailUrl":"https:\/\/rckopen.com\/wp-content\/uploads\/2023\/08\/Green-Bali.jpg","datePublished":"2023-08-16T07:03:19+00:00","dateModified":"2025-02-03T10:43:36+00:00","description":"Als je Green Bali uit onze winkel nog niet hebt geprobeerd, dan mis je veel. Wij helpen u Green Bali online te kopen tegen goedkope tarieven. Koop Green Bali vandaag nog te koop!","breadcrumb":{"@id":"https:\/\/rckopen.com\/product\/green-bali\/#breadcrumb"},"inLanguage":"fr-FR","potentialAction":[{"@type":"ReadAction","target":["https:\/\/rckopen.com\/product\/green-bali\/"]}]},{"@type":"ImageObject","inLanguage":"fr-FR","@id":"https:\/\/rckopen.com\/product\/green-bali\/#primaryimage","url":"https:\/\/rckopen.com\/wp-content\/uploads\/2023\/08\/Green-Bali.jpg","contentUrl":"https:\/\/rckopen.com\/wp-content\/uploads\/2023\/08\/Green-Bali.jpg","width":600,"height":600,"caption":"Green-Bali Online kopen"},{"@type":"BreadcrumbList","@id":"https:\/\/rckopen.com\/product\/green-bali\/#breadcrumb","itemListElement":[{"@type":"ListItem","position":1,"name":"Home","item":"https:\/\/rckopen.com\/"},{"@type":"ListItem","position":2,"name":"Shop","item":"https:\/\/rckopen.com\/shop\/"},{"@type":"ListItem","position":3,"name":"Green Bali Online kopen"}]},{"@type":"WebSite","@id":"https:\/\/rckopen.com\/#website","url":"https:\/\/rckopen.com\/","name":"RC Kopen","description":"Research Chemicals","potentialAction":[{"@type":"SearchAction","target":{"@type":"EntryPoint","urlTemplate":"https:\/\/rckopen.com\/?s={search_term_string}"},"query-input":{"@type":"PropertyValueSpecification","valueRequired":true,"valueName":"search_term_string"}}],"inLanguage":"fr-FR"}]}},"_links":{"self":[{"href":"https:\/\/rckopen.com\/fr\/wp-json\/wp\/v2\/product\/6544","targetHints":{"allow":["GET"]}}],"collection":[{"href":"https:\/\/rckopen.com\/fr\/wp-json\/wp\/v2\/product"}],"about":[{"href":"https:\/\/rckopen.com\/fr\/wp-json\/wp\/v2\/types\/product"}],"replies":[{"embeddable":true,"href":"https:\/\/rckopen.com\/fr\/wp-json\/wp\/v2\/comments?post=6544"}],"wp:featuredmedia":[{"embeddable":true,"href":"https:\/\/rckopen.com\/fr\/wp-json\/wp\/v2\/media\/6554"}],"wp:attachment":[{"href":"https:\/\/rckopen.com\/fr\/wp-json\/wp\/v2\/media?parent=6544"}],"wp:term":[{"taxonomy":"product_brand","embeddable":true,"href":"https:\/\/rckopen.com\/fr\/wp-json\/wp\/v2\/product_brand?post=6544"},{"taxonomy":"product_cat","embeddable":true,"href":"https:\/\/rckopen.com\/fr\/wp-json\/wp\/v2\/product_cat?post=6544"},{"taxonomy":"product_tag","embeddable":true,"href":"https:\/\/rckopen.com\/fr\/wp-json\/wp\/v2\/product_tag?post=6544"}],"curies":[{"name":"wp","href":"https:\/\/api.w.org\/{rel}","templated":true}]}}