{"id":6545,"date":"2023-08-16T07:04:00","date_gmt":"2023-08-16T07:04:00","guid":{"rendered":"https:\/\/diligentplug.com\/chems\/?post_type=product&#038;p=6545"},"modified":"2025-02-06T06:06:26","modified_gmt":"2025-02-06T06:06:26","slug":"green-indo","status":"publish","type":"product","link":"https:\/\/rckopen.com\/fr\/produit\/vert-indo\/","title":{"rendered":"Achetez Green Indo en ligne"},"content":{"rendered":"<h2>Achetez Green Indo en ligne<\/h2>\n<h3>\u00c0 propos de Green Indo<\/h3>\n<p>La combinaison ultime de kratom est <a href=\"https:\/\/rckopen.com\/fr\/produit\/vert-indo\/\">Vert Indo<\/a>, une vari\u00e9t\u00e9 hybride qui a suffisamment de force et de style pour satisfaire m\u00eame les utilisateurs de kratom les plus exp\u00e9riment\u00e9s. Notre poudre de kratom \u00e0 veines vertes la plus populaire est ce d\u00e9licieux m\u00e9lange de deux vari\u00e9t\u00e9s de kratom. Vous comprendrez pourquoi elle est devenue un best-seller national lorsque vous en aurez essay\u00e9. Un sp\u00e9cimen d'herbes coh\u00e9rent et superbe, la vari\u00e9t\u00e9 Green Indo a un parfum bien \u00e9quilibr\u00e9 et persistant. Elle offre aux utilisateurs le compromis id\u00e9al entre les vari\u00e9t\u00e9s de kratom \u00ab lentes \u00bb et \u00ab rapides \u00bb.<\/p>\n<h3>L'histoire et l'origine de l'Indo vert<\/h3>\n<p>The northern Borneo reserve in Indonesia is home to the riverbanks where Green Indo grows. Any genus of Mitragyna speciosa, an evergreen tree in the coffee family with certain unusual chemical components, is the source of kratom. However, it is although its exact origins are unknown, Green Indo is currently present in some areas of Indonesia. <a href=\"https:\/\/rckopen.com\/fr\/produit\/vert-indo\/\">RC Kopen<\/a><\/p>\n<p>Notre vari\u00e9t\u00e9 Green Indo est cultiv\u00e9e dans une ferme priv\u00e9e \u00e0 c\u00f4t\u00e9 de la rivi\u00e8re Kapuas de mani\u00e8re \u00e9thique. Le long de l'affluent vallonn\u00e9 du lac Tenegang de Sabah, ces plantes de kratom poussent de mani\u00e8re biologique. Nos arbres de kratom Indo matures et diversifi\u00e9s sont cultiv\u00e9s dans ou \u00e0 proximit\u00e9 des marais d'eau douce de l'\u00c9tat de Malaisie.<\/p>\n<p>Les boutures de ces arbres de kratom malaisiens sont transf\u00e9r\u00e9es dans notre ferme de Kalimantan une fois qu'elles ont atteint une maturit\u00e9 cruciale. L\u00e0, elles sont greff\u00e9es sur des arbres de kratom Maeng Da pour cr\u00e9er un sp\u00e9cimen plus fort et plus r\u00e9sistant. La culture de plusieurs cultures sur une m\u00eame parcelle de terre est un exemple des pratiques agricoles durables utilis\u00e9es par nos partenaires autochtones.<\/p>\n<p>Les arbres verts Indo que nous avons avant que leurs feuilles ne soient cueillies, nos arbres verts Indo poussent \u00e0 une hauteur de 10 \u00e0 15 pieds. Le corps complet de notre puissant m\u00e9lange Green Indo est d\u00e9riv\u00e9 des min\u00e9raux et des nutriments qui sont abondants dans le sol boueux et profond. Avant d'\u00eatre tri\u00e9es et pass\u00e9es dans notre broyeur \u00e0 marteaux \u00e0 large gorge, nos feuilles de kratom sont a\u00e9r\u00e9es \u00e0 l'aide d'une technologie d'\u00e9limination de l'humidit\u00e9.<\/p>\n<p>Green Indo est une combinaison de feuilles de White Malay et de Green Maeng Da. Nous utilisons un insectifuge sans pesticides pour prot\u00e9ger notre canop\u00e9e d'arbres \u00e0 kratom.<\/p>\n<h3>Avantages que vous pouvez ressentir avec Green Indo<\/h3>\n<p>L'une des vari\u00e9t\u00e9s les plus captivantes de la famille du kratom est le Green Indo. Avec la clart\u00e9 suppl\u00e9mentaire du White Malay, cette exquise combinaison de kratom vous offre tout le soulagement potentiel du Maeng Da. Les effets du Green Indo ne se limitent pas \u00e0 favoriser une relaxation profonde lorsqu'il est pris avec mod\u00e9ration.<\/p>\n<p>Les nombreux alcalo\u00efdes, flavono\u00efdes et terp\u00e9no\u00efdes pr\u00e9sents dans cette vari\u00e9t\u00e9 de kratom vert puissant sont responsables de ses nombreux effets potentiels. L'ajmalicine, la corynoxine A et B, la mitragynine, la 9-hydroxycorynantheidine, la 7-hydroxym\u00e9tragynine (7-OH) et la sp\u00e9ciociliatine font partie de ces composants n\u00e9cessaires.<\/p>\n<p>Les substances mentionn\u00e9es ci-dessus sont essentielles \u00e0 l'ar\u00f4me multiforme de Green Indo. Green Indo peut avoir des qualit\u00e9s curatives, une loquacit\u00e9 naturelle et un regain d'\u00e9nergie.<\/p>\n<h3>Cette souche puissante peut avoir des effets dose-d\u00e9pendants.<\/h3>\n<p>L'une des vari\u00e9t\u00e9s les plus captivantes de la famille du kratom est le Green Indo. Avec la clart\u00e9 suppl\u00e9mentaire du White Malay, cette exquise combinaison de kratom vous offre tout le soulagement potentiel du Maeng Da. Les effets du Green Indo ne se limitent pas \u00e0 favoriser une relaxation profonde lorsqu'il est pris avec mod\u00e9ration.<\/p>\n<p>Les nombreux alcalo\u00efdes, flavono\u00efdes et terp\u00e9no\u00efdes pr\u00e9sents dans cette vari\u00e9t\u00e9 de kratom vert puissant sont responsables de ses nombreux effets potentiels. L'ajmalicine, la corynoxine A et B, la mitragynine, la 9-hydroxycorynantheidine, la 7-hydroxym\u00e9tragynine (7-OH) et la sp\u00e9ciociliatine font partie de ces composants n\u00e9cessaires.<\/p>\n<p>Les substances mentionn\u00e9es ci-dessus sont essentielles \u00e0 l'ar\u00f4me multiforme de Green Indo. Green Indo peut avoir des qualit\u00e9s curatives, une loquacit\u00e9 naturelle et un regain d'\u00e9nergie.<\/p>\n<p>Cette vari\u00e9t\u00e9 puissante peut avoir des effets d\u00e9pendants de la dose. Le dosage peut affecter les effets ; les effets de cette vari\u00e9t\u00e9 puissante varient l\u00e9g\u00e8rement en fonction du dosage. Green Indo, comme Maeng D, est efficace \u00e0 des dosages plus faibles que la plupart. Alors que des dosages plus importants peuvent produire des niveaux d'\u00e9l\u00e9vation exceptionnels, des doses plus faibles peuvent provoquer des vagues de bien-\u00eatre.<\/p>\n<p>\u00c0 faible dose, le Green Indo est tr\u00e8s lucide ; \u00e0 dose mod\u00e9r\u00e9e, il est inspirant ; et \u00e0 dose plus \u00e9lev\u00e9e, il est profond\u00e9ment r\u00e9parateur. La majorit\u00e9 des experts chevronn\u00e9s du kratom recommandent de consommer des quantit\u00e9s faibles \u00e0 mod\u00e9r\u00e9es de kratom pour \u00e9viter les effets secondaires d\u00e9sagr\u00e9ables. Des effets ind\u00e9sirables ind\u00e9sirables peuvent r\u00e9sulter de doses \u00e9lev\u00e9es. Des doses \u00e9lev\u00e9es utilis\u00e9es au fil du temps ne sont pas non plus indiqu\u00e9es.<\/p>\n<p>Les effets des diff\u00e9rentes vari\u00e9t\u00e9s de kratom peuvent varier. En r\u00e8gle g\u00e9n\u00e9rale, les effets de la consommation de kratom peuvent varier en fonction de la sensibilit\u00e9, de la taille, du poids et de la nutrition de l\u2019utilisateur. Les effets varient consid\u00e9rablement d\u2019une personne \u00e0 l\u2019autre.<\/p>","protected":false},"excerpt":{"rendered":"<p><strong>Forme : <\/strong>poudre<\/p>\n<p><strong>Analyse RMN : <\/strong>N\/A<\/p>","protected":false},"featured_media":6555,"comment_status":"open","ping_status":"closed","template":"","meta":{"_joinchat":[]},"product_brand":[],"product_cat":[139],"product_tag":[],"class_list":{"0":"post-6545","1":"product","2":"type-product","3":"status-publish","4":"has-post-thumbnail","6":"product_cat-kratom","8":"first","9":"instock","10":"shipping-taxable","11":"purchasable","12":"product-type-variable"},"yoast_head":"<!-- This site is optimized with the Yoast SEO plugin v26.3 - https:\/\/yoast.com\/wordpress\/plugins\/seo\/ -->\n<title>Green Indo online kopen- Green Indo te koop | RC kopen<\/title>\n<meta name=\"description\" content=\"Als je gepassioneerd bent door Green Indo, dan is onze winkel de beste plek om Green Indo online te kopen. U kunt groene indo te koop hebben tegen de laagste prijs. Bestel nu en ontvang hem binnenkort!\" \/>\n<meta name=\"robots\" content=\"index, follow, max-snippet:-1, max-image-preview:large, max-video-preview:-1\" \/>\n<link rel=\"canonical\" href=\"https:\/\/rckopen.com\/fr\/produit\/vert-indo\/\" \/>\n<meta property=\"og:locale\" content=\"fr_FR\" \/>\n<meta property=\"og:type\" content=\"article\" \/>\n<meta property=\"og:title\" content=\"Green Indo online kopen- Green Indo te koop | RC kopen\" \/>\n<meta property=\"og:description\" content=\"Als je gepassioneerd bent door Green Indo, dan is onze winkel de beste plek om Green Indo online te kopen. U kunt groene indo te koop hebben tegen de laagste prijs. Bestel nu en ontvang hem binnenkort!\" \/>\n<meta property=\"og:url\" content=\"https:\/\/rckopen.com\/fr\/produit\/vert-indo\/\" \/>\n<meta property=\"og:site_name\" content=\"RC Kopen\" \/>\n<meta property=\"article:modified_time\" content=\"2025-02-06T06:06:26+00:00\" \/>\n<meta property=\"og:image\" content=\"https:\/\/rckopen.com\/wp-content\/uploads\/2023\/08\/Green-Indo.jpg\" \/>\n\t<meta property=\"og:image:width\" content=\"600\" \/>\n\t<meta property=\"og:image:height\" content=\"600\" \/>\n\t<meta property=\"og:image:type\" content=\"image\/jpeg\" \/>\n<meta name=\"twitter:card\" content=\"summary_large_image\" \/>\n<meta name=\"twitter:label1\" content=\"Dur\u00e9e de lecture estim\u00e9e\" \/>\n\t<meta name=\"twitter:data1\" content=\"4 minutes\" \/>\n<script type=\"application\/ld+json\" class=\"yoast-schema-graph\">{\"@context\":\"https:\/\/schema.org\",\"@graph\":[{\"@type\":\"WebPage\",\"@id\":\"https:\/\/rckopen.com\/product\/green-indo\/\",\"url\":\"https:\/\/rckopen.com\/product\/green-indo\/\",\"name\":\"Green Indo online kopen- Green Indo te koop | RC kopen\",\"isPartOf\":{\"@id\":\"https:\/\/rckopen.com\/#website\"},\"primaryImageOfPage\":{\"@id\":\"https:\/\/rckopen.com\/product\/green-indo\/#primaryimage\"},\"image\":{\"@id\":\"https:\/\/rckopen.com\/product\/green-indo\/#primaryimage\"},\"thumbnailUrl\":\"https:\/\/rckopen.com\/wp-content\/uploads\/2023\/08\/Green-Indo.jpg\",\"datePublished\":\"2023-08-16T07:04:00+00:00\",\"dateModified\":\"2025-02-06T06:06:26+00:00\",\"description\":\"Als je gepassioneerd bent door Green Indo, dan is onze winkel de beste plek om Green Indo online te kopen. U kunt groene indo te koop hebben tegen de laagste prijs. Bestel nu en ontvang hem binnenkort!\",\"breadcrumb\":{\"@id\":\"https:\/\/rckopen.com\/product\/green-indo\/#breadcrumb\"},\"inLanguage\":\"fr-FR\",\"potentialAction\":[{\"@type\":\"ReadAction\",\"target\":[\"https:\/\/rckopen.com\/product\/green-indo\/\"]}]},{\"@type\":\"ImageObject\",\"inLanguage\":\"fr-FR\",\"@id\":\"https:\/\/rckopen.com\/product\/green-indo\/#primaryimage\",\"url\":\"https:\/\/rckopen.com\/wp-content\/uploads\/2023\/08\/Green-Indo.jpg\",\"contentUrl\":\"https:\/\/rckopen.com\/wp-content\/uploads\/2023\/08\/Green-Indo.jpg\",\"width\":600,\"height\":600,\"caption\":\"Green Indo online kopen\"},{\"@type\":\"BreadcrumbList\",\"@id\":\"https:\/\/rckopen.com\/product\/green-indo\/#breadcrumb\",\"itemListElement\":[{\"@type\":\"ListItem\",\"position\":1,\"name\":\"Home\",\"item\":\"https:\/\/rckopen.com\/\"},{\"@type\":\"ListItem\",\"position\":2,\"name\":\"Shop\",\"item\":\"https:\/\/rckopen.com\/shop\/\"},{\"@type\":\"ListItem\",\"position\":3,\"name\":\"Green Indo online kopen\"}]},{\"@type\":\"WebSite\",\"@id\":\"https:\/\/rckopen.com\/#website\",\"url\":\"https:\/\/rckopen.com\/\",\"name\":\"RC Kopen\",\"description\":\"Research Chemicals\",\"potentialAction\":[{\"@type\":\"SearchAction\",\"target\":{\"@type\":\"EntryPoint\",\"urlTemplate\":\"https:\/\/rckopen.com\/?s={search_term_string}\"},\"query-input\":{\"@type\":\"PropertyValueSpecification\",\"valueRequired\":true,\"valueName\":\"search_term_string\"}}],\"inLanguage\":\"fr-FR\"}]}<\/script>\n<!-- \/ Yoast SEO plugin. -->","yoast_head_json":{"title":"Green Indo online kopen- Green Indo te koop | RC kopen","description":"Als je gepassioneerd bent door Green Indo, dan is onze winkel de beste plek om Green Indo online te kopen. U kunt groene indo te koop hebben tegen de laagste prijs. Bestel nu en ontvang hem binnenkort!","robots":{"index":"index","follow":"follow","max-snippet":"max-snippet:-1","max-image-preview":"max-image-preview:large","max-video-preview":"max-video-preview:-1"},"canonical":"https:\/\/rckopen.com\/fr\/produit\/vert-indo\/","og_locale":"fr_FR","og_type":"article","og_title":"Green Indo online kopen- Green Indo te koop | RC kopen","og_description":"Als je gepassioneerd bent door Green Indo, dan is onze winkel de beste plek om Green Indo online te kopen. U kunt groene indo te koop hebben tegen de laagste prijs. Bestel nu en ontvang hem binnenkort!","og_url":"https:\/\/rckopen.com\/fr\/produit\/vert-indo\/","og_site_name":"RC Kopen","article_modified_time":"2025-02-06T06:06:26+00:00","og_image":[{"width":600,"height":600,"url":"https:\/\/rckopen.com\/wp-content\/uploads\/2023\/08\/Green-Indo.jpg","type":"image\/jpeg"}],"twitter_card":"summary_large_image","twitter_misc":{"Dur\u00e9e de lecture estim\u00e9e":"4 minutes"},"schema":{"@context":"https:\/\/schema.org","@graph":[{"@type":"WebPage","@id":"https:\/\/rckopen.com\/product\/green-indo\/","url":"https:\/\/rckopen.com\/product\/green-indo\/","name":"Green Indo online kopen- Green Indo te koop | RC kopen","isPartOf":{"@id":"https:\/\/rckopen.com\/#website"},"primaryImageOfPage":{"@id":"https:\/\/rckopen.com\/product\/green-indo\/#primaryimage"},"image":{"@id":"https:\/\/rckopen.com\/product\/green-indo\/#primaryimage"},"thumbnailUrl":"https:\/\/rckopen.com\/wp-content\/uploads\/2023\/08\/Green-Indo.jpg","datePublished":"2023-08-16T07:04:00+00:00","dateModified":"2025-02-06T06:06:26+00:00","description":"Als je gepassioneerd bent door Green Indo, dan is onze winkel de beste plek om Green Indo online te kopen. U kunt groene indo te koop hebben tegen de laagste prijs. Bestel nu en ontvang hem binnenkort!","breadcrumb":{"@id":"https:\/\/rckopen.com\/product\/green-indo\/#breadcrumb"},"inLanguage":"fr-FR","potentialAction":[{"@type":"ReadAction","target":["https:\/\/rckopen.com\/product\/green-indo\/"]}]},{"@type":"ImageObject","inLanguage":"fr-FR","@id":"https:\/\/rckopen.com\/product\/green-indo\/#primaryimage","url":"https:\/\/rckopen.com\/wp-content\/uploads\/2023\/08\/Green-Indo.jpg","contentUrl":"https:\/\/rckopen.com\/wp-content\/uploads\/2023\/08\/Green-Indo.jpg","width":600,"height":600,"caption":"Green Indo online kopen"},{"@type":"BreadcrumbList","@id":"https:\/\/rckopen.com\/product\/green-indo\/#breadcrumb","itemListElement":[{"@type":"ListItem","position":1,"name":"Home","item":"https:\/\/rckopen.com\/"},{"@type":"ListItem","position":2,"name":"Shop","item":"https:\/\/rckopen.com\/shop\/"},{"@type":"ListItem","position":3,"name":"Green Indo online kopen"}]},{"@type":"WebSite","@id":"https:\/\/rckopen.com\/#website","url":"https:\/\/rckopen.com\/","name":"RC Kopen","description":"Research Chemicals","potentialAction":[{"@type":"SearchAction","target":{"@type":"EntryPoint","urlTemplate":"https:\/\/rckopen.com\/?s={search_term_string}"},"query-input":{"@type":"PropertyValueSpecification","valueRequired":true,"valueName":"search_term_string"}}],"inLanguage":"fr-FR"}]}},"_links":{"self":[{"href":"https:\/\/rckopen.com\/fr\/wp-json\/wp\/v2\/product\/6545","targetHints":{"allow":["GET"]}}],"collection":[{"href":"https:\/\/rckopen.com\/fr\/wp-json\/wp\/v2\/product"}],"about":[{"href":"https:\/\/rckopen.com\/fr\/wp-json\/wp\/v2\/types\/product"}],"replies":[{"embeddable":true,"href":"https:\/\/rckopen.com\/fr\/wp-json\/wp\/v2\/comments?post=6545"}],"wp:featuredmedia":[{"embeddable":true,"href":"https:\/\/rckopen.com\/fr\/wp-json\/wp\/v2\/media\/6555"}],"wp:attachment":[{"href":"https:\/\/rckopen.com\/fr\/wp-json\/wp\/v2\/media?parent=6545"}],"wp:term":[{"taxonomy":"product_brand","embeddable":true,"href":"https:\/\/rckopen.com\/fr\/wp-json\/wp\/v2\/product_brand?post=6545"},{"taxonomy":"product_cat","embeddable":true,"href":"https:\/\/rckopen.com\/fr\/wp-json\/wp\/v2\/product_cat?post=6545"},{"taxonomy":"product_tag","embeddable":true,"href":"https:\/\/rckopen.com\/fr\/wp-json\/wp\/v2\/product_tag?post=6545"}],"curies":[{"name":"wp","href":"https:\/\/api.w.org\/{rel}","templated":true}]}}