{"id":6547,"date":"2023-08-16T07:05:44","date_gmt":"2023-08-16T07:05:44","guid":{"rendered":"https:\/\/diligentplug.com\/chems\/?post_type=product&#038;p=6547"},"modified":"2025-02-03T10:45:10","modified_gmt":"2025-02-03T10:45:10","slug":"green-cambodian","status":"publish","type":"product","link":"https:\/\/rckopen.com\/fr\/produit\/vert-cambodgien\/","title":{"rendered":"Achetez du Green Cambodian en ligne"},"content":{"rendered":"<h2>Achetez du Green Cambodian en ligne<\/h2>\n<p><a href=\"https:\/\/rckopen.com\/fr\/produit\/vert-cambodgien\/\">Achetez du Green Cambodian en ligne<\/a>, <a href=\"https:\/\/en.wikipedia.org\/wiki\/Cambodia\">Cambodjaanse<\/a> Kratom en version verte. Ce kratom a une couleur verte tr\u00e8s intense et est tr\u00e8s populaire parmi les acheteurs. Il convainc par sa finesse, sa haute qualit\u00e9 et, bien s\u00fbr, ses prix avantageux. Plus la quantit\u00e9 est importante, plus notre prix au kilo est bas<a href=\"https:\/\/rckopen.com\/fr\/produit\/green-bentuangie\/\">.<\/a><\/p>\n<table class=\"ecwid-description-table\">\n<tbody>\n<tr>\n<td><u data-redactor-tag=\"u\">Couleur :<\/u><\/td>\n<td>Vert<\/td>\n<\/tr>\n<\/tbody>\n<\/table>\n<table class=\"ecwid-description-table\" style=\"width: 103.68%; height: 462px;\">\n<tbody>\n<tr>\n<td><u data-redactor-tag=\"u\">Forme :<\/u><\/td>\n<td>Poudre finement broy\u00e9e<\/td>\n<\/tr>\n<tr>\n<td><u data-redactor-tag=\"u\">\u00c9chantillon de la m\u00eame vari\u00e9t\u00e9 :<\/u><\/td>\n<td>Sur 100 grammes = 10 grammes d'\u00e9chantillon<\/td>\n<\/tr>\n<tr>\n<td><u data-redactor-tag=\"u\">Emballage :<\/u><\/td>\n<td>Doypack l\u00e9ger et l\u00e9ger<\/td>\n<\/tr>\n<tr>\n<td>Conditions de vente :<\/td>\n<td>Le pigment de couleur d'origine v\u00e9g\u00e9tale convient uniquement pour la teinture ou la coloration.<br \/>\nLes pigments de couleur ne doivent pas entrer en contact avec les yeux. En cas de contact avec vos yeux, rincez-les \u00e0 l\u2019eau claire. Si l'irritation persiste, consultez un m\u00e9decin. Le pigment de couleur ne convient pas \u00e0 la consommation, mais uniquement \u00e0 la coloration de textiles, de c\u00e9ramiques, de bougies, etc. ou aux artistes qui souhaitent r\u00e9aliser de belles peintures.<\/p>\n<p>Gardez le pigment de couleur hors de port\u00e9e des enfants ! Acheter du Cambodgien vert<\/td>\n<\/tr>\n<\/tbody>\n<\/table>\n<p><a href=\"https:\/\/rckopen.com\/fr\/\">rckopen.com<\/a> propose des produits qui ne sont pas destin\u00e9s \u00e0 la consommation humaine. Si vous consommez ce produit (involontairement), cela peut avoir de graves cons\u00e9quences m\u00e9dicales<a href=\"https:\/\/en.wikipedia.org\/wiki\/Mitragyna_speciosa\">.<\/a><\/p>","protected":false},"excerpt":{"rendered":"<p><strong>Forme : <\/strong>poudre<\/p>\n<p><strong>Analyse RMN : <\/strong>N\/A<\/p>","protected":false},"featured_media":6557,"comment_status":"open","ping_status":"closed","template":"","meta":{"_joinchat":[]},"product_brand":[],"product_cat":[139],"product_tag":[],"class_list":{"0":"post-6547","1":"product","2":"type-product","3":"status-publish","4":"has-post-thumbnail","6":"product_cat-kratom","8":"first","9":"instock","10":"shipping-taxable","11":"purchasable","12":"product-type-variable"},"yoast_head":"<!-- This site is optimized with the Yoast SEO plugin v26.3 - https:\/\/yoast.com\/wordpress\/plugins\/seo\/ -->\n<title>Green Cambodian online kopen - Green Cambodian online te koop<\/title>\n<meta name=\"description\" content=\"Mis geen enkele kans om Green Cambodian online te kopen bij onze Rckopen. We hebben uitsluitend te maken met Green Cambodian die te koop zijn tegen goedkope tarieven. Wij zijn hier om u te helpen. Bestel nu!\" \/>\n<meta name=\"robots\" content=\"index, follow, max-snippet:-1, max-image-preview:large, max-video-preview:-1\" \/>\n<link rel=\"canonical\" href=\"https:\/\/rckopen.com\/fr\/produit\/vert-cambodgien\/\" \/>\n<meta property=\"og:locale\" content=\"fr_FR\" \/>\n<meta property=\"og:type\" content=\"article\" \/>\n<meta property=\"og:title\" content=\"Green Cambodian online kopen - Green Cambodian online te koop\" \/>\n<meta property=\"og:description\" content=\"Mis geen enkele kans om Green Cambodian online te kopen bij onze Rckopen. We hebben uitsluitend te maken met Green Cambodian die te koop zijn tegen goedkope tarieven. Wij zijn hier om u te helpen. Bestel nu!\" \/>\n<meta property=\"og:url\" content=\"https:\/\/rckopen.com\/fr\/produit\/vert-cambodgien\/\" \/>\n<meta property=\"og:site_name\" content=\"RC Kopen\" \/>\n<meta property=\"article:modified_time\" content=\"2025-02-03T10:45:10+00:00\" \/>\n<meta property=\"og:image\" content=\"https:\/\/rckopen.com\/wp-content\/uploads\/2023\/08\/Green-Cambodian.jpg\" \/>\n\t<meta property=\"og:image:width\" content=\"600\" \/>\n\t<meta property=\"og:image:height\" content=\"600\" \/>\n\t<meta property=\"og:image:type\" content=\"image\/jpeg\" \/>\n<meta name=\"twitter:card\" content=\"summary_large_image\" \/>\n<meta name=\"twitter:label1\" content=\"Dur\u00e9e de lecture estim\u00e9e\" \/>\n\t<meta name=\"twitter:data1\" content=\"1 minute\" \/>\n<script type=\"application\/ld+json\" class=\"yoast-schema-graph\">{\"@context\":\"https:\/\/schema.org\",\"@graph\":[{\"@type\":\"WebPage\",\"@id\":\"https:\/\/rckopen.com\/product\/green-cambodian\/\",\"url\":\"https:\/\/rckopen.com\/product\/green-cambodian\/\",\"name\":\"Green Cambodian online kopen - Green Cambodian online te koop\",\"isPartOf\":{\"@id\":\"https:\/\/rckopen.com\/#website\"},\"primaryImageOfPage\":{\"@id\":\"https:\/\/rckopen.com\/product\/green-cambodian\/#primaryimage\"},\"image\":{\"@id\":\"https:\/\/rckopen.com\/product\/green-cambodian\/#primaryimage\"},\"thumbnailUrl\":\"https:\/\/rckopen.com\/wp-content\/uploads\/2023\/08\/Green-Cambodian.jpg\",\"datePublished\":\"2023-08-16T07:05:44+00:00\",\"dateModified\":\"2025-02-03T10:45:10+00:00\",\"description\":\"Mis geen enkele kans om Green Cambodian online te kopen bij onze Rckopen. We hebben uitsluitend te maken met Green Cambodian die te koop zijn tegen goedkope tarieven. Wij zijn hier om u te helpen. Bestel nu!\",\"breadcrumb\":{\"@id\":\"https:\/\/rckopen.com\/product\/green-cambodian\/#breadcrumb\"},\"inLanguage\":\"fr-FR\",\"potentialAction\":[{\"@type\":\"ReadAction\",\"target\":[\"https:\/\/rckopen.com\/product\/green-cambodian\/\"]}]},{\"@type\":\"ImageObject\",\"inLanguage\":\"fr-FR\",\"@id\":\"https:\/\/rckopen.com\/product\/green-cambodian\/#primaryimage\",\"url\":\"https:\/\/rckopen.com\/wp-content\/uploads\/2023\/08\/Green-Cambodian.jpg\",\"contentUrl\":\"https:\/\/rckopen.com\/wp-content\/uploads\/2023\/08\/Green-Cambodian.jpg\",\"width\":600,\"height\":600,\"caption\":\"Green-Cambodian online kopen\"},{\"@type\":\"BreadcrumbList\",\"@id\":\"https:\/\/rckopen.com\/product\/green-cambodian\/#breadcrumb\",\"itemListElement\":[{\"@type\":\"ListItem\",\"position\":1,\"name\":\"Home\",\"item\":\"https:\/\/rckopen.com\/\"},{\"@type\":\"ListItem\",\"position\":2,\"name\":\"Shop\",\"item\":\"https:\/\/rckopen.com\/shop\/\"},{\"@type\":\"ListItem\",\"position\":3,\"name\":\"Green Cambodian online kopen\"}]},{\"@type\":\"WebSite\",\"@id\":\"https:\/\/rckopen.com\/#website\",\"url\":\"https:\/\/rckopen.com\/\",\"name\":\"RC Kopen\",\"description\":\"Research Chemicals\",\"potentialAction\":[{\"@type\":\"SearchAction\",\"target\":{\"@type\":\"EntryPoint\",\"urlTemplate\":\"https:\/\/rckopen.com\/?s={search_term_string}\"},\"query-input\":{\"@type\":\"PropertyValueSpecification\",\"valueRequired\":true,\"valueName\":\"search_term_string\"}}],\"inLanguage\":\"fr-FR\"}]}<\/script>\n<!-- \/ Yoast SEO plugin. -->","yoast_head_json":{"title":"Green Cambodian online kopen - Green Cambodian online te koop","description":"Mis geen enkele kans om Green Cambodian online te kopen bij onze Rckopen. We hebben uitsluitend te maken met Green Cambodian die te koop zijn tegen goedkope tarieven. Wij zijn hier om u te helpen. Bestel nu!","robots":{"index":"index","follow":"follow","max-snippet":"max-snippet:-1","max-image-preview":"max-image-preview:large","max-video-preview":"max-video-preview:-1"},"canonical":"https:\/\/rckopen.com\/fr\/produit\/vert-cambodgien\/","og_locale":"fr_FR","og_type":"article","og_title":"Green Cambodian online kopen - Green Cambodian online te koop","og_description":"Mis geen enkele kans om Green Cambodian online te kopen bij onze Rckopen. We hebben uitsluitend te maken met Green Cambodian die te koop zijn tegen goedkope tarieven. Wij zijn hier om u te helpen. Bestel nu!","og_url":"https:\/\/rckopen.com\/fr\/produit\/vert-cambodgien\/","og_site_name":"RC Kopen","article_modified_time":"2025-02-03T10:45:10+00:00","og_image":[{"width":600,"height":600,"url":"https:\/\/rckopen.com\/wp-content\/uploads\/2023\/08\/Green-Cambodian.jpg","type":"image\/jpeg"}],"twitter_card":"summary_large_image","twitter_misc":{"Dur\u00e9e de lecture estim\u00e9e":"1 minute"},"schema":{"@context":"https:\/\/schema.org","@graph":[{"@type":"WebPage","@id":"https:\/\/rckopen.com\/product\/green-cambodian\/","url":"https:\/\/rckopen.com\/product\/green-cambodian\/","name":"Green Cambodian online kopen - Green Cambodian online te koop","isPartOf":{"@id":"https:\/\/rckopen.com\/#website"},"primaryImageOfPage":{"@id":"https:\/\/rckopen.com\/product\/green-cambodian\/#primaryimage"},"image":{"@id":"https:\/\/rckopen.com\/product\/green-cambodian\/#primaryimage"},"thumbnailUrl":"https:\/\/rckopen.com\/wp-content\/uploads\/2023\/08\/Green-Cambodian.jpg","datePublished":"2023-08-16T07:05:44+00:00","dateModified":"2025-02-03T10:45:10+00:00","description":"Mis geen enkele kans om Green Cambodian online te kopen bij onze Rckopen. We hebben uitsluitend te maken met Green Cambodian die te koop zijn tegen goedkope tarieven. Wij zijn hier om u te helpen. Bestel nu!","breadcrumb":{"@id":"https:\/\/rckopen.com\/product\/green-cambodian\/#breadcrumb"},"inLanguage":"fr-FR","potentialAction":[{"@type":"ReadAction","target":["https:\/\/rckopen.com\/product\/green-cambodian\/"]}]},{"@type":"ImageObject","inLanguage":"fr-FR","@id":"https:\/\/rckopen.com\/product\/green-cambodian\/#primaryimage","url":"https:\/\/rckopen.com\/wp-content\/uploads\/2023\/08\/Green-Cambodian.jpg","contentUrl":"https:\/\/rckopen.com\/wp-content\/uploads\/2023\/08\/Green-Cambodian.jpg","width":600,"height":600,"caption":"Green-Cambodian online kopen"},{"@type":"BreadcrumbList","@id":"https:\/\/rckopen.com\/product\/green-cambodian\/#breadcrumb","itemListElement":[{"@type":"ListItem","position":1,"name":"Home","item":"https:\/\/rckopen.com\/"},{"@type":"ListItem","position":2,"name":"Shop","item":"https:\/\/rckopen.com\/shop\/"},{"@type":"ListItem","position":3,"name":"Green Cambodian online kopen"}]},{"@type":"WebSite","@id":"https:\/\/rckopen.com\/#website","url":"https:\/\/rckopen.com\/","name":"RC Kopen","description":"Research Chemicals","potentialAction":[{"@type":"SearchAction","target":{"@type":"EntryPoint","urlTemplate":"https:\/\/rckopen.com\/?s={search_term_string}"},"query-input":{"@type":"PropertyValueSpecification","valueRequired":true,"valueName":"search_term_string"}}],"inLanguage":"fr-FR"}]}},"_links":{"self":[{"href":"https:\/\/rckopen.com\/fr\/wp-json\/wp\/v2\/product\/6547","targetHints":{"allow":["GET"]}}],"collection":[{"href":"https:\/\/rckopen.com\/fr\/wp-json\/wp\/v2\/product"}],"about":[{"href":"https:\/\/rckopen.com\/fr\/wp-json\/wp\/v2\/types\/product"}],"replies":[{"embeddable":true,"href":"https:\/\/rckopen.com\/fr\/wp-json\/wp\/v2\/comments?post=6547"}],"wp:featuredmedia":[{"embeddable":true,"href":"https:\/\/rckopen.com\/fr\/wp-json\/wp\/v2\/media\/6557"}],"wp:attachment":[{"href":"https:\/\/rckopen.com\/fr\/wp-json\/wp\/v2\/media?parent=6547"}],"wp:term":[{"taxonomy":"product_brand","embeddable":true,"href":"https:\/\/rckopen.com\/fr\/wp-json\/wp\/v2\/product_brand?post=6547"},{"taxonomy":"product_cat","embeddable":true,"href":"https:\/\/rckopen.com\/fr\/wp-json\/wp\/v2\/product_cat?post=6547"},{"taxonomy":"product_tag","embeddable":true,"href":"https:\/\/rckopen.com\/fr\/wp-json\/wp\/v2\/product_tag?post=6547"}],"curies":[{"name":"wp","href":"https:\/\/api.w.org\/{rel}","templated":true}]}}