{"id":6565,"date":"2023-08-16T08:51:55","date_gmt":"2023-08-16T08:51:55","guid":{"rendered":"https:\/\/diligentplug.com\/chems\/?post_type=product&#038;p=6565"},"modified":"2026-03-09T06:14:39","modified_gmt":"2026-03-09T06:14:39","slug":"2-methyl-ap-237-hcl","status":"publish","type":"product","link":"https:\/\/rckopen.com\/fr\/produit\/2-methyl-ap-237-hcl\/","title":{"rendered":"Acheter 2-METHYL-AP-237.HCL en ligne"},"content":{"rendered":"<h2><b>2-METHYL-AP-237.HCL Online Kopen \u2013 Premium Kwaliteit en Betrouwbare Bron<\/b><\/h2>\n<h3><b>Qu'est-ce que le 2-METHYL-AP-237.HCL ?<\/b><\/h3>\n<p><span style=\"font-weight: 400;\"><a href=\"https:\/\/rckopen.com\/fr\/produit\/2-methyl-ap-237-hcl\/\"><strong>2-M\u00c9THYL-AP-237.HCL<\/strong><\/a> Il s'agit d'un chlorhydrate sp\u00e9cialis\u00e9, largement utilis\u00e9 dans la recherche scientifique et l'industrie pharmaceutique. Sa grande puret\u00e9 et sa stabilit\u00e9 en font un produit chimique essentiel pour de nombreux proc\u00e9d\u00e9s exp\u00e9rimentaux et de synth\u00e8se. Ses propri\u00e9t\u00e9s mol\u00e9culaires uniques en font un produit pr\u00e9cieux pour les chercheurs et les professionnels \u00e0 la recherche de mat\u00e9riaux fiables et de haute qualit\u00e9.<\/span><\/p>\n<h3><b>Utilisations courantes et importance<\/b><\/h3>\n<p><span style=\"font-weight: 400;\">Le 2-m\u00e9thyl-AP-237.HCl est largement utilis\u00e9 en synth\u00e8se chimique avanc\u00e9e et en d\u00e9veloppement pharmaceutique. Il joue un r\u00f4le crucial dans la recherche innovante et la formulation de produits. Sa contribution \u00e0 des r\u00e9actions plus efficaces et stables en fait un composant indispensable pour les laboratoires et les industries \u00e0 la pointe de la science et de la technologie.<\/span><\/p>\n<h3><b>Statut juridique<\/b><\/h3>\n<h4><b>Aper\u00e7u du statut juridique mondial et r\u00e9gional<\/b><\/h4>\n<p><span style=\"font-weight: 400;\">Le statut l\u00e9gal du 2-m\u00e9thyl-AP-237.HCl varie selon les pays et les r\u00e9gions. Dans de nombreuses zones, il est consid\u00e9r\u00e9 comme un produit chimique r\u00e9glement\u00e9 n\u00e9cessitant une documentation et des autorisations sp\u00e9cifiques pour son achat et son utilisation. Il est imp\u00e9ratif de toujours v\u00e9rifier la l\u00e9gislation et la r\u00e9glementation locales avant toute utilisation. <\/span><a href=\"https:\/\/en.wikipedia.org\/wiki\/Bucinnazine\"><b>Acheter du 2-METHYL-AP-237.HCL en ligne<\/b><\/a><span style=\"font-weight: 400;\">.<\/span><\/p>\n<h4><b>Importance du respect de la loi<\/b><\/h4>\n<p><span style=\"font-weight: 400;\">Le respect des r\u00e9glementations l\u00e9gales vous prot\u00e8ge des amendes, des poursuites judiciaires et des saisies de marchandises. De plus, il contribue \u00e0 un approvisionnement et \u00e0 une utilisation responsables, essentiels au respect des normes de s\u00e9curit\u00e9 et d'\u00e9thique dans la recherche scientifique.<\/span><\/p>\n<h3><b>O\u00f9 acheter du 2-METHYL-AP-237.HCL en ligne<\/b><\/h3>\n<h4><b>Fournisseurs fiables et r\u00e9put\u00e9s<\/b><\/h4>\n<p><span style=\"font-weight: 400;\">Bij het <\/span><b>Commander du 2-METHYL-AP-237.HCL en ligne<\/b><span style=\"font-weight: 400;\"> Choisir un fournisseur fiable est essentiel. Les vendeurs r\u00e9put\u00e9s proposent des produits certifi\u00e9s de haute qualit\u00e9, avec une transparence totale quant \u00e0 leur puret\u00e9 et leur origine. Privil\u00e9giez les fournisseurs qui peuvent afficher leurs certifications, qui b\u00e9n\u00e9ficient d'avis clients positifs et qui offrent un excellent service client.<\/span><\/p>\n<h4><b>Risques li\u00e9s \u00e0 l'achat aupr\u00e8s de sources inconnues<\/b><\/h4>\n<p><span style=\"font-weight: 400;\">Acheter aupr\u00e8s de vendeurs peu fiables ou inconnus peut entra\u00eener la r\u00e9ception de contrefa\u00e7ons ou de produits chimiques de mauvaise qualit\u00e9, ce qui peut compromettre des exp\u00e9riences et pr\u00e9senter des risques pour la sant\u00e9. Ces vendeurs peuvent \u00e9galement avoir recours \u00e0 des pratiques d'exp\u00e9dition d\u00e9faillantes, provoquant des retards ou la perte des produits.<\/span><\/p>\n<h3><b>Hoe de Echtheid van het Product te Verifi\u00ebren<\/b><\/h3>\n<h4><b>Beoordelingen en Klantfeedback<\/b><\/h4>\n<p><span style=\"font-weight: 400;\">Les avis et commentaires des clients fournissent des informations pr\u00e9cieuses sur la fiabilit\u00e9 du fournisseur et la qualit\u00e9 de ses produits. Les avis positifs et la fid\u00e9lit\u00e9 des clients sont souvent le signe d'une source fiable.<\/span><\/p>\n<h3><b>Modes de paiement et s\u00e9curit\u00e9<\/b><\/h3>\n<h4><b>Options de paiement couramment utilis\u00e9es<\/b><\/h4>\n<p><span style=\"font-weight: 400;\">Les prestataires fiables acceptent divers modes de paiement s\u00e9curis\u00e9s, notamment les cryptomonnaies (comme le Bitcoin et l'Ethereum), les cartes de cr\u00e9dit et les virements bancaires. Ces options offrent flexibilit\u00e9 et protection des paiements.<\/span><\/p>\n<h4><b>Tips voor Veilige Transacties<\/b><\/h4>\n<p><span style=\"font-weight: 400;\">Utilisez des plateformes de paiement s\u00e9curis\u00e9es, ne partagez que les informations personnelles n\u00e9cessaires et v\u00e9rifiez les r\u00e9f\u00e9rences du fournisseur avant de payer. Les fournisseurs proposant des processus de paiement crypt\u00e9s renforcent consid\u00e9rablement votre s\u00e9curit\u00e9.<\/span><\/p>\n<h3><b>Exp\u00e9dition et livraison<\/b><\/h3>\n<h4><b>D\u00e9lais et m\u00e9thodes d'exp\u00e9dition habituels<\/b><\/h4>\n<p><span style=\"font-weight: 400;\">La plupart des fournisseurs r\u00e9put\u00e9s proposent un emballage discret et une livraison fiable avec suivi. Les d\u00e9lais de livraison varient selon la destination et peuvent aller de quelques jours \u00e0 deux semaines, en fonction des services douaniers et des transporteurs.<\/span><\/p>\n<h4><b>Omgaan met Douane en Invoerverplichtingen<\/b><\/h4>\n<p><span style=\"font-weight: 400;\">Il est important de bien comprendre la r\u00e9glementation en mati\u00e8re d'importation de votre pays. Certains produits chimiques peuvent \u00eatre soumis \u00e0 des restrictions ou n\u00e9cessiter des documents de d\u00e9douanement. Choisissez des fournisseurs qui proposent des conseils sur l'exp\u00e9dition et les formalit\u00e9s douani\u00e8res afin d'\u00e9viter les retards ou les saisies.<\/span><\/p>\n<h3><b>Risques potentiels et pr\u00e9cautions<\/b><\/h3>\n<h4><b>Probl\u00e8mes de contr\u00f4le de la qualit\u00e9<\/b><\/h4>\n<p><span style=\"font-weight: 400;\">Les produits de mauvaise qualit\u00e9 ou contrefaits peuvent nuire aux r\u00e9sultats de vos recherches. Pour \u00e9viter ces probl\u00e8mes, v\u00e9rifiez toujours la qualit\u00e9 des produits et achetez-les aupr\u00e8s de fournisseurs r\u00e9put\u00e9s.<\/span><\/p>\n<h4><b>Avertissements en mati\u00e8re de sant\u00e9 et de s\u00e9curit\u00e9<\/b><\/h4>\n<p><span style=\"font-weight: 400;\">Manipulez toujours le 2-m\u00e9thyl-AP-237.HCl avec un \u00e9quipement de protection appropri\u00e9 et respectez les protocoles de s\u00e9curit\u00e9 du laboratoire. Une utilisation incorrecte peut pr\u00e9senter des risques pour la sant\u00e9 en raison de sa nature chimique.<\/span><\/p>\n<h3><b>Conclusion<\/b><\/h3>\n<p><span style=\"font-weight: 400;\">Si vous souhaitez du 2-METHYL-AP-237.HCl <\/span><a href=\"https:\/\/rckopen.com\/fr\/\"><b>acheter en ligne \u00e0 petit prix<\/b><\/a><span style=\"font-weight: 400;\">Sans faire de compromis sur la qualit\u00e9, le choix du bon fournisseur est essentiel. Nous proposons du 2-METHYL-AP-237.HCL de qualit\u00e9 sup\u00e9rieure, d'une puret\u00e9 garantie, avec des options de paiement s\u00e9curis\u00e9es et une livraison rapide, ce qui fait de nous le partenaire id\u00e9al. <\/span><b>Meilleur endroit pour acheter du 2-METHYL-AP-237.HCL en ligne<\/b><span style=\"font-weight: 400;\">Commandez d\u00e8s aujourd'hui et recevez des produits authentiques et fiables qui r\u00e9pondent parfaitement \u00e0 vos besoins scientifiques et industriels.<\/span><\/p>","protected":false},"excerpt":{"rendered":"<p><strong>Nom IUPAC : <\/strong>1-(4-cinnamyl-2-m\u00e9thylpip\u00e9razine-1-yl)butan-1-one<\/p>\n<p><strong>Apparence : <\/strong>poudre<\/p>\n<p><strong>Analyse RMN : <\/strong>C18H26N2O<\/p>","protected":false},"featured_media":6576,"comment_status":"open","ping_status":"closed","template":"","meta":{"_joinchat":[]},"product_brand":[],"product_cat":[141],"product_tag":[],"class_list":{"0":"post-6565","1":"product","2":"type-product","3":"status-publish","4":"has-post-thumbnail","6":"product_cat-anderen","8":"first","9":"instock","10":"shipping-taxable","11":"purchasable","12":"product-type-variable"},"yoast_head":"<!-- This site is optimized with the Yoast SEO plugin v26.3 - https:\/\/yoast.com\/wordpress\/plugins\/seo\/ -->\n<title>2-methyl-AP-237-HCL Online Kopen - 2-methyl-AP-237-HCl te koop<\/title>\n<meta name=\"description\" content=\"Mis geen kans om 2-methyl-ap-237-hcl online kopen van onze Rckopen. We hebben uitsluitend te maken met 2-methyl-ap-237-hcl, te koop tegen goedkope tarieven.\" \/>\n<meta name=\"robots\" content=\"index, follow, max-snippet:-1, max-image-preview:large, max-video-preview:-1\" \/>\n<link rel=\"canonical\" href=\"https:\/\/rckopen.com\/fr\/produit\/2-methyl-ap-237-hcl\/\" \/>\n<meta property=\"og:locale\" content=\"fr_FR\" \/>\n<meta property=\"og:type\" content=\"article\" \/>\n<meta property=\"og:title\" content=\"2-methyl-AP-237-HCL Online Kopen - 2-methyl-AP-237-HCl te koop\" \/>\n<meta property=\"og:description\" content=\"Mis geen kans om 2-methyl-ap-237-hcl online kopen van onze Rckopen. We hebben uitsluitend te maken met 2-methyl-ap-237-hcl, te koop tegen goedkope tarieven.\" \/>\n<meta property=\"og:url\" content=\"https:\/\/rckopen.com\/fr\/produit\/2-methyl-ap-237-hcl\/\" \/>\n<meta property=\"og:site_name\" content=\"RC Kopen\" \/>\n<meta property=\"article:modified_time\" content=\"2026-03-09T06:14:39+00:00\" \/>\n<meta property=\"og:image\" content=\"https:\/\/rckopen.com\/wp-content\/uploads\/2023\/08\/2-METHYL-AP-237.HCL_.jpg\" \/>\n\t<meta property=\"og:image:width\" content=\"600\" \/>\n\t<meta property=\"og:image:height\" content=\"600\" \/>\n\t<meta property=\"og:image:type\" content=\"image\/jpeg\" \/>\n<meta name=\"twitter:card\" content=\"summary_large_image\" \/>\n<meta name=\"twitter:label1\" content=\"Dur\u00e9e de lecture estim\u00e9e\" \/>\n\t<meta name=\"twitter:data1\" content=\"3 minutes\" \/>\n<script type=\"application\/ld+json\" class=\"yoast-schema-graph\">{\"@context\":\"https:\/\/schema.org\",\"@graph\":[{\"@type\":\"WebPage\",\"@id\":\"https:\/\/rckopen.com\/product\/2-methyl-ap-237-hcl\/\",\"url\":\"https:\/\/rckopen.com\/product\/2-methyl-ap-237-hcl\/\",\"name\":\"2-methyl-AP-237-HCL Online Kopen - 2-methyl-AP-237-HCl te koop\",\"isPartOf\":{\"@id\":\"https:\/\/rckopen.com\/#website\"},\"primaryImageOfPage\":{\"@id\":\"https:\/\/rckopen.com\/product\/2-methyl-ap-237-hcl\/#primaryimage\"},\"image\":{\"@id\":\"https:\/\/rckopen.com\/product\/2-methyl-ap-237-hcl\/#primaryimage\"},\"thumbnailUrl\":\"https:\/\/rckopen.com\/wp-content\/uploads\/2023\/08\/2-METHYL-AP-237.HCL_.jpg\",\"datePublished\":\"2023-08-16T08:51:55+00:00\",\"dateModified\":\"2026-03-09T06:14:39+00:00\",\"description\":\"Mis geen kans om 2-methyl-ap-237-hcl online kopen van onze Rckopen. We hebben uitsluitend te maken met 2-methyl-ap-237-hcl, te koop tegen goedkope tarieven.\",\"breadcrumb\":{\"@id\":\"https:\/\/rckopen.com\/product\/2-methyl-ap-237-hcl\/#breadcrumb\"},\"inLanguage\":\"fr-FR\",\"potentialAction\":[{\"@type\":\"ReadAction\",\"target\":[\"https:\/\/rckopen.com\/product\/2-methyl-ap-237-hcl\/\"]}]},{\"@type\":\"ImageObject\",\"inLanguage\":\"fr-FR\",\"@id\":\"https:\/\/rckopen.com\/product\/2-methyl-ap-237-hcl\/#primaryimage\",\"url\":\"https:\/\/rckopen.com\/wp-content\/uploads\/2023\/08\/2-METHYL-AP-237.HCL_.jpg\",\"contentUrl\":\"https:\/\/rckopen.com\/wp-content\/uploads\/2023\/08\/2-METHYL-AP-237.HCL_.jpg\",\"width\":600,\"height\":600,\"caption\":\"2-METHYL-AP-237.HCL Online Kopen\"},{\"@type\":\"BreadcrumbList\",\"@id\":\"https:\/\/rckopen.com\/product\/2-methyl-ap-237-hcl\/#breadcrumb\",\"itemListElement\":[{\"@type\":\"ListItem\",\"position\":1,\"name\":\"Home\",\"item\":\"https:\/\/rckopen.com\/\"},{\"@type\":\"ListItem\",\"position\":2,\"name\":\"Shop\",\"item\":\"https:\/\/rckopen.com\/shop\/\"},{\"@type\":\"ListItem\",\"position\":3,\"name\":\"2-METHYL-AP-237.HCL Online Kopen\"}]},{\"@type\":\"WebSite\",\"@id\":\"https:\/\/rckopen.com\/#website\",\"url\":\"https:\/\/rckopen.com\/\",\"name\":\"RC Kopen\",\"description\":\"Research Chemicals\",\"potentialAction\":[{\"@type\":\"SearchAction\",\"target\":{\"@type\":\"EntryPoint\",\"urlTemplate\":\"https:\/\/rckopen.com\/?s={search_term_string}\"},\"query-input\":{\"@type\":\"PropertyValueSpecification\",\"valueRequired\":true,\"valueName\":\"search_term_string\"}}],\"inLanguage\":\"fr-FR\"}]}<\/script>\n<!-- \/ Yoast SEO plugin. -->","yoast_head_json":{"title":"2-methyl-AP-237-HCL Online Kopen - 2-methyl-AP-237-HCl te koop","description":"Mis geen kans om 2-methyl-ap-237-hcl online kopen van onze Rckopen. We hebben uitsluitend te maken met 2-methyl-ap-237-hcl, te koop tegen goedkope tarieven.","robots":{"index":"index","follow":"follow","max-snippet":"max-snippet:-1","max-image-preview":"max-image-preview:large","max-video-preview":"max-video-preview:-1"},"canonical":"https:\/\/rckopen.com\/fr\/produit\/2-methyl-ap-237-hcl\/","og_locale":"fr_FR","og_type":"article","og_title":"2-methyl-AP-237-HCL Online Kopen - 2-methyl-AP-237-HCl te koop","og_description":"Mis geen kans om 2-methyl-ap-237-hcl online kopen van onze Rckopen. We hebben uitsluitend te maken met 2-methyl-ap-237-hcl, te koop tegen goedkope tarieven.","og_url":"https:\/\/rckopen.com\/fr\/produit\/2-methyl-ap-237-hcl\/","og_site_name":"RC Kopen","article_modified_time":"2026-03-09T06:14:39+00:00","og_image":[{"width":600,"height":600,"url":"https:\/\/rckopen.com\/wp-content\/uploads\/2023\/08\/2-METHYL-AP-237.HCL_.jpg","type":"image\/jpeg"}],"twitter_card":"summary_large_image","twitter_misc":{"Dur\u00e9e de lecture estim\u00e9e":"3 minutes"},"schema":{"@context":"https:\/\/schema.org","@graph":[{"@type":"WebPage","@id":"https:\/\/rckopen.com\/product\/2-methyl-ap-237-hcl\/","url":"https:\/\/rckopen.com\/product\/2-methyl-ap-237-hcl\/","name":"2-methyl-AP-237-HCL Online Kopen - 2-methyl-AP-237-HCl te koop","isPartOf":{"@id":"https:\/\/rckopen.com\/#website"},"primaryImageOfPage":{"@id":"https:\/\/rckopen.com\/product\/2-methyl-ap-237-hcl\/#primaryimage"},"image":{"@id":"https:\/\/rckopen.com\/product\/2-methyl-ap-237-hcl\/#primaryimage"},"thumbnailUrl":"https:\/\/rckopen.com\/wp-content\/uploads\/2023\/08\/2-METHYL-AP-237.HCL_.jpg","datePublished":"2023-08-16T08:51:55+00:00","dateModified":"2026-03-09T06:14:39+00:00","description":"Mis geen kans om 2-methyl-ap-237-hcl online kopen van onze Rckopen. We hebben uitsluitend te maken met 2-methyl-ap-237-hcl, te koop tegen goedkope tarieven.","breadcrumb":{"@id":"https:\/\/rckopen.com\/product\/2-methyl-ap-237-hcl\/#breadcrumb"},"inLanguage":"fr-FR","potentialAction":[{"@type":"ReadAction","target":["https:\/\/rckopen.com\/product\/2-methyl-ap-237-hcl\/"]}]},{"@type":"ImageObject","inLanguage":"fr-FR","@id":"https:\/\/rckopen.com\/product\/2-methyl-ap-237-hcl\/#primaryimage","url":"https:\/\/rckopen.com\/wp-content\/uploads\/2023\/08\/2-METHYL-AP-237.HCL_.jpg","contentUrl":"https:\/\/rckopen.com\/wp-content\/uploads\/2023\/08\/2-METHYL-AP-237.HCL_.jpg","width":600,"height":600,"caption":"2-METHYL-AP-237.HCL Online Kopen"},{"@type":"BreadcrumbList","@id":"https:\/\/rckopen.com\/product\/2-methyl-ap-237-hcl\/#breadcrumb","itemListElement":[{"@type":"ListItem","position":1,"name":"Home","item":"https:\/\/rckopen.com\/"},{"@type":"ListItem","position":2,"name":"Shop","item":"https:\/\/rckopen.com\/shop\/"},{"@type":"ListItem","position":3,"name":"2-METHYL-AP-237.HCL Online Kopen"}]},{"@type":"WebSite","@id":"https:\/\/rckopen.com\/#website","url":"https:\/\/rckopen.com\/","name":"RC Kopen","description":"Research Chemicals","potentialAction":[{"@type":"SearchAction","target":{"@type":"EntryPoint","urlTemplate":"https:\/\/rckopen.com\/?s={search_term_string}"},"query-input":{"@type":"PropertyValueSpecification","valueRequired":true,"valueName":"search_term_string"}}],"inLanguage":"fr-FR"}]}},"_links":{"self":[{"href":"https:\/\/rckopen.com\/fr\/wp-json\/wp\/v2\/product\/6565","targetHints":{"allow":["GET"]}}],"collection":[{"href":"https:\/\/rckopen.com\/fr\/wp-json\/wp\/v2\/product"}],"about":[{"href":"https:\/\/rckopen.com\/fr\/wp-json\/wp\/v2\/types\/product"}],"replies":[{"embeddable":true,"href":"https:\/\/rckopen.com\/fr\/wp-json\/wp\/v2\/comments?post=6565"}],"wp:featuredmedia":[{"embeddable":true,"href":"https:\/\/rckopen.com\/fr\/wp-json\/wp\/v2\/media\/6576"}],"wp:attachment":[{"href":"https:\/\/rckopen.com\/fr\/wp-json\/wp\/v2\/media?parent=6565"}],"wp:term":[{"taxonomy":"product_brand","embeddable":true,"href":"https:\/\/rckopen.com\/fr\/wp-json\/wp\/v2\/product_brand?post=6565"},{"taxonomy":"product_cat","embeddable":true,"href":"https:\/\/rckopen.com\/fr\/wp-json\/wp\/v2\/product_cat?post=6565"},{"taxonomy":"product_tag","embeddable":true,"href":"https:\/\/rckopen.com\/fr\/wp-json\/wp\/v2\/product_tag?post=6565"}],"curies":[{"name":"wp","href":"https:\/\/api.w.org\/{rel}","templated":true}]}}