{"id":6566,"date":"2023-08-16T08:54:54","date_gmt":"2023-08-16T08:54:54","guid":{"rendered":"https:\/\/diligentplug.com\/chems\/?post_type=product&#038;p=6566"},"modified":"2025-02-04T06:58:36","modified_gmt":"2025-02-04T06:58:36","slug":"o-dsmt-hcl","status":"publish","type":"product","link":"https:\/\/rckopen.com\/fr\/produit\/o-dsmt-hcl\/","title":{"rendered":"Acheter O-DSMT HCL en ligne"},"content":{"rendered":"<h2>Algemene informatie over O-DSMT HCL Online kopen<\/h2>\n<p>Le chlorhydrate d'O-Desmethyltramadol (O-DSMT HCl) est un produit chimique de recherche structurellement apparent\u00e9 au tramadol. Il est commun\u00e9ment connu sous d'autres noms, tels que desmetramadol ou O-dsmt. L'O-DSMT est un m\u00e9tabolite du tramadol.<\/p>\n<p>La poudre d'O-DSMT a \u00e9t\u00e9 \u00e9tudi\u00e9e pour ses propri\u00e9t\u00e9s sp\u00e9cifiques et il a \u00e9t\u00e9 d\u00e9montr\u00e9 qu'elle avait des effets similaires \u00e0 ceux du tramadol. Il agit fondamentalement comme un agoniste des r\u00e9cepteurs mu-opio\u00efdes, en se liant \u00e0 ces derniers et en les activant.<\/p>\n<p>En tant que produit chimique destin\u00e9 \u00e0 la recherche, l'O-DSMT HCl peut \u00eatre obtenu aupr\u00e8s de fournisseurs sp\u00e9cialis\u00e9s ou de fournisseurs qui s'adressent \u00e0 la communaut\u00e9 des chercheurs. Les chercheurs peuvent l'utiliser pour \u00e9tudier ses propri\u00e9t\u00e9s pharmacologiques, analyser ses effets ou explorer ses applications potentielles dans diff\u00e9rents domaines.<\/p>\n<p>Il est n\u00e9cessaire de noter que les propri\u00e9t\u00e9s et les m\u00e9canismes pharmacologiques sp\u00e9cifiques de l'O-DSMT font encore l'objet d'\u00e9tudes et que des recherches suppl\u00e9mentaires sont n\u00e9cessaires pour comprendre pleinement son action et ses effets potentiels. En outre, la pharmacocin\u00e9tique, le m\u00e9tabolisme et le profil de s\u00e9curit\u00e9 de l'O-DSMT peuvent varier d'une \u00e9tude \u00e0 l'autre.<\/p>\n<h3>Composition chimique de l'O-DSMT HCL<\/h3>\n<p>La composition chimique du chlorhydrate d'O-Desmethyltramadol (O-DSMT HCl) est la suivante :<\/p>\n<p>1. O-Desmethyltramadol (O-DSMT) : Le principal ingr\u00e9dient actif du chlorhydrate de O-DSMT est l'O-Desmethyltramadol, le principal m\u00e9tabolite du tramadol. L'O-DSMT est structurellement apparent\u00e9 au tramadol, mais ne poss\u00e8de pas le groupe N-m\u00e9thyle de la mol\u00e9cule m\u00e8re.<\/p>\n<p>2. Chlorhydrate (HCl) : L'O-DSMT est g\u00e9n\u00e9ralement administr\u00e9 sous forme de sel de chlorhydrate, connu sous le nom d'O-DSMT HCl. L'ajout de chlorhydrate \u00e0 l'O-DSMT am\u00e9liore sa stabilit\u00e9 et sa solubilit\u00e9, ce qui le rend adapt\u00e9 \u00e0 la recherche.<\/p>\n<p>La structure chimique de l'O-Desmethyltramadol (O-DSMT) est similaire \u00e0 celle du tramadol, mais sans le groupe N-m\u00e9thyl. Elle peut \u00eatre repr\u00e9sent\u00e9e comme suit :<\/p>\n<p>O-Desmethyltramadol (O-DSMT) :<\/p>\n<p>Formule chimique : C15H23NO2<\/p>\n<p>Cette formule indique que l'O-DSMT HCL est constitu\u00e9 de quinze atomes de carbone (C15), vingt-trois atomes d'hydrog\u00e8ne (H23), un atome d'azote (N) et deux atomes d'oxyg\u00e8ne (O2).<\/p>\n<p>Poids mol\u00e9culaire : environ 249,35 g\/mol<\/p>\n<p>Poids mol\u00e9culaire : variable (le poids du groupe HCl est ajout\u00e9 au poids de l'O-DSMT pour former l'O-DSMT HCl)<\/p>\n<h3>Achetez du O-DSMT HCL de haute qualit\u00e9 en ligne.<\/h3>\n<p>RC Buy a de nombreuses ann\u00e9es d'exp\u00e9rience dans l'industrie de la conception de produits chimiques de recherche, de sorte que nous sommes en mesure de garantir les meilleurs de ces produits chimiques de recherche. L'achat de O-DSMT HCL est facile et de qualit\u00e9 sup\u00e9rieure. Le co\u00fbt de l'O-DSMT HCL est inf\u00e9rieur \u00e0 celui des autres organisations. Les produits chimiques de recherche, y compris l'O-DSMT HCL, r\u00e9pondent \u00e0 toutes les exigences de s\u00e9curit\u00e9. Les substances synth\u00e9tiques de recherche sont distribu\u00e9es avec soin et stock\u00e9es dans un endroit frais et sec.<\/p>\n<p>La qualit\u00e9, la s\u00e9curit\u00e9 et la puret\u00e9 de tous les produits chimiques sont syst\u00e9matiquement \u00e9valu\u00e9es. Conserver l'O-DSMT HCL \u00e0 temp\u00e9rature ambiante. Il est destin\u00e9 \u00e0 la recherche, pour ainsi dire.<\/p>\n<p>Nos articles sont propos\u00e9s \u00e0 un prix raisonnable et vous pouvez acheter la substance de recherche O-DSMT HCL en ligne \u00e0 des prix exceptionnellement modestes.<\/p>\n<h3>L'O-DSMT HCL a \u00e9t\u00e9 test\u00e9 en laboratoire et a donn\u00e9 des r\u00e9sultats.<\/h3>\n<p>R\u00e9aliser de nouveaux progr\u00e8s pour satisfaire l'ensemble de ses clients. Plusieurs enqu\u00eates ont montr\u00e9 que les clients demandent autant de donn\u00e9es que pr\u00e9vu avant d'acheter des produits chimiques de recherche synth\u00e9tiques. En outre, nous publions toutes les cons\u00e9quences en laboratoire de chaque produit chimique de recherche dans un document PDF.<\/p>\n<p>Notre O-DSMT HCL r\u00e9pond de mani\u00e8re coh\u00e9rente aux principes actifs et est visible par tous.<\/p>\n<p>Nous distribuons toutes les cons\u00e9quences de laboratoire de chaque produit chimique de recherche sur un document PDF.<\/p>\n<h3>Commande s\u00e9curis\u00e9e de poudre O-DSMT.<\/h3>\n<p>Les produits chimiques de recherche de RC Kopen sont d'excellente qualit\u00e9 et \u00e0 un prix raisonnable. C'est pourquoi, lorsque vous demandez vos produits chimiques de recherche \u00e0 RC Kopen, nous vous garantissons que votre demande sera transmise \u00e0 votre laboratoire de recherche rapidement et en toute s\u00e9curit\u00e9, car les ventes de produits chimiques de recherche sont toujours disponibles chez RC Kopen.<\/p>\n<p>Chez RC Kopen, il est facile de demander des compos\u00e9s de recherche synth\u00e9tiques avec des bitcoins ou des virements bancaires.<\/p>\n<p>Nous exp\u00e9dions les produits chimiques de recherche le m\u00eame jour ouvrable si le paiement est re\u00e7u avant 15:00 CEST.<\/p>\n<p>Nous ne livrons pas d'articles aux personnes \u00e2g\u00e9es de moins de 18 ans !<\/p>\n<p>L'O-DSMT mis en vente l'est uniquement \u00e0 des fins de recherche.<\/p>\n<p><strong>Exp\u00e9dition discr\u00e8te de produits chimiques destin\u00e9s \u00e0 la recherche.<\/strong><\/p>\n<p>RC Kopen emballe votre commande de mani\u00e8re s\u00fbre et s\u00e9curis\u00e9e afin d'assurer un transport ad\u00e9quat. En outre, nous emballons de mani\u00e8re parfaitement discr\u00e8te, et rien n'est montr\u00e9 \u00e0 l'ext\u00e9rieur de ce qui pourrait se trouver \u00e0 l'int\u00e9rieur.<\/p>","protected":false},"excerpt":{"rendered":"<p><strong>Nom IUPAC : <\/strong>3-(2-((dim\u00e9thylamino)m\u00e9thyl)-1-hydroxycyclohexyl)ph\u00e9nol<\/p>\n<p><strong>CAS # <\/strong>80456-81-1<\/p>\n<p><strong>Autre nom : <\/strong>O-Desm\u00e9thyltramadol<\/p>\n<p><strong>Apparence : <\/strong>poudre<\/p>\n<p><strong>Analyse RMN : <\/strong>C15H23NO2<\/p>","protected":false},"featured_media":6577,"comment_status":"open","ping_status":"closed","template":"","meta":{"_joinchat":[]},"product_brand":[],"product_cat":[141],"product_tag":[],"class_list":{"0":"post-6566","1":"product","2":"type-product","3":"status-publish","4":"has-post-thumbnail","6":"product_cat-anderen","8":"first","9":"instock","10":"shipping-taxable","11":"purchasable","12":"product-type-variable"},"yoast_head":"<!-- This site is optimized with the Yoast SEO plugin v26.3 - https:\/\/yoast.com\/wordpress\/plugins\/seo\/ -->\n<title>O Dsmt Hcl online kopen - O Dsmt Hcl te koop | RC Kopen<\/title>\n<meta name=\"description\" content=\"Hier is de kans om O Dsmt Hcl te koop tegen goedkope prijzen. Onze online Rc Kopen-winkel verkoopt O Dsmt Hcl wereldwijd. Bestel om O Dsmt Hcl binnenkort online te kopen.\" \/>\n<meta name=\"robots\" content=\"index, follow, max-snippet:-1, max-image-preview:large, max-video-preview:-1\" \/>\n<link rel=\"canonical\" href=\"https:\/\/rckopen.com\/fr\/produit\/o-dsmt-hcl\/\" \/>\n<meta property=\"og:locale\" content=\"fr_FR\" \/>\n<meta property=\"og:type\" content=\"article\" \/>\n<meta property=\"og:title\" content=\"O Dsmt Hcl online kopen - O Dsmt Hcl te koop | RC Kopen\" \/>\n<meta property=\"og:description\" content=\"Hier is de kans om O Dsmt Hcl te koop tegen goedkope prijzen. Onze online Rc Kopen-winkel verkoopt O Dsmt Hcl wereldwijd. Bestel om O Dsmt Hcl binnenkort online te kopen.\" \/>\n<meta property=\"og:url\" content=\"https:\/\/rckopen.com\/fr\/produit\/o-dsmt-hcl\/\" \/>\n<meta property=\"og:site_name\" content=\"RC Kopen\" \/>\n<meta property=\"article:modified_time\" content=\"2025-02-04T06:58:36+00:00\" \/>\n<meta property=\"og:image\" content=\"https:\/\/rckopen.com\/wp-content\/uploads\/2023\/08\/O-DSMT-HCL.jpg\" \/>\n\t<meta property=\"og:image:width\" content=\"600\" \/>\n\t<meta property=\"og:image:height\" content=\"600\" \/>\n\t<meta property=\"og:image:type\" content=\"image\/jpeg\" \/>\n<meta name=\"twitter:card\" content=\"summary_large_image\" \/>\n<meta name=\"twitter:label1\" content=\"Dur\u00e9e de lecture estim\u00e9e\" \/>\n\t<meta name=\"twitter:data1\" content=\"3 minutes\" \/>\n<script type=\"application\/ld+json\" class=\"yoast-schema-graph\">{\"@context\":\"https:\/\/schema.org\",\"@graph\":[{\"@type\":\"WebPage\",\"@id\":\"https:\/\/rckopen.com\/product\/o-dsmt-hcl\/\",\"url\":\"https:\/\/rckopen.com\/product\/o-dsmt-hcl\/\",\"name\":\"O Dsmt Hcl online kopen - O Dsmt Hcl te koop | RC Kopen\",\"isPartOf\":{\"@id\":\"https:\/\/rckopen.com\/#website\"},\"primaryImageOfPage\":{\"@id\":\"https:\/\/rckopen.com\/product\/o-dsmt-hcl\/#primaryimage\"},\"image\":{\"@id\":\"https:\/\/rckopen.com\/product\/o-dsmt-hcl\/#primaryimage\"},\"thumbnailUrl\":\"https:\/\/rckopen.com\/wp-content\/uploads\/2023\/08\/O-DSMT-HCL.jpg\",\"datePublished\":\"2023-08-16T08:54:54+00:00\",\"dateModified\":\"2025-02-04T06:58:36+00:00\",\"description\":\"Hier is de kans om O Dsmt Hcl te koop tegen goedkope prijzen. Onze online Rc Kopen-winkel verkoopt O Dsmt Hcl wereldwijd. Bestel om O Dsmt Hcl binnenkort online te kopen.\",\"breadcrumb\":{\"@id\":\"https:\/\/rckopen.com\/product\/o-dsmt-hcl\/#breadcrumb\"},\"inLanguage\":\"fr-FR\",\"potentialAction\":[{\"@type\":\"ReadAction\",\"target\":[\"https:\/\/rckopen.com\/product\/o-dsmt-hcl\/\"]}]},{\"@type\":\"ImageObject\",\"inLanguage\":\"fr-FR\",\"@id\":\"https:\/\/rckopen.com\/product\/o-dsmt-hcl\/#primaryimage\",\"url\":\"https:\/\/rckopen.com\/wp-content\/uploads\/2023\/08\/O-DSMT-HCL.jpg\",\"contentUrl\":\"https:\/\/rckopen.com\/wp-content\/uploads\/2023\/08\/O-DSMT-HCL.jpg\",\"width\":600,\"height\":600,\"caption\":\"O-DSMT-HCL online kopen\"},{\"@type\":\"BreadcrumbList\",\"@id\":\"https:\/\/rckopen.com\/product\/o-dsmt-hcl\/#breadcrumb\",\"itemListElement\":[{\"@type\":\"ListItem\",\"position\":1,\"name\":\"Home\",\"item\":\"https:\/\/rckopen.com\/\"},{\"@type\":\"ListItem\",\"position\":2,\"name\":\"Shop\",\"item\":\"https:\/\/rckopen.com\/shop\/\"},{\"@type\":\"ListItem\",\"position\":3,\"name\":\"O-DSMT HCL Online kopen\"}]},{\"@type\":\"WebSite\",\"@id\":\"https:\/\/rckopen.com\/#website\",\"url\":\"https:\/\/rckopen.com\/\",\"name\":\"RC Kopen\",\"description\":\"Research Chemicals\",\"potentialAction\":[{\"@type\":\"SearchAction\",\"target\":{\"@type\":\"EntryPoint\",\"urlTemplate\":\"https:\/\/rckopen.com\/?s={search_term_string}\"},\"query-input\":{\"@type\":\"PropertyValueSpecification\",\"valueRequired\":true,\"valueName\":\"search_term_string\"}}],\"inLanguage\":\"fr-FR\"}]}<\/script>\n<!-- \/ Yoast SEO plugin. -->","yoast_head_json":{"title":"O Dsmt Hcl online kopen - O Dsmt Hcl te koop | RC Kopen","description":"Hier is de kans om O Dsmt Hcl te koop tegen goedkope prijzen. Onze online Rc Kopen-winkel verkoopt O Dsmt Hcl wereldwijd. Bestel om O Dsmt Hcl binnenkort online te kopen.","robots":{"index":"index","follow":"follow","max-snippet":"max-snippet:-1","max-image-preview":"max-image-preview:large","max-video-preview":"max-video-preview:-1"},"canonical":"https:\/\/rckopen.com\/fr\/produit\/o-dsmt-hcl\/","og_locale":"fr_FR","og_type":"article","og_title":"O Dsmt Hcl online kopen - O Dsmt Hcl te koop | RC Kopen","og_description":"Hier is de kans om O Dsmt Hcl te koop tegen goedkope prijzen. Onze online Rc Kopen-winkel verkoopt O Dsmt Hcl wereldwijd. Bestel om O Dsmt Hcl binnenkort online te kopen.","og_url":"https:\/\/rckopen.com\/fr\/produit\/o-dsmt-hcl\/","og_site_name":"RC Kopen","article_modified_time":"2025-02-04T06:58:36+00:00","og_image":[{"width":600,"height":600,"url":"https:\/\/rckopen.com\/wp-content\/uploads\/2023\/08\/O-DSMT-HCL.jpg","type":"image\/jpeg"}],"twitter_card":"summary_large_image","twitter_misc":{"Dur\u00e9e de lecture estim\u00e9e":"3 minutes"},"schema":{"@context":"https:\/\/schema.org","@graph":[{"@type":"WebPage","@id":"https:\/\/rckopen.com\/product\/o-dsmt-hcl\/","url":"https:\/\/rckopen.com\/product\/o-dsmt-hcl\/","name":"O Dsmt Hcl online kopen - O Dsmt Hcl te koop | RC Kopen","isPartOf":{"@id":"https:\/\/rckopen.com\/#website"},"primaryImageOfPage":{"@id":"https:\/\/rckopen.com\/product\/o-dsmt-hcl\/#primaryimage"},"image":{"@id":"https:\/\/rckopen.com\/product\/o-dsmt-hcl\/#primaryimage"},"thumbnailUrl":"https:\/\/rckopen.com\/wp-content\/uploads\/2023\/08\/O-DSMT-HCL.jpg","datePublished":"2023-08-16T08:54:54+00:00","dateModified":"2025-02-04T06:58:36+00:00","description":"Hier is de kans om O Dsmt Hcl te koop tegen goedkope prijzen. Onze online Rc Kopen-winkel verkoopt O Dsmt Hcl wereldwijd. Bestel om O Dsmt Hcl binnenkort online te kopen.","breadcrumb":{"@id":"https:\/\/rckopen.com\/product\/o-dsmt-hcl\/#breadcrumb"},"inLanguage":"fr-FR","potentialAction":[{"@type":"ReadAction","target":["https:\/\/rckopen.com\/product\/o-dsmt-hcl\/"]}]},{"@type":"ImageObject","inLanguage":"fr-FR","@id":"https:\/\/rckopen.com\/product\/o-dsmt-hcl\/#primaryimage","url":"https:\/\/rckopen.com\/wp-content\/uploads\/2023\/08\/O-DSMT-HCL.jpg","contentUrl":"https:\/\/rckopen.com\/wp-content\/uploads\/2023\/08\/O-DSMT-HCL.jpg","width":600,"height":600,"caption":"O-DSMT-HCL online kopen"},{"@type":"BreadcrumbList","@id":"https:\/\/rckopen.com\/product\/o-dsmt-hcl\/#breadcrumb","itemListElement":[{"@type":"ListItem","position":1,"name":"Home","item":"https:\/\/rckopen.com\/"},{"@type":"ListItem","position":2,"name":"Shop","item":"https:\/\/rckopen.com\/shop\/"},{"@type":"ListItem","position":3,"name":"O-DSMT HCL Online kopen"}]},{"@type":"WebSite","@id":"https:\/\/rckopen.com\/#website","url":"https:\/\/rckopen.com\/","name":"RC Kopen","description":"Research Chemicals","potentialAction":[{"@type":"SearchAction","target":{"@type":"EntryPoint","urlTemplate":"https:\/\/rckopen.com\/?s={search_term_string}"},"query-input":{"@type":"PropertyValueSpecification","valueRequired":true,"valueName":"search_term_string"}}],"inLanguage":"fr-FR"}]}},"_links":{"self":[{"href":"https:\/\/rckopen.com\/fr\/wp-json\/wp\/v2\/product\/6566","targetHints":{"allow":["GET"]}}],"collection":[{"href":"https:\/\/rckopen.com\/fr\/wp-json\/wp\/v2\/product"}],"about":[{"href":"https:\/\/rckopen.com\/fr\/wp-json\/wp\/v2\/types\/product"}],"replies":[{"embeddable":true,"href":"https:\/\/rckopen.com\/fr\/wp-json\/wp\/v2\/comments?post=6566"}],"wp:featuredmedia":[{"embeddable":true,"href":"https:\/\/rckopen.com\/fr\/wp-json\/wp\/v2\/media\/6577"}],"wp:attachment":[{"href":"https:\/\/rckopen.com\/fr\/wp-json\/wp\/v2\/media?parent=6566"}],"wp:term":[{"taxonomy":"product_brand","embeddable":true,"href":"https:\/\/rckopen.com\/fr\/wp-json\/wp\/v2\/product_brand?post=6566"},{"taxonomy":"product_cat","embeddable":true,"href":"https:\/\/rckopen.com\/fr\/wp-json\/wp\/v2\/product_cat?post=6566"},{"taxonomy":"product_tag","embeddable":true,"href":"https:\/\/rckopen.com\/fr\/wp-json\/wp\/v2\/product_tag?post=6566"}],"curies":[{"name":"wp","href":"https:\/\/api.w.org\/{rel}","templated":true}]}}