{"id":6567,"date":"2023-08-16T08:58:45","date_gmt":"2023-08-16T08:58:45","guid":{"rendered":"https:\/\/diligentplug.com\/chems\/?post_type=product&#038;p=6567"},"modified":"2025-09-16T08:19:25","modified_gmt":"2025-09-16T08:19:25","slug":"bromonordiazepam-pellets-25mg","status":"publish","type":"product","link":"https:\/\/rckopen.com\/fr\/produit\/bromonordiazepam-pellets-25mg\/","title":{"rendered":"bromonordiaz\u00e9pam pellets 2,5mg en ligne acheter"},"content":{"rendered":"<h2>broomordiazepam-pellets 2,5 mg online kopen<br \/>\nBromonordiazepam pellets 2,5 mg : guide d'achat complet<\/h2>\n<p>Vous souhaitez acheter des pastilles de bromonordiaz\u00e9pam 2,5 mg en ligne mais vous ne savez pas par o\u00f9 commencer ? Ne cherchez plus ! Dans ce guide d'achat, nous vous fournissons toutes les informations dont vous avez besoin pour prendre une d\u00e9cision \u00e9clair\u00e9e lors de la commande de granul\u00e9s de bromonordiaz\u00e9pam 2,5 mg en ligne.<\/p>\n<h3>Qu'est-ce que le bromonordiaze pampellets 2,5 mg ?<\/h3>\n<p>Les granul\u00e9s de bromonordiaz\u00e9pam 2,5 mg sont un type de m\u00e9dicament appartenant \u00e0 la famille des benzodiaz\u00e9pines. Ils sont couramment utilis\u00e9s pour traiter les troubles anxieux, l'insomnie et les crises d'\u00e9pilepsie. Ces pastilles se pr\u00e9sentent sous la forme d'un dosage pratique de 2,5 mg, ce qui les rend faciles \u00e0 prendre et \u00e0 conserver.<\/p>\n<h3>Pourquoi acheter des pastilles de Bromonordiaz\u00e9pam 2,5 mg en ligne ?<\/h3>\n<p>Il existe plusieurs raisons pour lesquelles vous pourriez envisager d\u2019acheter des pastilles de bromonordiaz\u00e9pam 2,5 mg. Premi\u00e8rement, ils sont tr\u00e8s efficaces pour traiter l\u2019anxi\u00e9t\u00e9 et les troubles du sommeil. De plus, le dosage de 2,5 mg convient \u00e0 la plupart des adultes et peut \u00eatre facilement ajust\u00e9 si n\u00e9cessaire. Enfin, acheter des pastilles de bromonordiaz\u00e9pam en ligne est pratique et discret.<\/p>\n<h3>O\u00f9 pouvez-vous acheter des pastilles de bromonordiaz\u00e9pam 2,5 mg en ligne ?<\/h3>\n<p>Si vous souhaitez acheter des granul\u00e9s de bromonordiaz\u00e9pam 2,5 mg au Royaume-Uni, il est essentiel d'acheter aupr\u00e8s d'une source fiable. Rckopen.com est une boutique en ligne de confiance qui propose \u00e0 la vente des granul\u00e9s de bromonordiaz\u00e9pam 2,5 mg de haute qualit\u00e9. Le site est convivial et la commande est rapide et facile.<\/p>\n<h3>Comment peut-on se procurer Bromonordiazepam pellets 2.5 mg sans ordonnance ?<\/h3>\n<p>L'un des avantages de l'achat de bromonordiazepam pellets 2,5 mg sur rckopen.com est que vous pouvez les commander sans ordonnance. Cela rend le processus facile et sans tracas. Il vous suffit de vous rendre sur le site, de s\u00e9lectionner la quantit\u00e9 dont vous avez besoin et de passer \u00e0 la caisse. Votre commande sera trait\u00e9e rapidement et votre bromonordiazepam pellets 2.5 mg on sale sera livr\u00e9 \u00e0 votre domicile en toute discr\u00e9tion.<\/p>\n<h3>Pourquoi choisir Rckopen.com pour acheter Bromonordiazepam pellets 2.5 mg ?<\/h3>\n<p>Rckopen.com est une boutique en ligne fiable qui propose \u00e0 la vente des granul\u00e9s de bromonordiazepam 2,5mg de qualit\u00e9 sup\u00e9rieure. Leurs produits proviennent de fabricants r\u00e9put\u00e9s et sont soumis \u00e0 des mesures strictes de contr\u00f4le de la qualit\u00e9. De plus, l'\u00e9quipe du service client\u00e8le est professionnelle et comp\u00e9tente, ce qui garantit une exp\u00e9rience d'achat sans probl\u00e8me pour tous les clients. En bref, si vous voulez acheter des pastilles de bromonordiazepam 2,5 mg, rckopen.com est l'endroit id\u00e9al pour le faire. Avec ses produits de haute qualit\u00e9, son site web convivial et son excellent service client\u00e8le, vous pouvez \u00eatre s\u00fbr d'obtenir le meilleur rapport qualit\u00e9-prix. N'h\u00e9sitez pas \u00e0 acheter bromonordiazepam pellets 2.5 mg l\u00e9galement sur rckopen.com aujourd'hui !<br \/>\nN'oubliez pas que vous devez toujours consulter un m\u00e9decin avant de commencer un nouveau r\u00e9gime m\u00e9dicamenteux.<\/p>","protected":false},"excerpt":{"rendered":"<p><strong>Nom IUPAC : <\/strong>7-bromo-5-phenyl-1,3-dihydro-1,4-benzodiazepin-2-one<\/p>\n<p><strong>CAS # <\/strong>2894-61-3<\/p>\n<p><strong>Forme : <\/strong>poudre<\/p>\n<p><strong>Analyse RMN : <\/strong>C15H11BrN2O<\/p>","protected":false},"featured_media":6578,"comment_status":"open","ping_status":"closed","template":"","meta":{"_joinchat":[]},"product_brand":[],"product_cat":[144],"product_tag":[],"class_list":{"0":"post-6567","1":"product","2":"type-product","3":"status-publish","4":"has-post-thumbnail","6":"product_cat-pellets","8":"first","9":"instock","10":"shipping-taxable","11":"purchasable","12":"product-type-variable"},"yoast_head":"<!-- This site is optimized with the Yoast SEO plugin v26.3 - https:\/\/yoast.com\/wordpress\/plugins\/seo\/ -->\n<title>Bromonor Diazepam Pellets 25MG online kopen - Bromonor Diazepam Pellets te koop<\/title>\n<meta name=\"description\" content=\"Als u Bromonor Diazepam Pellets 25mg online kopen, kan onze online rc kopen-winkel u helpen. We hebben hier Bromonor Diazepam Pellets 25mg te koop tegen de beste prijzen. Plaats uw bestelling en profiteer vandaag nog van de nieuwste aanbiedingen!\" \/>\n<meta name=\"robots\" content=\"index, follow, max-snippet:-1, max-image-preview:large, max-video-preview:-1\" \/>\n<link rel=\"canonical\" href=\"https:\/\/rckopen.com\/fr\/produit\/bromonordiazepam-pellets-25mg\/\" \/>\n<meta property=\"og:locale\" content=\"fr_FR\" \/>\n<meta property=\"og:type\" content=\"article\" \/>\n<meta property=\"og:title\" content=\"Bromonor Diazepam Pellets 25MG online kopen - Bromonor Diazepam Pellets te koop\" \/>\n<meta property=\"og:description\" content=\"Als u Bromonor Diazepam Pellets 25mg online kopen, kan onze online rc kopen-winkel u helpen. We hebben hier Bromonor Diazepam Pellets 25mg te koop tegen de beste prijzen. Plaats uw bestelling en profiteer vandaag nog van de nieuwste aanbiedingen!\" \/>\n<meta property=\"og:url\" content=\"https:\/\/rckopen.com\/fr\/produit\/bromonordiazepam-pellets-25mg\/\" \/>\n<meta property=\"og:site_name\" content=\"RC Kopen\" \/>\n<meta property=\"article:modified_time\" content=\"2025-09-16T08:19:25+00:00\" \/>\n<meta property=\"og:image\" content=\"https:\/\/rckopen.com\/wp-content\/uploads\/2023\/08\/bromonordiazepam-pellets-25mg.jpg\" \/>\n\t<meta property=\"og:image:width\" content=\"600\" \/>\n\t<meta property=\"og:image:height\" content=\"600\" \/>\n\t<meta property=\"og:image:type\" content=\"image\/jpeg\" \/>\n<meta name=\"twitter:card\" content=\"summary_large_image\" \/>\n<meta name=\"twitter:label1\" content=\"Dur\u00e9e de lecture estim\u00e9e\" \/>\n\t<meta name=\"twitter:data1\" content=\"3 minutes\" \/>\n<script type=\"application\/ld+json\" class=\"yoast-schema-graph\">{\"@context\":\"https:\/\/schema.org\",\"@graph\":[{\"@type\":\"WebPage\",\"@id\":\"https:\/\/rckopen.com\/product\/bromonordiazepam-pellets-25mg\/\",\"url\":\"https:\/\/rckopen.com\/product\/bromonordiazepam-pellets-25mg\/\",\"name\":\"Bromonor Diazepam Pellets 25MG online kopen - Bromonor Diazepam Pellets te koop\",\"isPartOf\":{\"@id\":\"https:\/\/rckopen.com\/#website\"},\"primaryImageOfPage\":{\"@id\":\"https:\/\/rckopen.com\/product\/bromonordiazepam-pellets-25mg\/#primaryimage\"},\"image\":{\"@id\":\"https:\/\/rckopen.com\/product\/bromonordiazepam-pellets-25mg\/#primaryimage\"},\"thumbnailUrl\":\"https:\/\/rckopen.com\/wp-content\/uploads\/2023\/08\/bromonordiazepam-pellets-25mg.jpg\",\"datePublished\":\"2023-08-16T08:58:45+00:00\",\"dateModified\":\"2025-09-16T08:19:25+00:00\",\"description\":\"Als u Bromonor Diazepam Pellets 25mg online kopen, kan onze online rc kopen-winkel u helpen. We hebben hier Bromonor Diazepam Pellets 25mg te koop tegen de beste prijzen. Plaats uw bestelling en profiteer vandaag nog van de nieuwste aanbiedingen!\",\"breadcrumb\":{\"@id\":\"https:\/\/rckopen.com\/product\/bromonordiazepam-pellets-25mg\/#breadcrumb\"},\"inLanguage\":\"fr-FR\",\"potentialAction\":[{\"@type\":\"ReadAction\",\"target\":[\"https:\/\/rckopen.com\/product\/bromonordiazepam-pellets-25mg\/\"]}]},{\"@type\":\"ImageObject\",\"inLanguage\":\"fr-FR\",\"@id\":\"https:\/\/rckopen.com\/product\/bromonordiazepam-pellets-25mg\/#primaryimage\",\"url\":\"https:\/\/rckopen.com\/wp-content\/uploads\/2023\/08\/bromonordiazepam-pellets-25mg.jpg\",\"contentUrl\":\"https:\/\/rckopen.com\/wp-content\/uploads\/2023\/08\/bromonordiazepam-pellets-25mg.jpg\",\"width\":600,\"height\":600,\"caption\":\"bromonordiazepam-pellets-2,5mg online kopen\"},{\"@type\":\"BreadcrumbList\",\"@id\":\"https:\/\/rckopen.com\/product\/bromonordiazepam-pellets-25mg\/#breadcrumb\",\"itemListElement\":[{\"@type\":\"ListItem\",\"position\":1,\"name\":\"Home\",\"item\":\"https:\/\/rckopen.com\/\"},{\"@type\":\"ListItem\",\"position\":2,\"name\":\"Shop\",\"item\":\"https:\/\/rckopen.com\/shop\/\"},{\"@type\":\"ListItem\",\"position\":3,\"name\":\"bromonordiazepam pellets 2,5mg online kopen\"}]},{\"@type\":\"WebSite\",\"@id\":\"https:\/\/rckopen.com\/#website\",\"url\":\"https:\/\/rckopen.com\/\",\"name\":\"RC Kopen\",\"description\":\"Research Chemicals\",\"potentialAction\":[{\"@type\":\"SearchAction\",\"target\":{\"@type\":\"EntryPoint\",\"urlTemplate\":\"https:\/\/rckopen.com\/?s={search_term_string}\"},\"query-input\":{\"@type\":\"PropertyValueSpecification\",\"valueRequired\":true,\"valueName\":\"search_term_string\"}}],\"inLanguage\":\"fr-FR\"}]}<\/script>\n<!-- \/ Yoast SEO plugin. -->","yoast_head_json":{"title":"Bromonor Diazepam Pellets 25MG online kopen - Bromonor Diazepam Pellets te koop","description":"Als u Bromonor Diazepam Pellets 25mg online kopen, kan onze online rc kopen-winkel u helpen. We hebben hier Bromonor Diazepam Pellets 25mg te koop tegen de beste prijzen. Plaats uw bestelling en profiteer vandaag nog van de nieuwste aanbiedingen!","robots":{"index":"index","follow":"follow","max-snippet":"max-snippet:-1","max-image-preview":"max-image-preview:large","max-video-preview":"max-video-preview:-1"},"canonical":"https:\/\/rckopen.com\/fr\/produit\/bromonordiazepam-pellets-25mg\/","og_locale":"fr_FR","og_type":"article","og_title":"Bromonor Diazepam Pellets 25MG online kopen - Bromonor Diazepam Pellets te koop","og_description":"Als u Bromonor Diazepam Pellets 25mg online kopen, kan onze online rc kopen-winkel u helpen. We hebben hier Bromonor Diazepam Pellets 25mg te koop tegen de beste prijzen. Plaats uw bestelling en profiteer vandaag nog van de nieuwste aanbiedingen!","og_url":"https:\/\/rckopen.com\/fr\/produit\/bromonordiazepam-pellets-25mg\/","og_site_name":"RC Kopen","article_modified_time":"2025-09-16T08:19:25+00:00","og_image":[{"width":600,"height":600,"url":"https:\/\/rckopen.com\/wp-content\/uploads\/2023\/08\/bromonordiazepam-pellets-25mg.jpg","type":"image\/jpeg"}],"twitter_card":"summary_large_image","twitter_misc":{"Dur\u00e9e de lecture estim\u00e9e":"3 minutes"},"schema":{"@context":"https:\/\/schema.org","@graph":[{"@type":"WebPage","@id":"https:\/\/rckopen.com\/product\/bromonordiazepam-pellets-25mg\/","url":"https:\/\/rckopen.com\/product\/bromonordiazepam-pellets-25mg\/","name":"Bromonor Diazepam Pellets 25MG online kopen - Bromonor Diazepam Pellets te koop","isPartOf":{"@id":"https:\/\/rckopen.com\/#website"},"primaryImageOfPage":{"@id":"https:\/\/rckopen.com\/product\/bromonordiazepam-pellets-25mg\/#primaryimage"},"image":{"@id":"https:\/\/rckopen.com\/product\/bromonordiazepam-pellets-25mg\/#primaryimage"},"thumbnailUrl":"https:\/\/rckopen.com\/wp-content\/uploads\/2023\/08\/bromonordiazepam-pellets-25mg.jpg","datePublished":"2023-08-16T08:58:45+00:00","dateModified":"2025-09-16T08:19:25+00:00","description":"Als u Bromonor Diazepam Pellets 25mg online kopen, kan onze online rc kopen-winkel u helpen. We hebben hier Bromonor Diazepam Pellets 25mg te koop tegen de beste prijzen. Plaats uw bestelling en profiteer vandaag nog van de nieuwste aanbiedingen!","breadcrumb":{"@id":"https:\/\/rckopen.com\/product\/bromonordiazepam-pellets-25mg\/#breadcrumb"},"inLanguage":"fr-FR","potentialAction":[{"@type":"ReadAction","target":["https:\/\/rckopen.com\/product\/bromonordiazepam-pellets-25mg\/"]}]},{"@type":"ImageObject","inLanguage":"fr-FR","@id":"https:\/\/rckopen.com\/product\/bromonordiazepam-pellets-25mg\/#primaryimage","url":"https:\/\/rckopen.com\/wp-content\/uploads\/2023\/08\/bromonordiazepam-pellets-25mg.jpg","contentUrl":"https:\/\/rckopen.com\/wp-content\/uploads\/2023\/08\/bromonordiazepam-pellets-25mg.jpg","width":600,"height":600,"caption":"bromonordiazepam-pellets-2,5mg online kopen"},{"@type":"BreadcrumbList","@id":"https:\/\/rckopen.com\/product\/bromonordiazepam-pellets-25mg\/#breadcrumb","itemListElement":[{"@type":"ListItem","position":1,"name":"Home","item":"https:\/\/rckopen.com\/"},{"@type":"ListItem","position":2,"name":"Shop","item":"https:\/\/rckopen.com\/shop\/"},{"@type":"ListItem","position":3,"name":"bromonordiazepam pellets 2,5mg online kopen"}]},{"@type":"WebSite","@id":"https:\/\/rckopen.com\/#website","url":"https:\/\/rckopen.com\/","name":"RC Kopen","description":"Research Chemicals","potentialAction":[{"@type":"SearchAction","target":{"@type":"EntryPoint","urlTemplate":"https:\/\/rckopen.com\/?s={search_term_string}"},"query-input":{"@type":"PropertyValueSpecification","valueRequired":true,"valueName":"search_term_string"}}],"inLanguage":"fr-FR"}]}},"_links":{"self":[{"href":"https:\/\/rckopen.com\/fr\/wp-json\/wp\/v2\/product\/6567","targetHints":{"allow":["GET"]}}],"collection":[{"href":"https:\/\/rckopen.com\/fr\/wp-json\/wp\/v2\/product"}],"about":[{"href":"https:\/\/rckopen.com\/fr\/wp-json\/wp\/v2\/types\/product"}],"replies":[{"embeddable":true,"href":"https:\/\/rckopen.com\/fr\/wp-json\/wp\/v2\/comments?post=6567"}],"wp:featuredmedia":[{"embeddable":true,"href":"https:\/\/rckopen.com\/fr\/wp-json\/wp\/v2\/media\/6578"}],"wp:attachment":[{"href":"https:\/\/rckopen.com\/fr\/wp-json\/wp\/v2\/media?parent=6567"}],"wp:term":[{"taxonomy":"product_brand","embeddable":true,"href":"https:\/\/rckopen.com\/fr\/wp-json\/wp\/v2\/product_brand?post=6567"},{"taxonomy":"product_cat","embeddable":true,"href":"https:\/\/rckopen.com\/fr\/wp-json\/wp\/v2\/product_cat?post=6567"},{"taxonomy":"product_tag","embeddable":true,"href":"https:\/\/rckopen.com\/fr\/wp-json\/wp\/v2\/product_tag?post=6567"}],"curies":[{"name":"wp","href":"https:\/\/api.w.org\/{rel}","templated":true}]}}