{"id":6569,"date":"2023-08-16T09:18:00","date_gmt":"2023-08-16T09:18:00","guid":{"rendered":"https:\/\/diligentplug.com\/chems\/?post_type=product&#038;p=6569"},"modified":"2025-09-16T08:50:53","modified_gmt":"2025-09-16T08:50:53","slug":"flubrotizolam-05mg-bars","status":"publish","type":"product","link":"https:\/\/rckopen.com\/fr\/produit\/flubrotizolam-05mg-bars\/","title":{"rendered":"Achetez des barres FLUBROTIZOLAM 0,5MG en ligne"},"content":{"rendered":"<h2>FLUBROTIZOLAM 0,5MG Online Kopen<\/h2>\n<p>FLUBROTIZOLAM 0,5 MG acheter en ligne des barres uniquement en vente ici<\/p>\n<p>Est-ce que tu veux <a href=\"https:\/\/rckopen.com\/fr\/produit\/flubrotizolam-05mg-bars\/\">FLUBROTIZOLAM 0,5MG en ligne<\/a> acheter? Voulez-vous savoir o\u00f9 vous pouvez facilement acheter des barres FLUBROTIZOLAM 0,5MG ? Ne cherchez pas plus loin que rckopen.com\u00a0! Dans ce guide d'achat, nous vous expliquerons comment vous pouvez commander des barres FLUBROTIZOLAM 0,5MG sans ordonnance dans le confort de votre foyer.<\/p>\n<h3>Comprendre les barres de FLUBROTIZOLAM 0,5MG<\/h3>\n<p><a href=\"https:\/\/en.wikipedia.org\/wiki\/Flubromazepam\">FLUBROTIZOLAM<\/a> est une benzodiaz\u00e9pine puissante connue pour ses propri\u00e9t\u00e9s s\u00e9datives et anxiolytiques. Il est souvent utilis\u00e9 pour traiter les troubles anxieux, l\u2019insomnie et les crises de panique. Les barres de FLUBROTIZOLAM 0,5\u00a0MG sont une forme populaire de ce m\u00e9dicament et offrent un moyen pratique d\u2019obtenir un dosage pr\u00e9cis.<\/p>\n<h3>Pourquoi choisir rckopen.com ?<\/h3>\n<p>Lorsqu'il s'agit d'acheter des m\u00e9dicaments en ligne, il est essentiel de choisir une source fiable et de confiance. Rckopen.com est une pharmacie en ligne r\u00e9put\u00e9e qui propose une large gamme de m\u00e9dicaments, dont FLUBROTIZOLAM 0.5MG en vente.<\/p>\n<p>Voici quelques raisons pour lesquelles vous devriez envisager d'acheter des barres de FLUBROTIZOLAM 0,5MG sur rckopen.com :<\/p>\n<p><strong>Large choix :<\/strong> <a href=\"https:\/\/rckopen.com\/fr\/\">Rckopen.com<\/a> propose une s\u00e9lection vari\u00e9e de barres FLUBROTIZOLAM 0,5MG \u00e0 vendre afin que vous puissiez trouver exactement ce dont vous avez besoin.<\/p>\n<p><strong>Assurance qualit\u00e9:<\/strong> Tous les m\u00e9dicaments qui sont sur <a href=\"https:\/\/rckopen.com\/fr\/\">rckopen.com<\/a> sont vendus, proviennent de fabricants r\u00e9put\u00e9s et sont soumis \u00e0 des mesures de contr\u00f4le de qualit\u00e9 strictes.<\/p>\n<p><strong>Facilit\u00e9:<\/strong> En quelques clics, vous pouvez commander des barres FLUBROTIZOLAM 0,5MG sans avoir besoin d'une ordonnance.<\/p>\n<p><a href=\"https:\/\/rckopen.com\/fr\/produit\/fluclotizolam-blotters-1mg\/\">Paiement s\u00e9curis\u00e9 :<\/a> Rckopen.com propose une passerelle de paiement s\u00e9curis\u00e9e pour garantir que vos informations personnelles et financi\u00e8res restent s\u00fbres et confidentielles.<\/p>\n<h3>Comment acheter des comprim\u00e9s de FLUBROTIZOLAM 0,5MG ?<\/h3>\n<p>Acheter des barres de FLUBROTIZOLAM 0,5MG sur rckopen.com est facile. Vous trouverez ici un guide \u00e9tape par \u00e9tape pour passer une commande :<\/p>\n<p>Visitez rckopen.com : Allez sur le site rckopen.com sur votre appareil pr\u00e9f\u00e9r\u00e9.<\/p>\n<p>Parcourir les produits : Naviguez vers la section des m\u00e9dicaments et trouvez les barres FLUBROTIZOLAM 0.5MG en vente.<\/p>\n<p>Ajouter au panier : S\u00e9lectionnez le nombre souhait\u00e9 de barres FLUBROTIZOLAM 0.5MG et ajoutez-les \u00e0 votre panier.<\/p>\n<p>Passer \u00e0 la caisse : Acc\u00e9dez \u00e0 la page de paiement et saisissez vos coordonn\u00e9es de livraison et de paiement.<\/p>\n<p>Confirmer la commande : V\u00e9rifier les d\u00e9tails de votre commande FLUBROTIZOLAM 0.5MG bars et confirmer l'achat.<\/p>\n<p>Exp\u00e9dition re\u00e7ue : Installez-vous confortablement et d\u00e9tendez-vous pendant que votre commande de FLUBROTIZOLAM 0.5MG barres est discr\u00e8tement exp\u00e9di\u00e9e \u00e0 votre porte.<\/p>","protected":false},"excerpt":{"rendered":"<p><strong>Nom IUPAC : <\/strong>4-bromo-7-(2-fluorophenyl)-13-methyl-3-thia-1,8,11,12-tetrazatricyclo[8.3.0.02,6]trideca-2(6),4,7,10,12-pentaene<\/p>\n<p><strong>CAS # <\/strong>57801-95-3<\/p>\n<p><strong>Autre nom : <\/strong>Fanax<\/p>\n<p><strong>Analyse RMN : <\/strong>C15H10BrFN4S<\/p>","protected":false},"featured_media":6580,"comment_status":"open","ping_status":"closed","template":"","meta":{"_joinchat":[]},"product_brand":[],"product_cat":[144],"product_tag":[],"class_list":{"0":"post-6569","1":"product","2":"type-product","3":"status-publish","4":"has-post-thumbnail","6":"product_cat-pellets","8":"first","9":"instock","10":"shipping-taxable","11":"purchasable","12":"product-type-variable"},"yoast_head":"<!-- This site is optimized with the Yoast SEO plugin v26.3 - https:\/\/yoast.com\/wordpress\/plugins\/seo\/ -->\n<title>Flubrotizolam 05 mg repen online kopen | RCkopen<\/title>\n<meta name=\"description\" content=\"Onze online winkel heeft Flubrotizolam 05 mg repen van hoge kwaliteit te koop. Als u Flubrotizolam 05 mg repen online wilt kopen, laat het ons dan weten. Wij zullen uw wensen binnenkort invullen!\" \/>\n<meta name=\"robots\" content=\"index, follow, max-snippet:-1, max-image-preview:large, max-video-preview:-1\" \/>\n<link rel=\"canonical\" href=\"https:\/\/rckopen.com\/fr\/produit\/flubrotizolam-05mg-bars\/\" \/>\n<meta property=\"og:locale\" content=\"fr_FR\" \/>\n<meta property=\"og:type\" content=\"article\" \/>\n<meta property=\"og:title\" content=\"Flubrotizolam 05 mg repen online kopen | RCkopen\" \/>\n<meta property=\"og:description\" content=\"Onze online winkel heeft Flubrotizolam 05 mg repen van hoge kwaliteit te koop. Als u Flubrotizolam 05 mg repen online wilt kopen, laat het ons dan weten. Wij zullen uw wensen binnenkort invullen!\" \/>\n<meta property=\"og:url\" content=\"https:\/\/rckopen.com\/fr\/produit\/flubrotizolam-05mg-bars\/\" \/>\n<meta property=\"og:site_name\" content=\"RC Kopen\" \/>\n<meta property=\"article:modified_time\" content=\"2025-09-16T08:50:53+00:00\" \/>\n<meta property=\"og:image\" content=\"https:\/\/rckopen.com\/wp-content\/uploads\/2023\/08\/FLUBROTIZOLAM-05MG-bars.jpg\" \/>\n\t<meta property=\"og:image:width\" content=\"600\" \/>\n\t<meta property=\"og:image:height\" content=\"600\" \/>\n\t<meta property=\"og:image:type\" content=\"image\/jpeg\" \/>\n<meta name=\"twitter:card\" content=\"summary_large_image\" \/>\n<meta name=\"twitter:label1\" content=\"Dur\u00e9e de lecture estim\u00e9e\" \/>\n\t<meta name=\"twitter:data1\" content=\"2 minutes\" \/>\n<script type=\"application\/ld+json\" class=\"yoast-schema-graph\">{\"@context\":\"https:\/\/schema.org\",\"@graph\":[{\"@type\":\"WebPage\",\"@id\":\"https:\/\/rckopen.com\/product\/flubrotizolam-05mg-bars\/\",\"url\":\"https:\/\/rckopen.com\/product\/flubrotizolam-05mg-bars\/\",\"name\":\"Flubrotizolam 05 mg repen online kopen | RCkopen\",\"isPartOf\":{\"@id\":\"https:\/\/rckopen.com\/#website\"},\"primaryImageOfPage\":{\"@id\":\"https:\/\/rckopen.com\/product\/flubrotizolam-05mg-bars\/#primaryimage\"},\"image\":{\"@id\":\"https:\/\/rckopen.com\/product\/flubrotizolam-05mg-bars\/#primaryimage\"},\"thumbnailUrl\":\"https:\/\/rckopen.com\/wp-content\/uploads\/2023\/08\/FLUBROTIZOLAM-05MG-bars.jpg\",\"datePublished\":\"2023-08-16T09:18:00+00:00\",\"dateModified\":\"2025-09-16T08:50:53+00:00\",\"description\":\"Onze online winkel heeft Flubrotizolam 05 mg repen van hoge kwaliteit te koop. Als u Flubrotizolam 05 mg repen online wilt kopen, laat het ons dan weten. Wij zullen uw wensen binnenkort invullen!\",\"breadcrumb\":{\"@id\":\"https:\/\/rckopen.com\/product\/flubrotizolam-05mg-bars\/#breadcrumb\"},\"inLanguage\":\"fr-FR\",\"potentialAction\":[{\"@type\":\"ReadAction\",\"target\":[\"https:\/\/rckopen.com\/product\/flubrotizolam-05mg-bars\/\"]}]},{\"@type\":\"ImageObject\",\"inLanguage\":\"fr-FR\",\"@id\":\"https:\/\/rckopen.com\/product\/flubrotizolam-05mg-bars\/#primaryimage\",\"url\":\"https:\/\/rckopen.com\/wp-content\/uploads\/2023\/08\/FLUBROTIZOLAM-05MG-bars.jpg\",\"contentUrl\":\"https:\/\/rckopen.com\/wp-content\/uploads\/2023\/08\/FLUBROTIZOLAM-05MG-bars.jpg\",\"width\":600,\"height\":600,\"caption\":\"FLUBROTIZOLAM-0,5MG-bars online kopen\"},{\"@type\":\"BreadcrumbList\",\"@id\":\"https:\/\/rckopen.com\/product\/flubrotizolam-05mg-bars\/#breadcrumb\",\"itemListElement\":[{\"@type\":\"ListItem\",\"position\":1,\"name\":\"Home\",\"item\":\"https:\/\/rckopen.com\/\"},{\"@type\":\"ListItem\",\"position\":2,\"name\":\"Shop\",\"item\":\"https:\/\/rckopen.com\/shop\/\"},{\"@type\":\"ListItem\",\"position\":3,\"name\":\"FLUBROTIZOLAM 0,5MG bars online kopen\"}]},{\"@type\":\"WebSite\",\"@id\":\"https:\/\/rckopen.com\/#website\",\"url\":\"https:\/\/rckopen.com\/\",\"name\":\"RC Kopen\",\"description\":\"Research Chemicals\",\"potentialAction\":[{\"@type\":\"SearchAction\",\"target\":{\"@type\":\"EntryPoint\",\"urlTemplate\":\"https:\/\/rckopen.com\/?s={search_term_string}\"},\"query-input\":{\"@type\":\"PropertyValueSpecification\",\"valueRequired\":true,\"valueName\":\"search_term_string\"}}],\"inLanguage\":\"fr-FR\"}]}<\/script>\n<!-- \/ Yoast SEO plugin. -->","yoast_head_json":{"title":"Flubrotizolam 05 mg repen online kopen | RCkopen","description":"Onze online winkel heeft Flubrotizolam 05 mg repen van hoge kwaliteit te koop. Als u Flubrotizolam 05 mg repen online wilt kopen, laat het ons dan weten. Wij zullen uw wensen binnenkort invullen!","robots":{"index":"index","follow":"follow","max-snippet":"max-snippet:-1","max-image-preview":"max-image-preview:large","max-video-preview":"max-video-preview:-1"},"canonical":"https:\/\/rckopen.com\/fr\/produit\/flubrotizolam-05mg-bars\/","og_locale":"fr_FR","og_type":"article","og_title":"Flubrotizolam 05 mg repen online kopen | RCkopen","og_description":"Onze online winkel heeft Flubrotizolam 05 mg repen van hoge kwaliteit te koop. Als u Flubrotizolam 05 mg repen online wilt kopen, laat het ons dan weten. Wij zullen uw wensen binnenkort invullen!","og_url":"https:\/\/rckopen.com\/fr\/produit\/flubrotizolam-05mg-bars\/","og_site_name":"RC Kopen","article_modified_time":"2025-09-16T08:50:53+00:00","og_image":[{"width":600,"height":600,"url":"https:\/\/rckopen.com\/wp-content\/uploads\/2023\/08\/FLUBROTIZOLAM-05MG-bars.jpg","type":"image\/jpeg"}],"twitter_card":"summary_large_image","twitter_misc":{"Dur\u00e9e de lecture estim\u00e9e":"2 minutes"},"schema":{"@context":"https:\/\/schema.org","@graph":[{"@type":"WebPage","@id":"https:\/\/rckopen.com\/product\/flubrotizolam-05mg-bars\/","url":"https:\/\/rckopen.com\/product\/flubrotizolam-05mg-bars\/","name":"Flubrotizolam 05 mg repen online kopen | RCkopen","isPartOf":{"@id":"https:\/\/rckopen.com\/#website"},"primaryImageOfPage":{"@id":"https:\/\/rckopen.com\/product\/flubrotizolam-05mg-bars\/#primaryimage"},"image":{"@id":"https:\/\/rckopen.com\/product\/flubrotizolam-05mg-bars\/#primaryimage"},"thumbnailUrl":"https:\/\/rckopen.com\/wp-content\/uploads\/2023\/08\/FLUBROTIZOLAM-05MG-bars.jpg","datePublished":"2023-08-16T09:18:00+00:00","dateModified":"2025-09-16T08:50:53+00:00","description":"Onze online winkel heeft Flubrotizolam 05 mg repen van hoge kwaliteit te koop. Als u Flubrotizolam 05 mg repen online wilt kopen, laat het ons dan weten. Wij zullen uw wensen binnenkort invullen!","breadcrumb":{"@id":"https:\/\/rckopen.com\/product\/flubrotizolam-05mg-bars\/#breadcrumb"},"inLanguage":"fr-FR","potentialAction":[{"@type":"ReadAction","target":["https:\/\/rckopen.com\/product\/flubrotizolam-05mg-bars\/"]}]},{"@type":"ImageObject","inLanguage":"fr-FR","@id":"https:\/\/rckopen.com\/product\/flubrotizolam-05mg-bars\/#primaryimage","url":"https:\/\/rckopen.com\/wp-content\/uploads\/2023\/08\/FLUBROTIZOLAM-05MG-bars.jpg","contentUrl":"https:\/\/rckopen.com\/wp-content\/uploads\/2023\/08\/FLUBROTIZOLAM-05MG-bars.jpg","width":600,"height":600,"caption":"FLUBROTIZOLAM-0,5MG-bars online kopen"},{"@type":"BreadcrumbList","@id":"https:\/\/rckopen.com\/product\/flubrotizolam-05mg-bars\/#breadcrumb","itemListElement":[{"@type":"ListItem","position":1,"name":"Home","item":"https:\/\/rckopen.com\/"},{"@type":"ListItem","position":2,"name":"Shop","item":"https:\/\/rckopen.com\/shop\/"},{"@type":"ListItem","position":3,"name":"FLUBROTIZOLAM 0,5MG bars online kopen"}]},{"@type":"WebSite","@id":"https:\/\/rckopen.com\/#website","url":"https:\/\/rckopen.com\/","name":"RC Kopen","description":"Research Chemicals","potentialAction":[{"@type":"SearchAction","target":{"@type":"EntryPoint","urlTemplate":"https:\/\/rckopen.com\/?s={search_term_string}"},"query-input":{"@type":"PropertyValueSpecification","valueRequired":true,"valueName":"search_term_string"}}],"inLanguage":"fr-FR"}]}},"_links":{"self":[{"href":"https:\/\/rckopen.com\/fr\/wp-json\/wp\/v2\/product\/6569","targetHints":{"allow":["GET"]}}],"collection":[{"href":"https:\/\/rckopen.com\/fr\/wp-json\/wp\/v2\/product"}],"about":[{"href":"https:\/\/rckopen.com\/fr\/wp-json\/wp\/v2\/types\/product"}],"replies":[{"embeddable":true,"href":"https:\/\/rckopen.com\/fr\/wp-json\/wp\/v2\/comments?post=6569"}],"wp:featuredmedia":[{"embeddable":true,"href":"https:\/\/rckopen.com\/fr\/wp-json\/wp\/v2\/media\/6580"}],"wp:attachment":[{"href":"https:\/\/rckopen.com\/fr\/wp-json\/wp\/v2\/media?parent=6569"}],"wp:term":[{"taxonomy":"product_brand","embeddable":true,"href":"https:\/\/rckopen.com\/fr\/wp-json\/wp\/v2\/product_brand?post=6569"},{"taxonomy":"product_cat","embeddable":true,"href":"https:\/\/rckopen.com\/fr\/wp-json\/wp\/v2\/product_cat?post=6569"},{"taxonomy":"product_tag","embeddable":true,"href":"https:\/\/rckopen.com\/fr\/wp-json\/wp\/v2\/product_tag?post=6569"}],"curies":[{"name":"wp","href":"https:\/\/api.w.org\/{rel}","templated":true}]}}