{"id":6593,"date":"2023-08-16T10:05:49","date_gmt":"2023-08-16T10:05:49","guid":{"rendered":"https:\/\/diligentplug.com\/chems\/?post_type=product&#038;p=6593"},"modified":"2025-09-16T09:10:12","modified_gmt":"2025-09-16T09:10:12","slug":"norflurazepam-pellets-5mg","status":"publish","type":"product","link":"https:\/\/rckopen.com\/fr\/produit\/norflurazepam-pellets-5mg\/","title":{"rendered":"Acheter des pastilles de norfluraz\u00e9pam 5 mg en ligne"},"content":{"rendered":"<h2>Norflurazepam-pellets 5 mg online kopen<br \/>\nWaarom rckopen.com uw favoriete bron is voor Norflurazepam-pellets 5 mg online kopen<\/h2>\n<p>Vous voulez acheter Norflurazepam pellets 5 mg en ligne ? Ne cherchez pas plus loin que rckopen.com ! Notre boutique en ligne est la destination ultime pour les personnes qui veulent acheter des pastilles de Norflurazepam 5 mg de haute qualit\u00e9. D\u00e9couvrez pourquoi rckopen.com devrait \u00eatre votre choix pr\u00e9f\u00e9r\u00e9 lorsqu'il s'agit d'acheter des comprim\u00e9s de Norflurazepam 5 mg.<\/p>\n<h3>Processus de commande pratique<\/h3>\n<p>Sur rckopen.com, nous avons rendu le processus d'achat de Norflurazepam pellets 5 mg simple et facile. En quelques clics, vous pouvez commander le Norflurazepam pellets 5 mg que vous voulez sans avoir besoin d'une ordonnance. Notre site web convivial facilite la navigation et vous permet de trouver exactement ce que vous cherchez.<\/p>\n<h3>Produits de haute qualit\u00e9<\/h3>\n<p>Lorsque vous achetez des granul\u00e9s de Norfluraz\u00e9pam 5 mg sur rckopen.com, vous pouvez \u00eatre s\u00fbr que vous obtenez les produits de la plus haute qualit\u00e9 disponibles sur le march\u00e9. Nous achetons nos granul\u00e9s de Norfluraz\u00e9pam 5 mg en ligne aupr\u00e8s de fabricants r\u00e9put\u00e9s pour garantir que vous recevez un produit s\u00fbr et efficace.<\/p>\n<h3>Des prix comp\u00e9titifs<\/h3>\n<p>Chez rckopen.com, nous pensons que tout le monde devrait avoir acc\u00e8s \u00e0 des pastilles de Norflurazepam 5 mg \u00e0 des prix abordables. C'est pourquoi nous offrons des prix comp\u00e9titifs pour tous nos produits. Vous pouvez commander Norflurazepam pellets 5 mg sans ordonnance \u00e0 un prix abordable.<\/p>\n<h3>V\u00e9rification en toute s\u00e9curit\u00e9<\/h3>\n<p>Votre s\u00e9curit\u00e9 est notre priorit\u00e9 absolue chez rckopen.com. Lorsque vous achetez Norflurazepam pellets 5 mg chez nous, vous pouvez \u00eatre s\u00fbr que vos donn\u00e9es personnelles sont conserv\u00e9es en toute s\u00e9curit\u00e9. Notre processus de paiement est crypt\u00e9 pour prot\u00e9ger vos donn\u00e9es des menaces potentielles.<\/p>\n<h3>Exp\u00e9dition rapide et discr\u00e8te<\/h3>\n<p>Nous comprenons que lorsque vous commandez Norflurazepam pellets 5 mg en ligne, vous voulez que votre colis arrive rapidement et discr\u00e8tement. C'est pourquoi nous offrons une livraison rapide et discr\u00e8te pour toutes les commandes. Votre commande de Norflurazepam pellets 5 mg sera livr\u00e9e \u00e0 votre domicile en un rien de temps, sans que personne ne sache ce qu'elle contient.<\/p>\n<h3>Garantie de satisfaction du client<\/h3>\n<p>Chez rckopen.com, nous nous effor\u00e7ons d'assurer la satisfaction du client pour chaque achat. Si pour une raison quelconque vous n'\u00eates pas enti\u00e8rement satisfait de votre commande de Norflurazepam pellets 5 mg, nous vous offrons une garantie de remboursement. Votre bonheur est notre priorit\u00e9.<\/p>\n<h3>Faites vos achats sur rckopen.com d\u00e8s aujourd'hui !<\/h3>\n<p>Ne perdez pas votre temps \u00e0 chercher des pastilles de Norflurazepam 5 mg ailleurs. rckopen.com est votre guichet unique pour tous vos besoins. Avec notre processus de commande pratique, nos produits de haute qualit\u00e9, nos prix comp\u00e9titifs, notre paiement s\u00e9curis\u00e9, notre livraison rapide et notre garantie de satisfaction de la client\u00e8le, il n'y a aucune raison de chercher ailleurs.<br \/>\nAlors pourquoi attendre ? Visitez rckopen.com aujourd'hui et achetez Norflurazepam pellets 5 mg en toute confiance !<\/p>","protected":false},"excerpt":{"rendered":"<p><strong>Analyse RMN : <\/strong>N\/A<\/p>","protected":false},"featured_media":6604,"comment_status":"open","ping_status":"closed","template":"","meta":{"_joinchat":[]},"product_brand":[],"product_cat":[144],"product_tag":[],"class_list":{"0":"post-6593","1":"product","2":"type-product","3":"status-publish","4":"has-post-thumbnail","6":"product_cat-pellets","8":"first","9":"instock","10":"shipping-taxable","11":"purchasable","12":"product-type-variable"},"yoast_head":"<!-- This site is optimized with the Yoast SEO plugin v26.3 - https:\/\/yoast.com\/wordpress\/plugins\/seo\/ -->\n<title>Norflurazepam-pellets 5 mg online kopen | RC Kopen<\/title>\n<meta name=\"description\" content=\"Het is de beste tijd om onze Rckopen-winkel te bezoeken en Norflurazepam Pellets 5 mg online te kopen. We hebben Norflurazepam-pellets 5 mg hier te koop. Ontmoet ons online en plaats vandaag nog uw bestelling.\" \/>\n<meta name=\"robots\" content=\"index, follow, max-snippet:-1, max-image-preview:large, max-video-preview:-1\" \/>\n<link rel=\"canonical\" href=\"https:\/\/rckopen.com\/fr\/produit\/norflurazepam-pellets-5mg\/\" \/>\n<meta property=\"og:locale\" content=\"fr_FR\" \/>\n<meta property=\"og:type\" content=\"article\" \/>\n<meta property=\"og:title\" content=\"Norflurazepam-pellets 5 mg online kopen | RC Kopen\" \/>\n<meta property=\"og:description\" content=\"Het is de beste tijd om onze Rckopen-winkel te bezoeken en Norflurazepam Pellets 5 mg online te kopen. We hebben Norflurazepam-pellets 5 mg hier te koop. Ontmoet ons online en plaats vandaag nog uw bestelling.\" \/>\n<meta property=\"og:url\" content=\"https:\/\/rckopen.com\/fr\/produit\/norflurazepam-pellets-5mg\/\" \/>\n<meta property=\"og:site_name\" content=\"RC Kopen\" \/>\n<meta property=\"article:modified_time\" content=\"2025-09-16T09:10:12+00:00\" \/>\n<meta property=\"og:image\" content=\"https:\/\/rckopen.com\/wp-content\/uploads\/2023\/08\/Norflurazepam-pellets-5mg.jpg\" \/>\n\t<meta property=\"og:image:width\" content=\"600\" \/>\n\t<meta property=\"og:image:height\" content=\"600\" \/>\n\t<meta property=\"og:image:type\" content=\"image\/jpeg\" \/>\n<meta name=\"twitter:card\" content=\"summary_large_image\" \/>\n<meta name=\"twitter:label1\" content=\"Dur\u00e9e de lecture estim\u00e9e\" \/>\n\t<meta name=\"twitter:data1\" content=\"3 minutes\" \/>\n<script type=\"application\/ld+json\" class=\"yoast-schema-graph\">{\"@context\":\"https:\/\/schema.org\",\"@graph\":[{\"@type\":\"WebPage\",\"@id\":\"https:\/\/rckopen.com\/product\/norflurazepam-pellets-5mg\/\",\"url\":\"https:\/\/rckopen.com\/product\/norflurazepam-pellets-5mg\/\",\"name\":\"Norflurazepam-pellets 5 mg online kopen | RC Kopen\",\"isPartOf\":{\"@id\":\"https:\/\/rckopen.com\/#website\"},\"primaryImageOfPage\":{\"@id\":\"https:\/\/rckopen.com\/product\/norflurazepam-pellets-5mg\/#primaryimage\"},\"image\":{\"@id\":\"https:\/\/rckopen.com\/product\/norflurazepam-pellets-5mg\/#primaryimage\"},\"thumbnailUrl\":\"https:\/\/rckopen.com\/wp-content\/uploads\/2023\/08\/Norflurazepam-pellets-5mg.jpg\",\"datePublished\":\"2023-08-16T10:05:49+00:00\",\"dateModified\":\"2025-09-16T09:10:12+00:00\",\"description\":\"Het is de beste tijd om onze Rckopen-winkel te bezoeken en Norflurazepam Pellets 5 mg online te kopen. We hebben Norflurazepam-pellets 5 mg hier te koop. Ontmoet ons online en plaats vandaag nog uw bestelling.\",\"breadcrumb\":{\"@id\":\"https:\/\/rckopen.com\/product\/norflurazepam-pellets-5mg\/#breadcrumb\"},\"inLanguage\":\"fr-FR\",\"potentialAction\":[{\"@type\":\"ReadAction\",\"target\":[\"https:\/\/rckopen.com\/product\/norflurazepam-pellets-5mg\/\"]}]},{\"@type\":\"ImageObject\",\"inLanguage\":\"fr-FR\",\"@id\":\"https:\/\/rckopen.com\/product\/norflurazepam-pellets-5mg\/#primaryimage\",\"url\":\"https:\/\/rckopen.com\/wp-content\/uploads\/2023\/08\/Norflurazepam-pellets-5mg.jpg\",\"contentUrl\":\"https:\/\/rckopen.com\/wp-content\/uploads\/2023\/08\/Norflurazepam-pellets-5mg.jpg\",\"width\":600,\"height\":600,\"caption\":\"Norflurazepam-pellets-5mg online kopen\"},{\"@type\":\"BreadcrumbList\",\"@id\":\"https:\/\/rckopen.com\/product\/norflurazepam-pellets-5mg\/#breadcrumb\",\"itemListElement\":[{\"@type\":\"ListItem\",\"position\":1,\"name\":\"Home\",\"item\":\"https:\/\/rckopen.com\/\"},{\"@type\":\"ListItem\",\"position\":2,\"name\":\"Shop\",\"item\":\"https:\/\/rckopen.com\/shop\/\"},{\"@type\":\"ListItem\",\"position\":3,\"name\":\"Norflurazepam pellets 5mg online kopen\"}]},{\"@type\":\"WebSite\",\"@id\":\"https:\/\/rckopen.com\/#website\",\"url\":\"https:\/\/rckopen.com\/\",\"name\":\"RC Kopen\",\"description\":\"Research Chemicals\",\"potentialAction\":[{\"@type\":\"SearchAction\",\"target\":{\"@type\":\"EntryPoint\",\"urlTemplate\":\"https:\/\/rckopen.com\/?s={search_term_string}\"},\"query-input\":{\"@type\":\"PropertyValueSpecification\",\"valueRequired\":true,\"valueName\":\"search_term_string\"}}],\"inLanguage\":\"fr-FR\"}]}<\/script>\n<!-- \/ Yoast SEO plugin. -->","yoast_head_json":{"title":"Norflurazepam-pellets 5 mg online kopen | RC Kopen","description":"Het is de beste tijd om onze Rckopen-winkel te bezoeken en Norflurazepam Pellets 5 mg online te kopen. We hebben Norflurazepam-pellets 5 mg hier te koop. Ontmoet ons online en plaats vandaag nog uw bestelling.","robots":{"index":"index","follow":"follow","max-snippet":"max-snippet:-1","max-image-preview":"max-image-preview:large","max-video-preview":"max-video-preview:-1"},"canonical":"https:\/\/rckopen.com\/fr\/produit\/norflurazepam-pellets-5mg\/","og_locale":"fr_FR","og_type":"article","og_title":"Norflurazepam-pellets 5 mg online kopen | RC Kopen","og_description":"Het is de beste tijd om onze Rckopen-winkel te bezoeken en Norflurazepam Pellets 5 mg online te kopen. We hebben Norflurazepam-pellets 5 mg hier te koop. Ontmoet ons online en plaats vandaag nog uw bestelling.","og_url":"https:\/\/rckopen.com\/fr\/produit\/norflurazepam-pellets-5mg\/","og_site_name":"RC Kopen","article_modified_time":"2025-09-16T09:10:12+00:00","og_image":[{"width":600,"height":600,"url":"https:\/\/rckopen.com\/wp-content\/uploads\/2023\/08\/Norflurazepam-pellets-5mg.jpg","type":"image\/jpeg"}],"twitter_card":"summary_large_image","twitter_misc":{"Dur\u00e9e de lecture estim\u00e9e":"3 minutes"},"schema":{"@context":"https:\/\/schema.org","@graph":[{"@type":"WebPage","@id":"https:\/\/rckopen.com\/product\/norflurazepam-pellets-5mg\/","url":"https:\/\/rckopen.com\/product\/norflurazepam-pellets-5mg\/","name":"Norflurazepam-pellets 5 mg online kopen | RC Kopen","isPartOf":{"@id":"https:\/\/rckopen.com\/#website"},"primaryImageOfPage":{"@id":"https:\/\/rckopen.com\/product\/norflurazepam-pellets-5mg\/#primaryimage"},"image":{"@id":"https:\/\/rckopen.com\/product\/norflurazepam-pellets-5mg\/#primaryimage"},"thumbnailUrl":"https:\/\/rckopen.com\/wp-content\/uploads\/2023\/08\/Norflurazepam-pellets-5mg.jpg","datePublished":"2023-08-16T10:05:49+00:00","dateModified":"2025-09-16T09:10:12+00:00","description":"Het is de beste tijd om onze Rckopen-winkel te bezoeken en Norflurazepam Pellets 5 mg online te kopen. We hebben Norflurazepam-pellets 5 mg hier te koop. Ontmoet ons online en plaats vandaag nog uw bestelling.","breadcrumb":{"@id":"https:\/\/rckopen.com\/product\/norflurazepam-pellets-5mg\/#breadcrumb"},"inLanguage":"fr-FR","potentialAction":[{"@type":"ReadAction","target":["https:\/\/rckopen.com\/product\/norflurazepam-pellets-5mg\/"]}]},{"@type":"ImageObject","inLanguage":"fr-FR","@id":"https:\/\/rckopen.com\/product\/norflurazepam-pellets-5mg\/#primaryimage","url":"https:\/\/rckopen.com\/wp-content\/uploads\/2023\/08\/Norflurazepam-pellets-5mg.jpg","contentUrl":"https:\/\/rckopen.com\/wp-content\/uploads\/2023\/08\/Norflurazepam-pellets-5mg.jpg","width":600,"height":600,"caption":"Norflurazepam-pellets-5mg online kopen"},{"@type":"BreadcrumbList","@id":"https:\/\/rckopen.com\/product\/norflurazepam-pellets-5mg\/#breadcrumb","itemListElement":[{"@type":"ListItem","position":1,"name":"Home","item":"https:\/\/rckopen.com\/"},{"@type":"ListItem","position":2,"name":"Shop","item":"https:\/\/rckopen.com\/shop\/"},{"@type":"ListItem","position":3,"name":"Norflurazepam pellets 5mg online kopen"}]},{"@type":"WebSite","@id":"https:\/\/rckopen.com\/#website","url":"https:\/\/rckopen.com\/","name":"RC Kopen","description":"Research Chemicals","potentialAction":[{"@type":"SearchAction","target":{"@type":"EntryPoint","urlTemplate":"https:\/\/rckopen.com\/?s={search_term_string}"},"query-input":{"@type":"PropertyValueSpecification","valueRequired":true,"valueName":"search_term_string"}}],"inLanguage":"fr-FR"}]}},"_links":{"self":[{"href":"https:\/\/rckopen.com\/fr\/wp-json\/wp\/v2\/product\/6593","targetHints":{"allow":["GET"]}}],"collection":[{"href":"https:\/\/rckopen.com\/fr\/wp-json\/wp\/v2\/product"}],"about":[{"href":"https:\/\/rckopen.com\/fr\/wp-json\/wp\/v2\/types\/product"}],"replies":[{"embeddable":true,"href":"https:\/\/rckopen.com\/fr\/wp-json\/wp\/v2\/comments?post=6593"}],"wp:featuredmedia":[{"embeddable":true,"href":"https:\/\/rckopen.com\/fr\/wp-json\/wp\/v2\/media\/6604"}],"wp:attachment":[{"href":"https:\/\/rckopen.com\/fr\/wp-json\/wp\/v2\/media?parent=6593"}],"wp:term":[{"taxonomy":"product_brand","embeddable":true,"href":"https:\/\/rckopen.com\/fr\/wp-json\/wp\/v2\/product_brand?post=6593"},{"taxonomy":"product_cat","embeddable":true,"href":"https:\/\/rckopen.com\/fr\/wp-json\/wp\/v2\/product_cat?post=6593"},{"taxonomy":"product_tag","embeddable":true,"href":"https:\/\/rckopen.com\/fr\/wp-json\/wp\/v2\/product_tag?post=6593"}],"curies":[{"name":"wp","href":"https:\/\/api.w.org\/{rel}","templated":true}]}}