{"id":6608,"date":"2023-08-16T10:30:00","date_gmt":"2023-08-16T10:30:00","guid":{"rendered":"https:\/\/diligentplug.com\/chems\/?post_type=product&#038;p=6608"},"modified":"2025-09-16T09:08:10","modified_gmt":"2025-09-16T09:08:10","slug":"bromazolam-pellets-3mg","status":"publish","type":"product","link":"https:\/\/rckopen.com\/fr\/produit\/bromazolam-pellets-3mg\/","title":{"rendered":"Acheter des PASTILLES de bromazolam 3 mg en ligne"},"content":{"rendered":"<h2>bromazolam PELLETS 3 mg online kopen<br \/>\nConseils d'initi\u00e9s pour acheter Bromazolam PELLETS 3 mg en ligne en toute s\u00e9curit\u00e9<\/h2>\n<p>Est-ce que tu veux <a href=\"https:\/\/rckopen.com\/fr\/produit\/bromazolam-pellets-3mg\/\">Acheter Bromazolam PELLETS 3 mg en ligne<\/a>, mais vous ne savez pas par o\u00f9 commencer ? Acheter des m\u00e9dicaments en ligne peut \u00eatre pratique et rentable, mais il est important de vous assurer que vous achetez aupr\u00e8s d\u2019une source fiable pour \u00e9viter les risques. Dans cet article, nous vous donnerons des conseils d'initi\u00e9s sur la fa\u00e7on d'acheter Bromazolam PELLETS 3 mg en toute s\u00e9curit\u00e9 et l\u00e9galement en ligne.<\/p>\n<h3>Achetez Bromazolam PELLETS 3 mg en ligne aupr\u00e8s d'une source fiable<\/h3>\n<p>Lorsqu'il s'agit d'acheter des m\u00e9dicaments en ligne, la premi\u00e8re \u00e9tape, et la plus importante, est de s'assurer que l'on s'approvisionne aupr\u00e8s d'une source fiable. Il est essentiel de faire des recherches et de n'acheter que dans des pharmacies ou des magasins en ligne r\u00e9put\u00e9s.<\/p>\n<p>Si vous souhaitez acheter Bromazolam PELLETS 3mg en ligne, <a href=\"https:\/\/rckopen.com\/fr\/\">rckopen.com<\/a> une boutique en ligne r\u00e9put\u00e9e qui propose des m\u00e9dicaments de haute qualit\u00e9 \u00e0 des prix abordables. Ils proposent une large s\u00e9lection de m\u00e9dicaments disponibles, notamment des PELLETS de Bromazolam 3 mg \u00e0 vendre, et assurent une exp\u00e9dition s\u00fbre et discr\u00e8te.<\/p>\n<h3>O\u00f9 acheter Bromazolam PELLETS 3mg en ligne<\/h3>\n<p>Si vous vous demandez o\u00f9 acheter Bromazolam PELLETS 3mg, rckopen.com est votre boutique en ligne pr\u00e9f\u00e9r\u00e9e. Il offre une plateforme pratique et s\u00e9curis\u00e9e pour l'achat de m\u00e9dicaments en ligne. Gr\u00e2ce \u00e0 leur interface conviviale et \u00e0 leurs options de paiement s\u00e9curis\u00e9es, vous pouvez acheter facilement et sans souci dans la boutique Bromazolam PELLETS 3mg.<\/p>\n<h3>Commandez Bromazolam PELLETS 3mg en ligne sans ordonnance<\/h3>\n<p>Quand tu <a href=\"https:\/\/en.wikipedia.org\/wiki\/Bromazolam\">Bromazolam<\/a> PELLETS 3 mg acheter en ligne, il est important de noter que certains m\u00e9dicaments peuvent n\u00e9cessiter une ordonnance. Sur rckopen.com, vous pouvez commander Bromazolam PELLETS 3mg sans ordonnance. Cela est pratique pour les personnes qui n\u2019ont peut-\u00eatre pas d\u2019ordonnance, mais qui ont quand m\u00eame besoin d\u2019acc\u00e9der au m\u00e9dicament.<\/p>\n<h3>Bromazolam PELLETS 3mg Shop<\/h3>\n<p>Rckopen.com est votre magasin en ligne unique pour tous vos besoins en m\u00e9dicaments, y compris Bromazolam PELLETS 3mg. Ils offrent une plateforme s\u00e9curis\u00e9e o\u00f9 vous pouvez facilement parcourir leurs produits, passer votre commande et la faire livrer discr\u00e8tement \u00e0 votre domicile. L'\u00e9quipe du service client\u00e8le est \u00e9galement pr\u00eate \u00e0 vous aider en cas de questions ou de commentaires.<\/p>\n<p>Lorsque vous commandez Bromazolam PELLETS 3 mg en ligne, il est essentiel que vous achetiez aupr\u00e8s d'une source fiable telle que rckopen.com pour garantir la s\u00e9curit\u00e9 et la qualit\u00e9 du m\u00e9dicament. Avec leur large s\u00e9lection de m\u00e9dicaments, leurs options de paiement s\u00e9curis\u00e9es et leur exp\u00e9dition discr\u00e8te, vous pouvez \u00eatre assur\u00e9 que vous \u00eates entre de bonnes mains. Alors pourquoi attendre ? Visitez rckopen.com aujourd'hui et achetez Bromazolam PELLETS 3 mg au Royaume-Uni en toute simplicit\u00e9 et tranquillit\u00e9 d'esprit.<\/p>","protected":false},"excerpt":{"rendered":"<p><strong>Forme : <\/strong>granul\u00e9s<\/p>\n<p><strong>Analyse RMN : <\/strong>N\/A<\/p>","protected":false},"featured_media":6626,"comment_status":"open","ping_status":"closed","template":"","meta":{"_joinchat":[]},"product_brand":[],"product_cat":[144],"product_tag":[],"class_list":{"0":"post-6608","1":"product","2":"type-product","3":"status-publish","4":"has-post-thumbnail","6":"product_cat-pellets","8":"first","9":"instock","10":"shipping-taxable","11":"purchasable","12":"product-type-variable"},"yoast_head":"<!-- This site is optimized with the Yoast SEO plugin v26.3 - https:\/\/yoast.com\/wordpress\/plugins\/seo\/ -->\n<title>Bromazolampellets 3MG online kopen - Bromazolampellets 3MG te koop<\/title>\n<meta name=\"description\" content=\"Aan uw vereiste om bromazolam-pellets 3 mg te kopen, kunt u voldoen in onze online rc-koopwinkel, aangezien we hier bromazolam-pellets 3 mg te koop hebben. Plaats uw bestelling en ontvang elke dag betaalbare aanbiedingen.\" \/>\n<meta name=\"robots\" content=\"index, follow, max-snippet:-1, max-image-preview:large, max-video-preview:-1\" \/>\n<link rel=\"canonical\" href=\"https:\/\/rckopen.com\/fr\/produit\/bromazolam-pellets-3mg\/\" \/>\n<meta property=\"og:locale\" content=\"fr_FR\" \/>\n<meta property=\"og:type\" content=\"article\" \/>\n<meta property=\"og:title\" content=\"Bromazolampellets 3MG online kopen - Bromazolampellets 3MG te koop\" \/>\n<meta property=\"og:description\" content=\"Aan uw vereiste om bromazolam-pellets 3 mg te kopen, kunt u voldoen in onze online rc-koopwinkel, aangezien we hier bromazolam-pellets 3 mg te koop hebben. Plaats uw bestelling en ontvang elke dag betaalbare aanbiedingen.\" \/>\n<meta property=\"og:url\" content=\"https:\/\/rckopen.com\/fr\/produit\/bromazolam-pellets-3mg\/\" \/>\n<meta property=\"og:site_name\" content=\"RC Kopen\" \/>\n<meta property=\"article:modified_time\" content=\"2025-09-16T09:08:10+00:00\" \/>\n<meta property=\"og:image\" content=\"https:\/\/rckopen.com\/wp-content\/uploads\/2023\/08\/bromazolam-PELLETS-3mg.jpg\" \/>\n\t<meta property=\"og:image:width\" content=\"600\" \/>\n\t<meta property=\"og:image:height\" content=\"600\" \/>\n\t<meta property=\"og:image:type\" content=\"image\/jpeg\" \/>\n<meta name=\"twitter:card\" content=\"summary_large_image\" \/>\n<meta name=\"twitter:label1\" content=\"Dur\u00e9e de lecture estim\u00e9e\" \/>\n\t<meta name=\"twitter:data1\" content=\"3 minutes\" \/>\n<script type=\"application\/ld+json\" class=\"yoast-schema-graph\">{\"@context\":\"https:\/\/schema.org\",\"@graph\":[{\"@type\":\"WebPage\",\"@id\":\"https:\/\/rckopen.com\/product\/bromazolam-pellets-3mg\/\",\"url\":\"https:\/\/rckopen.com\/product\/bromazolam-pellets-3mg\/\",\"name\":\"Bromazolampellets 3MG online kopen - Bromazolampellets 3MG te koop\",\"isPartOf\":{\"@id\":\"https:\/\/rckopen.com\/#website\"},\"primaryImageOfPage\":{\"@id\":\"https:\/\/rckopen.com\/product\/bromazolam-pellets-3mg\/#primaryimage\"},\"image\":{\"@id\":\"https:\/\/rckopen.com\/product\/bromazolam-pellets-3mg\/#primaryimage\"},\"thumbnailUrl\":\"https:\/\/rckopen.com\/wp-content\/uploads\/2023\/08\/bromazolam-PELLETS-3mg.jpg\",\"datePublished\":\"2023-08-16T10:30:00+00:00\",\"dateModified\":\"2025-09-16T09:08:10+00:00\",\"description\":\"Aan uw vereiste om bromazolam-pellets 3 mg te kopen, kunt u voldoen in onze online rc-koopwinkel, aangezien we hier bromazolam-pellets 3 mg te koop hebben. Plaats uw bestelling en ontvang elke dag betaalbare aanbiedingen.\",\"breadcrumb\":{\"@id\":\"https:\/\/rckopen.com\/product\/bromazolam-pellets-3mg\/#breadcrumb\"},\"inLanguage\":\"fr-FR\",\"potentialAction\":[{\"@type\":\"ReadAction\",\"target\":[\"https:\/\/rckopen.com\/product\/bromazolam-pellets-3mg\/\"]}]},{\"@type\":\"ImageObject\",\"inLanguage\":\"fr-FR\",\"@id\":\"https:\/\/rckopen.com\/product\/bromazolam-pellets-3mg\/#primaryimage\",\"url\":\"https:\/\/rckopen.com\/wp-content\/uploads\/2023\/08\/bromazolam-PELLETS-3mg.jpg\",\"contentUrl\":\"https:\/\/rckopen.com\/wp-content\/uploads\/2023\/08\/bromazolam-PELLETS-3mg.jpg\",\"width\":600,\"height\":600,\"caption\":\"bromazolam-PELLETS-3mg online kopen\"},{\"@type\":\"BreadcrumbList\",\"@id\":\"https:\/\/rckopen.com\/product\/bromazolam-pellets-3mg\/#breadcrumb\",\"itemListElement\":[{\"@type\":\"ListItem\",\"position\":1,\"name\":\"Home\",\"item\":\"https:\/\/rckopen.com\/\"},{\"@type\":\"ListItem\",\"position\":2,\"name\":\"Shop\",\"item\":\"https:\/\/rckopen.com\/shop\/\"},{\"@type\":\"ListItem\",\"position\":3,\"name\":\"bromazolam PELLETS 3mg online kopen\"}]},{\"@type\":\"WebSite\",\"@id\":\"https:\/\/rckopen.com\/#website\",\"url\":\"https:\/\/rckopen.com\/\",\"name\":\"RC Kopen\",\"description\":\"Research Chemicals\",\"potentialAction\":[{\"@type\":\"SearchAction\",\"target\":{\"@type\":\"EntryPoint\",\"urlTemplate\":\"https:\/\/rckopen.com\/?s={search_term_string}\"},\"query-input\":{\"@type\":\"PropertyValueSpecification\",\"valueRequired\":true,\"valueName\":\"search_term_string\"}}],\"inLanguage\":\"fr-FR\"}]}<\/script>\n<!-- \/ Yoast SEO plugin. -->","yoast_head_json":{"title":"Bromazolampellets 3MG online kopen - Bromazolampellets 3MG te koop","description":"Aan uw vereiste om bromazolam-pellets 3 mg te kopen, kunt u voldoen in onze online rc-koopwinkel, aangezien we hier bromazolam-pellets 3 mg te koop hebben. Plaats uw bestelling en ontvang elke dag betaalbare aanbiedingen.","robots":{"index":"index","follow":"follow","max-snippet":"max-snippet:-1","max-image-preview":"max-image-preview:large","max-video-preview":"max-video-preview:-1"},"canonical":"https:\/\/rckopen.com\/fr\/produit\/bromazolam-pellets-3mg\/","og_locale":"fr_FR","og_type":"article","og_title":"Bromazolampellets 3MG online kopen - Bromazolampellets 3MG te koop","og_description":"Aan uw vereiste om bromazolam-pellets 3 mg te kopen, kunt u voldoen in onze online rc-koopwinkel, aangezien we hier bromazolam-pellets 3 mg te koop hebben. Plaats uw bestelling en ontvang elke dag betaalbare aanbiedingen.","og_url":"https:\/\/rckopen.com\/fr\/produit\/bromazolam-pellets-3mg\/","og_site_name":"RC Kopen","article_modified_time":"2025-09-16T09:08:10+00:00","og_image":[{"width":600,"height":600,"url":"https:\/\/rckopen.com\/wp-content\/uploads\/2023\/08\/bromazolam-PELLETS-3mg.jpg","type":"image\/jpeg"}],"twitter_card":"summary_large_image","twitter_misc":{"Dur\u00e9e de lecture estim\u00e9e":"3 minutes"},"schema":{"@context":"https:\/\/schema.org","@graph":[{"@type":"WebPage","@id":"https:\/\/rckopen.com\/product\/bromazolam-pellets-3mg\/","url":"https:\/\/rckopen.com\/product\/bromazolam-pellets-3mg\/","name":"Bromazolampellets 3MG online kopen - Bromazolampellets 3MG te koop","isPartOf":{"@id":"https:\/\/rckopen.com\/#website"},"primaryImageOfPage":{"@id":"https:\/\/rckopen.com\/product\/bromazolam-pellets-3mg\/#primaryimage"},"image":{"@id":"https:\/\/rckopen.com\/product\/bromazolam-pellets-3mg\/#primaryimage"},"thumbnailUrl":"https:\/\/rckopen.com\/wp-content\/uploads\/2023\/08\/bromazolam-PELLETS-3mg.jpg","datePublished":"2023-08-16T10:30:00+00:00","dateModified":"2025-09-16T09:08:10+00:00","description":"Aan uw vereiste om bromazolam-pellets 3 mg te kopen, kunt u voldoen in onze online rc-koopwinkel, aangezien we hier bromazolam-pellets 3 mg te koop hebben. Plaats uw bestelling en ontvang elke dag betaalbare aanbiedingen.","breadcrumb":{"@id":"https:\/\/rckopen.com\/product\/bromazolam-pellets-3mg\/#breadcrumb"},"inLanguage":"fr-FR","potentialAction":[{"@type":"ReadAction","target":["https:\/\/rckopen.com\/product\/bromazolam-pellets-3mg\/"]}]},{"@type":"ImageObject","inLanguage":"fr-FR","@id":"https:\/\/rckopen.com\/product\/bromazolam-pellets-3mg\/#primaryimage","url":"https:\/\/rckopen.com\/wp-content\/uploads\/2023\/08\/bromazolam-PELLETS-3mg.jpg","contentUrl":"https:\/\/rckopen.com\/wp-content\/uploads\/2023\/08\/bromazolam-PELLETS-3mg.jpg","width":600,"height":600,"caption":"bromazolam-PELLETS-3mg online kopen"},{"@type":"BreadcrumbList","@id":"https:\/\/rckopen.com\/product\/bromazolam-pellets-3mg\/#breadcrumb","itemListElement":[{"@type":"ListItem","position":1,"name":"Home","item":"https:\/\/rckopen.com\/"},{"@type":"ListItem","position":2,"name":"Shop","item":"https:\/\/rckopen.com\/shop\/"},{"@type":"ListItem","position":3,"name":"bromazolam PELLETS 3mg online kopen"}]},{"@type":"WebSite","@id":"https:\/\/rckopen.com\/#website","url":"https:\/\/rckopen.com\/","name":"RC Kopen","description":"Research Chemicals","potentialAction":[{"@type":"SearchAction","target":{"@type":"EntryPoint","urlTemplate":"https:\/\/rckopen.com\/?s={search_term_string}"},"query-input":{"@type":"PropertyValueSpecification","valueRequired":true,"valueName":"search_term_string"}}],"inLanguage":"fr-FR"}]}},"_links":{"self":[{"href":"https:\/\/rckopen.com\/fr\/wp-json\/wp\/v2\/product\/6608","targetHints":{"allow":["GET"]}}],"collection":[{"href":"https:\/\/rckopen.com\/fr\/wp-json\/wp\/v2\/product"}],"about":[{"href":"https:\/\/rckopen.com\/fr\/wp-json\/wp\/v2\/types\/product"}],"replies":[{"embeddable":true,"href":"https:\/\/rckopen.com\/fr\/wp-json\/wp\/v2\/comments?post=6608"}],"wp:featuredmedia":[{"embeddable":true,"href":"https:\/\/rckopen.com\/fr\/wp-json\/wp\/v2\/media\/6626"}],"wp:attachment":[{"href":"https:\/\/rckopen.com\/fr\/wp-json\/wp\/v2\/media?parent=6608"}],"wp:term":[{"taxonomy":"product_brand","embeddable":true,"href":"https:\/\/rckopen.com\/fr\/wp-json\/wp\/v2\/product_brand?post=6608"},{"taxonomy":"product_cat","embeddable":true,"href":"https:\/\/rckopen.com\/fr\/wp-json\/wp\/v2\/product_cat?post=6608"},{"taxonomy":"product_tag","embeddable":true,"href":"https:\/\/rckopen.com\/fr\/wp-json\/wp\/v2\/product_tag?post=6608"}],"curies":[{"name":"wp","href":"https:\/\/api.w.org\/{rel}","templated":true}]}}