{"id":6609,"date":"2023-08-16T10:33:46","date_gmt":"2023-08-16T10:33:46","guid":{"rendered":"https:\/\/diligentplug.com\/chems\/?post_type=product&#038;p=6609"},"modified":"2025-09-16T09:10:53","modified_gmt":"2025-09-16T09:10:53","slug":"pyrazolam-pellets-3mg","status":"publish","type":"product","link":"https:\/\/rckopen.com\/fr\/produit\/pyrazolam-pellets-3mg\/","title":{"rendered":"acheter des pastilles de pyrazolam 3 mg en ligne"},"content":{"rendered":"<h2>De kwaliteit en het gemak van Pyrazolam Pellets 3mg online kopen op rckopen.com<\/h2>\n<p>Vous voulez acheter des pastilles de pyrazole 3 mg en ligne ? Ne cherchez pas plus loin que rckopen.com ! Nous proposons des pastilles de pyrazole 3 mg de haute qualit\u00e9 \u00e0 la vente sans ordonnance. Notre boutique en ligne se consacre \u00e0 fournir aux clients des produits de premi\u00e8re qualit\u00e9 et un service impeccable. Lisez la suite pour en savoir plus sur la qualit\u00e9 et la commodit\u00e9 de l'achat d'ampoules de pyrazole 3mg sur rckopen.com.<\/p>\n<h3>Pourquoi choisir Pyrazolam pellets 3 mg ?<\/h3>\n<p>Les pastilles de pyrazolam 3 mg sont un choix populaire pour les personnes qui cherchent \u00e0 soulager l'anxi\u00e9t\u00e9 et le stress. Ils constituent un moyen pratique et efficace de g\u00e9rer les sympt\u00f4mes sans avoir \u00e0 prendre des doses fr\u00e9quentes. Chaque comprim\u00e9 contient une dose pr\u00e9cise de pyrazolam, ce qui permet une administration facile et pr\u00e9cise.<\/p>\n<h3>Les avantages d'acheter chez rckopen.com<\/h3>\n<p>Lorsque vous commandez des pastilles de pyrazole 3 mg chez rckopen.com, vous avez l'assurance d'obtenir un produit de qualit\u00e9 sup\u00e9rieure. Nos pastilles sont fabriqu\u00e9es selon les normes les plus strictes et les mesures de contr\u00f4le de la qualit\u00e9 afin de garantir leur puret\u00e9 et leur puissance. De plus, notre boutique en ligne offre une exp\u00e9rience d'achat transparente, avec une livraison rapide et un emballage discret pour votre commodit\u00e9.<\/p>\n<h3>Comment acheter des pastilles de pyrazolam 3 mg<\/h3>\n<p>Vous vous demandez o\u00f9 acheter des pastilles de pyrazole 3 mg ? Ne cherchez pas plus loin que rckopen.com ! Notre boutique en ligne offre un processus de commande sans tracas, vous permettant d'acheter des pastilles de pyrazole 3 mg en quelques clics seulement. Il vous suffit d'ajouter la quantit\u00e9 souhait\u00e9e \u00e0 votre panier, de saisir vos coordonn\u00e9es de livraison et de passer \u00e0 la caisse. C'est aussi simple que cela !<\/p>\n<h3>Commande sans ordonnance<\/h3>\n<p>Chez rckopen.com, nous pensons que l'acc\u00e8s \u00e0 des produits de qualit\u00e9 doit \u00eatre simple et facile. C'est pourquoi nous proposons des pyrazole pellets 3 mg en vente sans ordonnance. Il vous suffit de passer votre commande et nous nous occupons du reste. Notre processus de paiement s\u00e9curis\u00e9 et crypt\u00e9 garantit la s\u00e9curit\u00e9 et la protection de vos donn\u00e9es.<\/p>\n<h3>La diff\u00e9rence rckopen.com<\/h3>\n<p>Qu'est-ce qui diff\u00e9rencie rckopen.com des autres boutiques en ligne de pyrazolampellets 3mg ? Nous nous engageons \u00e0 fournir \u00e0 nos clients une exp\u00e9rience d'achat sup\u00e9rieure du d\u00e9but \u00e0 la fin. Notre \u00e9quipe d'experts en service \u00e0 la client\u00e8le est pr\u00eate \u00e0 r\u00e9pondre \u00e0 toutes vos questions ou commentaires, afin que vous puissiez \u00eatre s\u00fbr de votre achat. Avec une livraison rapide et un emballage discret, vous pouvez faire confiance \u00e0 rckopen.com pour livrer votre commande rapidement et en toute s\u00e9curit\u00e9.<\/p>\n<p>Si vous souhaitez acheter des comprim\u00e9s de pyrazole 3 mg en ligne au Royaume-Uni, ne cherchez pas plus loin que rckopen.com. Notre engagement envers la qualit\u00e9 et la satisfaction du client nous distingue de la concurrence. Avec une commande facile, une livraison rapide et des produits de premi\u00e8re qualit\u00e9, rckopen.com est votre guichet unique pour tous vos besoins en granul\u00e9s de pyrazolam. Placez votre commande de pyrazolam pellets 3mg aujourd'hui et d\u00e9couvrez la qualit\u00e9 et la commodit\u00e9 de rckopen.com par vous-m\u00eame !<\/p>","protected":false},"excerpt":{"rendered":"<p><strong>Forme : <\/strong>granul\u00e9s<\/p>\n<p><strong>Analyse RMN : <\/strong>N\/A<\/p>","protected":false},"featured_media":6627,"comment_status":"open","ping_status":"closed","template":"","meta":{"_joinchat":[]},"product_brand":[],"product_cat":[144],"product_tag":[],"class_list":{"0":"post-6609","1":"product","2":"type-product","3":"status-publish","4":"has-post-thumbnail","6":"product_cat-pellets","8":"first","9":"instock","10":"shipping-taxable","11":"purchasable","12":"product-type-variable"},"yoast_head":"<!-- This site is optimized with the Yoast SEO plugin v26.3 - https:\/\/yoast.com\/wordpress\/plugins\/seo\/ -->\n<title>Pyrazolam-pellets 3MG online kopen - Pyrazolam-pellets te koop<\/title>\n<meta name=\"description\" content=\"Onze winkel heeft Pyrazolam Pellets 3 mg van topkwaliteit te koop. U kunt nooit om de kwaliteit van onze producten heen. Als u het nodig heeft, koop dan meteen Pyrazolam Pellets 3 mg online. Bestel nu!\" \/>\n<meta name=\"robots\" content=\"index, follow, max-snippet:-1, max-image-preview:large, max-video-preview:-1\" \/>\n<link rel=\"canonical\" href=\"https:\/\/rckopen.com\/fr\/produit\/pyrazolam-pellets-3mg\/\" \/>\n<meta property=\"og:locale\" content=\"fr_FR\" \/>\n<meta property=\"og:type\" content=\"article\" \/>\n<meta property=\"og:title\" content=\"Pyrazolam-pellets 3MG online kopen - Pyrazolam-pellets te koop\" \/>\n<meta property=\"og:description\" content=\"Onze winkel heeft Pyrazolam Pellets 3 mg van topkwaliteit te koop. U kunt nooit om de kwaliteit van onze producten heen. Als u het nodig heeft, koop dan meteen Pyrazolam Pellets 3 mg online. Bestel nu!\" \/>\n<meta property=\"og:url\" content=\"https:\/\/rckopen.com\/fr\/produit\/pyrazolam-pellets-3mg\/\" \/>\n<meta property=\"og:site_name\" content=\"RC Kopen\" \/>\n<meta property=\"article:modified_time\" content=\"2025-09-16T09:10:53+00:00\" \/>\n<meta property=\"og:image\" content=\"https:\/\/rckopen.com\/wp-content\/uploads\/2023\/08\/pyrazolam-pellets-3mg.jpg\" \/>\n\t<meta property=\"og:image:width\" content=\"600\" \/>\n\t<meta property=\"og:image:height\" content=\"600\" \/>\n\t<meta property=\"og:image:type\" content=\"image\/jpeg\" \/>\n<meta name=\"twitter:card\" content=\"summary_large_image\" \/>\n<meta name=\"twitter:label1\" content=\"Dur\u00e9e de lecture estim\u00e9e\" \/>\n\t<meta name=\"twitter:data1\" content=\"3 minutes\" \/>\n<script type=\"application\/ld+json\" class=\"yoast-schema-graph\">{\"@context\":\"https:\/\/schema.org\",\"@graph\":[{\"@type\":\"WebPage\",\"@id\":\"https:\/\/rckopen.com\/product\/pyrazolam-pellets-3mg\/\",\"url\":\"https:\/\/rckopen.com\/product\/pyrazolam-pellets-3mg\/\",\"name\":\"Pyrazolam-pellets 3MG online kopen - Pyrazolam-pellets te koop\",\"isPartOf\":{\"@id\":\"https:\/\/rckopen.com\/#website\"},\"primaryImageOfPage\":{\"@id\":\"https:\/\/rckopen.com\/product\/pyrazolam-pellets-3mg\/#primaryimage\"},\"image\":{\"@id\":\"https:\/\/rckopen.com\/product\/pyrazolam-pellets-3mg\/#primaryimage\"},\"thumbnailUrl\":\"https:\/\/rckopen.com\/wp-content\/uploads\/2023\/08\/pyrazolam-pellets-3mg.jpg\",\"datePublished\":\"2023-08-16T10:33:46+00:00\",\"dateModified\":\"2025-09-16T09:10:53+00:00\",\"description\":\"Onze winkel heeft Pyrazolam Pellets 3 mg van topkwaliteit te koop. U kunt nooit om de kwaliteit van onze producten heen. Als u het nodig heeft, koop dan meteen Pyrazolam Pellets 3 mg online. Bestel nu!\",\"breadcrumb\":{\"@id\":\"https:\/\/rckopen.com\/product\/pyrazolam-pellets-3mg\/#breadcrumb\"},\"inLanguage\":\"fr-FR\",\"potentialAction\":[{\"@type\":\"ReadAction\",\"target\":[\"https:\/\/rckopen.com\/product\/pyrazolam-pellets-3mg\/\"]}]},{\"@type\":\"ImageObject\",\"inLanguage\":\"fr-FR\",\"@id\":\"https:\/\/rckopen.com\/product\/pyrazolam-pellets-3mg\/#primaryimage\",\"url\":\"https:\/\/rckopen.com\/wp-content\/uploads\/2023\/08\/pyrazolam-pellets-3mg.jpg\",\"contentUrl\":\"https:\/\/rckopen.com\/wp-content\/uploads\/2023\/08\/pyrazolam-pellets-3mg.jpg\",\"width\":600,\"height\":600,\"caption\":\"pyrazolam-pellets-3mg online kopen\"},{\"@type\":\"BreadcrumbList\",\"@id\":\"https:\/\/rckopen.com\/product\/pyrazolam-pellets-3mg\/#breadcrumb\",\"itemListElement\":[{\"@type\":\"ListItem\",\"position\":1,\"name\":\"Home\",\"item\":\"https:\/\/rckopen.com\/\"},{\"@type\":\"ListItem\",\"position\":2,\"name\":\"Shop\",\"item\":\"https:\/\/rckopen.com\/shop\/\"},{\"@type\":\"ListItem\",\"position\":3,\"name\":\"pyrazolam pellets 3mg online kopen\"}]},{\"@type\":\"WebSite\",\"@id\":\"https:\/\/rckopen.com\/#website\",\"url\":\"https:\/\/rckopen.com\/\",\"name\":\"RC Kopen\",\"description\":\"Research Chemicals\",\"potentialAction\":[{\"@type\":\"SearchAction\",\"target\":{\"@type\":\"EntryPoint\",\"urlTemplate\":\"https:\/\/rckopen.com\/?s={search_term_string}\"},\"query-input\":{\"@type\":\"PropertyValueSpecification\",\"valueRequired\":true,\"valueName\":\"search_term_string\"}}],\"inLanguage\":\"fr-FR\"}]}<\/script>\n<!-- \/ Yoast SEO plugin. -->","yoast_head_json":{"title":"Pyrazolam-pellets 3MG online kopen - Pyrazolam-pellets te koop","description":"Onze winkel heeft Pyrazolam Pellets 3 mg van topkwaliteit te koop. U kunt nooit om de kwaliteit van onze producten heen. Als u het nodig heeft, koop dan meteen Pyrazolam Pellets 3 mg online. Bestel nu!","robots":{"index":"index","follow":"follow","max-snippet":"max-snippet:-1","max-image-preview":"max-image-preview:large","max-video-preview":"max-video-preview:-1"},"canonical":"https:\/\/rckopen.com\/fr\/produit\/pyrazolam-pellets-3mg\/","og_locale":"fr_FR","og_type":"article","og_title":"Pyrazolam-pellets 3MG online kopen - Pyrazolam-pellets te koop","og_description":"Onze winkel heeft Pyrazolam Pellets 3 mg van topkwaliteit te koop. U kunt nooit om de kwaliteit van onze producten heen. Als u het nodig heeft, koop dan meteen Pyrazolam Pellets 3 mg online. Bestel nu!","og_url":"https:\/\/rckopen.com\/fr\/produit\/pyrazolam-pellets-3mg\/","og_site_name":"RC Kopen","article_modified_time":"2025-09-16T09:10:53+00:00","og_image":[{"width":600,"height":600,"url":"https:\/\/rckopen.com\/wp-content\/uploads\/2023\/08\/pyrazolam-pellets-3mg.jpg","type":"image\/jpeg"}],"twitter_card":"summary_large_image","twitter_misc":{"Dur\u00e9e de lecture estim\u00e9e":"3 minutes"},"schema":{"@context":"https:\/\/schema.org","@graph":[{"@type":"WebPage","@id":"https:\/\/rckopen.com\/product\/pyrazolam-pellets-3mg\/","url":"https:\/\/rckopen.com\/product\/pyrazolam-pellets-3mg\/","name":"Pyrazolam-pellets 3MG online kopen - Pyrazolam-pellets te koop","isPartOf":{"@id":"https:\/\/rckopen.com\/#website"},"primaryImageOfPage":{"@id":"https:\/\/rckopen.com\/product\/pyrazolam-pellets-3mg\/#primaryimage"},"image":{"@id":"https:\/\/rckopen.com\/product\/pyrazolam-pellets-3mg\/#primaryimage"},"thumbnailUrl":"https:\/\/rckopen.com\/wp-content\/uploads\/2023\/08\/pyrazolam-pellets-3mg.jpg","datePublished":"2023-08-16T10:33:46+00:00","dateModified":"2025-09-16T09:10:53+00:00","description":"Onze winkel heeft Pyrazolam Pellets 3 mg van topkwaliteit te koop. U kunt nooit om de kwaliteit van onze producten heen. Als u het nodig heeft, koop dan meteen Pyrazolam Pellets 3 mg online. Bestel nu!","breadcrumb":{"@id":"https:\/\/rckopen.com\/product\/pyrazolam-pellets-3mg\/#breadcrumb"},"inLanguage":"fr-FR","potentialAction":[{"@type":"ReadAction","target":["https:\/\/rckopen.com\/product\/pyrazolam-pellets-3mg\/"]}]},{"@type":"ImageObject","inLanguage":"fr-FR","@id":"https:\/\/rckopen.com\/product\/pyrazolam-pellets-3mg\/#primaryimage","url":"https:\/\/rckopen.com\/wp-content\/uploads\/2023\/08\/pyrazolam-pellets-3mg.jpg","contentUrl":"https:\/\/rckopen.com\/wp-content\/uploads\/2023\/08\/pyrazolam-pellets-3mg.jpg","width":600,"height":600,"caption":"pyrazolam-pellets-3mg online kopen"},{"@type":"BreadcrumbList","@id":"https:\/\/rckopen.com\/product\/pyrazolam-pellets-3mg\/#breadcrumb","itemListElement":[{"@type":"ListItem","position":1,"name":"Home","item":"https:\/\/rckopen.com\/"},{"@type":"ListItem","position":2,"name":"Shop","item":"https:\/\/rckopen.com\/shop\/"},{"@type":"ListItem","position":3,"name":"pyrazolam pellets 3mg online kopen"}]},{"@type":"WebSite","@id":"https:\/\/rckopen.com\/#website","url":"https:\/\/rckopen.com\/","name":"RC Kopen","description":"Research Chemicals","potentialAction":[{"@type":"SearchAction","target":{"@type":"EntryPoint","urlTemplate":"https:\/\/rckopen.com\/?s={search_term_string}"},"query-input":{"@type":"PropertyValueSpecification","valueRequired":true,"valueName":"search_term_string"}}],"inLanguage":"fr-FR"}]}},"_links":{"self":[{"href":"https:\/\/rckopen.com\/fr\/wp-json\/wp\/v2\/product\/6609","targetHints":{"allow":["GET"]}}],"collection":[{"href":"https:\/\/rckopen.com\/fr\/wp-json\/wp\/v2\/product"}],"about":[{"href":"https:\/\/rckopen.com\/fr\/wp-json\/wp\/v2\/types\/product"}],"replies":[{"embeddable":true,"href":"https:\/\/rckopen.com\/fr\/wp-json\/wp\/v2\/comments?post=6609"}],"wp:featuredmedia":[{"embeddable":true,"href":"https:\/\/rckopen.com\/fr\/wp-json\/wp\/v2\/media\/6627"}],"wp:attachment":[{"href":"https:\/\/rckopen.com\/fr\/wp-json\/wp\/v2\/media?parent=6609"}],"wp:term":[{"taxonomy":"product_brand","embeddable":true,"href":"https:\/\/rckopen.com\/fr\/wp-json\/wp\/v2\/product_brand?post=6609"},{"taxonomy":"product_cat","embeddable":true,"href":"https:\/\/rckopen.com\/fr\/wp-json\/wp\/v2\/product_cat?post=6609"},{"taxonomy":"product_tag","embeddable":true,"href":"https:\/\/rckopen.com\/fr\/wp-json\/wp\/v2\/product_tag?post=6609"}],"curies":[{"name":"wp","href":"https:\/\/api.w.org\/{rel}","templated":true}]}}