{"id":6610,"date":"2023-08-16T10:35:17","date_gmt":"2023-08-16T10:35:17","guid":{"rendered":"https:\/\/diligentplug.com\/chems\/?post_type=product&#038;p=6610"},"modified":"2025-09-16T09:10:28","modified_gmt":"2025-09-16T09:10:28","slug":"pagoclone-pellets-10mg","status":"publish","type":"product","link":"https:\/\/rckopen.com\/fr\/produit\/pagoclone-pellets-10mg\/","title":{"rendered":"Acheter Pagoclone PELLETS 10mg en ligne"},"content":{"rendered":"<h2>Het gemak van online winkelen voor Pagoclone PELLETS 10 mg online kopen<\/h2>\n<p>Dans le monde d'aujourd'hui, o\u00f9 tout va tr\u00e8s vite, la commodit\u00e9 est essentielle. Qu'il s'agisse de commander une livraison de repas en quelques clics ou de r\u00e9server un trajet en appuyant sur un bouton, nous appr\u00e9cions tous la commodit\u00e9 et l'efficacit\u00e9 offertes par la technologie moderne. Il en va de m\u00eame pour l'achat de m\u00e9dicaments tels que Pagoclone PELLETS 10 mg. Avec l'essor des pharmacies en ligne, acheter Pagoclone PELLETS 10 mg sans ordonnance n'a jamais \u00e9t\u00e9 aussi facile.<\/p>\n<h3>Pourquoi acheter Pagoclone PELLETS 10mg en ligne ?<\/h3>\n<p>L'\u00e9poque o\u00f9 vous deviez faire la queue \u00e0 la pharmacie ou prendre rendez-vous chez le m\u00e9decin pour renouveler vos m\u00e9dicaments est r\u00e9volue. Sur rckopen.com, vous pouvez maintenant acheter Pagoclone PELLETS 10 mg au Royaume-Uni sans probl\u00e8me et sans ordonnance. En quelques clics, vous pouvez vous faire livrer votre m\u00e9dicament \u00e0 domicile, ce qui vous permet d'\u00e9conomiser du temps et des efforts.<\/p>\n<h3>O\u00f9 pouvez-vous acheter Pagoclone PELLETS 10 mg en ligne ?<\/h3>\n<p>Quand il s'agit d'acheter Pagoclone PELLETS 10 mg en ligne, il est important de choisir une source r\u00e9put\u00e9e et fiable. rckopen.com est une pharmacie en ligne fiable qui offre une large s\u00e9lection de m\u00e9dicaments, y compris Pagoclone PELLETS 10 mg en commande. Avec une navigation facile et des options de paiement s\u00e9curis\u00e9es, vous pouvez \u00eatre assur\u00e9 que votre achat est s\u00fbr.<\/p>\n<h3>Les avantages de commander Pagoclone PELLETS 10 mg sans ordonnance<\/h3>\n<p>L'un des principaux avantages de l'achat de Pagoclone PELLETS 10 mg sans ordonnance est la commodit\u00e9 qu'il offre. Vous n'avez plus besoin d'attendre un rendez-vous chez le m\u00e9decin ni de vous occuper du renouvellement de votre m\u00e9dicament. Sur rckopen.com, vous pouvez facilement passer votre commande en ligne et vous faire livrer vos m\u00e9dicaments directement chez vous.<\/p>\n<h3>Comment se procurer Pagoclone PELLETS 10 mg sans ordonnance ?<\/h3>\n<p>Commander Pagoclone PELLETS 10mg sans ordonnance est rapide et facile. Il vous suffit de vous rendre sur le site rckopen.com et de parcourir la s\u00e9lection de m\u00e9dicaments. Une fois que vous avez trouv\u00e9 le m\u00e9dicament Pagoclone PELLETS 10mg dont vous avez besoin, ajoutez-le \u00e0 votre panier et passez \u00e0 la caisse. En quelques \u00e9tapes simples, vous aurez votre m\u00e9dicament dans votre poche en un rien de temps.<\/p>\n<p>Maintenant que vous pouvez acheter Pagoclone PELLETS 10 mg en ligne sans ordonnance, c'est un moyen pratique et sans tracas d'obtenir les m\u00e9dicaments dont vous avez besoin. Avec rckopen.com, vous pouvez profiter d'une exp\u00e9rience d'achat fluide et faire livrer votre commande Pagoclone PELLETS 10 mg \u00e0 votre porte en toute l\u00e9galit\u00e9. Dites adieu au stress et aux inconv\u00e9nients des achats en pharmacie traditionnels et adoptez la commodit\u00e9 d\u2019acheter des m\u00e9dicaments en ligne.<\/p>\n<p>Alors pourquoi attendre ? Visitez rckopen.com aujourd'hui et achetez Pagoclone PELLETS 10 mg facilement sans ordonnance.<\/p>","protected":false},"excerpt":{"rendered":"<p><strong>Nom IUPAC : <\/strong>2-(7-chloro-1,8-naphthyridin-2-yl)-3-(5-methyl-2-oxohexyl)isoindolin-1-one<\/p>\n<p><strong>CAS # <\/strong>133737-32-3<\/p>\n<p><strong>Forme : <\/strong>pastille<\/p>\n<p><strong>Analyse RMN : <\/strong>C23H22ClN3O2<\/p>","protected":false},"featured_media":6628,"comment_status":"open","ping_status":"closed","template":"","meta":{"_joinchat":[]},"product_brand":[],"product_cat":[144],"product_tag":[],"class_list":{"0":"post-6610","1":"product","2":"type-product","3":"status-publish","4":"has-post-thumbnail","6":"product_cat-pellets","8":"first","9":"instock","10":"shipping-taxable","11":"purchasable","12":"product-type-variable"},"yoast_head":"<!-- This site is optimized with the Yoast SEO plugin v26.3 - https:\/\/yoast.com\/wordpress\/plugins\/seo\/ -->\n<title>Pagoclone Pellets 10 mg online kopen - Pagoclone Pellets te koop<\/title>\n<meta name=\"description\" content=\"Als u Pagoclone Pellets 10 mg online wilt kopen zonder recept, is rckopen.com de beste plaats om Pagoclone Pellets 10 mg online te kopen, Pagoclone Pellets 10 mg te koop, Pagoclone Pellets 10 mg online kopen tegen de beste prijs. Bestel nu!\" \/>\n<meta name=\"robots\" content=\"index, follow, max-snippet:-1, max-image-preview:large, max-video-preview:-1\" \/>\n<link rel=\"canonical\" href=\"https:\/\/rckopen.com\/fr\/produit\/pagoclone-pellets-10mg\/\" \/>\n<meta property=\"og:locale\" content=\"fr_FR\" \/>\n<meta property=\"og:type\" content=\"article\" \/>\n<meta property=\"og:title\" content=\"Pagoclone Pellets 10 mg online kopen - Pagoclone Pellets te koop\" \/>\n<meta property=\"og:description\" content=\"Als u Pagoclone Pellets 10 mg online wilt kopen zonder recept, is rckopen.com de beste plaats om Pagoclone Pellets 10 mg online te kopen, Pagoclone Pellets 10 mg te koop, Pagoclone Pellets 10 mg online kopen tegen de beste prijs. Bestel nu!\" \/>\n<meta property=\"og:url\" content=\"https:\/\/rckopen.com\/fr\/produit\/pagoclone-pellets-10mg\/\" \/>\n<meta property=\"og:site_name\" content=\"RC Kopen\" \/>\n<meta property=\"article:modified_time\" content=\"2025-09-16T09:10:28+00:00\" \/>\n<meta property=\"og:image\" content=\"https:\/\/rckopen.com\/wp-content\/uploads\/2023\/08\/Pagoclone-PELLETS-10mg.jpg\" \/>\n\t<meta property=\"og:image:width\" content=\"600\" \/>\n\t<meta property=\"og:image:height\" content=\"600\" \/>\n\t<meta property=\"og:image:type\" content=\"image\/jpeg\" \/>\n<meta name=\"twitter:card\" content=\"summary_large_image\" \/>\n<meta name=\"twitter:label1\" content=\"Dur\u00e9e de lecture estim\u00e9e\" \/>\n\t<meta name=\"twitter:data1\" content=\"3 minutes\" \/>\n<script type=\"application\/ld+json\" class=\"yoast-schema-graph\">{\"@context\":\"https:\/\/schema.org\",\"@graph\":[{\"@type\":\"WebPage\",\"@id\":\"https:\/\/rckopen.com\/product\/pagoclone-pellets-10mg\/\",\"url\":\"https:\/\/rckopen.com\/product\/pagoclone-pellets-10mg\/\",\"name\":\"Pagoclone Pellets 10 mg online kopen - Pagoclone Pellets te koop\",\"isPartOf\":{\"@id\":\"https:\/\/rckopen.com\/#website\"},\"primaryImageOfPage\":{\"@id\":\"https:\/\/rckopen.com\/product\/pagoclone-pellets-10mg\/#primaryimage\"},\"image\":{\"@id\":\"https:\/\/rckopen.com\/product\/pagoclone-pellets-10mg\/#primaryimage\"},\"thumbnailUrl\":\"https:\/\/rckopen.com\/wp-content\/uploads\/2023\/08\/Pagoclone-PELLETS-10mg.jpg\",\"datePublished\":\"2023-08-16T10:35:17+00:00\",\"dateModified\":\"2025-09-16T09:10:28+00:00\",\"description\":\"Als u Pagoclone Pellets 10 mg online wilt kopen zonder recept, is rckopen.com de beste plaats om Pagoclone Pellets 10 mg online te kopen, Pagoclone Pellets 10 mg te koop, Pagoclone Pellets 10 mg online kopen tegen de beste prijs. Bestel nu!\",\"breadcrumb\":{\"@id\":\"https:\/\/rckopen.com\/product\/pagoclone-pellets-10mg\/#breadcrumb\"},\"inLanguage\":\"fr-FR\",\"potentialAction\":[{\"@type\":\"ReadAction\",\"target\":[\"https:\/\/rckopen.com\/product\/pagoclone-pellets-10mg\/\"]}]},{\"@type\":\"ImageObject\",\"inLanguage\":\"fr-FR\",\"@id\":\"https:\/\/rckopen.com\/product\/pagoclone-pellets-10mg\/#primaryimage\",\"url\":\"https:\/\/rckopen.com\/wp-content\/uploads\/2023\/08\/Pagoclone-PELLETS-10mg.jpg\",\"contentUrl\":\"https:\/\/rckopen.com\/wp-content\/uploads\/2023\/08\/Pagoclone-PELLETS-10mg.jpg\",\"width\":600,\"height\":600,\"caption\":\"Pagoclone-PELLETS-10mg online kopen\"},{\"@type\":\"BreadcrumbList\",\"@id\":\"https:\/\/rckopen.com\/product\/pagoclone-pellets-10mg\/#breadcrumb\",\"itemListElement\":[{\"@type\":\"ListItem\",\"position\":1,\"name\":\"Home\",\"item\":\"https:\/\/rckopen.com\/\"},{\"@type\":\"ListItem\",\"position\":2,\"name\":\"Shop\",\"item\":\"https:\/\/rckopen.com\/shop\/\"},{\"@type\":\"ListItem\",\"position\":3,\"name\":\"Pagoclone PELLETS 10mg online kopen\"}]},{\"@type\":\"WebSite\",\"@id\":\"https:\/\/rckopen.com\/#website\",\"url\":\"https:\/\/rckopen.com\/\",\"name\":\"RC Kopen\",\"description\":\"Research Chemicals\",\"potentialAction\":[{\"@type\":\"SearchAction\",\"target\":{\"@type\":\"EntryPoint\",\"urlTemplate\":\"https:\/\/rckopen.com\/?s={search_term_string}\"},\"query-input\":{\"@type\":\"PropertyValueSpecification\",\"valueRequired\":true,\"valueName\":\"search_term_string\"}}],\"inLanguage\":\"fr-FR\"}]}<\/script>\n<!-- \/ Yoast SEO plugin. -->","yoast_head_json":{"title":"Pagoclone Pellets 10 mg online kopen - Pagoclone Pellets te koop","description":"Als u Pagoclone Pellets 10 mg online wilt kopen zonder recept, is rckopen.com de beste plaats om Pagoclone Pellets 10 mg online te kopen, Pagoclone Pellets 10 mg te koop, Pagoclone Pellets 10 mg online kopen tegen de beste prijs. Bestel nu!","robots":{"index":"index","follow":"follow","max-snippet":"max-snippet:-1","max-image-preview":"max-image-preview:large","max-video-preview":"max-video-preview:-1"},"canonical":"https:\/\/rckopen.com\/fr\/produit\/pagoclone-pellets-10mg\/","og_locale":"fr_FR","og_type":"article","og_title":"Pagoclone Pellets 10 mg online kopen - Pagoclone Pellets te koop","og_description":"Als u Pagoclone Pellets 10 mg online wilt kopen zonder recept, is rckopen.com de beste plaats om Pagoclone Pellets 10 mg online te kopen, Pagoclone Pellets 10 mg te koop, Pagoclone Pellets 10 mg online kopen tegen de beste prijs. Bestel nu!","og_url":"https:\/\/rckopen.com\/fr\/produit\/pagoclone-pellets-10mg\/","og_site_name":"RC Kopen","article_modified_time":"2025-09-16T09:10:28+00:00","og_image":[{"width":600,"height":600,"url":"https:\/\/rckopen.com\/wp-content\/uploads\/2023\/08\/Pagoclone-PELLETS-10mg.jpg","type":"image\/jpeg"}],"twitter_card":"summary_large_image","twitter_misc":{"Dur\u00e9e de lecture estim\u00e9e":"3 minutes"},"schema":{"@context":"https:\/\/schema.org","@graph":[{"@type":"WebPage","@id":"https:\/\/rckopen.com\/product\/pagoclone-pellets-10mg\/","url":"https:\/\/rckopen.com\/product\/pagoclone-pellets-10mg\/","name":"Pagoclone Pellets 10 mg online kopen - Pagoclone Pellets te koop","isPartOf":{"@id":"https:\/\/rckopen.com\/#website"},"primaryImageOfPage":{"@id":"https:\/\/rckopen.com\/product\/pagoclone-pellets-10mg\/#primaryimage"},"image":{"@id":"https:\/\/rckopen.com\/product\/pagoclone-pellets-10mg\/#primaryimage"},"thumbnailUrl":"https:\/\/rckopen.com\/wp-content\/uploads\/2023\/08\/Pagoclone-PELLETS-10mg.jpg","datePublished":"2023-08-16T10:35:17+00:00","dateModified":"2025-09-16T09:10:28+00:00","description":"Als u Pagoclone Pellets 10 mg online wilt kopen zonder recept, is rckopen.com de beste plaats om Pagoclone Pellets 10 mg online te kopen, Pagoclone Pellets 10 mg te koop, Pagoclone Pellets 10 mg online kopen tegen de beste prijs. Bestel nu!","breadcrumb":{"@id":"https:\/\/rckopen.com\/product\/pagoclone-pellets-10mg\/#breadcrumb"},"inLanguage":"fr-FR","potentialAction":[{"@type":"ReadAction","target":["https:\/\/rckopen.com\/product\/pagoclone-pellets-10mg\/"]}]},{"@type":"ImageObject","inLanguage":"fr-FR","@id":"https:\/\/rckopen.com\/product\/pagoclone-pellets-10mg\/#primaryimage","url":"https:\/\/rckopen.com\/wp-content\/uploads\/2023\/08\/Pagoclone-PELLETS-10mg.jpg","contentUrl":"https:\/\/rckopen.com\/wp-content\/uploads\/2023\/08\/Pagoclone-PELLETS-10mg.jpg","width":600,"height":600,"caption":"Pagoclone-PELLETS-10mg online kopen"},{"@type":"BreadcrumbList","@id":"https:\/\/rckopen.com\/product\/pagoclone-pellets-10mg\/#breadcrumb","itemListElement":[{"@type":"ListItem","position":1,"name":"Home","item":"https:\/\/rckopen.com\/"},{"@type":"ListItem","position":2,"name":"Shop","item":"https:\/\/rckopen.com\/shop\/"},{"@type":"ListItem","position":3,"name":"Pagoclone PELLETS 10mg online kopen"}]},{"@type":"WebSite","@id":"https:\/\/rckopen.com\/#website","url":"https:\/\/rckopen.com\/","name":"RC Kopen","description":"Research Chemicals","potentialAction":[{"@type":"SearchAction","target":{"@type":"EntryPoint","urlTemplate":"https:\/\/rckopen.com\/?s={search_term_string}"},"query-input":{"@type":"PropertyValueSpecification","valueRequired":true,"valueName":"search_term_string"}}],"inLanguage":"fr-FR"}]}},"_links":{"self":[{"href":"https:\/\/rckopen.com\/fr\/wp-json\/wp\/v2\/product\/6610","targetHints":{"allow":["GET"]}}],"collection":[{"href":"https:\/\/rckopen.com\/fr\/wp-json\/wp\/v2\/product"}],"about":[{"href":"https:\/\/rckopen.com\/fr\/wp-json\/wp\/v2\/types\/product"}],"replies":[{"embeddable":true,"href":"https:\/\/rckopen.com\/fr\/wp-json\/wp\/v2\/comments?post=6610"}],"wp:featuredmedia":[{"embeddable":true,"href":"https:\/\/rckopen.com\/fr\/wp-json\/wp\/v2\/media\/6628"}],"wp:attachment":[{"href":"https:\/\/rckopen.com\/fr\/wp-json\/wp\/v2\/media?parent=6610"}],"wp:term":[{"taxonomy":"product_brand","embeddable":true,"href":"https:\/\/rckopen.com\/fr\/wp-json\/wp\/v2\/product_brand?post=6610"},{"taxonomy":"product_cat","embeddable":true,"href":"https:\/\/rckopen.com\/fr\/wp-json\/wp\/v2\/product_cat?post=6610"},{"taxonomy":"product_tag","embeddable":true,"href":"https:\/\/rckopen.com\/fr\/wp-json\/wp\/v2\/product_tag?post=6610"}],"curies":[{"name":"wp","href":"https:\/\/api.w.org\/{rel}","templated":true}]}}