{"id":6612,"date":"2023-08-16T10:40:06","date_gmt":"2023-08-16T10:40:06","guid":{"rendered":"https:\/\/diligentplug.com\/chems\/?post_type=product&#038;p=6612"},"modified":"2025-09-16T09:07:36","modified_gmt":"2025-09-16T09:07:36","slug":"amt-pellets-25mg","status":"publish","type":"product","link":"https:\/\/rckopen.com\/fr\/produit\/amt-pellets-25mg\/","title":{"rendered":"Acheter des pastilles AMT 25 mg en ligne"},"content":{"rendered":"<h2>AMT-pellets 25mg online kopen<br \/>\nPrix abordables et offres sp\u00e9ciales uniquement sur rckopen.com<\/h2>\n<p>Vous recherchez une qualit\u00e9 sup\u00e9rieure <a href=\"https:\/\/rckopen.com\/fr\/produit\/amt-pellets-25mg\/\">Pastilles AMT 25 mg<\/a>? Oui, rckopen.com propose une large s\u00e9lection de pastilles AMT 25 mg \u00e0 la vente, avec la commodit\u00e9 de commander sans ordonnance. Dans cet article, nous vous donnons des conseils d'initi\u00e9s pour acheter des granul\u00e9s AMT 25 mg sur rckopen.com.<\/p>\n<p>AMT Pellets 25mg en vente \u00e0 des prix imbattables sur <a href=\"https:\/\/rckopen.com\/fr\/\">rckopen.com<\/a>. En plus de leurs prix d\u00e9j\u00e0 comp\u00e9titifs, rckopen.com propose r\u00e9guli\u00e8rement des promotions et des remises sp\u00e9ciales pour ses clients. Inscrivez-vous \u00e0 leur newsletter ou suivez-les sur les r\u00e9seaux sociaux pour rester au courant des derni\u00e8res offres et promotions.<\/p>\n<h3>Pourquoi choisir AMT pellets 25 mg ?<\/h3>\n<p>Avant d\u2019aborder les conseils pour acheter des granul\u00e9s AMT 25 mg, nous souhaitons d\u2019abord discuter des raisons pour lesquelles vous pourriez envisager ce produit. <a href=\"https:\/\/en.wikipedia.org\/wiki\/AMT\">AMT<\/a>-les granul\u00e9s de 25 mg sont connus pour leur efficacit\u00e9 et leur puret\u00e9, ce qui en fait un choix populaire parmi les clients. Que vous souhaitiez am\u00e9liorer vos recherches ou vos exp\u00e9riences, Buy AMT Pellets 25mg Legally peut vous donner les r\u00e9sultats souhait\u00e9s.<\/p>\n<h3>O\u00f9 pouvez-vous acheter des pastilles AMT 25 mg en ligne ?<\/h3>\n<p>O\u00f9 acheter des pastilles AMT 25 mg en ligne ? rckopen.com est votre magasin de r\u00e9f\u00e9rence. Avec une interface conviviale et un syst\u00e8me de paiement s\u00e9curis\u00e9, acheter des pastilles AMT 25 mg sur rckopen.com est si simple. Parcourez simplement leur s\u00e9lection, ajoutez les produits que vous souhaitez au panier et passez \u00e0 la caisse. Vous pouvez vous faire livrer vos pastilles AMT 25 mg \u00e0 domicile en un rien de temps.<\/p>\n<h3>Service \u00e0 la client\u00e8le<\/h3>\n<p>Avec une \u00e9quipe de soutien \u00e0 la client\u00e8le d\u00e9vou\u00e9e disponible pour r\u00e9pondre \u00e0 toutes les questions ou commentaires, rckopen.com assure une exp\u00e9rience d'achat transparente pour ses clients. Que vous ayez besoin d'aide pour passer une commande d'AMT pellets 25 mg ou pour suivre votre envoi, le personnel amical et comp\u00e9tent est l\u00e0 pour vous aider. Vous pouvez \u00eatre s\u00fbr d'\u00eatre entre de bonnes mains lorsque vous commandez AMT pellets 25mg sur rckopen.com.<\/p>\n<h3>Commander AMT pellets 25 mg sans ordonnance<\/h3>\n<p>L'un des avantages d'acheter sur rckopen.com est la possibilit\u00e9 de commander des pastilles d'AMT 25 mg sans ordonnance. Vous n'avez donc pas \u00e0 vous soucier de l'obtention d'une ordonnance et vous pouvez acheter facilement les produits que vous souhaitez. Il vous suffit de parcourir la boutique, de s\u00e9lectionner vos articles pr\u00e9f\u00e9r\u00e9s et de passer \u00e0 la caisse - c'est aussi simple que cela !<\/p>","protected":false},"excerpt":{"rendered":"<p><strong>Nom IUPAC :<\/strong><\/p>\n<p><strong>Apparence : <\/strong>orange<\/p>\n<p><strong>Forme : <\/strong>granul\u00e9s<\/p>\n<p><strong>Analyse RMN : <\/strong>N\/A<\/p>","protected":false},"featured_media":6629,"comment_status":"open","ping_status":"closed","template":"","meta":{"_joinchat":[]},"product_brand":[],"product_cat":[144],"product_tag":[],"class_list":{"0":"post-6612","1":"product","2":"type-product","3":"status-publish","4":"has-post-thumbnail","6":"product_cat-pellets","8":"first","9":"instock","10":"shipping-taxable","11":"purchasable","12":"product-type-variable"},"yoast_head":"<!-- This site is optimized with the Yoast SEO plugin v26.3 - https:\/\/yoast.com\/wordpress\/plugins\/seo\/ -->\n<title>Amt Pellets 25 mg online kopen - Amt Pellets 25 mg te koop<\/title>\n<meta name=\"description\" content=\"Als u Amt Pellets 25mg online wilt kopen, dan is een bezoek aan onze online RC Kopen winkel de beste optie. We hebben Amt Pellets 25 mg te koop. Plaats nu uw bestelling!\" \/>\n<meta name=\"robots\" content=\"index, follow, max-snippet:-1, max-image-preview:large, max-video-preview:-1\" \/>\n<link rel=\"canonical\" href=\"https:\/\/rckopen.com\/fr\/produit\/amt-pellets-25mg\/\" \/>\n<meta property=\"og:locale\" content=\"fr_FR\" \/>\n<meta property=\"og:type\" content=\"article\" \/>\n<meta property=\"og:title\" content=\"Amt Pellets 25 mg online kopen - Amt Pellets 25 mg te koop\" \/>\n<meta property=\"og:description\" content=\"Als u Amt Pellets 25mg online wilt kopen, dan is een bezoek aan onze online RC Kopen winkel de beste optie. We hebben Amt Pellets 25 mg te koop. Plaats nu uw bestelling!\" \/>\n<meta property=\"og:url\" content=\"https:\/\/rckopen.com\/fr\/produit\/amt-pellets-25mg\/\" \/>\n<meta property=\"og:site_name\" content=\"RC Kopen\" \/>\n<meta property=\"article:modified_time\" content=\"2025-09-16T09:07:36+00:00\" \/>\n<meta property=\"og:image\" content=\"https:\/\/rckopen.com\/wp-content\/uploads\/2023\/08\/AMT-pellets-25mg.jpg\" \/>\n\t<meta property=\"og:image:width\" content=\"600\" \/>\n\t<meta property=\"og:image:height\" content=\"600\" \/>\n\t<meta property=\"og:image:type\" content=\"image\/jpeg\" \/>\n<meta name=\"twitter:card\" content=\"summary_large_image\" \/>\n<meta name=\"twitter:label1\" content=\"Dur\u00e9e de lecture estim\u00e9e\" \/>\n\t<meta name=\"twitter:data1\" content=\"2 minutes\" \/>\n<script type=\"application\/ld+json\" class=\"yoast-schema-graph\">{\"@context\":\"https:\/\/schema.org\",\"@graph\":[{\"@type\":\"WebPage\",\"@id\":\"https:\/\/rckopen.com\/product\/amt-pellets-25mg\/\",\"url\":\"https:\/\/rckopen.com\/product\/amt-pellets-25mg\/\",\"name\":\"Amt Pellets 25 mg online kopen - Amt Pellets 25 mg te koop\",\"isPartOf\":{\"@id\":\"https:\/\/rckopen.com\/#website\"},\"primaryImageOfPage\":{\"@id\":\"https:\/\/rckopen.com\/product\/amt-pellets-25mg\/#primaryimage\"},\"image\":{\"@id\":\"https:\/\/rckopen.com\/product\/amt-pellets-25mg\/#primaryimage\"},\"thumbnailUrl\":\"https:\/\/rckopen.com\/wp-content\/uploads\/2023\/08\/AMT-pellets-25mg.jpg\",\"datePublished\":\"2023-08-16T10:40:06+00:00\",\"dateModified\":\"2025-09-16T09:07:36+00:00\",\"description\":\"Als u Amt Pellets 25mg online wilt kopen, dan is een bezoek aan onze online RC Kopen winkel de beste optie. We hebben Amt Pellets 25 mg te koop. Plaats nu uw bestelling!\",\"breadcrumb\":{\"@id\":\"https:\/\/rckopen.com\/product\/amt-pellets-25mg\/#breadcrumb\"},\"inLanguage\":\"fr-FR\",\"potentialAction\":[{\"@type\":\"ReadAction\",\"target\":[\"https:\/\/rckopen.com\/product\/amt-pellets-25mg\/\"]}]},{\"@type\":\"ImageObject\",\"inLanguage\":\"fr-FR\",\"@id\":\"https:\/\/rckopen.com\/product\/amt-pellets-25mg\/#primaryimage\",\"url\":\"https:\/\/rckopen.com\/wp-content\/uploads\/2023\/08\/AMT-pellets-25mg.jpg\",\"contentUrl\":\"https:\/\/rckopen.com\/wp-content\/uploads\/2023\/08\/AMT-pellets-25mg.jpg\",\"width\":600,\"height\":600,\"caption\":\"AMT-pellets-25mg online kopen\"},{\"@type\":\"BreadcrumbList\",\"@id\":\"https:\/\/rckopen.com\/product\/amt-pellets-25mg\/#breadcrumb\",\"itemListElement\":[{\"@type\":\"ListItem\",\"position\":1,\"name\":\"Home\",\"item\":\"https:\/\/rckopen.com\/\"},{\"@type\":\"ListItem\",\"position\":2,\"name\":\"Shop\",\"item\":\"https:\/\/rckopen.com\/shop\/\"},{\"@type\":\"ListItem\",\"position\":3,\"name\":\"AMT pellets 25mg online kopen\"}]},{\"@type\":\"WebSite\",\"@id\":\"https:\/\/rckopen.com\/#website\",\"url\":\"https:\/\/rckopen.com\/\",\"name\":\"RC Kopen\",\"description\":\"Research Chemicals\",\"potentialAction\":[{\"@type\":\"SearchAction\",\"target\":{\"@type\":\"EntryPoint\",\"urlTemplate\":\"https:\/\/rckopen.com\/?s={search_term_string}\"},\"query-input\":{\"@type\":\"PropertyValueSpecification\",\"valueRequired\":true,\"valueName\":\"search_term_string\"}}],\"inLanguage\":\"fr-FR\"}]}<\/script>\n<!-- \/ Yoast SEO plugin. -->","yoast_head_json":{"title":"Amt Pellets 25 mg online kopen - Amt Pellets 25 mg te koop","description":"Als u Amt Pellets 25mg online wilt kopen, dan is een bezoek aan onze online RC Kopen winkel de beste optie. We hebben Amt Pellets 25 mg te koop. Plaats nu uw bestelling!","robots":{"index":"index","follow":"follow","max-snippet":"max-snippet:-1","max-image-preview":"max-image-preview:large","max-video-preview":"max-video-preview:-1"},"canonical":"https:\/\/rckopen.com\/fr\/produit\/amt-pellets-25mg\/","og_locale":"fr_FR","og_type":"article","og_title":"Amt Pellets 25 mg online kopen - Amt Pellets 25 mg te koop","og_description":"Als u Amt Pellets 25mg online wilt kopen, dan is een bezoek aan onze online RC Kopen winkel de beste optie. We hebben Amt Pellets 25 mg te koop. Plaats nu uw bestelling!","og_url":"https:\/\/rckopen.com\/fr\/produit\/amt-pellets-25mg\/","og_site_name":"RC Kopen","article_modified_time":"2025-09-16T09:07:36+00:00","og_image":[{"width":600,"height":600,"url":"https:\/\/rckopen.com\/wp-content\/uploads\/2023\/08\/AMT-pellets-25mg.jpg","type":"image\/jpeg"}],"twitter_card":"summary_large_image","twitter_misc":{"Dur\u00e9e de lecture estim\u00e9e":"2 minutes"},"schema":{"@context":"https:\/\/schema.org","@graph":[{"@type":"WebPage","@id":"https:\/\/rckopen.com\/product\/amt-pellets-25mg\/","url":"https:\/\/rckopen.com\/product\/amt-pellets-25mg\/","name":"Amt Pellets 25 mg online kopen - Amt Pellets 25 mg te koop","isPartOf":{"@id":"https:\/\/rckopen.com\/#website"},"primaryImageOfPage":{"@id":"https:\/\/rckopen.com\/product\/amt-pellets-25mg\/#primaryimage"},"image":{"@id":"https:\/\/rckopen.com\/product\/amt-pellets-25mg\/#primaryimage"},"thumbnailUrl":"https:\/\/rckopen.com\/wp-content\/uploads\/2023\/08\/AMT-pellets-25mg.jpg","datePublished":"2023-08-16T10:40:06+00:00","dateModified":"2025-09-16T09:07:36+00:00","description":"Als u Amt Pellets 25mg online wilt kopen, dan is een bezoek aan onze online RC Kopen winkel de beste optie. We hebben Amt Pellets 25 mg te koop. Plaats nu uw bestelling!","breadcrumb":{"@id":"https:\/\/rckopen.com\/product\/amt-pellets-25mg\/#breadcrumb"},"inLanguage":"fr-FR","potentialAction":[{"@type":"ReadAction","target":["https:\/\/rckopen.com\/product\/amt-pellets-25mg\/"]}]},{"@type":"ImageObject","inLanguage":"fr-FR","@id":"https:\/\/rckopen.com\/product\/amt-pellets-25mg\/#primaryimage","url":"https:\/\/rckopen.com\/wp-content\/uploads\/2023\/08\/AMT-pellets-25mg.jpg","contentUrl":"https:\/\/rckopen.com\/wp-content\/uploads\/2023\/08\/AMT-pellets-25mg.jpg","width":600,"height":600,"caption":"AMT-pellets-25mg online kopen"},{"@type":"BreadcrumbList","@id":"https:\/\/rckopen.com\/product\/amt-pellets-25mg\/#breadcrumb","itemListElement":[{"@type":"ListItem","position":1,"name":"Home","item":"https:\/\/rckopen.com\/"},{"@type":"ListItem","position":2,"name":"Shop","item":"https:\/\/rckopen.com\/shop\/"},{"@type":"ListItem","position":3,"name":"AMT pellets 25mg online kopen"}]},{"@type":"WebSite","@id":"https:\/\/rckopen.com\/#website","url":"https:\/\/rckopen.com\/","name":"RC Kopen","description":"Research Chemicals","potentialAction":[{"@type":"SearchAction","target":{"@type":"EntryPoint","urlTemplate":"https:\/\/rckopen.com\/?s={search_term_string}"},"query-input":{"@type":"PropertyValueSpecification","valueRequired":true,"valueName":"search_term_string"}}],"inLanguage":"fr-FR"}]}},"_links":{"self":[{"href":"https:\/\/rckopen.com\/fr\/wp-json\/wp\/v2\/product\/6612","targetHints":{"allow":["GET"]}}],"collection":[{"href":"https:\/\/rckopen.com\/fr\/wp-json\/wp\/v2\/product"}],"about":[{"href":"https:\/\/rckopen.com\/fr\/wp-json\/wp\/v2\/types\/product"}],"replies":[{"embeddable":true,"href":"https:\/\/rckopen.com\/fr\/wp-json\/wp\/v2\/comments?post=6612"}],"wp:featuredmedia":[{"embeddable":true,"href":"https:\/\/rckopen.com\/fr\/wp-json\/wp\/v2\/media\/6629"}],"wp:attachment":[{"href":"https:\/\/rckopen.com\/fr\/wp-json\/wp\/v2\/media?parent=6612"}],"wp:term":[{"taxonomy":"product_brand","embeddable":true,"href":"https:\/\/rckopen.com\/fr\/wp-json\/wp\/v2\/product_brand?post=6612"},{"taxonomy":"product_cat","embeddable":true,"href":"https:\/\/rckopen.com\/fr\/wp-json\/wp\/v2\/product_cat?post=6612"},{"taxonomy":"product_tag","embeddable":true,"href":"https:\/\/rckopen.com\/fr\/wp-json\/wp\/v2\/product_tag?post=6612"}],"curies":[{"name":"wp","href":"https:\/\/api.w.org\/{rel}","templated":true}]}}