{"id":6613,"date":"2023-08-16T10:40:48","date_gmt":"2023-08-16T10:40:48","guid":{"rendered":"https:\/\/diligentplug.com\/chems\/?post_type=product&#038;p=6613"},"modified":"2025-09-16T09:03:26","modified_gmt":"2025-09-16T09:03:26","slug":"4-fma-pellets-100mg","status":"publish","type":"product","link":"https:\/\/rckopen.com\/fr\/produit\/4-pastilles-de-fma-100mg\/","title":{"rendered":"Achetez des pastilles de 4-FMA 100 mg en ligne"},"content":{"rendered":"<h2>4-FMA-pellets 100 mg online kopen<br \/>\nCommander facilement 3-FA pellets 50 mg en ligne : la boutique de confiance de RCKopen<\/h2>\n<p>Est-ce que tu veux <a href=\"https:\/\/rckopen.com\/fr\/produit\/4-pastilles-de-fma-100mg\/\">4-FMA-pellets 100 mg online kopen<\/a>? Ne cherchez pas plus loin que le magasin de confiance de <a href=\"https:\/\/rckopen.com\/fr\/\">Rckopen.com<\/a>! Ici, vous pouvez facilement commander des granul\u00e9s 4-FMA 100 mg en ligne en quelques clics. Notre magasin propose une large gamme de produits chimiques de recherche, notamment des granul\u00e9s 4-FMA 100 mg pour tous vos besoins de recherche. Avec notre processus de commande simple et notre exp\u00e9dition rapide, acheter des granul\u00e9s 4-FMA 100 mg en ligne n'a jamais \u00e9t\u00e9 aussi simple.<\/p>\n<h3>Pourquoi choisir RCKopen pour acheter des pastilles de 4-FMA 100 mg ?<\/h3>\n<p>Lorsqu\u2019il s\u2019agit d\u2019acheter des produits chimiques de recherche en ligne, la confiance est essentielle. Chez RCKopen, nous sommes fiers d'\u00eatre un magasin de confiance qui propose des produits de haute qualit\u00e9. Tous nos <a href=\"https:\/\/en.wikipedia.org\/wiki\/4-Fluoromethamphetamine\">4-FMA<\/a>-les granul\u00e9s de 100 mg \u00e0 vendre proviennent de fournisseurs r\u00e9put\u00e9s pour garantir la puret\u00e9 et la puissance. Que vous soyez un chercheur chevronn\u00e9 ou un acheteur d\u00e9butant, vous pouvez faire confiance \u00e0 RCKopen pour fournir des produits haut de gamme.<\/p>\n<h3>Comment acheter des pastilles de 4-FMA 100 mg en ligne sur RCKopen<\/h3>\n<p>Commander 4-FMA pellets 100 mg sur RCKopen est simple et pratique. Il vous suffit de visiter notre site web, de parcourir notre s\u00e9lection de produits chimiques de recherche et d'ajouter 4-FMA pellets 100 mg legal \u00e0 votre panier. Ensuite, passez \u00e0 la caisse et entrez vos coordonn\u00e9es de livraison. Une fois votre commande confirm\u00e9e, notre \u00e9quipe se chargera d'emballer et d'exp\u00e9dier en toute s\u00e9curit\u00e9 votre 4-FMA pellets 100 mg \u00e0 votre porte. C'est aussi simple que cela !<\/p>\n<h3>O\u00f9 pouvez-vous acheter l\u00e9galement des granul\u00e9s de 4-FMA 100 mg en ligne ?<\/h3>\n<p>Il est essentiel d'acheter 4-FMA pellets 100 mg l\u00e9galement pour assurer la s\u00e9curit\u00e9 et la l\u00e9galit\u00e9 de votre recherche. RCKopen est une boutique r\u00e9put\u00e9e qui respecte toutes les r\u00e9glementations et directives relatives \u00e0 la vente de produits chimiques destin\u00e9s \u00e0 la recherche. Lorsque vous achetez des pastilles de 4-FMA 100 mg chez nous, vous pouvez \u00eatre s\u00fbr que vous achetez un produit l\u00e9gal pour vos recherches.<\/p>\n<h3>Pourquoi choisir les pastilles de 4-FMA 100 mg de RCKopen ?<\/h3>\n<p>Chez RCKopen 4-FMA pellets 100mg, nous nous effor\u00e7ons de fournir \u00e0 nos clients les meilleurs produits chimiques de recherche sur le march\u00e9. Nos pastilles de 4-FMA 100mg \u00e0 vendre sont de la plus haute qualit\u00e9 et puret\u00e9, ce qui les rend id\u00e9ales pour la recherche. Que vous meniez des exp\u00e9riences en laboratoire ou que vous \u00e9tudiiez les effets des produits chimiques, nos pastilles de 4-FMA 100 mg sont le choix parfait pour vos besoins de recherche.<\/p>","protected":false},"excerpt":{"rendered":"<p><strong>Forme : <\/strong>granul\u00e9s<\/p>\n<p><strong>Analyse RMN : <\/strong>N\/A<\/p>","protected":false},"featured_media":6630,"comment_status":"open","ping_status":"closed","template":"","meta":{"_joinchat":[]},"product_brand":[],"product_cat":[144],"product_tag":[],"class_list":{"0":"post-6613","1":"product","2":"type-product","3":"status-publish","4":"has-post-thumbnail","6":"product_cat-pellets","8":"first","9":"instock","10":"shipping-taxable","11":"purchasable","12":"product-type-variable"},"yoast_head":"<!-- This site is optimized with the Yoast SEO plugin v26.3 - https:\/\/yoast.com\/wordpress\/plugins\/seo\/ -->\n<title>4-FMA-Pellets-100MG online kopen - 4-FMA-Pellets-100MG te koop<\/title>\n<meta name=\"description\" content=\"Mis geen enkele kans om 4-FMA-Pellets-100MG online kopen bij onze Rckopen. We hebben uitsluitend te maken met 4-FMA-Pellets-100MG die tegen goedkope tarieven te koop zijn. Wij zijn hier om u te helpen. Bestel nu!\" \/>\n<meta name=\"robots\" content=\"index, follow, max-snippet:-1, max-image-preview:large, max-video-preview:-1\" \/>\n<link rel=\"canonical\" href=\"https:\/\/rckopen.com\/fr\/produit\/4-pastilles-de-fma-100mg\/\" \/>\n<meta property=\"og:locale\" content=\"fr_FR\" \/>\n<meta property=\"og:type\" content=\"article\" \/>\n<meta property=\"og:title\" content=\"4-FMA-Pellets-100MG online kopen - 4-FMA-Pellets-100MG te koop\" \/>\n<meta property=\"og:description\" content=\"Mis geen enkele kans om 4-FMA-Pellets-100MG online kopen bij onze Rckopen. We hebben uitsluitend te maken met 4-FMA-Pellets-100MG die tegen goedkope tarieven te koop zijn. Wij zijn hier om u te helpen. Bestel nu!\" \/>\n<meta property=\"og:url\" content=\"https:\/\/rckopen.com\/fr\/produit\/4-pastilles-de-fma-100mg\/\" \/>\n<meta property=\"og:site_name\" content=\"RC Kopen\" \/>\n<meta property=\"article:modified_time\" content=\"2025-09-16T09:03:26+00:00\" \/>\n<meta property=\"og:image\" content=\"https:\/\/rckopen.com\/wp-content\/uploads\/2023\/08\/4-FMA-pellets-100mg.jpg\" \/>\n\t<meta property=\"og:image:width\" content=\"600\" \/>\n\t<meta property=\"og:image:height\" content=\"600\" \/>\n\t<meta property=\"og:image:type\" content=\"image\/jpeg\" \/>\n<meta name=\"twitter:card\" content=\"summary_large_image\" \/>\n<meta name=\"twitter:label1\" content=\"Dur\u00e9e de lecture estim\u00e9e\" \/>\n\t<meta name=\"twitter:data1\" content=\"2 minutes\" \/>\n<script type=\"application\/ld+json\" class=\"yoast-schema-graph\">{\"@context\":\"https:\/\/schema.org\",\"@graph\":[{\"@type\":\"WebPage\",\"@id\":\"https:\/\/rckopen.com\/product\/4-fma-pellets-100mg\/\",\"url\":\"https:\/\/rckopen.com\/product\/4-fma-pellets-100mg\/\",\"name\":\"4-FMA-Pellets-100MG online kopen - 4-FMA-Pellets-100MG te koop\",\"isPartOf\":{\"@id\":\"https:\/\/rckopen.com\/#website\"},\"primaryImageOfPage\":{\"@id\":\"https:\/\/rckopen.com\/product\/4-fma-pellets-100mg\/#primaryimage\"},\"image\":{\"@id\":\"https:\/\/rckopen.com\/product\/4-fma-pellets-100mg\/#primaryimage\"},\"thumbnailUrl\":\"https:\/\/rckopen.com\/wp-content\/uploads\/2023\/08\/4-FMA-pellets-100mg.jpg\",\"datePublished\":\"2023-08-16T10:40:48+00:00\",\"dateModified\":\"2025-09-16T09:03:26+00:00\",\"description\":\"Mis geen enkele kans om 4-FMA-Pellets-100MG online kopen bij onze Rckopen. We hebben uitsluitend te maken met 4-FMA-Pellets-100MG die tegen goedkope tarieven te koop zijn. Wij zijn hier om u te helpen. Bestel nu!\",\"breadcrumb\":{\"@id\":\"https:\/\/rckopen.com\/product\/4-fma-pellets-100mg\/#breadcrumb\"},\"inLanguage\":\"fr-FR\",\"potentialAction\":[{\"@type\":\"ReadAction\",\"target\":[\"https:\/\/rckopen.com\/product\/4-fma-pellets-100mg\/\"]}]},{\"@type\":\"ImageObject\",\"inLanguage\":\"fr-FR\",\"@id\":\"https:\/\/rckopen.com\/product\/4-fma-pellets-100mg\/#primaryimage\",\"url\":\"https:\/\/rckopen.com\/wp-content\/uploads\/2023\/08\/4-FMA-pellets-100mg.jpg\",\"contentUrl\":\"https:\/\/rckopen.com\/wp-content\/uploads\/2023\/08\/4-FMA-pellets-100mg.jpg\",\"width\":600,\"height\":600,\"caption\":\"4-FMA-pellets-100mg online kopen\"},{\"@type\":\"BreadcrumbList\",\"@id\":\"https:\/\/rckopen.com\/product\/4-fma-pellets-100mg\/#breadcrumb\",\"itemListElement\":[{\"@type\":\"ListItem\",\"position\":1,\"name\":\"Home\",\"item\":\"https:\/\/rckopen.com\/\"},{\"@type\":\"ListItem\",\"position\":2,\"name\":\"Shop\",\"item\":\"https:\/\/rckopen.com\/shop\/\"},{\"@type\":\"ListItem\",\"position\":3,\"name\":\"4-FMA pellets 100mg online kopen\"}]},{\"@type\":\"WebSite\",\"@id\":\"https:\/\/rckopen.com\/#website\",\"url\":\"https:\/\/rckopen.com\/\",\"name\":\"RC Kopen\",\"description\":\"Research Chemicals\",\"potentialAction\":[{\"@type\":\"SearchAction\",\"target\":{\"@type\":\"EntryPoint\",\"urlTemplate\":\"https:\/\/rckopen.com\/?s={search_term_string}\"},\"query-input\":{\"@type\":\"PropertyValueSpecification\",\"valueRequired\":true,\"valueName\":\"search_term_string\"}}],\"inLanguage\":\"fr-FR\"}]}<\/script>\n<!-- \/ Yoast SEO plugin. -->","yoast_head_json":{"title":"4-FMA-Pellets-100MG online kopen - 4-FMA-Pellets-100MG te koop","description":"Mis geen enkele kans om 4-FMA-Pellets-100MG online kopen bij onze Rckopen. We hebben uitsluitend te maken met 4-FMA-Pellets-100MG die tegen goedkope tarieven te koop zijn. Wij zijn hier om u te helpen. Bestel nu!","robots":{"index":"index","follow":"follow","max-snippet":"max-snippet:-1","max-image-preview":"max-image-preview:large","max-video-preview":"max-video-preview:-1"},"canonical":"https:\/\/rckopen.com\/fr\/produit\/4-pastilles-de-fma-100mg\/","og_locale":"fr_FR","og_type":"article","og_title":"4-FMA-Pellets-100MG online kopen - 4-FMA-Pellets-100MG te koop","og_description":"Mis geen enkele kans om 4-FMA-Pellets-100MG online kopen bij onze Rckopen. We hebben uitsluitend te maken met 4-FMA-Pellets-100MG die tegen goedkope tarieven te koop zijn. Wij zijn hier om u te helpen. Bestel nu!","og_url":"https:\/\/rckopen.com\/fr\/produit\/4-pastilles-de-fma-100mg\/","og_site_name":"RC Kopen","article_modified_time":"2025-09-16T09:03:26+00:00","og_image":[{"width":600,"height":600,"url":"https:\/\/rckopen.com\/wp-content\/uploads\/2023\/08\/4-FMA-pellets-100mg.jpg","type":"image\/jpeg"}],"twitter_card":"summary_large_image","twitter_misc":{"Dur\u00e9e de lecture estim\u00e9e":"2 minutes"},"schema":{"@context":"https:\/\/schema.org","@graph":[{"@type":"WebPage","@id":"https:\/\/rckopen.com\/product\/4-fma-pellets-100mg\/","url":"https:\/\/rckopen.com\/product\/4-fma-pellets-100mg\/","name":"4-FMA-Pellets-100MG online kopen - 4-FMA-Pellets-100MG te koop","isPartOf":{"@id":"https:\/\/rckopen.com\/#website"},"primaryImageOfPage":{"@id":"https:\/\/rckopen.com\/product\/4-fma-pellets-100mg\/#primaryimage"},"image":{"@id":"https:\/\/rckopen.com\/product\/4-fma-pellets-100mg\/#primaryimage"},"thumbnailUrl":"https:\/\/rckopen.com\/wp-content\/uploads\/2023\/08\/4-FMA-pellets-100mg.jpg","datePublished":"2023-08-16T10:40:48+00:00","dateModified":"2025-09-16T09:03:26+00:00","description":"Mis geen enkele kans om 4-FMA-Pellets-100MG online kopen bij onze Rckopen. We hebben uitsluitend te maken met 4-FMA-Pellets-100MG die tegen goedkope tarieven te koop zijn. Wij zijn hier om u te helpen. Bestel nu!","breadcrumb":{"@id":"https:\/\/rckopen.com\/product\/4-fma-pellets-100mg\/#breadcrumb"},"inLanguage":"fr-FR","potentialAction":[{"@type":"ReadAction","target":["https:\/\/rckopen.com\/product\/4-fma-pellets-100mg\/"]}]},{"@type":"ImageObject","inLanguage":"fr-FR","@id":"https:\/\/rckopen.com\/product\/4-fma-pellets-100mg\/#primaryimage","url":"https:\/\/rckopen.com\/wp-content\/uploads\/2023\/08\/4-FMA-pellets-100mg.jpg","contentUrl":"https:\/\/rckopen.com\/wp-content\/uploads\/2023\/08\/4-FMA-pellets-100mg.jpg","width":600,"height":600,"caption":"4-FMA-pellets-100mg online kopen"},{"@type":"BreadcrumbList","@id":"https:\/\/rckopen.com\/product\/4-fma-pellets-100mg\/#breadcrumb","itemListElement":[{"@type":"ListItem","position":1,"name":"Home","item":"https:\/\/rckopen.com\/"},{"@type":"ListItem","position":2,"name":"Shop","item":"https:\/\/rckopen.com\/shop\/"},{"@type":"ListItem","position":3,"name":"4-FMA pellets 100mg online kopen"}]},{"@type":"WebSite","@id":"https:\/\/rckopen.com\/#website","url":"https:\/\/rckopen.com\/","name":"RC Kopen","description":"Research Chemicals","potentialAction":[{"@type":"SearchAction","target":{"@type":"EntryPoint","urlTemplate":"https:\/\/rckopen.com\/?s={search_term_string}"},"query-input":{"@type":"PropertyValueSpecification","valueRequired":true,"valueName":"search_term_string"}}],"inLanguage":"fr-FR"}]}},"_links":{"self":[{"href":"https:\/\/rckopen.com\/fr\/wp-json\/wp\/v2\/product\/6613","targetHints":{"allow":["GET"]}}],"collection":[{"href":"https:\/\/rckopen.com\/fr\/wp-json\/wp\/v2\/product"}],"about":[{"href":"https:\/\/rckopen.com\/fr\/wp-json\/wp\/v2\/types\/product"}],"replies":[{"embeddable":true,"href":"https:\/\/rckopen.com\/fr\/wp-json\/wp\/v2\/comments?post=6613"}],"wp:featuredmedia":[{"embeddable":true,"href":"https:\/\/rckopen.com\/fr\/wp-json\/wp\/v2\/media\/6630"}],"wp:attachment":[{"href":"https:\/\/rckopen.com\/fr\/wp-json\/wp\/v2\/media?parent=6613"}],"wp:term":[{"taxonomy":"product_brand","embeddable":true,"href":"https:\/\/rckopen.com\/fr\/wp-json\/wp\/v2\/product_brand?post=6613"},{"taxonomy":"product_cat","embeddable":true,"href":"https:\/\/rckopen.com\/fr\/wp-json\/wp\/v2\/product_cat?post=6613"},{"taxonomy":"product_tag","embeddable":true,"href":"https:\/\/rckopen.com\/fr\/wp-json\/wp\/v2\/product_tag?post=6613"}],"curies":[{"name":"wp","href":"https:\/\/api.w.org\/{rel}","templated":true}]}}