{"id":6620,"date":"2023-08-17T05:45:44","date_gmt":"2023-08-17T05:45:44","guid":{"rendered":"https:\/\/diligentplug.com\/chems\/?post_type=product&#038;p=6620"},"modified":"2025-09-16T09:05:18","modified_gmt":"2025-09-16T09:05:18","slug":"5-mapb-pellets-50mg","status":"publish","type":"product","link":"https:\/\/rckopen.com\/fr\/produit\/5-pastilles-de-mapb-50mg\/","title":{"rendered":"Achetez des pastilles de 5-MAPB 50 mg en ligne"},"content":{"rendered":"<h2>5-MAPB-pellets 50 mg online kopen<\/h2>\n<h3>Les meilleurs d\u00e9taillants en ligne pour 5-MAPB pellets 50 mg : une vue d'ensemble<\/h3>\n<p>Dans cet article, nous discuterons des meilleurs d\u00e9taillants en ligne o\u00f9 vous pouvez acheter des granul\u00e9s 5-MAPB 50 mg. Si tu <a href=\"https:\/\/rckopen.com\/fr\/produit\/5-pastilles-de-mapb-50mg\/\">5-MAPB pastilles 50 mg<\/a> Si vous souhaitez commander sans ordonnance, ces boutiques en ligne offrent un moyen pratique de les acheter en toute s\u00e9curit\u00e9.<\/p>\n<h3>Pourquoi les d\u00e9taillants choisissent-ils d'acheter des granul\u00e9s 5-MAPB 50 mg en ligne ?<\/h3>\n<p>L\u2019achat de granul\u00e9s 5-MAPB 50 mg en ligne peut \u00eatre un moyen pratique et discret d\u2019obtenir ces produits. <a href=\"https:\/\/rckopen.com\/fr\/\">RCKOpen.com<\/a>. Les d\u00e9taillants en ligne offrent un large choix de produits et des prix comp\u00e9titifs. Vous pouvez facilement comparer diff\u00e9rentes marques et lire les avis d\u2019autres clients avant de faire un achat.<\/p>\n<h3>O\u00f9 acheter des granul\u00e9s 3-FA 50 mg en ligne ?<\/h3>\n<p>Lorsque vous recherchez le meilleur endroit pour <a href=\"https:\/\/en.wikipedia.org\/wiki\/5-MAPB\">5-MAPB<\/a>-pellets 50mg \u00e0 vendre, il est essentiel de choisir un vendeur en ligne r\u00e9put\u00e9. Rckopen.com est l'un des meilleurs magasins en ligne qui propose une vari\u00e9t\u00e9 de granul\u00e9s 5-MAPB 50 mg \u00e0 la vente. Ils fournissent des produits de haute qualit\u00e9 et garantissent une exp\u00e9rience d'achat s\u00fbre \u00e0 leurs clients.<\/p>\n<h3>Avantages de l'achat de 5-MAPB pellets 50 mg chez Rckopen.com<\/h3>\n<p>Des produits de haute qualit\u00e9 : Rckopen.com propose des pastilles de 5-MAPB 50 mg de premi\u00e8re qualit\u00e9, fabriqu\u00e9es selon les normes les plus strictes.<\/p>\n<p>Options de paiement s\u00e9curis\u00e9es : Vous pouvez acheter en toute confiance des pastilles de 5-MAPB 50 mgin UK aupr\u00e8s de Rckopen.com, car ils offrent des options de paiement s\u00e9curis\u00e9es pour prot\u00e9ger vos informations personnelles.<\/p>\n<p>Livraison rapide : Rckopen.com assure une livraison rapide de votre commande, afin que vous puissiez profiter des avantages de la commande de 5-MAPB pellets 50 mg d\u00e8s que possible.<\/p>\n<p>Garantie de satisfaction client : Si vous n'\u00eates pas satisfait de votre achat, Rckopen.com offre une garantie de satisfaction client pour s'assurer que vous \u00eates satisfait de votre commande.<\/p>\n<h3>Comment commander des pastilles de 5-MAPB 50 mg sans ordonnance ?<\/h3>\n<p>Acheter 5-MAPB pellets 50 mg sans ordonnance est facile et pratique lorsque vous achetez sur Rckopen.com. Vous pouvez naviguer sur le site, s\u00e9lectionner les produits que vous voulez et passer \u00e0 la caisse. En quelques clics seulement, vous pouvez vous faire livrer les comprim\u00e9s de 5-MAPB 50 mg chez vous en un rien de temps.<br \/>\nSi vous recherchez les meilleurs d\u00e9taillants en ligne pour acheter l\u00e9galement des granul\u00e9s 5-MAPB 50 mg, Rckopen.com est le meilleur choix. Avec leurs produits de haute qualit\u00e9, leurs options de paiement s\u00e9curis\u00e9es, leur exp\u00e9dition rapide et leur garantie de satisfaction client, vous pouvez faire confiance \u00e0 Rckopen.com pour vous offrir la meilleure exp\u00e9rience d'achat pour vos besoins en granul\u00e9s 5-MAPB 50 mg. Alors pourquoi attendre ? Achetez des granul\u00e9s 5-MAPB 50 mg en ligne d\u00e8s aujourd'hui sur Rckopen.com\u00a0!<\/p>","protected":false},"excerpt":{"rendered":"<p><strong>Nom IUPAC : <\/strong>(1-(benzofuran-5-yl)-N-m\u00e9thylpropan-2-amine)<\/p>\n<p><strong>CAS # <\/strong>1354631-77-8<\/p>\n<p><strong>Apparence : <\/strong>pastilles roses<\/p>\n<p><strong>Forme : <\/strong>granul\u00e9s<\/p>\n<p><strong>Analyse RMN : <\/strong>C12H15NO<\/p>","protected":false},"featured_media":6644,"comment_status":"open","ping_status":"closed","template":"","meta":{"_joinchat":[]},"product_brand":[],"product_cat":[144],"product_tag":[],"class_list":{"0":"post-6620","1":"product","2":"type-product","3":"status-publish","4":"has-post-thumbnail","6":"product_cat-pellets","8":"first","9":"instock","10":"shipping-taxable","11":"purchasable","12":"product-type-variable"},"yoast_head":"<!-- This site is optimized with the Yoast SEO plugin v26.3 - https:\/\/yoast.com\/wordpress\/plugins\/seo\/ -->\n<title>5-Mapb-pellets 50 mg online kopen - 5-Mapb-pellets 50 mg te koop<\/title>\n<meta name=\"description\" content=\"Als u 5-Mapb Pelltes 50 mg leuk vindt en op zoek bent naar een betrouwbare online winkel, koop dan hier. We hebben 5-Mapb Pelltes 50 mg van hoge kwaliteit te koop en u kunt 5-Mapb Pelltes 50 mg vandaag nog online kopen tegen een betaalbare prijs. Bestel nu!\" \/>\n<meta name=\"robots\" content=\"index, follow, max-snippet:-1, max-image-preview:large, max-video-preview:-1\" \/>\n<link rel=\"canonical\" href=\"https:\/\/rckopen.com\/fr\/produit\/5-pastilles-de-mapb-50mg\/\" \/>\n<meta property=\"og:locale\" content=\"fr_FR\" \/>\n<meta property=\"og:type\" content=\"article\" \/>\n<meta property=\"og:title\" content=\"5-Mapb-pellets 50 mg online kopen - 5-Mapb-pellets 50 mg te koop\" \/>\n<meta property=\"og:description\" content=\"Als u 5-Mapb Pelltes 50 mg leuk vindt en op zoek bent naar een betrouwbare online winkel, koop dan hier. We hebben 5-Mapb Pelltes 50 mg van hoge kwaliteit te koop en u kunt 5-Mapb Pelltes 50 mg vandaag nog online kopen tegen een betaalbare prijs. Bestel nu!\" \/>\n<meta property=\"og:url\" content=\"https:\/\/rckopen.com\/fr\/produit\/5-pastilles-de-mapb-50mg\/\" \/>\n<meta property=\"og:site_name\" content=\"RC Kopen\" \/>\n<meta property=\"article:modified_time\" content=\"2025-09-16T09:05:18+00:00\" \/>\n<meta property=\"og:image\" content=\"https:\/\/rckopen.com\/wp-content\/uploads\/2023\/08\/5-MAPB-pellets-50mg.jpg\" \/>\n\t<meta property=\"og:image:width\" content=\"600\" \/>\n\t<meta property=\"og:image:height\" content=\"600\" \/>\n\t<meta property=\"og:image:type\" content=\"image\/jpeg\" \/>\n<meta name=\"twitter:card\" content=\"summary_large_image\" \/>\n<meta name=\"twitter:label1\" content=\"Dur\u00e9e de lecture estim\u00e9e\" \/>\n\t<meta name=\"twitter:data1\" content=\"2 minutes\" \/>\n<script type=\"application\/ld+json\" class=\"yoast-schema-graph\">{\"@context\":\"https:\/\/schema.org\",\"@graph\":[{\"@type\":\"WebPage\",\"@id\":\"https:\/\/rckopen.com\/product\/5-mapb-pellets-50mg\/\",\"url\":\"https:\/\/rckopen.com\/product\/5-mapb-pellets-50mg\/\",\"name\":\"5-Mapb-pellets 50 mg online kopen - 5-Mapb-pellets 50 mg te koop\",\"isPartOf\":{\"@id\":\"https:\/\/rckopen.com\/#website\"},\"primaryImageOfPage\":{\"@id\":\"https:\/\/rckopen.com\/product\/5-mapb-pellets-50mg\/#primaryimage\"},\"image\":{\"@id\":\"https:\/\/rckopen.com\/product\/5-mapb-pellets-50mg\/#primaryimage\"},\"thumbnailUrl\":\"https:\/\/rckopen.com\/wp-content\/uploads\/2023\/08\/5-MAPB-pellets-50mg.jpg\",\"datePublished\":\"2023-08-17T05:45:44+00:00\",\"dateModified\":\"2025-09-16T09:05:18+00:00\",\"description\":\"Als u 5-Mapb Pelltes 50 mg leuk vindt en op zoek bent naar een betrouwbare online winkel, koop dan hier. We hebben 5-Mapb Pelltes 50 mg van hoge kwaliteit te koop en u kunt 5-Mapb Pelltes 50 mg vandaag nog online kopen tegen een betaalbare prijs. Bestel nu!\",\"breadcrumb\":{\"@id\":\"https:\/\/rckopen.com\/product\/5-mapb-pellets-50mg\/#breadcrumb\"},\"inLanguage\":\"fr-FR\",\"potentialAction\":[{\"@type\":\"ReadAction\",\"target\":[\"https:\/\/rckopen.com\/product\/5-mapb-pellets-50mg\/\"]}]},{\"@type\":\"ImageObject\",\"inLanguage\":\"fr-FR\",\"@id\":\"https:\/\/rckopen.com\/product\/5-mapb-pellets-50mg\/#primaryimage\",\"url\":\"https:\/\/rckopen.com\/wp-content\/uploads\/2023\/08\/5-MAPB-pellets-50mg.jpg\",\"contentUrl\":\"https:\/\/rckopen.com\/wp-content\/uploads\/2023\/08\/5-MAPB-pellets-50mg.jpg\",\"width\":600,\"height\":600,\"caption\":\"5-MAPB-pellets-50mg online kopen\"},{\"@type\":\"BreadcrumbList\",\"@id\":\"https:\/\/rckopen.com\/product\/5-mapb-pellets-50mg\/#breadcrumb\",\"itemListElement\":[{\"@type\":\"ListItem\",\"position\":1,\"name\":\"Home\",\"item\":\"https:\/\/rckopen.com\/\"},{\"@type\":\"ListItem\",\"position\":2,\"name\":\"Shop\",\"item\":\"https:\/\/rckopen.com\/shop\/\"},{\"@type\":\"ListItem\",\"position\":3,\"name\":\"5-MAPB pellets 50mg online kopen\"}]},{\"@type\":\"WebSite\",\"@id\":\"https:\/\/rckopen.com\/#website\",\"url\":\"https:\/\/rckopen.com\/\",\"name\":\"RC Kopen\",\"description\":\"Research Chemicals\",\"potentialAction\":[{\"@type\":\"SearchAction\",\"target\":{\"@type\":\"EntryPoint\",\"urlTemplate\":\"https:\/\/rckopen.com\/?s={search_term_string}\"},\"query-input\":{\"@type\":\"PropertyValueSpecification\",\"valueRequired\":true,\"valueName\":\"search_term_string\"}}],\"inLanguage\":\"fr-FR\"}]}<\/script>\n<!-- \/ Yoast SEO plugin. -->","yoast_head_json":{"title":"5-Mapb-pellets 50 mg online kopen - 5-Mapb-pellets 50 mg te koop","description":"Als u 5-Mapb Pelltes 50 mg leuk vindt en op zoek bent naar een betrouwbare online winkel, koop dan hier. We hebben 5-Mapb Pelltes 50 mg van hoge kwaliteit te koop en u kunt 5-Mapb Pelltes 50 mg vandaag nog online kopen tegen een betaalbare prijs. Bestel nu!","robots":{"index":"index","follow":"follow","max-snippet":"max-snippet:-1","max-image-preview":"max-image-preview:large","max-video-preview":"max-video-preview:-1"},"canonical":"https:\/\/rckopen.com\/fr\/produit\/5-pastilles-de-mapb-50mg\/","og_locale":"fr_FR","og_type":"article","og_title":"5-Mapb-pellets 50 mg online kopen - 5-Mapb-pellets 50 mg te koop","og_description":"Als u 5-Mapb Pelltes 50 mg leuk vindt en op zoek bent naar een betrouwbare online winkel, koop dan hier. We hebben 5-Mapb Pelltes 50 mg van hoge kwaliteit te koop en u kunt 5-Mapb Pelltes 50 mg vandaag nog online kopen tegen een betaalbare prijs. Bestel nu!","og_url":"https:\/\/rckopen.com\/fr\/produit\/5-pastilles-de-mapb-50mg\/","og_site_name":"RC Kopen","article_modified_time":"2025-09-16T09:05:18+00:00","og_image":[{"width":600,"height":600,"url":"https:\/\/rckopen.com\/wp-content\/uploads\/2023\/08\/5-MAPB-pellets-50mg.jpg","type":"image\/jpeg"}],"twitter_card":"summary_large_image","twitter_misc":{"Dur\u00e9e de lecture estim\u00e9e":"2 minutes"},"schema":{"@context":"https:\/\/schema.org","@graph":[{"@type":"WebPage","@id":"https:\/\/rckopen.com\/product\/5-mapb-pellets-50mg\/","url":"https:\/\/rckopen.com\/product\/5-mapb-pellets-50mg\/","name":"5-Mapb-pellets 50 mg online kopen - 5-Mapb-pellets 50 mg te koop","isPartOf":{"@id":"https:\/\/rckopen.com\/#website"},"primaryImageOfPage":{"@id":"https:\/\/rckopen.com\/product\/5-mapb-pellets-50mg\/#primaryimage"},"image":{"@id":"https:\/\/rckopen.com\/product\/5-mapb-pellets-50mg\/#primaryimage"},"thumbnailUrl":"https:\/\/rckopen.com\/wp-content\/uploads\/2023\/08\/5-MAPB-pellets-50mg.jpg","datePublished":"2023-08-17T05:45:44+00:00","dateModified":"2025-09-16T09:05:18+00:00","description":"Als u 5-Mapb Pelltes 50 mg leuk vindt en op zoek bent naar een betrouwbare online winkel, koop dan hier. We hebben 5-Mapb Pelltes 50 mg van hoge kwaliteit te koop en u kunt 5-Mapb Pelltes 50 mg vandaag nog online kopen tegen een betaalbare prijs. Bestel nu!","breadcrumb":{"@id":"https:\/\/rckopen.com\/product\/5-mapb-pellets-50mg\/#breadcrumb"},"inLanguage":"fr-FR","potentialAction":[{"@type":"ReadAction","target":["https:\/\/rckopen.com\/product\/5-mapb-pellets-50mg\/"]}]},{"@type":"ImageObject","inLanguage":"fr-FR","@id":"https:\/\/rckopen.com\/product\/5-mapb-pellets-50mg\/#primaryimage","url":"https:\/\/rckopen.com\/wp-content\/uploads\/2023\/08\/5-MAPB-pellets-50mg.jpg","contentUrl":"https:\/\/rckopen.com\/wp-content\/uploads\/2023\/08\/5-MAPB-pellets-50mg.jpg","width":600,"height":600,"caption":"5-MAPB-pellets-50mg online kopen"},{"@type":"BreadcrumbList","@id":"https:\/\/rckopen.com\/product\/5-mapb-pellets-50mg\/#breadcrumb","itemListElement":[{"@type":"ListItem","position":1,"name":"Home","item":"https:\/\/rckopen.com\/"},{"@type":"ListItem","position":2,"name":"Shop","item":"https:\/\/rckopen.com\/shop\/"},{"@type":"ListItem","position":3,"name":"5-MAPB pellets 50mg online kopen"}]},{"@type":"WebSite","@id":"https:\/\/rckopen.com\/#website","url":"https:\/\/rckopen.com\/","name":"RC Kopen","description":"Research Chemicals","potentialAction":[{"@type":"SearchAction","target":{"@type":"EntryPoint","urlTemplate":"https:\/\/rckopen.com\/?s={search_term_string}"},"query-input":{"@type":"PropertyValueSpecification","valueRequired":true,"valueName":"search_term_string"}}],"inLanguage":"fr-FR"}]}},"_links":{"self":[{"href":"https:\/\/rckopen.com\/fr\/wp-json\/wp\/v2\/product\/6620","targetHints":{"allow":["GET"]}}],"collection":[{"href":"https:\/\/rckopen.com\/fr\/wp-json\/wp\/v2\/product"}],"about":[{"href":"https:\/\/rckopen.com\/fr\/wp-json\/wp\/v2\/types\/product"}],"replies":[{"embeddable":true,"href":"https:\/\/rckopen.com\/fr\/wp-json\/wp\/v2\/comments?post=6620"}],"wp:featuredmedia":[{"embeddable":true,"href":"https:\/\/rckopen.com\/fr\/wp-json\/wp\/v2\/media\/6644"}],"wp:attachment":[{"href":"https:\/\/rckopen.com\/fr\/wp-json\/wp\/v2\/media?parent=6620"}],"wp:term":[{"taxonomy":"product_brand","embeddable":true,"href":"https:\/\/rckopen.com\/fr\/wp-json\/wp\/v2\/product_brand?post=6620"},{"taxonomy":"product_cat","embeddable":true,"href":"https:\/\/rckopen.com\/fr\/wp-json\/wp\/v2\/product_cat?post=6620"},{"taxonomy":"product_tag","embeddable":true,"href":"https:\/\/rckopen.com\/fr\/wp-json\/wp\/v2\/product_tag?post=6620"}],"curies":[{"name":"wp","href":"https:\/\/api.w.org\/{rel}","templated":true}]}}