{"id":6623,"date":"2023-08-17T05:43:31","date_gmt":"2023-08-17T05:43:31","guid":{"rendered":"https:\/\/diligentplug.com\/chems\/?post_type=product&#038;p=6623"},"modified":"2025-09-16T09:10:41","modified_gmt":"2025-09-16T09:10:41","slug":"pink-star-pellet-5-mapb-70mg-2-fma-20mg-5-meo-mipt-2mg","status":"publish","type":"product","link":"https:\/\/rckopen.com\/fr\/produit\/pink-star-pellet-5-mapb-70mg-2-fma-20mg-5-meo-mipt-2mg\/","title":{"rendered":"Acheter en ligne Pink Star Pellet 5-MAPB 70 mg \/ 2-FMA 20 mg \/ 5-MEO-MIPT 2 mg"},"content":{"rendered":"<h2>Pink Star pellet 5-MAPB 70 mg \/ 2-FMA 20 mg \/ 5-MEO-MIPT 2 mg acheter en ligne<br \/>\nChoisir votre Pink Star pellet 5-MAPB 70 mg \/ 2-FMA 20 mg \/ 5-MEO-MIPT buy online 2 mg<\/h2>\n<p>Vous souhaitez acheter Pink Star Pellet 5-MAPB 70 mg \/ 2-FMA 20 mg \/ 5-MEO-MIPT 2 mg en ligne ? Vous vous demandez o\u00f9 acheter Pink Star Pellet 5-MAPB 70 mg \/ 2-FMA 20 mg \/ 5-MEO-MIPT 2 mg sans ordonnance ? Ne cherchez pas plus loin que rckopen.com.<\/p>\n<p>Lorsqu'il s'agit d'acheter Pink Star Pellet 5-MAPB 70 mg \/ 2-FMA 20 mg \/ 5-MEO-MIPT 2 mg, vous voulez vous assurer que vous achetez aupr\u00e8s d'une source fiable. rckopen.com s'efforce de fournir des m\u00e9dicaments de haute qualit\u00e9 \u00e0 des prix abordables. Gr\u00e2ce \u00e0 une interface conviviale et \u00e0 un excellent service client\u00e8le, vous pouvez acheter en toute confiance.<\/p>\n<h3>Pourquoi choisir rckopen.com ?<\/h3>\n<p>Lorsqu'il s'agit de commander Pink Star Pellet 5-MAPB 70 mg \/ 2-FMA 20 mg \/ 5-MEO-MIPT 2 mg, la confiance est essentielle. Chez rckopen.com, nous accordons la priorit\u00e9 \u00e0 la qualit\u00e9, \u00e0 la s\u00e9curit\u00e9 et \u00e0 la satisfaction du client. Voici quelques raisons pour lesquelles vous devriez choisir rckopen.com pour votre prochaine commande :<\/p>\n<h3>Large gamme<\/h3>\n<p>Chez rckopen.com, nous proposons une s\u00e9lection vari\u00e9e de produits chimiques pour la recherche, notamment Pink Star Pellet 5-MAPB 70 mg \/ 2-FMA 20 mg \/ 5-MEO-MIPT 2 mg \u00e0 vendre. Que vous soyez chercheur ou amateur, vous trouverez les produits dont vous avez besoin sur notre plateforme.<\/p>\n<h3>Assurance de qualit\u00e9<\/h3>\n<p>Nous comprenons l'importance de la qualit\u00e9 lorsqu'il s'agit de produits chimiques destin\u00e9s \u00e0 la recherche. C'est pourquoi tous nos produits, qui commandent l\u00e9galement Pink Star Pellet 5-MAPB 70 mg \/ 2-FMA 20 mg \/ 5-MEO-MIPT 2 mg, sont soumis \u00e0 des tests rigoureux afin de garantir leur puret\u00e9 et leur puissance.<\/p>\n<h3>Exp\u00e9dition s\u00fbre et discr\u00e8te<\/h3>\n<p>Lorsque vous commandez Pink Star Pellet 5-MAPB 70 mg \/ 2-FMA 20 mg \/ 5-MEO-MIPT 2 mg chez rckopen.com, vous pouvez \u00eatre assur\u00e9 que votre colis sera exp\u00e9di\u00e9 en toute s\u00e9curit\u00e9 et en toute discr\u00e9tion. Nous accordons une grande importance \u00e0 la confidentialit\u00e9 de nos clients et prenons toutes les pr\u00e9cautions n\u00e9cessaires pour garantir un processus de livraison sans faille.<\/p>\n<h3>Comment acheter Pink Star Pellet 5-MAPB 70 mg \/ 2-FMA 20 mg \/ 5-MEO-MIPT 2 mg en ligne<\/h3>\n<p>Acheter Pink Star Pellet 5-MAPB 70 mg \/ 2-FMA 20 mg \/ 5-MEO-MIPT 2 mg en ligne sur rckopen.com est simple et sans tracas. Voici comment passer votre commande :<\/p>\n<h2>Visitez notre site web \u00e0 l'adresse rckopen.com.<\/h2>\n<p>Parcourez notre s\u00e9lection de produits chimiques de recherche et trouvez Pink Star Pellet 5-MAPB 70 mg \/ 2-FMA 20 mg \/ 5-MEO-MIPT 2 mg \u00e0 vendre.<br \/>\nAjoutez le nombre souhait\u00e9 \u00e0 votre panier.<br \/>\nPassez \u00e0 la caisse et saisissez vos coordonn\u00e9es de livraison.<br \/>\nChoisissez le mode de paiement souhait\u00e9 et terminez votre achat.<br \/>\nC'est aussi simple que cela ! Une fois votre commande confirm\u00e9e, nous nous occupons du reste et assurons une livraison sans faille \u00e0 votre domicile.<br \/>\nDerni\u00e8res r\u00e9flexions<\/p>\n<p>Si vous avez besoin de Pink Star Pellet 5-MAPB 70 mg \/ 2-FMA 20 mg \/ 5-MEO-MIPT 2 mg, ne cherchez pas plus loin que rckopen.com. Avec un engagement pour la qualit\u00e9, la s\u00e9curit\u00e9 et la satisfaction du client, nous sommes votre source de confiance pour les produits chimiques de recherche. Passez votre commande aujourd'hui et d\u00e9couvrez la diff\u00e9rence de rckopen.com par vous-m\u00eame !<\/p>\n<p>Quand il s'agit d'acheter Pink Star Pellet 5-MAPB 70 mg \/ 2-FMA 20 mg \/ 5-MEO-MIPT 2 mg, rckopen.com est le magasin auquel vous pouvez faire confiance.<\/p>","protected":false},"excerpt":{"rendered":"<p><strong>Apparence : <\/strong>Pastille rose<\/p>\n<p><strong>Analyse RMN : <\/strong>N\/A<\/p>","protected":false},"featured_media":6643,"comment_status":"open","ping_status":"closed","template":"","meta":{"_joinchat":[]},"product_brand":[],"product_cat":[144],"product_tag":[],"class_list":{"0":"post-6623","1":"product","2":"type-product","3":"status-publish","4":"has-post-thumbnail","6":"product_cat-pellets","8":"first","9":"instock","10":"shipping-taxable","11":"purchasable","12":"product-type-variable"},"yoast_head":"<!-- This site is optimized with the Yoast SEO plugin v26.3 - https:\/\/yoast.com\/wordpress\/plugins\/seo\/ -->\n<title>Pink Star Pellet 5 MAPB 70mg 2Fma 20mg 5Meo MIPT 2mg online<\/title>\n<meta name=\"description\" content=\"Als je van Pink Star Pellet 5 MAPB 70mg 2Fma 20mg 5 Meo MIPT 2mg houdt en op zoek bent naar een betrouwbare RC-koop online winkel, koop dan hier. We hebben Pink Star Pellet 5 MAPB 70 mg 2Fma 20 mg 5 Meo MIPT 2 mg van hoge kwaliteit te koop. Bestel nu!\" \/>\n<meta name=\"robots\" content=\"index, follow, max-snippet:-1, max-image-preview:large, max-video-preview:-1\" \/>\n<link rel=\"canonical\" href=\"https:\/\/rckopen.com\/fr\/produit\/pink-star-pellet-5-mapb-70mg-2-fma-20mg-5-meo-mipt-2mg\/\" \/>\n<meta property=\"og:locale\" content=\"fr_FR\" \/>\n<meta property=\"og:type\" content=\"article\" \/>\n<meta property=\"og:title\" content=\"Pink Star Pellet 5 MAPB 70mg 2Fma 20mg 5Meo MIPT 2mg online\" \/>\n<meta property=\"og:description\" content=\"Als je van Pink Star Pellet 5 MAPB 70mg 2Fma 20mg 5 Meo MIPT 2mg houdt en op zoek bent naar een betrouwbare RC-koop online winkel, koop dan hier. We hebben Pink Star Pellet 5 MAPB 70 mg 2Fma 20 mg 5 Meo MIPT 2 mg van hoge kwaliteit te koop. Bestel nu!\" \/>\n<meta property=\"og:url\" content=\"https:\/\/rckopen.com\/fr\/produit\/pink-star-pellet-5-mapb-70mg-2-fma-20mg-5-meo-mipt-2mg\/\" \/>\n<meta property=\"og:site_name\" content=\"RC Kopen\" \/>\n<meta property=\"article:modified_time\" content=\"2025-09-16T09:10:41+00:00\" \/>\n<meta property=\"og:image\" content=\"https:\/\/rckopen.com\/wp-content\/uploads\/2023\/08\/Pink-Star-Pellet-5-MAPB-70mg.jpg\" \/>\n\t<meta property=\"og:image:width\" content=\"600\" \/>\n\t<meta property=\"og:image:height\" content=\"600\" \/>\n\t<meta property=\"og:image:type\" content=\"image\/jpeg\" \/>\n<meta name=\"twitter:card\" content=\"summary_large_image\" \/>\n<meta name=\"twitter:label1\" content=\"Dur\u00e9e de lecture estim\u00e9e\" \/>\n\t<meta name=\"twitter:data1\" content=\"3 minutes\" \/>\n<script type=\"application\/ld+json\" class=\"yoast-schema-graph\">{\"@context\":\"https:\/\/schema.org\",\"@graph\":[{\"@type\":\"WebPage\",\"@id\":\"https:\/\/rckopen.com\/product\/pink-star-pellet-5-mapb-70mg-2-fma-20mg-5-meo-mipt-2mg\/\",\"url\":\"https:\/\/rckopen.com\/product\/pink-star-pellet-5-mapb-70mg-2-fma-20mg-5-meo-mipt-2mg\/\",\"name\":\"Pink Star Pellet 5 MAPB 70mg 2Fma 20mg 5Meo MIPT 2mg online\",\"isPartOf\":{\"@id\":\"https:\/\/rckopen.com\/#website\"},\"primaryImageOfPage\":{\"@id\":\"https:\/\/rckopen.com\/product\/pink-star-pellet-5-mapb-70mg-2-fma-20mg-5-meo-mipt-2mg\/#primaryimage\"},\"image\":{\"@id\":\"https:\/\/rckopen.com\/product\/pink-star-pellet-5-mapb-70mg-2-fma-20mg-5-meo-mipt-2mg\/#primaryimage\"},\"thumbnailUrl\":\"https:\/\/rckopen.com\/wp-content\/uploads\/2023\/08\/Pink-Star-Pellet-5-MAPB-70mg.jpg\",\"datePublished\":\"2023-08-17T05:43:31+00:00\",\"dateModified\":\"2025-09-16T09:10:41+00:00\",\"description\":\"Als je van Pink Star Pellet 5 MAPB 70mg 2Fma 20mg 5 Meo MIPT 2mg houdt en op zoek bent naar een betrouwbare RC-koop online winkel, koop dan hier. We hebben Pink Star Pellet 5 MAPB 70 mg 2Fma 20 mg 5 Meo MIPT 2 mg van hoge kwaliteit te koop. Bestel nu!\",\"breadcrumb\":{\"@id\":\"https:\/\/rckopen.com\/product\/pink-star-pellet-5-mapb-70mg-2-fma-20mg-5-meo-mipt-2mg\/#breadcrumb\"},\"inLanguage\":\"fr-FR\",\"potentialAction\":[{\"@type\":\"ReadAction\",\"target\":[\"https:\/\/rckopen.com\/product\/pink-star-pellet-5-mapb-70mg-2-fma-20mg-5-meo-mipt-2mg\/\"]}]},{\"@type\":\"ImageObject\",\"inLanguage\":\"fr-FR\",\"@id\":\"https:\/\/rckopen.com\/product\/pink-star-pellet-5-mapb-70mg-2-fma-20mg-5-meo-mipt-2mg\/#primaryimage\",\"url\":\"https:\/\/rckopen.com\/wp-content\/uploads\/2023\/08\/Pink-Star-Pellet-5-MAPB-70mg.jpg\",\"contentUrl\":\"https:\/\/rckopen.com\/wp-content\/uploads\/2023\/08\/Pink-Star-Pellet-5-MAPB-70mg.jpg\",\"width\":600,\"height\":600,\"caption\":\"Pink-Star-Pellet-5-MAPB-70mg online kopen\"},{\"@type\":\"BreadcrumbList\",\"@id\":\"https:\/\/rckopen.com\/product\/pink-star-pellet-5-mapb-70mg-2-fma-20mg-5-meo-mipt-2mg\/#breadcrumb\",\"itemListElement\":[{\"@type\":\"ListItem\",\"position\":1,\"name\":\"Home\",\"item\":\"https:\/\/rckopen.com\/\"},{\"@type\":\"ListItem\",\"position\":2,\"name\":\"Shop\",\"item\":\"https:\/\/rckopen.com\/shop\/\"},{\"@type\":\"ListItem\",\"position\":3,\"name\":\"Pink Star Pellet 5-MAPB 70mg \/ 2-FMA 20mg \/ 5-MEO-MIPT 2mg online kopen\"}]},{\"@type\":\"WebSite\",\"@id\":\"https:\/\/rckopen.com\/#website\",\"url\":\"https:\/\/rckopen.com\/\",\"name\":\"RC Kopen\",\"description\":\"Research Chemicals\",\"potentialAction\":[{\"@type\":\"SearchAction\",\"target\":{\"@type\":\"EntryPoint\",\"urlTemplate\":\"https:\/\/rckopen.com\/?s={search_term_string}\"},\"query-input\":{\"@type\":\"PropertyValueSpecification\",\"valueRequired\":true,\"valueName\":\"search_term_string\"}}],\"inLanguage\":\"fr-FR\"}]}<\/script>\n<!-- \/ Yoast SEO plugin. -->","yoast_head_json":{"title":"Pink Star Pellet 5 MAPB 70mg 2Fma 20mg 5Meo MIPT 2mg online","description":"Als je van Pink Star Pellet 5 MAPB 70mg 2Fma 20mg 5 Meo MIPT 2mg houdt en op zoek bent naar een betrouwbare RC-koop online winkel, koop dan hier. We hebben Pink Star Pellet 5 MAPB 70 mg 2Fma 20 mg 5 Meo MIPT 2 mg van hoge kwaliteit te koop. Bestel nu!","robots":{"index":"index","follow":"follow","max-snippet":"max-snippet:-1","max-image-preview":"max-image-preview:large","max-video-preview":"max-video-preview:-1"},"canonical":"https:\/\/rckopen.com\/fr\/produit\/pink-star-pellet-5-mapb-70mg-2-fma-20mg-5-meo-mipt-2mg\/","og_locale":"fr_FR","og_type":"article","og_title":"Pink Star Pellet 5 MAPB 70mg 2Fma 20mg 5Meo MIPT 2mg online","og_description":"Als je van Pink Star Pellet 5 MAPB 70mg 2Fma 20mg 5 Meo MIPT 2mg houdt en op zoek bent naar een betrouwbare RC-koop online winkel, koop dan hier. We hebben Pink Star Pellet 5 MAPB 70 mg 2Fma 20 mg 5 Meo MIPT 2 mg van hoge kwaliteit te koop. Bestel nu!","og_url":"https:\/\/rckopen.com\/fr\/produit\/pink-star-pellet-5-mapb-70mg-2-fma-20mg-5-meo-mipt-2mg\/","og_site_name":"RC Kopen","article_modified_time":"2025-09-16T09:10:41+00:00","og_image":[{"width":600,"height":600,"url":"https:\/\/rckopen.com\/wp-content\/uploads\/2023\/08\/Pink-Star-Pellet-5-MAPB-70mg.jpg","type":"image\/jpeg"}],"twitter_card":"summary_large_image","twitter_misc":{"Dur\u00e9e de lecture estim\u00e9e":"3 minutes"},"schema":{"@context":"https:\/\/schema.org","@graph":[{"@type":"WebPage","@id":"https:\/\/rckopen.com\/product\/pink-star-pellet-5-mapb-70mg-2-fma-20mg-5-meo-mipt-2mg\/","url":"https:\/\/rckopen.com\/product\/pink-star-pellet-5-mapb-70mg-2-fma-20mg-5-meo-mipt-2mg\/","name":"Pink Star Pellet 5 MAPB 70mg 2Fma 20mg 5Meo MIPT 2mg online","isPartOf":{"@id":"https:\/\/rckopen.com\/#website"},"primaryImageOfPage":{"@id":"https:\/\/rckopen.com\/product\/pink-star-pellet-5-mapb-70mg-2-fma-20mg-5-meo-mipt-2mg\/#primaryimage"},"image":{"@id":"https:\/\/rckopen.com\/product\/pink-star-pellet-5-mapb-70mg-2-fma-20mg-5-meo-mipt-2mg\/#primaryimage"},"thumbnailUrl":"https:\/\/rckopen.com\/wp-content\/uploads\/2023\/08\/Pink-Star-Pellet-5-MAPB-70mg.jpg","datePublished":"2023-08-17T05:43:31+00:00","dateModified":"2025-09-16T09:10:41+00:00","description":"Als je van Pink Star Pellet 5 MAPB 70mg 2Fma 20mg 5 Meo MIPT 2mg houdt en op zoek bent naar een betrouwbare RC-koop online winkel, koop dan hier. We hebben Pink Star Pellet 5 MAPB 70 mg 2Fma 20 mg 5 Meo MIPT 2 mg van hoge kwaliteit te koop. Bestel nu!","breadcrumb":{"@id":"https:\/\/rckopen.com\/product\/pink-star-pellet-5-mapb-70mg-2-fma-20mg-5-meo-mipt-2mg\/#breadcrumb"},"inLanguage":"fr-FR","potentialAction":[{"@type":"ReadAction","target":["https:\/\/rckopen.com\/product\/pink-star-pellet-5-mapb-70mg-2-fma-20mg-5-meo-mipt-2mg\/"]}]},{"@type":"ImageObject","inLanguage":"fr-FR","@id":"https:\/\/rckopen.com\/product\/pink-star-pellet-5-mapb-70mg-2-fma-20mg-5-meo-mipt-2mg\/#primaryimage","url":"https:\/\/rckopen.com\/wp-content\/uploads\/2023\/08\/Pink-Star-Pellet-5-MAPB-70mg.jpg","contentUrl":"https:\/\/rckopen.com\/wp-content\/uploads\/2023\/08\/Pink-Star-Pellet-5-MAPB-70mg.jpg","width":600,"height":600,"caption":"Pink-Star-Pellet-5-MAPB-70mg online kopen"},{"@type":"BreadcrumbList","@id":"https:\/\/rckopen.com\/product\/pink-star-pellet-5-mapb-70mg-2-fma-20mg-5-meo-mipt-2mg\/#breadcrumb","itemListElement":[{"@type":"ListItem","position":1,"name":"Home","item":"https:\/\/rckopen.com\/"},{"@type":"ListItem","position":2,"name":"Shop","item":"https:\/\/rckopen.com\/shop\/"},{"@type":"ListItem","position":3,"name":"Pink Star Pellet 5-MAPB 70mg \/ 2-FMA 20mg \/ 5-MEO-MIPT 2mg online kopen"}]},{"@type":"WebSite","@id":"https:\/\/rckopen.com\/#website","url":"https:\/\/rckopen.com\/","name":"RC Kopen","description":"Research Chemicals","potentialAction":[{"@type":"SearchAction","target":{"@type":"EntryPoint","urlTemplate":"https:\/\/rckopen.com\/?s={search_term_string}"},"query-input":{"@type":"PropertyValueSpecification","valueRequired":true,"valueName":"search_term_string"}}],"inLanguage":"fr-FR"}]}},"_links":{"self":[{"href":"https:\/\/rckopen.com\/fr\/wp-json\/wp\/v2\/product\/6623","targetHints":{"allow":["GET"]}}],"collection":[{"href":"https:\/\/rckopen.com\/fr\/wp-json\/wp\/v2\/product"}],"about":[{"href":"https:\/\/rckopen.com\/fr\/wp-json\/wp\/v2\/types\/product"}],"replies":[{"embeddable":true,"href":"https:\/\/rckopen.com\/fr\/wp-json\/wp\/v2\/comments?post=6623"}],"wp:featuredmedia":[{"embeddable":true,"href":"https:\/\/rckopen.com\/fr\/wp-json\/wp\/v2\/media\/6643"}],"wp:attachment":[{"href":"https:\/\/rckopen.com\/fr\/wp-json\/wp\/v2\/media?parent=6623"}],"wp:term":[{"taxonomy":"product_brand","embeddable":true,"href":"https:\/\/rckopen.com\/fr\/wp-json\/wp\/v2\/product_brand?post=6623"},{"taxonomy":"product_cat","embeddable":true,"href":"https:\/\/rckopen.com\/fr\/wp-json\/wp\/v2\/product_cat?post=6623"},{"taxonomy":"product_tag","embeddable":true,"href":"https:\/\/rckopen.com\/fr\/wp-json\/wp\/v2\/product_tag?post=6623"}],"curies":[{"name":"wp","href":"https:\/\/api.w.org\/{rel}","templated":true}]}}