{"id":6624,"date":"2023-08-17T05:39:17","date_gmt":"2023-08-17T05:39:17","guid":{"rendered":"https:\/\/diligentplug.com\/chems\/?post_type=product&#038;p=6624"},"modified":"2025-09-16T09:04:46","modified_gmt":"2025-09-16T09:04:46","slug":"4f-mph-pellets-25mg","status":"publish","type":"product","link":"https:\/\/rckopen.com\/fr\/produit\/4f-mph-pellets-25mg\/","title":{"rendered":"Acheter des pastilles 4F-MPH 25 mg en ligne"},"content":{"rendered":"<h2>4F-MPH-pellets 25 mg online kopen<br \/>\nRecherche sur les avantages de la commande en ligne de pastilles de 25 mg de 4F-MPH<\/h2>\n<p>Dans le monde tr\u00e9pidant d\u2019aujourd\u2019hui, la commodit\u00e9 est essentielle. Lorsqu'il s'agit d'acheter des produits comme <a href=\"https:\/\/rckopen.com\/fr\/produit\/4f-mph-pellets-25mg\/\">4F-MPH-granul\u00e9s 25 mg,<\/a> Les fournisseurs en ligne offrent une option pratique et fiable. Mais quels sont les avantages de commander ces pellets en ligne ? Jetons un \u0153il aux avantages de l\u2019achat de granul\u00e9s 4F-MPH 25 mg aupr\u00e8s de fournisseurs en ligne. <a href=\"https:\/\/rckopen.com\/fr\/\">RCKOpen.com<\/a><\/p>\n<h3>Acheter facilement des comprim\u00e9s de 4F-MPH 25 mg<\/h3>\n<p>L'un des principaux avantages de la commande en ligne <a href=\"https:\/\/en.wikipedia.org\/wiki\/4-Fluoromethylphenidate\">4F-MPH<\/a>-les granul\u00e9s de 25 mg sont la commodit\u00e9 qu'ils offrent. En quelques clics, vous pouvez acheter les pellets dans le confort de votre maison. Vous n\u2019avez pas besoin de vous rendre dans un magasin physique ni de faire de longues files d\u2019attente. Les fournisseurs en ligne facilitent l\u2019achat de granul\u00e9s 4F-MPH 25 mg sans ordonnance.<\/p>\n<h3>Large choix de produits<\/h3>\n<p>Les fournisseurs en ligne proposent g\u00e9n\u00e9ralement un large choix de produits, y compris diff\u00e9rentes forces et quantit\u00e9s de pastilles 4F-MPH. Cette vari\u00e9t\u00e9 vous permet de choisir le produit qui r\u00e9pond le mieux \u00e0 vos besoins. Que vous souhaitiez acheter des pastilles de 4F-MPH 25 mg ou tout autre dosage, vous \u00eates au bon endroit chez les fournisseurs en ligne.<\/p>\n<h3>Commander 4F-MPH pellets 25 mg sans ordonnance<\/h3>\n<p>Un autre avantage de commander des comprim\u00e9s de 4F-MPH 25 mg en ligne est la possibilit\u00e9 de les acheter sans ordonnance. Il n'est donc pas n\u00e9cessaire de consulter un m\u00e9decin ou d'obtenir une ordonnance avant de proc\u00e9der \u00e0 l'achat. Les fournisseurs en ligne vous permettent de commander facilement les granul\u00e9s de 4F-MPH 25 mg sans aucune d\u00e9marche superflue.<\/p>\n<h3>Exp\u00e9dition discr\u00e8te et s\u00e9curis\u00e9e<\/h3>\n<p>Lorsque vous commandez 4F-MPH pellets 25mg en ligne, vous pouvez \u00eatre assur\u00e9 que votre colis sera exp\u00e9di\u00e9 discr\u00e8tement et en toute s\u00e9curit\u00e9. Les fournisseurs en ligne comprennent l'importance de la confidentialit\u00e9 et prennent des mesures pour s'assurer que votre commande arrive en toute s\u00e9curit\u00e9. Que vous achetiez 4F-MPH pellets 25mg pour votre usage personnel ou \u00e0 des fins de recherche, les fournisseurs en ligne accordent la priorit\u00e9 \u00e0 votre confidentialit\u00e9.<\/p>\n<h3>Pellets 4F-MPH 25 mg \u00e0 vendre<\/h3>\n<p>Vous cherchez les meilleures offres pour 4F-MPH pellets 25mg ? Les fournisseurs en ligne proposent souvent des soldes et des promotions qui vous permettent d'acheter ces granul\u00e9s \u00e0 des prix r\u00e9duits. Vous pouvez profiter de ces offres pour \u00e9conomiser de l'argent tout en recevant un produit de haute qualit\u00e9. L'achat de 4F-MPH 25mg en ligne est un moyen \u00e9conomique de se r\u00e9approvisionner.<\/p>\n<h3>O\u00f9 pouvez-vous acheter des granul\u00e9s 4F-MPH 25 mg en ligne ?<\/h3>\n<p>Vous vous demandez o\u00f9 acheter des granul\u00e9s 4F-MPH 25 mg ? Ne cherchez pas plus loin que des fournisseurs en ligne r\u00e9put\u00e9s tels que rckopen.com. Avec un site Web convivial et un engagement envers la satisfaction du client, rckopen.com est une source fiable pour commander des granul\u00e9s 4F-MPH 25 mg et d'autres produits chimiques de recherche. Leur processus de commande s\u00e9curis\u00e9 et leur exp\u00e9dition rapide facilitent l\u2019achat de granul\u00e9s 4F-MPH 25 mg en toute confiance.<\/p>\n<p>L'achat de granul\u00e9s 4F-MPH 25 mg en ligne au Royaume-Uni offre un certain nombre d'avantages, allant de la commodit\u00e9 et de la s\u00e9lection \u00e0 l'exp\u00e9dition discr\u00e8te et aux \u00e9conomies de co\u00fbts. Vous pouvez facilement et en toute confiance acheter des granul\u00e9s 4F-MPH 25 mg en ligne aupr\u00e8s de fournisseurs en ligne comme rckopen.com. Alors pourquoi attendre ? Commandez les granul\u00e9s 4F-MPH 25 mg aujourd'hui et d\u00e9couvrez par vous-m\u00eame les avantages des achats en ligne !<\/p>","protected":false},"excerpt":{"rendered":"<p><strong>Nom IUPAC :<\/strong><\/p>\n<p><strong>CAS # <\/strong>1354631-33-6<\/p>\n<p><strong>Autre nom : <\/strong>4-Fluorom\u00e9thylph\u00e9nidate<\/p>\n<p><strong>Apparence : <\/strong>Rose<\/p>\n<p><strong>Forme : <\/strong>Granul\u00e9s<\/p>\n<p><strong>Analyse RMN : <\/strong>C14H18FNO2<\/p>","protected":false},"featured_media":6642,"comment_status":"open","ping_status":"closed","template":"","meta":{"_joinchat":[]},"product_brand":[],"product_cat":[144],"product_tag":[],"class_list":{"0":"post-6624","1":"product","2":"type-product","3":"status-publish","4":"has-post-thumbnail","6":"product_cat-pellets","8":"first","9":"instock","10":"shipping-taxable","11":"purchasable","12":"product-type-variable"},"yoast_head":"<!-- This site is optimized with the Yoast SEO plugin v26.3 - https:\/\/yoast.com\/wordpress\/plugins\/seo\/ -->\n<title>4F-MPH-pellets 25MG online kopen - 4F-MPH-pellets 25MG te koop<\/title>\n<meta name=\"description\" content=\"Het is de beste tijd om onze online Rckopen-winkel te bezoeken en 4F-MPH-Pellets 25MG online kopen. Wij hebben hier 4F-MPH-Pellets 25MG te koop. Ontmoet ons online en plaats vandaag nog uw bestelling.\" \/>\n<meta name=\"robots\" content=\"index, follow, max-snippet:-1, max-image-preview:large, max-video-preview:-1\" \/>\n<link rel=\"canonical\" href=\"https:\/\/rckopen.com\/fr\/produit\/4f-mph-pellets-25mg\/\" \/>\n<meta property=\"og:locale\" content=\"fr_FR\" \/>\n<meta property=\"og:type\" content=\"article\" \/>\n<meta property=\"og:title\" content=\"4F-MPH-pellets 25MG online kopen - 4F-MPH-pellets 25MG te koop\" \/>\n<meta property=\"og:description\" content=\"Het is de beste tijd om onze online Rckopen-winkel te bezoeken en 4F-MPH-Pellets 25MG online kopen. Wij hebben hier 4F-MPH-Pellets 25MG te koop. Ontmoet ons online en plaats vandaag nog uw bestelling.\" \/>\n<meta property=\"og:url\" content=\"https:\/\/rckopen.com\/fr\/produit\/4f-mph-pellets-25mg\/\" \/>\n<meta property=\"og:site_name\" content=\"RC Kopen\" \/>\n<meta property=\"article:modified_time\" content=\"2025-09-16T09:04:46+00:00\" \/>\n<meta property=\"og:image\" content=\"https:\/\/rckopen.com\/wp-content\/uploads\/2023\/08\/4F-MPH-pellets-25mg.jpg\" \/>\n\t<meta property=\"og:image:width\" content=\"600\" \/>\n\t<meta property=\"og:image:height\" content=\"600\" \/>\n\t<meta property=\"og:image:type\" content=\"image\/jpeg\" \/>\n<meta name=\"twitter:card\" content=\"summary_large_image\" \/>\n<meta name=\"twitter:label1\" content=\"Dur\u00e9e de lecture estim\u00e9e\" \/>\n\t<meta name=\"twitter:data1\" content=\"3 minutes\" \/>\n<script type=\"application\/ld+json\" class=\"yoast-schema-graph\">{\"@context\":\"https:\/\/schema.org\",\"@graph\":[{\"@type\":\"WebPage\",\"@id\":\"https:\/\/rckopen.com\/product\/4f-mph-pellets-25mg\/\",\"url\":\"https:\/\/rckopen.com\/product\/4f-mph-pellets-25mg\/\",\"name\":\"4F-MPH-pellets 25MG online kopen - 4F-MPH-pellets 25MG te koop\",\"isPartOf\":{\"@id\":\"https:\/\/rckopen.com\/#website\"},\"primaryImageOfPage\":{\"@id\":\"https:\/\/rckopen.com\/product\/4f-mph-pellets-25mg\/#primaryimage\"},\"image\":{\"@id\":\"https:\/\/rckopen.com\/product\/4f-mph-pellets-25mg\/#primaryimage\"},\"thumbnailUrl\":\"https:\/\/rckopen.com\/wp-content\/uploads\/2023\/08\/4F-MPH-pellets-25mg.jpg\",\"datePublished\":\"2023-08-17T05:39:17+00:00\",\"dateModified\":\"2025-09-16T09:04:46+00:00\",\"description\":\"Het is de beste tijd om onze online Rckopen-winkel te bezoeken en 4F-MPH-Pellets 25MG online kopen. Wij hebben hier 4F-MPH-Pellets 25MG te koop. Ontmoet ons online en plaats vandaag nog uw bestelling.\",\"breadcrumb\":{\"@id\":\"https:\/\/rckopen.com\/product\/4f-mph-pellets-25mg\/#breadcrumb\"},\"inLanguage\":\"fr-FR\",\"potentialAction\":[{\"@type\":\"ReadAction\",\"target\":[\"https:\/\/rckopen.com\/product\/4f-mph-pellets-25mg\/\"]}]},{\"@type\":\"ImageObject\",\"inLanguage\":\"fr-FR\",\"@id\":\"https:\/\/rckopen.com\/product\/4f-mph-pellets-25mg\/#primaryimage\",\"url\":\"https:\/\/rckopen.com\/wp-content\/uploads\/2023\/08\/4F-MPH-pellets-25mg.jpg\",\"contentUrl\":\"https:\/\/rckopen.com\/wp-content\/uploads\/2023\/08\/4F-MPH-pellets-25mg.jpg\",\"width\":600,\"height\":600,\"caption\":\"4F-MPH-pellets-25mg online kopen\"},{\"@type\":\"BreadcrumbList\",\"@id\":\"https:\/\/rckopen.com\/product\/4f-mph-pellets-25mg\/#breadcrumb\",\"itemListElement\":[{\"@type\":\"ListItem\",\"position\":1,\"name\":\"Home\",\"item\":\"https:\/\/rckopen.com\/\"},{\"@type\":\"ListItem\",\"position\":2,\"name\":\"Shop\",\"item\":\"https:\/\/rckopen.com\/shop\/\"},{\"@type\":\"ListItem\",\"position\":3,\"name\":\"4F-MPH pellets 25mg online kopen\"}]},{\"@type\":\"WebSite\",\"@id\":\"https:\/\/rckopen.com\/#website\",\"url\":\"https:\/\/rckopen.com\/\",\"name\":\"RC Kopen\",\"description\":\"Research Chemicals\",\"potentialAction\":[{\"@type\":\"SearchAction\",\"target\":{\"@type\":\"EntryPoint\",\"urlTemplate\":\"https:\/\/rckopen.com\/?s={search_term_string}\"},\"query-input\":{\"@type\":\"PropertyValueSpecification\",\"valueRequired\":true,\"valueName\":\"search_term_string\"}}],\"inLanguage\":\"fr-FR\"}]}<\/script>\n<!-- \/ Yoast SEO plugin. -->","yoast_head_json":{"title":"4F-MPH-pellets 25MG online kopen - 4F-MPH-pellets 25MG te koop","description":"Het is de beste tijd om onze online Rckopen-winkel te bezoeken en 4F-MPH-Pellets 25MG online kopen. Wij hebben hier 4F-MPH-Pellets 25MG te koop. Ontmoet ons online en plaats vandaag nog uw bestelling.","robots":{"index":"index","follow":"follow","max-snippet":"max-snippet:-1","max-image-preview":"max-image-preview:large","max-video-preview":"max-video-preview:-1"},"canonical":"https:\/\/rckopen.com\/fr\/produit\/4f-mph-pellets-25mg\/","og_locale":"fr_FR","og_type":"article","og_title":"4F-MPH-pellets 25MG online kopen - 4F-MPH-pellets 25MG te koop","og_description":"Het is de beste tijd om onze online Rckopen-winkel te bezoeken en 4F-MPH-Pellets 25MG online kopen. Wij hebben hier 4F-MPH-Pellets 25MG te koop. Ontmoet ons online en plaats vandaag nog uw bestelling.","og_url":"https:\/\/rckopen.com\/fr\/produit\/4f-mph-pellets-25mg\/","og_site_name":"RC Kopen","article_modified_time":"2025-09-16T09:04:46+00:00","og_image":[{"width":600,"height":600,"url":"https:\/\/rckopen.com\/wp-content\/uploads\/2023\/08\/4F-MPH-pellets-25mg.jpg","type":"image\/jpeg"}],"twitter_card":"summary_large_image","twitter_misc":{"Dur\u00e9e de lecture estim\u00e9e":"3 minutes"},"schema":{"@context":"https:\/\/schema.org","@graph":[{"@type":"WebPage","@id":"https:\/\/rckopen.com\/product\/4f-mph-pellets-25mg\/","url":"https:\/\/rckopen.com\/product\/4f-mph-pellets-25mg\/","name":"4F-MPH-pellets 25MG online kopen - 4F-MPH-pellets 25MG te koop","isPartOf":{"@id":"https:\/\/rckopen.com\/#website"},"primaryImageOfPage":{"@id":"https:\/\/rckopen.com\/product\/4f-mph-pellets-25mg\/#primaryimage"},"image":{"@id":"https:\/\/rckopen.com\/product\/4f-mph-pellets-25mg\/#primaryimage"},"thumbnailUrl":"https:\/\/rckopen.com\/wp-content\/uploads\/2023\/08\/4F-MPH-pellets-25mg.jpg","datePublished":"2023-08-17T05:39:17+00:00","dateModified":"2025-09-16T09:04:46+00:00","description":"Het is de beste tijd om onze online Rckopen-winkel te bezoeken en 4F-MPH-Pellets 25MG online kopen. Wij hebben hier 4F-MPH-Pellets 25MG te koop. Ontmoet ons online en plaats vandaag nog uw bestelling.","breadcrumb":{"@id":"https:\/\/rckopen.com\/product\/4f-mph-pellets-25mg\/#breadcrumb"},"inLanguage":"fr-FR","potentialAction":[{"@type":"ReadAction","target":["https:\/\/rckopen.com\/product\/4f-mph-pellets-25mg\/"]}]},{"@type":"ImageObject","inLanguage":"fr-FR","@id":"https:\/\/rckopen.com\/product\/4f-mph-pellets-25mg\/#primaryimage","url":"https:\/\/rckopen.com\/wp-content\/uploads\/2023\/08\/4F-MPH-pellets-25mg.jpg","contentUrl":"https:\/\/rckopen.com\/wp-content\/uploads\/2023\/08\/4F-MPH-pellets-25mg.jpg","width":600,"height":600,"caption":"4F-MPH-pellets-25mg online kopen"},{"@type":"BreadcrumbList","@id":"https:\/\/rckopen.com\/product\/4f-mph-pellets-25mg\/#breadcrumb","itemListElement":[{"@type":"ListItem","position":1,"name":"Home","item":"https:\/\/rckopen.com\/"},{"@type":"ListItem","position":2,"name":"Shop","item":"https:\/\/rckopen.com\/shop\/"},{"@type":"ListItem","position":3,"name":"4F-MPH pellets 25mg online kopen"}]},{"@type":"WebSite","@id":"https:\/\/rckopen.com\/#website","url":"https:\/\/rckopen.com\/","name":"RC Kopen","description":"Research Chemicals","potentialAction":[{"@type":"SearchAction","target":{"@type":"EntryPoint","urlTemplate":"https:\/\/rckopen.com\/?s={search_term_string}"},"query-input":{"@type":"PropertyValueSpecification","valueRequired":true,"valueName":"search_term_string"}}],"inLanguage":"fr-FR"}]}},"_links":{"self":[{"href":"https:\/\/rckopen.com\/fr\/wp-json\/wp\/v2\/product\/6624","targetHints":{"allow":["GET"]}}],"collection":[{"href":"https:\/\/rckopen.com\/fr\/wp-json\/wp\/v2\/product"}],"about":[{"href":"https:\/\/rckopen.com\/fr\/wp-json\/wp\/v2\/types\/product"}],"replies":[{"embeddable":true,"href":"https:\/\/rckopen.com\/fr\/wp-json\/wp\/v2\/comments?post=6624"}],"wp:featuredmedia":[{"embeddable":true,"href":"https:\/\/rckopen.com\/fr\/wp-json\/wp\/v2\/media\/6642"}],"wp:attachment":[{"href":"https:\/\/rckopen.com\/fr\/wp-json\/wp\/v2\/media?parent=6624"}],"wp:term":[{"taxonomy":"product_brand","embeddable":true,"href":"https:\/\/rckopen.com\/fr\/wp-json\/wp\/v2\/product_brand?post=6624"},{"taxonomy":"product_cat","embeddable":true,"href":"https:\/\/rckopen.com\/fr\/wp-json\/wp\/v2\/product_cat?post=6624"},{"taxonomy":"product_tag","embeddable":true,"href":"https:\/\/rckopen.com\/fr\/wp-json\/wp\/v2\/product_tag?post=6624"}],"curies":[{"name":"wp","href":"https:\/\/api.w.org\/{rel}","templated":true}]}}