{"id":6650,"date":"2023-08-17T06:31:13","date_gmt":"2023-08-17T06:31:13","guid":{"rendered":"https:\/\/diligentplug.com\/chems\/?post_type=product&#038;p=6650"},"modified":"2025-09-16T09:03:52","modified_gmt":"2025-09-16T09:03:52","slug":"4-ho-met-pellets-20mg","status":"publish","type":"product","link":"https:\/\/rckopen.com\/fr\/produit\/4-ho-avec-des-pastilles-20mg\/","title":{"rendered":"Achetez des pastilles 4-HO-MET 20 mg en ligne"},"content":{"rendered":"<h2>4-HO-MET-pellets 20 mg online kopen<\/h2>\n<h3>Trouver des pastilles de 4-HO-MET 20 mg en ligne \u00e0 un prix abordable : un guide complet<\/h3>\n<p>Vous vous demandez o\u00f9 vous <a href=\"https:\/\/rckopen.com\/fr\/produit\/4-ho-avec-des-pastilles-20mg\/\">Acheter des pastilles de 4-HO-MET 20 mg en ligne<\/a> vous pouvez acheter, mais vous ne savez pas par o\u00f9 commencer ? Avec l\u2019essor des pharmacies et des vendeurs en ligne, il peut \u00eatre difficile de trouver une source fiable proposant des prix abordables. Dans cet article, nous explorons les meilleures options pour acheter des pastilles 4-HO-MET 20 mg sans ordonnance.<\/p>\n<h3>Pourquoi acheter 4-HO-MET 20 mg en ligne ?<\/h3>\n<p>Avant de nous plonger dans l'endroit o\u00f9 nous <a href=\"https:\/\/en.wikipedia.org\/wiki\/4-HO-MET\">4-HO-MET<\/a>-les granul\u00e9s de 20 mg peuvent \u00eatre achet\u00e9s, nous devons d'abord comprendre pourquoi les acheter en ligne peut \u00eatre une option pratique. Les d\u00e9taillants en ligne proposent souvent des prix comp\u00e9titifs par rapport aux magasins physiques, vous permettant d'\u00e9conomiser de l'argent sur votre achat. De plus, acheter en ligne vous donne acc\u00e8s \u00e0 une plus large s\u00e9lection de produits et \u00e0 la commodit\u00e9 de faire vos achats dans le confort de votre foyer.<\/p>\n<h3>O\u00f9 acheter en ligne 4-HO-MET pellets 20 mg \u00e0 prix abordable<\/h3>\n<p>Lorsque l'on recherche des comprim\u00e9s de 4-HO-MET 20 mg \u00e0 vendre en ligne, il est essentiel de choisir un fournisseur r\u00e9put\u00e9 pour garantir la qualit\u00e9 et la s\u00e9curit\u00e9 du produit. rckopen.com est une source en ligne fiable pour acheter l\u00e9galement des pastilles de 4-HO-MET 20 mg. Sp\u00e9cialis\u00e9 dans une vari\u00e9t\u00e9 de produits chimiques de recherche, y compris 4-HO-MET pellets 20 mg, rckopen.com offre des prix comp\u00e9titifs sans compromis sur la qualit\u00e9.<\/p>\n<h3>Comment commander 4-HO-MET pellets 20 mg sans ordonnance ?<\/h3>\n<p>Contrairement aux pharmacies traditionnelles, vous pouvez acheter 4-HO-MET pellets 20 mg sans ordonnance aupr\u00e8s de vendeurs en ligne comme rckopen.com. Il vous suffit de vous rendre sur leur site, de s\u00e9lectionner la quantit\u00e9 souhait\u00e9e de 4-HO-MET pellets 20 mg et de passer \u00e0 la caisse. Gr\u00e2ce \u00e0 un emballage discret et \u00e0 une livraison rapide, vous pouvez recevoir votre commande \u00e0 domicile sans aucun probl\u00e8me.<\/p>\n<h3>Les avantages de choisir rckopen.com pour 4-HO-MET pellets 20 mg<\/h3>\n<p>Porte <a href=\"https:\/\/rckopen.com\/fr\/\">Rckopen.com<\/a> En choisissant les pastilles 4-HO-MET 20 mg comme magasin pr\u00e9f\u00e9r\u00e9, vous pouvez profiter d'une multitude d'avantages. Des prix abordables \u00e0 un processus de commande convivial, rckopen.com s'efforce d'offrir aux clients une exp\u00e9rience d'achat fluide. De plus, leur d\u00e9vouement \u00e0 l\u2019assurance qualit\u00e9 garantit que vous recevez \u00e0 chaque fois de v\u00e9ritables granul\u00e9s 4-HO-MET 20 mg \u00e0 vendre.<\/p>\n<h3>Granul\u00e9s de 4-FMA 100 mg en vente chez RCKopen<\/h3>\n<p>Vous voulez acheter 4-HO-MET pellets 20 mg \u00e0 la vente ? Ne cherchez pas plus loin que RCKopen ! Notre boutique offre des prix comp\u00e9titifs pour tous nos produits chimiques de recherche, y compris 4-HO-MET pellets 20 mg. Gr\u00e2ce \u00e0 notre processus de commande simple et \u00e0 notre livraison rapide, vous pouvez commander 4-HO-MET pellets 20 mg en un rien de temps. Ne manquez pas cette opportunit\u00e9 d'acheter des produits chimiques de recherche de haute qualit\u00e9 dans une boutique de confiance.<\/p>","protected":false},"excerpt":{"rendered":"<p><strong>Nom IUPAC : <\/strong>3-(2-[Isopropyl (m\u00e9thyl) amino]\u00e9thyl)-1H-indol-4-ol<\/p>\n<p><strong>Autre nom : <\/strong>4-hydroxy-N-m\u00e9thyl-N-isopropyltryptamine<\/p>\n<p><strong>Forme : <\/strong>granul\u00e9s<\/p>\n<p><strong>Analyse RMN : <\/strong>N\/A<\/p>","protected":false},"featured_media":6676,"comment_status":"open","ping_status":"closed","template":"","meta":{"_joinchat":[]},"product_brand":[],"product_cat":[144],"product_tag":[],"class_list":{"0":"post-6650","1":"product","2":"type-product","3":"status-publish","4":"has-post-thumbnail","6":"product_cat-pellets","8":"first","9":"instock","10":"shipping-taxable","11":"purchasable","12":"product-type-variable"},"yoast_head":"<!-- This site is optimized with the Yoast SEO plugin v26.3 - https:\/\/yoast.com\/wordpress\/plugins\/seo\/ -->\n<title>4-HO-MET-pellets 20MG kopen - 4-HO-MET-pellets 20MG te koop<\/title>\n<meta name=\"description\" content=\"Onze online Rc Kopen winkel heeft de beste kwaliteit 4-HO-MET-Pellets 20MG te koop. Wilt u 4-HO-MET-Pellets 20MG online kopen, dan kunnen wij u van alle kanten helpen. Bestel vandaag nog!\" \/>\n<meta name=\"robots\" content=\"index, follow, max-snippet:-1, max-image-preview:large, max-video-preview:-1\" \/>\n<link rel=\"canonical\" href=\"https:\/\/rckopen.com\/fr\/produit\/4-ho-avec-des-pastilles-20mg\/\" \/>\n<meta property=\"og:locale\" content=\"fr_FR\" \/>\n<meta property=\"og:type\" content=\"article\" \/>\n<meta property=\"og:title\" content=\"4-HO-MET-pellets 20MG kopen - 4-HO-MET-pellets 20MG te koop\" \/>\n<meta property=\"og:description\" content=\"Onze online Rc Kopen winkel heeft de beste kwaliteit 4-HO-MET-Pellets 20MG te koop. Wilt u 4-HO-MET-Pellets 20MG online kopen, dan kunnen wij u van alle kanten helpen. Bestel vandaag nog!\" \/>\n<meta property=\"og:url\" content=\"https:\/\/rckopen.com\/fr\/produit\/4-ho-avec-des-pastilles-20mg\/\" \/>\n<meta property=\"og:site_name\" content=\"RC Kopen\" \/>\n<meta property=\"article:modified_time\" content=\"2025-09-16T09:03:52+00:00\" \/>\n<meta property=\"og:image\" content=\"https:\/\/rckopen.com\/wp-content\/uploads\/2023\/08\/4-HO-MET-pellets-20mg.jpg\" \/>\n\t<meta property=\"og:image:width\" content=\"600\" \/>\n\t<meta property=\"og:image:height\" content=\"600\" \/>\n\t<meta property=\"og:image:type\" content=\"image\/jpeg\" \/>\n<meta name=\"twitter:card\" content=\"summary_large_image\" \/>\n<meta name=\"twitter:label1\" content=\"Dur\u00e9e de lecture estim\u00e9e\" \/>\n\t<meta name=\"twitter:data1\" content=\"3 minutes\" \/>\n<script type=\"application\/ld+json\" class=\"yoast-schema-graph\">{\"@context\":\"https:\/\/schema.org\",\"@graph\":[{\"@type\":\"WebPage\",\"@id\":\"https:\/\/rckopen.com\/product\/4-ho-met-pellets-20mg\/\",\"url\":\"https:\/\/rckopen.com\/product\/4-ho-met-pellets-20mg\/\",\"name\":\"4-HO-MET-pellets 20MG kopen - 4-HO-MET-pellets 20MG te koop\",\"isPartOf\":{\"@id\":\"https:\/\/rckopen.com\/#website\"},\"primaryImageOfPage\":{\"@id\":\"https:\/\/rckopen.com\/product\/4-ho-met-pellets-20mg\/#primaryimage\"},\"image\":{\"@id\":\"https:\/\/rckopen.com\/product\/4-ho-met-pellets-20mg\/#primaryimage\"},\"thumbnailUrl\":\"https:\/\/rckopen.com\/wp-content\/uploads\/2023\/08\/4-HO-MET-pellets-20mg.jpg\",\"datePublished\":\"2023-08-17T06:31:13+00:00\",\"dateModified\":\"2025-09-16T09:03:52+00:00\",\"description\":\"Onze online Rc Kopen winkel heeft de beste kwaliteit 4-HO-MET-Pellets 20MG te koop. Wilt u 4-HO-MET-Pellets 20MG online kopen, dan kunnen wij u van alle kanten helpen. Bestel vandaag nog!\",\"breadcrumb\":{\"@id\":\"https:\/\/rckopen.com\/product\/4-ho-met-pellets-20mg\/#breadcrumb\"},\"inLanguage\":\"fr-FR\",\"potentialAction\":[{\"@type\":\"ReadAction\",\"target\":[\"https:\/\/rckopen.com\/product\/4-ho-met-pellets-20mg\/\"]}]},{\"@type\":\"ImageObject\",\"inLanguage\":\"fr-FR\",\"@id\":\"https:\/\/rckopen.com\/product\/4-ho-met-pellets-20mg\/#primaryimage\",\"url\":\"https:\/\/rckopen.com\/wp-content\/uploads\/2023\/08\/4-HO-MET-pellets-20mg.jpg\",\"contentUrl\":\"https:\/\/rckopen.com\/wp-content\/uploads\/2023\/08\/4-HO-MET-pellets-20mg.jpg\",\"width\":600,\"height\":600,\"caption\":\"4-HO-MET-pellets-20mg online kopen\"},{\"@type\":\"BreadcrumbList\",\"@id\":\"https:\/\/rckopen.com\/product\/4-ho-met-pellets-20mg\/#breadcrumb\",\"itemListElement\":[{\"@type\":\"ListItem\",\"position\":1,\"name\":\"Home\",\"item\":\"https:\/\/rckopen.com\/\"},{\"@type\":\"ListItem\",\"position\":2,\"name\":\"Shop\",\"item\":\"https:\/\/rckopen.com\/shop\/\"},{\"@type\":\"ListItem\",\"position\":3,\"name\":\"4-HO-MET pellets 20mg online kopen\"}]},{\"@type\":\"WebSite\",\"@id\":\"https:\/\/rckopen.com\/#website\",\"url\":\"https:\/\/rckopen.com\/\",\"name\":\"RC Kopen\",\"description\":\"Research Chemicals\",\"potentialAction\":[{\"@type\":\"SearchAction\",\"target\":{\"@type\":\"EntryPoint\",\"urlTemplate\":\"https:\/\/rckopen.com\/?s={search_term_string}\"},\"query-input\":{\"@type\":\"PropertyValueSpecification\",\"valueRequired\":true,\"valueName\":\"search_term_string\"}}],\"inLanguage\":\"fr-FR\"}]}<\/script>\n<!-- \/ Yoast SEO plugin. -->","yoast_head_json":{"title":"4-HO-MET-pellets 20MG kopen - 4-HO-MET-pellets 20MG te koop","description":"Onze online Rc Kopen winkel heeft de beste kwaliteit 4-HO-MET-Pellets 20MG te koop. Wilt u 4-HO-MET-Pellets 20MG online kopen, dan kunnen wij u van alle kanten helpen. Bestel vandaag nog!","robots":{"index":"index","follow":"follow","max-snippet":"max-snippet:-1","max-image-preview":"max-image-preview:large","max-video-preview":"max-video-preview:-1"},"canonical":"https:\/\/rckopen.com\/fr\/produit\/4-ho-avec-des-pastilles-20mg\/","og_locale":"fr_FR","og_type":"article","og_title":"4-HO-MET-pellets 20MG kopen - 4-HO-MET-pellets 20MG te koop","og_description":"Onze online Rc Kopen winkel heeft de beste kwaliteit 4-HO-MET-Pellets 20MG te koop. Wilt u 4-HO-MET-Pellets 20MG online kopen, dan kunnen wij u van alle kanten helpen. Bestel vandaag nog!","og_url":"https:\/\/rckopen.com\/fr\/produit\/4-ho-avec-des-pastilles-20mg\/","og_site_name":"RC Kopen","article_modified_time":"2025-09-16T09:03:52+00:00","og_image":[{"width":600,"height":600,"url":"https:\/\/rckopen.com\/wp-content\/uploads\/2023\/08\/4-HO-MET-pellets-20mg.jpg","type":"image\/jpeg"}],"twitter_card":"summary_large_image","twitter_misc":{"Dur\u00e9e de lecture estim\u00e9e":"3 minutes"},"schema":{"@context":"https:\/\/schema.org","@graph":[{"@type":"WebPage","@id":"https:\/\/rckopen.com\/product\/4-ho-met-pellets-20mg\/","url":"https:\/\/rckopen.com\/product\/4-ho-met-pellets-20mg\/","name":"4-HO-MET-pellets 20MG kopen - 4-HO-MET-pellets 20MG te koop","isPartOf":{"@id":"https:\/\/rckopen.com\/#website"},"primaryImageOfPage":{"@id":"https:\/\/rckopen.com\/product\/4-ho-met-pellets-20mg\/#primaryimage"},"image":{"@id":"https:\/\/rckopen.com\/product\/4-ho-met-pellets-20mg\/#primaryimage"},"thumbnailUrl":"https:\/\/rckopen.com\/wp-content\/uploads\/2023\/08\/4-HO-MET-pellets-20mg.jpg","datePublished":"2023-08-17T06:31:13+00:00","dateModified":"2025-09-16T09:03:52+00:00","description":"Onze online Rc Kopen winkel heeft de beste kwaliteit 4-HO-MET-Pellets 20MG te koop. Wilt u 4-HO-MET-Pellets 20MG online kopen, dan kunnen wij u van alle kanten helpen. Bestel vandaag nog!","breadcrumb":{"@id":"https:\/\/rckopen.com\/product\/4-ho-met-pellets-20mg\/#breadcrumb"},"inLanguage":"fr-FR","potentialAction":[{"@type":"ReadAction","target":["https:\/\/rckopen.com\/product\/4-ho-met-pellets-20mg\/"]}]},{"@type":"ImageObject","inLanguage":"fr-FR","@id":"https:\/\/rckopen.com\/product\/4-ho-met-pellets-20mg\/#primaryimage","url":"https:\/\/rckopen.com\/wp-content\/uploads\/2023\/08\/4-HO-MET-pellets-20mg.jpg","contentUrl":"https:\/\/rckopen.com\/wp-content\/uploads\/2023\/08\/4-HO-MET-pellets-20mg.jpg","width":600,"height":600,"caption":"4-HO-MET-pellets-20mg online kopen"},{"@type":"BreadcrumbList","@id":"https:\/\/rckopen.com\/product\/4-ho-met-pellets-20mg\/#breadcrumb","itemListElement":[{"@type":"ListItem","position":1,"name":"Home","item":"https:\/\/rckopen.com\/"},{"@type":"ListItem","position":2,"name":"Shop","item":"https:\/\/rckopen.com\/shop\/"},{"@type":"ListItem","position":3,"name":"4-HO-MET pellets 20mg online kopen"}]},{"@type":"WebSite","@id":"https:\/\/rckopen.com\/#website","url":"https:\/\/rckopen.com\/","name":"RC Kopen","description":"Research Chemicals","potentialAction":[{"@type":"SearchAction","target":{"@type":"EntryPoint","urlTemplate":"https:\/\/rckopen.com\/?s={search_term_string}"},"query-input":{"@type":"PropertyValueSpecification","valueRequired":true,"valueName":"search_term_string"}}],"inLanguage":"fr-FR"}]}},"_links":{"self":[{"href":"https:\/\/rckopen.com\/fr\/wp-json\/wp\/v2\/product\/6650","targetHints":{"allow":["GET"]}}],"collection":[{"href":"https:\/\/rckopen.com\/fr\/wp-json\/wp\/v2\/product"}],"about":[{"href":"https:\/\/rckopen.com\/fr\/wp-json\/wp\/v2\/types\/product"}],"replies":[{"embeddable":true,"href":"https:\/\/rckopen.com\/fr\/wp-json\/wp\/v2\/comments?post=6650"}],"wp:featuredmedia":[{"embeddable":true,"href":"https:\/\/rckopen.com\/fr\/wp-json\/wp\/v2\/media\/6676"}],"wp:attachment":[{"href":"https:\/\/rckopen.com\/fr\/wp-json\/wp\/v2\/media?parent=6650"}],"wp:term":[{"taxonomy":"product_brand","embeddable":true,"href":"https:\/\/rckopen.com\/fr\/wp-json\/wp\/v2\/product_brand?post=6650"},{"taxonomy":"product_cat","embeddable":true,"href":"https:\/\/rckopen.com\/fr\/wp-json\/wp\/v2\/product_cat?post=6650"},{"taxonomy":"product_tag","embeddable":true,"href":"https:\/\/rckopen.com\/fr\/wp-json\/wp\/v2\/product_tag?post=6650"}],"curies":[{"name":"wp","href":"https:\/\/api.w.org\/{rel}","templated":true}]}}