{"id":6653,"date":"2023-08-17T07:18:35","date_gmt":"2023-08-17T07:18:35","guid":{"rendered":"https:\/\/diligentplug.com\/chems\/?post_type=product&#038;p=6653"},"modified":"2025-02-04T08:31:11","modified_gmt":"2025-02-04T08:31:11","slug":"%ce%b2h-2c-b-bohb","status":"publish","type":"product","link":"https:\/\/rckopen.com\/fr\/produit\/\u03b2h-2c-b-bohb\/","title":{"rendered":"Acheter \u03b2H-2C-B (BOHB) en ligne"},"content":{"rendered":"<h2>Acheter \u03b2H-2C-B (BOHB) en ligne<\/h2>\n<p><strong>Acheter BH-2C-B en ligne, \u03b2OH-2C-B<\/strong> est un produit chimique de recherche relativement nouveau sur lequel on ne dispose pas encore de beaucoup d'informations. Le m\u00e9dicament est utilis\u00e9 \u00e0 des fins de recherche et ne doit \u00eatre achet\u00e9 qu'\u00e0 cette fin. Le \u03b2OH-2C-B est disponible en pastilles. Nous garantissons la qualit\u00e9 et l'origine<a href=\"https:\/\/rckopen.com\/fr\/produit\/bk-2c-b-hcl\/\">.<\/a><\/p>\n<h3>Voir aussi : 2C-B-, FLY &amp; 2C-D<\/h3>\n<p>rckopen.com vend le \u03b2OH-2C-B \u00e0 des fins de recherche uniquement. Pas pour l'usage des consommateurs.<\/p>\n<p>rckopen.com propose des produits qui ne sont pas destin\u00e9s \u00e0 la consommation humaine. Si vous consommez ce produit (involontairement), cela peut avoir de graves cons\u00e9quences m\u00e9dicales. Acheter BH-2C-B en ligne<a href=\"https:\/\/en.wikipedia.org\/wiki\/Dextromethorphan\">.<\/a><\/p>","protected":false},"excerpt":{"rendered":"<p><strong>Nom IUPAC : <\/strong>Chlorhydrate de 2,5-dim\u00e9thoxy-b\u00eata-hydroxy-4-bromoph\u00e9n\u00e9thylamine<\/p>\n<p><strong>Forme : <\/strong>poudre<\/p>","protected":false},"featured_media":6681,"comment_status":"open","ping_status":"closed","template":"","meta":{"_joinchat":[]},"product_brand":[],"product_cat":[145],"product_tag":[],"class_list":{"0":"post-6653","1":"product","2":"type-product","3":"status-publish","4":"has-post-thumbnail","6":"product_cat-fenethylamine-derivaten","8":"first","9":"instock","10":"shipping-taxable","11":"purchasable","12":"product-type-variable"},"yoast_head":"<!-- This site is optimized with the Yoast SEO plugin v26.3 - https:\/\/yoast.com\/wordpress\/plugins\/seo\/ -->\n<title>BH-2C-B online kopen - BH-2C-B te koop | RC Kopen<\/title>\n<meta name=\"description\" content=\"Onze online Rc Kopen winkel heeft de beste kwaliteit BH-2C-B te koop. Als u BH-2C-B online wilt kopen, kunnen wij u van alle kanten helpen. Bestel vandaag nog!\" \/>\n<meta name=\"robots\" content=\"index, follow, max-snippet:-1, max-image-preview:large, max-video-preview:-1\" \/>\n<link rel=\"canonical\" href=\"https:\/\/rckopen.com\/fr\/produit\/\u03b2h-2c-b-bohb\/\" \/>\n<meta property=\"og:locale\" content=\"fr_FR\" \/>\n<meta property=\"og:type\" content=\"article\" \/>\n<meta property=\"og:title\" content=\"BH-2C-B online kopen - BH-2C-B te koop | RC Kopen\" \/>\n<meta property=\"og:description\" content=\"Onze online Rc Kopen winkel heeft de beste kwaliteit BH-2C-B te koop. Als u BH-2C-B online wilt kopen, kunnen wij u van alle kanten helpen. Bestel vandaag nog!\" \/>\n<meta property=\"og:url\" content=\"https:\/\/rckopen.com\/fr\/produit\/\u03b2h-2c-b-bohb\/\" \/>\n<meta property=\"og:site_name\" content=\"RC Kopen\" \/>\n<meta property=\"article:modified_time\" content=\"2025-02-04T08:31:11+00:00\" \/>\n<meta property=\"og:image\" content=\"https:\/\/rckopen.com\/wp-content\/uploads\/2023\/08\/bk-2C-B-HCL-1.jpg\" \/>\n\t<meta property=\"og:image:width\" content=\"600\" \/>\n\t<meta property=\"og:image:height\" content=\"600\" \/>\n\t<meta property=\"og:image:type\" content=\"image\/jpeg\" \/>\n<meta name=\"twitter:card\" content=\"summary_large_image\" \/>\n<meta name=\"twitter:label1\" content=\"Dur\u00e9e de lecture estim\u00e9e\" \/>\n\t<meta name=\"twitter:data1\" content=\"1 minute\" \/>\n<script type=\"application\/ld+json\" class=\"yoast-schema-graph\">{\"@context\":\"https:\/\/schema.org\",\"@graph\":[{\"@type\":\"WebPage\",\"@id\":\"https:\/\/rckopen.com\/product\/%ce%b2h-2c-b-bohb\/\",\"url\":\"https:\/\/rckopen.com\/product\/%ce%b2h-2c-b-bohb\/\",\"name\":\"BH-2C-B online kopen - BH-2C-B te koop | RC Kopen\",\"isPartOf\":{\"@id\":\"https:\/\/rckopen.com\/#website\"},\"primaryImageOfPage\":{\"@id\":\"https:\/\/rckopen.com\/product\/%ce%b2h-2c-b-bohb\/#primaryimage\"},\"image\":{\"@id\":\"https:\/\/rckopen.com\/product\/%ce%b2h-2c-b-bohb\/#primaryimage\"},\"thumbnailUrl\":\"https:\/\/rckopen.com\/wp-content\/uploads\/2023\/08\/bk-2C-B-HCL-1.jpg\",\"datePublished\":\"2023-08-17T07:18:35+00:00\",\"dateModified\":\"2025-02-04T08:31:11+00:00\",\"description\":\"Onze online Rc Kopen winkel heeft de beste kwaliteit BH-2C-B te koop. Als u BH-2C-B online wilt kopen, kunnen wij u van alle kanten helpen. Bestel vandaag nog!\",\"breadcrumb\":{\"@id\":\"https:\/\/rckopen.com\/product\/%ce%b2h-2c-b-bohb\/#breadcrumb\"},\"inLanguage\":\"fr-FR\",\"potentialAction\":[{\"@type\":\"ReadAction\",\"target\":[\"https:\/\/rckopen.com\/product\/%ce%b2h-2c-b-bohb\/\"]}]},{\"@type\":\"ImageObject\",\"inLanguage\":\"fr-FR\",\"@id\":\"https:\/\/rckopen.com\/product\/%ce%b2h-2c-b-bohb\/#primaryimage\",\"url\":\"https:\/\/rckopen.com\/wp-content\/uploads\/2023\/08\/bk-2C-B-HCL-1.jpg\",\"contentUrl\":\"https:\/\/rckopen.com\/wp-content\/uploads\/2023\/08\/bk-2C-B-HCL-1.jpg\",\"width\":600,\"height\":600,\"caption\":\"Koop BH-2C-B online\"},{\"@type\":\"BreadcrumbList\",\"@id\":\"https:\/\/rckopen.com\/product\/%ce%b2h-2c-b-bohb\/#breadcrumb\",\"itemListElement\":[{\"@type\":\"ListItem\",\"position\":1,\"name\":\"Home\",\"item\":\"https:\/\/rckopen.com\/\"},{\"@type\":\"ListItem\",\"position\":2,\"name\":\"Shop\",\"item\":\"https:\/\/rckopen.com\/shop\/\"},{\"@type\":\"ListItem\",\"position\":3,\"name\":\"\u03b2H-2C-B (BOHB) online kopen\"}]},{\"@type\":\"WebSite\",\"@id\":\"https:\/\/rckopen.com\/#website\",\"url\":\"https:\/\/rckopen.com\/\",\"name\":\"RC Kopen\",\"description\":\"Research Chemicals\",\"potentialAction\":[{\"@type\":\"SearchAction\",\"target\":{\"@type\":\"EntryPoint\",\"urlTemplate\":\"https:\/\/rckopen.com\/?s={search_term_string}\"},\"query-input\":{\"@type\":\"PropertyValueSpecification\",\"valueRequired\":true,\"valueName\":\"search_term_string\"}}],\"inLanguage\":\"fr-FR\"}]}<\/script>\n<!-- \/ Yoast SEO plugin. -->","yoast_head_json":{"title":"BH-2C-B online kopen - BH-2C-B te koop | RC Kopen","description":"Onze online Rc Kopen winkel heeft de beste kwaliteit BH-2C-B te koop. Als u BH-2C-B online wilt kopen, kunnen wij u van alle kanten helpen. Bestel vandaag nog!","robots":{"index":"index","follow":"follow","max-snippet":"max-snippet:-1","max-image-preview":"max-image-preview:large","max-video-preview":"max-video-preview:-1"},"canonical":"https:\/\/rckopen.com\/fr\/produit\/\u03b2h-2c-b-bohb\/","og_locale":"fr_FR","og_type":"article","og_title":"BH-2C-B online kopen - BH-2C-B te koop | RC Kopen","og_description":"Onze online Rc Kopen winkel heeft de beste kwaliteit BH-2C-B te koop. Als u BH-2C-B online wilt kopen, kunnen wij u van alle kanten helpen. Bestel vandaag nog!","og_url":"https:\/\/rckopen.com\/fr\/produit\/\u03b2h-2c-b-bohb\/","og_site_name":"RC Kopen","article_modified_time":"2025-02-04T08:31:11+00:00","og_image":[{"width":600,"height":600,"url":"https:\/\/rckopen.com\/wp-content\/uploads\/2023\/08\/bk-2C-B-HCL-1.jpg","type":"image\/jpeg"}],"twitter_card":"summary_large_image","twitter_misc":{"Dur\u00e9e de lecture estim\u00e9e":"1 minute"},"schema":{"@context":"https:\/\/schema.org","@graph":[{"@type":"WebPage","@id":"https:\/\/rckopen.com\/product\/%ce%b2h-2c-b-bohb\/","url":"https:\/\/rckopen.com\/product\/%ce%b2h-2c-b-bohb\/","name":"BH-2C-B online kopen - BH-2C-B te koop | RC Kopen","isPartOf":{"@id":"https:\/\/rckopen.com\/#website"},"primaryImageOfPage":{"@id":"https:\/\/rckopen.com\/product\/%ce%b2h-2c-b-bohb\/#primaryimage"},"image":{"@id":"https:\/\/rckopen.com\/product\/%ce%b2h-2c-b-bohb\/#primaryimage"},"thumbnailUrl":"https:\/\/rckopen.com\/wp-content\/uploads\/2023\/08\/bk-2C-B-HCL-1.jpg","datePublished":"2023-08-17T07:18:35+00:00","dateModified":"2025-02-04T08:31:11+00:00","description":"Onze online Rc Kopen winkel heeft de beste kwaliteit BH-2C-B te koop. Als u BH-2C-B online wilt kopen, kunnen wij u van alle kanten helpen. Bestel vandaag nog!","breadcrumb":{"@id":"https:\/\/rckopen.com\/product\/%ce%b2h-2c-b-bohb\/#breadcrumb"},"inLanguage":"fr-FR","potentialAction":[{"@type":"ReadAction","target":["https:\/\/rckopen.com\/product\/%ce%b2h-2c-b-bohb\/"]}]},{"@type":"ImageObject","inLanguage":"fr-FR","@id":"https:\/\/rckopen.com\/product\/%ce%b2h-2c-b-bohb\/#primaryimage","url":"https:\/\/rckopen.com\/wp-content\/uploads\/2023\/08\/bk-2C-B-HCL-1.jpg","contentUrl":"https:\/\/rckopen.com\/wp-content\/uploads\/2023\/08\/bk-2C-B-HCL-1.jpg","width":600,"height":600,"caption":"Koop BH-2C-B online"},{"@type":"BreadcrumbList","@id":"https:\/\/rckopen.com\/product\/%ce%b2h-2c-b-bohb\/#breadcrumb","itemListElement":[{"@type":"ListItem","position":1,"name":"Home","item":"https:\/\/rckopen.com\/"},{"@type":"ListItem","position":2,"name":"Shop","item":"https:\/\/rckopen.com\/shop\/"},{"@type":"ListItem","position":3,"name":"\u03b2H-2C-B (BOHB) online kopen"}]},{"@type":"WebSite","@id":"https:\/\/rckopen.com\/#website","url":"https:\/\/rckopen.com\/","name":"RC Kopen","description":"Research Chemicals","potentialAction":[{"@type":"SearchAction","target":{"@type":"EntryPoint","urlTemplate":"https:\/\/rckopen.com\/?s={search_term_string}"},"query-input":{"@type":"PropertyValueSpecification","valueRequired":true,"valueName":"search_term_string"}}],"inLanguage":"fr-FR"}]}},"_links":{"self":[{"href":"https:\/\/rckopen.com\/fr\/wp-json\/wp\/v2\/product\/6653","targetHints":{"allow":["GET"]}}],"collection":[{"href":"https:\/\/rckopen.com\/fr\/wp-json\/wp\/v2\/product"}],"about":[{"href":"https:\/\/rckopen.com\/fr\/wp-json\/wp\/v2\/types\/product"}],"replies":[{"embeddable":true,"href":"https:\/\/rckopen.com\/fr\/wp-json\/wp\/v2\/comments?post=6653"}],"wp:featuredmedia":[{"embeddable":true,"href":"https:\/\/rckopen.com\/fr\/wp-json\/wp\/v2\/media\/6681"}],"wp:attachment":[{"href":"https:\/\/rckopen.com\/fr\/wp-json\/wp\/v2\/media?parent=6653"}],"wp:term":[{"taxonomy":"product_brand","embeddable":true,"href":"https:\/\/rckopen.com\/fr\/wp-json\/wp\/v2\/product_brand?post=6653"},{"taxonomy":"product_cat","embeddable":true,"href":"https:\/\/rckopen.com\/fr\/wp-json\/wp\/v2\/product_cat?post=6653"},{"taxonomy":"product_tag","embeddable":true,"href":"https:\/\/rckopen.com\/fr\/wp-json\/wp\/v2\/product_tag?post=6653"}],"curies":[{"name":"wp","href":"https:\/\/api.w.org\/{rel}","templated":true}]}}