{"id":6660,"date":"2023-08-17T07:34:21","date_gmt":"2023-08-17T07:34:21","guid":{"rendered":"https:\/\/diligentplug.com\/chems\/?post_type=product&#038;p=6660"},"modified":"2025-02-03T06:50:59","modified_gmt":"2025-02-03T06:50:59","slug":"desoxypipradrol","status":"publish","type":"product","link":"https:\/\/rckopen.com\/fr\/produit\/desoxypipradrol\/","title":{"rendered":"Acheter du d\u00e9soxypipradrol en ligne"},"content":{"rendered":"<h2>Acheter du d\u00e9soxypipradrol en ligne<\/h2>\n<h2>Bienvenue chez RCKopen : votre destination pour le deoxypipradrol<\/h2>\n<p>Est-ce que tu veux <a href=\"https:\/\/rckopen.com\/fr\/produit\/desoxypipradrol\/\">Acheter du d\u00e9soxypipradrol en ligne<\/a>? Ne cherchez pas plus loin que RCKopen ! Nous sommes votre source de r\u00e9f\u00e9rence pour le Desoxypipradrol de haute qualit\u00e9 et une plate-forme fiable pour acheter ce m\u00e9dicament l\u00e9galement et sans tracas.<\/p>\n<h3>Pourquoi choisir RCKopen pour le Desoxypipradrol ?<\/h3>\n<p>Abeille <a href=\"https:\/\/rckopen.com\/fr\/\">rckopen.com<\/a> nous privil\u00e9gions la qualit\u00e9, la l\u00e9galit\u00e9 et la satisfaction du client. Voil\u00e0 pourquoi vous devriez nous choisir :<\/p>\n<h3>Desoxypipradrol de premi\u00e8re qualit\u00e9<\/h3>\n<p>Les produits de Desoxypipradrol que nous commandons sont de la plus haute qualit\u00e9 et garantissent puret\u00e9 et efficacit\u00e9. Nous comprenons l'importance de la qualit\u00e9 lorsqu'il s'agit de produits chimiques de recherche, c'est pourquoi nous nous approvisionnons en Desoxypipradrol aupr\u00e8s de fournisseurs r\u00e9put\u00e9s.<\/p>\n<h3>L\u00e9galit\u00e9 et conformit\u00e9<\/h3>\n<p>Nous croyons qu\u2019il faut agir dans les limites de la loi. Quand tu <a href=\"https:\/\/en.wikipedia.org\/wiki\/Desoxypipradrol\">D\u00e9soxypipradrol<\/a> Si vous achetez l\u00e9galement chez RCKopen, vous pouvez \u00eatre s\u00fbr que votre achat est l\u00e9gal et conforme \u00e0 la r\u00e9glementation. Nous respectons strictement toutes les exigences l\u00e9gales, afin que vous puissiez travailler en toute tranquillit\u00e9 d'esprit.<\/p>\n<h3>Processus de commande simple<\/h3>\n<p>Commander Desoxypipradrol chez RCKopen est simple et direct. En quelques clics, vous pouvez passer votre commande et la faire livrer \u00e0 votre domicile. Fini le temps des proc\u00e9dures de commande compliqu\u00e9es.<\/p>\n<h3>Comment acheter du deoxypipradrol chez RCKopen ?<\/h3>\n<p>Pr\u00eat \u00e0 faire un achat ? Voici comment acheter Desoxypipradrol au Royaume-Uni aupr\u00e8s de RCKopen :<\/p>\n<p>Parcourez notre s\u00e9lection : Explorez notre gamme de produits Desoxypipradrol disponibles sur notre site web.<br \/>\nAjouter au panier : S\u00e9lectionnez le produit Desoxypipradrol que vous souhaitez acheter et ajoutez-le \u00e0 votre panier.<br \/>\nPasser \u00e0 la caisse : Passez \u00e0 la caisse et suivez les \u00e9tapes simples pour terminer votre commande. Pour votre commodit\u00e9, nous acceptons diff\u00e9rents modes de paiement.<br \/>\nRecevez votre commande : Installez-vous confortablement et d\u00e9tendez-vous pendant que nous pr\u00e9parons et exp\u00e9dions votre Desoxypipradrol directement chez vous. Notre processus d'exp\u00e9dition est rapide et fiable et garantit une livraison \u00e0 temps.<\/p>\n<h3>O\u00f9 pouvez-vous acheter du Desoxypipradrol l\u00e9galement en ligne ?<\/h3>\n<p>Vous recherchez une source fiable pour acheter du Desoxypipradrol l\u00e9galement ? RCKopen est votre r\u00e9ponse. Nous souhaitons fournir aux clients une plate-forme l\u00e9gale et fiable pour acheter du Desoxypipradrol sans avoir besoin d'une ordonnance.<\/p>\n<h3>D\u00e9marrez avec RCKopen d\u00e8s aujourd'hui !<\/h3>\n<p>Pr\u00eat \u00e0 commander Desoxypipradrol ? Visitez RCKopen maintenant et exp\u00e9rimentez la commodit\u00e9 d'acheter Desoxypipradrol sans ordonnance et sans tracas. Votre satisfaction est notre priorit\u00e9 et nous sommes l\u00e0 pour r\u00e9pondre \u00e0 tous vos besoins en Desoxypipradrol.<\/p>","protected":false},"excerpt":{"rendered":"<p>Nom IUPAC : 2-benzhydrylpiperidine<br \/>\nCAS # 519-74-4<br \/>\nAspect : poudre<br \/>\nAnalyse RMN : C18H21N<\/p>","protected":false},"featured_media":6685,"comment_status":"open","ping_status":"closed","template":"","meta":{"_joinchat":[]},"product_brand":[],"product_cat":[147],"product_tag":[],"class_list":{"0":"post-6660","1":"product","2":"type-product","3":"status-publish","4":"has-post-thumbnail","6":"product_cat-piperidinen","8":"first","9":"instock","10":"shipping-taxable","11":"purchasable","12":"product-type-variable"},"yoast_head":"<!-- This site is optimized with the Yoast SEO plugin v26.3 - https:\/\/yoast.com\/wordpress\/plugins\/seo\/ -->\n<title>Desoxypipradrol online kopen- Desoxypipradrol online te koop<\/title>\n<meta name=\"description\" content=\"Als u Desoxypipradrol online zonder recept wilt kopen, is rckopen.com de beste plaats om Desoxypipradrol online te kopen, Desoxypipradrol te koop en Desoxypipradrol online tegen de beste prijs. Bestel nu!\" \/>\n<meta name=\"robots\" content=\"index, follow, max-snippet:-1, max-image-preview:large, max-video-preview:-1\" \/>\n<link rel=\"canonical\" href=\"https:\/\/rckopen.com\/fr\/produit\/desoxypipradrol\/\" \/>\n<meta property=\"og:locale\" content=\"fr_FR\" \/>\n<meta property=\"og:type\" content=\"article\" \/>\n<meta property=\"og:title\" content=\"Desoxypipradrol online kopen- Desoxypipradrol online te koop\" \/>\n<meta property=\"og:description\" content=\"Als u Desoxypipradrol online zonder recept wilt kopen, is rckopen.com de beste plaats om Desoxypipradrol online te kopen, Desoxypipradrol te koop en Desoxypipradrol online tegen de beste prijs. Bestel nu!\" \/>\n<meta property=\"og:url\" content=\"https:\/\/rckopen.com\/fr\/produit\/desoxypipradrol\/\" \/>\n<meta property=\"og:site_name\" content=\"RC Kopen\" \/>\n<meta property=\"article:modified_time\" content=\"2025-02-03T06:50:59+00:00\" \/>\n<meta property=\"og:image\" content=\"https:\/\/rckopen.com\/wp-content\/uploads\/2023\/08\/desoxypipradrol.jpg\" \/>\n\t<meta property=\"og:image:width\" content=\"600\" \/>\n\t<meta property=\"og:image:height\" content=\"600\" \/>\n\t<meta property=\"og:image:type\" content=\"image\/jpeg\" \/>\n<meta name=\"twitter:card\" content=\"summary_large_image\" \/>\n<meta name=\"twitter:label1\" content=\"Dur\u00e9e de lecture estim\u00e9e\" \/>\n\t<meta name=\"twitter:data1\" content=\"2 minutes\" \/>\n<script type=\"application\/ld+json\" class=\"yoast-schema-graph\">{\"@context\":\"https:\/\/schema.org\",\"@graph\":[{\"@type\":\"WebPage\",\"@id\":\"https:\/\/rckopen.com\/product\/desoxypipradrol\/\",\"url\":\"https:\/\/rckopen.com\/product\/desoxypipradrol\/\",\"name\":\"Desoxypipradrol online kopen- Desoxypipradrol online te koop\",\"isPartOf\":{\"@id\":\"https:\/\/rckopen.com\/#website\"},\"primaryImageOfPage\":{\"@id\":\"https:\/\/rckopen.com\/product\/desoxypipradrol\/#primaryimage\"},\"image\":{\"@id\":\"https:\/\/rckopen.com\/product\/desoxypipradrol\/#primaryimage\"},\"thumbnailUrl\":\"https:\/\/rckopen.com\/wp-content\/uploads\/2023\/08\/desoxypipradrol.jpg\",\"datePublished\":\"2023-08-17T07:34:21+00:00\",\"dateModified\":\"2025-02-03T06:50:59+00:00\",\"description\":\"Als u Desoxypipradrol online zonder recept wilt kopen, is rckopen.com de beste plaats om Desoxypipradrol online te kopen, Desoxypipradrol te koop en Desoxypipradrol online tegen de beste prijs. Bestel nu!\",\"breadcrumb\":{\"@id\":\"https:\/\/rckopen.com\/product\/desoxypipradrol\/#breadcrumb\"},\"inLanguage\":\"fr-FR\",\"potentialAction\":[{\"@type\":\"ReadAction\",\"target\":[\"https:\/\/rckopen.com\/product\/desoxypipradrol\/\"]}]},{\"@type\":\"ImageObject\",\"inLanguage\":\"fr-FR\",\"@id\":\"https:\/\/rckopen.com\/product\/desoxypipradrol\/#primaryimage\",\"url\":\"https:\/\/rckopen.com\/wp-content\/uploads\/2023\/08\/desoxypipradrol.jpg\",\"contentUrl\":\"https:\/\/rckopen.com\/wp-content\/uploads\/2023\/08\/desoxypipradrol.jpg\",\"width\":600,\"height\":600,\"caption\":\"Desoxypipradrol online kopen\"},{\"@type\":\"BreadcrumbList\",\"@id\":\"https:\/\/rckopen.com\/product\/desoxypipradrol\/#breadcrumb\",\"itemListElement\":[{\"@type\":\"ListItem\",\"position\":1,\"name\":\"Home\",\"item\":\"https:\/\/rckopen.com\/\"},{\"@type\":\"ListItem\",\"position\":2,\"name\":\"Shop\",\"item\":\"https:\/\/rckopen.com\/shop\/\"},{\"@type\":\"ListItem\",\"position\":3,\"name\":\"Desoxypipradrol online kopen\"}]},{\"@type\":\"WebSite\",\"@id\":\"https:\/\/rckopen.com\/#website\",\"url\":\"https:\/\/rckopen.com\/\",\"name\":\"RC Kopen\",\"description\":\"Research Chemicals\",\"potentialAction\":[{\"@type\":\"SearchAction\",\"target\":{\"@type\":\"EntryPoint\",\"urlTemplate\":\"https:\/\/rckopen.com\/?s={search_term_string}\"},\"query-input\":{\"@type\":\"PropertyValueSpecification\",\"valueRequired\":true,\"valueName\":\"search_term_string\"}}],\"inLanguage\":\"fr-FR\"}]}<\/script>\n<!-- \/ Yoast SEO plugin. -->","yoast_head_json":{"title":"Desoxypipradrol online kopen- Desoxypipradrol online te koop","description":"Als u Desoxypipradrol online zonder recept wilt kopen, is rckopen.com de beste plaats om Desoxypipradrol online te kopen, Desoxypipradrol te koop en Desoxypipradrol online tegen de beste prijs. Bestel nu!","robots":{"index":"index","follow":"follow","max-snippet":"max-snippet:-1","max-image-preview":"max-image-preview:large","max-video-preview":"max-video-preview:-1"},"canonical":"https:\/\/rckopen.com\/fr\/produit\/desoxypipradrol\/","og_locale":"fr_FR","og_type":"article","og_title":"Desoxypipradrol online kopen- Desoxypipradrol online te koop","og_description":"Als u Desoxypipradrol online zonder recept wilt kopen, is rckopen.com de beste plaats om Desoxypipradrol online te kopen, Desoxypipradrol te koop en Desoxypipradrol online tegen de beste prijs. Bestel nu!","og_url":"https:\/\/rckopen.com\/fr\/produit\/desoxypipradrol\/","og_site_name":"RC Kopen","article_modified_time":"2025-02-03T06:50:59+00:00","og_image":[{"width":600,"height":600,"url":"https:\/\/rckopen.com\/wp-content\/uploads\/2023\/08\/desoxypipradrol.jpg","type":"image\/jpeg"}],"twitter_card":"summary_large_image","twitter_misc":{"Dur\u00e9e de lecture estim\u00e9e":"2 minutes"},"schema":{"@context":"https:\/\/schema.org","@graph":[{"@type":"WebPage","@id":"https:\/\/rckopen.com\/product\/desoxypipradrol\/","url":"https:\/\/rckopen.com\/product\/desoxypipradrol\/","name":"Desoxypipradrol online kopen- Desoxypipradrol online te koop","isPartOf":{"@id":"https:\/\/rckopen.com\/#website"},"primaryImageOfPage":{"@id":"https:\/\/rckopen.com\/product\/desoxypipradrol\/#primaryimage"},"image":{"@id":"https:\/\/rckopen.com\/product\/desoxypipradrol\/#primaryimage"},"thumbnailUrl":"https:\/\/rckopen.com\/wp-content\/uploads\/2023\/08\/desoxypipradrol.jpg","datePublished":"2023-08-17T07:34:21+00:00","dateModified":"2025-02-03T06:50:59+00:00","description":"Als u Desoxypipradrol online zonder recept wilt kopen, is rckopen.com de beste plaats om Desoxypipradrol online te kopen, Desoxypipradrol te koop en Desoxypipradrol online tegen de beste prijs. Bestel nu!","breadcrumb":{"@id":"https:\/\/rckopen.com\/product\/desoxypipradrol\/#breadcrumb"},"inLanguage":"fr-FR","potentialAction":[{"@type":"ReadAction","target":["https:\/\/rckopen.com\/product\/desoxypipradrol\/"]}]},{"@type":"ImageObject","inLanguage":"fr-FR","@id":"https:\/\/rckopen.com\/product\/desoxypipradrol\/#primaryimage","url":"https:\/\/rckopen.com\/wp-content\/uploads\/2023\/08\/desoxypipradrol.jpg","contentUrl":"https:\/\/rckopen.com\/wp-content\/uploads\/2023\/08\/desoxypipradrol.jpg","width":600,"height":600,"caption":"Desoxypipradrol online kopen"},{"@type":"BreadcrumbList","@id":"https:\/\/rckopen.com\/product\/desoxypipradrol\/#breadcrumb","itemListElement":[{"@type":"ListItem","position":1,"name":"Home","item":"https:\/\/rckopen.com\/"},{"@type":"ListItem","position":2,"name":"Shop","item":"https:\/\/rckopen.com\/shop\/"},{"@type":"ListItem","position":3,"name":"Desoxypipradrol online kopen"}]},{"@type":"WebSite","@id":"https:\/\/rckopen.com\/#website","url":"https:\/\/rckopen.com\/","name":"RC Kopen","description":"Research Chemicals","potentialAction":[{"@type":"SearchAction","target":{"@type":"EntryPoint","urlTemplate":"https:\/\/rckopen.com\/?s={search_term_string}"},"query-input":{"@type":"PropertyValueSpecification","valueRequired":true,"valueName":"search_term_string"}}],"inLanguage":"fr-FR"}]}},"_links":{"self":[{"href":"https:\/\/rckopen.com\/fr\/wp-json\/wp\/v2\/product\/6660","targetHints":{"allow":["GET"]}}],"collection":[{"href":"https:\/\/rckopen.com\/fr\/wp-json\/wp\/v2\/product"}],"about":[{"href":"https:\/\/rckopen.com\/fr\/wp-json\/wp\/v2\/types\/product"}],"replies":[{"embeddable":true,"href":"https:\/\/rckopen.com\/fr\/wp-json\/wp\/v2\/comments?post=6660"}],"wp:featuredmedia":[{"embeddable":true,"href":"https:\/\/rckopen.com\/fr\/wp-json\/wp\/v2\/media\/6685"}],"wp:attachment":[{"href":"https:\/\/rckopen.com\/fr\/wp-json\/wp\/v2\/media?parent=6660"}],"wp:term":[{"taxonomy":"product_brand","embeddable":true,"href":"https:\/\/rckopen.com\/fr\/wp-json\/wp\/v2\/product_brand?post=6660"},{"taxonomy":"product_cat","embeddable":true,"href":"https:\/\/rckopen.com\/fr\/wp-json\/wp\/v2\/product_cat?post=6660"},{"taxonomy":"product_tag","embeddable":true,"href":"https:\/\/rckopen.com\/fr\/wp-json\/wp\/v2\/product_tag?post=6660"}],"curies":[{"name":"wp","href":"https:\/\/api.w.org\/{rel}","templated":true}]}}