{"id":6662,"date":"2023-08-17T07:51:48","date_gmt":"2023-08-17T07:51:48","guid":{"rendered":"https:\/\/diligentplug.com\/chems\/?post_type=product&#038;p=6662"},"modified":"2025-02-01T07:35:18","modified_gmt":"2025-02-01T07:35:18","slug":"3-fpm","status":"publish","type":"product","link":"https:\/\/rckopen.com\/fr\/produit\/3-fpm\/","title":{"rendered":"Achetez 3-FPM en ligne"},"content":{"rendered":"<h2>3 FPM Online Kopen<\/h2>\n<p>Votre guide pour trouver des 3-FPM de qualit\u00e9 en ligne<br \/>\nVous recherchez une source fiable pour <a href=\"https:\/\/rckopen.com\/fr\/produit\/3-fpm\/\">3-FPM \u00e0 vendre en ligne<\/a>? Ne cherchez plus ! Abeille <a href=\"https:\/\/rckopen.com\/fr\/\">rckopen.com<\/a> Nous proposons \u00e0 la vente des 3 FPM de qualit\u00e9 sup\u00e9rieure, garantissant une exp\u00e9rience d'achat fluide. Que vous soyez au Royaume-Uni ou ailleurs, nous offrons un acc\u00e8s l\u00e9gal au 3-FPM sans ordonnance. Voici votre guide \u00e9tape par \u00e9tape pour acheter du 3-FPM haut de gamme sur notre plateforme\u00a0:<\/p>\n<p>Recherche de fournisseurs de confiance<br \/>\nAls u legaal <a href=\"https:\/\/en.wikipedia.org\/wiki\/3-Fluorophenmetrazine\">3-FPM<\/a> Si vous souhaitez acheter en ligne, il est essentiel de rechercher des fournisseurs fiables. Chez rckopen.com, nous sommes fiers de notre r\u00e9putation de source fiable pour l\u2019achat de produits chimiques de recherche. Notre engagement envers la qualit\u00e9 et la satisfaction de la client\u00e8le nous distingue des autres fournisseurs du march\u00e9.<\/p>\n<p>V\u00e9rifier la qualit\u00e9 des produits<br \/>\nLa qualit\u00e9 est primordiale lorsqu'il s'agit de produits chimiques de recherche tels que le 3-FPM. Nos produits sont soumis \u00e0 des tests rigoureux pour garantir leur puret\u00e9 et leur puissance. Lorsque vous achetez du 3-FPM sur rckopen.com, vous pouvez \u00eatre s\u00fbr que vous recevrez un produit de haute qualit\u00e9 qui r\u00e9pond \u00e0 vos besoins de recherche.<br \/>\nParcourez notre s\u00e9lection<\/p>\n<p>o\u00f9 puis-je acheter 3-FPM en ligne ? D\u00e9couvrez notre vaste s\u00e9lection de 3-FPM et d'autres produits chimiques de recherche disponibles \u00e0 l'achat sur notre site Web. En quelques clics, vous pouvez parcourir notre inventaire et trouver le produit parfait pour vos projets de recherche.<\/p>\n<p>Passez votre commande<br \/>\nPr\u00eat \u00e0 acheter 3-FPM ? Commander sur rckopen.com est rapide et facile. Ajoutez simplement les produits que vous souhaitez \u00e0 votre panier, passez \u00e0 la caisse et finalisez votre achat en toute s\u00e9curit\u00e9 via notre passerelle de paiement crypt\u00e9e.<\/p>\n<p>Livraison rapide et discr\u00e8te<br \/>\nUne fois votre commande pass\u00e9e, nous nous occupons du reste. Nous assurons une livraison rapide et discr\u00e8te afin que votre 3-FPM en vente vous parvienne rapidement et en toute s\u00e9curit\u00e9. Gr\u00e2ce \u00e0 notre service de livraison efficace, vous pouvez vous concentrer sur vos recherches sans d\u00e9lai.<\/p>\n<p>Garantie de satisfaction du client<br \/>\nChez rckopen.com, la satisfaction du client est notre priorit\u00e9 absolue. Si vous avez des questions ou des commentaires sur votre commande, notre \u00e9quipe d'assistance est l\u00e0 pour vous aider \u00e0 chaque \u00e9tape. Nous nous effor\u00e7ons de vous offrir une exp\u00e9rience d'achat exceptionnelle du d\u00e9but \u00e0 la fin.<\/p>\n<p>Acheter du 3-FPM de qualit\u00e9 en ligne n\u2019a jamais \u00e9t\u00e9 aussi simple. Avec rckopen.com, vous pouvez acheter du 3-FPM en ligne l\u00e9galement et sans ordonnance et \u00eatre assur\u00e9 que vous obtenez un produit de qualit\u00e9 sup\u00e9rieure. Explorez notre site Web d\u00e8s aujourd\u2019hui et faites le premier pas vers l\u2019avancement de vos efforts de recherche.<\/p>","protected":false},"excerpt":{"rendered":"<p>Nom UICPA : 2-(3-fluoroph\u00e9nyl)-3-m\u00e9thylmorpholine, monohydrochloride<br \/>\nCAS # 1803562-83-5<br \/>\nAutre nom : 3-Fluoroph\u00e9nm\u00e9trazine (chlorhydrate)<br \/>\nAspect : poudre<br \/>\nAnalyse RMN : C11H14FNO - HCl<\/p>","protected":false},"featured_media":6687,"comment_status":"open","ping_status":"closed","template":"","meta":{"_joinchat":[]},"product_brand":[],"product_cat":[147],"product_tag":[],"class_list":{"0":"post-6662","1":"product","2":"type-product","3":"status-publish","4":"has-post-thumbnail","6":"product_cat-piperidinen","8":"first","9":"instock","10":"shipping-taxable","11":"purchasable","12":"product-type-variable"},"yoast_head":"<!-- This site is optimized with the Yoast SEO plugin v26.3 - https:\/\/yoast.com\/wordpress\/plugins\/seo\/ -->\n<title>3-FPM online kopen - 3-FPM te koop | RC Kopen<\/title>\n<meta name=\"description\" content=\"Onze RCKopen winkel heeft de topkwaliteit 3-FPM te koop. U kunt nooit om de kwaliteit van onze producten heen. Als u dat nodig heeft, kunt u 3-FPM meteen online kopen. Bestel nu!\" \/>\n<meta name=\"robots\" content=\"index, follow, max-snippet:-1, max-image-preview:large, max-video-preview:-1\" \/>\n<link rel=\"canonical\" href=\"https:\/\/rckopen.com\/fr\/produit\/3-fpm\/\" \/>\n<meta property=\"og:locale\" content=\"fr_FR\" \/>\n<meta property=\"og:type\" content=\"article\" \/>\n<meta property=\"og:title\" content=\"3-FPM online kopen - 3-FPM te koop | RC Kopen\" \/>\n<meta property=\"og:description\" content=\"Onze RCKopen winkel heeft de topkwaliteit 3-FPM te koop. U kunt nooit om de kwaliteit van onze producten heen. Als u dat nodig heeft, kunt u 3-FPM meteen online kopen. Bestel nu!\" \/>\n<meta property=\"og:url\" content=\"https:\/\/rckopen.com\/fr\/produit\/3-fpm\/\" \/>\n<meta property=\"og:site_name\" content=\"RC Kopen\" \/>\n<meta property=\"article:modified_time\" content=\"2025-02-01T07:35:18+00:00\" \/>\n<meta property=\"og:image\" content=\"https:\/\/rckopen.com\/wp-content\/uploads\/2023\/08\/3-FPM.jpg\" \/>\n\t<meta property=\"og:image:width\" content=\"600\" \/>\n\t<meta property=\"og:image:height\" content=\"600\" \/>\n\t<meta property=\"og:image:type\" content=\"image\/jpeg\" \/>\n<meta name=\"twitter:card\" content=\"summary_large_image\" \/>\n<meta name=\"twitter:label1\" content=\"Dur\u00e9e de lecture estim\u00e9e\" \/>\n\t<meta name=\"twitter:data1\" content=\"2 minutes\" \/>\n<script type=\"application\/ld+json\" class=\"yoast-schema-graph\">{\"@context\":\"https:\/\/schema.org\",\"@graph\":[{\"@type\":\"WebPage\",\"@id\":\"https:\/\/rckopen.com\/product\/3-fpm\/\",\"url\":\"https:\/\/rckopen.com\/product\/3-fpm\/\",\"name\":\"3-FPM online kopen - 3-FPM te koop | RC Kopen\",\"isPartOf\":{\"@id\":\"https:\/\/rckopen.com\/#website\"},\"primaryImageOfPage\":{\"@id\":\"https:\/\/rckopen.com\/product\/3-fpm\/#primaryimage\"},\"image\":{\"@id\":\"https:\/\/rckopen.com\/product\/3-fpm\/#primaryimage\"},\"thumbnailUrl\":\"https:\/\/rckopen.com\/wp-content\/uploads\/2023\/08\/3-FPM.jpg\",\"datePublished\":\"2023-08-17T07:51:48+00:00\",\"dateModified\":\"2025-02-01T07:35:18+00:00\",\"description\":\"Onze RCKopen winkel heeft de topkwaliteit 3-FPM te koop. U kunt nooit om de kwaliteit van onze producten heen. Als u dat nodig heeft, kunt u 3-FPM meteen online kopen. Bestel nu!\",\"breadcrumb\":{\"@id\":\"https:\/\/rckopen.com\/product\/3-fpm\/#breadcrumb\"},\"inLanguage\":\"fr-FR\",\"potentialAction\":[{\"@type\":\"ReadAction\",\"target\":[\"https:\/\/rckopen.com\/product\/3-fpm\/\"]}]},{\"@type\":\"ImageObject\",\"inLanguage\":\"fr-FR\",\"@id\":\"https:\/\/rckopen.com\/product\/3-fpm\/#primaryimage\",\"url\":\"https:\/\/rckopen.com\/wp-content\/uploads\/2023\/08\/3-FPM.jpg\",\"contentUrl\":\"https:\/\/rckopen.com\/wp-content\/uploads\/2023\/08\/3-FPM.jpg\",\"width\":600,\"height\":600,\"caption\":\"3-FPM Online Kopen\"},{\"@type\":\"BreadcrumbList\",\"@id\":\"https:\/\/rckopen.com\/product\/3-fpm\/#breadcrumb\",\"itemListElement\":[{\"@type\":\"ListItem\",\"position\":1,\"name\":\"Home\",\"item\":\"https:\/\/rckopen.com\/\"},{\"@type\":\"ListItem\",\"position\":2,\"name\":\"Shop\",\"item\":\"https:\/\/rckopen.com\/shop\/\"},{\"@type\":\"ListItem\",\"position\":3,\"name\":\"3-FPM Online Kopen\"}]},{\"@type\":\"WebSite\",\"@id\":\"https:\/\/rckopen.com\/#website\",\"url\":\"https:\/\/rckopen.com\/\",\"name\":\"RC Kopen\",\"description\":\"Research Chemicals\",\"potentialAction\":[{\"@type\":\"SearchAction\",\"target\":{\"@type\":\"EntryPoint\",\"urlTemplate\":\"https:\/\/rckopen.com\/?s={search_term_string}\"},\"query-input\":{\"@type\":\"PropertyValueSpecification\",\"valueRequired\":true,\"valueName\":\"search_term_string\"}}],\"inLanguage\":\"fr-FR\"}]}<\/script>\n<!-- \/ Yoast SEO plugin. -->","yoast_head_json":{"title":"3-FPM online kopen - 3-FPM te koop | RC Kopen","description":"Onze RCKopen winkel heeft de topkwaliteit 3-FPM te koop. U kunt nooit om de kwaliteit van onze producten heen. Als u dat nodig heeft, kunt u 3-FPM meteen online kopen. Bestel nu!","robots":{"index":"index","follow":"follow","max-snippet":"max-snippet:-1","max-image-preview":"max-image-preview:large","max-video-preview":"max-video-preview:-1"},"canonical":"https:\/\/rckopen.com\/fr\/produit\/3-fpm\/","og_locale":"fr_FR","og_type":"article","og_title":"3-FPM online kopen - 3-FPM te koop | RC Kopen","og_description":"Onze RCKopen winkel heeft de topkwaliteit 3-FPM te koop. U kunt nooit om de kwaliteit van onze producten heen. Als u dat nodig heeft, kunt u 3-FPM meteen online kopen. Bestel nu!","og_url":"https:\/\/rckopen.com\/fr\/produit\/3-fpm\/","og_site_name":"RC Kopen","article_modified_time":"2025-02-01T07:35:18+00:00","og_image":[{"width":600,"height":600,"url":"https:\/\/rckopen.com\/wp-content\/uploads\/2023\/08\/3-FPM.jpg","type":"image\/jpeg"}],"twitter_card":"summary_large_image","twitter_misc":{"Dur\u00e9e de lecture estim\u00e9e":"2 minutes"},"schema":{"@context":"https:\/\/schema.org","@graph":[{"@type":"WebPage","@id":"https:\/\/rckopen.com\/product\/3-fpm\/","url":"https:\/\/rckopen.com\/product\/3-fpm\/","name":"3-FPM online kopen - 3-FPM te koop | RC Kopen","isPartOf":{"@id":"https:\/\/rckopen.com\/#website"},"primaryImageOfPage":{"@id":"https:\/\/rckopen.com\/product\/3-fpm\/#primaryimage"},"image":{"@id":"https:\/\/rckopen.com\/product\/3-fpm\/#primaryimage"},"thumbnailUrl":"https:\/\/rckopen.com\/wp-content\/uploads\/2023\/08\/3-FPM.jpg","datePublished":"2023-08-17T07:51:48+00:00","dateModified":"2025-02-01T07:35:18+00:00","description":"Onze RCKopen winkel heeft de topkwaliteit 3-FPM te koop. U kunt nooit om de kwaliteit van onze producten heen. Als u dat nodig heeft, kunt u 3-FPM meteen online kopen. Bestel nu!","breadcrumb":{"@id":"https:\/\/rckopen.com\/product\/3-fpm\/#breadcrumb"},"inLanguage":"fr-FR","potentialAction":[{"@type":"ReadAction","target":["https:\/\/rckopen.com\/product\/3-fpm\/"]}]},{"@type":"ImageObject","inLanguage":"fr-FR","@id":"https:\/\/rckopen.com\/product\/3-fpm\/#primaryimage","url":"https:\/\/rckopen.com\/wp-content\/uploads\/2023\/08\/3-FPM.jpg","contentUrl":"https:\/\/rckopen.com\/wp-content\/uploads\/2023\/08\/3-FPM.jpg","width":600,"height":600,"caption":"3-FPM Online Kopen"},{"@type":"BreadcrumbList","@id":"https:\/\/rckopen.com\/product\/3-fpm\/#breadcrumb","itemListElement":[{"@type":"ListItem","position":1,"name":"Home","item":"https:\/\/rckopen.com\/"},{"@type":"ListItem","position":2,"name":"Shop","item":"https:\/\/rckopen.com\/shop\/"},{"@type":"ListItem","position":3,"name":"3-FPM Online Kopen"}]},{"@type":"WebSite","@id":"https:\/\/rckopen.com\/#website","url":"https:\/\/rckopen.com\/","name":"RC Kopen","description":"Research Chemicals","potentialAction":[{"@type":"SearchAction","target":{"@type":"EntryPoint","urlTemplate":"https:\/\/rckopen.com\/?s={search_term_string}"},"query-input":{"@type":"PropertyValueSpecification","valueRequired":true,"valueName":"search_term_string"}}],"inLanguage":"fr-FR"}]}},"_links":{"self":[{"href":"https:\/\/rckopen.com\/fr\/wp-json\/wp\/v2\/product\/6662","targetHints":{"allow":["GET"]}}],"collection":[{"href":"https:\/\/rckopen.com\/fr\/wp-json\/wp\/v2\/product"}],"about":[{"href":"https:\/\/rckopen.com\/fr\/wp-json\/wp\/v2\/types\/product"}],"replies":[{"embeddable":true,"href":"https:\/\/rckopen.com\/fr\/wp-json\/wp\/v2\/comments?post=6662"}],"wp:featuredmedia":[{"embeddable":true,"href":"https:\/\/rckopen.com\/fr\/wp-json\/wp\/v2\/media\/6687"}],"wp:attachment":[{"href":"https:\/\/rckopen.com\/fr\/wp-json\/wp\/v2\/media?parent=6662"}],"wp:term":[{"taxonomy":"product_brand","embeddable":true,"href":"https:\/\/rckopen.com\/fr\/wp-json\/wp\/v2\/product_brand?post=6662"},{"taxonomy":"product_cat","embeddable":true,"href":"https:\/\/rckopen.com\/fr\/wp-json\/wp\/v2\/product_cat?post=6662"},{"taxonomy":"product_tag","embeddable":true,"href":"https:\/\/rckopen.com\/fr\/wp-json\/wp\/v2\/product_tag?post=6662"}],"curies":[{"name":"wp","href":"https:\/\/api.w.org\/{rel}","templated":true}]}}